{"id":6492,"date":"2025-07-17T17:43:20","date_gmt":"2025-07-17T15:43:20","guid":{"rendered":"https:\/\/www.francmobiliari.com\/producto\/cadira-direccional-directa\/"},"modified":"2025-08-05T00:30:56","modified_gmt":"2025-08-04T22:30:56","slug":"silla-direccional-directa","status":"publish","type":"product","link":"https:\/\/www.francmobiliari.com\/es\/producto\/silla-direccional-directa\/","title":{"rendered":"Silla Direccional DIRECTA"},"content":{"rendered":false,"protected":false},"excerpt":{"rendered":"<div class=\"page\" title=\"Page 8\">\n<div class=\"layoutArea\">\n<div class=\"column\">\n<p>Respaldo alto, carcasa de haya, asiento y respaldo de poliuretano. Mecanismo s\u00edncrono \u201cauto-pesado\u201d, brazos cromados tapizados. Base de aluminio pulido con ruedas de 65 mm. (cromo\/negros con auto freno).<\/p>\n<ul>\n<li><a style=\"color: var(--wd-text-color);\" href=\"https:\/\/www.francmobiliari.com\/wp-content\/uploads\/2022\/11\/FITXA-TECNICA-CADIRA-DIRECCIONAL-DIRECTA.pdf\" target=\"_blank\" rel=\"noopener\">FICHA T\u00c9CNICA SILLA DIRECCIONAL DIRECTA<\/a><\/li>\n<\/ul>\n<\/div>\n<\/div>\n<\/div>\n<p>Respaldo alto con estructura de madera de haya multicapa y espuma de poliuretano seccionada a partir de un bloque, de 50 mm de secci\u00f3n y 50 kg\/m3.<\/p>\n<p>Mecanismo sincronizado autorregulante con 4 puntos de bloqueo de posici\u00f3n y dispositivo antishock.<\/p>\n<p>Base met\u00e1lica de aluminio con pist\u00f3n de gas por la elevaci\u00f3n del asiento. Acabado en aluminio pulido y ruedas de 65 mm negras standard, engomadas o ring.<\/p>\n<p>Brazos fijos de acero cromado con apoya brazos tapizado.<\/p>\n<p>Opcional parte trasera vista del respaldo en madera contrachapada de Noguera Americana, Ebano o Olm Gris.<\/p>\n","protected":false},"featured_media":2889,"template":"","meta":{"_acf_changed":false,"inline_featured_image":false,"_genesis_hide_title":false,"_genesis_hide_breadcrumbs":false,"_genesis_hide_singular_image":false,"_genesis_hide_footer_widgets":false,"_genesis_custom_body_class":"","_genesis_custom_post_class":"","_genesis_layout":"","_links_to":"","_links_to_target":""},"product_brand":[],"product_cat":[95],"product_tag":[],"class_list":{"0":"post-6492","1":"product","2":"type-product","3":"status-publish","4":"has-post-thumbnail","6":"product_cat-sillas-butacas-de-direccion","7":"entry","9":"first","10":"instock","11":"shipping-taxable","12":"product-type-simple"},"acf":[],"yoast_head":"<!-- This site is optimized with the Yoast SEO plugin v26.2 - https:\/\/yoast.com\/wordpress\/plugins\/seo\/ -->\n<title>Silla Direccional DIRECTA - francmobiliari.com<\/title>\n<meta name=\"robots\" content=\"index, follow, max-snippet:-1, max-image-preview:large, max-video-preview:-1\" \/>\n<link rel=\"canonical\" href=\"https:\/\/www.francmobiliari.com\/es\/producto\/silla-direccional-directa\/\" \/>\n<meta property=\"og:locale\" content=\"es_ES\" \/>\n<meta property=\"og:type\" content=\"article\" \/>\n<meta property=\"og:title\" content=\"Silla Direccional DIRECTA - francmobiliari.com\" \/>\n<meta property=\"og:description\" content=\"Respaldo alto, carcasa de haya, asiento y respaldo de poliuretano. Mecanismo s\u00edncrono \u201cauto-pesado\u201d, brazos cromados tapizados. Base de aluminio pulido con ruedas de 65 mm. (cromo\/negros con auto freno).   FICHA T\u00c9CNICA SILLA DIRECCIONAL DIRECTA     Respaldo alto con estructura de madera de haya multicapa y espuma de poliuretano seccionada a partir de un bloque, de 50 mm de secci\u00f3n y 50 kg\/m3.  Mecanismo sincronizado autorregulante con 4 puntos de bloqueo de posici\u00f3n y dispositivo antishock.  Base met\u00e1lica de aluminio con pist\u00f3n de gas por la elevaci\u00f3n del asiento. Acabado en aluminio pulido y ruedas de 65 mm negras standard, engomadas o ring.  Brazos fijos de acero cromado con apoya brazos tapizado.  Opcional parte trasera vista del respaldo en madera contrachapada de Noguera Americana, Ebano o Olm Gris.\" \/>\n<meta property=\"og:url\" content=\"https:\/\/www.francmobiliari.com\/es\/producto\/silla-direccional-directa\/\" \/>\n<meta property=\"og:site_name\" content=\"francmobiliari.com\" \/>\n<meta property=\"article:modified_time\" content=\"2025-08-04T22:30:56+00:00\" \/>\n<meta property=\"og:image\" content=\"https:\/\/www.francmobiliari.com\/wp-content\/uploads\/2025\/07\/MINIATURA-CADIRA-DIRECCIONAL-DIRECTA.jpg\" \/>\n\t<meta property=\"og:image:width\" content=\"1535\" \/>\n\t<meta property=\"og:image:height\" content=\"2362\" \/>\n\t<meta property=\"og:image:type\" content=\"image\/jpeg\" \/>\n<meta name=\"twitter:card\" content=\"summary_large_image\" \/>\n<script type=\"application\/ld+json\" class=\"yoast-schema-graph\">{\"@context\":\"https:\/\/schema.org\",\"@graph\":[{\"@type\":\"WebPage\",\"@id\":\"https:\/\/www.francmobiliari.com\/es\/producto\/silla-direccional-directa\/\",\"url\":\"https:\/\/www.francmobiliari.com\/es\/producto\/silla-direccional-directa\/\",\"name\":\"Silla Direccional DIRECTA - francmobiliari.com\",\"isPartOf\":{\"@id\":\"https:\/\/www.francmobiliari.com\/#website\"},\"primaryImageOfPage\":{\"@id\":\"https:\/\/www.francmobiliari.com\/es\/producto\/silla-direccional-directa\/#primaryimage\"},\"image\":{\"@id\":\"https:\/\/www.francmobiliari.com\/es\/producto\/silla-direccional-directa\/#primaryimage\"},\"thumbnailUrl\":\"https:\/\/www.francmobiliari.com\/wp-content\/uploads\/2025\/07\/MINIATURA-CADIRA-DIRECCIONAL-DIRECTA.jpg\",\"datePublished\":\"2025-07-17T15:43:20+00:00\",\"dateModified\":\"2025-08-04T22:30:56+00:00\",\"breadcrumb\":{\"@id\":\"https:\/\/www.francmobiliari.com\/es\/producto\/silla-direccional-directa\/#breadcrumb\"},\"inLanguage\":\"es\",\"potentialAction\":[{\"@type\":\"ReadAction\",\"target\":[\"https:\/\/www.francmobiliari.com\/es\/producto\/silla-direccional-directa\/\"]}]},{\"@type\":\"ImageObject\",\"inLanguage\":\"es\",\"@id\":\"https:\/\/www.francmobiliari.com\/es\/producto\/silla-direccional-directa\/#primaryimage\",\"url\":\"https:\/\/www.francmobiliari.com\/wp-content\/uploads\/2025\/07\/MINIATURA-CADIRA-DIRECCIONAL-DIRECTA.jpg\",\"contentUrl\":\"https:\/\/www.francmobiliari.com\/wp-content\/uploads\/2025\/07\/MINIATURA-CADIRA-DIRECCIONAL-DIRECTA.jpg\",\"width\":1535,\"height\":2362},{\"@type\":\"BreadcrumbList\",\"@id\":\"https:\/\/www.francmobiliari.com\/es\/producto\/silla-direccional-directa\/#breadcrumb\",\"itemListElement\":[{\"@type\":\"ListItem\",\"position\":1,\"name\":\"Portada\",\"item\":\"https:\/\/www.francmobiliari.com\/es\/inicio\/\"},{\"@type\":\"ListItem\",\"position\":2,\"name\":\"Tienda\",\"item\":\"https:\/\/www.francmobiliari.com\/es\/tienda\/\"},{\"@type\":\"ListItem\",\"position\":3,\"name\":\"Silla Direccional DIRECTA\"}]},{\"@type\":\"WebSite\",\"@id\":\"https:\/\/www.francmobiliari.com\/#website\",\"url\":\"https:\/\/www.francmobiliari.com\/\",\"name\":\"francmobiliari.com\",\"description\":\"\",\"publisher\":{\"@id\":\"https:\/\/www.francmobiliari.com\/#organization\"},\"potentialAction\":[{\"@type\":\"SearchAction\",\"target\":{\"@type\":\"EntryPoint\",\"urlTemplate\":\"https:\/\/www.francmobiliari.com\/?s={search_term_string}\"},\"query-input\":{\"@type\":\"PropertyValueSpecification\",\"valueRequired\":true,\"valueName\":\"search_term_string\"}}],\"inLanguage\":\"es\"},{\"@type\":\"Organization\",\"@id\":\"https:\/\/www.francmobiliari.com\/#organization\",\"name\":\"francmobiliari.com\",\"url\":\"https:\/\/www.francmobiliari.com\/\",\"logo\":{\"@type\":\"ImageObject\",\"inLanguage\":\"es\",\"@id\":\"https:\/\/www.francmobiliari.com\/#\/schema\/logo\/image\/\",\"url\":\"https:\/\/www.francmobiliari.com\/wp-content\/uploads\/2025\/07\/img-placeholder.png\",\"contentUrl\":\"https:\/\/www.francmobiliari.com\/wp-content\/uploads\/2025\/07\/img-placeholder.png\",\"width\":1500,\"height\":1500,\"caption\":\"francmobiliari.com\"},\"image\":{\"@id\":\"https:\/\/www.francmobiliari.com\/#\/schema\/logo\/image\/\"}}]}<\/script>\n<!-- \/ Yoast SEO plugin. -->","yoast_head_json":{"title":"Silla Direccional DIRECTA - francmobiliari.com","robots":{"index":"index","follow":"follow","max-snippet":"max-snippet:-1","max-image-preview":"max-image-preview:large","max-video-preview":"max-video-preview:-1"},"canonical":"https:\/\/www.francmobiliari.com\/es\/producto\/silla-direccional-directa\/","og_locale":"es_ES","og_type":"article","og_title":"Silla Direccional DIRECTA - francmobiliari.com","og_description":"Respaldo alto, carcasa de haya, asiento y respaldo de poliuretano. Mecanismo s\u00edncrono \u201cauto-pesado\u201d, brazos cromados tapizados. Base de aluminio pulido con ruedas de 65 mm. (cromo\/negros con auto freno).   FICHA T\u00c9CNICA SILLA DIRECCIONAL DIRECTA     Respaldo alto con estructura de madera de haya multicapa y espuma de poliuretano seccionada a partir de un bloque, de 50 mm de secci\u00f3n y 50 kg\/m3.  Mecanismo sincronizado autorregulante con 4 puntos de bloqueo de posici\u00f3n y dispositivo antishock.  Base met\u00e1lica de aluminio con pist\u00f3n de gas por la elevaci\u00f3n del asiento. Acabado en aluminio pulido y ruedas de 65 mm negras standard, engomadas o ring.  Brazos fijos de acero cromado con apoya brazos tapizado.  Opcional parte trasera vista del respaldo en madera contrachapada de Noguera Americana, Ebano o Olm Gris.","og_url":"https:\/\/www.francmobiliari.com\/es\/producto\/silla-direccional-directa\/","og_site_name":"francmobiliari.com","article_modified_time":"2025-08-04T22:30:56+00:00","og_image":[{"width":1535,"height":2362,"url":"https:\/\/www.francmobiliari.com\/wp-content\/uploads\/2025\/07\/MINIATURA-CADIRA-DIRECCIONAL-DIRECTA.jpg","type":"image\/jpeg"}],"twitter_card":"summary_large_image","schema":{"@context":"https:\/\/schema.org","@graph":[{"@type":"WebPage","@id":"https:\/\/www.francmobiliari.com\/es\/producto\/silla-direccional-directa\/","url":"https:\/\/www.francmobiliari.com\/es\/producto\/silla-direccional-directa\/","name":"Silla Direccional DIRECTA - francmobiliari.com","isPartOf":{"@id":"https:\/\/www.francmobiliari.com\/#website"},"primaryImageOfPage":{"@id":"https:\/\/www.francmobiliari.com\/es\/producto\/silla-direccional-directa\/#primaryimage"},"image":{"@id":"https:\/\/www.francmobiliari.com\/es\/producto\/silla-direccional-directa\/#primaryimage"},"thumbnailUrl":"https:\/\/www.francmobiliari.com\/wp-content\/uploads\/2025\/07\/MINIATURA-CADIRA-DIRECCIONAL-DIRECTA.jpg","datePublished":"2025-07-17T15:43:20+00:00","dateModified":"2025-08-04T22:30:56+00:00","breadcrumb":{"@id":"https:\/\/www.francmobiliari.com\/es\/producto\/silla-direccional-directa\/#breadcrumb"},"inLanguage":"es","potentialAction":[{"@type":"ReadAction","target":["https:\/\/www.francmobiliari.com\/es\/producto\/silla-direccional-directa\/"]}]},{"@type":"ImageObject","inLanguage":"es","@id":"https:\/\/www.francmobiliari.com\/es\/producto\/silla-direccional-directa\/#primaryimage","url":"https:\/\/www.francmobiliari.com\/wp-content\/uploads\/2025\/07\/MINIATURA-CADIRA-DIRECCIONAL-DIRECTA.jpg","contentUrl":"https:\/\/www.francmobiliari.com\/wp-content\/uploads\/2025\/07\/MINIATURA-CADIRA-DIRECCIONAL-DIRECTA.jpg","width":1535,"height":2362},{"@type":"BreadcrumbList","@id":"https:\/\/www.francmobiliari.com\/es\/producto\/silla-direccional-directa\/#breadcrumb","itemListElement":[{"@type":"ListItem","position":1,"name":"Portada","item":"https:\/\/www.francmobiliari.com\/es\/inicio\/"},{"@type":"ListItem","position":2,"name":"Tienda","item":"https:\/\/www.francmobiliari.com\/es\/tienda\/"},{"@type":"ListItem","position":3,"name":"Silla Direccional DIRECTA"}]},{"@type":"WebSite","@id":"https:\/\/www.francmobiliari.com\/#website","url":"https:\/\/www.francmobiliari.com\/","name":"francmobiliari.com","description":"","publisher":{"@id":"https:\/\/www.francmobiliari.com\/#organization"},"potentialAction":[{"@type":"SearchAction","target":{"@type":"EntryPoint","urlTemplate":"https:\/\/www.francmobiliari.com\/?s={search_term_string}"},"query-input":{"@type":"PropertyValueSpecification","valueRequired":true,"valueName":"search_term_string"}}],"inLanguage":"es"},{"@type":"Organization","@id":"https:\/\/www.francmobiliari.com\/#organization","name":"francmobiliari.com","url":"https:\/\/www.francmobiliari.com\/","logo":{"@type":"ImageObject","inLanguage":"es","@id":"https:\/\/www.francmobiliari.com\/#\/schema\/logo\/image\/","url":"https:\/\/www.francmobiliari.com\/wp-content\/uploads\/2025\/07\/img-placeholder.png","contentUrl":"https:\/\/www.francmobiliari.com\/wp-content\/uploads\/2025\/07\/img-placeholder.png","width":1500,"height":1500,"caption":"francmobiliari.com"},"image":{"@id":"https:\/\/www.francmobiliari.com\/#\/schema\/logo\/image\/"}}]}},"_links":{"self":[{"href":"https:\/\/www.francmobiliari.com\/es\/wp-json\/wp\/v2\/product\/6492","targetHints":{"allow":["GET"]}}],"collection":[{"href":"https:\/\/www.francmobiliari.com\/es\/wp-json\/wp\/v2\/product"}],"about":[{"href":"https:\/\/www.francmobiliari.com\/es\/wp-json\/wp\/v2\/types\/product"}],"wp:featuredmedia":[{"embeddable":true,"href":"https:\/\/www.francmobiliari.com\/es\/wp-json\/wp\/v2\/media\/2889"}],"wp:attachment":[{"href":"https:\/\/www.francmobiliari.com\/es\/wp-json\/wp\/v2\/media?parent=6492"}],"wp:term":[{"taxonomy":"product_brand","embeddable":true,"href":"https:\/\/www.francmobiliari.com\/es\/wp-json\/wp\/v2\/product_brand?post=6492"},{"taxonomy":"product_cat","embeddable":true,"href":"https:\/\/www.francmobiliari.com\/es\/wp-json\/wp\/v2\/product_cat?post=6492"},{"taxonomy":"product_tag","embeddable":true,"href":"https:\/\/www.francmobiliari.com\/es\/wp-json\/wp\/v2\/product_tag?post=6492"}],"curies":[{"name":"wp","href":"https:\/\/api.w.org\/{rel}","templated":true}]}}