{"id":6483,"date":"2025-07-17T17:43:20","date_gmt":"2025-07-17T15:43:20","guid":{"rendered":"https:\/\/www.francmobiliari.com\/producto\/cadira-direccional-eden\/"},"modified":"2025-08-05T00:03:26","modified_gmt":"2025-08-04T22:03:26","slug":"silla-direccional-eden","status":"publish","type":"product","link":"https:\/\/www.francmobiliari.com\/es\/producto\/silla-direccional-eden\/","title":{"rendered":"Silla Direccional EDEN"},"content":{"rendered":false,"protected":false},"excerpt":{"rendered":"<div class=\"page\" title=\"Page 8\">\n<div class=\"layoutArea\">\n<div class=\"column\">\n<p>Con 3 alturas de respaldo (con cabezal, alto o medio). Mecanismo s\u00edncrono con traslaci\u00f3n. Brazos fijos con apoya brazos en negro o madera de roble. Opcional brazos regulables 4d. Metal de base y brazos en cromado, negro o blanco.<\/p>\n<ul>\n<li><a style=\"color: var(--wd-text-color);\" href=\"https:\/\/www.francmobiliari.com\/wp-content\/uploads\/2022\/11\/CATALEG-CADIRA-DIRECCIONAL-EDEN.pdf\" target=\"_blank\" rel=\"noopener\">CAT\u00c1LOGO SILLA DIRECCIONAL EDEN<\/a><\/li>\n<li><a style=\"color: var(--wd-text-color);\" href=\"https:\/\/www.francmobiliari.com\/wp-content\/uploads\/2022\/11\/INSTRUCCIONS-CADIRA-DIRECCIONAL-EDEN.pdf\" target=\"_blank\" rel=\"noopener\">INSTRUCCIONES SILLA DIRECCIONAL EDEN<\/a><\/li>\n<\/ul>\n<\/div>\n<\/div>\n<\/div>\n<p>Respaldo tapizado en tres alturas ( con cabezal, alto o medio). Asiento y respaldo fabricados con espuma moldeada de alta densidad.<\/p>\n<p>Mecanismo Sincro Plus de 5 posiciones con apertura de 22\u00ba y sistema antiretorno de seguridad. Tensi\u00f3n de la inclinaci\u00f3n regulable. Traslaci\u00f3n del asiento con un recorrido de 60 mm.<\/p>\n<p>Base met\u00e1lica con pist\u00f3n de gas sin grasa por la elevaci\u00f3n del asiento. Con tres opciones de acabado (negro, epoxi blanco o aluminio pulido). Ruedas de 65 mm en color negro para versiones negra y aluminio. Ruedas blancas para la versi\u00f3n blanca.<\/p>\n<p>Brazos fijos de serie, de aluminio pulido, epoxi blanco o epoxi negro con opci\u00f3n de recubrimiento de la parte superior en PU negro o madera de roble.<\/p>\n<p>Opcional brazos regulables 4D: en altura, profundidad, anchura y rotaci\u00f3n de 360\u00ba.<\/p>\n","protected":false},"featured_media":2859,"template":"","meta":{"_acf_changed":false,"inline_featured_image":false,"_genesis_hide_title":false,"_genesis_hide_breadcrumbs":false,"_genesis_hide_singular_image":false,"_genesis_hide_footer_widgets":false,"_genesis_custom_body_class":"","_genesis_custom_post_class":"","_genesis_layout":"","_links_to":"","_links_to_target":""},"product_brand":[],"product_cat":[95],"product_tag":[],"class_list":{"0":"post-6483","1":"product","2":"type-product","3":"status-publish","4":"has-post-thumbnail","6":"product_cat-sillas-butacas-de-direccion","7":"entry","9":"first","10":"instock","11":"shipping-taxable","12":"product-type-simple"},"acf":[],"yoast_head":"<!-- This site is optimized with the Yoast SEO plugin v26.2 - https:\/\/yoast.com\/wordpress\/plugins\/seo\/ -->\n<title>Silla Direccional EDEN - francmobiliari.com<\/title>\n<meta name=\"robots\" content=\"index, follow, max-snippet:-1, max-image-preview:large, max-video-preview:-1\" \/>\n<link rel=\"canonical\" href=\"https:\/\/www.francmobiliari.com\/es\/producto\/silla-direccional-eden\/\" \/>\n<meta property=\"og:locale\" content=\"es_ES\" \/>\n<meta property=\"og:type\" content=\"article\" \/>\n<meta property=\"og:title\" content=\"Silla Direccional EDEN - francmobiliari.com\" \/>\n<meta property=\"og:description\" content=\"Con 3 alturas de respaldo (con cabezal, alto o medio). Mecanismo s\u00edncrono con traslaci\u00f3n. Brazos fijos con apoya brazos en negro o madera de roble. Opcional brazos regulables 4d. Metal de base y brazos en cromado, negro o blanco.   CAT\u00c1LOGO SILLA DIRECCIONAL EDEN  INSTRUCCIONES SILLA DIRECCIONAL EDEN     Respaldo tapizado en tres alturas ( con cabezal, alto o medio). Asiento y respaldo fabricados con espuma moldeada de alta densidad.  Mecanismo Sincro Plus de 5 posiciones con apertura de 22\u00ba y sistema antiretorno de seguridad. Tensi\u00f3n de la inclinaci\u00f3n regulable. Traslaci\u00f3n del asiento con un recorrido de 60 mm.  Base met\u00e1lica con pist\u00f3n de gas sin grasa por la elevaci\u00f3n del asiento. Con tres opciones de acabado (negro, epoxi blanco o aluminio pulido). Ruedas de 65 mm en color negro para versiones negra y aluminio. Ruedas blancas para la versi\u00f3n blanca.  Brazos fijos de serie, de aluminio pulido, epoxi blanco o epoxi negro con opci\u00f3n de recubrimiento de la parte superior en PU negro o madera de roble.  Opcional brazos regulables 4D: en altura, profundidad, anchura y rotaci\u00f3n de 360\u00ba.\" \/>\n<meta property=\"og:url\" content=\"https:\/\/www.francmobiliari.com\/es\/producto\/silla-direccional-eden\/\" \/>\n<meta property=\"og:site_name\" content=\"francmobiliari.com\" \/>\n<meta property=\"article:modified_time\" content=\"2025-08-04T22:03:26+00:00\" \/>\n<meta property=\"og:image\" content=\"https:\/\/www.francmobiliari.com\/wp-content\/uploads\/2025\/07\/MINIATURA-CADIRA-DIRECCIONAL-EDEN.jpg\" \/>\n\t<meta property=\"og:image:width\" content=\"1500\" \/>\n\t<meta property=\"og:image:height\" content=\"1000\" \/>\n\t<meta property=\"og:image:type\" content=\"image\/jpeg\" \/>\n<meta name=\"twitter:card\" content=\"summary_large_image\" \/>\n<script type=\"application\/ld+json\" class=\"yoast-schema-graph\">{\"@context\":\"https:\/\/schema.org\",\"@graph\":[{\"@type\":\"WebPage\",\"@id\":\"https:\/\/www.francmobiliari.com\/es\/producto\/silla-direccional-eden\/\",\"url\":\"https:\/\/www.francmobiliari.com\/es\/producto\/silla-direccional-eden\/\",\"name\":\"Silla Direccional EDEN - francmobiliari.com\",\"isPartOf\":{\"@id\":\"https:\/\/www.francmobiliari.com\/#website\"},\"primaryImageOfPage\":{\"@id\":\"https:\/\/www.francmobiliari.com\/es\/producto\/silla-direccional-eden\/#primaryimage\"},\"image\":{\"@id\":\"https:\/\/www.francmobiliari.com\/es\/producto\/silla-direccional-eden\/#primaryimage\"},\"thumbnailUrl\":\"https:\/\/www.francmobiliari.com\/wp-content\/uploads\/2025\/07\/MINIATURA-CADIRA-DIRECCIONAL-EDEN.jpg\",\"datePublished\":\"2025-07-17T15:43:20+00:00\",\"dateModified\":\"2025-08-04T22:03:26+00:00\",\"breadcrumb\":{\"@id\":\"https:\/\/www.francmobiliari.com\/es\/producto\/silla-direccional-eden\/#breadcrumb\"},\"inLanguage\":\"es\",\"potentialAction\":[{\"@type\":\"ReadAction\",\"target\":[\"https:\/\/www.francmobiliari.com\/es\/producto\/silla-direccional-eden\/\"]}]},{\"@type\":\"ImageObject\",\"inLanguage\":\"es\",\"@id\":\"https:\/\/www.francmobiliari.com\/es\/producto\/silla-direccional-eden\/#primaryimage\",\"url\":\"https:\/\/www.francmobiliari.com\/wp-content\/uploads\/2025\/07\/MINIATURA-CADIRA-DIRECCIONAL-EDEN.jpg\",\"contentUrl\":\"https:\/\/www.francmobiliari.com\/wp-content\/uploads\/2025\/07\/MINIATURA-CADIRA-DIRECCIONAL-EDEN.jpg\",\"width\":1500,\"height\":1000},{\"@type\":\"BreadcrumbList\",\"@id\":\"https:\/\/www.francmobiliari.com\/es\/producto\/silla-direccional-eden\/#breadcrumb\",\"itemListElement\":[{\"@type\":\"ListItem\",\"position\":1,\"name\":\"Portada\",\"item\":\"https:\/\/www.francmobiliari.com\/es\/inicio\/\"},{\"@type\":\"ListItem\",\"position\":2,\"name\":\"Tienda\",\"item\":\"https:\/\/www.francmobiliari.com\/es\/tienda\/\"},{\"@type\":\"ListItem\",\"position\":3,\"name\":\"Silla Direccional EDEN\"}]},{\"@type\":\"WebSite\",\"@id\":\"https:\/\/www.francmobiliari.com\/#website\",\"url\":\"https:\/\/www.francmobiliari.com\/\",\"name\":\"francmobiliari.com\",\"description\":\"\",\"publisher\":{\"@id\":\"https:\/\/www.francmobiliari.com\/#organization\"},\"potentialAction\":[{\"@type\":\"SearchAction\",\"target\":{\"@type\":\"EntryPoint\",\"urlTemplate\":\"https:\/\/www.francmobiliari.com\/?s={search_term_string}\"},\"query-input\":{\"@type\":\"PropertyValueSpecification\",\"valueRequired\":true,\"valueName\":\"search_term_string\"}}],\"inLanguage\":\"es\"},{\"@type\":\"Organization\",\"@id\":\"https:\/\/www.francmobiliari.com\/#organization\",\"name\":\"francmobiliari.com\",\"url\":\"https:\/\/www.francmobiliari.com\/\",\"logo\":{\"@type\":\"ImageObject\",\"inLanguage\":\"es\",\"@id\":\"https:\/\/www.francmobiliari.com\/#\/schema\/logo\/image\/\",\"url\":\"https:\/\/www.francmobiliari.com\/wp-content\/uploads\/2025\/07\/img-placeholder.png\",\"contentUrl\":\"https:\/\/www.francmobiliari.com\/wp-content\/uploads\/2025\/07\/img-placeholder.png\",\"width\":1500,\"height\":1500,\"caption\":\"francmobiliari.com\"},\"image\":{\"@id\":\"https:\/\/www.francmobiliari.com\/#\/schema\/logo\/image\/\"}}]}<\/script>\n<!-- \/ Yoast SEO plugin. -->","yoast_head_json":{"title":"Silla Direccional EDEN - francmobiliari.com","robots":{"index":"index","follow":"follow","max-snippet":"max-snippet:-1","max-image-preview":"max-image-preview:large","max-video-preview":"max-video-preview:-1"},"canonical":"https:\/\/www.francmobiliari.com\/es\/producto\/silla-direccional-eden\/","og_locale":"es_ES","og_type":"article","og_title":"Silla Direccional EDEN - francmobiliari.com","og_description":"Con 3 alturas de respaldo (con cabezal, alto o medio). Mecanismo s\u00edncrono con traslaci\u00f3n. Brazos fijos con apoya brazos en negro o madera de roble. Opcional brazos regulables 4d. Metal de base y brazos en cromado, negro o blanco.   CAT\u00c1LOGO SILLA DIRECCIONAL EDEN  INSTRUCCIONES SILLA DIRECCIONAL EDEN     Respaldo tapizado en tres alturas ( con cabezal, alto o medio). Asiento y respaldo fabricados con espuma moldeada de alta densidad.  Mecanismo Sincro Plus de 5 posiciones con apertura de 22\u00ba y sistema antiretorno de seguridad. Tensi\u00f3n de la inclinaci\u00f3n regulable. Traslaci\u00f3n del asiento con un recorrido de 60 mm.  Base met\u00e1lica con pist\u00f3n de gas sin grasa por la elevaci\u00f3n del asiento. Con tres opciones de acabado (negro, epoxi blanco o aluminio pulido). Ruedas de 65 mm en color negro para versiones negra y aluminio. Ruedas blancas para la versi\u00f3n blanca.  Brazos fijos de serie, de aluminio pulido, epoxi blanco o epoxi negro con opci\u00f3n de recubrimiento de la parte superior en PU negro o madera de roble.  Opcional brazos regulables 4D: en altura, profundidad, anchura y rotaci\u00f3n de 360\u00ba.","og_url":"https:\/\/www.francmobiliari.com\/es\/producto\/silla-direccional-eden\/","og_site_name":"francmobiliari.com","article_modified_time":"2025-08-04T22:03:26+00:00","og_image":[{"width":1500,"height":1000,"url":"https:\/\/www.francmobiliari.com\/wp-content\/uploads\/2025\/07\/MINIATURA-CADIRA-DIRECCIONAL-EDEN.jpg","type":"image\/jpeg"}],"twitter_card":"summary_large_image","schema":{"@context":"https:\/\/schema.org","@graph":[{"@type":"WebPage","@id":"https:\/\/www.francmobiliari.com\/es\/producto\/silla-direccional-eden\/","url":"https:\/\/www.francmobiliari.com\/es\/producto\/silla-direccional-eden\/","name":"Silla Direccional EDEN - francmobiliari.com","isPartOf":{"@id":"https:\/\/www.francmobiliari.com\/#website"},"primaryImageOfPage":{"@id":"https:\/\/www.francmobiliari.com\/es\/producto\/silla-direccional-eden\/#primaryimage"},"image":{"@id":"https:\/\/www.francmobiliari.com\/es\/producto\/silla-direccional-eden\/#primaryimage"},"thumbnailUrl":"https:\/\/www.francmobiliari.com\/wp-content\/uploads\/2025\/07\/MINIATURA-CADIRA-DIRECCIONAL-EDEN.jpg","datePublished":"2025-07-17T15:43:20+00:00","dateModified":"2025-08-04T22:03:26+00:00","breadcrumb":{"@id":"https:\/\/www.francmobiliari.com\/es\/producto\/silla-direccional-eden\/#breadcrumb"},"inLanguage":"es","potentialAction":[{"@type":"ReadAction","target":["https:\/\/www.francmobiliari.com\/es\/producto\/silla-direccional-eden\/"]}]},{"@type":"ImageObject","inLanguage":"es","@id":"https:\/\/www.francmobiliari.com\/es\/producto\/silla-direccional-eden\/#primaryimage","url":"https:\/\/www.francmobiliari.com\/wp-content\/uploads\/2025\/07\/MINIATURA-CADIRA-DIRECCIONAL-EDEN.jpg","contentUrl":"https:\/\/www.francmobiliari.com\/wp-content\/uploads\/2025\/07\/MINIATURA-CADIRA-DIRECCIONAL-EDEN.jpg","width":1500,"height":1000},{"@type":"BreadcrumbList","@id":"https:\/\/www.francmobiliari.com\/es\/producto\/silla-direccional-eden\/#breadcrumb","itemListElement":[{"@type":"ListItem","position":1,"name":"Portada","item":"https:\/\/www.francmobiliari.com\/es\/inicio\/"},{"@type":"ListItem","position":2,"name":"Tienda","item":"https:\/\/www.francmobiliari.com\/es\/tienda\/"},{"@type":"ListItem","position":3,"name":"Silla Direccional EDEN"}]},{"@type":"WebSite","@id":"https:\/\/www.francmobiliari.com\/#website","url":"https:\/\/www.francmobiliari.com\/","name":"francmobiliari.com","description":"","publisher":{"@id":"https:\/\/www.francmobiliari.com\/#organization"},"potentialAction":[{"@type":"SearchAction","target":{"@type":"EntryPoint","urlTemplate":"https:\/\/www.francmobiliari.com\/?s={search_term_string}"},"query-input":{"@type":"PropertyValueSpecification","valueRequired":true,"valueName":"search_term_string"}}],"inLanguage":"es"},{"@type":"Organization","@id":"https:\/\/www.francmobiliari.com\/#organization","name":"francmobiliari.com","url":"https:\/\/www.francmobiliari.com\/","logo":{"@type":"ImageObject","inLanguage":"es","@id":"https:\/\/www.francmobiliari.com\/#\/schema\/logo\/image\/","url":"https:\/\/www.francmobiliari.com\/wp-content\/uploads\/2025\/07\/img-placeholder.png","contentUrl":"https:\/\/www.francmobiliari.com\/wp-content\/uploads\/2025\/07\/img-placeholder.png","width":1500,"height":1500,"caption":"francmobiliari.com"},"image":{"@id":"https:\/\/www.francmobiliari.com\/#\/schema\/logo\/image\/"}}]}},"_links":{"self":[{"href":"https:\/\/www.francmobiliari.com\/es\/wp-json\/wp\/v2\/product\/6483","targetHints":{"allow":["GET"]}}],"collection":[{"href":"https:\/\/www.francmobiliari.com\/es\/wp-json\/wp\/v2\/product"}],"about":[{"href":"https:\/\/www.francmobiliari.com\/es\/wp-json\/wp\/v2\/types\/product"}],"wp:featuredmedia":[{"embeddable":true,"href":"https:\/\/www.francmobiliari.com\/es\/wp-json\/wp\/v2\/media\/2859"}],"wp:attachment":[{"href":"https:\/\/www.francmobiliari.com\/es\/wp-json\/wp\/v2\/media?parent=6483"}],"wp:term":[{"taxonomy":"product_brand","embeddable":true,"href":"https:\/\/www.francmobiliari.com\/es\/wp-json\/wp\/v2\/product_brand?post=6483"},{"taxonomy":"product_cat","embeddable":true,"href":"https:\/\/www.francmobiliari.com\/es\/wp-json\/wp\/v2\/product_cat?post=6483"},{"taxonomy":"product_tag","embeddable":true,"href":"https:\/\/www.francmobiliari.com\/es\/wp-json\/wp\/v2\/product_tag?post=6483"}],"curies":[{"name":"wp","href":"https:\/\/api.w.org\/{rel}","templated":true}]}}