{"id":6479,"date":"2025-07-17T17:43:42","date_gmt":"2025-07-17T15:43:42","guid":{"rendered":"https:\/\/www.francmobiliari.com\/producto\/cadira-direccional-foster\/"},"modified":"2025-08-04T23:45:35","modified_gmt":"2025-08-04T21:45:35","slug":"silla-direccional-foster","status":"publish","type":"product","link":"https:\/\/www.francmobiliari.com\/es\/producto\/silla-direccional-foster\/","title":{"rendered":"Silla Direccional FOSTER"},"content":{"rendered":false,"protected":false},"excerpt":{"rendered":"<div class=\"page\" title=\"Page 8\">\n<div class=\"layoutArea\">\n<div class=\"column\">\n<p>Respaldo alto, mecanismo s\u00edncrono, brazos regulables, base de aluminio pulido, tapizado en piel de color negra.<\/p>\n<ul>\n<li><a style=\"color: var(--wd-text-color);\" href=\"https:\/\/www.francmobiliari.com\/wp-content\/uploads\/2022\/11\/CATALEG-CADIRA-DIRECCIONAL-FOSTER.pdf\" target=\"_blank\" rel=\"noopener\">CAT\u00c1LOGO SILLA DIRECCIONAL FOSTER<\/a><\/li>\n<li><a style=\"color: var(--wd-text-color);\" href=\"https:\/\/www.francmobiliari.com\/wp-content\/uploads\/2022\/11\/INSTRUCCIONS-CADIRA-DIRECCIONAL-FOSTER.pdf\" target=\"_blank\" rel=\"noopener\">INSTRUCCIONES SILLA DIRECCIONAL FOSTER<\/a><\/li>\n<\/ul>\n<\/div>\n<\/div>\n<\/div>\n<p>Respaldo alto con costura frontal. \u00danicamente tapizado en piel negra.<\/p>\n<p>Mecanismo Sincro multi posici\u00f3n y sistema antiretorno de seguridad. Tensi\u00f3n de la inclinaci\u00f3n regulable. Opcional traslaci\u00f3n del asiento.<\/p>\n<p>Base met\u00e1lica con pist\u00f3n de gas por la elevaci\u00f3n del asiento. Acabado en aluminio pulido y ruedas de 50 mm en color negro.<\/p>\n<p>Brazos 1D: regulables en altura.<\/p>\n","protected":false},"featured_media":2933,"template":"","meta":{"_acf_changed":false,"inline_featured_image":false,"_genesis_hide_title":false,"_genesis_hide_breadcrumbs":false,"_genesis_hide_singular_image":false,"_genesis_hide_footer_widgets":false,"_genesis_custom_body_class":"","_genesis_custom_post_class":"","_genesis_layout":"","_links_to":"","_links_to_target":""},"product_brand":[],"product_cat":[95],"product_tag":[],"class_list":{"0":"post-6479","1":"product","2":"type-product","3":"status-publish","4":"has-post-thumbnail","6":"product_cat-sillas-butacas-de-direccion","7":"entry","9":"first","10":"instock","11":"shipping-taxable","12":"product-type-simple"},"acf":[],"yoast_head":"<!-- This site is optimized with the Yoast SEO plugin v26.2 - https:\/\/yoast.com\/wordpress\/plugins\/seo\/ -->\n<title>Silla Direccional FOSTER - francmobiliari.com<\/title>\n<meta name=\"robots\" content=\"index, follow, max-snippet:-1, max-image-preview:large, max-video-preview:-1\" \/>\n<link rel=\"canonical\" href=\"https:\/\/www.francmobiliari.com\/es\/producto\/silla-direccional-foster\/\" \/>\n<meta property=\"og:locale\" content=\"es_ES\" \/>\n<meta property=\"og:type\" content=\"article\" \/>\n<meta property=\"og:title\" content=\"Silla Direccional FOSTER - francmobiliari.com\" \/>\n<meta property=\"og:description\" content=\"Respaldo alto, mecanismo s\u00edncrono, brazos regulables, base de aluminio pulido, tapizado en piel de color negra.   CAT\u00c1LOGO SILLA DIRECCIONAL FOSTER  INSTRUCCIONES SILLA DIRECCIONAL FOSTER     Respaldo alto con costura frontal. \u00danicamente tapizado en piel negra.  Mecanismo Sincro multi posici\u00f3n y sistema antiretorno de seguridad. Tensi\u00f3n de la inclinaci\u00f3n regulable. Opcional traslaci\u00f3n del asiento.  Base met\u00e1lica con pist\u00f3n de gas por la elevaci\u00f3n del asiento. Acabado en aluminio pulido y ruedas de 50 mm en color negro.  Brazos 1D: regulables en altura.\" \/>\n<meta property=\"og:url\" content=\"https:\/\/www.francmobiliari.com\/es\/producto\/silla-direccional-foster\/\" \/>\n<meta property=\"og:site_name\" content=\"francmobiliari.com\" \/>\n<meta property=\"article:modified_time\" content=\"2025-08-04T21:45:35+00:00\" \/>\n<meta property=\"og:image\" content=\"https:\/\/www.francmobiliari.com\/wp-content\/uploads\/2025\/07\/MINIATURA-CADIRA-DE-DIRECCIO-FOSTER.jpg\" \/>\n\t<meta property=\"og:image:width\" content=\"1500\" \/>\n\t<meta property=\"og:image:height\" content=\"1000\" \/>\n\t<meta property=\"og:image:type\" content=\"image\/jpeg\" \/>\n<meta name=\"twitter:card\" content=\"summary_large_image\" \/>\n<script type=\"application\/ld+json\" class=\"yoast-schema-graph\">{\"@context\":\"https:\/\/schema.org\",\"@graph\":[{\"@type\":\"WebPage\",\"@id\":\"https:\/\/www.francmobiliari.com\/es\/producto\/silla-direccional-foster\/\",\"url\":\"https:\/\/www.francmobiliari.com\/es\/producto\/silla-direccional-foster\/\",\"name\":\"Silla Direccional FOSTER - francmobiliari.com\",\"isPartOf\":{\"@id\":\"https:\/\/www.francmobiliari.com\/#website\"},\"primaryImageOfPage\":{\"@id\":\"https:\/\/www.francmobiliari.com\/es\/producto\/silla-direccional-foster\/#primaryimage\"},\"image\":{\"@id\":\"https:\/\/www.francmobiliari.com\/es\/producto\/silla-direccional-foster\/#primaryimage\"},\"thumbnailUrl\":\"https:\/\/www.francmobiliari.com\/wp-content\/uploads\/2025\/07\/MINIATURA-CADIRA-DE-DIRECCIO-FOSTER.jpg\",\"datePublished\":\"2025-07-17T15:43:42+00:00\",\"dateModified\":\"2025-08-04T21:45:35+00:00\",\"breadcrumb\":{\"@id\":\"https:\/\/www.francmobiliari.com\/es\/producto\/silla-direccional-foster\/#breadcrumb\"},\"inLanguage\":\"es\",\"potentialAction\":[{\"@type\":\"ReadAction\",\"target\":[\"https:\/\/www.francmobiliari.com\/es\/producto\/silla-direccional-foster\/\"]}]},{\"@type\":\"ImageObject\",\"inLanguage\":\"es\",\"@id\":\"https:\/\/www.francmobiliari.com\/es\/producto\/silla-direccional-foster\/#primaryimage\",\"url\":\"https:\/\/www.francmobiliari.com\/wp-content\/uploads\/2025\/07\/MINIATURA-CADIRA-DE-DIRECCIO-FOSTER.jpg\",\"contentUrl\":\"https:\/\/www.francmobiliari.com\/wp-content\/uploads\/2025\/07\/MINIATURA-CADIRA-DE-DIRECCIO-FOSTER.jpg\",\"width\":1500,\"height\":1000},{\"@type\":\"BreadcrumbList\",\"@id\":\"https:\/\/www.francmobiliari.com\/es\/producto\/silla-direccional-foster\/#breadcrumb\",\"itemListElement\":[{\"@type\":\"ListItem\",\"position\":1,\"name\":\"Portada\",\"item\":\"https:\/\/www.francmobiliari.com\/es\/inicio\/\"},{\"@type\":\"ListItem\",\"position\":2,\"name\":\"Tienda\",\"item\":\"https:\/\/www.francmobiliari.com\/es\/tienda\/\"},{\"@type\":\"ListItem\",\"position\":3,\"name\":\"Silla Direccional FOSTER\"}]},{\"@type\":\"WebSite\",\"@id\":\"https:\/\/www.francmobiliari.com\/#website\",\"url\":\"https:\/\/www.francmobiliari.com\/\",\"name\":\"francmobiliari.com\",\"description\":\"\",\"publisher\":{\"@id\":\"https:\/\/www.francmobiliari.com\/#organization\"},\"potentialAction\":[{\"@type\":\"SearchAction\",\"target\":{\"@type\":\"EntryPoint\",\"urlTemplate\":\"https:\/\/www.francmobiliari.com\/?s={search_term_string}\"},\"query-input\":{\"@type\":\"PropertyValueSpecification\",\"valueRequired\":true,\"valueName\":\"search_term_string\"}}],\"inLanguage\":\"es\"},{\"@type\":\"Organization\",\"@id\":\"https:\/\/www.francmobiliari.com\/#organization\",\"name\":\"francmobiliari.com\",\"url\":\"https:\/\/www.francmobiliari.com\/\",\"logo\":{\"@type\":\"ImageObject\",\"inLanguage\":\"es\",\"@id\":\"https:\/\/www.francmobiliari.com\/#\/schema\/logo\/image\/\",\"url\":\"https:\/\/www.francmobiliari.com\/wp-content\/uploads\/2025\/07\/img-placeholder.png\",\"contentUrl\":\"https:\/\/www.francmobiliari.com\/wp-content\/uploads\/2025\/07\/img-placeholder.png\",\"width\":1500,\"height\":1500,\"caption\":\"francmobiliari.com\"},\"image\":{\"@id\":\"https:\/\/www.francmobiliari.com\/#\/schema\/logo\/image\/\"}}]}<\/script>\n<!-- \/ Yoast SEO plugin. -->","yoast_head_json":{"title":"Silla Direccional FOSTER - francmobiliari.com","robots":{"index":"index","follow":"follow","max-snippet":"max-snippet:-1","max-image-preview":"max-image-preview:large","max-video-preview":"max-video-preview:-1"},"canonical":"https:\/\/www.francmobiliari.com\/es\/producto\/silla-direccional-foster\/","og_locale":"es_ES","og_type":"article","og_title":"Silla Direccional FOSTER - francmobiliari.com","og_description":"Respaldo alto, mecanismo s\u00edncrono, brazos regulables, base de aluminio pulido, tapizado en piel de color negra.   CAT\u00c1LOGO SILLA DIRECCIONAL FOSTER  INSTRUCCIONES SILLA DIRECCIONAL FOSTER     Respaldo alto con costura frontal. \u00danicamente tapizado en piel negra.  Mecanismo Sincro multi posici\u00f3n y sistema antiretorno de seguridad. Tensi\u00f3n de la inclinaci\u00f3n regulable. Opcional traslaci\u00f3n del asiento.  Base met\u00e1lica con pist\u00f3n de gas por la elevaci\u00f3n del asiento. Acabado en aluminio pulido y ruedas de 50 mm en color negro.  Brazos 1D: regulables en altura.","og_url":"https:\/\/www.francmobiliari.com\/es\/producto\/silla-direccional-foster\/","og_site_name":"francmobiliari.com","article_modified_time":"2025-08-04T21:45:35+00:00","og_image":[{"width":1500,"height":1000,"url":"https:\/\/www.francmobiliari.com\/wp-content\/uploads\/2025\/07\/MINIATURA-CADIRA-DE-DIRECCIO-FOSTER.jpg","type":"image\/jpeg"}],"twitter_card":"summary_large_image","schema":{"@context":"https:\/\/schema.org","@graph":[{"@type":"WebPage","@id":"https:\/\/www.francmobiliari.com\/es\/producto\/silla-direccional-foster\/","url":"https:\/\/www.francmobiliari.com\/es\/producto\/silla-direccional-foster\/","name":"Silla Direccional FOSTER - francmobiliari.com","isPartOf":{"@id":"https:\/\/www.francmobiliari.com\/#website"},"primaryImageOfPage":{"@id":"https:\/\/www.francmobiliari.com\/es\/producto\/silla-direccional-foster\/#primaryimage"},"image":{"@id":"https:\/\/www.francmobiliari.com\/es\/producto\/silla-direccional-foster\/#primaryimage"},"thumbnailUrl":"https:\/\/www.francmobiliari.com\/wp-content\/uploads\/2025\/07\/MINIATURA-CADIRA-DE-DIRECCIO-FOSTER.jpg","datePublished":"2025-07-17T15:43:42+00:00","dateModified":"2025-08-04T21:45:35+00:00","breadcrumb":{"@id":"https:\/\/www.francmobiliari.com\/es\/producto\/silla-direccional-foster\/#breadcrumb"},"inLanguage":"es","potentialAction":[{"@type":"ReadAction","target":["https:\/\/www.francmobiliari.com\/es\/producto\/silla-direccional-foster\/"]}]},{"@type":"ImageObject","inLanguage":"es","@id":"https:\/\/www.francmobiliari.com\/es\/producto\/silla-direccional-foster\/#primaryimage","url":"https:\/\/www.francmobiliari.com\/wp-content\/uploads\/2025\/07\/MINIATURA-CADIRA-DE-DIRECCIO-FOSTER.jpg","contentUrl":"https:\/\/www.francmobiliari.com\/wp-content\/uploads\/2025\/07\/MINIATURA-CADIRA-DE-DIRECCIO-FOSTER.jpg","width":1500,"height":1000},{"@type":"BreadcrumbList","@id":"https:\/\/www.francmobiliari.com\/es\/producto\/silla-direccional-foster\/#breadcrumb","itemListElement":[{"@type":"ListItem","position":1,"name":"Portada","item":"https:\/\/www.francmobiliari.com\/es\/inicio\/"},{"@type":"ListItem","position":2,"name":"Tienda","item":"https:\/\/www.francmobiliari.com\/es\/tienda\/"},{"@type":"ListItem","position":3,"name":"Silla Direccional FOSTER"}]},{"@type":"WebSite","@id":"https:\/\/www.francmobiliari.com\/#website","url":"https:\/\/www.francmobiliari.com\/","name":"francmobiliari.com","description":"","publisher":{"@id":"https:\/\/www.francmobiliari.com\/#organization"},"potentialAction":[{"@type":"SearchAction","target":{"@type":"EntryPoint","urlTemplate":"https:\/\/www.francmobiliari.com\/?s={search_term_string}"},"query-input":{"@type":"PropertyValueSpecification","valueRequired":true,"valueName":"search_term_string"}}],"inLanguage":"es"},{"@type":"Organization","@id":"https:\/\/www.francmobiliari.com\/#organization","name":"francmobiliari.com","url":"https:\/\/www.francmobiliari.com\/","logo":{"@type":"ImageObject","inLanguage":"es","@id":"https:\/\/www.francmobiliari.com\/#\/schema\/logo\/image\/","url":"https:\/\/www.francmobiliari.com\/wp-content\/uploads\/2025\/07\/img-placeholder.png","contentUrl":"https:\/\/www.francmobiliari.com\/wp-content\/uploads\/2025\/07\/img-placeholder.png","width":1500,"height":1500,"caption":"francmobiliari.com"},"image":{"@id":"https:\/\/www.francmobiliari.com\/#\/schema\/logo\/image\/"}}]}},"_links":{"self":[{"href":"https:\/\/www.francmobiliari.com\/es\/wp-json\/wp\/v2\/product\/6479","targetHints":{"allow":["GET"]}}],"collection":[{"href":"https:\/\/www.francmobiliari.com\/es\/wp-json\/wp\/v2\/product"}],"about":[{"href":"https:\/\/www.francmobiliari.com\/es\/wp-json\/wp\/v2\/types\/product"}],"wp:featuredmedia":[{"embeddable":true,"href":"https:\/\/www.francmobiliari.com\/es\/wp-json\/wp\/v2\/media\/2933"}],"wp:attachment":[{"href":"https:\/\/www.francmobiliari.com\/es\/wp-json\/wp\/v2\/media?parent=6479"}],"wp:term":[{"taxonomy":"product_brand","embeddable":true,"href":"https:\/\/www.francmobiliari.com\/es\/wp-json\/wp\/v2\/product_brand?post=6479"},{"taxonomy":"product_cat","embeddable":true,"href":"https:\/\/www.francmobiliari.com\/es\/wp-json\/wp\/v2\/product_cat?post=6479"},{"taxonomy":"product_tag","embeddable":true,"href":"https:\/\/www.francmobiliari.com\/es\/wp-json\/wp\/v2\/product_tag?post=6479"}],"curies":[{"name":"wp","href":"https:\/\/api.w.org\/{rel}","templated":true}]}}