{"id":6471,"date":"2025-07-17T17:44:06","date_gmt":"2025-07-17T15:44:06","guid":{"rendered":"https:\/\/www.francmobiliari.com\/producto\/cadira-direccional-evole\/"},"modified":"2025-08-04T23:15:10","modified_gmt":"2025-08-04T21:15:10","slug":"silla-direccional-evole","status":"publish","type":"product","link":"https:\/\/www.francmobiliari.com\/es\/producto\/silla-direccional-evole\/","title":{"rendered":"Silla Direccional EVOLE"},"content":{"rendered":false,"protected":false},"excerpt":{"rendered":"<div class=\"page\" title=\"Page 8\">\n<div class=\"layoutArea\">\n<div class=\"column\">\n<p>En versi\u00f3n de malla o en napelo. De color blanco o negra, y en tapizado de color blanco roto o negra. Estructura y base de aluminio cromado. Mecanismo basculante.<\/p>\n<ul>\n<li><a style=\"color: var(--wd-text-color);\" href=\"https:\/\/www.francmobiliari.com\/wp-content\/uploads\/2022\/11\/CATALEG-CADIRA-DIRECCIONAL-EVOLE.pdf\" target=\"_blank\" rel=\"noopener\">CAT\u00c1LOGO SILLA DIRECCIONAL EVOLE<\/a><\/li>\n<li><a style=\"color: var(--wd-text-color);\" href=\"https:\/\/www.francmobiliari.com\/wp-content\/uploads\/2022\/11\/FITXA-TECNICA-CADIRA-DIRECCIONAL-EVOLE.pdf\" target=\"_blank\" rel=\"noopener\">FICHA T\u00c9CNICA SILLA DIRECCIONAL EVOLE<\/a><\/li>\n<\/ul>\n<\/div>\n<\/div>\n<\/div>\n<p>Mecanismo basculante con posici\u00f3n fija de trabajo con sistema de bloqueo de 1 posici\u00f3n o pivotante libre de respaldo y asiento.<\/p>\n<p>Estructura vista de aluminio pulido donde va montado el tapizado. Asiento y respaldo formado por doble tapizado de poli\u00e9ster con l\u00edneas cosidas horizontalmente, en color negro o blanco roto.<\/p>\n<p>Regulaci\u00f3n en altura mediante pist\u00f3n de gas. Pomo de regulaci\u00f3n de la tensi\u00f3n para adaptar la silla al peso del usuario.<\/p>\n<p>Disponible en napelo o malla de color blanco o negro.<\/p>\n<p>Brazos fijos fabricados en aluminio cromado.<\/p>\n<p>Base de aluminio pulido 5 radios y ruedas duras de 60 mm de di\u00e1metro.<\/p>\n","protected":false},"featured_media":2956,"template":"","meta":{"_acf_changed":false,"inline_featured_image":false,"_genesis_hide_title":false,"_genesis_hide_breadcrumbs":false,"_genesis_hide_singular_image":false,"_genesis_hide_footer_widgets":false,"_genesis_custom_body_class":"","_genesis_custom_post_class":"","_genesis_layout":"","_links_to":"","_links_to_target":""},"product_brand":[],"product_cat":[95],"product_tag":[],"class_list":{"0":"post-6471","1":"product","2":"type-product","3":"status-publish","4":"has-post-thumbnail","6":"product_cat-sillas-butacas-de-direccion","7":"entry","9":"first","10":"instock","11":"shipping-taxable","12":"product-type-simple"},"acf":[],"yoast_head":"<!-- This site is optimized with the Yoast SEO plugin v26.2 - https:\/\/yoast.com\/wordpress\/plugins\/seo\/ -->\n<title>Silla Direccional EVOLE - francmobiliari.com<\/title>\n<meta name=\"robots\" content=\"index, follow, max-snippet:-1, max-image-preview:large, max-video-preview:-1\" \/>\n<link rel=\"canonical\" href=\"https:\/\/www.francmobiliari.com\/es\/producto\/silla-direccional-evole\/\" \/>\n<meta property=\"og:locale\" content=\"es_ES\" \/>\n<meta property=\"og:type\" content=\"article\" \/>\n<meta property=\"og:title\" content=\"Silla Direccional EVOLE - francmobiliari.com\" \/>\n<meta property=\"og:description\" content=\"En versi\u00f3n de malla o en napelo. De color blanco o negra, y en tapizado de color blanco roto o negra. Estructura y base de aluminio cromado. Mecanismo basculante.   CAT\u00c1LOGO SILLA DIRECCIONAL EVOLE  FICHA T\u00c9CNICA SILLA DIRECCIONAL EVOLE     Mecanismo basculante con posici\u00f3n fija de trabajo con sistema de bloqueo de 1 posici\u00f3n o pivotante libre de respaldo y asiento.  Estructura vista de aluminio pulido donde va montado el tapizado. Asiento y respaldo formado por doble tapizado de poli\u00e9ster con l\u00edneas cosidas horizontalmente, en color negro o blanco roto.  Regulaci\u00f3n en altura mediante pist\u00f3n de gas. Pomo de regulaci\u00f3n de la tensi\u00f3n para adaptar la silla al peso del usuario.  Disponible en napelo o malla de color blanco o negro.  Brazos fijos fabricados en aluminio cromado.  Base de aluminio pulido 5 radios y ruedas duras de 60 mm de di\u00e1metro.\" \/>\n<meta property=\"og:url\" content=\"https:\/\/www.francmobiliari.com\/es\/producto\/silla-direccional-evole\/\" \/>\n<meta property=\"og:site_name\" content=\"francmobiliari.com\" \/>\n<meta property=\"article:modified_time\" content=\"2025-08-04T21:15:10+00:00\" \/>\n<meta property=\"og:image\" content=\"https:\/\/www.francmobiliari.com\/wp-content\/uploads\/2025\/07\/MINIATURA-CADIRES-DIRECCIONALS-EVOLE.jpg\" \/>\n\t<meta property=\"og:image:width\" content=\"970\" \/>\n\t<meta property=\"og:image:height\" content=\"530\" \/>\n\t<meta property=\"og:image:type\" content=\"image\/jpeg\" \/>\n<meta name=\"twitter:card\" content=\"summary_large_image\" \/>\n<script type=\"application\/ld+json\" class=\"yoast-schema-graph\">{\"@context\":\"https:\/\/schema.org\",\"@graph\":[{\"@type\":\"WebPage\",\"@id\":\"https:\/\/www.francmobiliari.com\/es\/producto\/silla-direccional-evole\/\",\"url\":\"https:\/\/www.francmobiliari.com\/es\/producto\/silla-direccional-evole\/\",\"name\":\"Silla Direccional EVOLE - francmobiliari.com\",\"isPartOf\":{\"@id\":\"https:\/\/www.francmobiliari.com\/#website\"},\"primaryImageOfPage\":{\"@id\":\"https:\/\/www.francmobiliari.com\/es\/producto\/silla-direccional-evole\/#primaryimage\"},\"image\":{\"@id\":\"https:\/\/www.francmobiliari.com\/es\/producto\/silla-direccional-evole\/#primaryimage\"},\"thumbnailUrl\":\"https:\/\/www.francmobiliari.com\/wp-content\/uploads\/2025\/07\/MINIATURA-CADIRES-DIRECCIONALS-EVOLE.jpg\",\"datePublished\":\"2025-07-17T15:44:06+00:00\",\"dateModified\":\"2025-08-04T21:15:10+00:00\",\"breadcrumb\":{\"@id\":\"https:\/\/www.francmobiliari.com\/es\/producto\/silla-direccional-evole\/#breadcrumb\"},\"inLanguage\":\"es\",\"potentialAction\":[{\"@type\":\"ReadAction\",\"target\":[\"https:\/\/www.francmobiliari.com\/es\/producto\/silla-direccional-evole\/\"]}]},{\"@type\":\"ImageObject\",\"inLanguage\":\"es\",\"@id\":\"https:\/\/www.francmobiliari.com\/es\/producto\/silla-direccional-evole\/#primaryimage\",\"url\":\"https:\/\/www.francmobiliari.com\/wp-content\/uploads\/2025\/07\/MINIATURA-CADIRES-DIRECCIONALS-EVOLE.jpg\",\"contentUrl\":\"https:\/\/www.francmobiliari.com\/wp-content\/uploads\/2025\/07\/MINIATURA-CADIRES-DIRECCIONALS-EVOLE.jpg\",\"width\":970,\"height\":530},{\"@type\":\"BreadcrumbList\",\"@id\":\"https:\/\/www.francmobiliari.com\/es\/producto\/silla-direccional-evole\/#breadcrumb\",\"itemListElement\":[{\"@type\":\"ListItem\",\"position\":1,\"name\":\"Portada\",\"item\":\"https:\/\/www.francmobiliari.com\/es\/inicio\/\"},{\"@type\":\"ListItem\",\"position\":2,\"name\":\"Tienda\",\"item\":\"https:\/\/www.francmobiliari.com\/es\/tienda\/\"},{\"@type\":\"ListItem\",\"position\":3,\"name\":\"Silla Direccional EVOLE\"}]},{\"@type\":\"WebSite\",\"@id\":\"https:\/\/www.francmobiliari.com\/#website\",\"url\":\"https:\/\/www.francmobiliari.com\/\",\"name\":\"francmobiliari.com\",\"description\":\"\",\"publisher\":{\"@id\":\"https:\/\/www.francmobiliari.com\/#organization\"},\"potentialAction\":[{\"@type\":\"SearchAction\",\"target\":{\"@type\":\"EntryPoint\",\"urlTemplate\":\"https:\/\/www.francmobiliari.com\/?s={search_term_string}\"},\"query-input\":{\"@type\":\"PropertyValueSpecification\",\"valueRequired\":true,\"valueName\":\"search_term_string\"}}],\"inLanguage\":\"es\"},{\"@type\":\"Organization\",\"@id\":\"https:\/\/www.francmobiliari.com\/#organization\",\"name\":\"francmobiliari.com\",\"url\":\"https:\/\/www.francmobiliari.com\/\",\"logo\":{\"@type\":\"ImageObject\",\"inLanguage\":\"es\",\"@id\":\"https:\/\/www.francmobiliari.com\/#\/schema\/logo\/image\/\",\"url\":\"https:\/\/www.francmobiliari.com\/wp-content\/uploads\/2025\/07\/img-placeholder.png\",\"contentUrl\":\"https:\/\/www.francmobiliari.com\/wp-content\/uploads\/2025\/07\/img-placeholder.png\",\"width\":1500,\"height\":1500,\"caption\":\"francmobiliari.com\"},\"image\":{\"@id\":\"https:\/\/www.francmobiliari.com\/#\/schema\/logo\/image\/\"}}]}<\/script>\n<!-- \/ Yoast SEO plugin. -->","yoast_head_json":{"title":"Silla Direccional EVOLE - francmobiliari.com","robots":{"index":"index","follow":"follow","max-snippet":"max-snippet:-1","max-image-preview":"max-image-preview:large","max-video-preview":"max-video-preview:-1"},"canonical":"https:\/\/www.francmobiliari.com\/es\/producto\/silla-direccional-evole\/","og_locale":"es_ES","og_type":"article","og_title":"Silla Direccional EVOLE - francmobiliari.com","og_description":"En versi\u00f3n de malla o en napelo. De color blanco o negra, y en tapizado de color blanco roto o negra. Estructura y base de aluminio cromado. Mecanismo basculante.   CAT\u00c1LOGO SILLA DIRECCIONAL EVOLE  FICHA T\u00c9CNICA SILLA DIRECCIONAL EVOLE     Mecanismo basculante con posici\u00f3n fija de trabajo con sistema de bloqueo de 1 posici\u00f3n o pivotante libre de respaldo y asiento.  Estructura vista de aluminio pulido donde va montado el tapizado. Asiento y respaldo formado por doble tapizado de poli\u00e9ster con l\u00edneas cosidas horizontalmente, en color negro o blanco roto.  Regulaci\u00f3n en altura mediante pist\u00f3n de gas. Pomo de regulaci\u00f3n de la tensi\u00f3n para adaptar la silla al peso del usuario.  Disponible en napelo o malla de color blanco o negro.  Brazos fijos fabricados en aluminio cromado.  Base de aluminio pulido 5 radios y ruedas duras de 60 mm de di\u00e1metro.","og_url":"https:\/\/www.francmobiliari.com\/es\/producto\/silla-direccional-evole\/","og_site_name":"francmobiliari.com","article_modified_time":"2025-08-04T21:15:10+00:00","og_image":[{"width":970,"height":530,"url":"https:\/\/www.francmobiliari.com\/wp-content\/uploads\/2025\/07\/MINIATURA-CADIRES-DIRECCIONALS-EVOLE.jpg","type":"image\/jpeg"}],"twitter_card":"summary_large_image","schema":{"@context":"https:\/\/schema.org","@graph":[{"@type":"WebPage","@id":"https:\/\/www.francmobiliari.com\/es\/producto\/silla-direccional-evole\/","url":"https:\/\/www.francmobiliari.com\/es\/producto\/silla-direccional-evole\/","name":"Silla Direccional EVOLE - francmobiliari.com","isPartOf":{"@id":"https:\/\/www.francmobiliari.com\/#website"},"primaryImageOfPage":{"@id":"https:\/\/www.francmobiliari.com\/es\/producto\/silla-direccional-evole\/#primaryimage"},"image":{"@id":"https:\/\/www.francmobiliari.com\/es\/producto\/silla-direccional-evole\/#primaryimage"},"thumbnailUrl":"https:\/\/www.francmobiliari.com\/wp-content\/uploads\/2025\/07\/MINIATURA-CADIRES-DIRECCIONALS-EVOLE.jpg","datePublished":"2025-07-17T15:44:06+00:00","dateModified":"2025-08-04T21:15:10+00:00","breadcrumb":{"@id":"https:\/\/www.francmobiliari.com\/es\/producto\/silla-direccional-evole\/#breadcrumb"},"inLanguage":"es","potentialAction":[{"@type":"ReadAction","target":["https:\/\/www.francmobiliari.com\/es\/producto\/silla-direccional-evole\/"]}]},{"@type":"ImageObject","inLanguage":"es","@id":"https:\/\/www.francmobiliari.com\/es\/producto\/silla-direccional-evole\/#primaryimage","url":"https:\/\/www.francmobiliari.com\/wp-content\/uploads\/2025\/07\/MINIATURA-CADIRES-DIRECCIONALS-EVOLE.jpg","contentUrl":"https:\/\/www.francmobiliari.com\/wp-content\/uploads\/2025\/07\/MINIATURA-CADIRES-DIRECCIONALS-EVOLE.jpg","width":970,"height":530},{"@type":"BreadcrumbList","@id":"https:\/\/www.francmobiliari.com\/es\/producto\/silla-direccional-evole\/#breadcrumb","itemListElement":[{"@type":"ListItem","position":1,"name":"Portada","item":"https:\/\/www.francmobiliari.com\/es\/inicio\/"},{"@type":"ListItem","position":2,"name":"Tienda","item":"https:\/\/www.francmobiliari.com\/es\/tienda\/"},{"@type":"ListItem","position":3,"name":"Silla Direccional EVOLE"}]},{"@type":"WebSite","@id":"https:\/\/www.francmobiliari.com\/#website","url":"https:\/\/www.francmobiliari.com\/","name":"francmobiliari.com","description":"","publisher":{"@id":"https:\/\/www.francmobiliari.com\/#organization"},"potentialAction":[{"@type":"SearchAction","target":{"@type":"EntryPoint","urlTemplate":"https:\/\/www.francmobiliari.com\/?s={search_term_string}"},"query-input":{"@type":"PropertyValueSpecification","valueRequired":true,"valueName":"search_term_string"}}],"inLanguage":"es"},{"@type":"Organization","@id":"https:\/\/www.francmobiliari.com\/#organization","name":"francmobiliari.com","url":"https:\/\/www.francmobiliari.com\/","logo":{"@type":"ImageObject","inLanguage":"es","@id":"https:\/\/www.francmobiliari.com\/#\/schema\/logo\/image\/","url":"https:\/\/www.francmobiliari.com\/wp-content\/uploads\/2025\/07\/img-placeholder.png","contentUrl":"https:\/\/www.francmobiliari.com\/wp-content\/uploads\/2025\/07\/img-placeholder.png","width":1500,"height":1500,"caption":"francmobiliari.com"},"image":{"@id":"https:\/\/www.francmobiliari.com\/#\/schema\/logo\/image\/"}}]}},"_links":{"self":[{"href":"https:\/\/www.francmobiliari.com\/es\/wp-json\/wp\/v2\/product\/6471","targetHints":{"allow":["GET"]}}],"collection":[{"href":"https:\/\/www.francmobiliari.com\/es\/wp-json\/wp\/v2\/product"}],"about":[{"href":"https:\/\/www.francmobiliari.com\/es\/wp-json\/wp\/v2\/types\/product"}],"wp:featuredmedia":[{"embeddable":true,"href":"https:\/\/www.francmobiliari.com\/es\/wp-json\/wp\/v2\/media\/2956"}],"wp:attachment":[{"href":"https:\/\/www.francmobiliari.com\/es\/wp-json\/wp\/v2\/media?parent=6471"}],"wp:term":[{"taxonomy":"product_brand","embeddable":true,"href":"https:\/\/www.francmobiliari.com\/es\/wp-json\/wp\/v2\/product_brand?post=6471"},{"taxonomy":"product_cat","embeddable":true,"href":"https:\/\/www.francmobiliari.com\/es\/wp-json\/wp\/v2\/product_cat?post=6471"},{"taxonomy":"product_tag","embeddable":true,"href":"https:\/\/www.francmobiliari.com\/es\/wp-json\/wp\/v2\/product_tag?post=6471"}],"curies":[{"name":"wp","href":"https:\/\/api.w.org\/{rel}","templated":true}]}}