{"id":6468,"date":"2025-07-17T17:44:06","date_gmt":"2025-07-17T15:44:06","guid":{"rendered":"https:\/\/www.francmobiliari.com\/producto\/cadira-direccional-channel\/"},"modified":"2025-08-04T23:03:04","modified_gmt":"2025-08-04T21:03:04","slug":"silla-direccional-channel","status":"publish","type":"product","link":"https:\/\/www.francmobiliari.com\/es\/producto\/silla-direccional-channel\/","title":{"rendered":"Silla Direccional CHANNEL"},"content":{"rendered":false,"protected":false},"excerpt":{"rendered":"<div class=\"page\" title=\"Page 8\">\n<div class=\"layoutArea\">\n<div class=\"column\">\n<p>Disponible en tres alturas de respaldo. Mecanismo s\u00edncrono. Respaldo tapizado o con chapa de madera natural. Tapizado en tela, napel o piel. Base de aluminio pulido o pintado en negro, de 4 o 5 radios.<\/p>\n<ul>\n<li><a style=\"color: var(--wd-text-color);\" href=\"https:\/\/www.francmobiliari.com\/wp-content\/uploads\/2022\/11\/CATALEG-CADIRA-DIRECCIONAL-CHANNEL.pdf\" target=\"_blank\" rel=\"noopener\">CAT\u00c1LOGO SILLA DIRECCIONAL CHANNEL<\/a><\/li>\n<li><a style=\"color: var(--wd-text-color);\" href=\"https:\/\/www.francmobiliari.com\/wp-content\/uploads\/2022\/11\/FITXA-TECNICA-CADIRA-DIRECCIONAL-CHANNEL.pdf\" target=\"_blank\" rel=\"noopener\">FICHA T\u00c9CNICA SILLA DIRECCIONAL CHANNEL<\/a><\/li>\n<\/ul>\n<\/div>\n<\/div>\n<\/div>\n<p>Fabricada sobre estructura tubular y poliuretano inyectado ign\u00edfugo de diferentes densidades y guata ignifuga 100% poli\u00e9ster.<\/p>\n<p>Mecanismo sincronizado con regulaci\u00f3n de la tensi\u00f3n para adaptar la silla al peso del usuario.<\/p>\n<p>Respaldo revestido con espuma de poliuretano de densidad 30 kg\/m3 y moldeado indeformable. Opcional revestido con tablero monocasco curvado de 8 mm contrachapada, acabado en chapa natural de nogal americano o haya.<\/p>\n<p>Asiento revestido con espuma de poliuretano de densidad 60 kg\/m3 y moldeado indeformable. Regulable en altura con pist\u00f3n de gas. Altura m\u00ednima 460 mm y altura m\u00e1xima 560 mm.<\/p>\n<p>Disponible en piel, napel o tejido de distintos colores.<\/p>\n<p>Base giratoria de 4 o 5 radios, de aluminio pulido o pintada en epoxi negro. Opcional revestida en madera. Ruedas de doble rodadura blanda o dura de 65 mm o topes.<\/p>\n","protected":false},"featured_media":2939,"template":"","meta":{"_acf_changed":false,"inline_featured_image":false,"_genesis_hide_title":false,"_genesis_hide_breadcrumbs":false,"_genesis_hide_singular_image":false,"_genesis_hide_footer_widgets":false,"_genesis_custom_body_class":"","_genesis_custom_post_class":"","_genesis_layout":"","_links_to":"","_links_to_target":""},"product_brand":[],"product_cat":[95],"product_tag":[],"class_list":{"0":"post-6468","1":"product","2":"type-product","3":"status-publish","4":"has-post-thumbnail","6":"product_cat-sillas-butacas-de-direccion","7":"entry","9":"first","10":"instock","11":"shipping-taxable","12":"product-type-simple"},"acf":[],"yoast_head":"<!-- This site is optimized with the Yoast SEO plugin v26.2 - https:\/\/yoast.com\/wordpress\/plugins\/seo\/ -->\n<title>Silla Direccional CHANNEL - francmobiliari.com<\/title>\n<meta name=\"robots\" content=\"index, follow, max-snippet:-1, max-image-preview:large, max-video-preview:-1\" \/>\n<link rel=\"canonical\" href=\"https:\/\/www.francmobiliari.com\/es\/producto\/silla-direccional-channel\/\" \/>\n<meta property=\"og:locale\" content=\"es_ES\" \/>\n<meta property=\"og:type\" content=\"article\" \/>\n<meta property=\"og:title\" content=\"Silla Direccional CHANNEL - francmobiliari.com\" \/>\n<meta property=\"og:description\" content=\"Disponible en tres alturas de respaldo. Mecanismo s\u00edncrono. Respaldo tapizado o con chapa de madera natural. Tapizado en tela, napel o piel. Base de aluminio pulido o pintado en negro, de 4 o 5 radios.   CAT\u00c1LOGO SILLA DIRECCIONAL CHANNEL  FICHA T\u00c9CNICA SILLA DIRECCIONAL CHANNEL     Fabricada sobre estructura tubular y poliuretano inyectado ign\u00edfugo de diferentes densidades y guata ignifuga 100% poli\u00e9ster.  Mecanismo sincronizado con regulaci\u00f3n de la tensi\u00f3n para adaptar la silla al peso del usuario.  Respaldo revestido con espuma de poliuretano de densidad 30 kg\/m3 y moldeado indeformable. Opcional revestido con tablero monocasco curvado de 8 mm contrachapada, acabado en chapa natural de nogal americano o haya.  Asiento revestido con espuma de poliuretano de densidad 60 kg\/m3 y moldeado indeformable. Regulable en altura con pist\u00f3n de gas. Altura m\u00ednima 460 mm y altura m\u00e1xima 560 mm.  Disponible en piel, napel o tejido de distintos colores.  Base giratoria de 4 o 5 radios, de aluminio pulido o pintada en epoxi negro. Opcional revestida en madera. Ruedas de doble rodadura blanda o dura de 65 mm o topes.\" \/>\n<meta property=\"og:url\" content=\"https:\/\/www.francmobiliari.com\/es\/producto\/silla-direccional-channel\/\" \/>\n<meta property=\"og:site_name\" content=\"francmobiliari.com\" \/>\n<meta property=\"article:modified_time\" content=\"2025-08-04T21:03:04+00:00\" \/>\n<meta property=\"og:image\" content=\"https:\/\/www.francmobiliari.com\/wp-content\/uploads\/2025\/07\/MINIATURA-CADIRA-DE-DIRECCIO-MODEL-CHANNEL-scaled-1.jpg\" \/>\n\t<meta property=\"og:image:width\" content=\"1707\" \/>\n\t<meta property=\"og:image:height\" content=\"2560\" \/>\n\t<meta property=\"og:image:type\" content=\"image\/jpeg\" \/>\n<meta name=\"twitter:card\" content=\"summary_large_image\" \/>\n<script type=\"application\/ld+json\" class=\"yoast-schema-graph\">{\"@context\":\"https:\/\/schema.org\",\"@graph\":[{\"@type\":\"WebPage\",\"@id\":\"https:\/\/www.francmobiliari.com\/es\/producto\/silla-direccional-channel\/\",\"url\":\"https:\/\/www.francmobiliari.com\/es\/producto\/silla-direccional-channel\/\",\"name\":\"Silla Direccional CHANNEL - francmobiliari.com\",\"isPartOf\":{\"@id\":\"https:\/\/www.francmobiliari.com\/#website\"},\"primaryImageOfPage\":{\"@id\":\"https:\/\/www.francmobiliari.com\/es\/producto\/silla-direccional-channel\/#primaryimage\"},\"image\":{\"@id\":\"https:\/\/www.francmobiliari.com\/es\/producto\/silla-direccional-channel\/#primaryimage\"},\"thumbnailUrl\":\"https:\/\/www.francmobiliari.com\/wp-content\/uploads\/2025\/07\/MINIATURA-CADIRA-DE-DIRECCIO-MODEL-CHANNEL-scaled-1.jpg\",\"datePublished\":\"2025-07-17T15:44:06+00:00\",\"dateModified\":\"2025-08-04T21:03:04+00:00\",\"breadcrumb\":{\"@id\":\"https:\/\/www.francmobiliari.com\/es\/producto\/silla-direccional-channel\/#breadcrumb\"},\"inLanguage\":\"es\",\"potentialAction\":[{\"@type\":\"ReadAction\",\"target\":[\"https:\/\/www.francmobiliari.com\/es\/producto\/silla-direccional-channel\/\"]}]},{\"@type\":\"ImageObject\",\"inLanguage\":\"es\",\"@id\":\"https:\/\/www.francmobiliari.com\/es\/producto\/silla-direccional-channel\/#primaryimage\",\"url\":\"https:\/\/www.francmobiliari.com\/wp-content\/uploads\/2025\/07\/MINIATURA-CADIRA-DE-DIRECCIO-MODEL-CHANNEL-scaled-1.jpg\",\"contentUrl\":\"https:\/\/www.francmobiliari.com\/wp-content\/uploads\/2025\/07\/MINIATURA-CADIRA-DE-DIRECCIO-MODEL-CHANNEL-scaled-1.jpg\",\"width\":1707,\"height\":2560},{\"@type\":\"BreadcrumbList\",\"@id\":\"https:\/\/www.francmobiliari.com\/es\/producto\/silla-direccional-channel\/#breadcrumb\",\"itemListElement\":[{\"@type\":\"ListItem\",\"position\":1,\"name\":\"Portada\",\"item\":\"https:\/\/www.francmobiliari.com\/es\/inicio\/\"},{\"@type\":\"ListItem\",\"position\":2,\"name\":\"Tienda\",\"item\":\"https:\/\/www.francmobiliari.com\/es\/tienda\/\"},{\"@type\":\"ListItem\",\"position\":3,\"name\":\"Silla Direccional CHANNEL\"}]},{\"@type\":\"WebSite\",\"@id\":\"https:\/\/www.francmobiliari.com\/#website\",\"url\":\"https:\/\/www.francmobiliari.com\/\",\"name\":\"francmobiliari.com\",\"description\":\"\",\"publisher\":{\"@id\":\"https:\/\/www.francmobiliari.com\/#organization\"},\"potentialAction\":[{\"@type\":\"SearchAction\",\"target\":{\"@type\":\"EntryPoint\",\"urlTemplate\":\"https:\/\/www.francmobiliari.com\/?s={search_term_string}\"},\"query-input\":{\"@type\":\"PropertyValueSpecification\",\"valueRequired\":true,\"valueName\":\"search_term_string\"}}],\"inLanguage\":\"es\"},{\"@type\":\"Organization\",\"@id\":\"https:\/\/www.francmobiliari.com\/#organization\",\"name\":\"francmobiliari.com\",\"url\":\"https:\/\/www.francmobiliari.com\/\",\"logo\":{\"@type\":\"ImageObject\",\"inLanguage\":\"es\",\"@id\":\"https:\/\/www.francmobiliari.com\/#\/schema\/logo\/image\/\",\"url\":\"https:\/\/www.francmobiliari.com\/wp-content\/uploads\/2025\/07\/img-placeholder.png\",\"contentUrl\":\"https:\/\/www.francmobiliari.com\/wp-content\/uploads\/2025\/07\/img-placeholder.png\",\"width\":1500,\"height\":1500,\"caption\":\"francmobiliari.com\"},\"image\":{\"@id\":\"https:\/\/www.francmobiliari.com\/#\/schema\/logo\/image\/\"}}]}<\/script>\n<!-- \/ Yoast SEO plugin. -->","yoast_head_json":{"title":"Silla Direccional CHANNEL - francmobiliari.com","robots":{"index":"index","follow":"follow","max-snippet":"max-snippet:-1","max-image-preview":"max-image-preview:large","max-video-preview":"max-video-preview:-1"},"canonical":"https:\/\/www.francmobiliari.com\/es\/producto\/silla-direccional-channel\/","og_locale":"es_ES","og_type":"article","og_title":"Silla Direccional CHANNEL - francmobiliari.com","og_description":"Disponible en tres alturas de respaldo. Mecanismo s\u00edncrono. Respaldo tapizado o con chapa de madera natural. Tapizado en tela, napel o piel. Base de aluminio pulido o pintado en negro, de 4 o 5 radios.   CAT\u00c1LOGO SILLA DIRECCIONAL CHANNEL  FICHA T\u00c9CNICA SILLA DIRECCIONAL CHANNEL     Fabricada sobre estructura tubular y poliuretano inyectado ign\u00edfugo de diferentes densidades y guata ignifuga 100% poli\u00e9ster.  Mecanismo sincronizado con regulaci\u00f3n de la tensi\u00f3n para adaptar la silla al peso del usuario.  Respaldo revestido con espuma de poliuretano de densidad 30 kg\/m3 y moldeado indeformable. Opcional revestido con tablero monocasco curvado de 8 mm contrachapada, acabado en chapa natural de nogal americano o haya.  Asiento revestido con espuma de poliuretano de densidad 60 kg\/m3 y moldeado indeformable. Regulable en altura con pist\u00f3n de gas. Altura m\u00ednima 460 mm y altura m\u00e1xima 560 mm.  Disponible en piel, napel o tejido de distintos colores.  Base giratoria de 4 o 5 radios, de aluminio pulido o pintada en epoxi negro. Opcional revestida en madera. Ruedas de doble rodadura blanda o dura de 65 mm o topes.","og_url":"https:\/\/www.francmobiliari.com\/es\/producto\/silla-direccional-channel\/","og_site_name":"francmobiliari.com","article_modified_time":"2025-08-04T21:03:04+00:00","og_image":[{"width":1707,"height":2560,"url":"https:\/\/www.francmobiliari.com\/wp-content\/uploads\/2025\/07\/MINIATURA-CADIRA-DE-DIRECCIO-MODEL-CHANNEL-scaled-1.jpg","type":"image\/jpeg"}],"twitter_card":"summary_large_image","schema":{"@context":"https:\/\/schema.org","@graph":[{"@type":"WebPage","@id":"https:\/\/www.francmobiliari.com\/es\/producto\/silla-direccional-channel\/","url":"https:\/\/www.francmobiliari.com\/es\/producto\/silla-direccional-channel\/","name":"Silla Direccional CHANNEL - francmobiliari.com","isPartOf":{"@id":"https:\/\/www.francmobiliari.com\/#website"},"primaryImageOfPage":{"@id":"https:\/\/www.francmobiliari.com\/es\/producto\/silla-direccional-channel\/#primaryimage"},"image":{"@id":"https:\/\/www.francmobiliari.com\/es\/producto\/silla-direccional-channel\/#primaryimage"},"thumbnailUrl":"https:\/\/www.francmobiliari.com\/wp-content\/uploads\/2025\/07\/MINIATURA-CADIRA-DE-DIRECCIO-MODEL-CHANNEL-scaled-1.jpg","datePublished":"2025-07-17T15:44:06+00:00","dateModified":"2025-08-04T21:03:04+00:00","breadcrumb":{"@id":"https:\/\/www.francmobiliari.com\/es\/producto\/silla-direccional-channel\/#breadcrumb"},"inLanguage":"es","potentialAction":[{"@type":"ReadAction","target":["https:\/\/www.francmobiliari.com\/es\/producto\/silla-direccional-channel\/"]}]},{"@type":"ImageObject","inLanguage":"es","@id":"https:\/\/www.francmobiliari.com\/es\/producto\/silla-direccional-channel\/#primaryimage","url":"https:\/\/www.francmobiliari.com\/wp-content\/uploads\/2025\/07\/MINIATURA-CADIRA-DE-DIRECCIO-MODEL-CHANNEL-scaled-1.jpg","contentUrl":"https:\/\/www.francmobiliari.com\/wp-content\/uploads\/2025\/07\/MINIATURA-CADIRA-DE-DIRECCIO-MODEL-CHANNEL-scaled-1.jpg","width":1707,"height":2560},{"@type":"BreadcrumbList","@id":"https:\/\/www.francmobiliari.com\/es\/producto\/silla-direccional-channel\/#breadcrumb","itemListElement":[{"@type":"ListItem","position":1,"name":"Portada","item":"https:\/\/www.francmobiliari.com\/es\/inicio\/"},{"@type":"ListItem","position":2,"name":"Tienda","item":"https:\/\/www.francmobiliari.com\/es\/tienda\/"},{"@type":"ListItem","position":3,"name":"Silla Direccional CHANNEL"}]},{"@type":"WebSite","@id":"https:\/\/www.francmobiliari.com\/#website","url":"https:\/\/www.francmobiliari.com\/","name":"francmobiliari.com","description":"","publisher":{"@id":"https:\/\/www.francmobiliari.com\/#organization"},"potentialAction":[{"@type":"SearchAction","target":{"@type":"EntryPoint","urlTemplate":"https:\/\/www.francmobiliari.com\/?s={search_term_string}"},"query-input":{"@type":"PropertyValueSpecification","valueRequired":true,"valueName":"search_term_string"}}],"inLanguage":"es"},{"@type":"Organization","@id":"https:\/\/www.francmobiliari.com\/#organization","name":"francmobiliari.com","url":"https:\/\/www.francmobiliari.com\/","logo":{"@type":"ImageObject","inLanguage":"es","@id":"https:\/\/www.francmobiliari.com\/#\/schema\/logo\/image\/","url":"https:\/\/www.francmobiliari.com\/wp-content\/uploads\/2025\/07\/img-placeholder.png","contentUrl":"https:\/\/www.francmobiliari.com\/wp-content\/uploads\/2025\/07\/img-placeholder.png","width":1500,"height":1500,"caption":"francmobiliari.com"},"image":{"@id":"https:\/\/www.francmobiliari.com\/#\/schema\/logo\/image\/"}}]}},"_links":{"self":[{"href":"https:\/\/www.francmobiliari.com\/es\/wp-json\/wp\/v2\/product\/6468","targetHints":{"allow":["GET"]}}],"collection":[{"href":"https:\/\/www.francmobiliari.com\/es\/wp-json\/wp\/v2\/product"}],"about":[{"href":"https:\/\/www.francmobiliari.com\/es\/wp-json\/wp\/v2\/types\/product"}],"wp:featuredmedia":[{"embeddable":true,"href":"https:\/\/www.francmobiliari.com\/es\/wp-json\/wp\/v2\/media\/2939"}],"wp:attachment":[{"href":"https:\/\/www.francmobiliari.com\/es\/wp-json\/wp\/v2\/media?parent=6468"}],"wp:term":[{"taxonomy":"product_brand","embeddable":true,"href":"https:\/\/www.francmobiliari.com\/es\/wp-json\/wp\/v2\/product_brand?post=6468"},{"taxonomy":"product_cat","embeddable":true,"href":"https:\/\/www.francmobiliari.com\/es\/wp-json\/wp\/v2\/product_cat?post=6468"},{"taxonomy":"product_tag","embeddable":true,"href":"https:\/\/www.francmobiliari.com\/es\/wp-json\/wp\/v2\/product_tag?post=6468"}],"curies":[{"name":"wp","href":"https:\/\/api.w.org\/{rel}","templated":true}]}}