{"id":6457,"date":"2025-07-17T17:51:55","date_gmt":"2025-07-17T15:51:55","guid":{"rendered":"https:\/\/www.francmobiliari.com\/producto\/papereres-de-reciclatge\/"},"modified":"2025-08-04T22:46:01","modified_gmt":"2025-08-04T20:46:01","slug":"papeleras-de-reciclaje","status":"publish","type":"product","link":"https:\/\/www.francmobiliari.com\/es\/producto\/papeleras-de-reciclaje\/","title":{"rendered":"PAPELERAS DE RECICLAJE"},"content":{"rendered":false,"protected":false},"excerpt":{"rendered":"<p>Pueden ser individuales o contenedores m\u00faltiples para diferentes tipos de residuos.<\/p>\n<ul>\n<li><a href=\"https:\/\/www.francmobiliari.com\/wp-content\/uploads\/2022\/11\/CATALEG-PAPERERES-DE-RECICLATGE-VEVEY.pdf\" target=\"_blank\" rel=\"noopener\">CAT\u00c1LOGO PAPELERAS DE RECICLAJE VEVEY<\/a><\/li>\n<li><a href=\"https:\/\/www.francmobiliari.com\/wp-content\/uploads\/2022\/11\/CATALEG-PAPERERES-DE-RECICLATGE-ZELL.pdf\" target=\"_blank\" rel=\"noopener\">CAT\u00c1LOGO PAPELERAS DE RECICLAJE ZELL<\/a><\/li>\n<li><a href=\"https:\/\/www.francmobiliari.com\/wp-content\/uploads\/2022\/11\/FITXA-TECNICA-PAPERERES-DE-RECICLATGE-MAXI.pdf\" target=\"_blank\" rel=\"noopener\">FICHA T\u00c9CNICA PAPELERAS DE RECICLAJE MAXI<\/a><\/li>\n<li><a href=\"https:\/\/www.francmobiliari.com\/wp-content\/uploads\/2022\/11\/FITXA-TECNICA-PAPERERES-DE-RECICLATGE-RECYCLING-STATION.pdf\" target=\"_blank\" rel=\"noopener\">FICHA T\u00c9CNICA PAPELERAS DE RECICLAJE RECYCLING STATION<\/a><\/li>\n<li><a href=\"https:\/\/www.francmobiliari.com\/wp-content\/uploads\/2022\/11\/FITXA-TECNICA-PAPERERES-DE-RECICLATGE-VEVEY.pdf\" target=\"_blank\" rel=\"noopener\">FICHA T\u00c9CNICA PAPELERAS DE RECICLAJE VEVEY<\/a><\/li>\n<li><a href=\"https:\/\/www.francmobiliari.com\/wp-content\/uploads\/2022\/11\/FITXA-TECNICA-PAPERERES-DE-RECICLATGE-ZELL.pdf\" target=\"_blank\" rel=\"noopener\">FICHA T\u00c9CNICA PAPELERAS DE RECICLAJE ZELL<\/a><\/li>\n<\/ul>\n","protected":false},"featured_media":4024,"template":"","meta":{"_acf_changed":false,"inline_featured_image":false,"_genesis_hide_title":false,"_genesis_hide_breadcrumbs":false,"_genesis_hide_singular_image":false,"_genesis_hide_footer_widgets":false,"_genesis_custom_body_class":"","_genesis_custom_post_class":"","_genesis_layout":"","_links_to":"","_links_to_target":""},"product_brand":[],"product_cat":[112],"product_tag":[],"class_list":{"0":"post-6457","1":"product","2":"type-product","3":"status-publish","4":"has-post-thumbnail","6":"product_cat-papeleras","7":"entry","9":"first","10":"instock","11":"shipping-taxable","12":"product-type-simple"},"acf":[],"yoast_head":"<!-- This site is optimized with the Yoast SEO plugin v26.2 - https:\/\/yoast.com\/wordpress\/plugins\/seo\/ -->\n<title>PAPELERAS DE RECICLAJE - francmobiliari.com<\/title>\n<meta name=\"robots\" content=\"index, follow, max-snippet:-1, max-image-preview:large, max-video-preview:-1\" \/>\n<link rel=\"canonical\" href=\"https:\/\/www.francmobiliari.com\/es\/producto\/papeleras-de-reciclaje\/\" \/>\n<meta property=\"og:locale\" content=\"es_ES\" \/>\n<meta property=\"og:type\" content=\"article\" \/>\n<meta property=\"og:title\" content=\"PAPELERAS DE RECICLAJE - francmobiliari.com\" \/>\n<meta property=\"og:description\" content=\"Pueden ser individuales o contenedores m\u00faltiples para diferentes tipos de residuos.   CAT\u00c1LOGO PAPELERAS DE RECICLAJE VEVEY  CAT\u00c1LOGO PAPELERAS DE RECICLAJE ZELL  FICHA T\u00c9CNICA PAPELERAS DE RECICLAJE MAXI  FICHA T\u00c9CNICA PAPELERAS DE RECICLAJE RECYCLING STATION  FICHA T\u00c9CNICA PAPELERAS DE RECICLAJE VEVEY  FICHA T\u00c9CNICA PAPELERAS DE RECICLAJE ZELL\" \/>\n<meta property=\"og:url\" content=\"https:\/\/www.francmobiliari.com\/es\/producto\/papeleras-de-reciclaje\/\" \/>\n<meta property=\"og:site_name\" content=\"francmobiliari.com\" \/>\n<meta property=\"article:modified_time\" content=\"2025-08-04T20:46:01+00:00\" \/>\n<meta property=\"og:image\" content=\"https:\/\/www.francmobiliari.com\/wp-content\/uploads\/2025\/07\/MINIATURA-PAREPERERES-DE-RECICLATGE.jpg\" \/>\n\t<meta property=\"og:image:width\" content=\"750\" \/>\n\t<meta property=\"og:image:height\" content=\"1125\" \/>\n\t<meta property=\"og:image:type\" content=\"image\/jpeg\" \/>\n<meta name=\"twitter:card\" content=\"summary_large_image\" \/>\n<script type=\"application\/ld+json\" class=\"yoast-schema-graph\">{\"@context\":\"https:\/\/schema.org\",\"@graph\":[{\"@type\":\"WebPage\",\"@id\":\"https:\/\/www.francmobiliari.com\/es\/producto\/papeleras-de-reciclaje\/\",\"url\":\"https:\/\/www.francmobiliari.com\/es\/producto\/papeleras-de-reciclaje\/\",\"name\":\"PAPELERAS DE RECICLAJE - francmobiliari.com\",\"isPartOf\":{\"@id\":\"https:\/\/www.francmobiliari.com\/#website\"},\"primaryImageOfPage\":{\"@id\":\"https:\/\/www.francmobiliari.com\/es\/producto\/papeleras-de-reciclaje\/#primaryimage\"},\"image\":{\"@id\":\"https:\/\/www.francmobiliari.com\/es\/producto\/papeleras-de-reciclaje\/#primaryimage\"},\"thumbnailUrl\":\"https:\/\/www.francmobiliari.com\/wp-content\/uploads\/2025\/07\/MINIATURA-PAREPERERES-DE-RECICLATGE.jpg\",\"datePublished\":\"2025-07-17T15:51:55+00:00\",\"dateModified\":\"2025-08-04T20:46:01+00:00\",\"breadcrumb\":{\"@id\":\"https:\/\/www.francmobiliari.com\/es\/producto\/papeleras-de-reciclaje\/#breadcrumb\"},\"inLanguage\":\"es\",\"potentialAction\":[{\"@type\":\"ReadAction\",\"target\":[\"https:\/\/www.francmobiliari.com\/es\/producto\/papeleras-de-reciclaje\/\"]}]},{\"@type\":\"ImageObject\",\"inLanguage\":\"es\",\"@id\":\"https:\/\/www.francmobiliari.com\/es\/producto\/papeleras-de-reciclaje\/#primaryimage\",\"url\":\"https:\/\/www.francmobiliari.com\/wp-content\/uploads\/2025\/07\/MINIATURA-PAREPERERES-DE-RECICLATGE.jpg\",\"contentUrl\":\"https:\/\/www.francmobiliari.com\/wp-content\/uploads\/2025\/07\/MINIATURA-PAREPERERES-DE-RECICLATGE.jpg\",\"width\":750,\"height\":1125},{\"@type\":\"BreadcrumbList\",\"@id\":\"https:\/\/www.francmobiliari.com\/es\/producto\/papeleras-de-reciclaje\/#breadcrumb\",\"itemListElement\":[{\"@type\":\"ListItem\",\"position\":1,\"name\":\"Portada\",\"item\":\"https:\/\/www.francmobiliari.com\/es\/inicio\/\"},{\"@type\":\"ListItem\",\"position\":2,\"name\":\"Tienda\",\"item\":\"https:\/\/www.francmobiliari.com\/es\/tienda\/\"},{\"@type\":\"ListItem\",\"position\":3,\"name\":\"PAPELERAS DE RECICLAJE\"}]},{\"@type\":\"WebSite\",\"@id\":\"https:\/\/www.francmobiliari.com\/#website\",\"url\":\"https:\/\/www.francmobiliari.com\/\",\"name\":\"francmobiliari.com\",\"description\":\"\",\"publisher\":{\"@id\":\"https:\/\/www.francmobiliari.com\/#organization\"},\"potentialAction\":[{\"@type\":\"SearchAction\",\"target\":{\"@type\":\"EntryPoint\",\"urlTemplate\":\"https:\/\/www.francmobiliari.com\/?s={search_term_string}\"},\"query-input\":{\"@type\":\"PropertyValueSpecification\",\"valueRequired\":true,\"valueName\":\"search_term_string\"}}],\"inLanguage\":\"es\"},{\"@type\":\"Organization\",\"@id\":\"https:\/\/www.francmobiliari.com\/#organization\",\"name\":\"francmobiliari.com\",\"url\":\"https:\/\/www.francmobiliari.com\/\",\"logo\":{\"@type\":\"ImageObject\",\"inLanguage\":\"es\",\"@id\":\"https:\/\/www.francmobiliari.com\/#\/schema\/logo\/image\/\",\"url\":\"https:\/\/www.francmobiliari.com\/wp-content\/uploads\/2025\/07\/img-placeholder.png\",\"contentUrl\":\"https:\/\/www.francmobiliari.com\/wp-content\/uploads\/2025\/07\/img-placeholder.png\",\"width\":1500,\"height\":1500,\"caption\":\"francmobiliari.com\"},\"image\":{\"@id\":\"https:\/\/www.francmobiliari.com\/#\/schema\/logo\/image\/\"}}]}<\/script>\n<!-- \/ Yoast SEO plugin. -->","yoast_head_json":{"title":"PAPELERAS DE RECICLAJE - francmobiliari.com","robots":{"index":"index","follow":"follow","max-snippet":"max-snippet:-1","max-image-preview":"max-image-preview:large","max-video-preview":"max-video-preview:-1"},"canonical":"https:\/\/www.francmobiliari.com\/es\/producto\/papeleras-de-reciclaje\/","og_locale":"es_ES","og_type":"article","og_title":"PAPELERAS DE RECICLAJE - francmobiliari.com","og_description":"Pueden ser individuales o contenedores m\u00faltiples para diferentes tipos de residuos.   CAT\u00c1LOGO PAPELERAS DE RECICLAJE VEVEY  CAT\u00c1LOGO PAPELERAS DE RECICLAJE ZELL  FICHA T\u00c9CNICA PAPELERAS DE RECICLAJE MAXI  FICHA T\u00c9CNICA PAPELERAS DE RECICLAJE RECYCLING STATION  FICHA T\u00c9CNICA PAPELERAS DE RECICLAJE VEVEY  FICHA T\u00c9CNICA PAPELERAS DE RECICLAJE ZELL","og_url":"https:\/\/www.francmobiliari.com\/es\/producto\/papeleras-de-reciclaje\/","og_site_name":"francmobiliari.com","article_modified_time":"2025-08-04T20:46:01+00:00","og_image":[{"width":750,"height":1125,"url":"https:\/\/www.francmobiliari.com\/wp-content\/uploads\/2025\/07\/MINIATURA-PAREPERERES-DE-RECICLATGE.jpg","type":"image\/jpeg"}],"twitter_card":"summary_large_image","schema":{"@context":"https:\/\/schema.org","@graph":[{"@type":"WebPage","@id":"https:\/\/www.francmobiliari.com\/es\/producto\/papeleras-de-reciclaje\/","url":"https:\/\/www.francmobiliari.com\/es\/producto\/papeleras-de-reciclaje\/","name":"PAPELERAS DE RECICLAJE - francmobiliari.com","isPartOf":{"@id":"https:\/\/www.francmobiliari.com\/#website"},"primaryImageOfPage":{"@id":"https:\/\/www.francmobiliari.com\/es\/producto\/papeleras-de-reciclaje\/#primaryimage"},"image":{"@id":"https:\/\/www.francmobiliari.com\/es\/producto\/papeleras-de-reciclaje\/#primaryimage"},"thumbnailUrl":"https:\/\/www.francmobiliari.com\/wp-content\/uploads\/2025\/07\/MINIATURA-PAREPERERES-DE-RECICLATGE.jpg","datePublished":"2025-07-17T15:51:55+00:00","dateModified":"2025-08-04T20:46:01+00:00","breadcrumb":{"@id":"https:\/\/www.francmobiliari.com\/es\/producto\/papeleras-de-reciclaje\/#breadcrumb"},"inLanguage":"es","potentialAction":[{"@type":"ReadAction","target":["https:\/\/www.francmobiliari.com\/es\/producto\/papeleras-de-reciclaje\/"]}]},{"@type":"ImageObject","inLanguage":"es","@id":"https:\/\/www.francmobiliari.com\/es\/producto\/papeleras-de-reciclaje\/#primaryimage","url":"https:\/\/www.francmobiliari.com\/wp-content\/uploads\/2025\/07\/MINIATURA-PAREPERERES-DE-RECICLATGE.jpg","contentUrl":"https:\/\/www.francmobiliari.com\/wp-content\/uploads\/2025\/07\/MINIATURA-PAREPERERES-DE-RECICLATGE.jpg","width":750,"height":1125},{"@type":"BreadcrumbList","@id":"https:\/\/www.francmobiliari.com\/es\/producto\/papeleras-de-reciclaje\/#breadcrumb","itemListElement":[{"@type":"ListItem","position":1,"name":"Portada","item":"https:\/\/www.francmobiliari.com\/es\/inicio\/"},{"@type":"ListItem","position":2,"name":"Tienda","item":"https:\/\/www.francmobiliari.com\/es\/tienda\/"},{"@type":"ListItem","position":3,"name":"PAPELERAS DE RECICLAJE"}]},{"@type":"WebSite","@id":"https:\/\/www.francmobiliari.com\/#website","url":"https:\/\/www.francmobiliari.com\/","name":"francmobiliari.com","description":"","publisher":{"@id":"https:\/\/www.francmobiliari.com\/#organization"},"potentialAction":[{"@type":"SearchAction","target":{"@type":"EntryPoint","urlTemplate":"https:\/\/www.francmobiliari.com\/?s={search_term_string}"},"query-input":{"@type":"PropertyValueSpecification","valueRequired":true,"valueName":"search_term_string"}}],"inLanguage":"es"},{"@type":"Organization","@id":"https:\/\/www.francmobiliari.com\/#organization","name":"francmobiliari.com","url":"https:\/\/www.francmobiliari.com\/","logo":{"@type":"ImageObject","inLanguage":"es","@id":"https:\/\/www.francmobiliari.com\/#\/schema\/logo\/image\/","url":"https:\/\/www.francmobiliari.com\/wp-content\/uploads\/2025\/07\/img-placeholder.png","contentUrl":"https:\/\/www.francmobiliari.com\/wp-content\/uploads\/2025\/07\/img-placeholder.png","width":1500,"height":1500,"caption":"francmobiliari.com"},"image":{"@id":"https:\/\/www.francmobiliari.com\/#\/schema\/logo\/image\/"}}]}},"_links":{"self":[{"href":"https:\/\/www.francmobiliari.com\/es\/wp-json\/wp\/v2\/product\/6457","targetHints":{"allow":["GET"]}}],"collection":[{"href":"https:\/\/www.francmobiliari.com\/es\/wp-json\/wp\/v2\/product"}],"about":[{"href":"https:\/\/www.francmobiliari.com\/es\/wp-json\/wp\/v2\/types\/product"}],"wp:featuredmedia":[{"embeddable":true,"href":"https:\/\/www.francmobiliari.com\/es\/wp-json\/wp\/v2\/media\/4024"}],"wp:attachment":[{"href":"https:\/\/www.francmobiliari.com\/es\/wp-json\/wp\/v2\/media?parent=6457"}],"wp:term":[{"taxonomy":"product_brand","embeddable":true,"href":"https:\/\/www.francmobiliari.com\/es\/wp-json\/wp\/v2\/product_brand?post=6457"},{"taxonomy":"product_cat","embeddable":true,"href":"https:\/\/www.francmobiliari.com\/es\/wp-json\/wp\/v2\/product_cat?post=6457"},{"taxonomy":"product_tag","embeddable":true,"href":"https:\/\/www.francmobiliari.com\/es\/wp-json\/wp\/v2\/product_tag?post=6457"}],"curies":[{"name":"wp","href":"https:\/\/api.w.org\/{rel}","templated":true}]}}