{"id":6443,"date":"2025-07-17T17:44:28","date_gmt":"2025-07-17T15:44:28","guid":{"rendered":"https:\/\/www.francmobiliari.com\/producto\/butaques-direccionals-band\/"},"modified":"2025-08-04T22:19:45","modified_gmt":"2025-08-04T20:19:45","slug":"butacas-direccionales-band","status":"publish","type":"product","link":"https:\/\/www.francmobiliari.com\/es\/producto\/butacas-direccionales-band\/","title":{"rendered":"Butacas Direccionales BAND"},"content":{"rendered":false,"protected":false},"excerpt":{"rendered":"<div class=\"page\" title=\"Page 8\">\n<div class=\"layoutArea\">\n<div class=\"column\">\n<p>Monocasco tapizado en piel. Mecanismo basculante. Base de aluminio o de madera, con ruedas o topes. Parte trasera en madera de Noguera.<\/p>\n<ul>\n<li><a style=\"color: var(--wd-text-color);\" href=\"https:\/\/www.francmobiliari.com\/wp-content\/uploads\/2022\/11\/CATALEG-BUTACA-DIRECCIONAL-BAND.pdf\" target=\"_blank\" rel=\"noopener\">CAT\u00c1LOGO SILL\u00d3N DIRECCIONAL BAND<\/a><\/li>\n<li><a style=\"color: var(--wd-text-color);\" href=\"https:\/\/www.francmobiliari.com\/wp-content\/uploads\/2022\/11\/FITXA-TECNICA-BUTACA-DIRECCIONAL-BAND.pdf\" target=\"_blank\" rel=\"noopener\">FICHA T\u00c9CNICA SILL\u00d3N DIRECCIONAL BAND<\/a><\/li>\n<\/ul>\n<\/div>\n<\/div>\n<\/div>\n<p>Fabricada sobre estructura interna de madera de haya mecanizada.<\/p>\n<p>Mecanismo oscilante con regulaci\u00f3n de la tensi\u00f3n para adaptar la silla al peso del usuario.<\/p>\n<p>Respaldo revestido con espuma de poliuretano de densidad 28 kg\/m3 y moldeado indeformable. Opcional revestido con tablero monocasco curvado de 8 mm contrachapada, acabado en chapa natural de nogal americano o haya. Opcional costura \u201cdiamonte\u201d con textura de rombos sobre piel.<\/p>\n<p>Asiento revestido con espuma de poliuretano de densidad 40 kg\/m3 y moldeado indeformable. Regulable en altura con pist\u00f3n de gas. Altura m\u00ednima 460 mm y altura m\u00e1xima 560 mm.<\/p>\n<p>Disponible en piel, napel o tejido de distintos colores.<\/p>\n<p>Base giratoria de 5 radios, de aluminio pulido con ruedas de doble rodadura blanda o dura de 65 mm. Opcional revestida en madera.<\/p>\n","protected":false},"featured_media":2976,"template":"","meta":{"_acf_changed":false,"inline_featured_image":false,"_genesis_hide_title":false,"_genesis_hide_breadcrumbs":false,"_genesis_hide_singular_image":false,"_genesis_hide_footer_widgets":false,"_genesis_custom_body_class":"","_genesis_custom_post_class":"","_genesis_layout":"","_links_to":"","_links_to_target":""},"product_brand":[],"product_cat":[95],"product_tag":[],"class_list":{"0":"post-6443","1":"product","2":"type-product","3":"status-publish","4":"has-post-thumbnail","6":"product_cat-sillas-butacas-de-direccion","7":"entry","9":"first","10":"instock","11":"shipping-taxable","12":"product-type-simple"},"acf":[],"yoast_head":"<!-- This site is optimized with the Yoast SEO plugin v26.2 - https:\/\/yoast.com\/wordpress\/plugins\/seo\/ -->\n<title>Butacas Direccionales BAND - francmobiliari.com<\/title>\n<meta name=\"robots\" content=\"index, follow, max-snippet:-1, max-image-preview:large, max-video-preview:-1\" \/>\n<link rel=\"canonical\" href=\"https:\/\/www.francmobiliari.com\/es\/producto\/butacas-direccionales-band\/\" \/>\n<meta property=\"og:locale\" content=\"es_ES\" \/>\n<meta property=\"og:type\" content=\"article\" \/>\n<meta property=\"og:title\" content=\"Butacas Direccionales BAND - francmobiliari.com\" \/>\n<meta property=\"og:description\" content=\"Monocasco tapizado en piel. Mecanismo basculante. Base de aluminio o de madera, con ruedas o topes. Parte trasera en madera de Noguera.   CAT\u00c1LOGO SILL\u00d3N DIRECCIONAL BAND  FICHA T\u00c9CNICA SILL\u00d3N DIRECCIONAL BAND     Fabricada sobre estructura interna de madera de haya mecanizada.  Mecanismo oscilante con regulaci\u00f3n de la tensi\u00f3n para adaptar la silla al peso del usuario.  Respaldo revestido con espuma de poliuretano de densidad 28 kg\/m3 y moldeado indeformable. Opcional revestido con tablero monocasco curvado de 8 mm contrachapada, acabado en chapa natural de nogal americano o haya. Opcional costura \u201cdiamonte\u201d con textura de rombos sobre piel.  Asiento revestido con espuma de poliuretano de densidad 40 kg\/m3 y moldeado indeformable. Regulable en altura con pist\u00f3n de gas. Altura m\u00ednima 460 mm y altura m\u00e1xima 560 mm.  Disponible en piel, napel o tejido de distintos colores.  Base giratoria de 5 radios, de aluminio pulido con ruedas de doble rodadura blanda o dura de 65 mm. Opcional revestida en madera.\" \/>\n<meta property=\"og:url\" content=\"https:\/\/www.francmobiliari.com\/es\/producto\/butacas-direccionales-band\/\" \/>\n<meta property=\"og:site_name\" content=\"francmobiliari.com\" \/>\n<meta property=\"article:modified_time\" content=\"2025-08-04T20:19:45+00:00\" \/>\n<meta property=\"og:image\" content=\"https:\/\/www.francmobiliari.com\/wp-content\/uploads\/2025\/07\/MINIATURA-BUTACA-DIRECCIONAL-BAND.jpg\" \/>\n\t<meta property=\"og:image:width\" content=\"1800\" \/>\n\t<meta property=\"og:image:height\" content=\"1350\" \/>\n\t<meta property=\"og:image:type\" content=\"image\/jpeg\" \/>\n<meta name=\"twitter:card\" content=\"summary_large_image\" \/>\n<script type=\"application\/ld+json\" class=\"yoast-schema-graph\">{\"@context\":\"https:\/\/schema.org\",\"@graph\":[{\"@type\":\"WebPage\",\"@id\":\"https:\/\/www.francmobiliari.com\/es\/producto\/butacas-direccionales-band\/\",\"url\":\"https:\/\/www.francmobiliari.com\/es\/producto\/butacas-direccionales-band\/\",\"name\":\"Butacas Direccionales BAND - francmobiliari.com\",\"isPartOf\":{\"@id\":\"https:\/\/www.francmobiliari.com\/#website\"},\"primaryImageOfPage\":{\"@id\":\"https:\/\/www.francmobiliari.com\/es\/producto\/butacas-direccionales-band\/#primaryimage\"},\"image\":{\"@id\":\"https:\/\/www.francmobiliari.com\/es\/producto\/butacas-direccionales-band\/#primaryimage\"},\"thumbnailUrl\":\"https:\/\/www.francmobiliari.com\/wp-content\/uploads\/2025\/07\/MINIATURA-BUTACA-DIRECCIONAL-BAND.jpg\",\"datePublished\":\"2025-07-17T15:44:28+00:00\",\"dateModified\":\"2025-08-04T20:19:45+00:00\",\"breadcrumb\":{\"@id\":\"https:\/\/www.francmobiliari.com\/es\/producto\/butacas-direccionales-band\/#breadcrumb\"},\"inLanguage\":\"es\",\"potentialAction\":[{\"@type\":\"ReadAction\",\"target\":[\"https:\/\/www.francmobiliari.com\/es\/producto\/butacas-direccionales-band\/\"]}]},{\"@type\":\"ImageObject\",\"inLanguage\":\"es\",\"@id\":\"https:\/\/www.francmobiliari.com\/es\/producto\/butacas-direccionales-band\/#primaryimage\",\"url\":\"https:\/\/www.francmobiliari.com\/wp-content\/uploads\/2025\/07\/MINIATURA-BUTACA-DIRECCIONAL-BAND.jpg\",\"contentUrl\":\"https:\/\/www.francmobiliari.com\/wp-content\/uploads\/2025\/07\/MINIATURA-BUTACA-DIRECCIONAL-BAND.jpg\",\"width\":1800,\"height\":1350},{\"@type\":\"BreadcrumbList\",\"@id\":\"https:\/\/www.francmobiliari.com\/es\/producto\/butacas-direccionales-band\/#breadcrumb\",\"itemListElement\":[{\"@type\":\"ListItem\",\"position\":1,\"name\":\"Portada\",\"item\":\"https:\/\/www.francmobiliari.com\/es\/inicio\/\"},{\"@type\":\"ListItem\",\"position\":2,\"name\":\"Tienda\",\"item\":\"https:\/\/www.francmobiliari.com\/es\/tienda\/\"},{\"@type\":\"ListItem\",\"position\":3,\"name\":\"Butacas Direccionales BAND\"}]},{\"@type\":\"WebSite\",\"@id\":\"https:\/\/www.francmobiliari.com\/#website\",\"url\":\"https:\/\/www.francmobiliari.com\/\",\"name\":\"francmobiliari.com\",\"description\":\"\",\"publisher\":{\"@id\":\"https:\/\/www.francmobiliari.com\/#organization\"},\"potentialAction\":[{\"@type\":\"SearchAction\",\"target\":{\"@type\":\"EntryPoint\",\"urlTemplate\":\"https:\/\/www.francmobiliari.com\/?s={search_term_string}\"},\"query-input\":{\"@type\":\"PropertyValueSpecification\",\"valueRequired\":true,\"valueName\":\"search_term_string\"}}],\"inLanguage\":\"es\"},{\"@type\":\"Organization\",\"@id\":\"https:\/\/www.francmobiliari.com\/#organization\",\"name\":\"francmobiliari.com\",\"url\":\"https:\/\/www.francmobiliari.com\/\",\"logo\":{\"@type\":\"ImageObject\",\"inLanguage\":\"es\",\"@id\":\"https:\/\/www.francmobiliari.com\/#\/schema\/logo\/image\/\",\"url\":\"https:\/\/www.francmobiliari.com\/wp-content\/uploads\/2025\/07\/img-placeholder.png\",\"contentUrl\":\"https:\/\/www.francmobiliari.com\/wp-content\/uploads\/2025\/07\/img-placeholder.png\",\"width\":1500,\"height\":1500,\"caption\":\"francmobiliari.com\"},\"image\":{\"@id\":\"https:\/\/www.francmobiliari.com\/#\/schema\/logo\/image\/\"}}]}<\/script>\n<!-- \/ Yoast SEO plugin. -->","yoast_head_json":{"title":"Butacas Direccionales BAND - francmobiliari.com","robots":{"index":"index","follow":"follow","max-snippet":"max-snippet:-1","max-image-preview":"max-image-preview:large","max-video-preview":"max-video-preview:-1"},"canonical":"https:\/\/www.francmobiliari.com\/es\/producto\/butacas-direccionales-band\/","og_locale":"es_ES","og_type":"article","og_title":"Butacas Direccionales BAND - francmobiliari.com","og_description":"Monocasco tapizado en piel. Mecanismo basculante. Base de aluminio o de madera, con ruedas o topes. Parte trasera en madera de Noguera.   CAT\u00c1LOGO SILL\u00d3N DIRECCIONAL BAND  FICHA T\u00c9CNICA SILL\u00d3N DIRECCIONAL BAND     Fabricada sobre estructura interna de madera de haya mecanizada.  Mecanismo oscilante con regulaci\u00f3n de la tensi\u00f3n para adaptar la silla al peso del usuario.  Respaldo revestido con espuma de poliuretano de densidad 28 kg\/m3 y moldeado indeformable. Opcional revestido con tablero monocasco curvado de 8 mm contrachapada, acabado en chapa natural de nogal americano o haya. Opcional costura \u201cdiamonte\u201d con textura de rombos sobre piel.  Asiento revestido con espuma de poliuretano de densidad 40 kg\/m3 y moldeado indeformable. Regulable en altura con pist\u00f3n de gas. Altura m\u00ednima 460 mm y altura m\u00e1xima 560 mm.  Disponible en piel, napel o tejido de distintos colores.  Base giratoria de 5 radios, de aluminio pulido con ruedas de doble rodadura blanda o dura de 65 mm. Opcional revestida en madera.","og_url":"https:\/\/www.francmobiliari.com\/es\/producto\/butacas-direccionales-band\/","og_site_name":"francmobiliari.com","article_modified_time":"2025-08-04T20:19:45+00:00","og_image":[{"width":1800,"height":1350,"url":"https:\/\/www.francmobiliari.com\/wp-content\/uploads\/2025\/07\/MINIATURA-BUTACA-DIRECCIONAL-BAND.jpg","type":"image\/jpeg"}],"twitter_card":"summary_large_image","schema":{"@context":"https:\/\/schema.org","@graph":[{"@type":"WebPage","@id":"https:\/\/www.francmobiliari.com\/es\/producto\/butacas-direccionales-band\/","url":"https:\/\/www.francmobiliari.com\/es\/producto\/butacas-direccionales-band\/","name":"Butacas Direccionales BAND - francmobiliari.com","isPartOf":{"@id":"https:\/\/www.francmobiliari.com\/#website"},"primaryImageOfPage":{"@id":"https:\/\/www.francmobiliari.com\/es\/producto\/butacas-direccionales-band\/#primaryimage"},"image":{"@id":"https:\/\/www.francmobiliari.com\/es\/producto\/butacas-direccionales-band\/#primaryimage"},"thumbnailUrl":"https:\/\/www.francmobiliari.com\/wp-content\/uploads\/2025\/07\/MINIATURA-BUTACA-DIRECCIONAL-BAND.jpg","datePublished":"2025-07-17T15:44:28+00:00","dateModified":"2025-08-04T20:19:45+00:00","breadcrumb":{"@id":"https:\/\/www.francmobiliari.com\/es\/producto\/butacas-direccionales-band\/#breadcrumb"},"inLanguage":"es","potentialAction":[{"@type":"ReadAction","target":["https:\/\/www.francmobiliari.com\/es\/producto\/butacas-direccionales-band\/"]}]},{"@type":"ImageObject","inLanguage":"es","@id":"https:\/\/www.francmobiliari.com\/es\/producto\/butacas-direccionales-band\/#primaryimage","url":"https:\/\/www.francmobiliari.com\/wp-content\/uploads\/2025\/07\/MINIATURA-BUTACA-DIRECCIONAL-BAND.jpg","contentUrl":"https:\/\/www.francmobiliari.com\/wp-content\/uploads\/2025\/07\/MINIATURA-BUTACA-DIRECCIONAL-BAND.jpg","width":1800,"height":1350},{"@type":"BreadcrumbList","@id":"https:\/\/www.francmobiliari.com\/es\/producto\/butacas-direccionales-band\/#breadcrumb","itemListElement":[{"@type":"ListItem","position":1,"name":"Portada","item":"https:\/\/www.francmobiliari.com\/es\/inicio\/"},{"@type":"ListItem","position":2,"name":"Tienda","item":"https:\/\/www.francmobiliari.com\/es\/tienda\/"},{"@type":"ListItem","position":3,"name":"Butacas Direccionales BAND"}]},{"@type":"WebSite","@id":"https:\/\/www.francmobiliari.com\/#website","url":"https:\/\/www.francmobiliari.com\/","name":"francmobiliari.com","description":"","publisher":{"@id":"https:\/\/www.francmobiliari.com\/#organization"},"potentialAction":[{"@type":"SearchAction","target":{"@type":"EntryPoint","urlTemplate":"https:\/\/www.francmobiliari.com\/?s={search_term_string}"},"query-input":{"@type":"PropertyValueSpecification","valueRequired":true,"valueName":"search_term_string"}}],"inLanguage":"es"},{"@type":"Organization","@id":"https:\/\/www.francmobiliari.com\/#organization","name":"francmobiliari.com","url":"https:\/\/www.francmobiliari.com\/","logo":{"@type":"ImageObject","inLanguage":"es","@id":"https:\/\/www.francmobiliari.com\/#\/schema\/logo\/image\/","url":"https:\/\/www.francmobiliari.com\/wp-content\/uploads\/2025\/07\/img-placeholder.png","contentUrl":"https:\/\/www.francmobiliari.com\/wp-content\/uploads\/2025\/07\/img-placeholder.png","width":1500,"height":1500,"caption":"francmobiliari.com"},"image":{"@id":"https:\/\/www.francmobiliari.com\/#\/schema\/logo\/image\/"}}]}},"_links":{"self":[{"href":"https:\/\/www.francmobiliari.com\/es\/wp-json\/wp\/v2\/product\/6443","targetHints":{"allow":["GET"]}}],"collection":[{"href":"https:\/\/www.francmobiliari.com\/es\/wp-json\/wp\/v2\/product"}],"about":[{"href":"https:\/\/www.francmobiliari.com\/es\/wp-json\/wp\/v2\/types\/product"}],"wp:featuredmedia":[{"embeddable":true,"href":"https:\/\/www.francmobiliari.com\/es\/wp-json\/wp\/v2\/media\/2976"}],"wp:attachment":[{"href":"https:\/\/www.francmobiliari.com\/es\/wp-json\/wp\/v2\/media?parent=6443"}],"wp:term":[{"taxonomy":"product_brand","embeddable":true,"href":"https:\/\/www.francmobiliari.com\/es\/wp-json\/wp\/v2\/product_brand?post=6443"},{"taxonomy":"product_cat","embeddable":true,"href":"https:\/\/www.francmobiliari.com\/es\/wp-json\/wp\/v2\/product_cat?post=6443"},{"taxonomy":"product_tag","embeddable":true,"href":"https:\/\/www.francmobiliari.com\/es\/wp-json\/wp\/v2\/product_tag?post=6443"}],"curies":[{"name":"wp","href":"https:\/\/api.w.org\/{rel}","templated":true}]}}