{"id":6441,"date":"2025-07-17T17:44:29","date_gmt":"2025-07-17T15:44:29","guid":{"rendered":"https:\/\/www.francmobiliari.com\/producto\/butaques-direccionals-destil-angles\/"},"modified":"2025-08-04T22:08:34","modified_gmt":"2025-08-04T20:08:34","slug":"butacas-direccionales-de-estilo-ingles","status":"publish","type":"product","link":"https:\/\/www.francmobiliari.com\/es\/producto\/butacas-direccionales-de-estilo-ingles\/","title":{"rendered":"Butacas Direccionales De Estilo Ingl\u00e9s"},"content":{"rendered":false,"protected":false},"excerpt":{"rendered":"<div class=\"page\" title=\"Page 8\">\n<div class=\"layoutArea\">\n<div class=\"column\">\n<p>Diferentes modelos de sillones con base de madera, con respaldo liso o con capiton\u00e9. Mecanismo basculante. Tapizadas en piel.<\/p>\n<ul>\n<li><a style=\"color: var(--wd-text-color);\" href=\"https:\/\/www.francmobiliari.com\/wp-content\/uploads\/2022\/11\/FITXA-TECNICA-BUTAQUES-ESTIL-ANGLES.pdf\" target=\"_blank\" rel=\"noopener\">FICHA T\u00c9CNICA BUTACAS ESTILO \u00c1NGULOS<\/a><\/li>\n<\/ul>\n<\/div>\n<\/div>\n<\/div>\n<p><strong>Silla:<\/strong><\/p>\n<p>Estructura, brazos y bases fabricadas en madera maciza de haya con capa de fondo poliacr\u00edlico con poro abierto o capa de laca en diferentes tonos en poro cerrado.<\/p>\n<p>Mecanismo oscilante con regulaci\u00f3n de la tensi\u00f3n para adaptar la silla al peso del usuario. Regulable en altura con pist\u00f3n de gas.<\/p>\n<p>Respaldo revestido con espuma de poliuretano de densidad 28 kg\/m3 y asiento de densidad de 40 kg\/m3. Ambos con moldeado indeformable y resistencia al fuego clase 1.<\/p>\n<p>Disponible en piel, napel o tejido de distintos colores. Decorada con tachuelas de lat\u00f3n.<\/p>\n<p>Base giratoria de 5 radios de madera con refuerzo interior de acero en dise\u00f1o cl\u00e1sico. Barnizada en diferentes tonalidades.<\/p>\n<p><strong>BUTACA:<\/strong><\/p>\n<p>Estructura y bases fabricadas en madera de haya maciza.<\/p>\n<p>Mecanismo oscilante con regulaci\u00f3n de la tensi\u00f3n para adaptar la silla al peso del usuario. Regulable en altura con pist\u00f3n de gas.<\/p>\n<p>Respaldo revestido con espuma de poliuretano de densidad 28 kg\/m3 y asiento de densidad de 40 kg\/m3. Ambos con moldeado indeformable y resistencia al fuego clase 1.<\/p>\n<p>Disponible en piel, napel o tejido de distintos colores. Tapizado con capiton\u00e9 y decorada con tachuelas de lat\u00f3n. Opcional decoraci\u00f3n de madera en brazos.<\/p>\n<p>Base giratoria de 5 radios de madera con refuerzo interior de acero en dise\u00f1o cl\u00e1sico. Barnizada en diferentes tonalidades.<\/p>\n","protected":false},"featured_media":3006,"template":"","meta":{"_acf_changed":false,"inline_featured_image":false,"_genesis_hide_title":false,"_genesis_hide_breadcrumbs":false,"_genesis_hide_singular_image":false,"_genesis_hide_footer_widgets":false,"_genesis_custom_body_class":"","_genesis_custom_post_class":"","_genesis_layout":"","_links_to":"","_links_to_target":""},"product_brand":[],"product_cat":[95],"product_tag":[],"class_list":{"0":"post-6441","1":"product","2":"type-product","3":"status-publish","4":"has-post-thumbnail","6":"product_cat-sillas-butacas-de-direccion","7":"entry","9":"first","10":"instock","11":"shipping-taxable","12":"product-type-simple"},"acf":[],"yoast_head":"<!-- This site is optimized with the Yoast SEO plugin v26.2 - https:\/\/yoast.com\/wordpress\/plugins\/seo\/ -->\n<title>Butacas Direccionales De Estilo Ingl\u00e9s - francmobiliari.com<\/title>\n<meta name=\"robots\" content=\"index, follow, max-snippet:-1, max-image-preview:large, max-video-preview:-1\" \/>\n<link rel=\"canonical\" href=\"https:\/\/www.francmobiliari.com\/es\/producto\/butacas-direccionales-de-estilo-ingles\/\" \/>\n<meta property=\"og:locale\" content=\"es_ES\" \/>\n<meta property=\"og:type\" content=\"article\" \/>\n<meta property=\"og:title\" content=\"Butacas Direccionales De Estilo Ingl\u00e9s - francmobiliari.com\" \/>\n<meta property=\"og:description\" content=\"Diferentes modelos de sillones con base de madera, con respaldo liso o con capiton\u00e9. Mecanismo basculante. Tapizadas en piel.   FICHA T\u00c9CNICA BUTACAS ESTILO \u00c1NGULOS     Silla:  Estructura, brazos y bases fabricadas en madera maciza de haya con capa de fondo poliacr\u00edlico con poro abierto o capa de laca en diferentes tonos en poro cerrado.  Mecanismo oscilante con regulaci\u00f3n de la tensi\u00f3n para adaptar la silla al peso del usuario. Regulable en altura con pist\u00f3n de gas.  Respaldo revestido con espuma de poliuretano de densidad 28 kg\/m3 y asiento de densidad de 40 kg\/m3. Ambos con moldeado indeformable y resistencia al fuego clase 1.  Disponible en piel, napel o tejido de distintos colores. Decorada con tachuelas de lat\u00f3n.  Base giratoria de 5 radios de madera con refuerzo interior de acero en dise\u00f1o cl\u00e1sico. Barnizada en diferentes tonalidades.  BUTACA:  Estructura y bases fabricadas en madera de haya maciza.  Mecanismo oscilante con regulaci\u00f3n de la tensi\u00f3n para adaptar la silla al peso del usuario. Regulable en altura con pist\u00f3n de gas.  Respaldo revestido con espuma de poliuretano de densidad 28 kg\/m3 y asiento de densidad de 40 kg\/m3. Ambos con moldeado indeformable y resistencia al fuego clase 1.  Disponible en piel, napel o tejido de distintos colores. Tapizado con capiton\u00e9 y decorada con tachuelas de lat\u00f3n. Opcional decoraci\u00f3n de madera en brazos.  Base giratoria de 5 radios de madera con refuerzo interior de acero en dise\u00f1o cl\u00e1sico. Barnizada en diferentes tonalidades.\" \/>\n<meta property=\"og:url\" content=\"https:\/\/www.francmobiliari.com\/es\/producto\/butacas-direccionales-de-estilo-ingles\/\" \/>\n<meta property=\"og:site_name\" content=\"francmobiliari.com\" \/>\n<meta property=\"article:modified_time\" content=\"2025-08-04T20:08:34+00:00\" \/>\n<meta property=\"og:image\" content=\"https:\/\/www.francmobiliari.com\/wp-content\/uploads\/2025\/07\/MINIATURA-BUTAQUES-ESTIL-ANGLES.jpg\" \/>\n\t<meta property=\"og:image:width\" content=\"1400\" \/>\n\t<meta property=\"og:image:height\" content=\"560\" \/>\n\t<meta property=\"og:image:type\" content=\"image\/jpeg\" \/>\n<meta name=\"twitter:card\" content=\"summary_large_image\" \/>\n<script type=\"application\/ld+json\" class=\"yoast-schema-graph\">{\"@context\":\"https:\/\/schema.org\",\"@graph\":[{\"@type\":\"WebPage\",\"@id\":\"https:\/\/www.francmobiliari.com\/es\/producto\/butacas-direccionales-de-estilo-ingles\/\",\"url\":\"https:\/\/www.francmobiliari.com\/es\/producto\/butacas-direccionales-de-estilo-ingles\/\",\"name\":\"Butacas Direccionales De Estilo Ingl\u00e9s - francmobiliari.com\",\"isPartOf\":{\"@id\":\"https:\/\/www.francmobiliari.com\/#website\"},\"primaryImageOfPage\":{\"@id\":\"https:\/\/www.francmobiliari.com\/es\/producto\/butacas-direccionales-de-estilo-ingles\/#primaryimage\"},\"image\":{\"@id\":\"https:\/\/www.francmobiliari.com\/es\/producto\/butacas-direccionales-de-estilo-ingles\/#primaryimage\"},\"thumbnailUrl\":\"https:\/\/www.francmobiliari.com\/wp-content\/uploads\/2025\/07\/MINIATURA-BUTAQUES-ESTIL-ANGLES.jpg\",\"datePublished\":\"2025-07-17T15:44:29+00:00\",\"dateModified\":\"2025-08-04T20:08:34+00:00\",\"breadcrumb\":{\"@id\":\"https:\/\/www.francmobiliari.com\/es\/producto\/butacas-direccionales-de-estilo-ingles\/#breadcrumb\"},\"inLanguage\":\"es\",\"potentialAction\":[{\"@type\":\"ReadAction\",\"target\":[\"https:\/\/www.francmobiliari.com\/es\/producto\/butacas-direccionales-de-estilo-ingles\/\"]}]},{\"@type\":\"ImageObject\",\"inLanguage\":\"es\",\"@id\":\"https:\/\/www.francmobiliari.com\/es\/producto\/butacas-direccionales-de-estilo-ingles\/#primaryimage\",\"url\":\"https:\/\/www.francmobiliari.com\/wp-content\/uploads\/2025\/07\/MINIATURA-BUTAQUES-ESTIL-ANGLES.jpg\",\"contentUrl\":\"https:\/\/www.francmobiliari.com\/wp-content\/uploads\/2025\/07\/MINIATURA-BUTAQUES-ESTIL-ANGLES.jpg\",\"width\":1400,\"height\":560},{\"@type\":\"BreadcrumbList\",\"@id\":\"https:\/\/www.francmobiliari.com\/es\/producto\/butacas-direccionales-de-estilo-ingles\/#breadcrumb\",\"itemListElement\":[{\"@type\":\"ListItem\",\"position\":1,\"name\":\"Portada\",\"item\":\"https:\/\/www.francmobiliari.com\/es\/inicio\/\"},{\"@type\":\"ListItem\",\"position\":2,\"name\":\"Tienda\",\"item\":\"https:\/\/www.francmobiliari.com\/es\/tienda\/\"},{\"@type\":\"ListItem\",\"position\":3,\"name\":\"Butacas Direccionales De Estilo Ingl\u00e9s\"}]},{\"@type\":\"WebSite\",\"@id\":\"https:\/\/www.francmobiliari.com\/#website\",\"url\":\"https:\/\/www.francmobiliari.com\/\",\"name\":\"francmobiliari.com\",\"description\":\"\",\"publisher\":{\"@id\":\"https:\/\/www.francmobiliari.com\/#organization\"},\"potentialAction\":[{\"@type\":\"SearchAction\",\"target\":{\"@type\":\"EntryPoint\",\"urlTemplate\":\"https:\/\/www.francmobiliari.com\/?s={search_term_string}\"},\"query-input\":{\"@type\":\"PropertyValueSpecification\",\"valueRequired\":true,\"valueName\":\"search_term_string\"}}],\"inLanguage\":\"es\"},{\"@type\":\"Organization\",\"@id\":\"https:\/\/www.francmobiliari.com\/#organization\",\"name\":\"francmobiliari.com\",\"url\":\"https:\/\/www.francmobiliari.com\/\",\"logo\":{\"@type\":\"ImageObject\",\"inLanguage\":\"es\",\"@id\":\"https:\/\/www.francmobiliari.com\/#\/schema\/logo\/image\/\",\"url\":\"https:\/\/www.francmobiliari.com\/wp-content\/uploads\/2025\/07\/img-placeholder.png\",\"contentUrl\":\"https:\/\/www.francmobiliari.com\/wp-content\/uploads\/2025\/07\/img-placeholder.png\",\"width\":1500,\"height\":1500,\"caption\":\"francmobiliari.com\"},\"image\":{\"@id\":\"https:\/\/www.francmobiliari.com\/#\/schema\/logo\/image\/\"}}]}<\/script>\n<!-- \/ Yoast SEO plugin. -->","yoast_head_json":{"title":"Butacas Direccionales De Estilo Ingl\u00e9s - francmobiliari.com","robots":{"index":"index","follow":"follow","max-snippet":"max-snippet:-1","max-image-preview":"max-image-preview:large","max-video-preview":"max-video-preview:-1"},"canonical":"https:\/\/www.francmobiliari.com\/es\/producto\/butacas-direccionales-de-estilo-ingles\/","og_locale":"es_ES","og_type":"article","og_title":"Butacas Direccionales De Estilo Ingl\u00e9s - francmobiliari.com","og_description":"Diferentes modelos de sillones con base de madera, con respaldo liso o con capiton\u00e9. Mecanismo basculante. Tapizadas en piel.   FICHA T\u00c9CNICA BUTACAS ESTILO \u00c1NGULOS     Silla:  Estructura, brazos y bases fabricadas en madera maciza de haya con capa de fondo poliacr\u00edlico con poro abierto o capa de laca en diferentes tonos en poro cerrado.  Mecanismo oscilante con regulaci\u00f3n de la tensi\u00f3n para adaptar la silla al peso del usuario. Regulable en altura con pist\u00f3n de gas.  Respaldo revestido con espuma de poliuretano de densidad 28 kg\/m3 y asiento de densidad de 40 kg\/m3. Ambos con moldeado indeformable y resistencia al fuego clase 1.  Disponible en piel, napel o tejido de distintos colores. Decorada con tachuelas de lat\u00f3n.  Base giratoria de 5 radios de madera con refuerzo interior de acero en dise\u00f1o cl\u00e1sico. Barnizada en diferentes tonalidades.  BUTACA:  Estructura y bases fabricadas en madera de haya maciza.  Mecanismo oscilante con regulaci\u00f3n de la tensi\u00f3n para adaptar la silla al peso del usuario. Regulable en altura con pist\u00f3n de gas.  Respaldo revestido con espuma de poliuretano de densidad 28 kg\/m3 y asiento de densidad de 40 kg\/m3. Ambos con moldeado indeformable y resistencia al fuego clase 1.  Disponible en piel, napel o tejido de distintos colores. Tapizado con capiton\u00e9 y decorada con tachuelas de lat\u00f3n. Opcional decoraci\u00f3n de madera en brazos.  Base giratoria de 5 radios de madera con refuerzo interior de acero en dise\u00f1o cl\u00e1sico. Barnizada en diferentes tonalidades.","og_url":"https:\/\/www.francmobiliari.com\/es\/producto\/butacas-direccionales-de-estilo-ingles\/","og_site_name":"francmobiliari.com","article_modified_time":"2025-08-04T20:08:34+00:00","og_image":[{"width":1400,"height":560,"url":"https:\/\/www.francmobiliari.com\/wp-content\/uploads\/2025\/07\/MINIATURA-BUTAQUES-ESTIL-ANGLES.jpg","type":"image\/jpeg"}],"twitter_card":"summary_large_image","schema":{"@context":"https:\/\/schema.org","@graph":[{"@type":"WebPage","@id":"https:\/\/www.francmobiliari.com\/es\/producto\/butacas-direccionales-de-estilo-ingles\/","url":"https:\/\/www.francmobiliari.com\/es\/producto\/butacas-direccionales-de-estilo-ingles\/","name":"Butacas Direccionales De Estilo Ingl\u00e9s - francmobiliari.com","isPartOf":{"@id":"https:\/\/www.francmobiliari.com\/#website"},"primaryImageOfPage":{"@id":"https:\/\/www.francmobiliari.com\/es\/producto\/butacas-direccionales-de-estilo-ingles\/#primaryimage"},"image":{"@id":"https:\/\/www.francmobiliari.com\/es\/producto\/butacas-direccionales-de-estilo-ingles\/#primaryimage"},"thumbnailUrl":"https:\/\/www.francmobiliari.com\/wp-content\/uploads\/2025\/07\/MINIATURA-BUTAQUES-ESTIL-ANGLES.jpg","datePublished":"2025-07-17T15:44:29+00:00","dateModified":"2025-08-04T20:08:34+00:00","breadcrumb":{"@id":"https:\/\/www.francmobiliari.com\/es\/producto\/butacas-direccionales-de-estilo-ingles\/#breadcrumb"},"inLanguage":"es","potentialAction":[{"@type":"ReadAction","target":["https:\/\/www.francmobiliari.com\/es\/producto\/butacas-direccionales-de-estilo-ingles\/"]}]},{"@type":"ImageObject","inLanguage":"es","@id":"https:\/\/www.francmobiliari.com\/es\/producto\/butacas-direccionales-de-estilo-ingles\/#primaryimage","url":"https:\/\/www.francmobiliari.com\/wp-content\/uploads\/2025\/07\/MINIATURA-BUTAQUES-ESTIL-ANGLES.jpg","contentUrl":"https:\/\/www.francmobiliari.com\/wp-content\/uploads\/2025\/07\/MINIATURA-BUTAQUES-ESTIL-ANGLES.jpg","width":1400,"height":560},{"@type":"BreadcrumbList","@id":"https:\/\/www.francmobiliari.com\/es\/producto\/butacas-direccionales-de-estilo-ingles\/#breadcrumb","itemListElement":[{"@type":"ListItem","position":1,"name":"Portada","item":"https:\/\/www.francmobiliari.com\/es\/inicio\/"},{"@type":"ListItem","position":2,"name":"Tienda","item":"https:\/\/www.francmobiliari.com\/es\/tienda\/"},{"@type":"ListItem","position":3,"name":"Butacas Direccionales De Estilo Ingl\u00e9s"}]},{"@type":"WebSite","@id":"https:\/\/www.francmobiliari.com\/#website","url":"https:\/\/www.francmobiliari.com\/","name":"francmobiliari.com","description":"","publisher":{"@id":"https:\/\/www.francmobiliari.com\/#organization"},"potentialAction":[{"@type":"SearchAction","target":{"@type":"EntryPoint","urlTemplate":"https:\/\/www.francmobiliari.com\/?s={search_term_string}"},"query-input":{"@type":"PropertyValueSpecification","valueRequired":true,"valueName":"search_term_string"}}],"inLanguage":"es"},{"@type":"Organization","@id":"https:\/\/www.francmobiliari.com\/#organization","name":"francmobiliari.com","url":"https:\/\/www.francmobiliari.com\/","logo":{"@type":"ImageObject","inLanguage":"es","@id":"https:\/\/www.francmobiliari.com\/#\/schema\/logo\/image\/","url":"https:\/\/www.francmobiliari.com\/wp-content\/uploads\/2025\/07\/img-placeholder.png","contentUrl":"https:\/\/www.francmobiliari.com\/wp-content\/uploads\/2025\/07\/img-placeholder.png","width":1500,"height":1500,"caption":"francmobiliari.com"},"image":{"@id":"https:\/\/www.francmobiliari.com\/#\/schema\/logo\/image\/"}}]}},"_links":{"self":[{"href":"https:\/\/www.francmobiliari.com\/es\/wp-json\/wp\/v2\/product\/6441","targetHints":{"allow":["GET"]}}],"collection":[{"href":"https:\/\/www.francmobiliari.com\/es\/wp-json\/wp\/v2\/product"}],"about":[{"href":"https:\/\/www.francmobiliari.com\/es\/wp-json\/wp\/v2\/types\/product"}],"wp:featuredmedia":[{"embeddable":true,"href":"https:\/\/www.francmobiliari.com\/es\/wp-json\/wp\/v2\/media\/3006"}],"wp:attachment":[{"href":"https:\/\/www.francmobiliari.com\/es\/wp-json\/wp\/v2\/media?parent=6441"}],"wp:term":[{"taxonomy":"product_brand","embeddable":true,"href":"https:\/\/www.francmobiliari.com\/es\/wp-json\/wp\/v2\/product_brand?post=6441"},{"taxonomy":"product_cat","embeddable":true,"href":"https:\/\/www.francmobiliari.com\/es\/wp-json\/wp\/v2\/product_cat?post=6441"},{"taxonomy":"product_tag","embeddable":true,"href":"https:\/\/www.francmobiliari.com\/es\/wp-json\/wp\/v2\/product_tag?post=6441"}],"curies":[{"name":"wp","href":"https:\/\/api.w.org\/{rel}","templated":true}]}}