{"id":6434,"date":"2025-07-17T17:41:43","date_gmt":"2025-07-17T15:41:43","guid":{"rendered":"https:\/\/www.francmobiliari.com\/producto\/cadira-operativa-model-bros\/"},"modified":"2025-08-04T21:38:43","modified_gmt":"2025-08-04T19:38:43","slug":"silla-operativa-modelo-bros","status":"publish","type":"product","link":"https:\/\/www.francmobiliari.com\/es\/producto\/silla-operativa-modelo-bros\/","title":{"rendered":"Silla Operativa Modelo BROS"},"content":{"rendered":false,"protected":false},"excerpt":{"rendered":"<div class=\"page\" title=\"Page 7\">\n<div class=\"layoutArea\">\n<div class=\"column\">\n<p>Respaldo regulable en malla o tapizado, soporte de respaldo de aluminio pulido, traslaci\u00f3n del asiento, s\u00edncrono autom\u00e1tico, brazos 3D.<\/p>\n<ul>\n<li><a style=\"color: var(--wd-text-color);\" href=\"https:\/\/www.francmobiliari.com\/wp-content\/uploads\/2022\/11\/CATALEG-CADIRA-BROS.pdf\" target=\"_blank\" rel=\"noopener\">CAT\u00c1LOGO SILLA BROS<\/a><\/li>\n<li><a style=\"color: var(--wd-text-color);\" href=\"https:\/\/www.francmobiliari.com\/wp-content\/uploads\/2022\/11\/FITXA-TECNICA-CADIRA-BROS.pdf\" target=\"_blank\" rel=\"noopener\">FICHA T\u00c9CNICA SILLA BROS<\/a><\/li>\n<\/ul>\n<\/div>\n<\/div>\n<\/div>\n<p>RESPALDO DE MALLA<\/p>\n<p>Respaldo de malla negra con premarco de polipropileno y fibra de vidrio acabado en color negro texturado. Regulable en altura mediante estructura de aluminio pulido con dos cremalleras de 8 puntos (7 cm de recorrido). Soporte lumbar fijo de polipropileno. Opcional cabezal fijo.<\/p>\n<p>RESPALDO TAPIZADO<\/p>\n<p>Respaldo de espuma poliuretano expandido de 60 Kg\/m3 de densidad e interior de polipropileno con fibra de vidrio. Contra de polipropileno color negro texturado. Regulable en altura mediante estructura de aluminio pulido con dos cremalleras de 8 puntos (7 cm de recorrido). Opcional cabezal fijo.<\/p>\n<p>Mecanismo sincronizado auto-pesado de 4 posiciones de bloqueo del respaldo y sistema antiretorno.<\/p>\n<p>Asiento de espuma de poliuretano expandido de 60 kg\/m3 de densidad. Contra e interior del asiento en polipropileno y fibra de vidrio. Regulaci\u00f3n en altura mediante pist\u00f3n de gas cromado o negro. Inclinaci\u00f3n del asiento con el mecanismo sincronizado de 6,5\u00ba. Traslaci\u00f3n del asiento en 5 posiciones con un recorrido de 5 cm.<\/p>\n<p>Brazos regulables 4D, fabricados en aluminio pulido nylon y apoya brazos en poliuretano.<\/p>\n<ul>\n<li>Altura: 7 cm de recorrido.<\/li>\n<li>Ancho: 12,1 cm<\/li>\n<li>Profundidad<\/li>\n<li>Rotaci\u00f3n<\/li>\n<\/ul>\n<p>Base negra de 5 radios de polipropileno con fibra de vidrio y ruedas blandas de 65 mm de di\u00e1metro en color negro. Opcional base de aluminio pulido<\/p>\n","protected":false},"featured_media":2699,"template":"","meta":{"_acf_changed":false,"inline_featured_image":false,"_genesis_hide_title":false,"_genesis_hide_breadcrumbs":false,"_genesis_hide_singular_image":false,"_genesis_hide_footer_widgets":false,"_genesis_custom_body_class":"","_genesis_custom_post_class":"","_genesis_layout":"","_links_to":"","_links_to_target":""},"product_brand":[],"product_cat":[94],"product_tag":[],"class_list":{"0":"post-6434","1":"product","2":"type-product","3":"status-publish","4":"has-post-thumbnail","6":"product_cat-sillas-giratorias-operativas","7":"entry","9":"first","10":"instock","11":"shipping-taxable","12":"product-type-simple"},"acf":[],"yoast_head":"<!-- This site is optimized with the Yoast SEO plugin v26.2 - https:\/\/yoast.com\/wordpress\/plugins\/seo\/ -->\n<title>Silla Operativa Modelo BROS - francmobiliari.com<\/title>\n<meta name=\"robots\" content=\"index, follow, max-snippet:-1, max-image-preview:large, max-video-preview:-1\" \/>\n<link rel=\"canonical\" href=\"https:\/\/www.francmobiliari.com\/es\/producto\/silla-operativa-modelo-bros\/\" \/>\n<meta property=\"og:locale\" content=\"es_ES\" \/>\n<meta property=\"og:type\" content=\"article\" \/>\n<meta property=\"og:title\" content=\"Silla Operativa Modelo BROS - francmobiliari.com\" \/>\n<meta property=\"og:description\" content=\"Respaldo regulable en malla o tapizado, soporte de respaldo de aluminio pulido, traslaci\u00f3n del asiento, s\u00edncrono autom\u00e1tico, brazos 3D.   CAT\u00c1LOGO SILLA BROS  FICHA T\u00c9CNICA SILLA BROS     RESPALDO DE MALLA  Respaldo de malla negra con premarco de polipropileno y fibra de vidrio acabado en color negro texturado. Regulable en altura mediante estructura de aluminio pulido con dos cremalleras de 8 puntos (7 cm de recorrido). Soporte lumbar fijo de polipropileno. Opcional cabezal fijo.  RESPALDO TAPIZADO  Respaldo de espuma poliuretano expandido de 60 Kg\/m3 de densidad e interior de polipropileno con fibra de vidrio. Contra de polipropileno color negro texturado. Regulable en altura mediante estructura de aluminio pulido con dos cremalleras de 8 puntos (7 cm de recorrido). Opcional cabezal fijo.  Mecanismo sincronizado auto-pesado de 4 posiciones de bloqueo del respaldo y sistema antiretorno.  Asiento de espuma de poliuretano expandido de 60 kg\/m3 de densidad. Contra e interior del asiento en polipropileno y fibra de vidrio. Regulaci\u00f3n en altura mediante pist\u00f3n de gas cromado o negro. Inclinaci\u00f3n del asiento con el mecanismo sincronizado de 6,5\u00ba. Traslaci\u00f3n del asiento en 5 posiciones con un recorrido de 5 cm.  Brazos regulables 4D, fabricados en aluminio pulido nylon y apoya brazos en poliuretano.   Altura: 7 cm de recorrido.  Ancho: 12,1 cm  Profundidad  Rotaci\u00f3n  Base negra de 5 radios de polipropileno con fibra de vidrio y ruedas blandas de 65 mm de di\u00e1metro en color negro. Opcional base de aluminio pulido\" \/>\n<meta property=\"og:url\" content=\"https:\/\/www.francmobiliari.com\/es\/producto\/silla-operativa-modelo-bros\/\" \/>\n<meta property=\"og:site_name\" content=\"francmobiliari.com\" \/>\n<meta property=\"article:modified_time\" content=\"2025-08-04T19:38:43+00:00\" \/>\n<meta property=\"og:image\" content=\"https:\/\/www.francmobiliari.com\/wp-content\/uploads\/2025\/07\/MINIATURA-CADIRA-OPERATIVA-BROS.jpg\" \/>\n\t<meta property=\"og:image:width\" content=\"531\" \/>\n\t<meta property=\"og:image:height\" content=\"530\" \/>\n\t<meta property=\"og:image:type\" content=\"image\/jpeg\" \/>\n<meta name=\"twitter:card\" content=\"summary_large_image\" \/>\n<script type=\"application\/ld+json\" class=\"yoast-schema-graph\">{\"@context\":\"https:\/\/schema.org\",\"@graph\":[{\"@type\":\"WebPage\",\"@id\":\"https:\/\/www.francmobiliari.com\/es\/producto\/silla-operativa-modelo-bros\/\",\"url\":\"https:\/\/www.francmobiliari.com\/es\/producto\/silla-operativa-modelo-bros\/\",\"name\":\"Silla Operativa Modelo BROS - francmobiliari.com\",\"isPartOf\":{\"@id\":\"https:\/\/www.francmobiliari.com\/#website\"},\"primaryImageOfPage\":{\"@id\":\"https:\/\/www.francmobiliari.com\/es\/producto\/silla-operativa-modelo-bros\/#primaryimage\"},\"image\":{\"@id\":\"https:\/\/www.francmobiliari.com\/es\/producto\/silla-operativa-modelo-bros\/#primaryimage\"},\"thumbnailUrl\":\"https:\/\/www.francmobiliari.com\/wp-content\/uploads\/2025\/07\/MINIATURA-CADIRA-OPERATIVA-BROS.jpg\",\"datePublished\":\"2025-07-17T15:41:43+00:00\",\"dateModified\":\"2025-08-04T19:38:43+00:00\",\"breadcrumb\":{\"@id\":\"https:\/\/www.francmobiliari.com\/es\/producto\/silla-operativa-modelo-bros\/#breadcrumb\"},\"inLanguage\":\"es\",\"potentialAction\":[{\"@type\":\"ReadAction\",\"target\":[\"https:\/\/www.francmobiliari.com\/es\/producto\/silla-operativa-modelo-bros\/\"]}]},{\"@type\":\"ImageObject\",\"inLanguage\":\"es\",\"@id\":\"https:\/\/www.francmobiliari.com\/es\/producto\/silla-operativa-modelo-bros\/#primaryimage\",\"url\":\"https:\/\/www.francmobiliari.com\/wp-content\/uploads\/2025\/07\/MINIATURA-CADIRA-OPERATIVA-BROS.jpg\",\"contentUrl\":\"https:\/\/www.francmobiliari.com\/wp-content\/uploads\/2025\/07\/MINIATURA-CADIRA-OPERATIVA-BROS.jpg\",\"width\":531,\"height\":530},{\"@type\":\"BreadcrumbList\",\"@id\":\"https:\/\/www.francmobiliari.com\/es\/producto\/silla-operativa-modelo-bros\/#breadcrumb\",\"itemListElement\":[{\"@type\":\"ListItem\",\"position\":1,\"name\":\"Portada\",\"item\":\"https:\/\/www.francmobiliari.com\/es\/inicio\/\"},{\"@type\":\"ListItem\",\"position\":2,\"name\":\"Tienda\",\"item\":\"https:\/\/www.francmobiliari.com\/es\/tienda\/\"},{\"@type\":\"ListItem\",\"position\":3,\"name\":\"Silla Operativa Modelo BROS\"}]},{\"@type\":\"WebSite\",\"@id\":\"https:\/\/www.francmobiliari.com\/#website\",\"url\":\"https:\/\/www.francmobiliari.com\/\",\"name\":\"francmobiliari.com\",\"description\":\"\",\"publisher\":{\"@id\":\"https:\/\/www.francmobiliari.com\/#organization\"},\"potentialAction\":[{\"@type\":\"SearchAction\",\"target\":{\"@type\":\"EntryPoint\",\"urlTemplate\":\"https:\/\/www.francmobiliari.com\/?s={search_term_string}\"},\"query-input\":{\"@type\":\"PropertyValueSpecification\",\"valueRequired\":true,\"valueName\":\"search_term_string\"}}],\"inLanguage\":\"es\"},{\"@type\":\"Organization\",\"@id\":\"https:\/\/www.francmobiliari.com\/#organization\",\"name\":\"francmobiliari.com\",\"url\":\"https:\/\/www.francmobiliari.com\/\",\"logo\":{\"@type\":\"ImageObject\",\"inLanguage\":\"es\",\"@id\":\"https:\/\/www.francmobiliari.com\/#\/schema\/logo\/image\/\",\"url\":\"https:\/\/www.francmobiliari.com\/wp-content\/uploads\/2025\/07\/img-placeholder.png\",\"contentUrl\":\"https:\/\/www.francmobiliari.com\/wp-content\/uploads\/2025\/07\/img-placeholder.png\",\"width\":1500,\"height\":1500,\"caption\":\"francmobiliari.com\"},\"image\":{\"@id\":\"https:\/\/www.francmobiliari.com\/#\/schema\/logo\/image\/\"}}]}<\/script>\n<!-- \/ Yoast SEO plugin. -->","yoast_head_json":{"title":"Silla Operativa Modelo BROS - francmobiliari.com","robots":{"index":"index","follow":"follow","max-snippet":"max-snippet:-1","max-image-preview":"max-image-preview:large","max-video-preview":"max-video-preview:-1"},"canonical":"https:\/\/www.francmobiliari.com\/es\/producto\/silla-operativa-modelo-bros\/","og_locale":"es_ES","og_type":"article","og_title":"Silla Operativa Modelo BROS - francmobiliari.com","og_description":"Respaldo regulable en malla o tapizado, soporte de respaldo de aluminio pulido, traslaci\u00f3n del asiento, s\u00edncrono autom\u00e1tico, brazos 3D.   CAT\u00c1LOGO SILLA BROS  FICHA T\u00c9CNICA SILLA BROS     RESPALDO DE MALLA  Respaldo de malla negra con premarco de polipropileno y fibra de vidrio acabado en color negro texturado. Regulable en altura mediante estructura de aluminio pulido con dos cremalleras de 8 puntos (7 cm de recorrido). Soporte lumbar fijo de polipropileno. Opcional cabezal fijo.  RESPALDO TAPIZADO  Respaldo de espuma poliuretano expandido de 60 Kg\/m3 de densidad e interior de polipropileno con fibra de vidrio. Contra de polipropileno color negro texturado. Regulable en altura mediante estructura de aluminio pulido con dos cremalleras de 8 puntos (7 cm de recorrido). Opcional cabezal fijo.  Mecanismo sincronizado auto-pesado de 4 posiciones de bloqueo del respaldo y sistema antiretorno.  Asiento de espuma de poliuretano expandido de 60 kg\/m3 de densidad. Contra e interior del asiento en polipropileno y fibra de vidrio. Regulaci\u00f3n en altura mediante pist\u00f3n de gas cromado o negro. Inclinaci\u00f3n del asiento con el mecanismo sincronizado de 6,5\u00ba. Traslaci\u00f3n del asiento en 5 posiciones con un recorrido de 5 cm.  Brazos regulables 4D, fabricados en aluminio pulido nylon y apoya brazos en poliuretano.   Altura: 7 cm de recorrido.  Ancho: 12,1 cm  Profundidad  Rotaci\u00f3n  Base negra de 5 radios de polipropileno con fibra de vidrio y ruedas blandas de 65 mm de di\u00e1metro en color negro. Opcional base de aluminio pulido","og_url":"https:\/\/www.francmobiliari.com\/es\/producto\/silla-operativa-modelo-bros\/","og_site_name":"francmobiliari.com","article_modified_time":"2025-08-04T19:38:43+00:00","og_image":[{"width":531,"height":530,"url":"https:\/\/www.francmobiliari.com\/wp-content\/uploads\/2025\/07\/MINIATURA-CADIRA-OPERATIVA-BROS.jpg","type":"image\/jpeg"}],"twitter_card":"summary_large_image","schema":{"@context":"https:\/\/schema.org","@graph":[{"@type":"WebPage","@id":"https:\/\/www.francmobiliari.com\/es\/producto\/silla-operativa-modelo-bros\/","url":"https:\/\/www.francmobiliari.com\/es\/producto\/silla-operativa-modelo-bros\/","name":"Silla Operativa Modelo BROS - francmobiliari.com","isPartOf":{"@id":"https:\/\/www.francmobiliari.com\/#website"},"primaryImageOfPage":{"@id":"https:\/\/www.francmobiliari.com\/es\/producto\/silla-operativa-modelo-bros\/#primaryimage"},"image":{"@id":"https:\/\/www.francmobiliari.com\/es\/producto\/silla-operativa-modelo-bros\/#primaryimage"},"thumbnailUrl":"https:\/\/www.francmobiliari.com\/wp-content\/uploads\/2025\/07\/MINIATURA-CADIRA-OPERATIVA-BROS.jpg","datePublished":"2025-07-17T15:41:43+00:00","dateModified":"2025-08-04T19:38:43+00:00","breadcrumb":{"@id":"https:\/\/www.francmobiliari.com\/es\/producto\/silla-operativa-modelo-bros\/#breadcrumb"},"inLanguage":"es","potentialAction":[{"@type":"ReadAction","target":["https:\/\/www.francmobiliari.com\/es\/producto\/silla-operativa-modelo-bros\/"]}]},{"@type":"ImageObject","inLanguage":"es","@id":"https:\/\/www.francmobiliari.com\/es\/producto\/silla-operativa-modelo-bros\/#primaryimage","url":"https:\/\/www.francmobiliari.com\/wp-content\/uploads\/2025\/07\/MINIATURA-CADIRA-OPERATIVA-BROS.jpg","contentUrl":"https:\/\/www.francmobiliari.com\/wp-content\/uploads\/2025\/07\/MINIATURA-CADIRA-OPERATIVA-BROS.jpg","width":531,"height":530},{"@type":"BreadcrumbList","@id":"https:\/\/www.francmobiliari.com\/es\/producto\/silla-operativa-modelo-bros\/#breadcrumb","itemListElement":[{"@type":"ListItem","position":1,"name":"Portada","item":"https:\/\/www.francmobiliari.com\/es\/inicio\/"},{"@type":"ListItem","position":2,"name":"Tienda","item":"https:\/\/www.francmobiliari.com\/es\/tienda\/"},{"@type":"ListItem","position":3,"name":"Silla Operativa Modelo BROS"}]},{"@type":"WebSite","@id":"https:\/\/www.francmobiliari.com\/#website","url":"https:\/\/www.francmobiliari.com\/","name":"francmobiliari.com","description":"","publisher":{"@id":"https:\/\/www.francmobiliari.com\/#organization"},"potentialAction":[{"@type":"SearchAction","target":{"@type":"EntryPoint","urlTemplate":"https:\/\/www.francmobiliari.com\/?s={search_term_string}"},"query-input":{"@type":"PropertyValueSpecification","valueRequired":true,"valueName":"search_term_string"}}],"inLanguage":"es"},{"@type":"Organization","@id":"https:\/\/www.francmobiliari.com\/#organization","name":"francmobiliari.com","url":"https:\/\/www.francmobiliari.com\/","logo":{"@type":"ImageObject","inLanguage":"es","@id":"https:\/\/www.francmobiliari.com\/#\/schema\/logo\/image\/","url":"https:\/\/www.francmobiliari.com\/wp-content\/uploads\/2025\/07\/img-placeholder.png","contentUrl":"https:\/\/www.francmobiliari.com\/wp-content\/uploads\/2025\/07\/img-placeholder.png","width":1500,"height":1500,"caption":"francmobiliari.com"},"image":{"@id":"https:\/\/www.francmobiliari.com\/#\/schema\/logo\/image\/"}}]}},"_links":{"self":[{"href":"https:\/\/www.francmobiliari.com\/es\/wp-json\/wp\/v2\/product\/6434","targetHints":{"allow":["GET"]}}],"collection":[{"href":"https:\/\/www.francmobiliari.com\/es\/wp-json\/wp\/v2\/product"}],"about":[{"href":"https:\/\/www.francmobiliari.com\/es\/wp-json\/wp\/v2\/types\/product"}],"wp:featuredmedia":[{"embeddable":true,"href":"https:\/\/www.francmobiliari.com\/es\/wp-json\/wp\/v2\/media\/2699"}],"wp:attachment":[{"href":"https:\/\/www.francmobiliari.com\/es\/wp-json\/wp\/v2\/media?parent=6434"}],"wp:term":[{"taxonomy":"product_brand","embeddable":true,"href":"https:\/\/www.francmobiliari.com\/es\/wp-json\/wp\/v2\/product_brand?post=6434"},{"taxonomy":"product_cat","embeddable":true,"href":"https:\/\/www.francmobiliari.com\/es\/wp-json\/wp\/v2\/product_cat?post=6434"},{"taxonomy":"product_tag","embeddable":true,"href":"https:\/\/www.francmobiliari.com\/es\/wp-json\/wp\/v2\/product_tag?post=6434"}],"curies":[{"name":"wp","href":"https:\/\/api.w.org\/{rel}","templated":true}]}}