{"id":6426,"date":"2025-07-17T17:44:52","date_gmt":"2025-07-17T15:44:52","guid":{"rendered":"https:\/\/www.francmobiliari.com\/producto\/sillas-modelo-bros\/"},"modified":"2025-08-04T21:26:43","modified_gmt":"2025-08-04T19:26:43","slug":"sillas-modelo-bros","status":"publish","type":"product","link":"https:\/\/www.francmobiliari.com\/es\/producto\/sillas-modelo-bros\/","title":{"rendered":"SILLAS MODELO BROS"},"content":{"rendered":false,"protected":false},"excerpt":{"rendered":"<p>Con base trineo, base patio o de 4 patas en color blanco, grafito, negro, plata o cromado. Opci\u00f3n giratoria con base de aluminio pulido.<\/p>\n<ul>\n<li><a style=\"color: var(--wd-text-color);\" href=\"https:\/\/www.francmobiliari.com\/wp-content\/uploads\/2022\/11\/CATALOG-CADIRA-BROS-CONFIDENT.pdf\" target=\"_blank\" rel=\"noopener\">CAT\u00c1LOGO SILLA BROS CONFIDENTE<\/a> <\/li>\n<li><a style=\"color: var(--wd-text-color);\" href=\"https:\/\/www.francmobiliari.com\/wp-content\/uploads\/2022\/11\/FITXA-TECNICA-CADIRA-BROS-CONFIDENT.pdf\" target=\"_blank\" rel=\"noopener\">FICHA T\u00c9CNICA SILLA BROS CONFIDENTE<\/a><\/a>\n<\/ul>\n<p>Mono casco con armaz\u00f3n externo de poliamida con fibra de vidrio en acabado negro. Tapizado con espuma flexible de poliuretano de 1 cm de grosor y 52 kg\/m3 de densidad. Tapizada en tela, napel o piel.<\/p>\n<p>Disponible en diferentes tipos de estructura:<\/p>\n<ul>\n<li>De 4 patas: patas fijas de tubo de acero redondo de 22 mm de di\u00e1metro. Pintadas en color Negro (RAL-9005), Grafito (RAL-7015), Blanco (RAL-9016), Plata (RAL-9006) o cromado. Con brazos fijos de aluminio inyectado incorporados en la estructura. Apilable 6 ud.<\/li>\n<li>De mecedora: estructura en forma de mecedora fabricada con tubo de acero redondo de 22 mm de di\u00e1metro. Pintadas en color Negro (RAL-9005), Grafito (RAL-7015), Blanco (RAL-9016), Plata (RAL-9006) o cromado. Con brazos fijos de aluminio inyectado incorporados en la estructura. Apilable 6 ud.<\/li>\n<li>De pat\u00edn: estructura en forma de patio fabricado con tubo de acero redondo de 15 mm de di\u00e1metro. Pintadas en color Negro (RAL-9005), Grafito (RAL-7015), Blanco (RAL-9016), Plata (RAL-9006) o cromado. Opci\u00f3n con o sin brazos. Brazos fijos de aluminio inyectado incorporados en la estructura. Apilable 6 ud.<\/li>\n<li>Giratoria: Base de aluminio pulido de 5 radios. Con brazos fijos de aluminio inyectado en color Negro (RAL-9005), Plata (RAL-9006) o cromado. Regulable en altura mediante pist\u00f3n de gas. Opcional con ruedas de 65 mm o topes.<\/li>\n<\/ul>\n","protected":false},"featured_media":3062,"template":"","meta":{"_acf_changed":false,"inline_featured_image":false,"_genesis_hide_title":false,"_genesis_hide_breadcrumbs":false,"_genesis_hide_singular_image":false,"_genesis_hide_footer_widgets":false,"_genesis_custom_body_class":"","_genesis_custom_post_class":"","_genesis_layout":"","_links_to":"","_links_to_target":""},"product_brand":[],"product_cat":[96],"product_tag":[],"class_list":{"0":"post-6426","1":"product","2":"type-product","3":"status-publish","4":"has-post-thumbnail","6":"product_cat-sillas-fijas-para-reuniones-y-contrato","7":"entry","9":"first","10":"instock","11":"shipping-taxable","12":"product-type-simple"},"acf":[],"yoast_head":"<!-- This site is optimized with the Yoast SEO plugin v26.2 - https:\/\/yoast.com\/wordpress\/plugins\/seo\/ -->\n<title>SILLAS MODELO BROS - francmobiliari.com<\/title>\n<meta name=\"robots\" content=\"index, follow, max-snippet:-1, max-image-preview:large, max-video-preview:-1\" \/>\n<link rel=\"canonical\" href=\"https:\/\/www.francmobiliari.com\/es\/producto\/sillas-modelo-bros\/\" \/>\n<meta property=\"og:locale\" content=\"es_ES\" \/>\n<meta property=\"og:type\" content=\"article\" \/>\n<meta property=\"og:title\" content=\"SILLAS MODELO BROS - francmobiliari.com\" \/>\n<meta property=\"og:description\" content=\"Con base trineo, base patio o de 4 patas en color blanco, grafito, negro, plata o cromado. Opci\u00f3n giratoria con base de aluminio pulido.   CAT\u00c1LOGO SILLA BROS CONFIDENTE  FICHA T\u00c9CNICA SILLA BROS CONFIDENTE  Mono casco con armaz\u00f3n externo de poliamida con fibra de vidrio en acabado negro. Tapizado con espuma flexible de poliuretano de 1 cm de grosor y 52 kg\/m3 de densidad. Tapizada en tela, napel o piel.  Disponible en diferentes tipos de estructura:   De 4 patas: patas fijas de tubo de acero redondo de 22 mm de di\u00e1metro. Pintadas en color Negro (RAL-9005), Grafito (RAL-7015), Blanco (RAL-9016), Plata (RAL-9006) o cromado. Con brazos fijos de aluminio inyectado incorporados en la estructura. Apilable 6 ud.  De mecedora: estructura en forma de mecedora fabricada con tubo de acero redondo de 22 mm de di\u00e1metro. Pintadas en color Negro (RAL-9005), Grafito (RAL-7015), Blanco (RAL-9016), Plata (RAL-9006) o cromado. Con brazos fijos de aluminio inyectado incorporados en la estructura. Apilable 6 ud.  De pat\u00edn: estructura en forma de patio fabricado con tubo de acero redondo de 15 mm de di\u00e1metro. Pintadas en color Negro (RAL-9005), Grafito (RAL-7015), Blanco (RAL-9016), Plata (RAL-9006) o cromado. Opci\u00f3n con o sin brazos. Brazos fijos de aluminio inyectado incorporados en la estructura. Apilable 6 ud.  Giratoria: Base de aluminio pulido de 5 radios. Con brazos fijos de aluminio inyectado en color Negro (RAL-9005), Plata (RAL-9006) o cromado. Regulable en altura mediante pist\u00f3n de gas. Opcional con ruedas de 65 mm o topes.\" \/>\n<meta property=\"og:url\" content=\"https:\/\/www.francmobiliari.com\/es\/producto\/sillas-modelo-bros\/\" \/>\n<meta property=\"og:site_name\" content=\"francmobiliari.com\" \/>\n<meta property=\"article:modified_time\" content=\"2025-08-04T19:26:43+00:00\" \/>\n<meta property=\"og:image\" content=\"https:\/\/www.francmobiliari.com\/wp-content\/uploads\/2025\/07\/MINIATURA-CADIRES-BROS.jpg\" \/>\n\t<meta property=\"og:image:width\" content=\"1920\" \/>\n\t<meta property=\"og:image:height\" content=\"1098\" \/>\n\t<meta property=\"og:image:type\" content=\"image\/jpeg\" \/>\n<meta name=\"twitter:card\" content=\"summary_large_image\" \/>\n<script type=\"application\/ld+json\" class=\"yoast-schema-graph\">{\"@context\":\"https:\/\/schema.org\",\"@graph\":[{\"@type\":\"WebPage\",\"@id\":\"https:\/\/www.francmobiliari.com\/es\/producto\/sillas-modelo-bros\/\",\"url\":\"https:\/\/www.francmobiliari.com\/es\/producto\/sillas-modelo-bros\/\",\"name\":\"SILLAS MODELO BROS - francmobiliari.com\",\"isPartOf\":{\"@id\":\"https:\/\/www.francmobiliari.com\/#website\"},\"primaryImageOfPage\":{\"@id\":\"https:\/\/www.francmobiliari.com\/es\/producto\/sillas-modelo-bros\/#primaryimage\"},\"image\":{\"@id\":\"https:\/\/www.francmobiliari.com\/es\/producto\/sillas-modelo-bros\/#primaryimage\"},\"thumbnailUrl\":\"https:\/\/www.francmobiliari.com\/wp-content\/uploads\/2025\/07\/MINIATURA-CADIRES-BROS.jpg\",\"datePublished\":\"2025-07-17T15:44:52+00:00\",\"dateModified\":\"2025-08-04T19:26:43+00:00\",\"breadcrumb\":{\"@id\":\"https:\/\/www.francmobiliari.com\/es\/producto\/sillas-modelo-bros\/#breadcrumb\"},\"inLanguage\":\"es\",\"potentialAction\":[{\"@type\":\"ReadAction\",\"target\":[\"https:\/\/www.francmobiliari.com\/es\/producto\/sillas-modelo-bros\/\"]}]},{\"@type\":\"ImageObject\",\"inLanguage\":\"es\",\"@id\":\"https:\/\/www.francmobiliari.com\/es\/producto\/sillas-modelo-bros\/#primaryimage\",\"url\":\"https:\/\/www.francmobiliari.com\/wp-content\/uploads\/2025\/07\/MINIATURA-CADIRES-BROS.jpg\",\"contentUrl\":\"https:\/\/www.francmobiliari.com\/wp-content\/uploads\/2025\/07\/MINIATURA-CADIRES-BROS.jpg\",\"width\":1920,\"height\":1098},{\"@type\":\"BreadcrumbList\",\"@id\":\"https:\/\/www.francmobiliari.com\/es\/producto\/sillas-modelo-bros\/#breadcrumb\",\"itemListElement\":[{\"@type\":\"ListItem\",\"position\":1,\"name\":\"Portada\",\"item\":\"https:\/\/www.francmobiliari.com\/es\/inicio\/\"},{\"@type\":\"ListItem\",\"position\":2,\"name\":\"Tienda\",\"item\":\"https:\/\/www.francmobiliari.com\/es\/tienda\/\"},{\"@type\":\"ListItem\",\"position\":3,\"name\":\"SILLAS MODELO BROS\"}]},{\"@type\":\"WebSite\",\"@id\":\"https:\/\/www.francmobiliari.com\/#website\",\"url\":\"https:\/\/www.francmobiliari.com\/\",\"name\":\"francmobiliari.com\",\"description\":\"\",\"publisher\":{\"@id\":\"https:\/\/www.francmobiliari.com\/#organization\"},\"potentialAction\":[{\"@type\":\"SearchAction\",\"target\":{\"@type\":\"EntryPoint\",\"urlTemplate\":\"https:\/\/www.francmobiliari.com\/?s={search_term_string}\"},\"query-input\":{\"@type\":\"PropertyValueSpecification\",\"valueRequired\":true,\"valueName\":\"search_term_string\"}}],\"inLanguage\":\"es\"},{\"@type\":\"Organization\",\"@id\":\"https:\/\/www.francmobiliari.com\/#organization\",\"name\":\"francmobiliari.com\",\"url\":\"https:\/\/www.francmobiliari.com\/\",\"logo\":{\"@type\":\"ImageObject\",\"inLanguage\":\"es\",\"@id\":\"https:\/\/www.francmobiliari.com\/#\/schema\/logo\/image\/\",\"url\":\"https:\/\/www.francmobiliari.com\/wp-content\/uploads\/2025\/07\/img-placeholder.png\",\"contentUrl\":\"https:\/\/www.francmobiliari.com\/wp-content\/uploads\/2025\/07\/img-placeholder.png\",\"width\":1500,\"height\":1500,\"caption\":\"francmobiliari.com\"},\"image\":{\"@id\":\"https:\/\/www.francmobiliari.com\/#\/schema\/logo\/image\/\"}}]}<\/script>\n<!-- \/ Yoast SEO plugin. -->","yoast_head_json":{"title":"SILLAS MODELO BROS - francmobiliari.com","robots":{"index":"index","follow":"follow","max-snippet":"max-snippet:-1","max-image-preview":"max-image-preview:large","max-video-preview":"max-video-preview:-1"},"canonical":"https:\/\/www.francmobiliari.com\/es\/producto\/sillas-modelo-bros\/","og_locale":"es_ES","og_type":"article","og_title":"SILLAS MODELO BROS - francmobiliari.com","og_description":"Con base trineo, base patio o de 4 patas en color blanco, grafito, negro, plata o cromado. Opci\u00f3n giratoria con base de aluminio pulido.   CAT\u00c1LOGO SILLA BROS CONFIDENTE  FICHA T\u00c9CNICA SILLA BROS CONFIDENTE  Mono casco con armaz\u00f3n externo de poliamida con fibra de vidrio en acabado negro. Tapizado con espuma flexible de poliuretano de 1 cm de grosor y 52 kg\/m3 de densidad. Tapizada en tela, napel o piel.  Disponible en diferentes tipos de estructura:   De 4 patas: patas fijas de tubo de acero redondo de 22 mm de di\u00e1metro. Pintadas en color Negro (RAL-9005), Grafito (RAL-7015), Blanco (RAL-9016), Plata (RAL-9006) o cromado. Con brazos fijos de aluminio inyectado incorporados en la estructura. Apilable 6 ud.  De mecedora: estructura en forma de mecedora fabricada con tubo de acero redondo de 22 mm de di\u00e1metro. Pintadas en color Negro (RAL-9005), Grafito (RAL-7015), Blanco (RAL-9016), Plata (RAL-9006) o cromado. Con brazos fijos de aluminio inyectado incorporados en la estructura. Apilable 6 ud.  De pat\u00edn: estructura en forma de patio fabricado con tubo de acero redondo de 15 mm de di\u00e1metro. Pintadas en color Negro (RAL-9005), Grafito (RAL-7015), Blanco (RAL-9016), Plata (RAL-9006) o cromado. Opci\u00f3n con o sin brazos. Brazos fijos de aluminio inyectado incorporados en la estructura. Apilable 6 ud.  Giratoria: Base de aluminio pulido de 5 radios. Con brazos fijos de aluminio inyectado en color Negro (RAL-9005), Plata (RAL-9006) o cromado. Regulable en altura mediante pist\u00f3n de gas. Opcional con ruedas de 65 mm o topes.","og_url":"https:\/\/www.francmobiliari.com\/es\/producto\/sillas-modelo-bros\/","og_site_name":"francmobiliari.com","article_modified_time":"2025-08-04T19:26:43+00:00","og_image":[{"width":1920,"height":1098,"url":"https:\/\/www.francmobiliari.com\/wp-content\/uploads\/2025\/07\/MINIATURA-CADIRES-BROS.jpg","type":"image\/jpeg"}],"twitter_card":"summary_large_image","schema":{"@context":"https:\/\/schema.org","@graph":[{"@type":"WebPage","@id":"https:\/\/www.francmobiliari.com\/es\/producto\/sillas-modelo-bros\/","url":"https:\/\/www.francmobiliari.com\/es\/producto\/sillas-modelo-bros\/","name":"SILLAS MODELO BROS - francmobiliari.com","isPartOf":{"@id":"https:\/\/www.francmobiliari.com\/#website"},"primaryImageOfPage":{"@id":"https:\/\/www.francmobiliari.com\/es\/producto\/sillas-modelo-bros\/#primaryimage"},"image":{"@id":"https:\/\/www.francmobiliari.com\/es\/producto\/sillas-modelo-bros\/#primaryimage"},"thumbnailUrl":"https:\/\/www.francmobiliari.com\/wp-content\/uploads\/2025\/07\/MINIATURA-CADIRES-BROS.jpg","datePublished":"2025-07-17T15:44:52+00:00","dateModified":"2025-08-04T19:26:43+00:00","breadcrumb":{"@id":"https:\/\/www.francmobiliari.com\/es\/producto\/sillas-modelo-bros\/#breadcrumb"},"inLanguage":"es","potentialAction":[{"@type":"ReadAction","target":["https:\/\/www.francmobiliari.com\/es\/producto\/sillas-modelo-bros\/"]}]},{"@type":"ImageObject","inLanguage":"es","@id":"https:\/\/www.francmobiliari.com\/es\/producto\/sillas-modelo-bros\/#primaryimage","url":"https:\/\/www.francmobiliari.com\/wp-content\/uploads\/2025\/07\/MINIATURA-CADIRES-BROS.jpg","contentUrl":"https:\/\/www.francmobiliari.com\/wp-content\/uploads\/2025\/07\/MINIATURA-CADIRES-BROS.jpg","width":1920,"height":1098},{"@type":"BreadcrumbList","@id":"https:\/\/www.francmobiliari.com\/es\/producto\/sillas-modelo-bros\/#breadcrumb","itemListElement":[{"@type":"ListItem","position":1,"name":"Portada","item":"https:\/\/www.francmobiliari.com\/es\/inicio\/"},{"@type":"ListItem","position":2,"name":"Tienda","item":"https:\/\/www.francmobiliari.com\/es\/tienda\/"},{"@type":"ListItem","position":3,"name":"SILLAS MODELO BROS"}]},{"@type":"WebSite","@id":"https:\/\/www.francmobiliari.com\/#website","url":"https:\/\/www.francmobiliari.com\/","name":"francmobiliari.com","description":"","publisher":{"@id":"https:\/\/www.francmobiliari.com\/#organization"},"potentialAction":[{"@type":"SearchAction","target":{"@type":"EntryPoint","urlTemplate":"https:\/\/www.francmobiliari.com\/?s={search_term_string}"},"query-input":{"@type":"PropertyValueSpecification","valueRequired":true,"valueName":"search_term_string"}}],"inLanguage":"es"},{"@type":"Organization","@id":"https:\/\/www.francmobiliari.com\/#organization","name":"francmobiliari.com","url":"https:\/\/www.francmobiliari.com\/","logo":{"@type":"ImageObject","inLanguage":"es","@id":"https:\/\/www.francmobiliari.com\/#\/schema\/logo\/image\/","url":"https:\/\/www.francmobiliari.com\/wp-content\/uploads\/2025\/07\/img-placeholder.png","contentUrl":"https:\/\/www.francmobiliari.com\/wp-content\/uploads\/2025\/07\/img-placeholder.png","width":1500,"height":1500,"caption":"francmobiliari.com"},"image":{"@id":"https:\/\/www.francmobiliari.com\/#\/schema\/logo\/image\/"}}]}},"_links":{"self":[{"href":"https:\/\/www.francmobiliari.com\/es\/wp-json\/wp\/v2\/product\/6426","targetHints":{"allow":["GET"]}}],"collection":[{"href":"https:\/\/www.francmobiliari.com\/es\/wp-json\/wp\/v2\/product"}],"about":[{"href":"https:\/\/www.francmobiliari.com\/es\/wp-json\/wp\/v2\/types\/product"}],"wp:featuredmedia":[{"embeddable":true,"href":"https:\/\/www.francmobiliari.com\/es\/wp-json\/wp\/v2\/media\/3062"}],"wp:attachment":[{"href":"https:\/\/www.francmobiliari.com\/es\/wp-json\/wp\/v2\/media?parent=6426"}],"wp:term":[{"taxonomy":"product_brand","embeddable":true,"href":"https:\/\/www.francmobiliari.com\/es\/wp-json\/wp\/v2\/product_brand?post=6426"},{"taxonomy":"product_cat","embeddable":true,"href":"https:\/\/www.francmobiliari.com\/es\/wp-json\/wp\/v2\/product_cat?post=6426"},{"taxonomy":"product_tag","embeddable":true,"href":"https:\/\/www.francmobiliari.com\/es\/wp-json\/wp\/v2\/product_tag?post=6426"}],"curies":[{"name":"wp","href":"https:\/\/api.w.org\/{rel}","templated":true}]}}