{"id":6422,"date":"2025-07-17T17:41:43","date_gmt":"2025-07-17T15:41:43","guid":{"rendered":"https:\/\/www.francmobiliari.com\/producto\/cadira-operativa-model-new-light\/"},"modified":"2025-08-04T21:22:14","modified_gmt":"2025-08-04T19:22:14","slug":"silla-operativa-modelo-new-light","status":"publish","type":"product","link":"https:\/\/www.francmobiliari.com\/es\/producto\/silla-operativa-modelo-new-light\/","title":{"rendered":"Silla Operativa Modelo NEW LIGHT"},"content":{"rendered":false,"protected":false},"excerpt":{"rendered":"<div class=\"page\" title=\"Page 7\">\n<div class=\"layoutArea\">\n<div class=\"column\">\n<p>Con estructura blanca o negra. Respaldo alto en malla transpirable. Cabezal tapizado ajustable en altura y rotaci\u00f3n. Tensor lumbar 1D, ajustable en altura. Opcional 2D, ajustable en altura y profundidad. Asiento ergon\u00f3mico ajustable en altura y opcional en profundidad. Mecanismo s\u00edncrono de 5 posiciones, y traslaci\u00f3n.<\/p>\n<ul>\n<li><a style=\"color: var(--wd-text-color);\" href=\"https:\/\/www.francmobiliari.com\/wp-content\/uploads\/2022\/11\/CATALEG-CADIRA-NEW-LIGHT.pdf\" target=\"_blank\" rel=\"noopener\">CAT\u00c1LOGO SILLA NEW LIGHT<\/a><\/li>\n<li><a style=\"color: var(--wd-text-color);\" href=\"https:\/\/www.francmobiliari.com\/wp-content\/uploads\/2022\/11\/FITXA-TECNICA-CADIRA-NEW-LIGHT.pdf\" target=\"_blank\" rel=\"noopener\">FICHA T\u00c9CNICA SILLA NEW LIGHT<\/a><\/li>\n<\/ul>\n<\/div>\n<\/div>\n<\/div>\n<p>Respaldo de malla tensada transpirable o tapizado sobre bastidor perimetral de polipropileno reforzado con fibra de vidrio de color negro o blanco. Tensor lumbar regulable en altura o 2D tambi\u00e9n regulable en profundidad. Opcional cabezal tapizado regulable en altura e inclinaci\u00f3n.<\/p>\n<p>Colores malla est\u00e1ndar: Negro, Blanco, Gris, Azul, Rojo, Amarillo o Beige.<\/p>\n<p>Colores malla 3D: Negro, Violeta, Gris, Verde, Naranja o Azul Marino.<\/p>\n<p>Mecanismo de regulaci\u00f3n de inclinaci\u00f3n de respaldo sincronizado con asiento. El est\u00e1ndar Sincro de 5 posiciones con sistema antiretorno. Opciones de mecanismo:<\/p>\n<ul>\n<li>Sincro 5 Posiciones: Con pomo manual por ajuste de tensi\u00f3n en funci\u00f3n del peso del usuario entre 45 y 120 kg.<\/li>\n<li>Sincro auto-pesado con traslaci\u00f3n del asiento: Bloqueo en 4 posiciones, regulaci\u00f3n autom\u00e1tica y aut\u00f3noma de la tensi\u00f3n en funci\u00f3n del peso del usuario entre 45 y 120 kg. Con regulaci\u00f3n horizontal de la profundidad del asiento.<\/li>\n<li>Sincro 5 Posiciones con traslaci\u00f3n del asiento: Bloqueo en 5 posiciones, regulaci\u00f3n horizontal de la profundidad del asiento.<\/li>\n<li>Sincro 24 horas: (con certificado para uso intensivo). Para usuarios de hasta 150 Kg. Bloqueo en 4 o 5 posiciones. Tambi\u00e9n con opci\u00f3n de regulaci\u00f3n horizontal de la profundidad del asiento.<\/li>\n<li>Asiento ergon\u00f3mico con curvatura delantera de 4,5 cm de espesor de espuma de poliuretano flexible de 30 kg\/m3 con interior de madera y carcasa exterior de polipropileno negro. Posibilidad de goma inyectada de alta densidad de 55 kg\/m3. Opcional traslaci\u00f3n del asiento con un recorrido de 5,5 cm. Asiento giratorio con regulaci\u00f3n en altura mediante pist\u00f3n de gas (recorrido m\u00ednimo 10 cm).<\/li>\n<\/ul>\n<p>SILLA CON ESTRUCTURA NEGRA.<\/p>\n<p>Base est\u00e1ndar de poliamida negra reforzada con fibra de vidrio. Piramidal de 69 cm de di\u00e1metro con ruedas b\u00e1sicas de 50 mm de di\u00e1metro o autofrenadas de 65 mm de di\u00e1metro. Opciones de bases:<\/p>\n<ul>\n<li>Base de poliamida negro de 690 mm<\/li>\n<li>Base de aluminio (pulido\/negro) de 652 mm<\/li>\n<li>Base de aluminio pulido de 700 mm<\/li>\n<li>Base de aluminio pulido de 670 mm<\/li>\n<li>Base de aluminio pulido New Comp\u00e1s de 690 mm<\/li>\n<\/ul>\n<p>Brazos fijos o regulables en opci\u00f3n 1D, 2D, 3D y 4D. Opciones:<\/p>\n<ul>\n<li>Brazos fijos de poliamida negro.<\/li>\n<li>Brazos regulables 1D: en altura. De poliamida negro.<\/li>\n<li>Brazos regulables 2D: altura y anchura. De poliamida negro.<\/li>\n<li>Brazos regulables 2D: altura y profundidad. De poliamida negro y apoya brazos blando.<\/li>\n<li>Brazos regulables 2D: altura y abatible hacia atr\u00e1s. De poliamida negro y apoya brazos blando.<\/li>\n<li>Brazos regulables 3D: altura, profundidad y rotaci\u00f3n. De poliamida negro y apoya brazos blando.<\/li>\n<li>Brazos regulables 3D: altura, anchura y profundidad. De poliamida negro y apoya brazos blando.<\/li>\n<li>Brazos regulables 3D: altura, profundidad y rotaci\u00f3n. De aluminio pulido y apoya brazos blando de color negro.<\/li>\n<li>Brazos regulables 4D: altura, profundidad, rotaci\u00f3n y anchura. De poliamida negro y apoya brazos blando.<\/li>\n<li>Brazos regulables 4D: altura, profundidad, rotaci\u00f3n y anchura. De aluminio pulido y apoya brazos blando de color negro.<\/li>\n<li>Brazos regulables 4D: altura, profundidad, rotaci\u00f3n y anchura. De poliamida negro y apoya brazos blando.<\/li>\n<\/ul>\n<p>SILLA CON ESTRUCTURA BLANCA.<\/p>\n<p>Base est\u00e1ndar de poliamida blanca reforzada con fibra de vidrio. Piramidal de 70 cm de di\u00e1metro con ruedas b\u00e1sicas de 50 mm de di\u00e1metro o autofrenadas de 65 mm de di\u00e1metro. Opciones de bases:<\/p>\n<ul>\n<li>Base de poliamida blanca de 700 mm<\/li>\n<li>Base de aluminio blanco de 670 mm<\/li>\n<li>Base de aluminio pulido de 670 mm<\/li>\n<li>Base de aluminio pulido de 700 mm<\/li>\n<\/ul>\n<p>Brazos fijos o regulables en opci\u00f3n 1D, 2D, 3D y 4D. Opciones:<\/p>\n<ul>\n<li>Brazos regulables 1D: en altura. De poliamida blanca.<\/li>\n<li>Brazos regulables 2D: altura y anchura. De poliamida blanca.<\/li>\n<li>Brazos regulables 3D: altura, profundidad y rotaci\u00f3n. De aluminio pulido y apoya brazos blando de color negro.<\/li>\n<li>Brazos regulables 4D: altura, profundidad, rotaci\u00f3n y anchura. De aluminio pulido y apoya brazos blando de color negro.<\/li>\n<li>Brazos regulables 4D: altura, profundidad, rotaci\u00f3n y anchura. De poliamida blanca y apoya brazos blando de color negro.<\/li>\n<\/ul>\n","protected":false},"featured_media":2656,"template":"","meta":{"_acf_changed":false,"inline_featured_image":false,"_genesis_hide_title":false,"_genesis_hide_breadcrumbs":false,"_genesis_hide_singular_image":false,"_genesis_hide_footer_widgets":false,"_genesis_custom_body_class":"","_genesis_custom_post_class":"","_genesis_layout":"","_links_to":"","_links_to_target":""},"product_brand":[],"product_cat":[94],"product_tag":[],"class_list":{"0":"post-6422","1":"product","2":"type-product","3":"status-publish","4":"has-post-thumbnail","6":"product_cat-sillas-giratorias-operativas","7":"entry","9":"first","10":"instock","11":"shipping-taxable","12":"product-type-simple"},"acf":[],"yoast_head":"<!-- This site is optimized with the Yoast SEO plugin v26.2 - https:\/\/yoast.com\/wordpress\/plugins\/seo\/ -->\n<title>Silla Operativa Modelo NEW LIGHT - francmobiliari.com<\/title>\n<meta name=\"robots\" content=\"index, follow, max-snippet:-1, max-image-preview:large, max-video-preview:-1\" \/>\n<link rel=\"canonical\" href=\"https:\/\/www.francmobiliari.com\/es\/producto\/silla-operativa-modelo-new-light\/\" \/>\n<meta property=\"og:locale\" content=\"es_ES\" \/>\n<meta property=\"og:type\" content=\"article\" \/>\n<meta property=\"og:title\" content=\"Silla Operativa Modelo NEW LIGHT - francmobiliari.com\" \/>\n<meta property=\"og:description\" content=\"Con estructura blanca o negra. Respaldo alto en malla transpirable. Cabezal tapizado ajustable en altura y rotaci\u00f3n. Tensor lumbar 1D, ajustable en altura. Opcional 2D, ajustable en altura y profundidad. Asiento ergon\u00f3mico ajustable en altura y opcional en profundidad. Mecanismo s\u00edncrono de 5 posiciones, y traslaci\u00f3n.   CAT\u00c1LOGO SILLA NEW LIGHT  FICHA T\u00c9CNICA SILLA NEW LIGHT     Respaldo de malla tensada transpirable o tapizado sobre bastidor perimetral de polipropileno reforzado con fibra de vidrio de color negro o blanco. Tensor lumbar regulable en altura o 2D tambi\u00e9n regulable en profundidad. Opcional cabezal tapizado regulable en altura e inclinaci\u00f3n.  Colores malla est\u00e1ndar: Negro, Blanco, Gris, Azul, Rojo, Amarillo o Beige.  Colores malla 3D: Negro, Violeta, Gris, Verde, Naranja o Azul Marino.  Mecanismo de regulaci\u00f3n de inclinaci\u00f3n de respaldo sincronizado con asiento. El est\u00e1ndar Sincro de 5 posiciones con sistema antiretorno. Opciones de mecanismo:   Sincro 5 Posiciones: Con pomo manual por ajuste de tensi\u00f3n en funci\u00f3n del peso del usuario entre 45 y 120 kg.  Sincro auto-pesado con traslaci\u00f3n del asiento: Bloqueo en 4 posiciones, regulaci\u00f3n autom\u00e1tica y aut\u00f3noma de la tensi\u00f3n en funci\u00f3n del peso del usuario entre 45 y 120 kg. Con regulaci\u00f3n horizontal de la profundidad del asiento.  Sincro 5 Posiciones con traslaci\u00f3n del asiento: Bloqueo en 5 posiciones, regulaci\u00f3n horizontal de la profundidad del asiento.  Sincro 24 horas: (con certificado para uso intensivo). Para usuarios de hasta 150 Kg. Bloqueo en 4 o 5 posiciones. Tambi\u00e9n con opci\u00f3n de regulaci\u00f3n horizontal de la profundidad del asiento.  Asiento ergon\u00f3mico con curvatura delantera de 4,5 cm de espesor de espuma de poliuretano flexible de 30 kg\/m3 con interior de madera y carcasa exterior de polipropileno negro. Posibilidad de goma inyectada de alta densidad de 55 kg\/m3. Opcional traslaci\u00f3n del asiento con un recorrido de 5,5 cm. Asiento giratorio con regulaci\u00f3n en altura mediante pist\u00f3n de gas (recorrido m\u00ednimo 10 cm).  SILLA CON ESTRUCTURA NEGRA.  Base est\u00e1ndar de poliamida negra reforzada con fibra de vidrio. Piramidal de 69 cm de di\u00e1metro con ruedas b\u00e1sicas de 50 mm de di\u00e1metro o autofrenadas de 65 mm de di\u00e1metro. Opciones de bases:   Base de poliamida negro de 690 mm  Base de aluminio (pulido\/negro) de 652 mm  Base de aluminio pulido de 700 mm  Base de aluminio pulido de 670 mm  Base de aluminio pulido New Comp\u00e1s de 690 mm  Brazos fijos o regulables en opci\u00f3n 1D, 2D, 3D y 4D. Opciones:   Brazos fijos de poliamida negro.  Brazos regulables 1D: en altura. De poliamida negro.  Brazos regulables 2D: altura y anchura. De poliamida negro.  Brazos regulables 2D: altura y profundidad. De poliamida negro y apoya brazos blando.  Brazos regulables 2D: altura y abatible hacia atr\u00e1s. De poliamida negro y apoya brazos blando.  Brazos regulables 3D: altura, profundidad y rotaci\u00f3n. De poliamida negro y apoya brazos blando.  Brazos regulables 3D: altura, anchura y profundidad. De poliamida negro y apoya brazos blando.  Brazos regulables 3D: altura, profundidad y rotaci\u00f3n. De aluminio pulido y apoya brazos blando de color negro.  Brazos regulables 4D: altura, profundidad, rotaci\u00f3n y anchura. De poliamida negro y apoya brazos blando.  Brazos regulables 4D: altura, profundidad, rotaci\u00f3n y anchura. De aluminio pulido y apoya brazos blando de color negro.  Brazos regulables 4D: altura, profundidad, rotaci\u00f3n y anchura. De poliamida negro y apoya brazos blando.  SILLA CON ESTRUCTURA BLANCA.  Base est\u00e1ndar de poliamida blanca reforzada con fibra de vidrio. Piramidal de 70 cm de di\u00e1metro con ruedas b\u00e1sicas de 50 mm de di\u00e1metro o autofrenadas de 65 mm de di\u00e1metro. Opciones de bases:   Base de poliamida blanca de 700 mm  Base de aluminio blanco de 670 mm  Base de aluminio pulido de 670 mm  Base de aluminio pulido de 700 mm  Brazos fijos o regulables en opci\u00f3n 1D, 2D, 3D y 4D. Opciones:   Brazos regulables 1D: en altura. De poliamida blanca.  Brazos regulables 2D: altura y anchura. De poliamida blanca.  Brazos regulables 3D: altura, profundidad y rotaci\u00f3n. De aluminio pulido y apoya brazos blando de color negro.  Brazos regulables 4D: altura, profundidad, rotaci\u00f3n y anchura. De aluminio pulido y apoya brazos blando de color negro.  Brazos regulables 4D: altura, profundidad, rotaci\u00f3n y anchura. De poliamida blanca y apoya brazos blando de color negro.\" \/>\n<meta property=\"og:url\" content=\"https:\/\/www.francmobiliari.com\/es\/producto\/silla-operativa-modelo-new-light\/\" \/>\n<meta property=\"og:site_name\" content=\"francmobiliari.com\" \/>\n<meta property=\"article:modified_time\" content=\"2025-08-04T19:22:14+00:00\" \/>\n<meta property=\"og:image\" content=\"https:\/\/www.francmobiliari.com\/wp-content\/uploads\/2025\/07\/MINIATURA-CADIRA-GIRATORIA-NEW-LIGHT.jpg\" \/>\n\t<meta property=\"og:image:width\" content=\"800\" \/>\n\t<meta property=\"og:image:height\" content=\"533\" \/>\n\t<meta property=\"og:image:type\" content=\"image\/jpeg\" \/>\n<meta name=\"twitter:card\" content=\"summary_large_image\" \/>\n<script type=\"application\/ld+json\" class=\"yoast-schema-graph\">{\"@context\":\"https:\/\/schema.org\",\"@graph\":[{\"@type\":\"WebPage\",\"@id\":\"https:\/\/www.francmobiliari.com\/es\/producto\/silla-operativa-modelo-new-light\/\",\"url\":\"https:\/\/www.francmobiliari.com\/es\/producto\/silla-operativa-modelo-new-light\/\",\"name\":\"Silla Operativa Modelo NEW LIGHT - francmobiliari.com\",\"isPartOf\":{\"@id\":\"https:\/\/www.francmobiliari.com\/#website\"},\"primaryImageOfPage\":{\"@id\":\"https:\/\/www.francmobiliari.com\/es\/producto\/silla-operativa-modelo-new-light\/#primaryimage\"},\"image\":{\"@id\":\"https:\/\/www.francmobiliari.com\/es\/producto\/silla-operativa-modelo-new-light\/#primaryimage\"},\"thumbnailUrl\":\"https:\/\/www.francmobiliari.com\/wp-content\/uploads\/2025\/07\/MINIATURA-CADIRA-GIRATORIA-NEW-LIGHT.jpg\",\"datePublished\":\"2025-07-17T15:41:43+00:00\",\"dateModified\":\"2025-08-04T19:22:14+00:00\",\"breadcrumb\":{\"@id\":\"https:\/\/www.francmobiliari.com\/es\/producto\/silla-operativa-modelo-new-light\/#breadcrumb\"},\"inLanguage\":\"es\",\"potentialAction\":[{\"@type\":\"ReadAction\",\"target\":[\"https:\/\/www.francmobiliari.com\/es\/producto\/silla-operativa-modelo-new-light\/\"]}]},{\"@type\":\"ImageObject\",\"inLanguage\":\"es\",\"@id\":\"https:\/\/www.francmobiliari.com\/es\/producto\/silla-operativa-modelo-new-light\/#primaryimage\",\"url\":\"https:\/\/www.francmobiliari.com\/wp-content\/uploads\/2025\/07\/MINIATURA-CADIRA-GIRATORIA-NEW-LIGHT.jpg\",\"contentUrl\":\"https:\/\/www.francmobiliari.com\/wp-content\/uploads\/2025\/07\/MINIATURA-CADIRA-GIRATORIA-NEW-LIGHT.jpg\",\"width\":800,\"height\":533},{\"@type\":\"BreadcrumbList\",\"@id\":\"https:\/\/www.francmobiliari.com\/es\/producto\/silla-operativa-modelo-new-light\/#breadcrumb\",\"itemListElement\":[{\"@type\":\"ListItem\",\"position\":1,\"name\":\"Portada\",\"item\":\"https:\/\/www.francmobiliari.com\/es\/inicio\/\"},{\"@type\":\"ListItem\",\"position\":2,\"name\":\"Tienda\",\"item\":\"https:\/\/www.francmobiliari.com\/es\/tienda\/\"},{\"@type\":\"ListItem\",\"position\":3,\"name\":\"Silla Operativa Modelo NEW LIGHT\"}]},{\"@type\":\"WebSite\",\"@id\":\"https:\/\/www.francmobiliari.com\/#website\",\"url\":\"https:\/\/www.francmobiliari.com\/\",\"name\":\"francmobiliari.com\",\"description\":\"\",\"publisher\":{\"@id\":\"https:\/\/www.francmobiliari.com\/#organization\"},\"potentialAction\":[{\"@type\":\"SearchAction\",\"target\":{\"@type\":\"EntryPoint\",\"urlTemplate\":\"https:\/\/www.francmobiliari.com\/?s={search_term_string}\"},\"query-input\":{\"@type\":\"PropertyValueSpecification\",\"valueRequired\":true,\"valueName\":\"search_term_string\"}}],\"inLanguage\":\"es\"},{\"@type\":\"Organization\",\"@id\":\"https:\/\/www.francmobiliari.com\/#organization\",\"name\":\"francmobiliari.com\",\"url\":\"https:\/\/www.francmobiliari.com\/\",\"logo\":{\"@type\":\"ImageObject\",\"inLanguage\":\"es\",\"@id\":\"https:\/\/www.francmobiliari.com\/#\/schema\/logo\/image\/\",\"url\":\"https:\/\/www.francmobiliari.com\/wp-content\/uploads\/2025\/07\/img-placeholder.png\",\"contentUrl\":\"https:\/\/www.francmobiliari.com\/wp-content\/uploads\/2025\/07\/img-placeholder.png\",\"width\":1500,\"height\":1500,\"caption\":\"francmobiliari.com\"},\"image\":{\"@id\":\"https:\/\/www.francmobiliari.com\/#\/schema\/logo\/image\/\"}}]}<\/script>\n<!-- \/ Yoast SEO plugin. -->","yoast_head_json":{"title":"Silla Operativa Modelo NEW LIGHT - francmobiliari.com","robots":{"index":"index","follow":"follow","max-snippet":"max-snippet:-1","max-image-preview":"max-image-preview:large","max-video-preview":"max-video-preview:-1"},"canonical":"https:\/\/www.francmobiliari.com\/es\/producto\/silla-operativa-modelo-new-light\/","og_locale":"es_ES","og_type":"article","og_title":"Silla Operativa Modelo NEW LIGHT - francmobiliari.com","og_description":"Con estructura blanca o negra. Respaldo alto en malla transpirable. Cabezal tapizado ajustable en altura y rotaci\u00f3n. Tensor lumbar 1D, ajustable en altura. Opcional 2D, ajustable en altura y profundidad. Asiento ergon\u00f3mico ajustable en altura y opcional en profundidad. Mecanismo s\u00edncrono de 5 posiciones, y traslaci\u00f3n.   CAT\u00c1LOGO SILLA NEW LIGHT  FICHA T\u00c9CNICA SILLA NEW LIGHT     Respaldo de malla tensada transpirable o tapizado sobre bastidor perimetral de polipropileno reforzado con fibra de vidrio de color negro o blanco. Tensor lumbar regulable en altura o 2D tambi\u00e9n regulable en profundidad. Opcional cabezal tapizado regulable en altura e inclinaci\u00f3n.  Colores malla est\u00e1ndar: Negro, Blanco, Gris, Azul, Rojo, Amarillo o Beige.  Colores malla 3D: Negro, Violeta, Gris, Verde, Naranja o Azul Marino.  Mecanismo de regulaci\u00f3n de inclinaci\u00f3n de respaldo sincronizado con asiento. El est\u00e1ndar Sincro de 5 posiciones con sistema antiretorno. Opciones de mecanismo:   Sincro 5 Posiciones: Con pomo manual por ajuste de tensi\u00f3n en funci\u00f3n del peso del usuario entre 45 y 120 kg.  Sincro auto-pesado con traslaci\u00f3n del asiento: Bloqueo en 4 posiciones, regulaci\u00f3n autom\u00e1tica y aut\u00f3noma de la tensi\u00f3n en funci\u00f3n del peso del usuario entre 45 y 120 kg. Con regulaci\u00f3n horizontal de la profundidad del asiento.  Sincro 5 Posiciones con traslaci\u00f3n del asiento: Bloqueo en 5 posiciones, regulaci\u00f3n horizontal de la profundidad del asiento.  Sincro 24 horas: (con certificado para uso intensivo). Para usuarios de hasta 150 Kg. Bloqueo en 4 o 5 posiciones. Tambi\u00e9n con opci\u00f3n de regulaci\u00f3n horizontal de la profundidad del asiento.  Asiento ergon\u00f3mico con curvatura delantera de 4,5 cm de espesor de espuma de poliuretano flexible de 30 kg\/m3 con interior de madera y carcasa exterior de polipropileno negro. Posibilidad de goma inyectada de alta densidad de 55 kg\/m3. Opcional traslaci\u00f3n del asiento con un recorrido de 5,5 cm. Asiento giratorio con regulaci\u00f3n en altura mediante pist\u00f3n de gas (recorrido m\u00ednimo 10 cm).  SILLA CON ESTRUCTURA NEGRA.  Base est\u00e1ndar de poliamida negra reforzada con fibra de vidrio. Piramidal de 69 cm de di\u00e1metro con ruedas b\u00e1sicas de 50 mm de di\u00e1metro o autofrenadas de 65 mm de di\u00e1metro. Opciones de bases:   Base de poliamida negro de 690 mm  Base de aluminio (pulido\/negro) de 652 mm  Base de aluminio pulido de 700 mm  Base de aluminio pulido de 670 mm  Base de aluminio pulido New Comp\u00e1s de 690 mm  Brazos fijos o regulables en opci\u00f3n 1D, 2D, 3D y 4D. Opciones:   Brazos fijos de poliamida negro.  Brazos regulables 1D: en altura. De poliamida negro.  Brazos regulables 2D: altura y anchura. De poliamida negro.  Brazos regulables 2D: altura y profundidad. De poliamida negro y apoya brazos blando.  Brazos regulables 2D: altura y abatible hacia atr\u00e1s. De poliamida negro y apoya brazos blando.  Brazos regulables 3D: altura, profundidad y rotaci\u00f3n. De poliamida negro y apoya brazos blando.  Brazos regulables 3D: altura, anchura y profundidad. De poliamida negro y apoya brazos blando.  Brazos regulables 3D: altura, profundidad y rotaci\u00f3n. De aluminio pulido y apoya brazos blando de color negro.  Brazos regulables 4D: altura, profundidad, rotaci\u00f3n y anchura. De poliamida negro y apoya brazos blando.  Brazos regulables 4D: altura, profundidad, rotaci\u00f3n y anchura. De aluminio pulido y apoya brazos blando de color negro.  Brazos regulables 4D: altura, profundidad, rotaci\u00f3n y anchura. De poliamida negro y apoya brazos blando.  SILLA CON ESTRUCTURA BLANCA.  Base est\u00e1ndar de poliamida blanca reforzada con fibra de vidrio. Piramidal de 70 cm de di\u00e1metro con ruedas b\u00e1sicas de 50 mm de di\u00e1metro o autofrenadas de 65 mm de di\u00e1metro. Opciones de bases:   Base de poliamida blanca de 700 mm  Base de aluminio blanco de 670 mm  Base de aluminio pulido de 670 mm  Base de aluminio pulido de 700 mm  Brazos fijos o regulables en opci\u00f3n 1D, 2D, 3D y 4D. Opciones:   Brazos regulables 1D: en altura. De poliamida blanca.  Brazos regulables 2D: altura y anchura. De poliamida blanca.  Brazos regulables 3D: altura, profundidad y rotaci\u00f3n. De aluminio pulido y apoya brazos blando de color negro.  Brazos regulables 4D: altura, profundidad, rotaci\u00f3n y anchura. De aluminio pulido y apoya brazos blando de color negro.  Brazos regulables 4D: altura, profundidad, rotaci\u00f3n y anchura. De poliamida blanca y apoya brazos blando de color negro.","og_url":"https:\/\/www.francmobiliari.com\/es\/producto\/silla-operativa-modelo-new-light\/","og_site_name":"francmobiliari.com","article_modified_time":"2025-08-04T19:22:14+00:00","og_image":[{"width":800,"height":533,"url":"https:\/\/www.francmobiliari.com\/wp-content\/uploads\/2025\/07\/MINIATURA-CADIRA-GIRATORIA-NEW-LIGHT.jpg","type":"image\/jpeg"}],"twitter_card":"summary_large_image","schema":{"@context":"https:\/\/schema.org","@graph":[{"@type":"WebPage","@id":"https:\/\/www.francmobiliari.com\/es\/producto\/silla-operativa-modelo-new-light\/","url":"https:\/\/www.francmobiliari.com\/es\/producto\/silla-operativa-modelo-new-light\/","name":"Silla Operativa Modelo NEW LIGHT - francmobiliari.com","isPartOf":{"@id":"https:\/\/www.francmobiliari.com\/#website"},"primaryImageOfPage":{"@id":"https:\/\/www.francmobiliari.com\/es\/producto\/silla-operativa-modelo-new-light\/#primaryimage"},"image":{"@id":"https:\/\/www.francmobiliari.com\/es\/producto\/silla-operativa-modelo-new-light\/#primaryimage"},"thumbnailUrl":"https:\/\/www.francmobiliari.com\/wp-content\/uploads\/2025\/07\/MINIATURA-CADIRA-GIRATORIA-NEW-LIGHT.jpg","datePublished":"2025-07-17T15:41:43+00:00","dateModified":"2025-08-04T19:22:14+00:00","breadcrumb":{"@id":"https:\/\/www.francmobiliari.com\/es\/producto\/silla-operativa-modelo-new-light\/#breadcrumb"},"inLanguage":"es","potentialAction":[{"@type":"ReadAction","target":["https:\/\/www.francmobiliari.com\/es\/producto\/silla-operativa-modelo-new-light\/"]}]},{"@type":"ImageObject","inLanguage":"es","@id":"https:\/\/www.francmobiliari.com\/es\/producto\/silla-operativa-modelo-new-light\/#primaryimage","url":"https:\/\/www.francmobiliari.com\/wp-content\/uploads\/2025\/07\/MINIATURA-CADIRA-GIRATORIA-NEW-LIGHT.jpg","contentUrl":"https:\/\/www.francmobiliari.com\/wp-content\/uploads\/2025\/07\/MINIATURA-CADIRA-GIRATORIA-NEW-LIGHT.jpg","width":800,"height":533},{"@type":"BreadcrumbList","@id":"https:\/\/www.francmobiliari.com\/es\/producto\/silla-operativa-modelo-new-light\/#breadcrumb","itemListElement":[{"@type":"ListItem","position":1,"name":"Portada","item":"https:\/\/www.francmobiliari.com\/es\/inicio\/"},{"@type":"ListItem","position":2,"name":"Tienda","item":"https:\/\/www.francmobiliari.com\/es\/tienda\/"},{"@type":"ListItem","position":3,"name":"Silla Operativa Modelo NEW LIGHT"}]},{"@type":"WebSite","@id":"https:\/\/www.francmobiliari.com\/#website","url":"https:\/\/www.francmobiliari.com\/","name":"francmobiliari.com","description":"","publisher":{"@id":"https:\/\/www.francmobiliari.com\/#organization"},"potentialAction":[{"@type":"SearchAction","target":{"@type":"EntryPoint","urlTemplate":"https:\/\/www.francmobiliari.com\/?s={search_term_string}"},"query-input":{"@type":"PropertyValueSpecification","valueRequired":true,"valueName":"search_term_string"}}],"inLanguage":"es"},{"@type":"Organization","@id":"https:\/\/www.francmobiliari.com\/#organization","name":"francmobiliari.com","url":"https:\/\/www.francmobiliari.com\/","logo":{"@type":"ImageObject","inLanguage":"es","@id":"https:\/\/www.francmobiliari.com\/#\/schema\/logo\/image\/","url":"https:\/\/www.francmobiliari.com\/wp-content\/uploads\/2025\/07\/img-placeholder.png","contentUrl":"https:\/\/www.francmobiliari.com\/wp-content\/uploads\/2025\/07\/img-placeholder.png","width":1500,"height":1500,"caption":"francmobiliari.com"},"image":{"@id":"https:\/\/www.francmobiliari.com\/#\/schema\/logo\/image\/"}}]}},"_links":{"self":[{"href":"https:\/\/www.francmobiliari.com\/es\/wp-json\/wp\/v2\/product\/6422","targetHints":{"allow":["GET"]}}],"collection":[{"href":"https:\/\/www.francmobiliari.com\/es\/wp-json\/wp\/v2\/product"}],"about":[{"href":"https:\/\/www.francmobiliari.com\/es\/wp-json\/wp\/v2\/types\/product"}],"wp:featuredmedia":[{"embeddable":true,"href":"https:\/\/www.francmobiliari.com\/es\/wp-json\/wp\/v2\/media\/2656"}],"wp:attachment":[{"href":"https:\/\/www.francmobiliari.com\/es\/wp-json\/wp\/v2\/media?parent=6422"}],"wp:term":[{"taxonomy":"product_brand","embeddable":true,"href":"https:\/\/www.francmobiliari.com\/es\/wp-json\/wp\/v2\/product_brand?post=6422"},{"taxonomy":"product_cat","embeddable":true,"href":"https:\/\/www.francmobiliari.com\/es\/wp-json\/wp\/v2\/product_cat?post=6422"},{"taxonomy":"product_tag","embeddable":true,"href":"https:\/\/www.francmobiliari.com\/es\/wp-json\/wp\/v2\/product_tag?post=6422"}],"curies":[{"name":"wp","href":"https:\/\/api.w.org\/{rel}","templated":true}]}}