{"id":6416,"date":"2025-07-17T17:42:05","date_gmt":"2025-07-17T15:42:05","guid":{"rendered":"https:\/\/www.francmobiliari.com\/producto\/cadira-operativa-model-klass\/"},"modified":"2025-08-04T21:12:34","modified_gmt":"2025-08-04T19:12:34","slug":"silla-operativa-modelo-klass","status":"publish","type":"product","link":"https:\/\/www.francmobiliari.com\/es\/producto\/silla-operativa-modelo-klass\/","title":{"rendered":"Silla Operativa Modelo KLASS"},"content":{"rendered":false,"protected":false},"excerpt":{"rendered":"<div class=\"page\" title=\"Page 7\">\n<div class=\"layoutArea\">\n<div class=\"column\">\n<p>Respaldo regulable en altura y con o sin cabezal. Mecanismo s\u00edncrono, juego de brazos regulables 3D. Base poliamida negra o de aluminio. Carcasa de poliamida negra o gris claro.<\/p>\n<ul>\n<li><a style=\"color: var(--wd-text-color);\" href=\"https:\/\/www.francmobiliari.com\/wp-content\/uploads\/2022\/11\/CATALEG-CADIRA-KLASS.pdf\" target=\"_blank\" rel=\"noopener\">CAT\u00c1LOGO SILLA KLASS<\/a><\/li>\n<li><a style=\"color: var(--wd-text-color);\" href=\"https:\/\/www.francmobiliari.com\/wp-content\/uploads\/2022\/11\/FITXA-TECNICA-KLASS.pdf\" target=\"_blank\" rel=\"noopener\">FICHA T\u00c9CNICA KLASS<\/a><\/li>\n<\/ul>\n<\/div>\n<\/div>\n<\/div>\n<p>Respaldo de espuma de poli\u00e9ster de 40 Kg\/m3 de densidad. Contra de polipropileno en color negro o gris. Regulable en altura mediante mecanismo de cremallera multipuntos. Opcional cabezal ajustable en altura y profundidad.<\/p>\n<p>Dos opciones de mecanismo sincronizado con sistema antiretorno:<\/p>\n<ul>\n<li>Sincro con traslaci\u00f3n: 4 posiciones de bloqueo del respaldo con reclinaci\u00f3n de 24\u00ba y del asiento de 14\u00ba. Desplazamiento horizontal del asiento con un recorrido de 5 cm.<\/li>\n<li>Sincro sin traslaci\u00f3n: 3 posiciones de bloqueo del respaldo con reclinaci\u00f3n de 15\u00ba y del asiento de 7\u00ba.<\/li>\n<\/ul>\n<p>Asiento de espuma de poliuretano expandido de 50 kg\/m3 de densidad. Contra de polipropileno negro o gris. Interior del asiento de madera laminada. Regulaci\u00f3n en altura mediante pist\u00f3n de gas cromado con embellecedor telesc\u00f3pico en color negro o gris. Pomo de regulaci\u00f3n de la tensi\u00f3n para adaptar la silla al peso del usuario.<\/p>\n<p>Brazos opcionales en dos versiones:<\/p>\n<ul>\n<li>Brazos fijos: en forma de \u201cO\u201d de polipropileno negro o gris.<\/li>\n<li>Brazos regulables 3D: en forma de \u201cT\u201d en acero cromado y polipropileno negro.\n<ul>\n<li>Altura: 6,5 cm de recorrido.<\/li>\n<li>Profundidad hacia adelante o hacia atr\u00e1s.<\/li>\n<li>Rotaci\u00f3n parte superior.<\/li>\n<\/ul>\n<\/li>\n<\/ul>\n<p>Base negra o gris de 5 radios de polipropileno con fibra de vidrio y ruedas blandas de 65 mm de di\u00e1metro. Opcional base de aluminio pulido.<\/p>\n","protected":false},"featured_media":2731,"template":"","meta":{"_acf_changed":false,"inline_featured_image":false,"_genesis_hide_title":false,"_genesis_hide_breadcrumbs":false,"_genesis_hide_singular_image":false,"_genesis_hide_footer_widgets":false,"_genesis_custom_body_class":"","_genesis_custom_post_class":"","_genesis_layout":"","_links_to":"","_links_to_target":""},"product_brand":[],"product_cat":[94],"product_tag":[],"class_list":{"0":"post-6416","1":"product","2":"type-product","3":"status-publish","4":"has-post-thumbnail","6":"product_cat-sillas-giratorias-operativas","7":"entry","9":"first","10":"instock","11":"shipping-taxable","12":"product-type-simple"},"acf":[],"yoast_head":"<!-- This site is optimized with the Yoast SEO plugin v26.2 - https:\/\/yoast.com\/wordpress\/plugins\/seo\/ -->\n<title>Silla Operativa Modelo KLASS - francmobiliari.com<\/title>\n<meta name=\"robots\" content=\"index, follow, max-snippet:-1, max-image-preview:large, max-video-preview:-1\" \/>\n<link rel=\"canonical\" href=\"https:\/\/www.francmobiliari.com\/es\/producto\/silla-operativa-modelo-klass\/\" \/>\n<meta property=\"og:locale\" content=\"es_ES\" \/>\n<meta property=\"og:type\" content=\"article\" \/>\n<meta property=\"og:title\" content=\"Silla Operativa Modelo KLASS - francmobiliari.com\" \/>\n<meta property=\"og:description\" content=\"Respaldo regulable en altura y con o sin cabezal. Mecanismo s\u00edncrono, juego de brazos regulables 3D. Base poliamida negra o de aluminio. Carcasa de poliamida negra o gris claro.   CAT\u00c1LOGO SILLA KLASS  FICHA T\u00c9CNICA KLASS     Respaldo de espuma de poli\u00e9ster de 40 Kg\/m3 de densidad. Contra de polipropileno en color negro o gris. Regulable en altura mediante mecanismo de cremallera multipuntos. Opcional cabezal ajustable en altura y profundidad.  Dos opciones de mecanismo sincronizado con sistema antiretorno:   Sincro con traslaci\u00f3n: 4 posiciones de bloqueo del respaldo con reclinaci\u00f3n de 24\u00ba y del asiento de 14\u00ba. Desplazamiento horizontal del asiento con un recorrido de 5 cm.  Sincro sin traslaci\u00f3n: 3 posiciones de bloqueo del respaldo con reclinaci\u00f3n de 15\u00ba y del asiento de 7\u00ba.  Asiento de espuma de poliuretano expandido de 50 kg\/m3 de densidad. Contra de polipropileno negro o gris. Interior del asiento de madera laminada. Regulaci\u00f3n en altura mediante pist\u00f3n de gas cromado con embellecedor telesc\u00f3pico en color negro o gris. Pomo de regulaci\u00f3n de la tensi\u00f3n para adaptar la silla al peso del usuario.  Brazos opcionales en dos versiones:   Brazos fijos: en forma de \u201cO\u201d de polipropileno negro o gris.  Brazos regulables 3D: en forma de \u201cT\u201d en acero cromado y polipropileno negro.   Altura: 6,5 cm de recorrido.  Profundidad hacia adelante o hacia atr\u00e1s.  Rotaci\u00f3n parte superior.    Base negra o gris de 5 radios de polipropileno con fibra de vidrio y ruedas blandas de 65 mm de di\u00e1metro. Opcional base de aluminio pulido.\" \/>\n<meta property=\"og:url\" content=\"https:\/\/www.francmobiliari.com\/es\/producto\/silla-operativa-modelo-klass\/\" \/>\n<meta property=\"og:site_name\" content=\"francmobiliari.com\" \/>\n<meta property=\"article:modified_time\" content=\"2025-08-04T19:12:34+00:00\" \/>\n<meta property=\"og:image\" content=\"https:\/\/www.francmobiliari.com\/wp-content\/uploads\/2025\/07\/MINIATURA-CADIRA-GIRATORIA-KLASS.jpg\" \/>\n\t<meta property=\"og:image:width\" content=\"567\" \/>\n\t<meta property=\"og:image:height\" content=\"520\" \/>\n\t<meta property=\"og:image:type\" content=\"image\/jpeg\" \/>\n<meta name=\"twitter:card\" content=\"summary_large_image\" \/>\n<script type=\"application\/ld+json\" class=\"yoast-schema-graph\">{\"@context\":\"https:\/\/schema.org\",\"@graph\":[{\"@type\":\"WebPage\",\"@id\":\"https:\/\/www.francmobiliari.com\/es\/producto\/silla-operativa-modelo-klass\/\",\"url\":\"https:\/\/www.francmobiliari.com\/es\/producto\/silla-operativa-modelo-klass\/\",\"name\":\"Silla Operativa Modelo KLASS - francmobiliari.com\",\"isPartOf\":{\"@id\":\"https:\/\/www.francmobiliari.com\/#website\"},\"primaryImageOfPage\":{\"@id\":\"https:\/\/www.francmobiliari.com\/es\/producto\/silla-operativa-modelo-klass\/#primaryimage\"},\"image\":{\"@id\":\"https:\/\/www.francmobiliari.com\/es\/producto\/silla-operativa-modelo-klass\/#primaryimage\"},\"thumbnailUrl\":\"https:\/\/www.francmobiliari.com\/wp-content\/uploads\/2025\/07\/MINIATURA-CADIRA-GIRATORIA-KLASS.jpg\",\"datePublished\":\"2025-07-17T15:42:05+00:00\",\"dateModified\":\"2025-08-04T19:12:34+00:00\",\"breadcrumb\":{\"@id\":\"https:\/\/www.francmobiliari.com\/es\/producto\/silla-operativa-modelo-klass\/#breadcrumb\"},\"inLanguage\":\"es\",\"potentialAction\":[{\"@type\":\"ReadAction\",\"target\":[\"https:\/\/www.francmobiliari.com\/es\/producto\/silla-operativa-modelo-klass\/\"]}]},{\"@type\":\"ImageObject\",\"inLanguage\":\"es\",\"@id\":\"https:\/\/www.francmobiliari.com\/es\/producto\/silla-operativa-modelo-klass\/#primaryimage\",\"url\":\"https:\/\/www.francmobiliari.com\/wp-content\/uploads\/2025\/07\/MINIATURA-CADIRA-GIRATORIA-KLASS.jpg\",\"contentUrl\":\"https:\/\/www.francmobiliari.com\/wp-content\/uploads\/2025\/07\/MINIATURA-CADIRA-GIRATORIA-KLASS.jpg\",\"width\":567,\"height\":520},{\"@type\":\"BreadcrumbList\",\"@id\":\"https:\/\/www.francmobiliari.com\/es\/producto\/silla-operativa-modelo-klass\/#breadcrumb\",\"itemListElement\":[{\"@type\":\"ListItem\",\"position\":1,\"name\":\"Portada\",\"item\":\"https:\/\/www.francmobiliari.com\/es\/inicio\/\"},{\"@type\":\"ListItem\",\"position\":2,\"name\":\"Tienda\",\"item\":\"https:\/\/www.francmobiliari.com\/es\/tienda\/\"},{\"@type\":\"ListItem\",\"position\":3,\"name\":\"Silla Operativa Modelo KLASS\"}]},{\"@type\":\"WebSite\",\"@id\":\"https:\/\/www.francmobiliari.com\/#website\",\"url\":\"https:\/\/www.francmobiliari.com\/\",\"name\":\"francmobiliari.com\",\"description\":\"\",\"publisher\":{\"@id\":\"https:\/\/www.francmobiliari.com\/#organization\"},\"potentialAction\":[{\"@type\":\"SearchAction\",\"target\":{\"@type\":\"EntryPoint\",\"urlTemplate\":\"https:\/\/www.francmobiliari.com\/?s={search_term_string}\"},\"query-input\":{\"@type\":\"PropertyValueSpecification\",\"valueRequired\":true,\"valueName\":\"search_term_string\"}}],\"inLanguage\":\"es\"},{\"@type\":\"Organization\",\"@id\":\"https:\/\/www.francmobiliari.com\/#organization\",\"name\":\"francmobiliari.com\",\"url\":\"https:\/\/www.francmobiliari.com\/\",\"logo\":{\"@type\":\"ImageObject\",\"inLanguage\":\"es\",\"@id\":\"https:\/\/www.francmobiliari.com\/#\/schema\/logo\/image\/\",\"url\":\"https:\/\/www.francmobiliari.com\/wp-content\/uploads\/2025\/07\/img-placeholder.png\",\"contentUrl\":\"https:\/\/www.francmobiliari.com\/wp-content\/uploads\/2025\/07\/img-placeholder.png\",\"width\":1500,\"height\":1500,\"caption\":\"francmobiliari.com\"},\"image\":{\"@id\":\"https:\/\/www.francmobiliari.com\/#\/schema\/logo\/image\/\"}}]}<\/script>\n<!-- \/ Yoast SEO plugin. -->","yoast_head_json":{"title":"Silla Operativa Modelo KLASS - francmobiliari.com","robots":{"index":"index","follow":"follow","max-snippet":"max-snippet:-1","max-image-preview":"max-image-preview:large","max-video-preview":"max-video-preview:-1"},"canonical":"https:\/\/www.francmobiliari.com\/es\/producto\/silla-operativa-modelo-klass\/","og_locale":"es_ES","og_type":"article","og_title":"Silla Operativa Modelo KLASS - francmobiliari.com","og_description":"Respaldo regulable en altura y con o sin cabezal. Mecanismo s\u00edncrono, juego de brazos regulables 3D. Base poliamida negra o de aluminio. Carcasa de poliamida negra o gris claro.   CAT\u00c1LOGO SILLA KLASS  FICHA T\u00c9CNICA KLASS     Respaldo de espuma de poli\u00e9ster de 40 Kg\/m3 de densidad. Contra de polipropileno en color negro o gris. Regulable en altura mediante mecanismo de cremallera multipuntos. Opcional cabezal ajustable en altura y profundidad.  Dos opciones de mecanismo sincronizado con sistema antiretorno:   Sincro con traslaci\u00f3n: 4 posiciones de bloqueo del respaldo con reclinaci\u00f3n de 24\u00ba y del asiento de 14\u00ba. Desplazamiento horizontal del asiento con un recorrido de 5 cm.  Sincro sin traslaci\u00f3n: 3 posiciones de bloqueo del respaldo con reclinaci\u00f3n de 15\u00ba y del asiento de 7\u00ba.  Asiento de espuma de poliuretano expandido de 50 kg\/m3 de densidad. Contra de polipropileno negro o gris. Interior del asiento de madera laminada. Regulaci\u00f3n en altura mediante pist\u00f3n de gas cromado con embellecedor telesc\u00f3pico en color negro o gris. Pomo de regulaci\u00f3n de la tensi\u00f3n para adaptar la silla al peso del usuario.  Brazos opcionales en dos versiones:   Brazos fijos: en forma de \u201cO\u201d de polipropileno negro o gris.  Brazos regulables 3D: en forma de \u201cT\u201d en acero cromado y polipropileno negro.   Altura: 6,5 cm de recorrido.  Profundidad hacia adelante o hacia atr\u00e1s.  Rotaci\u00f3n parte superior.    Base negra o gris de 5 radios de polipropileno con fibra de vidrio y ruedas blandas de 65 mm de di\u00e1metro. Opcional base de aluminio pulido.","og_url":"https:\/\/www.francmobiliari.com\/es\/producto\/silla-operativa-modelo-klass\/","og_site_name":"francmobiliari.com","article_modified_time":"2025-08-04T19:12:34+00:00","og_image":[{"width":567,"height":520,"url":"https:\/\/www.francmobiliari.com\/wp-content\/uploads\/2025\/07\/MINIATURA-CADIRA-GIRATORIA-KLASS.jpg","type":"image\/jpeg"}],"twitter_card":"summary_large_image","schema":{"@context":"https:\/\/schema.org","@graph":[{"@type":"WebPage","@id":"https:\/\/www.francmobiliari.com\/es\/producto\/silla-operativa-modelo-klass\/","url":"https:\/\/www.francmobiliari.com\/es\/producto\/silla-operativa-modelo-klass\/","name":"Silla Operativa Modelo KLASS - francmobiliari.com","isPartOf":{"@id":"https:\/\/www.francmobiliari.com\/#website"},"primaryImageOfPage":{"@id":"https:\/\/www.francmobiliari.com\/es\/producto\/silla-operativa-modelo-klass\/#primaryimage"},"image":{"@id":"https:\/\/www.francmobiliari.com\/es\/producto\/silla-operativa-modelo-klass\/#primaryimage"},"thumbnailUrl":"https:\/\/www.francmobiliari.com\/wp-content\/uploads\/2025\/07\/MINIATURA-CADIRA-GIRATORIA-KLASS.jpg","datePublished":"2025-07-17T15:42:05+00:00","dateModified":"2025-08-04T19:12:34+00:00","breadcrumb":{"@id":"https:\/\/www.francmobiliari.com\/es\/producto\/silla-operativa-modelo-klass\/#breadcrumb"},"inLanguage":"es","potentialAction":[{"@type":"ReadAction","target":["https:\/\/www.francmobiliari.com\/es\/producto\/silla-operativa-modelo-klass\/"]}]},{"@type":"ImageObject","inLanguage":"es","@id":"https:\/\/www.francmobiliari.com\/es\/producto\/silla-operativa-modelo-klass\/#primaryimage","url":"https:\/\/www.francmobiliari.com\/wp-content\/uploads\/2025\/07\/MINIATURA-CADIRA-GIRATORIA-KLASS.jpg","contentUrl":"https:\/\/www.francmobiliari.com\/wp-content\/uploads\/2025\/07\/MINIATURA-CADIRA-GIRATORIA-KLASS.jpg","width":567,"height":520},{"@type":"BreadcrumbList","@id":"https:\/\/www.francmobiliari.com\/es\/producto\/silla-operativa-modelo-klass\/#breadcrumb","itemListElement":[{"@type":"ListItem","position":1,"name":"Portada","item":"https:\/\/www.francmobiliari.com\/es\/inicio\/"},{"@type":"ListItem","position":2,"name":"Tienda","item":"https:\/\/www.francmobiliari.com\/es\/tienda\/"},{"@type":"ListItem","position":3,"name":"Silla Operativa Modelo KLASS"}]},{"@type":"WebSite","@id":"https:\/\/www.francmobiliari.com\/#website","url":"https:\/\/www.francmobiliari.com\/","name":"francmobiliari.com","description":"","publisher":{"@id":"https:\/\/www.francmobiliari.com\/#organization"},"potentialAction":[{"@type":"SearchAction","target":{"@type":"EntryPoint","urlTemplate":"https:\/\/www.francmobiliari.com\/?s={search_term_string}"},"query-input":{"@type":"PropertyValueSpecification","valueRequired":true,"valueName":"search_term_string"}}],"inLanguage":"es"},{"@type":"Organization","@id":"https:\/\/www.francmobiliari.com\/#organization","name":"francmobiliari.com","url":"https:\/\/www.francmobiliari.com\/","logo":{"@type":"ImageObject","inLanguage":"es","@id":"https:\/\/www.francmobiliari.com\/#\/schema\/logo\/image\/","url":"https:\/\/www.francmobiliari.com\/wp-content\/uploads\/2025\/07\/img-placeholder.png","contentUrl":"https:\/\/www.francmobiliari.com\/wp-content\/uploads\/2025\/07\/img-placeholder.png","width":1500,"height":1500,"caption":"francmobiliari.com"},"image":{"@id":"https:\/\/www.francmobiliari.com\/#\/schema\/logo\/image\/"}}]}},"_links":{"self":[{"href":"https:\/\/www.francmobiliari.com\/es\/wp-json\/wp\/v2\/product\/6416","targetHints":{"allow":["GET"]}}],"collection":[{"href":"https:\/\/www.francmobiliari.com\/es\/wp-json\/wp\/v2\/product"}],"about":[{"href":"https:\/\/www.francmobiliari.com\/es\/wp-json\/wp\/v2\/types\/product"}],"wp:featuredmedia":[{"embeddable":true,"href":"https:\/\/www.francmobiliari.com\/es\/wp-json\/wp\/v2\/media\/2731"}],"wp:attachment":[{"href":"https:\/\/www.francmobiliari.com\/es\/wp-json\/wp\/v2\/media?parent=6416"}],"wp:term":[{"taxonomy":"product_brand","embeddable":true,"href":"https:\/\/www.francmobiliari.com\/es\/wp-json\/wp\/v2\/product_brand?post=6416"},{"taxonomy":"product_cat","embeddable":true,"href":"https:\/\/www.francmobiliari.com\/es\/wp-json\/wp\/v2\/product_cat?post=6416"},{"taxonomy":"product_tag","embeddable":true,"href":"https:\/\/www.francmobiliari.com\/es\/wp-json\/wp\/v2\/product_tag?post=6416"}],"curies":[{"name":"wp","href":"https:\/\/api.w.org\/{rel}","templated":true}]}}