{"id":6406,"date":"2025-07-17T17:42:05","date_gmt":"2025-07-17T15:42:05","guid":{"rendered":"https:\/\/www.francmobiliari.com\/producto\/cadira-operativa-model-wi-max-de-malla\/"},"modified":"2025-08-04T21:07:30","modified_gmt":"2025-08-04T19:07:30","slug":"silla-operativa-modelo-wi-max-de-malla","status":"publish","type":"product","link":"https:\/\/www.francmobiliari.com\/es\/producto\/silla-operativa-modelo-wi-max-de-malla\/","title":{"rendered":"Silla Operativa Modelo WI-MAX De Malla"},"content":{"rendered":false,"protected":false},"excerpt":{"rendered":"<div class=\"page\" title=\"Page 7\">\n<div class=\"layoutArea\">\n<div class=\"column\">\n<p>Respaldo alto de malla. Con o sin cabezal. Mecanismo S\u00edncrono Plus y S\u00edncrono Autom\u00e1tico. Traslaci\u00f3n del asiento (opcional). Brazos regulable 3D, regulables 4D o fichas. Base poliamida negra o aluminio p\u00e1lido. Carcasa y base blanca (opcional).<\/p>\n<ul>\n<li><a style=\"color: var(--wd-text-color);\" href=\"https:\/\/www.francmobiliari.com\/wp-content\/uploads\/2022\/11\/CATALEG-CADIRA-WI-MAX-MALLA.pdf\" target=\"_blank\" rel=\"noopener\">CAT\u00c1LOGO SILLA WI-MAX MALLA<\/a><\/li>\n<li><a style=\"color: var(--wd-text-color);\" href=\"https:\/\/www.francmobiliari.com\/wp-content\/uploads\/2022\/11\/INSTRUCCIONS-CADIRA-WI-MAX-MALLA.pdf\" target=\"_blank\" rel=\"noopener\">INSTRUCCIONES SILLA WI-MAX MALLA<\/a><\/li>\n<\/ul>\n<\/div>\n<\/div>\n<\/div>\n<p>Respaldo alto de malla con soporte lumbar regulable en altura.<\/p>\n<p>Colores malla: Negro, Rojo, Gris Oscuro, Violeta, Gris Claro y Azul.<\/p>\n<p>Estructura y base en color negro o blanco. Opcional traslaci\u00f3n del asiento y de cabezal regulable en altura e inclinaci\u00f3n.<\/p>\n<p>Dos tipos de mecanismo para la inclinaci\u00f3n del respaldo:<\/p>\n<ul>\n<li>Sincro Plus: con gran \u00e1ngulo apertura de 22\u00ba y posibilidad de bloqueo en todas las posiciones con antirretorno de seguridad.<\/li>\n<li>Sincro autom\u00e1tico: Autorregulable con 3 posiciones de inclinaci\u00f3n del respaldo a 0\u00ba, 10\u00ba y 20\u00ba.<\/li>\n<\/ul>\n<p>Base de nylon en color negro o blanco con ruedas de 50 mm de di\u00e1metro. Opci\u00f3n de base de aluminio pulido y ruedas de 65 mm.<\/p>\n<p>Brazos de poliamida de color blanco o negro en 2 versiones:<\/p>\n<ul>\n<li>Brazos fijos (s\u00f3lo en negro)<\/li>\n<li>Brazos regulables 3D: en altura, profundidad y ancho.<\/li>\n<\/ul>\n","protected":false},"featured_media":2719,"template":"","meta":{"_acf_changed":false,"inline_featured_image":false,"_genesis_hide_title":false,"_genesis_hide_breadcrumbs":false,"_genesis_hide_singular_image":false,"_genesis_hide_footer_widgets":false,"_genesis_custom_body_class":"","_genesis_custom_post_class":"","_genesis_layout":"","_links_to":"","_links_to_target":""},"product_brand":[],"product_cat":[94],"product_tag":[],"class_list":{"0":"post-6406","1":"product","2":"type-product","3":"status-publish","4":"has-post-thumbnail","6":"product_cat-sillas-giratorias-operativas","7":"entry","9":"first","10":"instock","11":"shipping-taxable","12":"product-type-simple"},"acf":[],"yoast_head":"<!-- This site is optimized with the Yoast SEO plugin v26.2 - https:\/\/yoast.com\/wordpress\/plugins\/seo\/ -->\n<title>Silla Operativa Modelo WI-MAX De Malla - francmobiliari.com<\/title>\n<meta name=\"robots\" content=\"index, follow, max-snippet:-1, max-image-preview:large, max-video-preview:-1\" \/>\n<link rel=\"canonical\" href=\"https:\/\/www.francmobiliari.com\/es\/producto\/silla-operativa-modelo-wi-max-de-malla\/\" \/>\n<meta property=\"og:locale\" content=\"es_ES\" \/>\n<meta property=\"og:type\" content=\"article\" \/>\n<meta property=\"og:title\" content=\"Silla Operativa Modelo WI-MAX De Malla - francmobiliari.com\" \/>\n<meta property=\"og:description\" content=\"Respaldo alto de malla. Con o sin cabezal. Mecanismo S\u00edncrono Plus y S\u00edncrono Autom\u00e1tico. Traslaci\u00f3n del asiento (opcional). Brazos regulable 3D, regulables 4D o fichas. Base poliamida negra o aluminio p\u00e1lido. Carcasa y base blanca (opcional).   CAT\u00c1LOGO SILLA WI-MAX MALLA  INSTRUCCIONES SILLA WI-MAX MALLA      Respaldo alto de malla con soporte lumbar regulable en altura.  Colores malla: Negro, Rojo, Gris Oscuro, Violeta, Gris Claro y Azul.  Estructura y base en color negro o blanco. Opcional traslaci\u00f3n del asiento y de cabezal regulable en altura e inclinaci\u00f3n.  Dos tipos de mecanismo para la inclinaci\u00f3n del respaldo:   Sincro Plus: con gran \u00e1ngulo apertura de 22\u00ba y posibilidad de bloqueo en todas las posiciones con antirretorno de seguridad.  Sincro autom\u00e1tico: Autorregulable con 3 posiciones de inclinaci\u00f3n del respaldo a 0\u00ba, 10\u00ba y 20\u00ba.  Base de nylon en color negro o blanco con ruedas de 50 mm de di\u00e1metro. Opci\u00f3n de base de aluminio pulido y ruedas de 65 mm.  Brazos de poliamida de color blanco o negro en 2 versiones:   Brazos fijos (s\u00f3lo en negro)  Brazos regulables 3D: en altura, profundidad y ancho.\" \/>\n<meta property=\"og:url\" content=\"https:\/\/www.francmobiliari.com\/es\/producto\/silla-operativa-modelo-wi-max-de-malla\/\" \/>\n<meta property=\"og:site_name\" content=\"francmobiliari.com\" \/>\n<meta property=\"article:modified_time\" content=\"2025-08-04T19:07:30+00:00\" \/>\n<meta property=\"og:image\" content=\"https:\/\/www.francmobiliari.com\/wp-content\/uploads\/2025\/07\/MINIATURA-CADIRA-GIRATORIA-WI-MAX-DE-MALLA.jpg\" \/>\n\t<meta property=\"og:image:width\" content=\"1500\" \/>\n\t<meta property=\"og:image:height\" content=\"1000\" \/>\n\t<meta property=\"og:image:type\" content=\"image\/jpeg\" \/>\n<meta name=\"twitter:card\" content=\"summary_large_image\" \/>\n<script type=\"application\/ld+json\" class=\"yoast-schema-graph\">{\"@context\":\"https:\/\/schema.org\",\"@graph\":[{\"@type\":\"WebPage\",\"@id\":\"https:\/\/www.francmobiliari.com\/es\/producto\/silla-operativa-modelo-wi-max-de-malla\/\",\"url\":\"https:\/\/www.francmobiliari.com\/es\/producto\/silla-operativa-modelo-wi-max-de-malla\/\",\"name\":\"Silla Operativa Modelo WI-MAX De Malla - francmobiliari.com\",\"isPartOf\":{\"@id\":\"https:\/\/www.francmobiliari.com\/#website\"},\"primaryImageOfPage\":{\"@id\":\"https:\/\/www.francmobiliari.com\/es\/producto\/silla-operativa-modelo-wi-max-de-malla\/#primaryimage\"},\"image\":{\"@id\":\"https:\/\/www.francmobiliari.com\/es\/producto\/silla-operativa-modelo-wi-max-de-malla\/#primaryimage\"},\"thumbnailUrl\":\"https:\/\/www.francmobiliari.com\/wp-content\/uploads\/2025\/07\/MINIATURA-CADIRA-GIRATORIA-WI-MAX-DE-MALLA.jpg\",\"datePublished\":\"2025-07-17T15:42:05+00:00\",\"dateModified\":\"2025-08-04T19:07:30+00:00\",\"breadcrumb\":{\"@id\":\"https:\/\/www.francmobiliari.com\/es\/producto\/silla-operativa-modelo-wi-max-de-malla\/#breadcrumb\"},\"inLanguage\":\"es\",\"potentialAction\":[{\"@type\":\"ReadAction\",\"target\":[\"https:\/\/www.francmobiliari.com\/es\/producto\/silla-operativa-modelo-wi-max-de-malla\/\"]}]},{\"@type\":\"ImageObject\",\"inLanguage\":\"es\",\"@id\":\"https:\/\/www.francmobiliari.com\/es\/producto\/silla-operativa-modelo-wi-max-de-malla\/#primaryimage\",\"url\":\"https:\/\/www.francmobiliari.com\/wp-content\/uploads\/2025\/07\/MINIATURA-CADIRA-GIRATORIA-WI-MAX-DE-MALLA.jpg\",\"contentUrl\":\"https:\/\/www.francmobiliari.com\/wp-content\/uploads\/2025\/07\/MINIATURA-CADIRA-GIRATORIA-WI-MAX-DE-MALLA.jpg\",\"width\":1500,\"height\":1000},{\"@type\":\"BreadcrumbList\",\"@id\":\"https:\/\/www.francmobiliari.com\/es\/producto\/silla-operativa-modelo-wi-max-de-malla\/#breadcrumb\",\"itemListElement\":[{\"@type\":\"ListItem\",\"position\":1,\"name\":\"Portada\",\"item\":\"https:\/\/www.francmobiliari.com\/es\/inicio\/\"},{\"@type\":\"ListItem\",\"position\":2,\"name\":\"Tienda\",\"item\":\"https:\/\/www.francmobiliari.com\/es\/tienda\/\"},{\"@type\":\"ListItem\",\"position\":3,\"name\":\"Silla Operativa Modelo WI-MAX De Malla\"}]},{\"@type\":\"WebSite\",\"@id\":\"https:\/\/www.francmobiliari.com\/#website\",\"url\":\"https:\/\/www.francmobiliari.com\/\",\"name\":\"francmobiliari.com\",\"description\":\"\",\"publisher\":{\"@id\":\"https:\/\/www.francmobiliari.com\/#organization\"},\"potentialAction\":[{\"@type\":\"SearchAction\",\"target\":{\"@type\":\"EntryPoint\",\"urlTemplate\":\"https:\/\/www.francmobiliari.com\/?s={search_term_string}\"},\"query-input\":{\"@type\":\"PropertyValueSpecification\",\"valueRequired\":true,\"valueName\":\"search_term_string\"}}],\"inLanguage\":\"es\"},{\"@type\":\"Organization\",\"@id\":\"https:\/\/www.francmobiliari.com\/#organization\",\"name\":\"francmobiliari.com\",\"url\":\"https:\/\/www.francmobiliari.com\/\",\"logo\":{\"@type\":\"ImageObject\",\"inLanguage\":\"es\",\"@id\":\"https:\/\/www.francmobiliari.com\/#\/schema\/logo\/image\/\",\"url\":\"https:\/\/www.francmobiliari.com\/wp-content\/uploads\/2025\/07\/img-placeholder.png\",\"contentUrl\":\"https:\/\/www.francmobiliari.com\/wp-content\/uploads\/2025\/07\/img-placeholder.png\",\"width\":1500,\"height\":1500,\"caption\":\"francmobiliari.com\"},\"image\":{\"@id\":\"https:\/\/www.francmobiliari.com\/#\/schema\/logo\/image\/\"}}]}<\/script>\n<!-- \/ Yoast SEO plugin. -->","yoast_head_json":{"title":"Silla Operativa Modelo WI-MAX De Malla - francmobiliari.com","robots":{"index":"index","follow":"follow","max-snippet":"max-snippet:-1","max-image-preview":"max-image-preview:large","max-video-preview":"max-video-preview:-1"},"canonical":"https:\/\/www.francmobiliari.com\/es\/producto\/silla-operativa-modelo-wi-max-de-malla\/","og_locale":"es_ES","og_type":"article","og_title":"Silla Operativa Modelo WI-MAX De Malla - francmobiliari.com","og_description":"Respaldo alto de malla. Con o sin cabezal. Mecanismo S\u00edncrono Plus y S\u00edncrono Autom\u00e1tico. Traslaci\u00f3n del asiento (opcional). Brazos regulable 3D, regulables 4D o fichas. Base poliamida negra o aluminio p\u00e1lido. Carcasa y base blanca (opcional).   CAT\u00c1LOGO SILLA WI-MAX MALLA  INSTRUCCIONES SILLA WI-MAX MALLA      Respaldo alto de malla con soporte lumbar regulable en altura.  Colores malla: Negro, Rojo, Gris Oscuro, Violeta, Gris Claro y Azul.  Estructura y base en color negro o blanco. Opcional traslaci\u00f3n del asiento y de cabezal regulable en altura e inclinaci\u00f3n.  Dos tipos de mecanismo para la inclinaci\u00f3n del respaldo:   Sincro Plus: con gran \u00e1ngulo apertura de 22\u00ba y posibilidad de bloqueo en todas las posiciones con antirretorno de seguridad.  Sincro autom\u00e1tico: Autorregulable con 3 posiciones de inclinaci\u00f3n del respaldo a 0\u00ba, 10\u00ba y 20\u00ba.  Base de nylon en color negro o blanco con ruedas de 50 mm de di\u00e1metro. Opci\u00f3n de base de aluminio pulido y ruedas de 65 mm.  Brazos de poliamida de color blanco o negro en 2 versiones:   Brazos fijos (s\u00f3lo en negro)  Brazos regulables 3D: en altura, profundidad y ancho.","og_url":"https:\/\/www.francmobiliari.com\/es\/producto\/silla-operativa-modelo-wi-max-de-malla\/","og_site_name":"francmobiliari.com","article_modified_time":"2025-08-04T19:07:30+00:00","og_image":[{"width":1500,"height":1000,"url":"https:\/\/www.francmobiliari.com\/wp-content\/uploads\/2025\/07\/MINIATURA-CADIRA-GIRATORIA-WI-MAX-DE-MALLA.jpg","type":"image\/jpeg"}],"twitter_card":"summary_large_image","schema":{"@context":"https:\/\/schema.org","@graph":[{"@type":"WebPage","@id":"https:\/\/www.francmobiliari.com\/es\/producto\/silla-operativa-modelo-wi-max-de-malla\/","url":"https:\/\/www.francmobiliari.com\/es\/producto\/silla-operativa-modelo-wi-max-de-malla\/","name":"Silla Operativa Modelo WI-MAX De Malla - francmobiliari.com","isPartOf":{"@id":"https:\/\/www.francmobiliari.com\/#website"},"primaryImageOfPage":{"@id":"https:\/\/www.francmobiliari.com\/es\/producto\/silla-operativa-modelo-wi-max-de-malla\/#primaryimage"},"image":{"@id":"https:\/\/www.francmobiliari.com\/es\/producto\/silla-operativa-modelo-wi-max-de-malla\/#primaryimage"},"thumbnailUrl":"https:\/\/www.francmobiliari.com\/wp-content\/uploads\/2025\/07\/MINIATURA-CADIRA-GIRATORIA-WI-MAX-DE-MALLA.jpg","datePublished":"2025-07-17T15:42:05+00:00","dateModified":"2025-08-04T19:07:30+00:00","breadcrumb":{"@id":"https:\/\/www.francmobiliari.com\/es\/producto\/silla-operativa-modelo-wi-max-de-malla\/#breadcrumb"},"inLanguage":"es","potentialAction":[{"@type":"ReadAction","target":["https:\/\/www.francmobiliari.com\/es\/producto\/silla-operativa-modelo-wi-max-de-malla\/"]}]},{"@type":"ImageObject","inLanguage":"es","@id":"https:\/\/www.francmobiliari.com\/es\/producto\/silla-operativa-modelo-wi-max-de-malla\/#primaryimage","url":"https:\/\/www.francmobiliari.com\/wp-content\/uploads\/2025\/07\/MINIATURA-CADIRA-GIRATORIA-WI-MAX-DE-MALLA.jpg","contentUrl":"https:\/\/www.francmobiliari.com\/wp-content\/uploads\/2025\/07\/MINIATURA-CADIRA-GIRATORIA-WI-MAX-DE-MALLA.jpg","width":1500,"height":1000},{"@type":"BreadcrumbList","@id":"https:\/\/www.francmobiliari.com\/es\/producto\/silla-operativa-modelo-wi-max-de-malla\/#breadcrumb","itemListElement":[{"@type":"ListItem","position":1,"name":"Portada","item":"https:\/\/www.francmobiliari.com\/es\/inicio\/"},{"@type":"ListItem","position":2,"name":"Tienda","item":"https:\/\/www.francmobiliari.com\/es\/tienda\/"},{"@type":"ListItem","position":3,"name":"Silla Operativa Modelo WI-MAX De Malla"}]},{"@type":"WebSite","@id":"https:\/\/www.francmobiliari.com\/#website","url":"https:\/\/www.francmobiliari.com\/","name":"francmobiliari.com","description":"","publisher":{"@id":"https:\/\/www.francmobiliari.com\/#organization"},"potentialAction":[{"@type":"SearchAction","target":{"@type":"EntryPoint","urlTemplate":"https:\/\/www.francmobiliari.com\/?s={search_term_string}"},"query-input":{"@type":"PropertyValueSpecification","valueRequired":true,"valueName":"search_term_string"}}],"inLanguage":"es"},{"@type":"Organization","@id":"https:\/\/www.francmobiliari.com\/#organization","name":"francmobiliari.com","url":"https:\/\/www.francmobiliari.com\/","logo":{"@type":"ImageObject","inLanguage":"es","@id":"https:\/\/www.francmobiliari.com\/#\/schema\/logo\/image\/","url":"https:\/\/www.francmobiliari.com\/wp-content\/uploads\/2025\/07\/img-placeholder.png","contentUrl":"https:\/\/www.francmobiliari.com\/wp-content\/uploads\/2025\/07\/img-placeholder.png","width":1500,"height":1500,"caption":"francmobiliari.com"},"image":{"@id":"https:\/\/www.francmobiliari.com\/#\/schema\/logo\/image\/"}}]}},"_links":{"self":[{"href":"https:\/\/www.francmobiliari.com\/es\/wp-json\/wp\/v2\/product\/6406","targetHints":{"allow":["GET"]}}],"collection":[{"href":"https:\/\/www.francmobiliari.com\/es\/wp-json\/wp\/v2\/product"}],"about":[{"href":"https:\/\/www.francmobiliari.com\/es\/wp-json\/wp\/v2\/types\/product"}],"wp:featuredmedia":[{"embeddable":true,"href":"https:\/\/www.francmobiliari.com\/es\/wp-json\/wp\/v2\/media\/2719"}],"wp:attachment":[{"href":"https:\/\/www.francmobiliari.com\/es\/wp-json\/wp\/v2\/media?parent=6406"}],"wp:term":[{"taxonomy":"product_brand","embeddable":true,"href":"https:\/\/www.francmobiliari.com\/es\/wp-json\/wp\/v2\/product_brand?post=6406"},{"taxonomy":"product_cat","embeddable":true,"href":"https:\/\/www.francmobiliari.com\/es\/wp-json\/wp\/v2\/product_cat?post=6406"},{"taxonomy":"product_tag","embeddable":true,"href":"https:\/\/www.francmobiliari.com\/es\/wp-json\/wp\/v2\/product_tag?post=6406"}],"curies":[{"name":"wp","href":"https:\/\/api.w.org\/{rel}","templated":true}]}}