{"id":6385,"date":"2025-07-17T17:45:15","date_gmt":"2025-07-17T15:45:15","guid":{"rendered":"https:\/\/www.francmobiliari.com\/producto\/sillas-modelo-royal\/"},"modified":"2025-08-04T20:35:19","modified_gmt":"2025-08-04T18:35:19","slug":"sillas-modelo-royal","status":"publish","type":"product","link":"https:\/\/www.francmobiliari.com\/es\/producto\/sillas-modelo-royal\/","title":{"rendered":"SILLAS MODELO ROYAL"},"content":{"rendered":false,"protected":false},"excerpt":{"rendered":"<p>Con respaldo de malla o tapizado. Estructura de 4 patas o pat\u00edn.<\/p>\n<ul>\n<li><a style=\"color: var(--wd-text-color);\" href=\"https:\/\/www.francmobiliari.com\/wp-content\/uploads\/2022\/11\/FITXA-TECNICA-CADIRA-ROYAL.pdf\" target=\"_blank\" rel=\"noopener\">FICHA T\u00c9CNICA SILLA ROYAL<\/a><\/li>\n<\/ul>\n<p>Disponible en distintas opciones de respaldo. De malla o tapizado. Tapizada en tela, napel o piel.<\/p>\n<ul>\n<li>Respaldo de malla: Respaldo peque\u00f1o volado, fabricado sobre bastidor perimetral de polipropileno negro y malla tensada en color negro, blanco, gris, azul, rojo, amarillo o marr\u00f3n.<\/li>\n<li>Respaldo tapizado: Respaldo fabricado con poliamida y espuma flexible de 4 cm de espesor. Disponible en dos alturas. Peque\u00f1o volado o grande hasta el asiento. Carcasa trasera de polipropileno negro con opci\u00f3n de carcasa tapizada.<\/li>\n<\/ul>\n<p>Estructura met\u00e1lica con brazos integrados en la propia estructura. Fabricada en tubo redondo de 25 mm de di\u00e1metro, pintado en color negro o cromado. Dos versiones de estructura. Disponible en versi\u00f3n de 4 patas o pat\u00edn.<\/p>\n","protected":false},"featured_media":3090,"template":"","meta":{"_acf_changed":false,"inline_featured_image":false,"_genesis_hide_title":false,"_genesis_hide_breadcrumbs":false,"_genesis_hide_singular_image":false,"_genesis_hide_footer_widgets":false,"_genesis_custom_body_class":"","_genesis_custom_post_class":"","_genesis_layout":"","_links_to":"","_links_to_target":""},"product_brand":[],"product_cat":[96],"product_tag":[],"class_list":{"0":"post-6385","1":"product","2":"type-product","3":"status-publish","4":"has-post-thumbnail","6":"product_cat-sillas-fijas-para-reuniones-y-contrato","7":"entry","9":"first","10":"instock","11":"shipping-taxable","12":"product-type-simple"},"acf":[],"yoast_head":"<!-- This site is optimized with the Yoast SEO plugin v26.2 - https:\/\/yoast.com\/wordpress\/plugins\/seo\/ -->\n<title>SILLAS MODELO ROYAL - francmobiliari.com<\/title>\n<meta name=\"robots\" content=\"index, follow, max-snippet:-1, max-image-preview:large, max-video-preview:-1\" \/>\n<link rel=\"canonical\" href=\"https:\/\/www.francmobiliari.com\/es\/producto\/sillas-modelo-royal\/\" \/>\n<meta property=\"og:locale\" content=\"es_ES\" \/>\n<meta property=\"og:type\" content=\"article\" \/>\n<meta property=\"og:title\" content=\"SILLAS MODELO ROYAL - francmobiliari.com\" \/>\n<meta property=\"og:description\" content=\"Con respaldo de malla o tapizado. Estructura de 4 patas o pat\u00edn.   FICHA T\u00c9CNICA SILLA ROYAL  Disponible en distintas opciones de respaldo. De malla o tapizado. Tapizada en tela, napel o piel.   Respaldo de malla: Respaldo peque\u00f1o volado, fabricado sobre bastidor perimetral de polipropileno negro y malla tensada en color negro, blanco, gris, azul, rojo, amarillo o marr\u00f3n.  Respaldo tapizado: Respaldo fabricado con poliamida y espuma flexible de 4 cm de espesor. Disponible en dos alturas. Peque\u00f1o volado o grande hasta el asiento. Carcasa trasera de polipropileno negro con opci\u00f3n de carcasa tapizada.  Estructura met\u00e1lica con brazos integrados en la propia estructura. Fabricada en tubo redondo de 25 mm de di\u00e1metro, pintado en color negro o cromado. Dos versiones de estructura. Disponible en versi\u00f3n de 4 patas o pat\u00edn.\" \/>\n<meta property=\"og:url\" content=\"https:\/\/www.francmobiliari.com\/es\/producto\/sillas-modelo-royal\/\" \/>\n<meta property=\"og:site_name\" content=\"francmobiliari.com\" \/>\n<meta property=\"article:modified_time\" content=\"2025-08-04T18:35:19+00:00\" \/>\n<meta property=\"og:image\" content=\"https:\/\/www.francmobiliari.com\/wp-content\/uploads\/2025\/07\/MINIATURA-CADIRES-ROYAL-15.jpg\" \/>\n\t<meta property=\"og:image:width\" content=\"600\" \/>\n\t<meta property=\"og:image:height\" content=\"600\" \/>\n\t<meta property=\"og:image:type\" content=\"image\/jpeg\" \/>\n<meta name=\"twitter:card\" content=\"summary_large_image\" \/>\n<script type=\"application\/ld+json\" class=\"yoast-schema-graph\">{\"@context\":\"https:\/\/schema.org\",\"@graph\":[{\"@type\":\"WebPage\",\"@id\":\"https:\/\/www.francmobiliari.com\/es\/producto\/sillas-modelo-royal\/\",\"url\":\"https:\/\/www.francmobiliari.com\/es\/producto\/sillas-modelo-royal\/\",\"name\":\"SILLAS MODELO ROYAL - francmobiliari.com\",\"isPartOf\":{\"@id\":\"https:\/\/www.francmobiliari.com\/#website\"},\"primaryImageOfPage\":{\"@id\":\"https:\/\/www.francmobiliari.com\/es\/producto\/sillas-modelo-royal\/#primaryimage\"},\"image\":{\"@id\":\"https:\/\/www.francmobiliari.com\/es\/producto\/sillas-modelo-royal\/#primaryimage\"},\"thumbnailUrl\":\"https:\/\/www.francmobiliari.com\/wp-content\/uploads\/2025\/07\/MINIATURA-CADIRES-ROYAL-15.jpg\",\"datePublished\":\"2025-07-17T15:45:15+00:00\",\"dateModified\":\"2025-08-04T18:35:19+00:00\",\"breadcrumb\":{\"@id\":\"https:\/\/www.francmobiliari.com\/es\/producto\/sillas-modelo-royal\/#breadcrumb\"},\"inLanguage\":\"es\",\"potentialAction\":[{\"@type\":\"ReadAction\",\"target\":[\"https:\/\/www.francmobiliari.com\/es\/producto\/sillas-modelo-royal\/\"]}]},{\"@type\":\"ImageObject\",\"inLanguage\":\"es\",\"@id\":\"https:\/\/www.francmobiliari.com\/es\/producto\/sillas-modelo-royal\/#primaryimage\",\"url\":\"https:\/\/www.francmobiliari.com\/wp-content\/uploads\/2025\/07\/MINIATURA-CADIRES-ROYAL-15.jpg\",\"contentUrl\":\"https:\/\/www.francmobiliari.com\/wp-content\/uploads\/2025\/07\/MINIATURA-CADIRES-ROYAL-15.jpg\",\"width\":600,\"height\":600},{\"@type\":\"BreadcrumbList\",\"@id\":\"https:\/\/www.francmobiliari.com\/es\/producto\/sillas-modelo-royal\/#breadcrumb\",\"itemListElement\":[{\"@type\":\"ListItem\",\"position\":1,\"name\":\"Portada\",\"item\":\"https:\/\/www.francmobiliari.com\/es\/inicio\/\"},{\"@type\":\"ListItem\",\"position\":2,\"name\":\"Tienda\",\"item\":\"https:\/\/www.francmobiliari.com\/es\/tienda\/\"},{\"@type\":\"ListItem\",\"position\":3,\"name\":\"SILLAS MODELO ROYAL\"}]},{\"@type\":\"WebSite\",\"@id\":\"https:\/\/www.francmobiliari.com\/#website\",\"url\":\"https:\/\/www.francmobiliari.com\/\",\"name\":\"francmobiliari.com\",\"description\":\"\",\"publisher\":{\"@id\":\"https:\/\/www.francmobiliari.com\/#organization\"},\"potentialAction\":[{\"@type\":\"SearchAction\",\"target\":{\"@type\":\"EntryPoint\",\"urlTemplate\":\"https:\/\/www.francmobiliari.com\/?s={search_term_string}\"},\"query-input\":{\"@type\":\"PropertyValueSpecification\",\"valueRequired\":true,\"valueName\":\"search_term_string\"}}],\"inLanguage\":\"es\"},{\"@type\":\"Organization\",\"@id\":\"https:\/\/www.francmobiliari.com\/#organization\",\"name\":\"francmobiliari.com\",\"url\":\"https:\/\/www.francmobiliari.com\/\",\"logo\":{\"@type\":\"ImageObject\",\"inLanguage\":\"es\",\"@id\":\"https:\/\/www.francmobiliari.com\/#\/schema\/logo\/image\/\",\"url\":\"https:\/\/www.francmobiliari.com\/wp-content\/uploads\/2025\/07\/img-placeholder.png\",\"contentUrl\":\"https:\/\/www.francmobiliari.com\/wp-content\/uploads\/2025\/07\/img-placeholder.png\",\"width\":1500,\"height\":1500,\"caption\":\"francmobiliari.com\"},\"image\":{\"@id\":\"https:\/\/www.francmobiliari.com\/#\/schema\/logo\/image\/\"}}]}<\/script>\n<!-- \/ Yoast SEO plugin. -->","yoast_head_json":{"title":"SILLAS MODELO ROYAL - francmobiliari.com","robots":{"index":"index","follow":"follow","max-snippet":"max-snippet:-1","max-image-preview":"max-image-preview:large","max-video-preview":"max-video-preview:-1"},"canonical":"https:\/\/www.francmobiliari.com\/es\/producto\/sillas-modelo-royal\/","og_locale":"es_ES","og_type":"article","og_title":"SILLAS MODELO ROYAL - francmobiliari.com","og_description":"Con respaldo de malla o tapizado. Estructura de 4 patas o pat\u00edn.   FICHA T\u00c9CNICA SILLA ROYAL  Disponible en distintas opciones de respaldo. De malla o tapizado. Tapizada en tela, napel o piel.   Respaldo de malla: Respaldo peque\u00f1o volado, fabricado sobre bastidor perimetral de polipropileno negro y malla tensada en color negro, blanco, gris, azul, rojo, amarillo o marr\u00f3n.  Respaldo tapizado: Respaldo fabricado con poliamida y espuma flexible de 4 cm de espesor. Disponible en dos alturas. Peque\u00f1o volado o grande hasta el asiento. Carcasa trasera de polipropileno negro con opci\u00f3n de carcasa tapizada.  Estructura met\u00e1lica con brazos integrados en la propia estructura. Fabricada en tubo redondo de 25 mm de di\u00e1metro, pintado en color negro o cromado. Dos versiones de estructura. Disponible en versi\u00f3n de 4 patas o pat\u00edn.","og_url":"https:\/\/www.francmobiliari.com\/es\/producto\/sillas-modelo-royal\/","og_site_name":"francmobiliari.com","article_modified_time":"2025-08-04T18:35:19+00:00","og_image":[{"width":600,"height":600,"url":"https:\/\/www.francmobiliari.com\/wp-content\/uploads\/2025\/07\/MINIATURA-CADIRES-ROYAL-15.jpg","type":"image\/jpeg"}],"twitter_card":"summary_large_image","schema":{"@context":"https:\/\/schema.org","@graph":[{"@type":"WebPage","@id":"https:\/\/www.francmobiliari.com\/es\/producto\/sillas-modelo-royal\/","url":"https:\/\/www.francmobiliari.com\/es\/producto\/sillas-modelo-royal\/","name":"SILLAS MODELO ROYAL - francmobiliari.com","isPartOf":{"@id":"https:\/\/www.francmobiliari.com\/#website"},"primaryImageOfPage":{"@id":"https:\/\/www.francmobiliari.com\/es\/producto\/sillas-modelo-royal\/#primaryimage"},"image":{"@id":"https:\/\/www.francmobiliari.com\/es\/producto\/sillas-modelo-royal\/#primaryimage"},"thumbnailUrl":"https:\/\/www.francmobiliari.com\/wp-content\/uploads\/2025\/07\/MINIATURA-CADIRES-ROYAL-15.jpg","datePublished":"2025-07-17T15:45:15+00:00","dateModified":"2025-08-04T18:35:19+00:00","breadcrumb":{"@id":"https:\/\/www.francmobiliari.com\/es\/producto\/sillas-modelo-royal\/#breadcrumb"},"inLanguage":"es","potentialAction":[{"@type":"ReadAction","target":["https:\/\/www.francmobiliari.com\/es\/producto\/sillas-modelo-royal\/"]}]},{"@type":"ImageObject","inLanguage":"es","@id":"https:\/\/www.francmobiliari.com\/es\/producto\/sillas-modelo-royal\/#primaryimage","url":"https:\/\/www.francmobiliari.com\/wp-content\/uploads\/2025\/07\/MINIATURA-CADIRES-ROYAL-15.jpg","contentUrl":"https:\/\/www.francmobiliari.com\/wp-content\/uploads\/2025\/07\/MINIATURA-CADIRES-ROYAL-15.jpg","width":600,"height":600},{"@type":"BreadcrumbList","@id":"https:\/\/www.francmobiliari.com\/es\/producto\/sillas-modelo-royal\/#breadcrumb","itemListElement":[{"@type":"ListItem","position":1,"name":"Portada","item":"https:\/\/www.francmobiliari.com\/es\/inicio\/"},{"@type":"ListItem","position":2,"name":"Tienda","item":"https:\/\/www.francmobiliari.com\/es\/tienda\/"},{"@type":"ListItem","position":3,"name":"SILLAS MODELO ROYAL"}]},{"@type":"WebSite","@id":"https:\/\/www.francmobiliari.com\/#website","url":"https:\/\/www.francmobiliari.com\/","name":"francmobiliari.com","description":"","publisher":{"@id":"https:\/\/www.francmobiliari.com\/#organization"},"potentialAction":[{"@type":"SearchAction","target":{"@type":"EntryPoint","urlTemplate":"https:\/\/www.francmobiliari.com\/?s={search_term_string}"},"query-input":{"@type":"PropertyValueSpecification","valueRequired":true,"valueName":"search_term_string"}}],"inLanguage":"es"},{"@type":"Organization","@id":"https:\/\/www.francmobiliari.com\/#organization","name":"francmobiliari.com","url":"https:\/\/www.francmobiliari.com\/","logo":{"@type":"ImageObject","inLanguage":"es","@id":"https:\/\/www.francmobiliari.com\/#\/schema\/logo\/image\/","url":"https:\/\/www.francmobiliari.com\/wp-content\/uploads\/2025\/07\/img-placeholder.png","contentUrl":"https:\/\/www.francmobiliari.com\/wp-content\/uploads\/2025\/07\/img-placeholder.png","width":1500,"height":1500,"caption":"francmobiliari.com"},"image":{"@id":"https:\/\/www.francmobiliari.com\/#\/schema\/logo\/image\/"}}]}},"_links":{"self":[{"href":"https:\/\/www.francmobiliari.com\/es\/wp-json\/wp\/v2\/product\/6385","targetHints":{"allow":["GET"]}}],"collection":[{"href":"https:\/\/www.francmobiliari.com\/es\/wp-json\/wp\/v2\/product"}],"about":[{"href":"https:\/\/www.francmobiliari.com\/es\/wp-json\/wp\/v2\/types\/product"}],"wp:featuredmedia":[{"embeddable":true,"href":"https:\/\/www.francmobiliari.com\/es\/wp-json\/wp\/v2\/media\/3090"}],"wp:attachment":[{"href":"https:\/\/www.francmobiliari.com\/es\/wp-json\/wp\/v2\/media?parent=6385"}],"wp:term":[{"taxonomy":"product_brand","embeddable":true,"href":"https:\/\/www.francmobiliari.com\/es\/wp-json\/wp\/v2\/product_brand?post=6385"},{"taxonomy":"product_cat","embeddable":true,"href":"https:\/\/www.francmobiliari.com\/es\/wp-json\/wp\/v2\/product_cat?post=6385"},{"taxonomy":"product_tag","embeddable":true,"href":"https:\/\/www.francmobiliari.com\/es\/wp-json\/wp\/v2\/product_tag?post=6385"}],"curies":[{"name":"wp","href":"https:\/\/api.w.org\/{rel}","templated":true}]}}