{"id":6364,"date":"2025-07-17T17:42:28","date_gmt":"2025-07-17T15:42:28","guid":{"rendered":"https:\/\/www.francmobiliari.com\/producto\/cadira-operativa-model-copa\/"},"modified":"2025-08-04T19:10:55","modified_gmt":"2025-08-04T17:10:55","slug":"silla-operativa-modelo-copa","status":"publish","type":"product","link":"https:\/\/www.francmobiliari.com\/es\/producto\/silla-operativa-modelo-copa\/","title":{"rendered":"Silla Operativa Modelo COPA"},"content":{"rendered":false,"protected":false},"excerpt":{"rendered":"<div class=\"page\" title=\"Page 7\">\n<div class=\"layoutArea\">\n<div class=\"column\">\n<p>Con estructura negra o blanca. De respaldo de malla de diferentes colores (blanco, negra, gris y azul), fijo, soporte lumbar, mecanismo s\u00edncrono, brazos regulable.<\/p>\n<ul>\n<li><a style=\"color: var(--wd-text-color);\" href=\"https:\/\/www.francmobiliari.com\/wp-content\/uploads\/2022\/11\/CATALEG-CADIRA-COPA.pdf\" target=\"_blank\" rel=\"noopener\">CAT\u00c1LOGO SILLA COPA<\/a><\/li>\n<li><a style=\"color: var(--wd-text-color);\" href=\"https:\/\/www.francmobiliari.com\/wp-content\/uploads\/2022\/11\/FITXA-TECNICA-CADIRA-COPA.pdf\" target=\"_blank\" rel=\"noopener\">FICHA T\u00c9CNICA SILLA COPA<\/a><\/li>\n<\/ul>\n<\/div>\n<\/div>\n<\/div>\n<p>Respaldo de malla con pre marco de poliamida de color negro o blanco. Soporte lumbar de polipropileno regulable en altura 6 cm.<\/p>\n<p>Colores malla: Blanco, Negro, Gris y Azul.<\/p>\n<p>Dos opciones de mecanismo sincronizado con sistema antiretorno. Con o sin traslaci\u00f3n. Con 4 posiciones de bloqueo del respaldo con reclinaci\u00f3n de 20\u00ba y asiento de 6,5\u00ba. Opcional traslaci\u00f3n del asiento con desplazamiento horizontal del asiento con recorrido de 4,5 cm.<\/p>\n<p>Asiento de espuma de poli\u00e9ster de 30 kg\/m3 de densidad. Contra de polipropileno negro o blanco. Interior de polipropileno. Regulaci\u00f3n en altura mediante pist\u00f3n de gas con embellecedor telesc\u00f3pico en color negro o blanco. Pomo de regulaci\u00f3n de la tensi\u00f3n para adaptar la silla al peso del usuario.<\/p>\n<p>Brazos opcionales en tres versiones:<\/p>\n<ul>\n<li>Brazos regulables 1D: en altura (recorrido 7 cm)<\/li>\n<li>Brazos regulables 2D en altura y profundidad.<\/li>\n<li>Brazos regulables 3D: en altura, profundidad y ancho.<\/li>\n<li>Base negra o blanca de 5 radios de poliamida con fibra de vidrio y ruedas blandas de 50 mm de di\u00e1metro. Opcional base de aluminio pulido.<\/li>\n<\/ul>\n","protected":false},"featured_media":2787,"template":"","meta":{"_acf_changed":false,"inline_featured_image":false,"_genesis_hide_title":false,"_genesis_hide_breadcrumbs":false,"_genesis_hide_singular_image":false,"_genesis_hide_footer_widgets":false,"_genesis_custom_body_class":"","_genesis_custom_post_class":"","_genesis_layout":"","_links_to":"","_links_to_target":""},"product_brand":[],"product_cat":[94],"product_tag":[],"class_list":{"0":"post-6364","1":"product","2":"type-product","3":"status-publish","4":"has-post-thumbnail","6":"product_cat-sillas-giratorias-operativas","7":"entry","9":"first","10":"instock","11":"shipping-taxable","12":"product-type-simple"},"acf":[],"yoast_head":"<!-- This site is optimized with the Yoast SEO plugin v26.2 - https:\/\/yoast.com\/wordpress\/plugins\/seo\/ -->\n<title>Silla Operativa Modelo COPA - francmobiliari.com<\/title>\n<meta name=\"robots\" content=\"index, follow, max-snippet:-1, max-image-preview:large, max-video-preview:-1\" \/>\n<link rel=\"canonical\" href=\"https:\/\/www.francmobiliari.com\/es\/producto\/silla-operativa-modelo-copa\/\" \/>\n<meta property=\"og:locale\" content=\"es_ES\" \/>\n<meta property=\"og:type\" content=\"article\" \/>\n<meta property=\"og:title\" content=\"Silla Operativa Modelo COPA - francmobiliari.com\" \/>\n<meta property=\"og:description\" content=\"Con estructura negra o blanca. De respaldo de malla de diferentes colores (blanco, negra, gris y azul), fijo, soporte lumbar, mecanismo s\u00edncrono, brazos regulable.   CAT\u00c1LOGO SILLA COPA  FICHA T\u00c9CNICA SILLA COPA     Respaldo de malla con pre marco de poliamida de color negro o blanco. Soporte lumbar de polipropileno regulable en altura 6 cm.  Colores malla: Blanco, Negro, Gris y Azul.  Dos opciones de mecanismo sincronizado con sistema antiretorno. Con o sin traslaci\u00f3n. Con 4 posiciones de bloqueo del respaldo con reclinaci\u00f3n de 20\u00ba y asiento de 6,5\u00ba. Opcional traslaci\u00f3n del asiento con desplazamiento horizontal del asiento con recorrido de 4,5 cm.  Asiento de espuma de poli\u00e9ster de 30 kg\/m3 de densidad. Contra de polipropileno negro o blanco. Interior de polipropileno. Regulaci\u00f3n en altura mediante pist\u00f3n de gas con embellecedor telesc\u00f3pico en color negro o blanco. Pomo de regulaci\u00f3n de la tensi\u00f3n para adaptar la silla al peso del usuario.  Brazos opcionales en tres versiones:   Brazos regulables 1D: en altura (recorrido 7 cm)  Brazos regulables 2D en altura y profundidad.  Brazos regulables 3D: en altura, profundidad y ancho.  Base negra o blanca de 5 radios de poliamida con fibra de vidrio y ruedas blandas de 50 mm de di\u00e1metro. Opcional base de aluminio pulido.\" \/>\n<meta property=\"og:url\" content=\"https:\/\/www.francmobiliari.com\/es\/producto\/silla-operativa-modelo-copa\/\" \/>\n<meta property=\"og:site_name\" content=\"francmobiliari.com\" \/>\n<meta property=\"article:modified_time\" content=\"2025-08-04T17:10:55+00:00\" \/>\n<meta property=\"og:image\" content=\"https:\/\/www.francmobiliari.com\/wp-content\/uploads\/2025\/07\/MINIATURA-CADIRA-MODEL-COPA.jpg\" \/>\n\t<meta property=\"og:image:width\" content=\"913\" \/>\n\t<meta property=\"og:image:height\" content=\"697\" \/>\n\t<meta property=\"og:image:type\" content=\"image\/jpeg\" \/>\n<meta name=\"twitter:card\" content=\"summary_large_image\" \/>\n<script type=\"application\/ld+json\" class=\"yoast-schema-graph\">{\"@context\":\"https:\/\/schema.org\",\"@graph\":[{\"@type\":\"WebPage\",\"@id\":\"https:\/\/www.francmobiliari.com\/es\/producto\/silla-operativa-modelo-copa\/\",\"url\":\"https:\/\/www.francmobiliari.com\/es\/producto\/silla-operativa-modelo-copa\/\",\"name\":\"Silla Operativa Modelo COPA - francmobiliari.com\",\"isPartOf\":{\"@id\":\"https:\/\/www.francmobiliari.com\/#website\"},\"primaryImageOfPage\":{\"@id\":\"https:\/\/www.francmobiliari.com\/es\/producto\/silla-operativa-modelo-copa\/#primaryimage\"},\"image\":{\"@id\":\"https:\/\/www.francmobiliari.com\/es\/producto\/silla-operativa-modelo-copa\/#primaryimage\"},\"thumbnailUrl\":\"https:\/\/www.francmobiliari.com\/wp-content\/uploads\/2025\/07\/MINIATURA-CADIRA-MODEL-COPA.jpg\",\"datePublished\":\"2025-07-17T15:42:28+00:00\",\"dateModified\":\"2025-08-04T17:10:55+00:00\",\"breadcrumb\":{\"@id\":\"https:\/\/www.francmobiliari.com\/es\/producto\/silla-operativa-modelo-copa\/#breadcrumb\"},\"inLanguage\":\"es\",\"potentialAction\":[{\"@type\":\"ReadAction\",\"target\":[\"https:\/\/www.francmobiliari.com\/es\/producto\/silla-operativa-modelo-copa\/\"]}]},{\"@type\":\"ImageObject\",\"inLanguage\":\"es\",\"@id\":\"https:\/\/www.francmobiliari.com\/es\/producto\/silla-operativa-modelo-copa\/#primaryimage\",\"url\":\"https:\/\/www.francmobiliari.com\/wp-content\/uploads\/2025\/07\/MINIATURA-CADIRA-MODEL-COPA.jpg\",\"contentUrl\":\"https:\/\/www.francmobiliari.com\/wp-content\/uploads\/2025\/07\/MINIATURA-CADIRA-MODEL-COPA.jpg\",\"width\":913,\"height\":697},{\"@type\":\"BreadcrumbList\",\"@id\":\"https:\/\/www.francmobiliari.com\/es\/producto\/silla-operativa-modelo-copa\/#breadcrumb\",\"itemListElement\":[{\"@type\":\"ListItem\",\"position\":1,\"name\":\"Portada\",\"item\":\"https:\/\/www.francmobiliari.com\/es\/inicio\/\"},{\"@type\":\"ListItem\",\"position\":2,\"name\":\"Tienda\",\"item\":\"https:\/\/www.francmobiliari.com\/es\/tienda\/\"},{\"@type\":\"ListItem\",\"position\":3,\"name\":\"Silla Operativa Modelo COPA\"}]},{\"@type\":\"WebSite\",\"@id\":\"https:\/\/www.francmobiliari.com\/#website\",\"url\":\"https:\/\/www.francmobiliari.com\/\",\"name\":\"francmobiliari.com\",\"description\":\"\",\"publisher\":{\"@id\":\"https:\/\/www.francmobiliari.com\/#organization\"},\"potentialAction\":[{\"@type\":\"SearchAction\",\"target\":{\"@type\":\"EntryPoint\",\"urlTemplate\":\"https:\/\/www.francmobiliari.com\/?s={search_term_string}\"},\"query-input\":{\"@type\":\"PropertyValueSpecification\",\"valueRequired\":true,\"valueName\":\"search_term_string\"}}],\"inLanguage\":\"es\"},{\"@type\":\"Organization\",\"@id\":\"https:\/\/www.francmobiliari.com\/#organization\",\"name\":\"francmobiliari.com\",\"url\":\"https:\/\/www.francmobiliari.com\/\",\"logo\":{\"@type\":\"ImageObject\",\"inLanguage\":\"es\",\"@id\":\"https:\/\/www.francmobiliari.com\/#\/schema\/logo\/image\/\",\"url\":\"https:\/\/www.francmobiliari.com\/wp-content\/uploads\/2025\/07\/img-placeholder.png\",\"contentUrl\":\"https:\/\/www.francmobiliari.com\/wp-content\/uploads\/2025\/07\/img-placeholder.png\",\"width\":1500,\"height\":1500,\"caption\":\"francmobiliari.com\"},\"image\":{\"@id\":\"https:\/\/www.francmobiliari.com\/#\/schema\/logo\/image\/\"}}]}<\/script>\n<!-- \/ Yoast SEO plugin. -->","yoast_head_json":{"title":"Silla Operativa Modelo COPA - francmobiliari.com","robots":{"index":"index","follow":"follow","max-snippet":"max-snippet:-1","max-image-preview":"max-image-preview:large","max-video-preview":"max-video-preview:-1"},"canonical":"https:\/\/www.francmobiliari.com\/es\/producto\/silla-operativa-modelo-copa\/","og_locale":"es_ES","og_type":"article","og_title":"Silla Operativa Modelo COPA - francmobiliari.com","og_description":"Con estructura negra o blanca. De respaldo de malla de diferentes colores (blanco, negra, gris y azul), fijo, soporte lumbar, mecanismo s\u00edncrono, brazos regulable.   CAT\u00c1LOGO SILLA COPA  FICHA T\u00c9CNICA SILLA COPA     Respaldo de malla con pre marco de poliamida de color negro o blanco. Soporte lumbar de polipropileno regulable en altura 6 cm.  Colores malla: Blanco, Negro, Gris y Azul.  Dos opciones de mecanismo sincronizado con sistema antiretorno. Con o sin traslaci\u00f3n. Con 4 posiciones de bloqueo del respaldo con reclinaci\u00f3n de 20\u00ba y asiento de 6,5\u00ba. Opcional traslaci\u00f3n del asiento con desplazamiento horizontal del asiento con recorrido de 4,5 cm.  Asiento de espuma de poli\u00e9ster de 30 kg\/m3 de densidad. Contra de polipropileno negro o blanco. Interior de polipropileno. Regulaci\u00f3n en altura mediante pist\u00f3n de gas con embellecedor telesc\u00f3pico en color negro o blanco. Pomo de regulaci\u00f3n de la tensi\u00f3n para adaptar la silla al peso del usuario.  Brazos opcionales en tres versiones:   Brazos regulables 1D: en altura (recorrido 7 cm)  Brazos regulables 2D en altura y profundidad.  Brazos regulables 3D: en altura, profundidad y ancho.  Base negra o blanca de 5 radios de poliamida con fibra de vidrio y ruedas blandas de 50 mm de di\u00e1metro. Opcional base de aluminio pulido.","og_url":"https:\/\/www.francmobiliari.com\/es\/producto\/silla-operativa-modelo-copa\/","og_site_name":"francmobiliari.com","article_modified_time":"2025-08-04T17:10:55+00:00","og_image":[{"width":913,"height":697,"url":"https:\/\/www.francmobiliari.com\/wp-content\/uploads\/2025\/07\/MINIATURA-CADIRA-MODEL-COPA.jpg","type":"image\/jpeg"}],"twitter_card":"summary_large_image","schema":{"@context":"https:\/\/schema.org","@graph":[{"@type":"WebPage","@id":"https:\/\/www.francmobiliari.com\/es\/producto\/silla-operativa-modelo-copa\/","url":"https:\/\/www.francmobiliari.com\/es\/producto\/silla-operativa-modelo-copa\/","name":"Silla Operativa Modelo COPA - francmobiliari.com","isPartOf":{"@id":"https:\/\/www.francmobiliari.com\/#website"},"primaryImageOfPage":{"@id":"https:\/\/www.francmobiliari.com\/es\/producto\/silla-operativa-modelo-copa\/#primaryimage"},"image":{"@id":"https:\/\/www.francmobiliari.com\/es\/producto\/silla-operativa-modelo-copa\/#primaryimage"},"thumbnailUrl":"https:\/\/www.francmobiliari.com\/wp-content\/uploads\/2025\/07\/MINIATURA-CADIRA-MODEL-COPA.jpg","datePublished":"2025-07-17T15:42:28+00:00","dateModified":"2025-08-04T17:10:55+00:00","breadcrumb":{"@id":"https:\/\/www.francmobiliari.com\/es\/producto\/silla-operativa-modelo-copa\/#breadcrumb"},"inLanguage":"es","potentialAction":[{"@type":"ReadAction","target":["https:\/\/www.francmobiliari.com\/es\/producto\/silla-operativa-modelo-copa\/"]}]},{"@type":"ImageObject","inLanguage":"es","@id":"https:\/\/www.francmobiliari.com\/es\/producto\/silla-operativa-modelo-copa\/#primaryimage","url":"https:\/\/www.francmobiliari.com\/wp-content\/uploads\/2025\/07\/MINIATURA-CADIRA-MODEL-COPA.jpg","contentUrl":"https:\/\/www.francmobiliari.com\/wp-content\/uploads\/2025\/07\/MINIATURA-CADIRA-MODEL-COPA.jpg","width":913,"height":697},{"@type":"BreadcrumbList","@id":"https:\/\/www.francmobiliari.com\/es\/producto\/silla-operativa-modelo-copa\/#breadcrumb","itemListElement":[{"@type":"ListItem","position":1,"name":"Portada","item":"https:\/\/www.francmobiliari.com\/es\/inicio\/"},{"@type":"ListItem","position":2,"name":"Tienda","item":"https:\/\/www.francmobiliari.com\/es\/tienda\/"},{"@type":"ListItem","position":3,"name":"Silla Operativa Modelo COPA"}]},{"@type":"WebSite","@id":"https:\/\/www.francmobiliari.com\/#website","url":"https:\/\/www.francmobiliari.com\/","name":"francmobiliari.com","description":"","publisher":{"@id":"https:\/\/www.francmobiliari.com\/#organization"},"potentialAction":[{"@type":"SearchAction","target":{"@type":"EntryPoint","urlTemplate":"https:\/\/www.francmobiliari.com\/?s={search_term_string}"},"query-input":{"@type":"PropertyValueSpecification","valueRequired":true,"valueName":"search_term_string"}}],"inLanguage":"es"},{"@type":"Organization","@id":"https:\/\/www.francmobiliari.com\/#organization","name":"francmobiliari.com","url":"https:\/\/www.francmobiliari.com\/","logo":{"@type":"ImageObject","inLanguage":"es","@id":"https:\/\/www.francmobiliari.com\/#\/schema\/logo\/image\/","url":"https:\/\/www.francmobiliari.com\/wp-content\/uploads\/2025\/07\/img-placeholder.png","contentUrl":"https:\/\/www.francmobiliari.com\/wp-content\/uploads\/2025\/07\/img-placeholder.png","width":1500,"height":1500,"caption":"francmobiliari.com"},"image":{"@id":"https:\/\/www.francmobiliari.com\/#\/schema\/logo\/image\/"}}]}},"_links":{"self":[{"href":"https:\/\/www.francmobiliari.com\/es\/wp-json\/wp\/v2\/product\/6364","targetHints":{"allow":["GET"]}}],"collection":[{"href":"https:\/\/www.francmobiliari.com\/es\/wp-json\/wp\/v2\/product"}],"about":[{"href":"https:\/\/www.francmobiliari.com\/es\/wp-json\/wp\/v2\/types\/product"}],"wp:featuredmedia":[{"embeddable":true,"href":"https:\/\/www.francmobiliari.com\/es\/wp-json\/wp\/v2\/media\/2787"}],"wp:attachment":[{"href":"https:\/\/www.francmobiliari.com\/es\/wp-json\/wp\/v2\/media?parent=6364"}],"wp:term":[{"taxonomy":"product_brand","embeddable":true,"href":"https:\/\/www.francmobiliari.com\/es\/wp-json\/wp\/v2\/product_brand?post=6364"},{"taxonomy":"product_cat","embeddable":true,"href":"https:\/\/www.francmobiliari.com\/es\/wp-json\/wp\/v2\/product_cat?post=6364"},{"taxonomy":"product_tag","embeddable":true,"href":"https:\/\/www.francmobiliari.com\/es\/wp-json\/wp\/v2\/product_tag?post=6364"}],"curies":[{"name":"wp","href":"https:\/\/api.w.org\/{rel}","templated":true}]}}