{"id":6360,"date":"2025-07-17T17:42:28","date_gmt":"2025-07-17T15:42:28","guid":{"rendered":"https:\/\/www.francmobiliari.com\/producto\/cadira-operativa-model-ita\/"},"modified":"2025-08-04T18:51:20","modified_gmt":"2025-08-04T16:51:20","slug":"silla-operativa-modelo-ita","status":"publish","type":"product","link":"https:\/\/www.francmobiliari.com\/es\/producto\/silla-operativa-modelo-ita\/","title":{"rendered":"Silla Operativa Modelo ITA"},"content":{"rendered":false,"protected":false},"excerpt":{"rendered":"<div class=\"page\" title=\"Page 7\">\n<div class=\"layoutArea\">\n<div class=\"column\">\n<p>De respaldo de malla negra, regulable en altura, soporte lumbar con regulaci\u00f3n, brazos fichas, 2D o 3D. Base de aluminio o negra.<\/p>\n<ul>\n<li><a style=\"color: var(--wd-text-color);\" href=\"https:\/\/www.francmobiliari.com\/wp-content\/uploads\/2022\/11\/CATALEG-CADIRA-ITA.pdf\" target=\"_blank\" rel=\"noopener\">CAT\u00c1LOGO SILLA ITA<\/a><\/li>\n<li><a style=\"color: var(--wd-text-color);\" href=\"https:\/\/www.francmobiliari.com\/wp-content\/uploads\/2022\/11\/FITXA-TECNICA-CADIRA-ITA.pdf\" target=\"_blank\" rel=\"noopener\">FICHA T\u00c9CNICA SILLA ITA<\/a><\/li>\n<\/ul>\n<\/div>\n<\/div>\n<\/div>\n<p>Respaldo de malla negra de poli\u00e9ster con pre marco de polipropileno y carga mineral con resistencia a rayos UV, de color negro. Regulable en altura mediante sistema de cremallera multipunto. Opcional soporte lumbar de polipropileno regulable en profundidad y cabezal regulable en altura e inclinaci\u00f3n.<\/p>\n<p>Dos opciones de mecanismo sincronizado con sistema antiretorno. Con o sin traslaci\u00f3n. Con 5 posiciones de bloqueo con reclinaci\u00f3n del respaldo de 23\u00ba y 6\u00ba.<\/p>\n<p>Asiento de espuma de poliuretano expandido de 50 kg\/m3 de densidad. Contra de polipropileno y carga mineral en color negro. Interior del asiento de polipropileno. Regulaci\u00f3n en altura mediante pist\u00f3n de gas cromado con embellecedor telesc\u00f3pico en color negro. Pomo de regulaci\u00f3n de la tensi\u00f3n para adaptar la silla al peso del usuario.<\/p>\n<p>Brazos opcionales en forma de \u201cT\u201d en dos versiones:<\/p>\n<ul>\n<li>Brazos fijos.<\/li>\n<li>Brazos regulables 3D:\n<ul>\n<li>Altura: 7 cm de recorrido.<\/li>\n<li>Profundidad hacia adelante o hacia atr\u00e1s.<\/li>\n<li>Rotaci\u00f3n parte superior.<\/li>\n<\/ul>\n<\/li>\n<\/ul>\n<p>Base negra de 5 radios de polipropileno con fibra de vidrio y ruedas blandas de 50 mm de di\u00e1metro. Opcional base de aluminio pulido.<\/p>\n","protected":false},"featured_media":2777,"template":"","meta":{"_acf_changed":false,"inline_featured_image":false,"_genesis_hide_title":false,"_genesis_hide_breadcrumbs":false,"_genesis_hide_singular_image":false,"_genesis_hide_footer_widgets":false,"_genesis_custom_body_class":"","_genesis_custom_post_class":"","_genesis_layout":"","_links_to":"","_links_to_target":""},"product_brand":[],"product_cat":[94],"product_tag":[],"class_list":{"0":"post-6360","1":"product","2":"type-product","3":"status-publish","4":"has-post-thumbnail","6":"product_cat-sillas-giratorias-operativas","7":"entry","9":"first","10":"instock","11":"shipping-taxable","12":"product-type-simple"},"acf":[],"yoast_head":"<!-- This site is optimized with the Yoast SEO plugin v26.2 - https:\/\/yoast.com\/wordpress\/plugins\/seo\/ -->\n<title>Silla Operativa Modelo ITA - francmobiliari.com<\/title>\n<meta name=\"robots\" content=\"index, follow, max-snippet:-1, max-image-preview:large, max-video-preview:-1\" \/>\n<link rel=\"canonical\" href=\"https:\/\/www.francmobiliari.com\/es\/producto\/silla-operativa-modelo-ita\/\" \/>\n<meta property=\"og:locale\" content=\"es_ES\" \/>\n<meta property=\"og:type\" content=\"article\" \/>\n<meta property=\"og:title\" content=\"Silla Operativa Modelo ITA - francmobiliari.com\" \/>\n<meta property=\"og:description\" content=\"De respaldo de malla negra, regulable en altura, soporte lumbar con regulaci\u00f3n, brazos fichas, 2D o 3D. Base de aluminio o negra.   CAT\u00c1LOGO SILLA ITA  FICHA T\u00c9CNICA SILLA ITA     Respaldo de malla negra de poli\u00e9ster con pre marco de polipropileno y carga mineral con resistencia a rayos UV, de color negro. Regulable en altura mediante sistema de cremallera multipunto. Opcional soporte lumbar de polipropileno regulable en profundidad y cabezal regulable en altura e inclinaci\u00f3n.  Dos opciones de mecanismo sincronizado con sistema antiretorno. Con o sin traslaci\u00f3n. Con 5 posiciones de bloqueo con reclinaci\u00f3n del respaldo de 23\u00ba y 6\u00ba.  Asiento de espuma de poliuretano expandido de 50 kg\/m3 de densidad. Contra de polipropileno y carga mineral en color negro. Interior del asiento de polipropileno. Regulaci\u00f3n en altura mediante pist\u00f3n de gas cromado con embellecedor telesc\u00f3pico en color negro. Pomo de regulaci\u00f3n de la tensi\u00f3n para adaptar la silla al peso del usuario.  Brazos opcionales en forma de \u201cT\u201d en dos versiones:   Brazos fijos.  Brazos regulables 3D:   Altura: 7 cm de recorrido.  Profundidad hacia adelante o hacia atr\u00e1s.  Rotaci\u00f3n parte superior.    Base negra de 5 radios de polipropileno con fibra de vidrio y ruedas blandas de 50 mm de di\u00e1metro. Opcional base de aluminio pulido.\" \/>\n<meta property=\"og:url\" content=\"https:\/\/www.francmobiliari.com\/es\/producto\/silla-operativa-modelo-ita\/\" \/>\n<meta property=\"og:site_name\" content=\"francmobiliari.com\" \/>\n<meta property=\"article:modified_time\" content=\"2025-08-04T16:51:20+00:00\" \/>\n<meta property=\"og:image\" content=\"https:\/\/www.francmobiliari.com\/wp-content\/uploads\/2025\/07\/MINIATURA-CADIRA-GIRATORIA-ITA.jpg\" \/>\n\t<meta property=\"og:image:width\" content=\"875\" \/>\n\t<meta property=\"og:image:height\" content=\"699\" \/>\n\t<meta property=\"og:image:type\" content=\"image\/jpeg\" \/>\n<meta name=\"twitter:card\" content=\"summary_large_image\" \/>\n<script type=\"application\/ld+json\" class=\"yoast-schema-graph\">{\"@context\":\"https:\/\/schema.org\",\"@graph\":[{\"@type\":\"WebPage\",\"@id\":\"https:\/\/www.francmobiliari.com\/es\/producto\/silla-operativa-modelo-ita\/\",\"url\":\"https:\/\/www.francmobiliari.com\/es\/producto\/silla-operativa-modelo-ita\/\",\"name\":\"Silla Operativa Modelo ITA - francmobiliari.com\",\"isPartOf\":{\"@id\":\"https:\/\/www.francmobiliari.com\/#website\"},\"primaryImageOfPage\":{\"@id\":\"https:\/\/www.francmobiliari.com\/es\/producto\/silla-operativa-modelo-ita\/#primaryimage\"},\"image\":{\"@id\":\"https:\/\/www.francmobiliari.com\/es\/producto\/silla-operativa-modelo-ita\/#primaryimage\"},\"thumbnailUrl\":\"https:\/\/www.francmobiliari.com\/wp-content\/uploads\/2025\/07\/MINIATURA-CADIRA-GIRATORIA-ITA.jpg\",\"datePublished\":\"2025-07-17T15:42:28+00:00\",\"dateModified\":\"2025-08-04T16:51:20+00:00\",\"breadcrumb\":{\"@id\":\"https:\/\/www.francmobiliari.com\/es\/producto\/silla-operativa-modelo-ita\/#breadcrumb\"},\"inLanguage\":\"es\",\"potentialAction\":[{\"@type\":\"ReadAction\",\"target\":[\"https:\/\/www.francmobiliari.com\/es\/producto\/silla-operativa-modelo-ita\/\"]}]},{\"@type\":\"ImageObject\",\"inLanguage\":\"es\",\"@id\":\"https:\/\/www.francmobiliari.com\/es\/producto\/silla-operativa-modelo-ita\/#primaryimage\",\"url\":\"https:\/\/www.francmobiliari.com\/wp-content\/uploads\/2025\/07\/MINIATURA-CADIRA-GIRATORIA-ITA.jpg\",\"contentUrl\":\"https:\/\/www.francmobiliari.com\/wp-content\/uploads\/2025\/07\/MINIATURA-CADIRA-GIRATORIA-ITA.jpg\",\"width\":875,\"height\":699},{\"@type\":\"BreadcrumbList\",\"@id\":\"https:\/\/www.francmobiliari.com\/es\/producto\/silla-operativa-modelo-ita\/#breadcrumb\",\"itemListElement\":[{\"@type\":\"ListItem\",\"position\":1,\"name\":\"Portada\",\"item\":\"https:\/\/www.francmobiliari.com\/es\/inicio\/\"},{\"@type\":\"ListItem\",\"position\":2,\"name\":\"Tienda\",\"item\":\"https:\/\/www.francmobiliari.com\/es\/tienda\/\"},{\"@type\":\"ListItem\",\"position\":3,\"name\":\"Silla Operativa Modelo ITA\"}]},{\"@type\":\"WebSite\",\"@id\":\"https:\/\/www.francmobiliari.com\/#website\",\"url\":\"https:\/\/www.francmobiliari.com\/\",\"name\":\"francmobiliari.com\",\"description\":\"\",\"publisher\":{\"@id\":\"https:\/\/www.francmobiliari.com\/#organization\"},\"potentialAction\":[{\"@type\":\"SearchAction\",\"target\":{\"@type\":\"EntryPoint\",\"urlTemplate\":\"https:\/\/www.francmobiliari.com\/?s={search_term_string}\"},\"query-input\":{\"@type\":\"PropertyValueSpecification\",\"valueRequired\":true,\"valueName\":\"search_term_string\"}}],\"inLanguage\":\"es\"},{\"@type\":\"Organization\",\"@id\":\"https:\/\/www.francmobiliari.com\/#organization\",\"name\":\"francmobiliari.com\",\"url\":\"https:\/\/www.francmobiliari.com\/\",\"logo\":{\"@type\":\"ImageObject\",\"inLanguage\":\"es\",\"@id\":\"https:\/\/www.francmobiliari.com\/#\/schema\/logo\/image\/\",\"url\":\"https:\/\/www.francmobiliari.com\/wp-content\/uploads\/2025\/07\/img-placeholder.png\",\"contentUrl\":\"https:\/\/www.francmobiliari.com\/wp-content\/uploads\/2025\/07\/img-placeholder.png\",\"width\":1500,\"height\":1500,\"caption\":\"francmobiliari.com\"},\"image\":{\"@id\":\"https:\/\/www.francmobiliari.com\/#\/schema\/logo\/image\/\"}}]}<\/script>\n<!-- \/ Yoast SEO plugin. -->","yoast_head_json":{"title":"Silla Operativa Modelo ITA - francmobiliari.com","robots":{"index":"index","follow":"follow","max-snippet":"max-snippet:-1","max-image-preview":"max-image-preview:large","max-video-preview":"max-video-preview:-1"},"canonical":"https:\/\/www.francmobiliari.com\/es\/producto\/silla-operativa-modelo-ita\/","og_locale":"es_ES","og_type":"article","og_title":"Silla Operativa Modelo ITA - francmobiliari.com","og_description":"De respaldo de malla negra, regulable en altura, soporte lumbar con regulaci\u00f3n, brazos fichas, 2D o 3D. Base de aluminio o negra.   CAT\u00c1LOGO SILLA ITA  FICHA T\u00c9CNICA SILLA ITA     Respaldo de malla negra de poli\u00e9ster con pre marco de polipropileno y carga mineral con resistencia a rayos UV, de color negro. Regulable en altura mediante sistema de cremallera multipunto. Opcional soporte lumbar de polipropileno regulable en profundidad y cabezal regulable en altura e inclinaci\u00f3n.  Dos opciones de mecanismo sincronizado con sistema antiretorno. Con o sin traslaci\u00f3n. Con 5 posiciones de bloqueo con reclinaci\u00f3n del respaldo de 23\u00ba y 6\u00ba.  Asiento de espuma de poliuretano expandido de 50 kg\/m3 de densidad. Contra de polipropileno y carga mineral en color negro. Interior del asiento de polipropileno. Regulaci\u00f3n en altura mediante pist\u00f3n de gas cromado con embellecedor telesc\u00f3pico en color negro. Pomo de regulaci\u00f3n de la tensi\u00f3n para adaptar la silla al peso del usuario.  Brazos opcionales en forma de \u201cT\u201d en dos versiones:   Brazos fijos.  Brazos regulables 3D:   Altura: 7 cm de recorrido.  Profundidad hacia adelante o hacia atr\u00e1s.  Rotaci\u00f3n parte superior.    Base negra de 5 radios de polipropileno con fibra de vidrio y ruedas blandas de 50 mm de di\u00e1metro. Opcional base de aluminio pulido.","og_url":"https:\/\/www.francmobiliari.com\/es\/producto\/silla-operativa-modelo-ita\/","og_site_name":"francmobiliari.com","article_modified_time":"2025-08-04T16:51:20+00:00","og_image":[{"width":875,"height":699,"url":"https:\/\/www.francmobiliari.com\/wp-content\/uploads\/2025\/07\/MINIATURA-CADIRA-GIRATORIA-ITA.jpg","type":"image\/jpeg"}],"twitter_card":"summary_large_image","schema":{"@context":"https:\/\/schema.org","@graph":[{"@type":"WebPage","@id":"https:\/\/www.francmobiliari.com\/es\/producto\/silla-operativa-modelo-ita\/","url":"https:\/\/www.francmobiliari.com\/es\/producto\/silla-operativa-modelo-ita\/","name":"Silla Operativa Modelo ITA - francmobiliari.com","isPartOf":{"@id":"https:\/\/www.francmobiliari.com\/#website"},"primaryImageOfPage":{"@id":"https:\/\/www.francmobiliari.com\/es\/producto\/silla-operativa-modelo-ita\/#primaryimage"},"image":{"@id":"https:\/\/www.francmobiliari.com\/es\/producto\/silla-operativa-modelo-ita\/#primaryimage"},"thumbnailUrl":"https:\/\/www.francmobiliari.com\/wp-content\/uploads\/2025\/07\/MINIATURA-CADIRA-GIRATORIA-ITA.jpg","datePublished":"2025-07-17T15:42:28+00:00","dateModified":"2025-08-04T16:51:20+00:00","breadcrumb":{"@id":"https:\/\/www.francmobiliari.com\/es\/producto\/silla-operativa-modelo-ita\/#breadcrumb"},"inLanguage":"es","potentialAction":[{"@type":"ReadAction","target":["https:\/\/www.francmobiliari.com\/es\/producto\/silla-operativa-modelo-ita\/"]}]},{"@type":"ImageObject","inLanguage":"es","@id":"https:\/\/www.francmobiliari.com\/es\/producto\/silla-operativa-modelo-ita\/#primaryimage","url":"https:\/\/www.francmobiliari.com\/wp-content\/uploads\/2025\/07\/MINIATURA-CADIRA-GIRATORIA-ITA.jpg","contentUrl":"https:\/\/www.francmobiliari.com\/wp-content\/uploads\/2025\/07\/MINIATURA-CADIRA-GIRATORIA-ITA.jpg","width":875,"height":699},{"@type":"BreadcrumbList","@id":"https:\/\/www.francmobiliari.com\/es\/producto\/silla-operativa-modelo-ita\/#breadcrumb","itemListElement":[{"@type":"ListItem","position":1,"name":"Portada","item":"https:\/\/www.francmobiliari.com\/es\/inicio\/"},{"@type":"ListItem","position":2,"name":"Tienda","item":"https:\/\/www.francmobiliari.com\/es\/tienda\/"},{"@type":"ListItem","position":3,"name":"Silla Operativa Modelo ITA"}]},{"@type":"WebSite","@id":"https:\/\/www.francmobiliari.com\/#website","url":"https:\/\/www.francmobiliari.com\/","name":"francmobiliari.com","description":"","publisher":{"@id":"https:\/\/www.francmobiliari.com\/#organization"},"potentialAction":[{"@type":"SearchAction","target":{"@type":"EntryPoint","urlTemplate":"https:\/\/www.francmobiliari.com\/?s={search_term_string}"},"query-input":{"@type":"PropertyValueSpecification","valueRequired":true,"valueName":"search_term_string"}}],"inLanguage":"es"},{"@type":"Organization","@id":"https:\/\/www.francmobiliari.com\/#organization","name":"francmobiliari.com","url":"https:\/\/www.francmobiliari.com\/","logo":{"@type":"ImageObject","inLanguage":"es","@id":"https:\/\/www.francmobiliari.com\/#\/schema\/logo\/image\/","url":"https:\/\/www.francmobiliari.com\/wp-content\/uploads\/2025\/07\/img-placeholder.png","contentUrl":"https:\/\/www.francmobiliari.com\/wp-content\/uploads\/2025\/07\/img-placeholder.png","width":1500,"height":1500,"caption":"francmobiliari.com"},"image":{"@id":"https:\/\/www.francmobiliari.com\/#\/schema\/logo\/image\/"}}]}},"_links":{"self":[{"href":"https:\/\/www.francmobiliari.com\/es\/wp-json\/wp\/v2\/product\/6360","targetHints":{"allow":["GET"]}}],"collection":[{"href":"https:\/\/www.francmobiliari.com\/es\/wp-json\/wp\/v2\/product"}],"about":[{"href":"https:\/\/www.francmobiliari.com\/es\/wp-json\/wp\/v2\/types\/product"}],"wp:featuredmedia":[{"embeddable":true,"href":"https:\/\/www.francmobiliari.com\/es\/wp-json\/wp\/v2\/media\/2777"}],"wp:attachment":[{"href":"https:\/\/www.francmobiliari.com\/es\/wp-json\/wp\/v2\/media?parent=6360"}],"wp:term":[{"taxonomy":"product_brand","embeddable":true,"href":"https:\/\/www.francmobiliari.com\/es\/wp-json\/wp\/v2\/product_brand?post=6360"},{"taxonomy":"product_cat","embeddable":true,"href":"https:\/\/www.francmobiliari.com\/es\/wp-json\/wp\/v2\/product_cat?post=6360"},{"taxonomy":"product_tag","embeddable":true,"href":"https:\/\/www.francmobiliari.com\/es\/wp-json\/wp\/v2\/product_tag?post=6360"}],"curies":[{"name":"wp","href":"https:\/\/api.w.org\/{rel}","templated":true}]}}