{"id":6352,"date":"2025-07-17T17:46:58","date_gmt":"2025-07-17T15:46:58","guid":{"rendered":"https:\/\/www.francmobiliari.com\/producto\/sofas-arco\/"},"modified":"2025-09-11T16:22:08","modified_gmt":"2025-09-11T14:22:08","slug":"sofas-arco","status":"publish","type":"product","link":"https:\/\/www.francmobiliari.com\/es\/producto\/sofas-arco\/","title":{"rendered":"SOF\u00c1S ARCO"},"content":{"rendered":false,"protected":false},"excerpt":{"rendered":"<p>Con brazos y patas de madera de nogal, fresno y olmo barnizadas en color natural o antracita.<\/p>\n<ul>\n<li><a href=\"https:\/\/www.francmobiliari.com\/wp-content\/uploads\/2022\/11\/FITXA-T\u00c8CNICA-SOFAS-ARCO.pdf\" target=\"_blank\" rel=\"noopener\">FICHA T\u00c9CNICA SOF\u00c1S ARCO<\/a><\/li>\n<\/ul>\n<p>&nbsp;<br \/>\nFabricados con estructura de pino Ellioti, abeto macizo y multilaminado de abedul y madera sint\u00e9tica. Soporte del asiento con bandas el\u00e1sticas. Revestido con espuma de poliuretano seccionada en bloque de alta densidad, m\u00e1s guata.<\/p>\n<p>Asiento con espuma de poliuretano de 35 kg\/m\u00b3 y 65 mm de grosor.<\/p>\n<p>Respaldo con espuma de poliuretano de 25 kg\/m\u00b3 y 65 mm de grosor.<\/p>\n<p>Patas\/brazos de madera de fresno barnizado natural, fresno barnizado nogal, fresno barnizado olmo o fresno barnizado gris sombra.<br \/>\n&nbsp;<br \/>\nDisponible en 2 tama\u00f1os:<\/p>\n<ul>\n<li style=\"list-style-type: none;\">\n<ul>\n<li>SOF\u00c1 1 PLAZA: 86 cm de ancho x 97 cm de profundidad x 76 cm de altura.<\/li>\n<li>SOF\u00c1 2 PLAZAS: 151 cm de ancho x 97 cm de profundidad x 76 cm de altura.<\/li>\n<\/ul>\n","protected":false},"featured_media":3432,"template":"","meta":{"_acf_changed":false,"inline_featured_image":false,"_genesis_hide_title":false,"_genesis_hide_breadcrumbs":false,"_genesis_hide_singular_image":false,"_genesis_hide_footer_widgets":false,"_genesis_custom_body_class":"","_genesis_custom_post_class":"","_genesis_layout":"","_links_to":"","_links_to_target":""},"product_brand":[],"product_cat":[101],"product_tag":[],"class_list":{"0":"post-6352","1":"product","2":"type-product","3":"status-publish","4":"has-post-thumbnail","6":"product_cat-sofas-y-sillones","7":"entry","9":"first","10":"instock","11":"shipping-taxable","12":"product-type-simple"},"acf":[],"yoast_head":"<!-- This site is optimized with the Yoast SEO plugin v26.2 - https:\/\/yoast.com\/wordpress\/plugins\/seo\/ -->\n<title>SOF\u00c1S ARCO - francmobiliari.com<\/title>\n<meta name=\"robots\" content=\"index, follow, max-snippet:-1, max-image-preview:large, max-video-preview:-1\" \/>\n<link rel=\"canonical\" href=\"https:\/\/www.francmobiliari.com\/es\/producto\/sofas-arco\/\" \/>\n<meta property=\"og:locale\" content=\"es_ES\" \/>\n<meta property=\"og:type\" content=\"article\" \/>\n<meta property=\"og:title\" content=\"SOF\u00c1S ARCO - francmobiliari.com\" \/>\n<meta property=\"og:description\" content=\"Con brazos y patas de madera de nogal, fresno y olmo barnizadas en color natural o antracita.   FICHA T\u00c9CNICA SOF\u00c1S ARCO  &nbsp; Fabricados con estructura de pino Ellioti, abeto macizo y multilaminado de abedul y madera sint\u00e9tica. Soporte del asiento con bandas el\u00e1sticas. Revestido con espuma de poliuretano seccionada en bloque de alta densidad, m\u00e1s guata.  Asiento con espuma de poliuretano de 35 kg\/m\u00b3 y 65 mm de grosor.  Respaldo con espuma de poliuretano de 25 kg\/m\u00b3 y 65 mm de grosor.  Patas\/brazos de madera de fresno barnizado natural, fresno barnizado nogal, fresno barnizado olmo o fresno barnizado gris sombra. &nbsp; Disponible en 2 tama\u00f1os:      SOF\u00c1 1 PLAZA: 86 cm de ancho x 97 cm de profundidad x 76 cm de altura.  SOF\u00c1 2 PLAZAS: 151 cm de ancho x 97 cm de profundidad x 76 cm de altura.\" \/>\n<meta property=\"og:url\" content=\"https:\/\/www.francmobiliari.com\/es\/producto\/sofas-arco\/\" \/>\n<meta property=\"og:site_name\" content=\"francmobiliari.com\" \/>\n<meta property=\"article:modified_time\" content=\"2025-09-11T14:22:08+00:00\" \/>\n<meta property=\"og:image\" content=\"https:\/\/www.francmobiliari.com\/wp-content\/uploads\/2025\/07\/MINIATURA-BUTAQUES-ARCO-scaled-1.jpg\" \/>\n\t<meta property=\"og:image:width\" content=\"1813\" \/>\n\t<meta property=\"og:image:height\" content=\"2560\" \/>\n\t<meta property=\"og:image:type\" content=\"image\/jpeg\" \/>\n<meta name=\"twitter:card\" content=\"summary_large_image\" \/>\n<script type=\"application\/ld+json\" class=\"yoast-schema-graph\">{\"@context\":\"https:\/\/schema.org\",\"@graph\":[{\"@type\":\"WebPage\",\"@id\":\"https:\/\/www.francmobiliari.com\/es\/producto\/sofas-arco\/\",\"url\":\"https:\/\/www.francmobiliari.com\/es\/producto\/sofas-arco\/\",\"name\":\"SOF\u00c1S ARCO - francmobiliari.com\",\"isPartOf\":{\"@id\":\"https:\/\/www.francmobiliari.com\/#website\"},\"primaryImageOfPage\":{\"@id\":\"https:\/\/www.francmobiliari.com\/es\/producto\/sofas-arco\/#primaryimage\"},\"image\":{\"@id\":\"https:\/\/www.francmobiliari.com\/es\/producto\/sofas-arco\/#primaryimage\"},\"thumbnailUrl\":\"https:\/\/www.francmobiliari.com\/wp-content\/uploads\/2025\/07\/MINIATURA-BUTAQUES-ARCO-scaled-1.jpg\",\"datePublished\":\"2025-07-17T15:46:58+00:00\",\"dateModified\":\"2025-09-11T14:22:08+00:00\",\"breadcrumb\":{\"@id\":\"https:\/\/www.francmobiliari.com\/es\/producto\/sofas-arco\/#breadcrumb\"},\"inLanguage\":\"es\",\"potentialAction\":[{\"@type\":\"ReadAction\",\"target\":[\"https:\/\/www.francmobiliari.com\/es\/producto\/sofas-arco\/\"]}]},{\"@type\":\"ImageObject\",\"inLanguage\":\"es\",\"@id\":\"https:\/\/www.francmobiliari.com\/es\/producto\/sofas-arco\/#primaryimage\",\"url\":\"https:\/\/www.francmobiliari.com\/wp-content\/uploads\/2025\/07\/MINIATURA-BUTAQUES-ARCO-scaled-1.jpg\",\"contentUrl\":\"https:\/\/www.francmobiliari.com\/wp-content\/uploads\/2025\/07\/MINIATURA-BUTAQUES-ARCO-scaled-1.jpg\",\"width\":1813,\"height\":2560},{\"@type\":\"BreadcrumbList\",\"@id\":\"https:\/\/www.francmobiliari.com\/es\/producto\/sofas-arco\/#breadcrumb\",\"itemListElement\":[{\"@type\":\"ListItem\",\"position\":1,\"name\":\"Portada\",\"item\":\"https:\/\/www.francmobiliari.com\/es\/inicio\/\"},{\"@type\":\"ListItem\",\"position\":2,\"name\":\"Tienda\",\"item\":\"https:\/\/www.francmobiliari.com\/es\/tienda\/\"},{\"@type\":\"ListItem\",\"position\":3,\"name\":\"SOF\u00c1S ARCO\"}]},{\"@type\":\"WebSite\",\"@id\":\"https:\/\/www.francmobiliari.com\/#website\",\"url\":\"https:\/\/www.francmobiliari.com\/\",\"name\":\"francmobiliari.com\",\"description\":\"\",\"publisher\":{\"@id\":\"https:\/\/www.francmobiliari.com\/#organization\"},\"potentialAction\":[{\"@type\":\"SearchAction\",\"target\":{\"@type\":\"EntryPoint\",\"urlTemplate\":\"https:\/\/www.francmobiliari.com\/?s={search_term_string}\"},\"query-input\":{\"@type\":\"PropertyValueSpecification\",\"valueRequired\":true,\"valueName\":\"search_term_string\"}}],\"inLanguage\":\"es\"},{\"@type\":\"Organization\",\"@id\":\"https:\/\/www.francmobiliari.com\/#organization\",\"name\":\"francmobiliari.com\",\"url\":\"https:\/\/www.francmobiliari.com\/\",\"logo\":{\"@type\":\"ImageObject\",\"inLanguage\":\"es\",\"@id\":\"https:\/\/www.francmobiliari.com\/#\/schema\/logo\/image\/\",\"url\":\"https:\/\/www.francmobiliari.com\/wp-content\/uploads\/2025\/07\/img-placeholder.png\",\"contentUrl\":\"https:\/\/www.francmobiliari.com\/wp-content\/uploads\/2025\/07\/img-placeholder.png\",\"width\":1500,\"height\":1500,\"caption\":\"francmobiliari.com\"},\"image\":{\"@id\":\"https:\/\/www.francmobiliari.com\/#\/schema\/logo\/image\/\"}}]}<\/script>\n<!-- \/ Yoast SEO plugin. -->","yoast_head_json":{"title":"SOF\u00c1S ARCO - francmobiliari.com","robots":{"index":"index","follow":"follow","max-snippet":"max-snippet:-1","max-image-preview":"max-image-preview:large","max-video-preview":"max-video-preview:-1"},"canonical":"https:\/\/www.francmobiliari.com\/es\/producto\/sofas-arco\/","og_locale":"es_ES","og_type":"article","og_title":"SOF\u00c1S ARCO - francmobiliari.com","og_description":"Con brazos y patas de madera de nogal, fresno y olmo barnizadas en color natural o antracita.   FICHA T\u00c9CNICA SOF\u00c1S ARCO  &nbsp; Fabricados con estructura de pino Ellioti, abeto macizo y multilaminado de abedul y madera sint\u00e9tica. Soporte del asiento con bandas el\u00e1sticas. Revestido con espuma de poliuretano seccionada en bloque de alta densidad, m\u00e1s guata.  Asiento con espuma de poliuretano de 35 kg\/m\u00b3 y 65 mm de grosor.  Respaldo con espuma de poliuretano de 25 kg\/m\u00b3 y 65 mm de grosor.  Patas\/brazos de madera de fresno barnizado natural, fresno barnizado nogal, fresno barnizado olmo o fresno barnizado gris sombra. &nbsp; Disponible en 2 tama\u00f1os:      SOF\u00c1 1 PLAZA: 86 cm de ancho x 97 cm de profundidad x 76 cm de altura.  SOF\u00c1 2 PLAZAS: 151 cm de ancho x 97 cm de profundidad x 76 cm de altura.","og_url":"https:\/\/www.francmobiliari.com\/es\/producto\/sofas-arco\/","og_site_name":"francmobiliari.com","article_modified_time":"2025-09-11T14:22:08+00:00","og_image":[{"width":1813,"height":2560,"url":"https:\/\/www.francmobiliari.com\/wp-content\/uploads\/2025\/07\/MINIATURA-BUTAQUES-ARCO-scaled-1.jpg","type":"image\/jpeg"}],"twitter_card":"summary_large_image","schema":{"@context":"https:\/\/schema.org","@graph":[{"@type":"WebPage","@id":"https:\/\/www.francmobiliari.com\/es\/producto\/sofas-arco\/","url":"https:\/\/www.francmobiliari.com\/es\/producto\/sofas-arco\/","name":"SOF\u00c1S ARCO - francmobiliari.com","isPartOf":{"@id":"https:\/\/www.francmobiliari.com\/#website"},"primaryImageOfPage":{"@id":"https:\/\/www.francmobiliari.com\/es\/producto\/sofas-arco\/#primaryimage"},"image":{"@id":"https:\/\/www.francmobiliari.com\/es\/producto\/sofas-arco\/#primaryimage"},"thumbnailUrl":"https:\/\/www.francmobiliari.com\/wp-content\/uploads\/2025\/07\/MINIATURA-BUTAQUES-ARCO-scaled-1.jpg","datePublished":"2025-07-17T15:46:58+00:00","dateModified":"2025-09-11T14:22:08+00:00","breadcrumb":{"@id":"https:\/\/www.francmobiliari.com\/es\/producto\/sofas-arco\/#breadcrumb"},"inLanguage":"es","potentialAction":[{"@type":"ReadAction","target":["https:\/\/www.francmobiliari.com\/es\/producto\/sofas-arco\/"]}]},{"@type":"ImageObject","inLanguage":"es","@id":"https:\/\/www.francmobiliari.com\/es\/producto\/sofas-arco\/#primaryimage","url":"https:\/\/www.francmobiliari.com\/wp-content\/uploads\/2025\/07\/MINIATURA-BUTAQUES-ARCO-scaled-1.jpg","contentUrl":"https:\/\/www.francmobiliari.com\/wp-content\/uploads\/2025\/07\/MINIATURA-BUTAQUES-ARCO-scaled-1.jpg","width":1813,"height":2560},{"@type":"BreadcrumbList","@id":"https:\/\/www.francmobiliari.com\/es\/producto\/sofas-arco\/#breadcrumb","itemListElement":[{"@type":"ListItem","position":1,"name":"Portada","item":"https:\/\/www.francmobiliari.com\/es\/inicio\/"},{"@type":"ListItem","position":2,"name":"Tienda","item":"https:\/\/www.francmobiliari.com\/es\/tienda\/"},{"@type":"ListItem","position":3,"name":"SOF\u00c1S ARCO"}]},{"@type":"WebSite","@id":"https:\/\/www.francmobiliari.com\/#website","url":"https:\/\/www.francmobiliari.com\/","name":"francmobiliari.com","description":"","publisher":{"@id":"https:\/\/www.francmobiliari.com\/#organization"},"potentialAction":[{"@type":"SearchAction","target":{"@type":"EntryPoint","urlTemplate":"https:\/\/www.francmobiliari.com\/?s={search_term_string}"},"query-input":{"@type":"PropertyValueSpecification","valueRequired":true,"valueName":"search_term_string"}}],"inLanguage":"es"},{"@type":"Organization","@id":"https:\/\/www.francmobiliari.com\/#organization","name":"francmobiliari.com","url":"https:\/\/www.francmobiliari.com\/","logo":{"@type":"ImageObject","inLanguage":"es","@id":"https:\/\/www.francmobiliari.com\/#\/schema\/logo\/image\/","url":"https:\/\/www.francmobiliari.com\/wp-content\/uploads\/2025\/07\/img-placeholder.png","contentUrl":"https:\/\/www.francmobiliari.com\/wp-content\/uploads\/2025\/07\/img-placeholder.png","width":1500,"height":1500,"caption":"francmobiliari.com"},"image":{"@id":"https:\/\/www.francmobiliari.com\/#\/schema\/logo\/image\/"}}]}},"_links":{"self":[{"href":"https:\/\/www.francmobiliari.com\/es\/wp-json\/wp\/v2\/product\/6352","targetHints":{"allow":["GET"]}}],"collection":[{"href":"https:\/\/www.francmobiliari.com\/es\/wp-json\/wp\/v2\/product"}],"about":[{"href":"https:\/\/www.francmobiliari.com\/es\/wp-json\/wp\/v2\/types\/product"}],"wp:featuredmedia":[{"embeddable":true,"href":"https:\/\/www.francmobiliari.com\/es\/wp-json\/wp\/v2\/media\/3432"}],"wp:attachment":[{"href":"https:\/\/www.francmobiliari.com\/es\/wp-json\/wp\/v2\/media?parent=6352"}],"wp:term":[{"taxonomy":"product_brand","embeddable":true,"href":"https:\/\/www.francmobiliari.com\/es\/wp-json\/wp\/v2\/product_brand?post=6352"},{"taxonomy":"product_cat","embeddable":true,"href":"https:\/\/www.francmobiliari.com\/es\/wp-json\/wp\/v2\/product_cat?post=6352"},{"taxonomy":"product_tag","embeddable":true,"href":"https:\/\/www.francmobiliari.com\/es\/wp-json\/wp\/v2\/product_tag?post=6352"}],"curies":[{"name":"wp","href":"https:\/\/api.w.org\/{rel}","templated":true}]}}