{"id":6350,"date":"2025-07-17T17:46:58","date_gmt":"2025-07-17T15:46:58","guid":{"rendered":"https:\/\/www.francmobiliari.com\/producto\/colleccio-eneka\/"},"modified":"2025-09-11T00:36:40","modified_gmt":"2025-09-10T22:36:40","slug":"coleccion-eneka","status":"publish","type":"product","link":"https:\/\/www.francmobiliari.com\/es\/producto\/coleccion-eneka\/","title":{"rendered":"COLECCI\u00d3N ENEKA"},"content":{"rendered":false,"protected":false},"excerpt":{"rendered":"<p>Disponible como butaca individual o sof\u00e1 de 2 plazas. Butaca individual disponible en 3 versiones: 4 patas fijas cromadas, giratoria con base de 5 radios de aluminio pulido con ruedas o fija con 4 patas de madera. Sof\u00e1 de 2 plazas con estructura de 4 patas met\u00e1licas o 4 patas de madera.<\/p>\n<ul>\n<li><a href=\"https:\/\/www.francmobiliari.com\/wp-content\/uploads\/2022\/11\/CATALEG-ENEKA.pdf\" target=\"_blank\" rel=\"noopener\">CAT\u00c1LOGO ENEKA<\/a><\/li>\n<\/ul>\n<p>&nbsp;<br \/>\nFabricadas con doble carcasa de poliuretano con estructura met\u00e1lica. Espuma moldeada y tapizada.<\/p>\n<ul>\n<li style=\"list-style-type: none;\">\n<ul>\n<li>Butaca individual: (62 cm de ancho x 85 cm de alto)<\/li>\n<li>Sof\u00e1 de 2 plazas: (129 cm de ancho x 85 cm de alto)<\/li>\n<\/ul>\n<\/li>\n<\/ul>\n<p>&nbsp;<br \/>\nTipos de estructura para la butaca individual:<\/p>\n<ul>\n<li style=\"list-style-type: none;\">\n<ul>\n<li>Fija de cuatro patas piramidales cromadas.<\/li>\n<li>Giratoria con retorno autom\u00e1tico y base de aluminio pulido de 4 radios con topes.<\/li>\n<li>Giratoria con base de aluminio de 5 radios con ruedas.<\/li>\n<li>Fija de cuatro patas de madera de fresno barnizado.<\/li>\n<\/ul>\n<\/li>\n<\/ul>\n<p>&nbsp;<br \/>\nTipos de estructura para el sof\u00e1 de dos plazas:<\/p>\n<ul>\n<li style=\"list-style-type: none;\">\n<ul>\n<li>Fija de cuatro patas cromadas.<\/li>\n<li>Fija de cuatro patas de madera de fresno barnizado.<\/li>\n<\/ul>\n<\/li>\n<\/ul>\n<p>&nbsp;<br \/>\nEl conjunto se completa con mesitas bajas de madera maciza de roble con sobre de MDF lacado en blanco, de diferentes alturas y di\u00e1metros.<\/p>\n","protected":false},"featured_media":3416,"template":"","meta":{"_acf_changed":false,"inline_featured_image":false,"_genesis_hide_title":false,"_genesis_hide_breadcrumbs":false,"_genesis_hide_singular_image":false,"_genesis_hide_footer_widgets":false,"_genesis_custom_body_class":"","_genesis_custom_post_class":"","_genesis_layout":"","_links_to":"","_links_to_target":""},"product_brand":[],"product_cat":[101],"product_tag":[],"class_list":{"0":"post-6350","1":"product","2":"type-product","3":"status-publish","4":"has-post-thumbnail","6":"product_cat-sofas-y-sillones","7":"entry","9":"first","10":"instock","11":"shipping-taxable","12":"product-type-simple"},"acf":[],"yoast_head":"<!-- This site is optimized with the Yoast SEO plugin v26.2 - https:\/\/yoast.com\/wordpress\/plugins\/seo\/ -->\n<title>COLECCI\u00d3N ENEKA - francmobiliari.com<\/title>\n<meta name=\"robots\" content=\"index, follow, max-snippet:-1, max-image-preview:large, max-video-preview:-1\" \/>\n<link rel=\"canonical\" href=\"https:\/\/www.francmobiliari.com\/es\/producto\/coleccion-eneka\/\" \/>\n<meta property=\"og:locale\" content=\"es_ES\" \/>\n<meta property=\"og:type\" content=\"article\" \/>\n<meta property=\"og:title\" content=\"COLECCI\u00d3N ENEKA - francmobiliari.com\" \/>\n<meta property=\"og:description\" content=\"Disponible como butaca individual o sof\u00e1 de 2 plazas. Butaca individual disponible en 3 versiones: 4 patas fijas cromadas, giratoria con base de 5 radios de aluminio pulido con ruedas o fija con 4 patas de madera. Sof\u00e1 de 2 plazas con estructura de 4 patas met\u00e1licas o 4 patas de madera.   CAT\u00c1LOGO ENEKA  &nbsp; Fabricadas con doble carcasa de poliuretano con estructura met\u00e1lica. Espuma moldeada y tapizada.      Butaca individual: (62 cm de ancho x 85 cm de alto)  Sof\u00e1 de 2 plazas: (129 cm de ancho x 85 cm de alto)    &nbsp; Tipos de estructura para la butaca individual:      Fija de cuatro patas piramidales cromadas.  Giratoria con retorno autom\u00e1tico y base de aluminio pulido de 4 radios con topes.  Giratoria con base de aluminio de 5 radios con ruedas.  Fija de cuatro patas de madera de fresno barnizado.    &nbsp; Tipos de estructura para el sof\u00e1 de dos plazas:      Fija de cuatro patas cromadas.  Fija de cuatro patas de madera de fresno barnizado.    &nbsp; El conjunto se completa con mesitas bajas de madera maciza de roble con sobre de MDF lacado en blanco, de diferentes alturas y di\u00e1metros.\" \/>\n<meta property=\"og:url\" content=\"https:\/\/www.francmobiliari.com\/es\/producto\/coleccion-eneka\/\" \/>\n<meta property=\"og:site_name\" content=\"francmobiliari.com\" \/>\n<meta property=\"article:modified_time\" content=\"2025-09-10T22:36:40+00:00\" \/>\n<meta property=\"og:image\" content=\"https:\/\/www.francmobiliari.com\/wp-content\/uploads\/2025\/07\/MINIATURA-ENEKA.jpg\" \/>\n\t<meta property=\"og:image:width\" content=\"997\" \/>\n\t<meta property=\"og:image:height\" content=\"1200\" \/>\n\t<meta property=\"og:image:type\" content=\"image\/jpeg\" \/>\n<meta name=\"twitter:card\" content=\"summary_large_image\" \/>\n<script type=\"application\/ld+json\" class=\"yoast-schema-graph\">{\"@context\":\"https:\/\/schema.org\",\"@graph\":[{\"@type\":\"WebPage\",\"@id\":\"https:\/\/www.francmobiliari.com\/es\/producto\/coleccion-eneka\/\",\"url\":\"https:\/\/www.francmobiliari.com\/es\/producto\/coleccion-eneka\/\",\"name\":\"COLECCI\u00d3N ENEKA - francmobiliari.com\",\"isPartOf\":{\"@id\":\"https:\/\/www.francmobiliari.com\/#website\"},\"primaryImageOfPage\":{\"@id\":\"https:\/\/www.francmobiliari.com\/es\/producto\/coleccion-eneka\/#primaryimage\"},\"image\":{\"@id\":\"https:\/\/www.francmobiliari.com\/es\/producto\/coleccion-eneka\/#primaryimage\"},\"thumbnailUrl\":\"https:\/\/www.francmobiliari.com\/wp-content\/uploads\/2025\/07\/MINIATURA-ENEKA.jpg\",\"datePublished\":\"2025-07-17T15:46:58+00:00\",\"dateModified\":\"2025-09-10T22:36:40+00:00\",\"breadcrumb\":{\"@id\":\"https:\/\/www.francmobiliari.com\/es\/producto\/coleccion-eneka\/#breadcrumb\"},\"inLanguage\":\"es\",\"potentialAction\":[{\"@type\":\"ReadAction\",\"target\":[\"https:\/\/www.francmobiliari.com\/es\/producto\/coleccion-eneka\/\"]}]},{\"@type\":\"ImageObject\",\"inLanguage\":\"es\",\"@id\":\"https:\/\/www.francmobiliari.com\/es\/producto\/coleccion-eneka\/#primaryimage\",\"url\":\"https:\/\/www.francmobiliari.com\/wp-content\/uploads\/2025\/07\/MINIATURA-ENEKA.jpg\",\"contentUrl\":\"https:\/\/www.francmobiliari.com\/wp-content\/uploads\/2025\/07\/MINIATURA-ENEKA.jpg\",\"width\":997,\"height\":1200},{\"@type\":\"BreadcrumbList\",\"@id\":\"https:\/\/www.francmobiliari.com\/es\/producto\/coleccion-eneka\/#breadcrumb\",\"itemListElement\":[{\"@type\":\"ListItem\",\"position\":1,\"name\":\"Portada\",\"item\":\"https:\/\/www.francmobiliari.com\/es\/inicio\/\"},{\"@type\":\"ListItem\",\"position\":2,\"name\":\"Tienda\",\"item\":\"https:\/\/www.francmobiliari.com\/es\/tienda\/\"},{\"@type\":\"ListItem\",\"position\":3,\"name\":\"COLECCI\u00d3N ENEKA\"}]},{\"@type\":\"WebSite\",\"@id\":\"https:\/\/www.francmobiliari.com\/#website\",\"url\":\"https:\/\/www.francmobiliari.com\/\",\"name\":\"francmobiliari.com\",\"description\":\"\",\"publisher\":{\"@id\":\"https:\/\/www.francmobiliari.com\/#organization\"},\"potentialAction\":[{\"@type\":\"SearchAction\",\"target\":{\"@type\":\"EntryPoint\",\"urlTemplate\":\"https:\/\/www.francmobiliari.com\/?s={search_term_string}\"},\"query-input\":{\"@type\":\"PropertyValueSpecification\",\"valueRequired\":true,\"valueName\":\"search_term_string\"}}],\"inLanguage\":\"es\"},{\"@type\":\"Organization\",\"@id\":\"https:\/\/www.francmobiliari.com\/#organization\",\"name\":\"francmobiliari.com\",\"url\":\"https:\/\/www.francmobiliari.com\/\",\"logo\":{\"@type\":\"ImageObject\",\"inLanguage\":\"es\",\"@id\":\"https:\/\/www.francmobiliari.com\/#\/schema\/logo\/image\/\",\"url\":\"https:\/\/www.francmobiliari.com\/wp-content\/uploads\/2025\/07\/img-placeholder.png\",\"contentUrl\":\"https:\/\/www.francmobiliari.com\/wp-content\/uploads\/2025\/07\/img-placeholder.png\",\"width\":1500,\"height\":1500,\"caption\":\"francmobiliari.com\"},\"image\":{\"@id\":\"https:\/\/www.francmobiliari.com\/#\/schema\/logo\/image\/\"}}]}<\/script>\n<!-- \/ Yoast SEO plugin. -->","yoast_head_json":{"title":"COLECCI\u00d3N ENEKA - francmobiliari.com","robots":{"index":"index","follow":"follow","max-snippet":"max-snippet:-1","max-image-preview":"max-image-preview:large","max-video-preview":"max-video-preview:-1"},"canonical":"https:\/\/www.francmobiliari.com\/es\/producto\/coleccion-eneka\/","og_locale":"es_ES","og_type":"article","og_title":"COLECCI\u00d3N ENEKA - francmobiliari.com","og_description":"Disponible como butaca individual o sof\u00e1 de 2 plazas. Butaca individual disponible en 3 versiones: 4 patas fijas cromadas, giratoria con base de 5 radios de aluminio pulido con ruedas o fija con 4 patas de madera. Sof\u00e1 de 2 plazas con estructura de 4 patas met\u00e1licas o 4 patas de madera.   CAT\u00c1LOGO ENEKA  &nbsp; Fabricadas con doble carcasa de poliuretano con estructura met\u00e1lica. Espuma moldeada y tapizada.      Butaca individual: (62 cm de ancho x 85 cm de alto)  Sof\u00e1 de 2 plazas: (129 cm de ancho x 85 cm de alto)    &nbsp; Tipos de estructura para la butaca individual:      Fija de cuatro patas piramidales cromadas.  Giratoria con retorno autom\u00e1tico y base de aluminio pulido de 4 radios con topes.  Giratoria con base de aluminio de 5 radios con ruedas.  Fija de cuatro patas de madera de fresno barnizado.    &nbsp; Tipos de estructura para el sof\u00e1 de dos plazas:      Fija de cuatro patas cromadas.  Fija de cuatro patas de madera de fresno barnizado.    &nbsp; El conjunto se completa con mesitas bajas de madera maciza de roble con sobre de MDF lacado en blanco, de diferentes alturas y di\u00e1metros.","og_url":"https:\/\/www.francmobiliari.com\/es\/producto\/coleccion-eneka\/","og_site_name":"francmobiliari.com","article_modified_time":"2025-09-10T22:36:40+00:00","og_image":[{"width":997,"height":1200,"url":"https:\/\/www.francmobiliari.com\/wp-content\/uploads\/2025\/07\/MINIATURA-ENEKA.jpg","type":"image\/jpeg"}],"twitter_card":"summary_large_image","schema":{"@context":"https:\/\/schema.org","@graph":[{"@type":"WebPage","@id":"https:\/\/www.francmobiliari.com\/es\/producto\/coleccion-eneka\/","url":"https:\/\/www.francmobiliari.com\/es\/producto\/coleccion-eneka\/","name":"COLECCI\u00d3N ENEKA - francmobiliari.com","isPartOf":{"@id":"https:\/\/www.francmobiliari.com\/#website"},"primaryImageOfPage":{"@id":"https:\/\/www.francmobiliari.com\/es\/producto\/coleccion-eneka\/#primaryimage"},"image":{"@id":"https:\/\/www.francmobiliari.com\/es\/producto\/coleccion-eneka\/#primaryimage"},"thumbnailUrl":"https:\/\/www.francmobiliari.com\/wp-content\/uploads\/2025\/07\/MINIATURA-ENEKA.jpg","datePublished":"2025-07-17T15:46:58+00:00","dateModified":"2025-09-10T22:36:40+00:00","breadcrumb":{"@id":"https:\/\/www.francmobiliari.com\/es\/producto\/coleccion-eneka\/#breadcrumb"},"inLanguage":"es","potentialAction":[{"@type":"ReadAction","target":["https:\/\/www.francmobiliari.com\/es\/producto\/coleccion-eneka\/"]}]},{"@type":"ImageObject","inLanguage":"es","@id":"https:\/\/www.francmobiliari.com\/es\/producto\/coleccion-eneka\/#primaryimage","url":"https:\/\/www.francmobiliari.com\/wp-content\/uploads\/2025\/07\/MINIATURA-ENEKA.jpg","contentUrl":"https:\/\/www.francmobiliari.com\/wp-content\/uploads\/2025\/07\/MINIATURA-ENEKA.jpg","width":997,"height":1200},{"@type":"BreadcrumbList","@id":"https:\/\/www.francmobiliari.com\/es\/producto\/coleccion-eneka\/#breadcrumb","itemListElement":[{"@type":"ListItem","position":1,"name":"Portada","item":"https:\/\/www.francmobiliari.com\/es\/inicio\/"},{"@type":"ListItem","position":2,"name":"Tienda","item":"https:\/\/www.francmobiliari.com\/es\/tienda\/"},{"@type":"ListItem","position":3,"name":"COLECCI\u00d3N ENEKA"}]},{"@type":"WebSite","@id":"https:\/\/www.francmobiliari.com\/#website","url":"https:\/\/www.francmobiliari.com\/","name":"francmobiliari.com","description":"","publisher":{"@id":"https:\/\/www.francmobiliari.com\/#organization"},"potentialAction":[{"@type":"SearchAction","target":{"@type":"EntryPoint","urlTemplate":"https:\/\/www.francmobiliari.com\/?s={search_term_string}"},"query-input":{"@type":"PropertyValueSpecification","valueRequired":true,"valueName":"search_term_string"}}],"inLanguage":"es"},{"@type":"Organization","@id":"https:\/\/www.francmobiliari.com\/#organization","name":"francmobiliari.com","url":"https:\/\/www.francmobiliari.com\/","logo":{"@type":"ImageObject","inLanguage":"es","@id":"https:\/\/www.francmobiliari.com\/#\/schema\/logo\/image\/","url":"https:\/\/www.francmobiliari.com\/wp-content\/uploads\/2025\/07\/img-placeholder.png","contentUrl":"https:\/\/www.francmobiliari.com\/wp-content\/uploads\/2025\/07\/img-placeholder.png","width":1500,"height":1500,"caption":"francmobiliari.com"},"image":{"@id":"https:\/\/www.francmobiliari.com\/#\/schema\/logo\/image\/"}}]}},"_links":{"self":[{"href":"https:\/\/www.francmobiliari.com\/es\/wp-json\/wp\/v2\/product\/6350","targetHints":{"allow":["GET"]}}],"collection":[{"href":"https:\/\/www.francmobiliari.com\/es\/wp-json\/wp\/v2\/product"}],"about":[{"href":"https:\/\/www.francmobiliari.com\/es\/wp-json\/wp\/v2\/types\/product"}],"wp:featuredmedia":[{"embeddable":true,"href":"https:\/\/www.francmobiliari.com\/es\/wp-json\/wp\/v2\/media\/3416"}],"wp:attachment":[{"href":"https:\/\/www.francmobiliari.com\/es\/wp-json\/wp\/v2\/media?parent=6350"}],"wp:term":[{"taxonomy":"product_brand","embeddable":true,"href":"https:\/\/www.francmobiliari.com\/es\/wp-json\/wp\/v2\/product_brand?post=6350"},{"taxonomy":"product_cat","embeddable":true,"href":"https:\/\/www.francmobiliari.com\/es\/wp-json\/wp\/v2\/product_cat?post=6350"},{"taxonomy":"product_tag","embeddable":true,"href":"https:\/\/www.francmobiliari.com\/es\/wp-json\/wp\/v2\/product_tag?post=6350"}],"curies":[{"name":"wp","href":"https:\/\/api.w.org\/{rel}","templated":true}]}}