{"id":6349,"date":"2025-07-17T17:42:28","date_gmt":"2025-07-17T15:42:28","guid":{"rendered":"https:\/\/www.francmobiliari.com\/producto\/cadira-operativa-model-porto\/"},"modified":"2025-08-04T18:24:02","modified_gmt":"2025-08-04T16:24:02","slug":"silla-operativa-modelo-porto","status":"publish","type":"product","link":"https:\/\/www.francmobiliari.com\/es\/producto\/silla-operativa-modelo-porto\/","title":{"rendered":"Silla Operativa Modelo Porto"},"content":{"rendered":false,"protected":false},"excerpt":{"rendered":"<div class=\"page\" title=\"Page 7\">\n<div class=\"layoutArea\">\n<div class=\"column\">\n<p>Respaldo de malla de diferentes colores (negra, gris, blanco y azul), soporte lumbar, mecanismo s\u00edncrono, juego de brazos 2D\/3D.<\/p>\n<ul>\n<li><a style=\"color: var(--wd-text-color);\" href=\"https:\/\/www.francmobiliari.com\/wp-content\/uploads\/2022\/11\/CATALEG-CADIRA-PORTO.pdf\" target=\"_blank\" rel=\"noopener\">CAT\u00c1LOGO SILLA PORTO<\/a><\/li>\n<li><a style=\"color: var(--wd-text-color);\" href=\"https:\/\/www.francmobiliari.com\/wp-content\/uploads\/2022\/11\/FITXA-TECNICA-CADIRA-PORTO.pdf\" target=\"_blank\" rel=\"noopener\">FICHA T\u00c9CNICA SILLA PORTO<\/a><\/li>\n<\/ul>\n<\/div>\n<\/div>\n<\/div>\n<p>Respaldo de malla de poli\u00e9ster con pre marco de poliamida y fibra de vidrio de color negro.<\/p>\n<p>Colores de malla: blanco, negro, gris y azul.<\/p>\n<p>Soporte lumbar de polipropileno y poliamida regulable en altura 7 cm<\/p>\n<p>Dos opciones de mecanismo sincronizado con sistema antiretorno:<\/p>\n<ul>\n<li>Sincro con traslaci\u00f3n: con 4 posiciones de bloqueo del respaldo con reclinaci\u00f3n de 16\u00ba y del asiento de 7\u00ba. Desplazamiento horizontal del asiento con un recorrido de 5 cm.<\/li>\n<li>Sincro sin traslaci\u00f3n: con 5 posiciones de bloqueo del respaldo con reclinaci\u00f3n de 21\u00ba y del asiento de 21\u00ba.<\/li>\n<\/ul>\n<p>Asiento de espuma de poliuretano expandido de 4 cm de espesor y 50 kg\/m3 de densidad. Contra de polipropileno negro. Interior del asiento de polipropileno + carga mineral del 20%. Regulaci\u00f3n en<\/p>\n<p>altura mediante pist\u00f3n de gas (12 cm). Pomo de regulaci\u00f3n de la tensi\u00f3n para adaptar la silla al peso del usuario.<\/p>\n<p>Brazos opcionales en tres versiones:<\/p>\n<ul>\n<li>Brazos regulables 1D: en altura (recorrido 7 cm)<\/li>\n<li>Brazos regulables 2D en altura (recorrido 7 cm) y profundidad (recorrido 5 cm)<\/li>\n<li>Brazos regulables 3D: en altura (recorrido 7 cm), profundidad (recorrido 5 cm) y ancho 4 cm por cada lado.<\/li>\n<\/ul>\n<p>Base negra de 5 radios de polipropileno con fibra de vidrio y ruedas de 50 mm de di\u00e1metro. Opcional base de aluminio pulido y ruedas blandas.<\/p>\n","protected":false},"featured_media":2751,"template":"","meta":{"_acf_changed":false,"inline_featured_image":false,"_genesis_hide_title":false,"_genesis_hide_breadcrumbs":false,"_genesis_hide_singular_image":false,"_genesis_hide_footer_widgets":false,"_genesis_custom_body_class":"","_genesis_custom_post_class":"","_genesis_layout":"","_links_to":"","_links_to_target":""},"product_brand":[],"product_cat":[94],"product_tag":[],"class_list":{"0":"post-6349","1":"product","2":"type-product","3":"status-publish","4":"has-post-thumbnail","6":"product_cat-sillas-giratorias-operativas","7":"entry","9":"first","10":"instock","11":"shipping-taxable","12":"product-type-simple"},"acf":[],"yoast_head":"<!-- This site is optimized with the Yoast SEO plugin v26.2 - https:\/\/yoast.com\/wordpress\/plugins\/seo\/ -->\n<title>Silla Operativa Modelo Porto - francmobiliari.com<\/title>\n<meta name=\"robots\" content=\"index, follow, max-snippet:-1, max-image-preview:large, max-video-preview:-1\" \/>\n<link rel=\"canonical\" href=\"https:\/\/www.francmobiliari.com\/es\/producto\/silla-operativa-modelo-porto\/\" \/>\n<meta property=\"og:locale\" content=\"es_ES\" \/>\n<meta property=\"og:type\" content=\"article\" \/>\n<meta property=\"og:title\" content=\"Silla Operativa Modelo Porto - francmobiliari.com\" \/>\n<meta property=\"og:description\" content=\"Respaldo de malla de diferentes colores (negra, gris, blanco y azul), soporte lumbar, mecanismo s\u00edncrono, juego de brazos 2D\/3D.   CAT\u00c1LOGO SILLA PORTO  FICHA T\u00c9CNICA SILLA PORTO     Respaldo de malla de poli\u00e9ster con pre marco de poliamida y fibra de vidrio de color negro.  Colores de malla: blanco, negro, gris y azul.  Soporte lumbar de polipropileno y poliamida regulable en altura 7 cm  Dos opciones de mecanismo sincronizado con sistema antiretorno:   Sincro con traslaci\u00f3n: con 4 posiciones de bloqueo del respaldo con reclinaci\u00f3n de 16\u00ba y del asiento de 7\u00ba. Desplazamiento horizontal del asiento con un recorrido de 5 cm.  Sincro sin traslaci\u00f3n: con 5 posiciones de bloqueo del respaldo con reclinaci\u00f3n de 21\u00ba y del asiento de 21\u00ba.  Asiento de espuma de poliuretano expandido de 4 cm de espesor y 50 kg\/m3 de densidad. Contra de polipropileno negro. Interior del asiento de polipropileno + carga mineral del 20%. Regulaci\u00f3n en  altura mediante pist\u00f3n de gas (12 cm). Pomo de regulaci\u00f3n de la tensi\u00f3n para adaptar la silla al peso del usuario.  Brazos opcionales en tres versiones:   Brazos regulables 1D: en altura (recorrido 7 cm)  Brazos regulables 2D en altura (recorrido 7 cm) y profundidad (recorrido 5 cm)  Brazos regulables 3D: en altura (recorrido 7 cm), profundidad (recorrido 5 cm) y ancho 4 cm por cada lado.  Base negra de 5 radios de polipropileno con fibra de vidrio y ruedas de 50 mm de di\u00e1metro. Opcional base de aluminio pulido y ruedas blandas.\" \/>\n<meta property=\"og:url\" content=\"https:\/\/www.francmobiliari.com\/es\/producto\/silla-operativa-modelo-porto\/\" \/>\n<meta property=\"og:site_name\" content=\"francmobiliari.com\" \/>\n<meta property=\"article:modified_time\" content=\"2025-08-04T16:24:02+00:00\" \/>\n<meta property=\"og:image\" content=\"https:\/\/www.francmobiliari.com\/wp-content\/uploads\/2025\/07\/MINIATURA-CADIRA-GIRATORIA-MODEL-PORTO.jpg\" \/>\n\t<meta property=\"og:image:width\" content=\"784\" \/>\n\t<meta property=\"og:image:height\" content=\"692\" \/>\n\t<meta property=\"og:image:type\" content=\"image\/jpeg\" \/>\n<meta name=\"twitter:card\" content=\"summary_large_image\" \/>\n<script type=\"application\/ld+json\" class=\"yoast-schema-graph\">{\"@context\":\"https:\/\/schema.org\",\"@graph\":[{\"@type\":\"WebPage\",\"@id\":\"https:\/\/www.francmobiliari.com\/es\/producto\/silla-operativa-modelo-porto\/\",\"url\":\"https:\/\/www.francmobiliari.com\/es\/producto\/silla-operativa-modelo-porto\/\",\"name\":\"Silla Operativa Modelo Porto - francmobiliari.com\",\"isPartOf\":{\"@id\":\"https:\/\/www.francmobiliari.com\/#website\"},\"primaryImageOfPage\":{\"@id\":\"https:\/\/www.francmobiliari.com\/es\/producto\/silla-operativa-modelo-porto\/#primaryimage\"},\"image\":{\"@id\":\"https:\/\/www.francmobiliari.com\/es\/producto\/silla-operativa-modelo-porto\/#primaryimage\"},\"thumbnailUrl\":\"https:\/\/www.francmobiliari.com\/wp-content\/uploads\/2025\/07\/MINIATURA-CADIRA-GIRATORIA-MODEL-PORTO.jpg\",\"datePublished\":\"2025-07-17T15:42:28+00:00\",\"dateModified\":\"2025-08-04T16:24:02+00:00\",\"breadcrumb\":{\"@id\":\"https:\/\/www.francmobiliari.com\/es\/producto\/silla-operativa-modelo-porto\/#breadcrumb\"},\"inLanguage\":\"es\",\"potentialAction\":[{\"@type\":\"ReadAction\",\"target\":[\"https:\/\/www.francmobiliari.com\/es\/producto\/silla-operativa-modelo-porto\/\"]}]},{\"@type\":\"ImageObject\",\"inLanguage\":\"es\",\"@id\":\"https:\/\/www.francmobiliari.com\/es\/producto\/silla-operativa-modelo-porto\/#primaryimage\",\"url\":\"https:\/\/www.francmobiliari.com\/wp-content\/uploads\/2025\/07\/MINIATURA-CADIRA-GIRATORIA-MODEL-PORTO.jpg\",\"contentUrl\":\"https:\/\/www.francmobiliari.com\/wp-content\/uploads\/2025\/07\/MINIATURA-CADIRA-GIRATORIA-MODEL-PORTO.jpg\",\"width\":784,\"height\":692},{\"@type\":\"BreadcrumbList\",\"@id\":\"https:\/\/www.francmobiliari.com\/es\/producto\/silla-operativa-modelo-porto\/#breadcrumb\",\"itemListElement\":[{\"@type\":\"ListItem\",\"position\":1,\"name\":\"Portada\",\"item\":\"https:\/\/www.francmobiliari.com\/es\/inicio\/\"},{\"@type\":\"ListItem\",\"position\":2,\"name\":\"Tienda\",\"item\":\"https:\/\/www.francmobiliari.com\/es\/tienda\/\"},{\"@type\":\"ListItem\",\"position\":3,\"name\":\"Silla Operativa Modelo Porto\"}]},{\"@type\":\"WebSite\",\"@id\":\"https:\/\/www.francmobiliari.com\/#website\",\"url\":\"https:\/\/www.francmobiliari.com\/\",\"name\":\"francmobiliari.com\",\"description\":\"\",\"publisher\":{\"@id\":\"https:\/\/www.francmobiliari.com\/#organization\"},\"potentialAction\":[{\"@type\":\"SearchAction\",\"target\":{\"@type\":\"EntryPoint\",\"urlTemplate\":\"https:\/\/www.francmobiliari.com\/?s={search_term_string}\"},\"query-input\":{\"@type\":\"PropertyValueSpecification\",\"valueRequired\":true,\"valueName\":\"search_term_string\"}}],\"inLanguage\":\"es\"},{\"@type\":\"Organization\",\"@id\":\"https:\/\/www.francmobiliari.com\/#organization\",\"name\":\"francmobiliari.com\",\"url\":\"https:\/\/www.francmobiliari.com\/\",\"logo\":{\"@type\":\"ImageObject\",\"inLanguage\":\"es\",\"@id\":\"https:\/\/www.francmobiliari.com\/#\/schema\/logo\/image\/\",\"url\":\"https:\/\/www.francmobiliari.com\/wp-content\/uploads\/2025\/07\/img-placeholder.png\",\"contentUrl\":\"https:\/\/www.francmobiliari.com\/wp-content\/uploads\/2025\/07\/img-placeholder.png\",\"width\":1500,\"height\":1500,\"caption\":\"francmobiliari.com\"},\"image\":{\"@id\":\"https:\/\/www.francmobiliari.com\/#\/schema\/logo\/image\/\"}}]}<\/script>\n<!-- \/ Yoast SEO plugin. -->","yoast_head_json":{"title":"Silla Operativa Modelo Porto - francmobiliari.com","robots":{"index":"index","follow":"follow","max-snippet":"max-snippet:-1","max-image-preview":"max-image-preview:large","max-video-preview":"max-video-preview:-1"},"canonical":"https:\/\/www.francmobiliari.com\/es\/producto\/silla-operativa-modelo-porto\/","og_locale":"es_ES","og_type":"article","og_title":"Silla Operativa Modelo Porto - francmobiliari.com","og_description":"Respaldo de malla de diferentes colores (negra, gris, blanco y azul), soporte lumbar, mecanismo s\u00edncrono, juego de brazos 2D\/3D.   CAT\u00c1LOGO SILLA PORTO  FICHA T\u00c9CNICA SILLA PORTO     Respaldo de malla de poli\u00e9ster con pre marco de poliamida y fibra de vidrio de color negro.  Colores de malla: blanco, negro, gris y azul.  Soporte lumbar de polipropileno y poliamida regulable en altura 7 cm  Dos opciones de mecanismo sincronizado con sistema antiretorno:   Sincro con traslaci\u00f3n: con 4 posiciones de bloqueo del respaldo con reclinaci\u00f3n de 16\u00ba y del asiento de 7\u00ba. Desplazamiento horizontal del asiento con un recorrido de 5 cm.  Sincro sin traslaci\u00f3n: con 5 posiciones de bloqueo del respaldo con reclinaci\u00f3n de 21\u00ba y del asiento de 21\u00ba.  Asiento de espuma de poliuretano expandido de 4 cm de espesor y 50 kg\/m3 de densidad. Contra de polipropileno negro. Interior del asiento de polipropileno + carga mineral del 20%. Regulaci\u00f3n en  altura mediante pist\u00f3n de gas (12 cm). Pomo de regulaci\u00f3n de la tensi\u00f3n para adaptar la silla al peso del usuario.  Brazos opcionales en tres versiones:   Brazos regulables 1D: en altura (recorrido 7 cm)  Brazos regulables 2D en altura (recorrido 7 cm) y profundidad (recorrido 5 cm)  Brazos regulables 3D: en altura (recorrido 7 cm), profundidad (recorrido 5 cm) y ancho 4 cm por cada lado.  Base negra de 5 radios de polipropileno con fibra de vidrio y ruedas de 50 mm de di\u00e1metro. Opcional base de aluminio pulido y ruedas blandas.","og_url":"https:\/\/www.francmobiliari.com\/es\/producto\/silla-operativa-modelo-porto\/","og_site_name":"francmobiliari.com","article_modified_time":"2025-08-04T16:24:02+00:00","og_image":[{"width":784,"height":692,"url":"https:\/\/www.francmobiliari.com\/wp-content\/uploads\/2025\/07\/MINIATURA-CADIRA-GIRATORIA-MODEL-PORTO.jpg","type":"image\/jpeg"}],"twitter_card":"summary_large_image","schema":{"@context":"https:\/\/schema.org","@graph":[{"@type":"WebPage","@id":"https:\/\/www.francmobiliari.com\/es\/producto\/silla-operativa-modelo-porto\/","url":"https:\/\/www.francmobiliari.com\/es\/producto\/silla-operativa-modelo-porto\/","name":"Silla Operativa Modelo Porto - francmobiliari.com","isPartOf":{"@id":"https:\/\/www.francmobiliari.com\/#website"},"primaryImageOfPage":{"@id":"https:\/\/www.francmobiliari.com\/es\/producto\/silla-operativa-modelo-porto\/#primaryimage"},"image":{"@id":"https:\/\/www.francmobiliari.com\/es\/producto\/silla-operativa-modelo-porto\/#primaryimage"},"thumbnailUrl":"https:\/\/www.francmobiliari.com\/wp-content\/uploads\/2025\/07\/MINIATURA-CADIRA-GIRATORIA-MODEL-PORTO.jpg","datePublished":"2025-07-17T15:42:28+00:00","dateModified":"2025-08-04T16:24:02+00:00","breadcrumb":{"@id":"https:\/\/www.francmobiliari.com\/es\/producto\/silla-operativa-modelo-porto\/#breadcrumb"},"inLanguage":"es","potentialAction":[{"@type":"ReadAction","target":["https:\/\/www.francmobiliari.com\/es\/producto\/silla-operativa-modelo-porto\/"]}]},{"@type":"ImageObject","inLanguage":"es","@id":"https:\/\/www.francmobiliari.com\/es\/producto\/silla-operativa-modelo-porto\/#primaryimage","url":"https:\/\/www.francmobiliari.com\/wp-content\/uploads\/2025\/07\/MINIATURA-CADIRA-GIRATORIA-MODEL-PORTO.jpg","contentUrl":"https:\/\/www.francmobiliari.com\/wp-content\/uploads\/2025\/07\/MINIATURA-CADIRA-GIRATORIA-MODEL-PORTO.jpg","width":784,"height":692},{"@type":"BreadcrumbList","@id":"https:\/\/www.francmobiliari.com\/es\/producto\/silla-operativa-modelo-porto\/#breadcrumb","itemListElement":[{"@type":"ListItem","position":1,"name":"Portada","item":"https:\/\/www.francmobiliari.com\/es\/inicio\/"},{"@type":"ListItem","position":2,"name":"Tienda","item":"https:\/\/www.francmobiliari.com\/es\/tienda\/"},{"@type":"ListItem","position":3,"name":"Silla Operativa Modelo Porto"}]},{"@type":"WebSite","@id":"https:\/\/www.francmobiliari.com\/#website","url":"https:\/\/www.francmobiliari.com\/","name":"francmobiliari.com","description":"","publisher":{"@id":"https:\/\/www.francmobiliari.com\/#organization"},"potentialAction":[{"@type":"SearchAction","target":{"@type":"EntryPoint","urlTemplate":"https:\/\/www.francmobiliari.com\/?s={search_term_string}"},"query-input":{"@type":"PropertyValueSpecification","valueRequired":true,"valueName":"search_term_string"}}],"inLanguage":"es"},{"@type":"Organization","@id":"https:\/\/www.francmobiliari.com\/#organization","name":"francmobiliari.com","url":"https:\/\/www.francmobiliari.com\/","logo":{"@type":"ImageObject","inLanguage":"es","@id":"https:\/\/www.francmobiliari.com\/#\/schema\/logo\/image\/","url":"https:\/\/www.francmobiliari.com\/wp-content\/uploads\/2025\/07\/img-placeholder.png","contentUrl":"https:\/\/www.francmobiliari.com\/wp-content\/uploads\/2025\/07\/img-placeholder.png","width":1500,"height":1500,"caption":"francmobiliari.com"},"image":{"@id":"https:\/\/www.francmobiliari.com\/#\/schema\/logo\/image\/"}}]}},"_links":{"self":[{"href":"https:\/\/www.francmobiliari.com\/es\/wp-json\/wp\/v2\/product\/6349","targetHints":{"allow":["GET"]}}],"collection":[{"href":"https:\/\/www.francmobiliari.com\/es\/wp-json\/wp\/v2\/product"}],"about":[{"href":"https:\/\/www.francmobiliari.com\/es\/wp-json\/wp\/v2\/types\/product"}],"wp:featuredmedia":[{"embeddable":true,"href":"https:\/\/www.francmobiliari.com\/es\/wp-json\/wp\/v2\/media\/2751"}],"wp:attachment":[{"href":"https:\/\/www.francmobiliari.com\/es\/wp-json\/wp\/v2\/media?parent=6349"}],"wp:term":[{"taxonomy":"product_brand","embeddable":true,"href":"https:\/\/www.francmobiliari.com\/es\/wp-json\/wp\/v2\/product_brand?post=6349"},{"taxonomy":"product_cat","embeddable":true,"href":"https:\/\/www.francmobiliari.com\/es\/wp-json\/wp\/v2\/product_cat?post=6349"},{"taxonomy":"product_tag","embeddable":true,"href":"https:\/\/www.francmobiliari.com\/es\/wp-json\/wp\/v2\/product_tag?post=6349"}],"curies":[{"name":"wp","href":"https:\/\/api.w.org\/{rel}","templated":true}]}}