{"id":6346,"date":"2025-07-17T17:46:58","date_gmt":"2025-07-17T15:46:58","guid":{"rendered":"https:\/\/www.francmobiliari.com\/producto\/butaques-tilos\/"},"modified":"2025-09-11T16:20:15","modified_gmt":"2025-09-11T14:20:15","slug":"butacas-tilos","status":"publish","type":"product","link":"https:\/\/www.francmobiliari.com\/es\/producto\/butacas-tilos\/","title":{"rendered":"BUTACAS TILOS"},"content":{"rendered":false,"protected":false},"excerpt":{"rendered":"<p>Colecci\u00f3n de butacas disponible en dos tama\u00f1os: grande y peque\u00f1o. Opci\u00f3n con estructura fija de 4 patas de madera de haya o giratoria con elevaci\u00f3n a gas y base de aluminio pulido de 4 radios.<\/p>\n<ul>\n<li><a href=\"https:\/\/www.francmobiliari.com\/wp-content\/uploads\/2022\/11\/CATALEG-BUTAQUES-TILOS.pdf\" target=\"_blank\" rel=\"noopener\">CAT\u00c1LOGO BUTACAS TILOS<\/a><\/li>\n<li><a href=\"https:\/\/www.francmobiliari.com\/wp-content\/uploads\/2022\/11\/FITXA-TECNICA-BUTAQUES-TILOS.pdf\" target=\"_blank\" rel=\"noopener\">FICHA T\u00c9CNICA BUTACAS TILOS<\/a><\/li>\n<\/ul>\n<p>&nbsp;<br \/>\nCarcasa de espuma de poliuretano inyectado de densidad 60 Kg\/m\u00b3 y diferentes grosores. El tapizado est\u00e1 unido a la espuma con cola termofusible y costura abierta de doble carga. Se puede tapizar con diferentes tejidos. Aunque presenta cremalleras, el tapizado no es desenfundable.<br \/>\n&nbsp;<br \/>\nTipo de estructura:<\/p>\n<ul>\n<li style=\"list-style-type: none;\">\n<ul>\n<li>Giratoria: Base de aluminio pulido de 4 radios, 70 cm de di\u00e1metro, con parte inferior negra y topes redondos en ABS negro. Pist\u00f3n a gas para regulaci\u00f3n de altura con recorrido de 10 cm.<\/li>\n<li>Fija de patas de madera: Dos laterales de madera de haya en forma de \u201cU\u201d invertida de secci\u00f3n 50 x 40 mm (para la butaca grande) y 40 x 30 mm (para la butaca peque\u00f1a), que se unen a dos travesa\u00f1os perpendiculares de madera con secci\u00f3n de 40 x 30 mm.<\/li>\n<\/ul>\n<\/li>\n<\/ul>\n<p>&nbsp;<br \/>\nDisponible en dos tama\u00f1os:<\/p>\n<ul>\n<li style=\"list-style-type: none;\">\n<ul>\n<li>Butaca grande (79 cm de ancho x 84 cm de alto).<\/li>\n<li>Butaca peque\u00f1a (64 cm de ancho x 80 cm de alto).<\/li>\n<\/ul>\n","protected":false},"featured_media":3406,"template":"","meta":{"_acf_changed":false,"inline_featured_image":false,"_genesis_hide_title":false,"_genesis_hide_breadcrumbs":false,"_genesis_hide_singular_image":false,"_genesis_hide_footer_widgets":false,"_genesis_custom_body_class":"","_genesis_custom_post_class":"","_genesis_layout":"","_links_to":"","_links_to_target":""},"product_brand":[],"product_cat":[101],"product_tag":[],"class_list":{"0":"post-6346","1":"product","2":"type-product","3":"status-publish","4":"has-post-thumbnail","6":"product_cat-sofas-y-sillones","7":"entry","9":"first","10":"instock","11":"shipping-taxable","12":"product-type-simple"},"acf":[],"yoast_head":"<!-- This site is optimized with the Yoast SEO plugin v26.2 - https:\/\/yoast.com\/wordpress\/plugins\/seo\/ -->\n<title>BUTACAS TILOS - francmobiliari.com<\/title>\n<meta name=\"robots\" content=\"index, follow, max-snippet:-1, max-image-preview:large, max-video-preview:-1\" \/>\n<link rel=\"canonical\" href=\"https:\/\/www.francmobiliari.com\/es\/producto\/butacas-tilos\/\" \/>\n<meta property=\"og:locale\" content=\"es_ES\" \/>\n<meta property=\"og:type\" content=\"article\" \/>\n<meta property=\"og:title\" content=\"BUTACAS TILOS - francmobiliari.com\" \/>\n<meta property=\"og:description\" content=\"Colecci\u00f3n de butacas disponible en dos tama\u00f1os: grande y peque\u00f1o. Opci\u00f3n con estructura fija de 4 patas de madera de haya o giratoria con elevaci\u00f3n a gas y base de aluminio pulido de 4 radios.   CAT\u00c1LOGO BUTACAS TILOS  FICHA T\u00c9CNICA BUTACAS TILOS  &nbsp; Carcasa de espuma de poliuretano inyectado de densidad 60 Kg\/m\u00b3 y diferentes grosores. El tapizado est\u00e1 unido a la espuma con cola termofusible y costura abierta de doble carga. Se puede tapizar con diferentes tejidos. Aunque presenta cremalleras, el tapizado no es desenfundable. &nbsp; Tipo de estructura:      Giratoria: Base de aluminio pulido de 4 radios, 70 cm de di\u00e1metro, con parte inferior negra y topes redondos en ABS negro. Pist\u00f3n a gas para regulaci\u00f3n de altura con recorrido de 10 cm.  Fija de patas de madera: Dos laterales de madera de haya en forma de \u201cU\u201d invertida de secci\u00f3n 50 x 40 mm (para la butaca grande) y 40 x 30 mm (para la butaca peque\u00f1a), que se unen a dos travesa\u00f1os perpendiculares de madera con secci\u00f3n de 40 x 30 mm.    &nbsp; Disponible en dos tama\u00f1os:      Butaca grande (79 cm de ancho x 84 cm de alto).  Butaca peque\u00f1a (64 cm de ancho x 80 cm de alto).\" \/>\n<meta property=\"og:url\" content=\"https:\/\/www.francmobiliari.com\/es\/producto\/butacas-tilos\/\" \/>\n<meta property=\"og:site_name\" content=\"francmobiliari.com\" \/>\n<meta property=\"article:modified_time\" content=\"2025-09-11T14:20:15+00:00\" \/>\n<meta property=\"og:image\" content=\"https:\/\/www.francmobiliari.com\/wp-content\/uploads\/2025\/07\/BUTAQUES-TILOS.jpg\" \/>\n\t<meta property=\"og:image:width\" content=\"1527\" \/>\n\t<meta property=\"og:image:height\" content=\"1080\" \/>\n\t<meta property=\"og:image:type\" content=\"image\/jpeg\" \/>\n<meta name=\"twitter:card\" content=\"summary_large_image\" \/>\n<script type=\"application\/ld+json\" class=\"yoast-schema-graph\">{\"@context\":\"https:\/\/schema.org\",\"@graph\":[{\"@type\":\"WebPage\",\"@id\":\"https:\/\/www.francmobiliari.com\/es\/producto\/butacas-tilos\/\",\"url\":\"https:\/\/www.francmobiliari.com\/es\/producto\/butacas-tilos\/\",\"name\":\"BUTACAS TILOS - francmobiliari.com\",\"isPartOf\":{\"@id\":\"https:\/\/www.francmobiliari.com\/#website\"},\"primaryImageOfPage\":{\"@id\":\"https:\/\/www.francmobiliari.com\/es\/producto\/butacas-tilos\/#primaryimage\"},\"image\":{\"@id\":\"https:\/\/www.francmobiliari.com\/es\/producto\/butacas-tilos\/#primaryimage\"},\"thumbnailUrl\":\"https:\/\/www.francmobiliari.com\/wp-content\/uploads\/2025\/07\/BUTAQUES-TILOS.jpg\",\"datePublished\":\"2025-07-17T15:46:58+00:00\",\"dateModified\":\"2025-09-11T14:20:15+00:00\",\"breadcrumb\":{\"@id\":\"https:\/\/www.francmobiliari.com\/es\/producto\/butacas-tilos\/#breadcrumb\"},\"inLanguage\":\"es\",\"potentialAction\":[{\"@type\":\"ReadAction\",\"target\":[\"https:\/\/www.francmobiliari.com\/es\/producto\/butacas-tilos\/\"]}]},{\"@type\":\"ImageObject\",\"inLanguage\":\"es\",\"@id\":\"https:\/\/www.francmobiliari.com\/es\/producto\/butacas-tilos\/#primaryimage\",\"url\":\"https:\/\/www.francmobiliari.com\/wp-content\/uploads\/2025\/07\/BUTAQUES-TILOS.jpg\",\"contentUrl\":\"https:\/\/www.francmobiliari.com\/wp-content\/uploads\/2025\/07\/BUTAQUES-TILOS.jpg\",\"width\":1527,\"height\":1080},{\"@type\":\"BreadcrumbList\",\"@id\":\"https:\/\/www.francmobiliari.com\/es\/producto\/butacas-tilos\/#breadcrumb\",\"itemListElement\":[{\"@type\":\"ListItem\",\"position\":1,\"name\":\"Portada\",\"item\":\"https:\/\/www.francmobiliari.com\/es\/inicio\/\"},{\"@type\":\"ListItem\",\"position\":2,\"name\":\"Tienda\",\"item\":\"https:\/\/www.francmobiliari.com\/es\/tienda\/\"},{\"@type\":\"ListItem\",\"position\":3,\"name\":\"BUTACAS TILOS\"}]},{\"@type\":\"WebSite\",\"@id\":\"https:\/\/www.francmobiliari.com\/#website\",\"url\":\"https:\/\/www.francmobiliari.com\/\",\"name\":\"francmobiliari.com\",\"description\":\"\",\"publisher\":{\"@id\":\"https:\/\/www.francmobiliari.com\/#organization\"},\"potentialAction\":[{\"@type\":\"SearchAction\",\"target\":{\"@type\":\"EntryPoint\",\"urlTemplate\":\"https:\/\/www.francmobiliari.com\/?s={search_term_string}\"},\"query-input\":{\"@type\":\"PropertyValueSpecification\",\"valueRequired\":true,\"valueName\":\"search_term_string\"}}],\"inLanguage\":\"es\"},{\"@type\":\"Organization\",\"@id\":\"https:\/\/www.francmobiliari.com\/#organization\",\"name\":\"francmobiliari.com\",\"url\":\"https:\/\/www.francmobiliari.com\/\",\"logo\":{\"@type\":\"ImageObject\",\"inLanguage\":\"es\",\"@id\":\"https:\/\/www.francmobiliari.com\/#\/schema\/logo\/image\/\",\"url\":\"https:\/\/www.francmobiliari.com\/wp-content\/uploads\/2025\/07\/img-placeholder.png\",\"contentUrl\":\"https:\/\/www.francmobiliari.com\/wp-content\/uploads\/2025\/07\/img-placeholder.png\",\"width\":1500,\"height\":1500,\"caption\":\"francmobiliari.com\"},\"image\":{\"@id\":\"https:\/\/www.francmobiliari.com\/#\/schema\/logo\/image\/\"}}]}<\/script>\n<!-- \/ Yoast SEO plugin. -->","yoast_head_json":{"title":"BUTACAS TILOS - francmobiliari.com","robots":{"index":"index","follow":"follow","max-snippet":"max-snippet:-1","max-image-preview":"max-image-preview:large","max-video-preview":"max-video-preview:-1"},"canonical":"https:\/\/www.francmobiliari.com\/es\/producto\/butacas-tilos\/","og_locale":"es_ES","og_type":"article","og_title":"BUTACAS TILOS - francmobiliari.com","og_description":"Colecci\u00f3n de butacas disponible en dos tama\u00f1os: grande y peque\u00f1o. Opci\u00f3n con estructura fija de 4 patas de madera de haya o giratoria con elevaci\u00f3n a gas y base de aluminio pulido de 4 radios.   CAT\u00c1LOGO BUTACAS TILOS  FICHA T\u00c9CNICA BUTACAS TILOS  &nbsp; Carcasa de espuma de poliuretano inyectado de densidad 60 Kg\/m\u00b3 y diferentes grosores. El tapizado est\u00e1 unido a la espuma con cola termofusible y costura abierta de doble carga. Se puede tapizar con diferentes tejidos. Aunque presenta cremalleras, el tapizado no es desenfundable. &nbsp; Tipo de estructura:      Giratoria: Base de aluminio pulido de 4 radios, 70 cm de di\u00e1metro, con parte inferior negra y topes redondos en ABS negro. Pist\u00f3n a gas para regulaci\u00f3n de altura con recorrido de 10 cm.  Fija de patas de madera: Dos laterales de madera de haya en forma de \u201cU\u201d invertida de secci\u00f3n 50 x 40 mm (para la butaca grande) y 40 x 30 mm (para la butaca peque\u00f1a), que se unen a dos travesa\u00f1os perpendiculares de madera con secci\u00f3n de 40 x 30 mm.    &nbsp; Disponible en dos tama\u00f1os:      Butaca grande (79 cm de ancho x 84 cm de alto).  Butaca peque\u00f1a (64 cm de ancho x 80 cm de alto).","og_url":"https:\/\/www.francmobiliari.com\/es\/producto\/butacas-tilos\/","og_site_name":"francmobiliari.com","article_modified_time":"2025-09-11T14:20:15+00:00","og_image":[{"width":1527,"height":1080,"url":"https:\/\/www.francmobiliari.com\/wp-content\/uploads\/2025\/07\/BUTAQUES-TILOS.jpg","type":"image\/jpeg"}],"twitter_card":"summary_large_image","schema":{"@context":"https:\/\/schema.org","@graph":[{"@type":"WebPage","@id":"https:\/\/www.francmobiliari.com\/es\/producto\/butacas-tilos\/","url":"https:\/\/www.francmobiliari.com\/es\/producto\/butacas-tilos\/","name":"BUTACAS TILOS - francmobiliari.com","isPartOf":{"@id":"https:\/\/www.francmobiliari.com\/#website"},"primaryImageOfPage":{"@id":"https:\/\/www.francmobiliari.com\/es\/producto\/butacas-tilos\/#primaryimage"},"image":{"@id":"https:\/\/www.francmobiliari.com\/es\/producto\/butacas-tilos\/#primaryimage"},"thumbnailUrl":"https:\/\/www.francmobiliari.com\/wp-content\/uploads\/2025\/07\/BUTAQUES-TILOS.jpg","datePublished":"2025-07-17T15:46:58+00:00","dateModified":"2025-09-11T14:20:15+00:00","breadcrumb":{"@id":"https:\/\/www.francmobiliari.com\/es\/producto\/butacas-tilos\/#breadcrumb"},"inLanguage":"es","potentialAction":[{"@type":"ReadAction","target":["https:\/\/www.francmobiliari.com\/es\/producto\/butacas-tilos\/"]}]},{"@type":"ImageObject","inLanguage":"es","@id":"https:\/\/www.francmobiliari.com\/es\/producto\/butacas-tilos\/#primaryimage","url":"https:\/\/www.francmobiliari.com\/wp-content\/uploads\/2025\/07\/BUTAQUES-TILOS.jpg","contentUrl":"https:\/\/www.francmobiliari.com\/wp-content\/uploads\/2025\/07\/BUTAQUES-TILOS.jpg","width":1527,"height":1080},{"@type":"BreadcrumbList","@id":"https:\/\/www.francmobiliari.com\/es\/producto\/butacas-tilos\/#breadcrumb","itemListElement":[{"@type":"ListItem","position":1,"name":"Portada","item":"https:\/\/www.francmobiliari.com\/es\/inicio\/"},{"@type":"ListItem","position":2,"name":"Tienda","item":"https:\/\/www.francmobiliari.com\/es\/tienda\/"},{"@type":"ListItem","position":3,"name":"BUTACAS TILOS"}]},{"@type":"WebSite","@id":"https:\/\/www.francmobiliari.com\/#website","url":"https:\/\/www.francmobiliari.com\/","name":"francmobiliari.com","description":"","publisher":{"@id":"https:\/\/www.francmobiliari.com\/#organization"},"potentialAction":[{"@type":"SearchAction","target":{"@type":"EntryPoint","urlTemplate":"https:\/\/www.francmobiliari.com\/?s={search_term_string}"},"query-input":{"@type":"PropertyValueSpecification","valueRequired":true,"valueName":"search_term_string"}}],"inLanguage":"es"},{"@type":"Organization","@id":"https:\/\/www.francmobiliari.com\/#organization","name":"francmobiliari.com","url":"https:\/\/www.francmobiliari.com\/","logo":{"@type":"ImageObject","inLanguage":"es","@id":"https:\/\/www.francmobiliari.com\/#\/schema\/logo\/image\/","url":"https:\/\/www.francmobiliari.com\/wp-content\/uploads\/2025\/07\/img-placeholder.png","contentUrl":"https:\/\/www.francmobiliari.com\/wp-content\/uploads\/2025\/07\/img-placeholder.png","width":1500,"height":1500,"caption":"francmobiliari.com"},"image":{"@id":"https:\/\/www.francmobiliari.com\/#\/schema\/logo\/image\/"}}]}},"_links":{"self":[{"href":"https:\/\/www.francmobiliari.com\/es\/wp-json\/wp\/v2\/product\/6346","targetHints":{"allow":["GET"]}}],"collection":[{"href":"https:\/\/www.francmobiliari.com\/es\/wp-json\/wp\/v2\/product"}],"about":[{"href":"https:\/\/www.francmobiliari.com\/es\/wp-json\/wp\/v2\/types\/product"}],"wp:featuredmedia":[{"embeddable":true,"href":"https:\/\/www.francmobiliari.com\/es\/wp-json\/wp\/v2\/media\/3406"}],"wp:attachment":[{"href":"https:\/\/www.francmobiliari.com\/es\/wp-json\/wp\/v2\/media?parent=6346"}],"wp:term":[{"taxonomy":"product_brand","embeddable":true,"href":"https:\/\/www.francmobiliari.com\/es\/wp-json\/wp\/v2\/product_brand?post=6346"},{"taxonomy":"product_cat","embeddable":true,"href":"https:\/\/www.francmobiliari.com\/es\/wp-json\/wp\/v2\/product_cat?post=6346"},{"taxonomy":"product_tag","embeddable":true,"href":"https:\/\/www.francmobiliari.com\/es\/wp-json\/wp\/v2\/product_tag?post=6346"}],"curies":[{"name":"wp","href":"https:\/\/api.w.org\/{rel}","templated":true}]}}