{"id":6344,"date":"2025-07-17T17:46:58","date_gmt":"2025-07-17T15:46:58","guid":{"rendered":"https:\/\/www.francmobiliari.com\/producto\/butaques-storn\/"},"modified":"2025-09-11T16:16:30","modified_gmt":"2025-09-11T14:16:30","slug":"butacas-storn","status":"publish","type":"product","link":"https:\/\/www.francmobiliari.com\/es\/producto\/butacas-storn\/","title":{"rendered":"BUTACAS STORN"},"content":{"rendered":false,"protected":false},"excerpt":{"rendered":"<p>Colecci\u00f3n de butacas LOUNGE, disponibles en 3 tama\u00f1os: grande, mediana o peque\u00f1a. Regulable en altura. Base de aluminio pulido de 4 radios.<\/p>\n<ul>\n<li><a href=\"https:\/\/www.francmobiliari.com\/wp-content\/uploads\/2022\/11\/CATALEG-BUTAQUES-STORN.pdf\" target=\"_blank\" rel=\"noopener\">CAT\u00c1LOGO BUTACAS STORN<\/a><\/li>\n<li><a href=\"https:\/\/www.francmobiliari.com\/wp-content\/uploads\/2022\/11\/FITXA-TECNICA-BUTAQUES-STORN.pdf\" target=\"_blank\" rel=\"noopener\">FICHA T\u00c9CNICA BUTACAS STORN<\/a><\/li>\n<\/ul>\n<p>Carcasa de espuma de poliuretano inyectado de densidad 60 Kg\/m\u00b3 y diferentes grosores. El tapizado est\u00e1 unido a la espuma con cola termofusible y costura abierta de doble carga. Se puede tapizar con diferentes tejidos. Aunque presenta cremalleras, el tapizado no es desenfundable. Coj\u00edn adicional en el asiento de espuma de poliuretano inyectado de densidad 50 Kg\/m\u00b3 y 7 cm de grosor.<\/p>\n<p>Giratorias con pist\u00f3n a gas para regulaci\u00f3n de altura con recorrido de 6,5 cm.<\/p>\n<p>Base de aluminio pulido de 4 radios, de 80 o 70 cm de di\u00e1metro, con parte inferior negra y topes redondos de ABS negro.<\/p>\n<p>Disponible en 3 alturas diferentes:<\/p>\n<ul>\n<li style=\"list-style-type: none;\">\n<ul>\n<li>Butaca grande. Altura hasta 107 cm.<\/li>\n<li>Butaca mediana. Altura hasta 94 cm.<\/li>\n<li>Butaca peque\u00f1a. Altura hasta 79 cm.<\/li>\n<\/ul>\n","protected":false},"featured_media":3396,"template":"","meta":{"_acf_changed":false,"inline_featured_image":false,"_genesis_hide_title":false,"_genesis_hide_breadcrumbs":false,"_genesis_hide_singular_image":false,"_genesis_hide_footer_widgets":false,"_genesis_custom_body_class":"","_genesis_custom_post_class":"","_genesis_layout":"","_links_to":"","_links_to_target":""},"product_brand":[],"product_cat":[101],"product_tag":[],"class_list":{"0":"post-6344","1":"product","2":"type-product","3":"status-publish","4":"has-post-thumbnail","6":"product_cat-sofas-y-sillones","7":"entry","9":"first","10":"instock","11":"shipping-taxable","12":"product-type-simple"},"acf":[],"yoast_head":"<!-- This site is optimized with the Yoast SEO plugin v26.2 - https:\/\/yoast.com\/wordpress\/plugins\/seo\/ -->\n<title>BUTACAS STORN - francmobiliari.com<\/title>\n<meta name=\"robots\" content=\"index, follow, max-snippet:-1, max-image-preview:large, max-video-preview:-1\" \/>\n<link rel=\"canonical\" href=\"https:\/\/www.francmobiliari.com\/es\/producto\/butacas-storn\/\" \/>\n<meta property=\"og:locale\" content=\"es_ES\" \/>\n<meta property=\"og:type\" content=\"article\" \/>\n<meta property=\"og:title\" content=\"BUTACAS STORN - francmobiliari.com\" \/>\n<meta property=\"og:description\" content=\"Colecci\u00f3n de butacas LOUNGE, disponibles en 3 tama\u00f1os: grande, mediana o peque\u00f1a. Regulable en altura. Base de aluminio pulido de 4 radios.   CAT\u00c1LOGO BUTACAS STORN  FICHA T\u00c9CNICA BUTACAS STORN  Carcasa de espuma de poliuretano inyectado de densidad 60 Kg\/m\u00b3 y diferentes grosores. El tapizado est\u00e1 unido a la espuma con cola termofusible y costura abierta de doble carga. Se puede tapizar con diferentes tejidos. Aunque presenta cremalleras, el tapizado no es desenfundable. Coj\u00edn adicional en el asiento de espuma de poliuretano inyectado de densidad 50 Kg\/m\u00b3 y 7 cm de grosor.  Giratorias con pist\u00f3n a gas para regulaci\u00f3n de altura con recorrido de 6,5 cm.  Base de aluminio pulido de 4 radios, de 80 o 70 cm de di\u00e1metro, con parte inferior negra y topes redondos de ABS negro.  Disponible en 3 alturas diferentes:      Butaca grande. Altura hasta 107 cm.  Butaca mediana. Altura hasta 94 cm.  Butaca peque\u00f1a. Altura hasta 79 cm.\" \/>\n<meta property=\"og:url\" content=\"https:\/\/www.francmobiliari.com\/es\/producto\/butacas-storn\/\" \/>\n<meta property=\"og:site_name\" content=\"francmobiliari.com\" \/>\n<meta property=\"article:modified_time\" content=\"2025-09-11T14:16:30+00:00\" \/>\n<meta property=\"og:image\" content=\"https:\/\/www.francmobiliari.com\/wp-content\/uploads\/2025\/07\/MINIATURA-BUTAQUES-STORN.jpg\" \/>\n\t<meta property=\"og:image:width\" content=\"1080\" \/>\n\t<meta property=\"og:image:height\" content=\"1080\" \/>\n\t<meta property=\"og:image:type\" content=\"image\/jpeg\" \/>\n<meta name=\"twitter:card\" content=\"summary_large_image\" \/>\n<script type=\"application\/ld+json\" class=\"yoast-schema-graph\">{\"@context\":\"https:\/\/schema.org\",\"@graph\":[{\"@type\":\"WebPage\",\"@id\":\"https:\/\/www.francmobiliari.com\/es\/producto\/butacas-storn\/\",\"url\":\"https:\/\/www.francmobiliari.com\/es\/producto\/butacas-storn\/\",\"name\":\"BUTACAS STORN - francmobiliari.com\",\"isPartOf\":{\"@id\":\"https:\/\/www.francmobiliari.com\/#website\"},\"primaryImageOfPage\":{\"@id\":\"https:\/\/www.francmobiliari.com\/es\/producto\/butacas-storn\/#primaryimage\"},\"image\":{\"@id\":\"https:\/\/www.francmobiliari.com\/es\/producto\/butacas-storn\/#primaryimage\"},\"thumbnailUrl\":\"https:\/\/www.francmobiliari.com\/wp-content\/uploads\/2025\/07\/MINIATURA-BUTAQUES-STORN.jpg\",\"datePublished\":\"2025-07-17T15:46:58+00:00\",\"dateModified\":\"2025-09-11T14:16:30+00:00\",\"breadcrumb\":{\"@id\":\"https:\/\/www.francmobiliari.com\/es\/producto\/butacas-storn\/#breadcrumb\"},\"inLanguage\":\"es\",\"potentialAction\":[{\"@type\":\"ReadAction\",\"target\":[\"https:\/\/www.francmobiliari.com\/es\/producto\/butacas-storn\/\"]}]},{\"@type\":\"ImageObject\",\"inLanguage\":\"es\",\"@id\":\"https:\/\/www.francmobiliari.com\/es\/producto\/butacas-storn\/#primaryimage\",\"url\":\"https:\/\/www.francmobiliari.com\/wp-content\/uploads\/2025\/07\/MINIATURA-BUTAQUES-STORN.jpg\",\"contentUrl\":\"https:\/\/www.francmobiliari.com\/wp-content\/uploads\/2025\/07\/MINIATURA-BUTAQUES-STORN.jpg\",\"width\":1080,\"height\":1080},{\"@type\":\"BreadcrumbList\",\"@id\":\"https:\/\/www.francmobiliari.com\/es\/producto\/butacas-storn\/#breadcrumb\",\"itemListElement\":[{\"@type\":\"ListItem\",\"position\":1,\"name\":\"Portada\",\"item\":\"https:\/\/www.francmobiliari.com\/es\/inicio\/\"},{\"@type\":\"ListItem\",\"position\":2,\"name\":\"Tienda\",\"item\":\"https:\/\/www.francmobiliari.com\/es\/tienda\/\"},{\"@type\":\"ListItem\",\"position\":3,\"name\":\"BUTACAS STORN\"}]},{\"@type\":\"WebSite\",\"@id\":\"https:\/\/www.francmobiliari.com\/#website\",\"url\":\"https:\/\/www.francmobiliari.com\/\",\"name\":\"francmobiliari.com\",\"description\":\"\",\"publisher\":{\"@id\":\"https:\/\/www.francmobiliari.com\/#organization\"},\"potentialAction\":[{\"@type\":\"SearchAction\",\"target\":{\"@type\":\"EntryPoint\",\"urlTemplate\":\"https:\/\/www.francmobiliari.com\/?s={search_term_string}\"},\"query-input\":{\"@type\":\"PropertyValueSpecification\",\"valueRequired\":true,\"valueName\":\"search_term_string\"}}],\"inLanguage\":\"es\"},{\"@type\":\"Organization\",\"@id\":\"https:\/\/www.francmobiliari.com\/#organization\",\"name\":\"francmobiliari.com\",\"url\":\"https:\/\/www.francmobiliari.com\/\",\"logo\":{\"@type\":\"ImageObject\",\"inLanguage\":\"es\",\"@id\":\"https:\/\/www.francmobiliari.com\/#\/schema\/logo\/image\/\",\"url\":\"https:\/\/www.francmobiliari.com\/wp-content\/uploads\/2025\/07\/img-placeholder.png\",\"contentUrl\":\"https:\/\/www.francmobiliari.com\/wp-content\/uploads\/2025\/07\/img-placeholder.png\",\"width\":1500,\"height\":1500,\"caption\":\"francmobiliari.com\"},\"image\":{\"@id\":\"https:\/\/www.francmobiliari.com\/#\/schema\/logo\/image\/\"}}]}<\/script>\n<!-- \/ Yoast SEO plugin. -->","yoast_head_json":{"title":"BUTACAS STORN - francmobiliari.com","robots":{"index":"index","follow":"follow","max-snippet":"max-snippet:-1","max-image-preview":"max-image-preview:large","max-video-preview":"max-video-preview:-1"},"canonical":"https:\/\/www.francmobiliari.com\/es\/producto\/butacas-storn\/","og_locale":"es_ES","og_type":"article","og_title":"BUTACAS STORN - francmobiliari.com","og_description":"Colecci\u00f3n de butacas LOUNGE, disponibles en 3 tama\u00f1os: grande, mediana o peque\u00f1a. Regulable en altura. Base de aluminio pulido de 4 radios.   CAT\u00c1LOGO BUTACAS STORN  FICHA T\u00c9CNICA BUTACAS STORN  Carcasa de espuma de poliuretano inyectado de densidad 60 Kg\/m\u00b3 y diferentes grosores. El tapizado est\u00e1 unido a la espuma con cola termofusible y costura abierta de doble carga. Se puede tapizar con diferentes tejidos. Aunque presenta cremalleras, el tapizado no es desenfundable. Coj\u00edn adicional en el asiento de espuma de poliuretano inyectado de densidad 50 Kg\/m\u00b3 y 7 cm de grosor.  Giratorias con pist\u00f3n a gas para regulaci\u00f3n de altura con recorrido de 6,5 cm.  Base de aluminio pulido de 4 radios, de 80 o 70 cm de di\u00e1metro, con parte inferior negra y topes redondos de ABS negro.  Disponible en 3 alturas diferentes:      Butaca grande. Altura hasta 107 cm.  Butaca mediana. Altura hasta 94 cm.  Butaca peque\u00f1a. Altura hasta 79 cm.","og_url":"https:\/\/www.francmobiliari.com\/es\/producto\/butacas-storn\/","og_site_name":"francmobiliari.com","article_modified_time":"2025-09-11T14:16:30+00:00","og_image":[{"width":1080,"height":1080,"url":"https:\/\/www.francmobiliari.com\/wp-content\/uploads\/2025\/07\/MINIATURA-BUTAQUES-STORN.jpg","type":"image\/jpeg"}],"twitter_card":"summary_large_image","schema":{"@context":"https:\/\/schema.org","@graph":[{"@type":"WebPage","@id":"https:\/\/www.francmobiliari.com\/es\/producto\/butacas-storn\/","url":"https:\/\/www.francmobiliari.com\/es\/producto\/butacas-storn\/","name":"BUTACAS STORN - francmobiliari.com","isPartOf":{"@id":"https:\/\/www.francmobiliari.com\/#website"},"primaryImageOfPage":{"@id":"https:\/\/www.francmobiliari.com\/es\/producto\/butacas-storn\/#primaryimage"},"image":{"@id":"https:\/\/www.francmobiliari.com\/es\/producto\/butacas-storn\/#primaryimage"},"thumbnailUrl":"https:\/\/www.francmobiliari.com\/wp-content\/uploads\/2025\/07\/MINIATURA-BUTAQUES-STORN.jpg","datePublished":"2025-07-17T15:46:58+00:00","dateModified":"2025-09-11T14:16:30+00:00","breadcrumb":{"@id":"https:\/\/www.francmobiliari.com\/es\/producto\/butacas-storn\/#breadcrumb"},"inLanguage":"es","potentialAction":[{"@type":"ReadAction","target":["https:\/\/www.francmobiliari.com\/es\/producto\/butacas-storn\/"]}]},{"@type":"ImageObject","inLanguage":"es","@id":"https:\/\/www.francmobiliari.com\/es\/producto\/butacas-storn\/#primaryimage","url":"https:\/\/www.francmobiliari.com\/wp-content\/uploads\/2025\/07\/MINIATURA-BUTAQUES-STORN.jpg","contentUrl":"https:\/\/www.francmobiliari.com\/wp-content\/uploads\/2025\/07\/MINIATURA-BUTAQUES-STORN.jpg","width":1080,"height":1080},{"@type":"BreadcrumbList","@id":"https:\/\/www.francmobiliari.com\/es\/producto\/butacas-storn\/#breadcrumb","itemListElement":[{"@type":"ListItem","position":1,"name":"Portada","item":"https:\/\/www.francmobiliari.com\/es\/inicio\/"},{"@type":"ListItem","position":2,"name":"Tienda","item":"https:\/\/www.francmobiliari.com\/es\/tienda\/"},{"@type":"ListItem","position":3,"name":"BUTACAS STORN"}]},{"@type":"WebSite","@id":"https:\/\/www.francmobiliari.com\/#website","url":"https:\/\/www.francmobiliari.com\/","name":"francmobiliari.com","description":"","publisher":{"@id":"https:\/\/www.francmobiliari.com\/#organization"},"potentialAction":[{"@type":"SearchAction","target":{"@type":"EntryPoint","urlTemplate":"https:\/\/www.francmobiliari.com\/?s={search_term_string}"},"query-input":{"@type":"PropertyValueSpecification","valueRequired":true,"valueName":"search_term_string"}}],"inLanguage":"es"},{"@type":"Organization","@id":"https:\/\/www.francmobiliari.com\/#organization","name":"francmobiliari.com","url":"https:\/\/www.francmobiliari.com\/","logo":{"@type":"ImageObject","inLanguage":"es","@id":"https:\/\/www.francmobiliari.com\/#\/schema\/logo\/image\/","url":"https:\/\/www.francmobiliari.com\/wp-content\/uploads\/2025\/07\/img-placeholder.png","contentUrl":"https:\/\/www.francmobiliari.com\/wp-content\/uploads\/2025\/07\/img-placeholder.png","width":1500,"height":1500,"caption":"francmobiliari.com"},"image":{"@id":"https:\/\/www.francmobiliari.com\/#\/schema\/logo\/image\/"}}]}},"_links":{"self":[{"href":"https:\/\/www.francmobiliari.com\/es\/wp-json\/wp\/v2\/product\/6344","targetHints":{"allow":["GET"]}}],"collection":[{"href":"https:\/\/www.francmobiliari.com\/es\/wp-json\/wp\/v2\/product"}],"about":[{"href":"https:\/\/www.francmobiliari.com\/es\/wp-json\/wp\/v2\/types\/product"}],"wp:featuredmedia":[{"embeddable":true,"href":"https:\/\/www.francmobiliari.com\/es\/wp-json\/wp\/v2\/media\/3396"}],"wp:attachment":[{"href":"https:\/\/www.francmobiliari.com\/es\/wp-json\/wp\/v2\/media?parent=6344"}],"wp:term":[{"taxonomy":"product_brand","embeddable":true,"href":"https:\/\/www.francmobiliari.com\/es\/wp-json\/wp\/v2\/product_brand?post=6344"},{"taxonomy":"product_cat","embeddable":true,"href":"https:\/\/www.francmobiliari.com\/es\/wp-json\/wp\/v2\/product_cat?post=6344"},{"taxonomy":"product_tag","embeddable":true,"href":"https:\/\/www.francmobiliari.com\/es\/wp-json\/wp\/v2\/product_tag?post=6344"}],"curies":[{"name":"wp","href":"https:\/\/api.w.org\/{rel}","templated":true}]}}