{"id":6342,"date":"2025-07-17T17:46:06","date_gmt":"2025-07-17T15:46:06","guid":{"rendered":"https:\/\/www.francmobiliari.com\/producto\/sillas-por-aulas-y-colectividades\/"},"modified":"2025-08-04T17:37:34","modified_gmt":"2025-08-04T15:37:34","slug":"sillas-por-aulas-y-colectividades","status":"publish","type":"product","link":"https:\/\/www.francmobiliari.com\/es\/producto\/sillas-por-aulas-y-colectividades\/","title":{"rendered":"SILLAS POR AULAS Y COLECTIVIDADES"},"content":{"rendered":false,"protected":false},"excerpt":{"rendered":"<p>Con asiento y respaldo de polipropileno, tapizados o de madera. Con o sin brazos. Disponibles en distintos colores.<\/p>\n<ul>\n<li><a href=\"https:\/\/www.francmobiliari.com\/wp-content\/uploads\/2022\/11\/CATALOG-CADIRA-FRILL.pdf\" target=\"_blank\" rel=\"noopener\">CAT\u00c1LOGO SILLA FRILL<\/a><\/li>\n<li><a href=\"https:\/\/www.francmobiliari.com\/wp-content\/uploads\/2022\/11\/CATALOG-CADIRA-HITO.pdf\" target=\"_blank\" rel=\"noopener\">CAT\u00c1LOGO SILLA HITO<\/a><\/li>\n<li><a href=\"https:\/\/www.francmobiliari.com\/wp-content\/uploads\/2022\/11\/CATALOG-CADIRA-MAIKE.pdf\" target=\"_blank\" rel=\"noopener\">CAT\u00c1LOGO SILLA MAIKE<\/a><\/li>\n<li><a href=\"https:\/\/www.francmobiliari.com\/wp-content\/uploads\/2022\/11\/CATALOG-CADIRA-MINDY.pdf\" target=\"_blank\" rel=\"noopener\">CAT\u00c1LOGO SILLA MINDY<\/a><\/li>\n<li><a href=\"https:\/\/www.francmobiliari.com\/wp-content\/uploads\/2022\/11\/CATALOG-CADIRA-NAVIA.pdf\" target=\"_blank\" rel=\"noopener\">CAT\u00c1LOGO SILLA NAVIA<\/a><\/li>\n<li><a href=\"https:\/\/www.francmobiliari.com\/wp-content\/uploads\/2022\/11\/CATALOG-CADIRA-NO-FRILL.pdf\" target=\"_blank\" rel=\"noopener\">CAT\u00c1LOGO SILLA NO FRILL<\/a><\/li>\n<li><a href=\"https:\/\/www.francmobiliari.com\/wp-content\/uploads\/2022\/11\/CATALOG-CADIRA-POPEA.pdf\" target=\"_blank\" rel=\"noopener\">CAT\u00c1LOGO SILLA POPEA<\/a><\/li>\n<li><a href=\"https:\/\/www.francmobiliari.com\/wp-content\/uploads\/2022\/11\/CATALOG-CADIRA-REPLAY.pdf\" target=\"_blank\" rel=\"noopener\">CAT\u00c1LOGO SILLA REPLAY<\/a><\/li>\n<li><a href=\"https:\/\/www.francmobiliari.com\/wp-content\/uploads\/2022\/11\/FITXA-TECNICA-CADIRA-HITO.pdf\" target=\"_blank\" rel=\"noopener\">FICHA T\u00c9CNICA SILLA HITO<\/a><\/li>\n<li><a href=\"https:\/\/www.francmobiliari.com\/wp-content\/uploads\/2022\/11\/FICHA-TECNICA-SILLA-NAVIA.pdf\" target=\"_blank\" rel=\"noopener\">FICHA T\u00c9CNICA SILLA NAVIA<\/a><\/li>\n<li><a href=\"https:\/\/www.francmobiliari.com\/wp-content\/uploads\/2022\/11\/FITXA-TECNICA-CADIRA-POPEA.pdf\" target=\"_blank\" rel=\"noopener\">FICHA T\u00c9CNICA SILLA POPEA<\/a><\/li>\n<li><a href=\"https:\/\/www.francmobiliari.com\/wp-content\/uploads\/2022\/11\/FITXA-TECNICA-CADIRA-REPLAY.pdf\" target=\"_blank\" rel=\"noopener\">FICHA TECNICA SILLA REPLAY<\/a><\/li>\n<\/ul>\n<p><strong>MODEL FRILL:<\/strong><\/p>\n<p style=\"font-weight: 400;\">Estructura en diferentes opciones:<\/p>\n<ul>\n<li style=\"list-style-type: none;\">\n<ul>\n<li style=\"font-weight: 400;\">4 patas fijas de tubo de acero laminado de 16 mm de di\u00e1metro. Pintada en color Blanco, Grafito o Cromada.<\/li>\n<li style=\"font-weight: 400;\">De pat\u00edn de tubo de acero laminado de 12 mm de di\u00e1metro. Pintada en color Blanco, Grafito o Cromada.<\/li>\n<\/ul>\n<\/li>\n<\/ul>\n<p style=\"fuente-weight: 400;\">Monocasco de polipropileno con brazos fijos integrados. Apilable 6 unidades.<\/p>\n<p style=\"fuente-weight: 400;\">Colores de polipropileno: Azul Claro, Negro, Blanco, Naranja, Azul Oscuro, Marr\u00f3n o Amarillo.<\/p>\n<p style=\"fuente-weight: 400;\">Opcional asiento tapizado.<\/p>\n<p style=\"fuente-weight: 400;\"><strong>MODEL NO FRILLO:<\/strong><\/p>\n<p style=\"font-weight: 400;\">Estructura en diferentes opciones:<\/p>\n<ul>\n<li style=\"list-style-type: none;\">\n<ul>\n<li style=\"font-weight: 400;\">4 patas fijas de tubo de acero laminado de 16 mm de di\u00e1metro. Pintada en color Blanco, Grafito o Cromada. Opci\u00f3n brazos o sin integrados en la estructura.<\/li>\n<li style=\"font-weight: 400;\">De pat\u00edn de tubo de acero laminado de 12 mm de di\u00e1metro. Pintada en color Blanco, Grafito o Cromada.<\/li>\n<\/ul>\n<\/li>\n<\/ul>\n<p style=\"fuente-weight: 400;\">Monocasco de polipropileno. Apilable 6 unidades.<\/p>\n<p style=\"fuente-weight: 400;\">Colores de polipropileno: Azul Claro, Negro, Blanco, Naranja, Azul Oscuro, Marr\u00f3n o Amarillo.<\/p>\n<p style=\"fuente-weight: 400;\">Opcional asiento tapizado.<\/p>\n<p style=\"fuente-weight: 400;\"><strong>MODEL MINDY:<\/strong><\/p>\n<p style=\"font-weight: 400;\">Estructura en diferentes opciones:<\/p>\n<ul>\n<li style=\"list-style-type: none;\">\n<ul>\n<li style=\"font-weight: 400;\">4 patas fijas de tubo de acero laminado de 16 mm de di\u00e1metro. Pintada en color Blanco, Grafito o Cromada. Opci\u00f3n brazos o sin integrados en la estructura.<\/li>\n<li style=\"font-weight: 400;\">De pat\u00edn de tubo de acero laminado de 12 mm de di\u00e1metro. Pintada en color Blanco, Grafito o Cromada.<\/li>\n<\/ul>\n<\/li>\n<\/ul>\n<p style=\"fuente-weight: 400;\">Monocasco de polipropileno con bot\u00f3n en el respaldo. Apilable 6 unidades.<\/p>\n<p style=\"fuente-weight: 400;\">Colores de polipropileno: Azul Claro, Negro, Blanco, Naranja, Azul Oscuro, Marr\u00f3n o Amarillo.<\/p>\n<p style=\"fuente-weight: 400;\">Colores bot\u00f3n: Blanco (por estructura blanca), Grafito (por estructura grafito) o Azul (por estructura cromada).<\/p>\n<p style=\"fuente-weight: 400;\">Opcional asiento tapizado.<\/p>\n<p style=\"fuente-weight: 400;\"><strong>MODEL PF:<\/strong><\/p>\n<p style=\"fuente-weight: 400;\">Estructura de 4 patas de tubo de acero redondo de 18 mm de secci\u00f3n. Pintada en color Plata (RAL 9006), Blanco (RAL 9010), Negro (RAL 9011), Teja (RAL 3016), Verde (RAL 6021) y Amarillo (RAL 1032). Opcional ganchos para unir sillas.<\/p>\n<p style=\"fuente-weight: 400;\">Monocasco<\/p>\n","protected":false},"featured_media":3202,"template":"","meta":{"_acf_changed":false,"inline_featured_image":false,"_genesis_hide_title":false,"_genesis_hide_breadcrumbs":false,"_genesis_hide_singular_image":false,"_genesis_hide_footer_widgets":false,"_genesis_custom_body_class":"","_genesis_custom_post_class":"","_genesis_layout":"","_links_to":"","_links_to_target":""},"product_brand":[],"product_cat":[98],"product_tag":[],"class_list":{"0":"post-6342","1":"product","2":"type-product","3":"status-publish","4":"has-post-thumbnail","6":"product_cat-aulas-y-colectividades","7":"entry","9":"first","10":"instock","11":"shipping-taxable","12":"product-type-simple"},"acf":[],"yoast_head":"<!-- This site is optimized with the Yoast SEO plugin v26.2 - https:\/\/yoast.com\/wordpress\/plugins\/seo\/ -->\n<title>SILLAS POR AULAS Y COLECTIVIDADES - francmobiliari.com<\/title>\n<meta name=\"robots\" content=\"index, follow, max-snippet:-1, max-image-preview:large, max-video-preview:-1\" \/>\n<link rel=\"canonical\" href=\"https:\/\/www.francmobiliari.com\/es\/producto\/sillas-por-aulas-y-colectividades\/\" \/>\n<meta property=\"og:locale\" content=\"es_ES\" \/>\n<meta property=\"og:type\" content=\"article\" \/>\n<meta property=\"og:title\" content=\"SILLAS POR AULAS Y COLECTIVIDADES - francmobiliari.com\" \/>\n<meta property=\"og:description\" content=\"Con asiento y respaldo de polipropileno, tapizados o de madera. Con o sin brazos. Disponibles en distintos colores.   CAT\u00c1LOGO SILLA FRILL  CAT\u00c1LOGO SILLA HITO  CAT\u00c1LOGO SILLA MAIKE  CAT\u00c1LOGO SILLA MINDY  CAT\u00c1LOGO SILLA NAVIA  CAT\u00c1LOGO SILLA NO FRILL  CAT\u00c1LOGO SILLA POPEA  CAT\u00c1LOGO SILLA REPLAY  FICHA T\u00c9CNICA SILLA HITO  FICHA T\u00c9CNICA SILLA NAVIA  FICHA T\u00c9CNICA SILLA POPEA  FICHA TECNICA SILLA REPLAY  MODEL FRILL: Estructura en diferentes opciones:       4 patas fijas de tubo de acero laminado de 16 mm de di\u00e1metro. Pintada en color Blanco, Grafito o Cromada.  De pat\u00edn de tubo de acero laminado de 12 mm de di\u00e1metro. Pintada en color Blanco, Grafito o Cromada.    Monocasco de polipropileno con brazos fijos integrados. Apilable 6 unidades. Colores de polipropileno: Azul Claro, Negro, Blanco, Naranja, Azul Oscuro, Marr\u00f3n o Amarillo. Opcional asiento tapizado. MODEL NO FRILLO: Estructura en diferentes opciones:       4 patas fijas de tubo de acero laminado de 16 mm de di\u00e1metro. Pintada en color Blanco, Grafito o Cromada. Opci\u00f3n brazos o sin integrados en la estructura.  De pat\u00edn de tubo de acero laminado de 12 mm de di\u00e1metro. Pintada en color Blanco, Grafito o Cromada.    Monocasco de polipropileno. Apilable 6 unidades. Colores de polipropileno: Azul Claro, Negro, Blanco, Naranja, Azul Oscuro, Marr\u00f3n o Amarillo. Opcional asiento tapizado. MODEL MINDY: Estructura en diferentes opciones:       4 patas fijas de tubo de acero laminado de 16 mm de di\u00e1metro. Pintada en color Blanco, Grafito o Cromada. Opci\u00f3n brazos o sin integrados en la estructura.  De pat\u00edn de tubo de acero laminado de 12 mm de di\u00e1metro. Pintada en color Blanco, Grafito o Cromada.    Monocasco de polipropileno con bot\u00f3n en el respaldo. Apilable 6 unidades. Colores de polipropileno: Azul Claro, Negro, Blanco, Naranja, Azul Oscuro, Marr\u00f3n o Amarillo. Colores bot\u00f3n: Blanco (por estructura blanca), Grafito (por estructura grafito) o Azul (por estructura cromada). Opcional asiento tapizado. MODEL PF: Estructura de 4 patas de tubo de acero redondo de 18 mm de secci\u00f3n. Pintada en color Plata (RAL 9006), Blanco (RAL 9010), Negro (RAL 9011), Teja (RAL 3016), Verde (RAL 6021) y Amarillo (RAL 1032). Opcional ganchos para unir sillas. Monocasco\" \/>\n<meta property=\"og:url\" content=\"https:\/\/www.francmobiliari.com\/es\/producto\/sillas-por-aulas-y-colectividades\/\" \/>\n<meta property=\"og:site_name\" content=\"francmobiliari.com\" \/>\n<meta property=\"article:modified_time\" content=\"2025-08-04T15:37:34+00:00\" \/>\n<meta property=\"og:image\" content=\"https:\/\/www.francmobiliari.com\/wp-content\/uploads\/2025\/07\/MINIATURA-CADIRES-PER-A-AULES-I-COLECTIVITATS.jpg\" \/>\n\t<meta property=\"og:image:width\" content=\"1280\" \/>\n\t<meta property=\"og:image:height\" content=\"700\" \/>\n\t<meta property=\"og:image:type\" content=\"image\/jpeg\" \/>\n<meta name=\"twitter:card\" content=\"summary_large_image\" \/>\n<script type=\"application\/ld+json\" class=\"yoast-schema-graph\">{\"@context\":\"https:\/\/schema.org\",\"@graph\":[{\"@type\":\"WebPage\",\"@id\":\"https:\/\/www.francmobiliari.com\/es\/producto\/sillas-por-aulas-y-colectividades\/\",\"url\":\"https:\/\/www.francmobiliari.com\/es\/producto\/sillas-por-aulas-y-colectividades\/\",\"name\":\"SILLAS POR AULAS Y COLECTIVIDADES - francmobiliari.com\",\"isPartOf\":{\"@id\":\"https:\/\/www.francmobiliari.com\/#website\"},\"primaryImageOfPage\":{\"@id\":\"https:\/\/www.francmobiliari.com\/es\/producto\/sillas-por-aulas-y-colectividades\/#primaryimage\"},\"image\":{\"@id\":\"https:\/\/www.francmobiliari.com\/es\/producto\/sillas-por-aulas-y-colectividades\/#primaryimage\"},\"thumbnailUrl\":\"https:\/\/www.francmobiliari.com\/wp-content\/uploads\/2025\/07\/MINIATURA-CADIRES-PER-A-AULES-I-COLECTIVITATS.jpg\",\"datePublished\":\"2025-07-17T15:46:06+00:00\",\"dateModified\":\"2025-08-04T15:37:34+00:00\",\"breadcrumb\":{\"@id\":\"https:\/\/www.francmobiliari.com\/es\/producto\/sillas-por-aulas-y-colectividades\/#breadcrumb\"},\"inLanguage\":\"es\",\"potentialAction\":[{\"@type\":\"ReadAction\",\"target\":[\"https:\/\/www.francmobiliari.com\/es\/producto\/sillas-por-aulas-y-colectividades\/\"]}]},{\"@type\":\"ImageObject\",\"inLanguage\":\"es\",\"@id\":\"https:\/\/www.francmobiliari.com\/es\/producto\/sillas-por-aulas-y-colectividades\/#primaryimage\",\"url\":\"https:\/\/www.francmobiliari.com\/wp-content\/uploads\/2025\/07\/MINIATURA-CADIRES-PER-A-AULES-I-COLECTIVITATS.jpg\",\"contentUrl\":\"https:\/\/www.francmobiliari.com\/wp-content\/uploads\/2025\/07\/MINIATURA-CADIRES-PER-A-AULES-I-COLECTIVITATS.jpg\",\"width\":1280,\"height\":700},{\"@type\":\"BreadcrumbList\",\"@id\":\"https:\/\/www.francmobiliari.com\/es\/producto\/sillas-por-aulas-y-colectividades\/#breadcrumb\",\"itemListElement\":[{\"@type\":\"ListItem\",\"position\":1,\"name\":\"Portada\",\"item\":\"https:\/\/www.francmobiliari.com\/es\/inicio\/\"},{\"@type\":\"ListItem\",\"position\":2,\"name\":\"Tienda\",\"item\":\"https:\/\/www.francmobiliari.com\/es\/tienda\/\"},{\"@type\":\"ListItem\",\"position\":3,\"name\":\"SILLAS POR AULAS Y COLECTIVIDADES\"}]},{\"@type\":\"WebSite\",\"@id\":\"https:\/\/www.francmobiliari.com\/#website\",\"url\":\"https:\/\/www.francmobiliari.com\/\",\"name\":\"francmobiliari.com\",\"description\":\"\",\"publisher\":{\"@id\":\"https:\/\/www.francmobiliari.com\/#organization\"},\"potentialAction\":[{\"@type\":\"SearchAction\",\"target\":{\"@type\":\"EntryPoint\",\"urlTemplate\":\"https:\/\/www.francmobiliari.com\/?s={search_term_string}\"},\"query-input\":{\"@type\":\"PropertyValueSpecification\",\"valueRequired\":true,\"valueName\":\"search_term_string\"}}],\"inLanguage\":\"es\"},{\"@type\":\"Organization\",\"@id\":\"https:\/\/www.francmobiliari.com\/#organization\",\"name\":\"francmobiliari.com\",\"url\":\"https:\/\/www.francmobiliari.com\/\",\"logo\":{\"@type\":\"ImageObject\",\"inLanguage\":\"es\",\"@id\":\"https:\/\/www.francmobiliari.com\/#\/schema\/logo\/image\/\",\"url\":\"https:\/\/www.francmobiliari.com\/wp-content\/uploads\/2025\/07\/img-placeholder.png\",\"contentUrl\":\"https:\/\/www.francmobiliari.com\/wp-content\/uploads\/2025\/07\/img-placeholder.png\",\"width\":1500,\"height\":1500,\"caption\":\"francmobiliari.com\"},\"image\":{\"@id\":\"https:\/\/www.francmobiliari.com\/#\/schema\/logo\/image\/\"}}]}<\/script>\n<!-- \/ Yoast SEO plugin. -->","yoast_head_json":{"title":"SILLAS POR AULAS Y COLECTIVIDADES - francmobiliari.com","robots":{"index":"index","follow":"follow","max-snippet":"max-snippet:-1","max-image-preview":"max-image-preview:large","max-video-preview":"max-video-preview:-1"},"canonical":"https:\/\/www.francmobiliari.com\/es\/producto\/sillas-por-aulas-y-colectividades\/","og_locale":"es_ES","og_type":"article","og_title":"SILLAS POR AULAS Y COLECTIVIDADES - francmobiliari.com","og_description":"Con asiento y respaldo de polipropileno, tapizados o de madera. Con o sin brazos. Disponibles en distintos colores.   CAT\u00c1LOGO SILLA FRILL  CAT\u00c1LOGO SILLA HITO  CAT\u00c1LOGO SILLA MAIKE  CAT\u00c1LOGO SILLA MINDY  CAT\u00c1LOGO SILLA NAVIA  CAT\u00c1LOGO SILLA NO FRILL  CAT\u00c1LOGO SILLA POPEA  CAT\u00c1LOGO SILLA REPLAY  FICHA T\u00c9CNICA SILLA HITO  FICHA T\u00c9CNICA SILLA NAVIA  FICHA T\u00c9CNICA SILLA POPEA  FICHA TECNICA SILLA REPLAY  MODEL FRILL: Estructura en diferentes opciones:       4 patas fijas de tubo de acero laminado de 16 mm de di\u00e1metro. Pintada en color Blanco, Grafito o Cromada.  De pat\u00edn de tubo de acero laminado de 12 mm de di\u00e1metro. Pintada en color Blanco, Grafito o Cromada.    Monocasco de polipropileno con brazos fijos integrados. Apilable 6 unidades. Colores de polipropileno: Azul Claro, Negro, Blanco, Naranja, Azul Oscuro, Marr\u00f3n o Amarillo. Opcional asiento tapizado. MODEL NO FRILLO: Estructura en diferentes opciones:       4 patas fijas de tubo de acero laminado de 16 mm de di\u00e1metro. Pintada en color Blanco, Grafito o Cromada. Opci\u00f3n brazos o sin integrados en la estructura.  De pat\u00edn de tubo de acero laminado de 12 mm de di\u00e1metro. Pintada en color Blanco, Grafito o Cromada.    Monocasco de polipropileno. Apilable 6 unidades. Colores de polipropileno: Azul Claro, Negro, Blanco, Naranja, Azul Oscuro, Marr\u00f3n o Amarillo. Opcional asiento tapizado. MODEL MINDY: Estructura en diferentes opciones:       4 patas fijas de tubo de acero laminado de 16 mm de di\u00e1metro. Pintada en color Blanco, Grafito o Cromada. Opci\u00f3n brazos o sin integrados en la estructura.  De pat\u00edn de tubo de acero laminado de 12 mm de di\u00e1metro. Pintada en color Blanco, Grafito o Cromada.    Monocasco de polipropileno con bot\u00f3n en el respaldo. Apilable 6 unidades. Colores de polipropileno: Azul Claro, Negro, Blanco, Naranja, Azul Oscuro, Marr\u00f3n o Amarillo. Colores bot\u00f3n: Blanco (por estructura blanca), Grafito (por estructura grafito) o Azul (por estructura cromada). Opcional asiento tapizado. MODEL PF: Estructura de 4 patas de tubo de acero redondo de 18 mm de secci\u00f3n. Pintada en color Plata (RAL 9006), Blanco (RAL 9010), Negro (RAL 9011), Teja (RAL 3016), Verde (RAL 6021) y Amarillo (RAL 1032). Opcional ganchos para unir sillas. Monocasco","og_url":"https:\/\/www.francmobiliari.com\/es\/producto\/sillas-por-aulas-y-colectividades\/","og_site_name":"francmobiliari.com","article_modified_time":"2025-08-04T15:37:34+00:00","og_image":[{"width":1280,"height":700,"url":"https:\/\/www.francmobiliari.com\/wp-content\/uploads\/2025\/07\/MINIATURA-CADIRES-PER-A-AULES-I-COLECTIVITATS.jpg","type":"image\/jpeg"}],"twitter_card":"summary_large_image","schema":{"@context":"https:\/\/schema.org","@graph":[{"@type":"WebPage","@id":"https:\/\/www.francmobiliari.com\/es\/producto\/sillas-por-aulas-y-colectividades\/","url":"https:\/\/www.francmobiliari.com\/es\/producto\/sillas-por-aulas-y-colectividades\/","name":"SILLAS POR AULAS Y COLECTIVIDADES - francmobiliari.com","isPartOf":{"@id":"https:\/\/www.francmobiliari.com\/#website"},"primaryImageOfPage":{"@id":"https:\/\/www.francmobiliari.com\/es\/producto\/sillas-por-aulas-y-colectividades\/#primaryimage"},"image":{"@id":"https:\/\/www.francmobiliari.com\/es\/producto\/sillas-por-aulas-y-colectividades\/#primaryimage"},"thumbnailUrl":"https:\/\/www.francmobiliari.com\/wp-content\/uploads\/2025\/07\/MINIATURA-CADIRES-PER-A-AULES-I-COLECTIVITATS.jpg","datePublished":"2025-07-17T15:46:06+00:00","dateModified":"2025-08-04T15:37:34+00:00","breadcrumb":{"@id":"https:\/\/www.francmobiliari.com\/es\/producto\/sillas-por-aulas-y-colectividades\/#breadcrumb"},"inLanguage":"es","potentialAction":[{"@type":"ReadAction","target":["https:\/\/www.francmobiliari.com\/es\/producto\/sillas-por-aulas-y-colectividades\/"]}]},{"@type":"ImageObject","inLanguage":"es","@id":"https:\/\/www.francmobiliari.com\/es\/producto\/sillas-por-aulas-y-colectividades\/#primaryimage","url":"https:\/\/www.francmobiliari.com\/wp-content\/uploads\/2025\/07\/MINIATURA-CADIRES-PER-A-AULES-I-COLECTIVITATS.jpg","contentUrl":"https:\/\/www.francmobiliari.com\/wp-content\/uploads\/2025\/07\/MINIATURA-CADIRES-PER-A-AULES-I-COLECTIVITATS.jpg","width":1280,"height":700},{"@type":"BreadcrumbList","@id":"https:\/\/www.francmobiliari.com\/es\/producto\/sillas-por-aulas-y-colectividades\/#breadcrumb","itemListElement":[{"@type":"ListItem","position":1,"name":"Portada","item":"https:\/\/www.francmobiliari.com\/es\/inicio\/"},{"@type":"ListItem","position":2,"name":"Tienda","item":"https:\/\/www.francmobiliari.com\/es\/tienda\/"},{"@type":"ListItem","position":3,"name":"SILLAS POR AULAS Y COLECTIVIDADES"}]},{"@type":"WebSite","@id":"https:\/\/www.francmobiliari.com\/#website","url":"https:\/\/www.francmobiliari.com\/","name":"francmobiliari.com","description":"","publisher":{"@id":"https:\/\/www.francmobiliari.com\/#organization"},"potentialAction":[{"@type":"SearchAction","target":{"@type":"EntryPoint","urlTemplate":"https:\/\/www.francmobiliari.com\/?s={search_term_string}"},"query-input":{"@type":"PropertyValueSpecification","valueRequired":true,"valueName":"search_term_string"}}],"inLanguage":"es"},{"@type":"Organization","@id":"https:\/\/www.francmobiliari.com\/#organization","name":"francmobiliari.com","url":"https:\/\/www.francmobiliari.com\/","logo":{"@type":"ImageObject","inLanguage":"es","@id":"https:\/\/www.francmobiliari.com\/#\/schema\/logo\/image\/","url":"https:\/\/www.francmobiliari.com\/wp-content\/uploads\/2025\/07\/img-placeholder.png","contentUrl":"https:\/\/www.francmobiliari.com\/wp-content\/uploads\/2025\/07\/img-placeholder.png","width":1500,"height":1500,"caption":"francmobiliari.com"},"image":{"@id":"https:\/\/www.francmobiliari.com\/#\/schema\/logo\/image\/"}}]}},"_links":{"self":[{"href":"https:\/\/www.francmobiliari.com\/es\/wp-json\/wp\/v2\/product\/6342","targetHints":{"allow":["GET"]}}],"collection":[{"href":"https:\/\/www.francmobiliari.com\/es\/wp-json\/wp\/v2\/product"}],"about":[{"href":"https:\/\/www.francmobiliari.com\/es\/wp-json\/wp\/v2\/types\/product"}],"wp:featuredmedia":[{"embeddable":true,"href":"https:\/\/www.francmobiliari.com\/es\/wp-json\/wp\/v2\/media\/3202"}],"wp:attachment":[{"href":"https:\/\/www.francmobiliari.com\/es\/wp-json\/wp\/v2\/media?parent=6342"}],"wp:term":[{"taxonomy":"product_brand","embeddable":true,"href":"https:\/\/www.francmobiliari.com\/es\/wp-json\/wp\/v2\/product_brand?post=6342"},{"taxonomy":"product_cat","embeddable":true,"href":"https:\/\/www.francmobiliari.com\/es\/wp-json\/wp\/v2\/product_cat?post=6342"},{"taxonomy":"product_tag","embeddable":true,"href":"https:\/\/www.francmobiliari.com\/es\/wp-json\/wp\/v2\/product_tag?post=6342"}],"curies":[{"name":"wp","href":"https:\/\/api.w.org\/{rel}","templated":true}]}}