{"id":6331,"date":"2025-07-17T17:46:30","date_gmt":"2025-07-17T15:46:30","guid":{"rendered":"https:\/\/www.francmobiliari.com\/producto\/butaques-bool\/"},"modified":"2025-08-04T16:54:14","modified_gmt":"2025-08-04T14:54:14","slug":"butacas-bool","status":"publish","type":"product","link":"https:\/\/www.francmobiliari.com\/es\/producto\/butacas-bool\/","title":{"rendered":"BUTACAS BOOL"},"content":{"rendered":false,"protected":false},"excerpt":{"rendered":"<p>Mono carcasa tapizada con respaldo alto o bajo. Estructura giratoria de madera en roble. Varios tipos de tejidos y colores. Butacas pensadas para espacios abiertos, halls de hoteles o de empresas.<\/p>\n<ul>\n<li><a href=\"https:\/\/www.francmobiliari.com\/wp-content\/uploads\/2022\/11\/CATALEG-BUTAQUES-BOOL.pdf\" target=\"_blank\" rel=\"noopener\">CAT\u00c1LOGO BUTACAS BOOL<\/a><\/li>\n<li><a href=\"https:\/\/www.francmobiliari.com\/wp-content\/uploads\/2022\/11\/FITXA-TECNICA-BUTAQUES-BOOL.pdf\" target=\"_blank\" rel=\"noopener\">FICHA T\u00c9CNICA BUTACAS BOOL<\/a><\/li>\n<\/ul>\n<p>&nbsp;<br \/>\nButacas fabricadas sobre mono carcasa inyectada en poliuretano flexible de densidad 60 kg\/m\u00b3, sobre estructura de madera y metal. Tapizada con diferentes tipos de tejido.<\/p>\n<p>Opci\u00f3n de respaldo bajo o respaldo alto. Este \u00faltimo con cabecero adicional de las mismas caracter\u00edsticas que el resto del cuerpo.<\/p>\n<p>Brazos incorporados en el mismo cuerpo incluidos en la propia mono carcasa.<\/p>\n<p>Tipo de estructura:<\/p>\n<ul>\n<li style=\"list-style-type: none;\">\n<ul>\n<li>Giratoria de cuatro patas piramidales de madera.<\/li>\n<li>Fija de 4 patas met\u00e1licas.<\/li>\n<li>Fija con patas cruzadas tipo pat\u00edn.<\/li>\n<\/ul>\n<\/li>\n<\/ul>\n<p>&nbsp;<br \/>\nACABADOS PATAS DE MADERA: Color Roble.<\/p>\n<p>ACABADOS PATAS MET\u00c1LICAS: Negro (RAL-9005), Blanco (RAL-9016), Vis\u00f3n (RAL-1019), Plata (RAL-9006), Antracita (RAL-7016) y Gris Claro (Light Grey).<\/p>\n","protected":false},"featured_media":3367,"template":"","meta":{"_acf_changed":false,"inline_featured_image":false,"_genesis_hide_title":false,"_genesis_hide_breadcrumbs":false,"_genesis_hide_singular_image":false,"_genesis_hide_footer_widgets":false,"_genesis_custom_body_class":"","_genesis_custom_post_class":"","_genesis_layout":"","_links_to":"","_links_to_target":""},"product_brand":[],"product_cat":[101],"product_tag":[],"class_list":{"0":"post-6331","1":"product","2":"type-product","3":"status-publish","4":"has-post-thumbnail","6":"product_cat-sofas-y-sillones","7":"entry","9":"first","10":"instock","11":"shipping-taxable","12":"product-type-simple"},"acf":[],"yoast_head":"<!-- This site is optimized with the Yoast SEO plugin v26.2 - https:\/\/yoast.com\/wordpress\/plugins\/seo\/ -->\n<title>BUTACAS BOOL - francmobiliari.com<\/title>\n<meta name=\"robots\" content=\"index, follow, max-snippet:-1, max-image-preview:large, max-video-preview:-1\" \/>\n<link rel=\"canonical\" href=\"https:\/\/www.francmobiliari.com\/es\/producto\/butacas-bool\/\" \/>\n<meta property=\"og:locale\" content=\"es_ES\" \/>\n<meta property=\"og:type\" content=\"article\" \/>\n<meta property=\"og:title\" content=\"BUTACAS BOOL - francmobiliari.com\" \/>\n<meta property=\"og:description\" content=\"Mono carcasa tapizada con respaldo alto o bajo. Estructura giratoria de madera en roble. Varios tipos de tejidos y colores. Butacas pensadas para espacios abiertos, halls de hoteles o de empresas.   CAT\u00c1LOGO BUTACAS BOOL  FICHA T\u00c9CNICA BUTACAS BOOL  &nbsp; Butacas fabricadas sobre mono carcasa inyectada en poliuretano flexible de densidad 60 kg\/m\u00b3, sobre estructura de madera y metal. Tapizada con diferentes tipos de tejido.  Opci\u00f3n de respaldo bajo o respaldo alto. Este \u00faltimo con cabecero adicional de las mismas caracter\u00edsticas que el resto del cuerpo.  Brazos incorporados en el mismo cuerpo incluidos en la propia mono carcasa.  Tipo de estructura:      Giratoria de cuatro patas piramidales de madera.  Fija de 4 patas met\u00e1licas.  Fija con patas cruzadas tipo pat\u00edn.    &nbsp; ACABADOS PATAS DE MADERA: Color Roble.  ACABADOS PATAS MET\u00c1LICAS: Negro (RAL-9005), Blanco (RAL-9016), Vis\u00f3n (RAL-1019), Plata (RAL-9006), Antracita (RAL-7016) y Gris Claro (Light Grey).\" \/>\n<meta property=\"og:url\" content=\"https:\/\/www.francmobiliari.com\/es\/producto\/butacas-bool\/\" \/>\n<meta property=\"og:site_name\" content=\"francmobiliari.com\" \/>\n<meta property=\"article:modified_time\" content=\"2025-08-04T14:54:14+00:00\" \/>\n<meta property=\"og:image\" content=\"https:\/\/www.francmobiliari.com\/wp-content\/uploads\/2025\/07\/MINIATURA-BOOL.jpg\" \/>\n\t<meta property=\"og:image:width\" content=\"1300\" \/>\n\t<meta property=\"og:image:height\" content=\"975\" \/>\n\t<meta property=\"og:image:type\" content=\"image\/jpeg\" \/>\n<meta name=\"twitter:card\" content=\"summary_large_image\" \/>\n<script type=\"application\/ld+json\" class=\"yoast-schema-graph\">{\"@context\":\"https:\/\/schema.org\",\"@graph\":[{\"@type\":\"WebPage\",\"@id\":\"https:\/\/www.francmobiliari.com\/es\/producto\/butacas-bool\/\",\"url\":\"https:\/\/www.francmobiliari.com\/es\/producto\/butacas-bool\/\",\"name\":\"BUTACAS BOOL - francmobiliari.com\",\"isPartOf\":{\"@id\":\"https:\/\/www.francmobiliari.com\/#website\"},\"primaryImageOfPage\":{\"@id\":\"https:\/\/www.francmobiliari.com\/es\/producto\/butacas-bool\/#primaryimage\"},\"image\":{\"@id\":\"https:\/\/www.francmobiliari.com\/es\/producto\/butacas-bool\/#primaryimage\"},\"thumbnailUrl\":\"https:\/\/www.francmobiliari.com\/wp-content\/uploads\/2025\/07\/MINIATURA-BOOL.jpg\",\"datePublished\":\"2025-07-17T15:46:30+00:00\",\"dateModified\":\"2025-08-04T14:54:14+00:00\",\"breadcrumb\":{\"@id\":\"https:\/\/www.francmobiliari.com\/es\/producto\/butacas-bool\/#breadcrumb\"},\"inLanguage\":\"es\",\"potentialAction\":[{\"@type\":\"ReadAction\",\"target\":[\"https:\/\/www.francmobiliari.com\/es\/producto\/butacas-bool\/\"]}]},{\"@type\":\"ImageObject\",\"inLanguage\":\"es\",\"@id\":\"https:\/\/www.francmobiliari.com\/es\/producto\/butacas-bool\/#primaryimage\",\"url\":\"https:\/\/www.francmobiliari.com\/wp-content\/uploads\/2025\/07\/MINIATURA-BOOL.jpg\",\"contentUrl\":\"https:\/\/www.francmobiliari.com\/wp-content\/uploads\/2025\/07\/MINIATURA-BOOL.jpg\",\"width\":1300,\"height\":975},{\"@type\":\"BreadcrumbList\",\"@id\":\"https:\/\/www.francmobiliari.com\/es\/producto\/butacas-bool\/#breadcrumb\",\"itemListElement\":[{\"@type\":\"ListItem\",\"position\":1,\"name\":\"Portada\",\"item\":\"https:\/\/www.francmobiliari.com\/es\/inicio\/\"},{\"@type\":\"ListItem\",\"position\":2,\"name\":\"Tienda\",\"item\":\"https:\/\/www.francmobiliari.com\/es\/tienda\/\"},{\"@type\":\"ListItem\",\"position\":3,\"name\":\"BUTACAS BOOL\"}]},{\"@type\":\"WebSite\",\"@id\":\"https:\/\/www.francmobiliari.com\/#website\",\"url\":\"https:\/\/www.francmobiliari.com\/\",\"name\":\"francmobiliari.com\",\"description\":\"\",\"publisher\":{\"@id\":\"https:\/\/www.francmobiliari.com\/#organization\"},\"potentialAction\":[{\"@type\":\"SearchAction\",\"target\":{\"@type\":\"EntryPoint\",\"urlTemplate\":\"https:\/\/www.francmobiliari.com\/?s={search_term_string}\"},\"query-input\":{\"@type\":\"PropertyValueSpecification\",\"valueRequired\":true,\"valueName\":\"search_term_string\"}}],\"inLanguage\":\"es\"},{\"@type\":\"Organization\",\"@id\":\"https:\/\/www.francmobiliari.com\/#organization\",\"name\":\"francmobiliari.com\",\"url\":\"https:\/\/www.francmobiliari.com\/\",\"logo\":{\"@type\":\"ImageObject\",\"inLanguage\":\"es\",\"@id\":\"https:\/\/www.francmobiliari.com\/#\/schema\/logo\/image\/\",\"url\":\"https:\/\/www.francmobiliari.com\/wp-content\/uploads\/2025\/07\/img-placeholder.png\",\"contentUrl\":\"https:\/\/www.francmobiliari.com\/wp-content\/uploads\/2025\/07\/img-placeholder.png\",\"width\":1500,\"height\":1500,\"caption\":\"francmobiliari.com\"},\"image\":{\"@id\":\"https:\/\/www.francmobiliari.com\/#\/schema\/logo\/image\/\"}}]}<\/script>\n<!-- \/ Yoast SEO plugin. -->","yoast_head_json":{"title":"BUTACAS BOOL - francmobiliari.com","robots":{"index":"index","follow":"follow","max-snippet":"max-snippet:-1","max-image-preview":"max-image-preview:large","max-video-preview":"max-video-preview:-1"},"canonical":"https:\/\/www.francmobiliari.com\/es\/producto\/butacas-bool\/","og_locale":"es_ES","og_type":"article","og_title":"BUTACAS BOOL - francmobiliari.com","og_description":"Mono carcasa tapizada con respaldo alto o bajo. Estructura giratoria de madera en roble. Varios tipos de tejidos y colores. Butacas pensadas para espacios abiertos, halls de hoteles o de empresas.   CAT\u00c1LOGO BUTACAS BOOL  FICHA T\u00c9CNICA BUTACAS BOOL  &nbsp; Butacas fabricadas sobre mono carcasa inyectada en poliuretano flexible de densidad 60 kg\/m\u00b3, sobre estructura de madera y metal. Tapizada con diferentes tipos de tejido.  Opci\u00f3n de respaldo bajo o respaldo alto. Este \u00faltimo con cabecero adicional de las mismas caracter\u00edsticas que el resto del cuerpo.  Brazos incorporados en el mismo cuerpo incluidos en la propia mono carcasa.  Tipo de estructura:      Giratoria de cuatro patas piramidales de madera.  Fija de 4 patas met\u00e1licas.  Fija con patas cruzadas tipo pat\u00edn.    &nbsp; ACABADOS PATAS DE MADERA: Color Roble.  ACABADOS PATAS MET\u00c1LICAS: Negro (RAL-9005), Blanco (RAL-9016), Vis\u00f3n (RAL-1019), Plata (RAL-9006), Antracita (RAL-7016) y Gris Claro (Light Grey).","og_url":"https:\/\/www.francmobiliari.com\/es\/producto\/butacas-bool\/","og_site_name":"francmobiliari.com","article_modified_time":"2025-08-04T14:54:14+00:00","og_image":[{"width":1300,"height":975,"url":"https:\/\/www.francmobiliari.com\/wp-content\/uploads\/2025\/07\/MINIATURA-BOOL.jpg","type":"image\/jpeg"}],"twitter_card":"summary_large_image","schema":{"@context":"https:\/\/schema.org","@graph":[{"@type":"WebPage","@id":"https:\/\/www.francmobiliari.com\/es\/producto\/butacas-bool\/","url":"https:\/\/www.francmobiliari.com\/es\/producto\/butacas-bool\/","name":"BUTACAS BOOL - francmobiliari.com","isPartOf":{"@id":"https:\/\/www.francmobiliari.com\/#website"},"primaryImageOfPage":{"@id":"https:\/\/www.francmobiliari.com\/es\/producto\/butacas-bool\/#primaryimage"},"image":{"@id":"https:\/\/www.francmobiliari.com\/es\/producto\/butacas-bool\/#primaryimage"},"thumbnailUrl":"https:\/\/www.francmobiliari.com\/wp-content\/uploads\/2025\/07\/MINIATURA-BOOL.jpg","datePublished":"2025-07-17T15:46:30+00:00","dateModified":"2025-08-04T14:54:14+00:00","breadcrumb":{"@id":"https:\/\/www.francmobiliari.com\/es\/producto\/butacas-bool\/#breadcrumb"},"inLanguage":"es","potentialAction":[{"@type":"ReadAction","target":["https:\/\/www.francmobiliari.com\/es\/producto\/butacas-bool\/"]}]},{"@type":"ImageObject","inLanguage":"es","@id":"https:\/\/www.francmobiliari.com\/es\/producto\/butacas-bool\/#primaryimage","url":"https:\/\/www.francmobiliari.com\/wp-content\/uploads\/2025\/07\/MINIATURA-BOOL.jpg","contentUrl":"https:\/\/www.francmobiliari.com\/wp-content\/uploads\/2025\/07\/MINIATURA-BOOL.jpg","width":1300,"height":975},{"@type":"BreadcrumbList","@id":"https:\/\/www.francmobiliari.com\/es\/producto\/butacas-bool\/#breadcrumb","itemListElement":[{"@type":"ListItem","position":1,"name":"Portada","item":"https:\/\/www.francmobiliari.com\/es\/inicio\/"},{"@type":"ListItem","position":2,"name":"Tienda","item":"https:\/\/www.francmobiliari.com\/es\/tienda\/"},{"@type":"ListItem","position":3,"name":"BUTACAS BOOL"}]},{"@type":"WebSite","@id":"https:\/\/www.francmobiliari.com\/#website","url":"https:\/\/www.francmobiliari.com\/","name":"francmobiliari.com","description":"","publisher":{"@id":"https:\/\/www.francmobiliari.com\/#organization"},"potentialAction":[{"@type":"SearchAction","target":{"@type":"EntryPoint","urlTemplate":"https:\/\/www.francmobiliari.com\/?s={search_term_string}"},"query-input":{"@type":"PropertyValueSpecification","valueRequired":true,"valueName":"search_term_string"}}],"inLanguage":"es"},{"@type":"Organization","@id":"https:\/\/www.francmobiliari.com\/#organization","name":"francmobiliari.com","url":"https:\/\/www.francmobiliari.com\/","logo":{"@type":"ImageObject","inLanguage":"es","@id":"https:\/\/www.francmobiliari.com\/#\/schema\/logo\/image\/","url":"https:\/\/www.francmobiliari.com\/wp-content\/uploads\/2025\/07\/img-placeholder.png","contentUrl":"https:\/\/www.francmobiliari.com\/wp-content\/uploads\/2025\/07\/img-placeholder.png","width":1500,"height":1500,"caption":"francmobiliari.com"},"image":{"@id":"https:\/\/www.francmobiliari.com\/#\/schema\/logo\/image\/"}}]}},"_links":{"self":[{"href":"https:\/\/www.francmobiliari.com\/es\/wp-json\/wp\/v2\/product\/6331","targetHints":{"allow":["GET"]}}],"collection":[{"href":"https:\/\/www.francmobiliari.com\/es\/wp-json\/wp\/v2\/product"}],"about":[{"href":"https:\/\/www.francmobiliari.com\/es\/wp-json\/wp\/v2\/types\/product"}],"wp:featuredmedia":[{"embeddable":true,"href":"https:\/\/www.francmobiliari.com\/es\/wp-json\/wp\/v2\/media\/3367"}],"wp:attachment":[{"href":"https:\/\/www.francmobiliari.com\/es\/wp-json\/wp\/v2\/media?parent=6331"}],"wp:term":[{"taxonomy":"product_brand","embeddable":true,"href":"https:\/\/www.francmobiliari.com\/es\/wp-json\/wp\/v2\/product_brand?post=6331"},{"taxonomy":"product_cat","embeddable":true,"href":"https:\/\/www.francmobiliari.com\/es\/wp-json\/wp\/v2\/product_cat?post=6331"},{"taxonomy":"product_tag","embeddable":true,"href":"https:\/\/www.francmobiliari.com\/es\/wp-json\/wp\/v2\/product_tag?post=6331"}],"curies":[{"name":"wp","href":"https:\/\/api.w.org\/{rel}","templated":true}]}}