{"id":6300,"date":"2025-07-17T17:46:30","date_gmt":"2025-07-17T15:46:30","guid":{"rendered":"https:\/\/www.francmobiliari.com\/producto\/mostrador-delta\/"},"modified":"2025-09-11T15:58:35","modified_gmt":"2025-09-11T13:58:35","slug":"mostrador-delta","status":"publish","type":"product","link":"https:\/\/www.francmobiliari.com\/es\/producto\/mostrador-delta\/","title":{"rendered":"MOSTRADOR DELTA"},"content":{"rendered":false,"protected":false},"excerpt":{"rendered":"<p>Fabricado con tableros de melamina de 25 mm de grosor. Con dos niveles. Con atril superior o sin \u00e9l. Posibilidad de iluminaci\u00f3n LED en el z\u00f3calo o en la parte inferior del atril.<\/p>\n<ul>\n<li><a href=\"https:\/\/www.francmobiliari.com\/wp-content\/uploads\/2022\/11\/CATALEG-MOSTRADOR-DELTA.pdf\" target=\"_blank\" rel=\"noopener\">CAT\u00c1LOGO MOSTRADOR DELTA<\/a><\/li>\n<li><a href=\"https:\/\/www.francmobiliari.com\/wp-content\/uploads\/2022\/11\/FITXA-TECNICA-MOSTRADOR-DELTA.pdf\" target=\"_blank\" rel=\"noopener\">FICHA T\u00c9CNICA MOSTRADOR DELTA<\/a><\/li>\n<\/ul>\n<p>&nbsp;<br \/>\nM\u00f3dulos rectos y en \u00e1ngulo de 90\u00ba. Encimera de trabajo y sobre superior realizados con tablero de melamina de 25 mm de grosor y cantos en ABS de 2 mm. Laterales realizados con tablero de melamina de 19 mm de grosor y cantos en ABS de 0,8 mm. Sobres con dos tapas pasacables en la encimera de trabajo. Interior con patas de tubo de secci\u00f3n cuadrada de 50 x 50 mm.<\/p>\n<p>Altillo superior de melamina de 19 mm de grosor y cantos en ABS de 2 mm. Opcional tapizado e iluminaci\u00f3n LED.<\/p>\n<p><b>MOSTRADOR DELTA PLUS<\/b><\/p>\n<p>M\u00f3dulos rectos y en \u00e1ngulo de 90\u00ba. Encimera de trabajo y sobre superior realizados con tablero de melamina de 25 mm de grosor y cantos en ABS de 2 mm. Laterales realizados con tablero de melamina de 19 mm de grosor y cantos en ABS de 0,8 mm. Sobres con dos tapas pasacables en la encimera de trabajo. Z\u00f3calo de melamina de 19 mm de grosor y cantos en ABS de 0,8 mm con opci\u00f3n de iluminaci\u00f3n LED. Interior con patas de tubo de secci\u00f3n cuadrada de 50 x 50 mm.<\/p>\n<p>Opcional encimera con fresado central para colocar pantalla. Soporte met\u00e1lico inferior, regulable en altura.<\/p>\n<p>Altillo superior de melamina de 19 mm de grosor y cantos en ABS de 2 mm. Opcional tapizado e iluminaci\u00f3n LED.<\/p>\n<p><b>ACABADOS MELAMINA:<\/b> Grafito, Plata, Blanco, Gris, Haya, Roble, Peral, Wengu\u00e9, Acacia Clara, Acacia Oscura, Casta\u00f1o Claro, Casta\u00f1o Oscuro y Negro.<\/p>\n<p><b>ACABADOS ESTRUCTURAS MET\u00c1LICAS:<\/b> Blanco (RAL-9016), Plata (RAL-9006), Grafito (RAL-7022) y Negro (RAL-9005)<\/p>\n","protected":false},"featured_media":3308,"template":"","meta":{"_acf_changed":false,"inline_featured_image":false,"_genesis_hide_title":false,"_genesis_hide_breadcrumbs":false,"_genesis_hide_singular_image":false,"_genesis_hide_footer_widgets":false,"_genesis_custom_body_class":"","_genesis_custom_post_class":"","_genesis_layout":"","_links_to":"","_links_to_target":""},"product_brand":[],"product_cat":[100],"product_tag":[],"class_list":{"0":"post-6300","1":"product","2":"type-product","3":"status-publish","4":"has-post-thumbnail","6":"product_cat-mostradores","7":"entry","9":"first","10":"instock","11":"shipping-taxable","12":"product-type-simple"},"acf":[],"yoast_head":"<!-- This site is optimized with the Yoast SEO plugin v26.2 - https:\/\/yoast.com\/wordpress\/plugins\/seo\/ -->\n<title>MOSTRADOR DELTA - francmobiliari.com<\/title>\n<meta name=\"robots\" content=\"index, follow, max-snippet:-1, max-image-preview:large, max-video-preview:-1\" \/>\n<link rel=\"canonical\" href=\"https:\/\/www.francmobiliari.com\/es\/producto\/mostrador-delta\/\" \/>\n<meta property=\"og:locale\" content=\"es_ES\" \/>\n<meta property=\"og:type\" content=\"article\" \/>\n<meta property=\"og:title\" content=\"MOSTRADOR DELTA - francmobiliari.com\" \/>\n<meta property=\"og:description\" content=\"Fabricado con tableros de melamina de 25 mm de grosor. Con dos niveles. Con atril superior o sin \u00e9l. Posibilidad de iluminaci\u00f3n LED en el z\u00f3calo o en la parte inferior del atril.   CAT\u00c1LOGO MOSTRADOR DELTA  FICHA T\u00c9CNICA MOSTRADOR DELTA  &nbsp; M\u00f3dulos rectos y en \u00e1ngulo de 90\u00ba. Encimera de trabajo y sobre superior realizados con tablero de melamina de 25 mm de grosor y cantos en ABS de 2 mm. Laterales realizados con tablero de melamina de 19 mm de grosor y cantos en ABS de 0,8 mm. Sobres con dos tapas pasacables en la encimera de trabajo. Interior con patas de tubo de secci\u00f3n cuadrada de 50 x 50 mm.  Altillo superior de melamina de 19 mm de grosor y cantos en ABS de 2 mm. Opcional tapizado e iluminaci\u00f3n LED.  MOSTRADOR DELTA PLUS  M\u00f3dulos rectos y en \u00e1ngulo de 90\u00ba. Encimera de trabajo y sobre superior realizados con tablero de melamina de 25 mm de grosor y cantos en ABS de 2 mm. Laterales realizados con tablero de melamina de 19 mm de grosor y cantos en ABS de 0,8 mm. Sobres con dos tapas pasacables en la encimera de trabajo. Z\u00f3calo de melamina de 19 mm de grosor y cantos en ABS de 0,8 mm con opci\u00f3n de iluminaci\u00f3n LED. Interior con patas de tubo de secci\u00f3n cuadrada de 50 x 50 mm.  Opcional encimera con fresado central para colocar pantalla. Soporte met\u00e1lico inferior, regulable en altura.  Altillo superior de melamina de 19 mm de grosor y cantos en ABS de 2 mm. Opcional tapizado e iluminaci\u00f3n LED.  ACABADOS MELAMINA: Grafito, Plata, Blanco, Gris, Haya, Roble, Peral, Wengu\u00e9, Acacia Clara, Acacia Oscura, Casta\u00f1o Claro, Casta\u00f1o Oscuro y Negro.  ACABADOS ESTRUCTURAS MET\u00c1LICAS: Blanco (RAL-9016), Plata (RAL-9006), Grafito (RAL-7022) y Negro (RAL-9005)\" \/>\n<meta property=\"og:url\" content=\"https:\/\/www.francmobiliari.com\/es\/producto\/mostrador-delta\/\" \/>\n<meta property=\"og:site_name\" content=\"francmobiliari.com\" \/>\n<meta property=\"article:modified_time\" content=\"2025-09-11T13:58:35+00:00\" \/>\n<meta property=\"og:image\" content=\"https:\/\/www.francmobiliari.com\/wp-content\/uploads\/2025\/07\/MINIATURA-MOSTRADOR-DELTA.jpg\" \/>\n\t<meta property=\"og:image:width\" content=\"1527\" \/>\n\t<meta property=\"og:image:height\" content=\"1080\" \/>\n\t<meta property=\"og:image:type\" content=\"image\/jpeg\" \/>\n<meta name=\"twitter:card\" content=\"summary_large_image\" \/>\n<script type=\"application\/ld+json\" class=\"yoast-schema-graph\">{\"@context\":\"https:\/\/schema.org\",\"@graph\":[{\"@type\":\"WebPage\",\"@id\":\"https:\/\/www.francmobiliari.com\/es\/producto\/mostrador-delta\/\",\"url\":\"https:\/\/www.francmobiliari.com\/es\/producto\/mostrador-delta\/\",\"name\":\"MOSTRADOR DELTA - francmobiliari.com\",\"isPartOf\":{\"@id\":\"https:\/\/www.francmobiliari.com\/#website\"},\"primaryImageOfPage\":{\"@id\":\"https:\/\/www.francmobiliari.com\/es\/producto\/mostrador-delta\/#primaryimage\"},\"image\":{\"@id\":\"https:\/\/www.francmobiliari.com\/es\/producto\/mostrador-delta\/#primaryimage\"},\"thumbnailUrl\":\"https:\/\/www.francmobiliari.com\/wp-content\/uploads\/2025\/07\/MINIATURA-MOSTRADOR-DELTA.jpg\",\"datePublished\":\"2025-07-17T15:46:30+00:00\",\"dateModified\":\"2025-09-11T13:58:35+00:00\",\"breadcrumb\":{\"@id\":\"https:\/\/www.francmobiliari.com\/es\/producto\/mostrador-delta\/#breadcrumb\"},\"inLanguage\":\"es\",\"potentialAction\":[{\"@type\":\"ReadAction\",\"target\":[\"https:\/\/www.francmobiliari.com\/es\/producto\/mostrador-delta\/\"]}]},{\"@type\":\"ImageObject\",\"inLanguage\":\"es\",\"@id\":\"https:\/\/www.francmobiliari.com\/es\/producto\/mostrador-delta\/#primaryimage\",\"url\":\"https:\/\/www.francmobiliari.com\/wp-content\/uploads\/2025\/07\/MINIATURA-MOSTRADOR-DELTA.jpg\",\"contentUrl\":\"https:\/\/www.francmobiliari.com\/wp-content\/uploads\/2025\/07\/MINIATURA-MOSTRADOR-DELTA.jpg\",\"width\":1527,\"height\":1080},{\"@type\":\"BreadcrumbList\",\"@id\":\"https:\/\/www.francmobiliari.com\/es\/producto\/mostrador-delta\/#breadcrumb\",\"itemListElement\":[{\"@type\":\"ListItem\",\"position\":1,\"name\":\"Portada\",\"item\":\"https:\/\/www.francmobiliari.com\/es\/inicio\/\"},{\"@type\":\"ListItem\",\"position\":2,\"name\":\"Tienda\",\"item\":\"https:\/\/www.francmobiliari.com\/es\/tienda\/\"},{\"@type\":\"ListItem\",\"position\":3,\"name\":\"MOSTRADOR DELTA\"}]},{\"@type\":\"WebSite\",\"@id\":\"https:\/\/www.francmobiliari.com\/#website\",\"url\":\"https:\/\/www.francmobiliari.com\/\",\"name\":\"francmobiliari.com\",\"description\":\"\",\"publisher\":{\"@id\":\"https:\/\/www.francmobiliari.com\/#organization\"},\"potentialAction\":[{\"@type\":\"SearchAction\",\"target\":{\"@type\":\"EntryPoint\",\"urlTemplate\":\"https:\/\/www.francmobiliari.com\/?s={search_term_string}\"},\"query-input\":{\"@type\":\"PropertyValueSpecification\",\"valueRequired\":true,\"valueName\":\"search_term_string\"}}],\"inLanguage\":\"es\"},{\"@type\":\"Organization\",\"@id\":\"https:\/\/www.francmobiliari.com\/#organization\",\"name\":\"francmobiliari.com\",\"url\":\"https:\/\/www.francmobiliari.com\/\",\"logo\":{\"@type\":\"ImageObject\",\"inLanguage\":\"es\",\"@id\":\"https:\/\/www.francmobiliari.com\/#\/schema\/logo\/image\/\",\"url\":\"https:\/\/www.francmobiliari.com\/wp-content\/uploads\/2025\/07\/img-placeholder.png\",\"contentUrl\":\"https:\/\/www.francmobiliari.com\/wp-content\/uploads\/2025\/07\/img-placeholder.png\",\"width\":1500,\"height\":1500,\"caption\":\"francmobiliari.com\"},\"image\":{\"@id\":\"https:\/\/www.francmobiliari.com\/#\/schema\/logo\/image\/\"}}]}<\/script>\n<!-- \/ Yoast SEO plugin. -->","yoast_head_json":{"title":"MOSTRADOR DELTA - francmobiliari.com","robots":{"index":"index","follow":"follow","max-snippet":"max-snippet:-1","max-image-preview":"max-image-preview:large","max-video-preview":"max-video-preview:-1"},"canonical":"https:\/\/www.francmobiliari.com\/es\/producto\/mostrador-delta\/","og_locale":"es_ES","og_type":"article","og_title":"MOSTRADOR DELTA - francmobiliari.com","og_description":"Fabricado con tableros de melamina de 25 mm de grosor. Con dos niveles. Con atril superior o sin \u00e9l. Posibilidad de iluminaci\u00f3n LED en el z\u00f3calo o en la parte inferior del atril.   CAT\u00c1LOGO MOSTRADOR DELTA  FICHA T\u00c9CNICA MOSTRADOR DELTA  &nbsp; M\u00f3dulos rectos y en \u00e1ngulo de 90\u00ba. Encimera de trabajo y sobre superior realizados con tablero de melamina de 25 mm de grosor y cantos en ABS de 2 mm. Laterales realizados con tablero de melamina de 19 mm de grosor y cantos en ABS de 0,8 mm. Sobres con dos tapas pasacables en la encimera de trabajo. Interior con patas de tubo de secci\u00f3n cuadrada de 50 x 50 mm.  Altillo superior de melamina de 19 mm de grosor y cantos en ABS de 2 mm. Opcional tapizado e iluminaci\u00f3n LED.  MOSTRADOR DELTA PLUS  M\u00f3dulos rectos y en \u00e1ngulo de 90\u00ba. Encimera de trabajo y sobre superior realizados con tablero de melamina de 25 mm de grosor y cantos en ABS de 2 mm. Laterales realizados con tablero de melamina de 19 mm de grosor y cantos en ABS de 0,8 mm. Sobres con dos tapas pasacables en la encimera de trabajo. Z\u00f3calo de melamina de 19 mm de grosor y cantos en ABS de 0,8 mm con opci\u00f3n de iluminaci\u00f3n LED. Interior con patas de tubo de secci\u00f3n cuadrada de 50 x 50 mm.  Opcional encimera con fresado central para colocar pantalla. Soporte met\u00e1lico inferior, regulable en altura.  Altillo superior de melamina de 19 mm de grosor y cantos en ABS de 2 mm. Opcional tapizado e iluminaci\u00f3n LED.  ACABADOS MELAMINA: Grafito, Plata, Blanco, Gris, Haya, Roble, Peral, Wengu\u00e9, Acacia Clara, Acacia Oscura, Casta\u00f1o Claro, Casta\u00f1o Oscuro y Negro.  ACABADOS ESTRUCTURAS MET\u00c1LICAS: Blanco (RAL-9016), Plata (RAL-9006), Grafito (RAL-7022) y Negro (RAL-9005)","og_url":"https:\/\/www.francmobiliari.com\/es\/producto\/mostrador-delta\/","og_site_name":"francmobiliari.com","article_modified_time":"2025-09-11T13:58:35+00:00","og_image":[{"width":1527,"height":1080,"url":"https:\/\/www.francmobiliari.com\/wp-content\/uploads\/2025\/07\/MINIATURA-MOSTRADOR-DELTA.jpg","type":"image\/jpeg"}],"twitter_card":"summary_large_image","schema":{"@context":"https:\/\/schema.org","@graph":[{"@type":"WebPage","@id":"https:\/\/www.francmobiliari.com\/es\/producto\/mostrador-delta\/","url":"https:\/\/www.francmobiliari.com\/es\/producto\/mostrador-delta\/","name":"MOSTRADOR DELTA - francmobiliari.com","isPartOf":{"@id":"https:\/\/www.francmobiliari.com\/#website"},"primaryImageOfPage":{"@id":"https:\/\/www.francmobiliari.com\/es\/producto\/mostrador-delta\/#primaryimage"},"image":{"@id":"https:\/\/www.francmobiliari.com\/es\/producto\/mostrador-delta\/#primaryimage"},"thumbnailUrl":"https:\/\/www.francmobiliari.com\/wp-content\/uploads\/2025\/07\/MINIATURA-MOSTRADOR-DELTA.jpg","datePublished":"2025-07-17T15:46:30+00:00","dateModified":"2025-09-11T13:58:35+00:00","breadcrumb":{"@id":"https:\/\/www.francmobiliari.com\/es\/producto\/mostrador-delta\/#breadcrumb"},"inLanguage":"es","potentialAction":[{"@type":"ReadAction","target":["https:\/\/www.francmobiliari.com\/es\/producto\/mostrador-delta\/"]}]},{"@type":"ImageObject","inLanguage":"es","@id":"https:\/\/www.francmobiliari.com\/es\/producto\/mostrador-delta\/#primaryimage","url":"https:\/\/www.francmobiliari.com\/wp-content\/uploads\/2025\/07\/MINIATURA-MOSTRADOR-DELTA.jpg","contentUrl":"https:\/\/www.francmobiliari.com\/wp-content\/uploads\/2025\/07\/MINIATURA-MOSTRADOR-DELTA.jpg","width":1527,"height":1080},{"@type":"BreadcrumbList","@id":"https:\/\/www.francmobiliari.com\/es\/producto\/mostrador-delta\/#breadcrumb","itemListElement":[{"@type":"ListItem","position":1,"name":"Portada","item":"https:\/\/www.francmobiliari.com\/es\/inicio\/"},{"@type":"ListItem","position":2,"name":"Tienda","item":"https:\/\/www.francmobiliari.com\/es\/tienda\/"},{"@type":"ListItem","position":3,"name":"MOSTRADOR DELTA"}]},{"@type":"WebSite","@id":"https:\/\/www.francmobiliari.com\/#website","url":"https:\/\/www.francmobiliari.com\/","name":"francmobiliari.com","description":"","publisher":{"@id":"https:\/\/www.francmobiliari.com\/#organization"},"potentialAction":[{"@type":"SearchAction","target":{"@type":"EntryPoint","urlTemplate":"https:\/\/www.francmobiliari.com\/?s={search_term_string}"},"query-input":{"@type":"PropertyValueSpecification","valueRequired":true,"valueName":"search_term_string"}}],"inLanguage":"es"},{"@type":"Organization","@id":"https:\/\/www.francmobiliari.com\/#organization","name":"francmobiliari.com","url":"https:\/\/www.francmobiliari.com\/","logo":{"@type":"ImageObject","inLanguage":"es","@id":"https:\/\/www.francmobiliari.com\/#\/schema\/logo\/image\/","url":"https:\/\/www.francmobiliari.com\/wp-content\/uploads\/2025\/07\/img-placeholder.png","contentUrl":"https:\/\/www.francmobiliari.com\/wp-content\/uploads\/2025\/07\/img-placeholder.png","width":1500,"height":1500,"caption":"francmobiliari.com"},"image":{"@id":"https:\/\/www.francmobiliari.com\/#\/schema\/logo\/image\/"}}]}},"_links":{"self":[{"href":"https:\/\/www.francmobiliari.com\/es\/wp-json\/wp\/v2\/product\/6300","targetHints":{"allow":["GET"]}}],"collection":[{"href":"https:\/\/www.francmobiliari.com\/es\/wp-json\/wp\/v2\/product"}],"about":[{"href":"https:\/\/www.francmobiliari.com\/es\/wp-json\/wp\/v2\/types\/product"}],"wp:featuredmedia":[{"embeddable":true,"href":"https:\/\/www.francmobiliari.com\/es\/wp-json\/wp\/v2\/media\/3308"}],"wp:attachment":[{"href":"https:\/\/www.francmobiliari.com\/es\/wp-json\/wp\/v2\/media?parent=6300"}],"wp:term":[{"taxonomy":"product_brand","embeddable":true,"href":"https:\/\/www.francmobiliari.com\/es\/wp-json\/wp\/v2\/product_brand?post=6300"},{"taxonomy":"product_cat","embeddable":true,"href":"https:\/\/www.francmobiliari.com\/es\/wp-json\/wp\/v2\/product_cat?post=6300"},{"taxonomy":"product_tag","embeddable":true,"href":"https:\/\/www.francmobiliari.com\/es\/wp-json\/wp\/v2\/product_tag?post=6300"}],"curies":[{"name":"wp","href":"https:\/\/api.w.org\/{rel}","templated":true}]}}