{"id":6299,"date":"2025-07-17T17:46:06","date_gmt":"2025-07-17T15:46:06","guid":{"rendered":"https:\/\/www.francmobiliari.com\/producto\/mostrador-z2\/"},"modified":"2025-09-11T16:08:58","modified_gmt":"2025-09-11T14:08:58","slug":"mostrador-z2","status":"publish","type":"product","link":"https:\/\/www.francmobiliari.com\/es\/producto\/mostrador-z2\/","title":{"rendered":"MOSTRADOR Z2"},"content":{"rendered":false,"protected":false},"excerpt":{"rendered":"<p>Fabricado en tableros de melamina de 25 mm de grosor. Atril superior en melamina o lacado. Permite iluminaci\u00f3n LED.<\/p>\n<ul>\n<li><a style=\"color: var(--wd-text-color);\" href=\"https:\/\/www.francmobiliari.com\/wp-content\/uploads\/2022\/11\/FITXA-TECNICA-MOSTRADOR-Z2.pdf\" target=\"_blank\" rel=\"noopener\">FICHA T\u00c9CNICA MOSTRADOR Z2<\/a><\/li>\n<\/ul>\n<p style=\"font-weight: 400;\">M\u00f3dulos rectos y en \u00e1ngulo de 90\u00ba, realizados con tablero de melamina de 25 mm de grosor y cantos en ABS de 2 mm. Con repisa horizontal de 200 mm de profundidad unida a 45\u00ba con el frontal vertical. Sobres de melamina de 30 mm de grosor. Densidad del panel 670\/730 kg\/m\u00b3.<\/p>\n<p style=\"font-weight: 400;\">Aplique superior decorativo, realizado con tablero de melamina antirreflejos y antiara\u00f1azos de f\u00e1cil limpieza, de 30 mm de grosor y con cantos en ABS de 2 mm. Repisa superior de 350 mm de profundidad y panel frontal unidos en bisel de 45\u00ba. Opci\u00f3n en lacado y en piel.<\/p>\n<p style=\"font-weight: 400;\">Interior con patas de tubo de secci\u00f3n cuadrada de 50 x 50 mm.<\/p>\n<p style=\"font-weight: 400;\">Iluminaci\u00f3n LED opcional, para la zona frontal del mostrador o para la zona del sobre de trabajo.<\/p>\n<p style=\"font-weight: 400;\">ACABADOS MELAMINA: Blanco, Cemento, Eucalipto, Olmo, Nogal Canaletto, Roble y Olmo Blanqueado.<\/p>\n<p style=\"font-weight: 400;\">ACABADOS DE LACADO APLIQUE: Blanco, Blanco Gris\u00e1ceo, Gris Seda, Beige Claro, Beige, Gris Beige, Marr\u00f3n Oscuro, Amarillo Mostaza, Naranja, Naranja Quemado, Rojo Vivo, Rojo P\u00farpura, Burdeos, Azul Zafiro, Azul Cobalto, Azul Paloma, Azul Oc\u00e9ano, Verde Pino, Verde Oliva, Gris Tel\u00e9, Gris, Gris Grafito y Negro.<\/p>\n<p style=\"font-weight: 400;\">ACABADOS DE PIEL APLIQUE: Rojo, Marr\u00f3n, Antracita y Negro.<\/p>\n<p style=\"font-weight: 400;\">ACABADOS ESTRUCTURAS MET\u00c1LICAS: Blanco y Plata.<\/p>\n","protected":false},"featured_media":3298,"template":"","meta":{"_acf_changed":false,"inline_featured_image":false,"_genesis_hide_title":false,"_genesis_hide_breadcrumbs":false,"_genesis_hide_singular_image":false,"_genesis_hide_footer_widgets":false,"_genesis_custom_body_class":"","_genesis_custom_post_class":"","_genesis_layout":"","_links_to":"","_links_to_target":""},"product_brand":[],"product_cat":[100],"product_tag":[],"class_list":{"0":"post-6299","1":"product","2":"type-product","3":"status-publish","4":"has-post-thumbnail","6":"product_cat-mostradores","7":"entry","9":"first","10":"instock","11":"shipping-taxable","12":"product-type-simple"},"acf":[],"yoast_head":"<!-- This site is optimized with the Yoast SEO plugin v26.2 - https:\/\/yoast.com\/wordpress\/plugins\/seo\/ -->\n<title>MOSTRADOR Z2 - francmobiliari.com<\/title>\n<meta name=\"robots\" content=\"index, follow, max-snippet:-1, max-image-preview:large, max-video-preview:-1\" \/>\n<link rel=\"canonical\" href=\"https:\/\/www.francmobiliari.com\/es\/producto\/mostrador-z2\/\" \/>\n<meta property=\"og:locale\" content=\"es_ES\" \/>\n<meta property=\"og:type\" content=\"article\" \/>\n<meta property=\"og:title\" content=\"MOSTRADOR Z2 - francmobiliari.com\" \/>\n<meta property=\"og:description\" content=\"Fabricado en tableros de melamina de 25 mm de grosor. Atril superior en melamina o lacado. Permite iluminaci\u00f3n LED.   FICHA T\u00c9CNICA MOSTRADOR Z2  M\u00f3dulos rectos y en \u00e1ngulo de 90\u00ba, realizados con tablero de melamina de 25 mm de grosor y cantos en ABS de 2 mm. Con repisa horizontal de 200 mm de profundidad unida a 45\u00ba con el frontal vertical. Sobres de melamina de 30 mm de grosor. Densidad del panel 670\/730 kg\/m\u00b3. Aplique superior decorativo, realizado con tablero de melamina antirreflejos y antiara\u00f1azos de f\u00e1cil limpieza, de 30 mm de grosor y con cantos en ABS de 2 mm. Repisa superior de 350 mm de profundidad y panel frontal unidos en bisel de 45\u00ba. Opci\u00f3n en lacado y en piel. Interior con patas de tubo de secci\u00f3n cuadrada de 50 x 50 mm. Iluminaci\u00f3n LED opcional, para la zona frontal del mostrador o para la zona del sobre de trabajo. ACABADOS MELAMINA: Blanco, Cemento, Eucalipto, Olmo, Nogal Canaletto, Roble y Olmo Blanqueado. ACABADOS DE LACADO APLIQUE: Blanco, Blanco Gris\u00e1ceo, Gris Seda, Beige Claro, Beige, Gris Beige, Marr\u00f3n Oscuro, Amarillo Mostaza, Naranja, Naranja Quemado, Rojo Vivo, Rojo P\u00farpura, Burdeos, Azul Zafiro, Azul Cobalto, Azul Paloma, Azul Oc\u00e9ano, Verde Pino, Verde Oliva, Gris Tel\u00e9, Gris, Gris Grafito y Negro. ACABADOS DE PIEL APLIQUE: Rojo, Marr\u00f3n, Antracita y Negro. ACABADOS ESTRUCTURAS MET\u00c1LICAS: Blanco y Plata.\" \/>\n<meta property=\"og:url\" content=\"https:\/\/www.francmobiliari.com\/es\/producto\/mostrador-z2\/\" \/>\n<meta property=\"og:site_name\" content=\"francmobiliari.com\" \/>\n<meta property=\"article:modified_time\" content=\"2025-09-11T14:08:58+00:00\" \/>\n<meta property=\"og:image\" content=\"https:\/\/www.francmobiliari.com\/wp-content\/uploads\/2025\/07\/MINIATURA-MOSTRADOR-Z2-scaled-1.jpg\" \/>\n\t<meta property=\"og:image:width\" content=\"2107\" \/>\n\t<meta property=\"og:image:height\" content=\"2560\" \/>\n\t<meta property=\"og:image:type\" content=\"image\/jpeg\" \/>\n<meta name=\"twitter:card\" content=\"summary_large_image\" \/>\n<script type=\"application\/ld+json\" class=\"yoast-schema-graph\">{\"@context\":\"https:\/\/schema.org\",\"@graph\":[{\"@type\":\"WebPage\",\"@id\":\"https:\/\/www.francmobiliari.com\/es\/producto\/mostrador-z2\/\",\"url\":\"https:\/\/www.francmobiliari.com\/es\/producto\/mostrador-z2\/\",\"name\":\"MOSTRADOR Z2 - francmobiliari.com\",\"isPartOf\":{\"@id\":\"https:\/\/www.francmobiliari.com\/#website\"},\"primaryImageOfPage\":{\"@id\":\"https:\/\/www.francmobiliari.com\/es\/producto\/mostrador-z2\/#primaryimage\"},\"image\":{\"@id\":\"https:\/\/www.francmobiliari.com\/es\/producto\/mostrador-z2\/#primaryimage\"},\"thumbnailUrl\":\"https:\/\/www.francmobiliari.com\/wp-content\/uploads\/2025\/07\/MINIATURA-MOSTRADOR-Z2-scaled-1.jpg\",\"datePublished\":\"2025-07-17T15:46:06+00:00\",\"dateModified\":\"2025-09-11T14:08:58+00:00\",\"breadcrumb\":{\"@id\":\"https:\/\/www.francmobiliari.com\/es\/producto\/mostrador-z2\/#breadcrumb\"},\"inLanguage\":\"es\",\"potentialAction\":[{\"@type\":\"ReadAction\",\"target\":[\"https:\/\/www.francmobiliari.com\/es\/producto\/mostrador-z2\/\"]}]},{\"@type\":\"ImageObject\",\"inLanguage\":\"es\",\"@id\":\"https:\/\/www.francmobiliari.com\/es\/producto\/mostrador-z2\/#primaryimage\",\"url\":\"https:\/\/www.francmobiliari.com\/wp-content\/uploads\/2025\/07\/MINIATURA-MOSTRADOR-Z2-scaled-1.jpg\",\"contentUrl\":\"https:\/\/www.francmobiliari.com\/wp-content\/uploads\/2025\/07\/MINIATURA-MOSTRADOR-Z2-scaled-1.jpg\",\"width\":2107,\"height\":2560},{\"@type\":\"BreadcrumbList\",\"@id\":\"https:\/\/www.francmobiliari.com\/es\/producto\/mostrador-z2\/#breadcrumb\",\"itemListElement\":[{\"@type\":\"ListItem\",\"position\":1,\"name\":\"Portada\",\"item\":\"https:\/\/www.francmobiliari.com\/es\/inicio\/\"},{\"@type\":\"ListItem\",\"position\":2,\"name\":\"Tienda\",\"item\":\"https:\/\/www.francmobiliari.com\/es\/tienda\/\"},{\"@type\":\"ListItem\",\"position\":3,\"name\":\"MOSTRADOR Z2\"}]},{\"@type\":\"WebSite\",\"@id\":\"https:\/\/www.francmobiliari.com\/#website\",\"url\":\"https:\/\/www.francmobiliari.com\/\",\"name\":\"francmobiliari.com\",\"description\":\"\",\"publisher\":{\"@id\":\"https:\/\/www.francmobiliari.com\/#organization\"},\"potentialAction\":[{\"@type\":\"SearchAction\",\"target\":{\"@type\":\"EntryPoint\",\"urlTemplate\":\"https:\/\/www.francmobiliari.com\/?s={search_term_string}\"},\"query-input\":{\"@type\":\"PropertyValueSpecification\",\"valueRequired\":true,\"valueName\":\"search_term_string\"}}],\"inLanguage\":\"es\"},{\"@type\":\"Organization\",\"@id\":\"https:\/\/www.francmobiliari.com\/#organization\",\"name\":\"francmobiliari.com\",\"url\":\"https:\/\/www.francmobiliari.com\/\",\"logo\":{\"@type\":\"ImageObject\",\"inLanguage\":\"es\",\"@id\":\"https:\/\/www.francmobiliari.com\/#\/schema\/logo\/image\/\",\"url\":\"https:\/\/www.francmobiliari.com\/wp-content\/uploads\/2025\/07\/img-placeholder.png\",\"contentUrl\":\"https:\/\/www.francmobiliari.com\/wp-content\/uploads\/2025\/07\/img-placeholder.png\",\"width\":1500,\"height\":1500,\"caption\":\"francmobiliari.com\"},\"image\":{\"@id\":\"https:\/\/www.francmobiliari.com\/#\/schema\/logo\/image\/\"}}]}<\/script>\n<!-- \/ Yoast SEO plugin. -->","yoast_head_json":{"title":"MOSTRADOR Z2 - francmobiliari.com","robots":{"index":"index","follow":"follow","max-snippet":"max-snippet:-1","max-image-preview":"max-image-preview:large","max-video-preview":"max-video-preview:-1"},"canonical":"https:\/\/www.francmobiliari.com\/es\/producto\/mostrador-z2\/","og_locale":"es_ES","og_type":"article","og_title":"MOSTRADOR Z2 - francmobiliari.com","og_description":"Fabricado en tableros de melamina de 25 mm de grosor. Atril superior en melamina o lacado. Permite iluminaci\u00f3n LED.   FICHA T\u00c9CNICA MOSTRADOR Z2  M\u00f3dulos rectos y en \u00e1ngulo de 90\u00ba, realizados con tablero de melamina de 25 mm de grosor y cantos en ABS de 2 mm. Con repisa horizontal de 200 mm de profundidad unida a 45\u00ba con el frontal vertical. Sobres de melamina de 30 mm de grosor. Densidad del panel 670\/730 kg\/m\u00b3. Aplique superior decorativo, realizado con tablero de melamina antirreflejos y antiara\u00f1azos de f\u00e1cil limpieza, de 30 mm de grosor y con cantos en ABS de 2 mm. Repisa superior de 350 mm de profundidad y panel frontal unidos en bisel de 45\u00ba. Opci\u00f3n en lacado y en piel. Interior con patas de tubo de secci\u00f3n cuadrada de 50 x 50 mm. Iluminaci\u00f3n LED opcional, para la zona frontal del mostrador o para la zona del sobre de trabajo. ACABADOS MELAMINA: Blanco, Cemento, Eucalipto, Olmo, Nogal Canaletto, Roble y Olmo Blanqueado. ACABADOS DE LACADO APLIQUE: Blanco, Blanco Gris\u00e1ceo, Gris Seda, Beige Claro, Beige, Gris Beige, Marr\u00f3n Oscuro, Amarillo Mostaza, Naranja, Naranja Quemado, Rojo Vivo, Rojo P\u00farpura, Burdeos, Azul Zafiro, Azul Cobalto, Azul Paloma, Azul Oc\u00e9ano, Verde Pino, Verde Oliva, Gris Tel\u00e9, Gris, Gris Grafito y Negro. ACABADOS DE PIEL APLIQUE: Rojo, Marr\u00f3n, Antracita y Negro. ACABADOS ESTRUCTURAS MET\u00c1LICAS: Blanco y Plata.","og_url":"https:\/\/www.francmobiliari.com\/es\/producto\/mostrador-z2\/","og_site_name":"francmobiliari.com","article_modified_time":"2025-09-11T14:08:58+00:00","og_image":[{"width":2107,"height":2560,"url":"https:\/\/www.francmobiliari.com\/wp-content\/uploads\/2025\/07\/MINIATURA-MOSTRADOR-Z2-scaled-1.jpg","type":"image\/jpeg"}],"twitter_card":"summary_large_image","schema":{"@context":"https:\/\/schema.org","@graph":[{"@type":"WebPage","@id":"https:\/\/www.francmobiliari.com\/es\/producto\/mostrador-z2\/","url":"https:\/\/www.francmobiliari.com\/es\/producto\/mostrador-z2\/","name":"MOSTRADOR Z2 - francmobiliari.com","isPartOf":{"@id":"https:\/\/www.francmobiliari.com\/#website"},"primaryImageOfPage":{"@id":"https:\/\/www.francmobiliari.com\/es\/producto\/mostrador-z2\/#primaryimage"},"image":{"@id":"https:\/\/www.francmobiliari.com\/es\/producto\/mostrador-z2\/#primaryimage"},"thumbnailUrl":"https:\/\/www.francmobiliari.com\/wp-content\/uploads\/2025\/07\/MINIATURA-MOSTRADOR-Z2-scaled-1.jpg","datePublished":"2025-07-17T15:46:06+00:00","dateModified":"2025-09-11T14:08:58+00:00","breadcrumb":{"@id":"https:\/\/www.francmobiliari.com\/es\/producto\/mostrador-z2\/#breadcrumb"},"inLanguage":"es","potentialAction":[{"@type":"ReadAction","target":["https:\/\/www.francmobiliari.com\/es\/producto\/mostrador-z2\/"]}]},{"@type":"ImageObject","inLanguage":"es","@id":"https:\/\/www.francmobiliari.com\/es\/producto\/mostrador-z2\/#primaryimage","url":"https:\/\/www.francmobiliari.com\/wp-content\/uploads\/2025\/07\/MINIATURA-MOSTRADOR-Z2-scaled-1.jpg","contentUrl":"https:\/\/www.francmobiliari.com\/wp-content\/uploads\/2025\/07\/MINIATURA-MOSTRADOR-Z2-scaled-1.jpg","width":2107,"height":2560},{"@type":"BreadcrumbList","@id":"https:\/\/www.francmobiliari.com\/es\/producto\/mostrador-z2\/#breadcrumb","itemListElement":[{"@type":"ListItem","position":1,"name":"Portada","item":"https:\/\/www.francmobiliari.com\/es\/inicio\/"},{"@type":"ListItem","position":2,"name":"Tienda","item":"https:\/\/www.francmobiliari.com\/es\/tienda\/"},{"@type":"ListItem","position":3,"name":"MOSTRADOR Z2"}]},{"@type":"WebSite","@id":"https:\/\/www.francmobiliari.com\/#website","url":"https:\/\/www.francmobiliari.com\/","name":"francmobiliari.com","description":"","publisher":{"@id":"https:\/\/www.francmobiliari.com\/#organization"},"potentialAction":[{"@type":"SearchAction","target":{"@type":"EntryPoint","urlTemplate":"https:\/\/www.francmobiliari.com\/?s={search_term_string}"},"query-input":{"@type":"PropertyValueSpecification","valueRequired":true,"valueName":"search_term_string"}}],"inLanguage":"es"},{"@type":"Organization","@id":"https:\/\/www.francmobiliari.com\/#organization","name":"francmobiliari.com","url":"https:\/\/www.francmobiliari.com\/","logo":{"@type":"ImageObject","inLanguage":"es","@id":"https:\/\/www.francmobiliari.com\/#\/schema\/logo\/image\/","url":"https:\/\/www.francmobiliari.com\/wp-content\/uploads\/2025\/07\/img-placeholder.png","contentUrl":"https:\/\/www.francmobiliari.com\/wp-content\/uploads\/2025\/07\/img-placeholder.png","width":1500,"height":1500,"caption":"francmobiliari.com"},"image":{"@id":"https:\/\/www.francmobiliari.com\/#\/schema\/logo\/image\/"}}]}},"_links":{"self":[{"href":"https:\/\/www.francmobiliari.com\/es\/wp-json\/wp\/v2\/product\/6299","targetHints":{"allow":["GET"]}}],"collection":[{"href":"https:\/\/www.francmobiliari.com\/es\/wp-json\/wp\/v2\/product"}],"about":[{"href":"https:\/\/www.francmobiliari.com\/es\/wp-json\/wp\/v2\/types\/product"}],"wp:featuredmedia":[{"embeddable":true,"href":"https:\/\/www.francmobiliari.com\/es\/wp-json\/wp\/v2\/media\/3298"}],"wp:attachment":[{"href":"https:\/\/www.francmobiliari.com\/es\/wp-json\/wp\/v2\/media?parent=6299"}],"wp:term":[{"taxonomy":"product_brand","embeddable":true,"href":"https:\/\/www.francmobiliari.com\/es\/wp-json\/wp\/v2\/product_brand?post=6299"},{"taxonomy":"product_cat","embeddable":true,"href":"https:\/\/www.francmobiliari.com\/es\/wp-json\/wp\/v2\/product_cat?post=6299"},{"taxonomy":"product_tag","embeddable":true,"href":"https:\/\/www.francmobiliari.com\/es\/wp-json\/wp\/v2\/product_tag?post=6299"}],"curies":[{"name":"wp","href":"https:\/\/api.w.org\/{rel}","templated":true}]}}