{"id":6296,"date":"2025-07-31T00:37:06","date_gmt":"2025-07-30T22:37:06","guid":{"rendered":"https:\/\/www.francmobiliari.com\/producto\/mostrador-z1-2\/"},"modified":"2025-09-10T23:36:02","modified_gmt":"2025-09-10T21:36:02","slug":"mostrador-z1","status":"publish","type":"product","link":"https:\/\/www.francmobiliari.com\/es\/producto\/mostrador-z1\/","title":{"rendered":"MOSTRADOR Z1"},"content":{"rendered":false,"protected":false},"excerpt":{"rendered":"<p>Fabricado con tableros de melamina lacada de 30 mm de grosor. Aplique superior de melamina lacada de 18 mm de grosor. Disponible en 18 colores. Z\u00f3calo de aluminio. Iluminaci\u00f3n LED opcional en la parte intermedia o en el z\u00f3calo.<\/p>\n<ul>\n<li><a href=\"https:\/\/www.francmobiliari.com\/wp-content\/uploads\/2022\/11\/FITXA-TECNICA-MOSTRADOR-Z1.pdf\" target=\"_blank\" rel=\"noopener\">FICHA T\u00c9CNICA MOSTRADOR Z1<\/a><\/li>\n<\/ul>\n<p>Mostrador con sobre y laterales estructurales fabricados con tablero de melamina de 30 mm de grosor, con cantos en ABS de 2 mm, lacados en mate. Esquinas en bisel de 45\u00ba. Aplique superior fabricado con melamina de 18 y 30 mm de grosor. Patas interiores de tubo met\u00e1lico de 50 x 50 mm de secci\u00f3n. Z\u00f3calo de aluminio anodizado 6060. Interior con tapa abatible en el sobre de trabajo para acceder al cableado.<\/p>\n<p>Iluminaci\u00f3n opcional con tira LED de luz fr\u00eda en el z\u00f3calo y tira decorativa central.<\/p>\n<p>ACABADOS DE LACA: Blanco, Blanco Gris\u00e1ceo, Gris Seda, Beige Claro, Beige, Gris Beige, Marr\u00f3n Oscuro, Amarillo Mostaza, Naranja, Naranja Quemado, Rojo Vivo, Rojo P\u00farpura, Burdeos, Azul Zafiro, Azul Cobalto, Azul Paloma, Azul Oc\u00e9ano, Verde Pino, Verde Oliva, Gris Tel\u00e9, Gris, Gris Grafito y Negro.<\/p>\n<p>ACABADOS ESTRUCTURAS MET\u00c1LICAS: Blanco y Gris antracita.<\/p>\n","protected":false},"featured_media":6040,"template":"","meta":{"_acf_changed":false,"inline_featured_image":false,"_genesis_hide_title":false,"_genesis_hide_breadcrumbs":false,"_genesis_hide_singular_image":false,"_genesis_hide_footer_widgets":false,"_genesis_custom_body_class":"","_genesis_custom_post_class":"","_genesis_layout":"","_links_to":"","_links_to_target":""},"product_brand":[],"product_cat":[99,100],"product_tag":[],"class_list":{"0":"post-6296","1":"product","2":"type-product","3":"status-publish","4":"has-post-thumbnail","6":"product_cat-recepcions","7":"product_cat-mostradores","8":"entry","10":"first","11":"instock","12":"shipping-taxable","13":"product-type-simple"},"acf":[],"yoast_head":"<!-- This site is optimized with the Yoast SEO plugin v26.2 - https:\/\/yoast.com\/wordpress\/plugins\/seo\/ -->\n<title>MOSTRADOR Z1 - francmobiliari.com<\/title>\n<meta name=\"robots\" content=\"index, follow, max-snippet:-1, max-image-preview:large, max-video-preview:-1\" \/>\n<link rel=\"canonical\" href=\"https:\/\/www.francmobiliari.com\/es\/producto\/mostrador-z1\/\" \/>\n<meta property=\"og:locale\" content=\"es_ES\" \/>\n<meta property=\"og:type\" content=\"article\" \/>\n<meta property=\"og:title\" content=\"MOSTRADOR Z1 - francmobiliari.com\" \/>\n<meta property=\"og:description\" content=\"Fabricado con tableros de melamina lacada de 30 mm de grosor. Aplique superior de melamina lacada de 18 mm de grosor. Disponible en 18 colores. Z\u00f3calo de aluminio. Iluminaci\u00f3n LED opcional en la parte intermedia o en el z\u00f3calo.   FICHA T\u00c9CNICA MOSTRADOR Z1  Mostrador con sobre y laterales estructurales fabricados con tablero de melamina de 30 mm de grosor, con cantos en ABS de 2 mm, lacados en mate. Esquinas en bisel de 45\u00ba. Aplique superior fabricado con melamina de 18 y 30 mm de grosor. Patas interiores de tubo met\u00e1lico de 50 x 50 mm de secci\u00f3n. Z\u00f3calo de aluminio anodizado 6060. Interior con tapa abatible en el sobre de trabajo para acceder al cableado.  Iluminaci\u00f3n opcional con tira LED de luz fr\u00eda en el z\u00f3calo y tira decorativa central.  ACABADOS DE LACA: Blanco, Blanco Gris\u00e1ceo, Gris Seda, Beige Claro, Beige, Gris Beige, Marr\u00f3n Oscuro, Amarillo Mostaza, Naranja, Naranja Quemado, Rojo Vivo, Rojo P\u00farpura, Burdeos, Azul Zafiro, Azul Cobalto, Azul Paloma, Azul Oc\u00e9ano, Verde Pino, Verde Oliva, Gris Tel\u00e9, Gris, Gris Grafito y Negro.  ACABADOS ESTRUCTURAS MET\u00c1LICAS: Blanco y Gris antracita.\" \/>\n<meta property=\"og:url\" content=\"https:\/\/www.francmobiliari.com\/es\/producto\/mostrador-z1\/\" \/>\n<meta property=\"og:site_name\" content=\"francmobiliari.com\" \/>\n<meta property=\"article:modified_time\" content=\"2025-09-10T21:36:02+00:00\" \/>\n<meta property=\"og:image\" content=\"https:\/\/www.francmobiliari.com\/wp-content\/uploads\/2025\/07\/MINIATURA-MOSTADOR-Z1-scaled-2.jpg\" \/>\n\t<meta property=\"og:image:width\" content=\"1808\" \/>\n\t<meta property=\"og:image:height\" content=\"2560\" \/>\n\t<meta property=\"og:image:type\" content=\"image\/jpeg\" \/>\n<meta name=\"twitter:card\" content=\"summary_large_image\" \/>\n<script type=\"application\/ld+json\" class=\"yoast-schema-graph\">{\"@context\":\"https:\/\/schema.org\",\"@graph\":[{\"@type\":\"WebPage\",\"@id\":\"https:\/\/www.francmobiliari.com\/es\/producto\/mostrador-z1\/\",\"url\":\"https:\/\/www.francmobiliari.com\/es\/producto\/mostrador-z1\/\",\"name\":\"MOSTRADOR Z1 - francmobiliari.com\",\"isPartOf\":{\"@id\":\"https:\/\/www.francmobiliari.com\/#website\"},\"primaryImageOfPage\":{\"@id\":\"https:\/\/www.francmobiliari.com\/es\/producto\/mostrador-z1\/#primaryimage\"},\"image\":{\"@id\":\"https:\/\/www.francmobiliari.com\/es\/producto\/mostrador-z1\/#primaryimage\"},\"thumbnailUrl\":\"https:\/\/www.francmobiliari.com\/wp-content\/uploads\/2025\/07\/MINIATURA-MOSTADOR-Z1-scaled-2.jpg\",\"datePublished\":\"2025-07-30T22:37:06+00:00\",\"dateModified\":\"2025-09-10T21:36:02+00:00\",\"breadcrumb\":{\"@id\":\"https:\/\/www.francmobiliari.com\/es\/producto\/mostrador-z1\/#breadcrumb\"},\"inLanguage\":\"es\",\"potentialAction\":[{\"@type\":\"ReadAction\",\"target\":[\"https:\/\/www.francmobiliari.com\/es\/producto\/mostrador-z1\/\"]}]},{\"@type\":\"ImageObject\",\"inLanguage\":\"es\",\"@id\":\"https:\/\/www.francmobiliari.com\/es\/producto\/mostrador-z1\/#primaryimage\",\"url\":\"https:\/\/www.francmobiliari.com\/wp-content\/uploads\/2025\/07\/MINIATURA-MOSTADOR-Z1-scaled-2.jpg\",\"contentUrl\":\"https:\/\/www.francmobiliari.com\/wp-content\/uploads\/2025\/07\/MINIATURA-MOSTADOR-Z1-scaled-2.jpg\",\"width\":1808,\"height\":2560},{\"@type\":\"BreadcrumbList\",\"@id\":\"https:\/\/www.francmobiliari.com\/es\/producto\/mostrador-z1\/#breadcrumb\",\"itemListElement\":[{\"@type\":\"ListItem\",\"position\":1,\"name\":\"Portada\",\"item\":\"https:\/\/www.francmobiliari.com\/es\/inicio\/\"},{\"@type\":\"ListItem\",\"position\":2,\"name\":\"Tienda\",\"item\":\"https:\/\/www.francmobiliari.com\/es\/tienda\/\"},{\"@type\":\"ListItem\",\"position\":3,\"name\":\"MOSTRADOR Z1\"}]},{\"@type\":\"WebSite\",\"@id\":\"https:\/\/www.francmobiliari.com\/#website\",\"url\":\"https:\/\/www.francmobiliari.com\/\",\"name\":\"francmobiliari.com\",\"description\":\"\",\"publisher\":{\"@id\":\"https:\/\/www.francmobiliari.com\/#organization\"},\"potentialAction\":[{\"@type\":\"SearchAction\",\"target\":{\"@type\":\"EntryPoint\",\"urlTemplate\":\"https:\/\/www.francmobiliari.com\/?s={search_term_string}\"},\"query-input\":{\"@type\":\"PropertyValueSpecification\",\"valueRequired\":true,\"valueName\":\"search_term_string\"}}],\"inLanguage\":\"es\"},{\"@type\":\"Organization\",\"@id\":\"https:\/\/www.francmobiliari.com\/#organization\",\"name\":\"francmobiliari.com\",\"url\":\"https:\/\/www.francmobiliari.com\/\",\"logo\":{\"@type\":\"ImageObject\",\"inLanguage\":\"es\",\"@id\":\"https:\/\/www.francmobiliari.com\/#\/schema\/logo\/image\/\",\"url\":\"https:\/\/www.francmobiliari.com\/wp-content\/uploads\/2025\/07\/img-placeholder.png\",\"contentUrl\":\"https:\/\/www.francmobiliari.com\/wp-content\/uploads\/2025\/07\/img-placeholder.png\",\"width\":1500,\"height\":1500,\"caption\":\"francmobiliari.com\"},\"image\":{\"@id\":\"https:\/\/www.francmobiliari.com\/#\/schema\/logo\/image\/\"}}]}<\/script>\n<!-- \/ Yoast SEO plugin. -->","yoast_head_json":{"title":"MOSTRADOR Z1 - francmobiliari.com","robots":{"index":"index","follow":"follow","max-snippet":"max-snippet:-1","max-image-preview":"max-image-preview:large","max-video-preview":"max-video-preview:-1"},"canonical":"https:\/\/www.francmobiliari.com\/es\/producto\/mostrador-z1\/","og_locale":"es_ES","og_type":"article","og_title":"MOSTRADOR Z1 - francmobiliari.com","og_description":"Fabricado con tableros de melamina lacada de 30 mm de grosor. Aplique superior de melamina lacada de 18 mm de grosor. Disponible en 18 colores. Z\u00f3calo de aluminio. Iluminaci\u00f3n LED opcional en la parte intermedia o en el z\u00f3calo.   FICHA T\u00c9CNICA MOSTRADOR Z1  Mostrador con sobre y laterales estructurales fabricados con tablero de melamina de 30 mm de grosor, con cantos en ABS de 2 mm, lacados en mate. Esquinas en bisel de 45\u00ba. Aplique superior fabricado con melamina de 18 y 30 mm de grosor. Patas interiores de tubo met\u00e1lico de 50 x 50 mm de secci\u00f3n. Z\u00f3calo de aluminio anodizado 6060. Interior con tapa abatible en el sobre de trabajo para acceder al cableado.  Iluminaci\u00f3n opcional con tira LED de luz fr\u00eda en el z\u00f3calo y tira decorativa central.  ACABADOS DE LACA: Blanco, Blanco Gris\u00e1ceo, Gris Seda, Beige Claro, Beige, Gris Beige, Marr\u00f3n Oscuro, Amarillo Mostaza, Naranja, Naranja Quemado, Rojo Vivo, Rojo P\u00farpura, Burdeos, Azul Zafiro, Azul Cobalto, Azul Paloma, Azul Oc\u00e9ano, Verde Pino, Verde Oliva, Gris Tel\u00e9, Gris, Gris Grafito y Negro.  ACABADOS ESTRUCTURAS MET\u00c1LICAS: Blanco y Gris antracita.","og_url":"https:\/\/www.francmobiliari.com\/es\/producto\/mostrador-z1\/","og_site_name":"francmobiliari.com","article_modified_time":"2025-09-10T21:36:02+00:00","og_image":[{"width":1808,"height":2560,"url":"https:\/\/www.francmobiliari.com\/wp-content\/uploads\/2025\/07\/MINIATURA-MOSTADOR-Z1-scaled-2.jpg","type":"image\/jpeg"}],"twitter_card":"summary_large_image","schema":{"@context":"https:\/\/schema.org","@graph":[{"@type":"WebPage","@id":"https:\/\/www.francmobiliari.com\/es\/producto\/mostrador-z1\/","url":"https:\/\/www.francmobiliari.com\/es\/producto\/mostrador-z1\/","name":"MOSTRADOR Z1 - francmobiliari.com","isPartOf":{"@id":"https:\/\/www.francmobiliari.com\/#website"},"primaryImageOfPage":{"@id":"https:\/\/www.francmobiliari.com\/es\/producto\/mostrador-z1\/#primaryimage"},"image":{"@id":"https:\/\/www.francmobiliari.com\/es\/producto\/mostrador-z1\/#primaryimage"},"thumbnailUrl":"https:\/\/www.francmobiliari.com\/wp-content\/uploads\/2025\/07\/MINIATURA-MOSTADOR-Z1-scaled-2.jpg","datePublished":"2025-07-30T22:37:06+00:00","dateModified":"2025-09-10T21:36:02+00:00","breadcrumb":{"@id":"https:\/\/www.francmobiliari.com\/es\/producto\/mostrador-z1\/#breadcrumb"},"inLanguage":"es","potentialAction":[{"@type":"ReadAction","target":["https:\/\/www.francmobiliari.com\/es\/producto\/mostrador-z1\/"]}]},{"@type":"ImageObject","inLanguage":"es","@id":"https:\/\/www.francmobiliari.com\/es\/producto\/mostrador-z1\/#primaryimage","url":"https:\/\/www.francmobiliari.com\/wp-content\/uploads\/2025\/07\/MINIATURA-MOSTADOR-Z1-scaled-2.jpg","contentUrl":"https:\/\/www.francmobiliari.com\/wp-content\/uploads\/2025\/07\/MINIATURA-MOSTADOR-Z1-scaled-2.jpg","width":1808,"height":2560},{"@type":"BreadcrumbList","@id":"https:\/\/www.francmobiliari.com\/es\/producto\/mostrador-z1\/#breadcrumb","itemListElement":[{"@type":"ListItem","position":1,"name":"Portada","item":"https:\/\/www.francmobiliari.com\/es\/inicio\/"},{"@type":"ListItem","position":2,"name":"Tienda","item":"https:\/\/www.francmobiliari.com\/es\/tienda\/"},{"@type":"ListItem","position":3,"name":"MOSTRADOR Z1"}]},{"@type":"WebSite","@id":"https:\/\/www.francmobiliari.com\/#website","url":"https:\/\/www.francmobiliari.com\/","name":"francmobiliari.com","description":"","publisher":{"@id":"https:\/\/www.francmobiliari.com\/#organization"},"potentialAction":[{"@type":"SearchAction","target":{"@type":"EntryPoint","urlTemplate":"https:\/\/www.francmobiliari.com\/?s={search_term_string}"},"query-input":{"@type":"PropertyValueSpecification","valueRequired":true,"valueName":"search_term_string"}}],"inLanguage":"es"},{"@type":"Organization","@id":"https:\/\/www.francmobiliari.com\/#organization","name":"francmobiliari.com","url":"https:\/\/www.francmobiliari.com\/","logo":{"@type":"ImageObject","inLanguage":"es","@id":"https:\/\/www.francmobiliari.com\/#\/schema\/logo\/image\/","url":"https:\/\/www.francmobiliari.com\/wp-content\/uploads\/2025\/07\/img-placeholder.png","contentUrl":"https:\/\/www.francmobiliari.com\/wp-content\/uploads\/2025\/07\/img-placeholder.png","width":1500,"height":1500,"caption":"francmobiliari.com"},"image":{"@id":"https:\/\/www.francmobiliari.com\/#\/schema\/logo\/image\/"}}]}},"_links":{"self":[{"href":"https:\/\/www.francmobiliari.com\/es\/wp-json\/wp\/v2\/product\/6296","targetHints":{"allow":["GET"]}}],"collection":[{"href":"https:\/\/www.francmobiliari.com\/es\/wp-json\/wp\/v2\/product"}],"about":[{"href":"https:\/\/www.francmobiliari.com\/es\/wp-json\/wp\/v2\/types\/product"}],"wp:featuredmedia":[{"embeddable":true,"href":"https:\/\/www.francmobiliari.com\/es\/wp-json\/wp\/v2\/media\/6040"}],"wp:attachment":[{"href":"https:\/\/www.francmobiliari.com\/es\/wp-json\/wp\/v2\/media?parent=6296"}],"wp:term":[{"taxonomy":"product_brand","embeddable":true,"href":"https:\/\/www.francmobiliari.com\/es\/wp-json\/wp\/v2\/product_brand?post=6296"},{"taxonomy":"product_cat","embeddable":true,"href":"https:\/\/www.francmobiliari.com\/es\/wp-json\/wp\/v2\/product_cat?post=6296"},{"taxonomy":"product_tag","embeddable":true,"href":"https:\/\/www.francmobiliari.com\/es\/wp-json\/wp\/v2\/product_tag?post=6296"}],"curies":[{"name":"wp","href":"https:\/\/api.w.org\/{rel}","templated":true}]}}