{"id":6294,"date":"2025-07-17T17:46:06","date_gmt":"2025-07-17T15:46:06","guid":{"rendered":"https:\/\/www.francmobiliari.com\/producto\/mostrador-niu\/"},"modified":"2025-09-11T16:07:42","modified_gmt":"2025-09-11T14:07:42","slug":"mostrador-niu","status":"publish","type":"product","link":"https:\/\/www.francmobiliari.com\/es\/producto\/mostrador-niu\/","title":{"rendered":"MOSTRADOR NIU"},"content":{"rendered":false,"protected":false},"excerpt":{"rendered":"<p>Fabricado con tableros MDF de 40 mm de grosor, lacado en 16 colores. Parte superior chapada en madera continua a inglete. Chapa de Nogal, Wengu\u00e9, Roble&#8230; Con iluminaci\u00f3n ambiental LED.<\/p>\n<ul>\n<li><a style=\"color: var(--wd-text-color);\" href=\"https:\/\/www.francmobiliari.com\/wp-content\/uploads\/2022\/11\/CATALEG-MOSTRADOR-NIU.pdf\" target=\"_blank\" rel=\"noopener\">CAT\u00c1LOGO MOSTRADOR NIU<\/a><\/li>\n<li><a style=\"color: var(--wd-text-color);\" href=\"https:\/\/www.francmobiliari.com\/wp-content\/uploads\/2022\/11\/FITXA-TECNICA-MOSTRADOR-NIU.pdf\" target=\"_blank\" rel=\"noopener\">FICHA T\u00c9CNICA MOSTRADOR NIU<\/a><\/li>\n<\/ul>\n<p style=\"font-weight: 400;\">Zona superior de atenci\u00f3n, realizada con tablero de fibras MDF de 675 kg\/m\u00b3 y 20 mm de grosor, con chapa continua en bisel de madera de fresno natural.<\/p>\n<p style=\"font-weight: 400;\">Zona inferior de trabajo, realizada con tablero de fibras MDF de 655 kg\/m\u00b3 y 40 mm de grosor, con cantos redondeados de radio 2 mm. Con niveladores regulables en 2 cm. Lacado texturizado disponible en 16 colores.<\/p>\n<p style=\"font-weight: 400;\">Opcional cajonera suspendida, con dos cajones con apertura mediante sistema push.<\/p>\n<p style=\"font-weight: 400;\">Iluminaci\u00f3n ambiental.<\/p>\n<p style=\"font-weight: 400;\">ACABADOS MADERA PARTE SUPERIOR: Fresno Casta\u00f1o, Fresno Arena, Fresno Noir, Fresno Nogal.<\/p>\n<p style=\"font-weight: 400;\">Acabado en madera mate (poro abierto) o acabado semibrillante (poro cerrado).<\/p>\n<p style=\"font-weight: 400;\">ACABADOS LACADOS PARTE INFERIOR: Blanco, Biscuit, Marfil, Camel, Calabaza, Hielo, Gris, Piedra, Marr\u00f3n Claro, Rojo, Verde, Antracita, Azul, Burdeos, Ocre Oscuro, Marr\u00f3n Oscuro y Negro.<\/p>\n","protected":false},"featured_media":3266,"template":"","meta":{"_acf_changed":false,"inline_featured_image":false,"_genesis_hide_title":false,"_genesis_hide_breadcrumbs":false,"_genesis_hide_singular_image":false,"_genesis_hide_footer_widgets":false,"_genesis_custom_body_class":"","_genesis_custom_post_class":"","_genesis_layout":"","_links_to":"","_links_to_target":""},"product_brand":[],"product_cat":[100],"product_tag":[],"class_list":{"0":"post-6294","1":"product","2":"type-product","3":"status-publish","4":"has-post-thumbnail","6":"product_cat-mostradores","7":"entry","9":"first","10":"instock","11":"shipping-taxable","12":"product-type-simple"},"acf":[],"yoast_head":"<!-- This site is optimized with the Yoast SEO plugin v26.2 - https:\/\/yoast.com\/wordpress\/plugins\/seo\/ -->\n<title>MOSTRADOR NIU - francmobiliari.com<\/title>\n<meta name=\"robots\" content=\"index, follow, max-snippet:-1, max-image-preview:large, max-video-preview:-1\" \/>\n<link rel=\"canonical\" href=\"https:\/\/www.francmobiliari.com\/es\/producto\/mostrador-niu\/\" \/>\n<meta property=\"og:locale\" content=\"es_ES\" \/>\n<meta property=\"og:type\" content=\"article\" \/>\n<meta property=\"og:title\" content=\"MOSTRADOR NIU - francmobiliari.com\" \/>\n<meta property=\"og:description\" content=\"Fabricado con tableros MDF de 40 mm de grosor, lacado en 16 colores. Parte superior chapada en madera continua a inglete. Chapa de Nogal, Wengu\u00e9, Roble... Con iluminaci\u00f3n ambiental LED.   CAT\u00c1LOGO MOSTRADOR NIU  FICHA T\u00c9CNICA MOSTRADOR NIU   Zona superior de atenci\u00f3n, realizada con tablero de fibras MDF de 675 kg\/m\u00b3 y 20 mm de grosor, con chapa continua en bisel de madera de fresno natural. Zona inferior de trabajo, realizada con tablero de fibras MDF de 655 kg\/m\u00b3 y 40 mm de grosor, con cantos redondeados de radio 2 mm. Con niveladores regulables en 2 cm. Lacado texturizado disponible en 16 colores. Opcional cajonera suspendida, con dos cajones con apertura mediante sistema push. Iluminaci\u00f3n ambiental. ACABADOS MADERA PARTE SUPERIOR: Fresno Casta\u00f1o, Fresno Arena, Fresno Noir, Fresno Nogal. Acabado en madera mate (poro abierto) o acabado semibrillante (poro cerrado). ACABADOS LACADOS PARTE INFERIOR: Blanco, Biscuit, Marfil, Camel, Calabaza, Hielo, Gris, Piedra, Marr\u00f3n Claro, Rojo, Verde, Antracita, Azul, Burdeos, Ocre Oscuro, Marr\u00f3n Oscuro y Negro.\" \/>\n<meta property=\"og:url\" content=\"https:\/\/www.francmobiliari.com\/es\/producto\/mostrador-niu\/\" \/>\n<meta property=\"og:site_name\" content=\"francmobiliari.com\" \/>\n<meta property=\"article:modified_time\" content=\"2025-09-11T14:07:42+00:00\" \/>\n<meta property=\"og:image\" content=\"https:\/\/www.francmobiliari.com\/wp-content\/uploads\/2025\/07\/MINIATURA-MOSTRADOR-NIU-scaled-1.jpg\" \/>\n\t<meta property=\"og:image:width\" content=\"2560\" \/>\n\t<meta property=\"og:image:height\" content=\"1429\" \/>\n\t<meta property=\"og:image:type\" content=\"image\/jpeg\" \/>\n<meta name=\"twitter:card\" content=\"summary_large_image\" \/>\n<script type=\"application\/ld+json\" class=\"yoast-schema-graph\">{\"@context\":\"https:\/\/schema.org\",\"@graph\":[{\"@type\":\"WebPage\",\"@id\":\"https:\/\/www.francmobiliari.com\/es\/producto\/mostrador-niu\/\",\"url\":\"https:\/\/www.francmobiliari.com\/es\/producto\/mostrador-niu\/\",\"name\":\"MOSTRADOR NIU - francmobiliari.com\",\"isPartOf\":{\"@id\":\"https:\/\/www.francmobiliari.com\/#website\"},\"primaryImageOfPage\":{\"@id\":\"https:\/\/www.francmobiliari.com\/es\/producto\/mostrador-niu\/#primaryimage\"},\"image\":{\"@id\":\"https:\/\/www.francmobiliari.com\/es\/producto\/mostrador-niu\/#primaryimage\"},\"thumbnailUrl\":\"https:\/\/www.francmobiliari.com\/wp-content\/uploads\/2025\/07\/MINIATURA-MOSTRADOR-NIU-scaled-1.jpg\",\"datePublished\":\"2025-07-17T15:46:06+00:00\",\"dateModified\":\"2025-09-11T14:07:42+00:00\",\"breadcrumb\":{\"@id\":\"https:\/\/www.francmobiliari.com\/es\/producto\/mostrador-niu\/#breadcrumb\"},\"inLanguage\":\"es\",\"potentialAction\":[{\"@type\":\"ReadAction\",\"target\":[\"https:\/\/www.francmobiliari.com\/es\/producto\/mostrador-niu\/\"]}]},{\"@type\":\"ImageObject\",\"inLanguage\":\"es\",\"@id\":\"https:\/\/www.francmobiliari.com\/es\/producto\/mostrador-niu\/#primaryimage\",\"url\":\"https:\/\/www.francmobiliari.com\/wp-content\/uploads\/2025\/07\/MINIATURA-MOSTRADOR-NIU-scaled-1.jpg\",\"contentUrl\":\"https:\/\/www.francmobiliari.com\/wp-content\/uploads\/2025\/07\/MINIATURA-MOSTRADOR-NIU-scaled-1.jpg\",\"width\":2560,\"height\":1429},{\"@type\":\"BreadcrumbList\",\"@id\":\"https:\/\/www.francmobiliari.com\/es\/producto\/mostrador-niu\/#breadcrumb\",\"itemListElement\":[{\"@type\":\"ListItem\",\"position\":1,\"name\":\"Portada\",\"item\":\"https:\/\/www.francmobiliari.com\/es\/inicio\/\"},{\"@type\":\"ListItem\",\"position\":2,\"name\":\"Tienda\",\"item\":\"https:\/\/www.francmobiliari.com\/es\/tienda\/\"},{\"@type\":\"ListItem\",\"position\":3,\"name\":\"MOSTRADOR NIU\"}]},{\"@type\":\"WebSite\",\"@id\":\"https:\/\/www.francmobiliari.com\/#website\",\"url\":\"https:\/\/www.francmobiliari.com\/\",\"name\":\"francmobiliari.com\",\"description\":\"\",\"publisher\":{\"@id\":\"https:\/\/www.francmobiliari.com\/#organization\"},\"potentialAction\":[{\"@type\":\"SearchAction\",\"target\":{\"@type\":\"EntryPoint\",\"urlTemplate\":\"https:\/\/www.francmobiliari.com\/?s={search_term_string}\"},\"query-input\":{\"@type\":\"PropertyValueSpecification\",\"valueRequired\":true,\"valueName\":\"search_term_string\"}}],\"inLanguage\":\"es\"},{\"@type\":\"Organization\",\"@id\":\"https:\/\/www.francmobiliari.com\/#organization\",\"name\":\"francmobiliari.com\",\"url\":\"https:\/\/www.francmobiliari.com\/\",\"logo\":{\"@type\":\"ImageObject\",\"inLanguage\":\"es\",\"@id\":\"https:\/\/www.francmobiliari.com\/#\/schema\/logo\/image\/\",\"url\":\"https:\/\/www.francmobiliari.com\/wp-content\/uploads\/2025\/07\/img-placeholder.png\",\"contentUrl\":\"https:\/\/www.francmobiliari.com\/wp-content\/uploads\/2025\/07\/img-placeholder.png\",\"width\":1500,\"height\":1500,\"caption\":\"francmobiliari.com\"},\"image\":{\"@id\":\"https:\/\/www.francmobiliari.com\/#\/schema\/logo\/image\/\"}}]}<\/script>\n<!-- \/ Yoast SEO plugin. -->","yoast_head_json":{"title":"MOSTRADOR NIU - francmobiliari.com","robots":{"index":"index","follow":"follow","max-snippet":"max-snippet:-1","max-image-preview":"max-image-preview:large","max-video-preview":"max-video-preview:-1"},"canonical":"https:\/\/www.francmobiliari.com\/es\/producto\/mostrador-niu\/","og_locale":"es_ES","og_type":"article","og_title":"MOSTRADOR NIU - francmobiliari.com","og_description":"Fabricado con tableros MDF de 40 mm de grosor, lacado en 16 colores. Parte superior chapada en madera continua a inglete. Chapa de Nogal, Wengu\u00e9, Roble... Con iluminaci\u00f3n ambiental LED.   CAT\u00c1LOGO MOSTRADOR NIU  FICHA T\u00c9CNICA MOSTRADOR NIU   Zona superior de atenci\u00f3n, realizada con tablero de fibras MDF de 675 kg\/m\u00b3 y 20 mm de grosor, con chapa continua en bisel de madera de fresno natural. Zona inferior de trabajo, realizada con tablero de fibras MDF de 655 kg\/m\u00b3 y 40 mm de grosor, con cantos redondeados de radio 2 mm. Con niveladores regulables en 2 cm. Lacado texturizado disponible en 16 colores. Opcional cajonera suspendida, con dos cajones con apertura mediante sistema push. Iluminaci\u00f3n ambiental. ACABADOS MADERA PARTE SUPERIOR: Fresno Casta\u00f1o, Fresno Arena, Fresno Noir, Fresno Nogal. Acabado en madera mate (poro abierto) o acabado semibrillante (poro cerrado). ACABADOS LACADOS PARTE INFERIOR: Blanco, Biscuit, Marfil, Camel, Calabaza, Hielo, Gris, Piedra, Marr\u00f3n Claro, Rojo, Verde, Antracita, Azul, Burdeos, Ocre Oscuro, Marr\u00f3n Oscuro y Negro.","og_url":"https:\/\/www.francmobiliari.com\/es\/producto\/mostrador-niu\/","og_site_name":"francmobiliari.com","article_modified_time":"2025-09-11T14:07:42+00:00","og_image":[{"width":2560,"height":1429,"url":"https:\/\/www.francmobiliari.com\/wp-content\/uploads\/2025\/07\/MINIATURA-MOSTRADOR-NIU-scaled-1.jpg","type":"image\/jpeg"}],"twitter_card":"summary_large_image","schema":{"@context":"https:\/\/schema.org","@graph":[{"@type":"WebPage","@id":"https:\/\/www.francmobiliari.com\/es\/producto\/mostrador-niu\/","url":"https:\/\/www.francmobiliari.com\/es\/producto\/mostrador-niu\/","name":"MOSTRADOR NIU - francmobiliari.com","isPartOf":{"@id":"https:\/\/www.francmobiliari.com\/#website"},"primaryImageOfPage":{"@id":"https:\/\/www.francmobiliari.com\/es\/producto\/mostrador-niu\/#primaryimage"},"image":{"@id":"https:\/\/www.francmobiliari.com\/es\/producto\/mostrador-niu\/#primaryimage"},"thumbnailUrl":"https:\/\/www.francmobiliari.com\/wp-content\/uploads\/2025\/07\/MINIATURA-MOSTRADOR-NIU-scaled-1.jpg","datePublished":"2025-07-17T15:46:06+00:00","dateModified":"2025-09-11T14:07:42+00:00","breadcrumb":{"@id":"https:\/\/www.francmobiliari.com\/es\/producto\/mostrador-niu\/#breadcrumb"},"inLanguage":"es","potentialAction":[{"@type":"ReadAction","target":["https:\/\/www.francmobiliari.com\/es\/producto\/mostrador-niu\/"]}]},{"@type":"ImageObject","inLanguage":"es","@id":"https:\/\/www.francmobiliari.com\/es\/producto\/mostrador-niu\/#primaryimage","url":"https:\/\/www.francmobiliari.com\/wp-content\/uploads\/2025\/07\/MINIATURA-MOSTRADOR-NIU-scaled-1.jpg","contentUrl":"https:\/\/www.francmobiliari.com\/wp-content\/uploads\/2025\/07\/MINIATURA-MOSTRADOR-NIU-scaled-1.jpg","width":2560,"height":1429},{"@type":"BreadcrumbList","@id":"https:\/\/www.francmobiliari.com\/es\/producto\/mostrador-niu\/#breadcrumb","itemListElement":[{"@type":"ListItem","position":1,"name":"Portada","item":"https:\/\/www.francmobiliari.com\/es\/inicio\/"},{"@type":"ListItem","position":2,"name":"Tienda","item":"https:\/\/www.francmobiliari.com\/es\/tienda\/"},{"@type":"ListItem","position":3,"name":"MOSTRADOR NIU"}]},{"@type":"WebSite","@id":"https:\/\/www.francmobiliari.com\/#website","url":"https:\/\/www.francmobiliari.com\/","name":"francmobiliari.com","description":"","publisher":{"@id":"https:\/\/www.francmobiliari.com\/#organization"},"potentialAction":[{"@type":"SearchAction","target":{"@type":"EntryPoint","urlTemplate":"https:\/\/www.francmobiliari.com\/?s={search_term_string}"},"query-input":{"@type":"PropertyValueSpecification","valueRequired":true,"valueName":"search_term_string"}}],"inLanguage":"es"},{"@type":"Organization","@id":"https:\/\/www.francmobiliari.com\/#organization","name":"francmobiliari.com","url":"https:\/\/www.francmobiliari.com\/","logo":{"@type":"ImageObject","inLanguage":"es","@id":"https:\/\/www.francmobiliari.com\/#\/schema\/logo\/image\/","url":"https:\/\/www.francmobiliari.com\/wp-content\/uploads\/2025\/07\/img-placeholder.png","contentUrl":"https:\/\/www.francmobiliari.com\/wp-content\/uploads\/2025\/07\/img-placeholder.png","width":1500,"height":1500,"caption":"francmobiliari.com"},"image":{"@id":"https:\/\/www.francmobiliari.com\/#\/schema\/logo\/image\/"}}]}},"_links":{"self":[{"href":"https:\/\/www.francmobiliari.com\/es\/wp-json\/wp\/v2\/product\/6294","targetHints":{"allow":["GET"]}}],"collection":[{"href":"https:\/\/www.francmobiliari.com\/es\/wp-json\/wp\/v2\/product"}],"about":[{"href":"https:\/\/www.francmobiliari.com\/es\/wp-json\/wp\/v2\/types\/product"}],"wp:featuredmedia":[{"embeddable":true,"href":"https:\/\/www.francmobiliari.com\/es\/wp-json\/wp\/v2\/media\/3266"}],"wp:attachment":[{"href":"https:\/\/www.francmobiliari.com\/es\/wp-json\/wp\/v2\/media?parent=6294"}],"wp:term":[{"taxonomy":"product_brand","embeddable":true,"href":"https:\/\/www.francmobiliari.com\/es\/wp-json\/wp\/v2\/product_brand?post=6294"},{"taxonomy":"product_cat","embeddable":true,"href":"https:\/\/www.francmobiliari.com\/es\/wp-json\/wp\/v2\/product_cat?post=6294"},{"taxonomy":"product_tag","embeddable":true,"href":"https:\/\/www.francmobiliari.com\/es\/wp-json\/wp\/v2\/product_tag?post=6294"}],"curies":[{"name":"wp","href":"https:\/\/api.w.org\/{rel}","templated":true}]}}