{"id":6284,"date":"2025-07-17T17:46:06","date_gmt":"2025-07-17T15:46:06","guid":{"rendered":"https:\/\/www.francmobiliari.com\/producto\/mostrador-freeport\/"},"modified":"2025-09-11T16:05:46","modified_gmt":"2025-09-11T14:05:46","slug":"mostrador-freeport","status":"publish","type":"product","link":"https:\/\/www.francmobiliari.com\/es\/producto\/mostrador-freeport\/","title":{"rendered":"MOSTRADOR FREEPORT"},"content":{"rendered":false,"protected":false},"excerpt":{"rendered":"<p style=\"font-weight: 400;\">Mostrador con sobre y laterales elaborados con tablero de fibras MDF de 655 kg\/m\u00b3 de 40 mm de grosor y frontal de MDF de 675 kg\/m\u00b3 y 20 mm de grosor. Chapados en madera de Nogal Americano.<\/p>\n<p style=\"font-weight: 400;\">Los laterales cuentan con una moldura vertical en bisel de 45\u00ba para ocultar el paso del cableado e instalar iluminaci\u00f3n indirecta con leds.<\/p>\n<p style=\"font-weight: 400;\">Viga transversal estructural bajo el sobre de trabajo, que tambi\u00e9n act\u00faa como bandeja pasacables.<\/p>\n<p style=\"font-weight: 400;\">Repisa superior de gres porcel\u00e1nico sinterizado Neolith de 6 mm.<\/p>\n<p style=\"font-weight: 400;\">ACABADOS EN MADERA: Nogal Italiano, Nogal Natural, Nogal Espresso, Nogal Noir.<\/p>\n<p style=\"font-weight: 400;\">Acabado en madera mate (poro abierto) o acabado semibrillante (poro cerrado).<\/p>\n<p style=\"font-weight: 400;\">ACABADOS NEOLITH: Mont Blanc y Pietra Grey.<\/p>\n","protected":false},"featured_media":3254,"template":"","meta":{"_acf_changed":false,"inline_featured_image":false,"_genesis_hide_title":false,"_genesis_hide_breadcrumbs":false,"_genesis_hide_singular_image":false,"_genesis_hide_footer_widgets":false,"_genesis_custom_body_class":"","_genesis_custom_post_class":"","_genesis_layout":"","_links_to":"","_links_to_target":""},"product_brand":[],"product_cat":[100],"product_tag":[],"class_list":{"0":"post-6284","1":"product","2":"type-product","3":"status-publish","4":"has-post-thumbnail","6":"product_cat-mostradores","7":"entry","9":"first","10":"instock","11":"shipping-taxable","12":"product-type-simple"},"acf":[],"yoast_head":"<!-- This site is optimized with the Yoast SEO plugin v26.2 - https:\/\/yoast.com\/wordpress\/plugins\/seo\/ -->\n<title>MOSTRADOR FREEPORT - francmobiliari.com<\/title>\n<meta name=\"robots\" content=\"index, follow, max-snippet:-1, max-image-preview:large, max-video-preview:-1\" \/>\n<link rel=\"canonical\" href=\"https:\/\/www.francmobiliari.com\/es\/producto\/mostrador-freeport\/\" \/>\n<meta property=\"og:locale\" content=\"es_ES\" \/>\n<meta property=\"og:type\" content=\"article\" \/>\n<meta property=\"og:title\" content=\"MOSTRADOR FREEPORT - francmobiliari.com\" \/>\n<meta property=\"og:description\" content=\"Mostrador con sobre y laterales elaborados con tablero de fibras MDF de 655 kg\/m\u00b3 de 40 mm de grosor y frontal de MDF de 675 kg\/m\u00b3 y 20 mm de grosor. Chapados en madera de Nogal Americano. Los laterales cuentan con una moldura vertical en bisel de 45\u00ba para ocultar el paso del cableado e instalar iluminaci\u00f3n indirecta con leds. Viga transversal estructural bajo el sobre de trabajo, que tambi\u00e9n act\u00faa como bandeja pasacables. Repisa superior de gres porcel\u00e1nico sinterizado Neolith de 6 mm. ACABADOS EN MADERA: Nogal Italiano, Nogal Natural, Nogal Espresso, Nogal Noir. Acabado en madera mate (poro abierto) o acabado semibrillante (poro cerrado). ACABADOS NEOLITH: Mont Blanc y Pietra Grey.\" \/>\n<meta property=\"og:url\" content=\"https:\/\/www.francmobiliari.com\/es\/producto\/mostrador-freeport\/\" \/>\n<meta property=\"og:site_name\" content=\"francmobiliari.com\" \/>\n<meta property=\"article:modified_time\" content=\"2025-09-11T14:05:46+00:00\" \/>\n<meta property=\"og:image\" content=\"https:\/\/www.francmobiliari.com\/wp-content\/uploads\/2025\/07\/MINIATURA-MOSTRADOR-FREEPORT.jpg\" \/>\n\t<meta property=\"og:image:width\" content=\"1200\" \/>\n\t<meta property=\"og:image:height\" content=\"600\" \/>\n\t<meta property=\"og:image:type\" content=\"image\/jpeg\" \/>\n<meta name=\"twitter:card\" content=\"summary_large_image\" \/>\n<script type=\"application\/ld+json\" class=\"yoast-schema-graph\">{\"@context\":\"https:\/\/schema.org\",\"@graph\":[{\"@type\":\"WebPage\",\"@id\":\"https:\/\/www.francmobiliari.com\/es\/producto\/mostrador-freeport\/\",\"url\":\"https:\/\/www.francmobiliari.com\/es\/producto\/mostrador-freeport\/\",\"name\":\"MOSTRADOR FREEPORT - francmobiliari.com\",\"isPartOf\":{\"@id\":\"https:\/\/www.francmobiliari.com\/#website\"},\"primaryImageOfPage\":{\"@id\":\"https:\/\/www.francmobiliari.com\/es\/producto\/mostrador-freeport\/#primaryimage\"},\"image\":{\"@id\":\"https:\/\/www.francmobiliari.com\/es\/producto\/mostrador-freeport\/#primaryimage\"},\"thumbnailUrl\":\"https:\/\/www.francmobiliari.com\/wp-content\/uploads\/2025\/07\/MINIATURA-MOSTRADOR-FREEPORT.jpg\",\"datePublished\":\"2025-07-17T15:46:06+00:00\",\"dateModified\":\"2025-09-11T14:05:46+00:00\",\"breadcrumb\":{\"@id\":\"https:\/\/www.francmobiliari.com\/es\/producto\/mostrador-freeport\/#breadcrumb\"},\"inLanguage\":\"es\",\"potentialAction\":[{\"@type\":\"ReadAction\",\"target\":[\"https:\/\/www.francmobiliari.com\/es\/producto\/mostrador-freeport\/\"]}]},{\"@type\":\"ImageObject\",\"inLanguage\":\"es\",\"@id\":\"https:\/\/www.francmobiliari.com\/es\/producto\/mostrador-freeport\/#primaryimage\",\"url\":\"https:\/\/www.francmobiliari.com\/wp-content\/uploads\/2025\/07\/MINIATURA-MOSTRADOR-FREEPORT.jpg\",\"contentUrl\":\"https:\/\/www.francmobiliari.com\/wp-content\/uploads\/2025\/07\/MINIATURA-MOSTRADOR-FREEPORT.jpg\",\"width\":1200,\"height\":600,\"caption\":\"imagen de mostrador freeport\"},{\"@type\":\"BreadcrumbList\",\"@id\":\"https:\/\/www.francmobiliari.com\/es\/producto\/mostrador-freeport\/#breadcrumb\",\"itemListElement\":[{\"@type\":\"ListItem\",\"position\":1,\"name\":\"Portada\",\"item\":\"https:\/\/www.francmobiliari.com\/es\/inicio\/\"},{\"@type\":\"ListItem\",\"position\":2,\"name\":\"Tienda\",\"item\":\"https:\/\/www.francmobiliari.com\/es\/tienda\/\"},{\"@type\":\"ListItem\",\"position\":3,\"name\":\"MOSTRADOR FREEPORT\"}]},{\"@type\":\"WebSite\",\"@id\":\"https:\/\/www.francmobiliari.com\/#website\",\"url\":\"https:\/\/www.francmobiliari.com\/\",\"name\":\"francmobiliari.com\",\"description\":\"\",\"publisher\":{\"@id\":\"https:\/\/www.francmobiliari.com\/#organization\"},\"potentialAction\":[{\"@type\":\"SearchAction\",\"target\":{\"@type\":\"EntryPoint\",\"urlTemplate\":\"https:\/\/www.francmobiliari.com\/?s={search_term_string}\"},\"query-input\":{\"@type\":\"PropertyValueSpecification\",\"valueRequired\":true,\"valueName\":\"search_term_string\"}}],\"inLanguage\":\"es\"},{\"@type\":\"Organization\",\"@id\":\"https:\/\/www.francmobiliari.com\/#organization\",\"name\":\"francmobiliari.com\",\"url\":\"https:\/\/www.francmobiliari.com\/\",\"logo\":{\"@type\":\"ImageObject\",\"inLanguage\":\"es\",\"@id\":\"https:\/\/www.francmobiliari.com\/#\/schema\/logo\/image\/\",\"url\":\"https:\/\/www.francmobiliari.com\/wp-content\/uploads\/2025\/07\/img-placeholder.png\",\"contentUrl\":\"https:\/\/www.francmobiliari.com\/wp-content\/uploads\/2025\/07\/img-placeholder.png\",\"width\":1500,\"height\":1500,\"caption\":\"francmobiliari.com\"},\"image\":{\"@id\":\"https:\/\/www.francmobiliari.com\/#\/schema\/logo\/image\/\"}}]}<\/script>\n<!-- \/ Yoast SEO plugin. -->","yoast_head_json":{"title":"MOSTRADOR FREEPORT - francmobiliari.com","robots":{"index":"index","follow":"follow","max-snippet":"max-snippet:-1","max-image-preview":"max-image-preview:large","max-video-preview":"max-video-preview:-1"},"canonical":"https:\/\/www.francmobiliari.com\/es\/producto\/mostrador-freeport\/","og_locale":"es_ES","og_type":"article","og_title":"MOSTRADOR FREEPORT - francmobiliari.com","og_description":"Mostrador con sobre y laterales elaborados con tablero de fibras MDF de 655 kg\/m\u00b3 de 40 mm de grosor y frontal de MDF de 675 kg\/m\u00b3 y 20 mm de grosor. Chapados en madera de Nogal Americano. Los laterales cuentan con una moldura vertical en bisel de 45\u00ba para ocultar el paso del cableado e instalar iluminaci\u00f3n indirecta con leds. Viga transversal estructural bajo el sobre de trabajo, que tambi\u00e9n act\u00faa como bandeja pasacables. Repisa superior de gres porcel\u00e1nico sinterizado Neolith de 6 mm. ACABADOS EN MADERA: Nogal Italiano, Nogal Natural, Nogal Espresso, Nogal Noir. Acabado en madera mate (poro abierto) o acabado semibrillante (poro cerrado). ACABADOS NEOLITH: Mont Blanc y Pietra Grey.","og_url":"https:\/\/www.francmobiliari.com\/es\/producto\/mostrador-freeport\/","og_site_name":"francmobiliari.com","article_modified_time":"2025-09-11T14:05:46+00:00","og_image":[{"width":1200,"height":600,"url":"https:\/\/www.francmobiliari.com\/wp-content\/uploads\/2025\/07\/MINIATURA-MOSTRADOR-FREEPORT.jpg","type":"image\/jpeg"}],"twitter_card":"summary_large_image","schema":{"@context":"https:\/\/schema.org","@graph":[{"@type":"WebPage","@id":"https:\/\/www.francmobiliari.com\/es\/producto\/mostrador-freeport\/","url":"https:\/\/www.francmobiliari.com\/es\/producto\/mostrador-freeport\/","name":"MOSTRADOR FREEPORT - francmobiliari.com","isPartOf":{"@id":"https:\/\/www.francmobiliari.com\/#website"},"primaryImageOfPage":{"@id":"https:\/\/www.francmobiliari.com\/es\/producto\/mostrador-freeport\/#primaryimage"},"image":{"@id":"https:\/\/www.francmobiliari.com\/es\/producto\/mostrador-freeport\/#primaryimage"},"thumbnailUrl":"https:\/\/www.francmobiliari.com\/wp-content\/uploads\/2025\/07\/MINIATURA-MOSTRADOR-FREEPORT.jpg","datePublished":"2025-07-17T15:46:06+00:00","dateModified":"2025-09-11T14:05:46+00:00","breadcrumb":{"@id":"https:\/\/www.francmobiliari.com\/es\/producto\/mostrador-freeport\/#breadcrumb"},"inLanguage":"es","potentialAction":[{"@type":"ReadAction","target":["https:\/\/www.francmobiliari.com\/es\/producto\/mostrador-freeport\/"]}]},{"@type":"ImageObject","inLanguage":"es","@id":"https:\/\/www.francmobiliari.com\/es\/producto\/mostrador-freeport\/#primaryimage","url":"https:\/\/www.francmobiliari.com\/wp-content\/uploads\/2025\/07\/MINIATURA-MOSTRADOR-FREEPORT.jpg","contentUrl":"https:\/\/www.francmobiliari.com\/wp-content\/uploads\/2025\/07\/MINIATURA-MOSTRADOR-FREEPORT.jpg","width":1200,"height":600,"caption":"imagen de mostrador freeport"},{"@type":"BreadcrumbList","@id":"https:\/\/www.francmobiliari.com\/es\/producto\/mostrador-freeport\/#breadcrumb","itemListElement":[{"@type":"ListItem","position":1,"name":"Portada","item":"https:\/\/www.francmobiliari.com\/es\/inicio\/"},{"@type":"ListItem","position":2,"name":"Tienda","item":"https:\/\/www.francmobiliari.com\/es\/tienda\/"},{"@type":"ListItem","position":3,"name":"MOSTRADOR FREEPORT"}]},{"@type":"WebSite","@id":"https:\/\/www.francmobiliari.com\/#website","url":"https:\/\/www.francmobiliari.com\/","name":"francmobiliari.com","description":"","publisher":{"@id":"https:\/\/www.francmobiliari.com\/#organization"},"potentialAction":[{"@type":"SearchAction","target":{"@type":"EntryPoint","urlTemplate":"https:\/\/www.francmobiliari.com\/?s={search_term_string}"},"query-input":{"@type":"PropertyValueSpecification","valueRequired":true,"valueName":"search_term_string"}}],"inLanguage":"es"},{"@type":"Organization","@id":"https:\/\/www.francmobiliari.com\/#organization","name":"francmobiliari.com","url":"https:\/\/www.francmobiliari.com\/","logo":{"@type":"ImageObject","inLanguage":"es","@id":"https:\/\/www.francmobiliari.com\/#\/schema\/logo\/image\/","url":"https:\/\/www.francmobiliari.com\/wp-content\/uploads\/2025\/07\/img-placeholder.png","contentUrl":"https:\/\/www.francmobiliari.com\/wp-content\/uploads\/2025\/07\/img-placeholder.png","width":1500,"height":1500,"caption":"francmobiliari.com"},"image":{"@id":"https:\/\/www.francmobiliari.com\/#\/schema\/logo\/image\/"}}]}},"_links":{"self":[{"href":"https:\/\/www.francmobiliari.com\/es\/wp-json\/wp\/v2\/product\/6284","targetHints":{"allow":["GET"]}}],"collection":[{"href":"https:\/\/www.francmobiliari.com\/es\/wp-json\/wp\/v2\/product"}],"about":[{"href":"https:\/\/www.francmobiliari.com\/es\/wp-json\/wp\/v2\/types\/product"}],"wp:featuredmedia":[{"embeddable":true,"href":"https:\/\/www.francmobiliari.com\/es\/wp-json\/wp\/v2\/media\/3254"}],"wp:attachment":[{"href":"https:\/\/www.francmobiliari.com\/es\/wp-json\/wp\/v2\/media?parent=6284"}],"wp:term":[{"taxonomy":"product_brand","embeddable":true,"href":"https:\/\/www.francmobiliari.com\/es\/wp-json\/wp\/v2\/product_brand?post=6284"},{"taxonomy":"product_cat","embeddable":true,"href":"https:\/\/www.francmobiliari.com\/es\/wp-json\/wp\/v2\/product_cat?post=6284"},{"taxonomy":"product_tag","embeddable":true,"href":"https:\/\/www.francmobiliari.com\/es\/wp-json\/wp\/v2\/product_tag?post=6284"}],"curies":[{"name":"wp","href":"https:\/\/api.w.org\/{rel}","templated":true}]}}