{"id":6281,"date":"2025-07-17T17:47:47","date_gmt":"2025-07-17T15:47:47","guid":{"rendered":"https:\/\/www.francmobiliari.com\/producto\/cortines\/"},"modified":"2025-08-01T22:24:15","modified_gmt":"2025-08-01T20:24:15","slug":"cortinas","status":"publish","type":"product","link":"https:\/\/www.francmobiliari.com\/es\/producto\/cortinas\/","title":{"rendered":"CORTINAS"},"content":{"rendered":false,"protected":false},"excerpt":{"rendered":"<p>Vestir el espacio permite dar a su negocio un toque de personalidad. En FRANC disponemos de una amplia gama de cortinas y estores, tanto con filtro solar como con tejido decorativo u opaco. Enrollables o de lamas verticales, panel japon\u00e9s, venecianas de madera o de aluminio.<\/p>\n<ul>\n<li><a href=\"https:\/\/www.francmobiliari.com\/wp-content\/uploads\/2022\/11\/FITXA-TECNICA-CORTINA-VERTICAL.pdf\" target=\"_blank\" rel=\"noopener\">FICHA T\u00c9CNICA CORTINA VERTICAL<\/a><\/li>\n<li><a href=\"https:\/\/www.francmobiliari.com\/wp-content\/uploads\/2022\/11\/FITXA-TECNICA-CORTINES-ENROLLABLES.pdf\" target=\"_blank\" rel=\"noopener\">FICHA T\u00c9CNICA CORTINAS ENROLLABLES<\/a><\/li>\n<li><a href=\"https:\/\/www.francmobiliari.com\/wp-content\/uploads\/2022\/11\/FITXA-TECNICA-CORTINES-PLISADES.pdf\" target=\"_blank\" rel=\"noopener\">FICHA T\u00c9CNICA CORTINAS PLISADAS<\/a><\/li>\n<li><a href=\"https:\/\/www.francmobiliari.com\/wp-content\/uploads\/2022\/11\/FITXA-TECNICA-PANELL-LLISCANT.pdf\" target=\"_blank\" rel=\"noopener\">FICHA T\u00c9CNICA PANEL DESLIZANTE<\/a><\/li>\n<li><a href=\"https:\/\/www.francmobiliari.com\/wp-content\/uploads\/2022\/11\/FITXA-TECNICA-VENECIANA-ALUMINI.pdf\" target=\"_blank\" rel=\"noopener\">FICHA T\u00c9CNICA VENECIANA ALUMINIO<\/a><\/li>\n<li><a href=\"https:\/\/www.francmobiliari.com\/wp-content\/uploads\/2022\/11\/FITXA-TECNICA-VENECIANA-DE-FUSTA.pdf\" target=\"_blank\" rel=\"noopener\">FICHA T\u00c9CNICA VENECIANA DE MADERA<\/a><\/li>\n<\/ul>\n<p><strong>VENECIANAS DE ALUMINIO:<\/strong><\/p>\n<p>Lamas met\u00e1licas de 16 mm o 25 mm de ancho, unidas con escalerilla de hilo. Sistema de cord\u00f3n y varilla para subir y girar las lamas.<\/p>\n<p>Posibilidad de mando \u00fanico de cadena o varilla flexible.<\/p>\n<p>Para fijaci\u00f3n tanto en pared como en techo. Opci\u00f3n de gu\u00eda por cable para ventanas, fijando la parte superior e inferior de la cortina.<\/p>\n<p>Posibilidad de accionamiento con motor y mando a distancia.<\/p>\n<p><strong>VENECIANAS DE MADERA:<\/strong><\/p>\n<p>Lamas de madera de 50 mm de ancho, unidas con escalerilla de hilo o cinta de 38 mm de ancho. Sistema de cord\u00f3n y varilla para subir y girar las lamas.<\/p>\n<p>Posibilidad de mando \u00fanico de cadena o varilla flexible.<\/p>\n<p>Para fijaci\u00f3n tanto en pared como en techo. Opci\u00f3n de gu\u00eda por cable para ventanas, fijando la parte superior e inferior de la cortina.<\/p>\n<p>Posibilidad de accionamiento con motor y mando a distancia.<\/p>\n<p><strong>CORTINA VERTICAL:<\/strong><\/p>\n<p>Lamas verticales de 89 mm, 127 mm o 250 mm de ancho. Guiadas por riel superior.<\/p>\n<p>De diferentes tipos de tejido (con filtro solar, ign\u00edfugo, PVC, poli\u00e9ster&#8230;) con distintos factores de apertura: 1%, 3%, 5% o 10%.<\/p>\n<p>Cadena inferior de separaci\u00f3n.<\/p>\n<p>Sistema de cord\u00f3n y cadena para mover y girar las lamas. Posibilidad de recogida a la izquierda, derecha, al centro o repartida a ambos lados.<\/p>\n<p>Diferentes tipos de montaje: recto, con cabezal inclinado, en escalera o cortina curva.<\/p>\n<p>Medidas m\u00e1ximas de fabricaci\u00f3n: 580 cm de ancho y 400 cm de alto.<\/p>\n<p><strong>CORTINA ENROLLABLE:<\/strong><\/p>\n<p>Estor enrollable con sistema de cadena o manivela. Tubo superior de aluminio de 35 mm, 43 mm o 65 mm seg\u00fan la dimensi\u00f3n. Parte inferior con contrapeso redondo, plano u ovalado, visible u oculto.<\/p>\n<p>Diferentes tipos de tejido (con filtro solar, ign\u00edfugo, PVC, poli\u00e9ster&#8230;) con distintos factores de apertura: 1%, 3%, 5% o 10%.<\/p>\n<p>Para fijaci\u00f3n tanto en pared como en techo. Opci\u00f3n de gu\u00eda lateral con perfiler\u00eda de aluminio o varilla de acero.<\/p>\n<p>Posibilidad de accionamiento con motor y mando a distancia.<\/p>\n<p><strong>CORTINA PLISADA:<\/strong><\/p>\n<p>Cortina con pliegues de 20 mm o 25 mm. Accionamiento para subir mediante cord\u00f3n o cadena. Perfil de aluminio superior e inferior.<\/p>\n<p>Diferentes tipos de tejido (con filtro solar, ign\u00edfugo, PVC, poli\u00e9ster&#8230;) con distintos factores de apertura: 1%, 3%, 5% o 10%.<\/p>\n<p>Para fijaci\u00f3n tanto en pared como en techo. Opci\u00f3n de gu\u00eda lateral con perfiler\u00eda de aluminio.<\/p>\n<p>Medidas m\u00e1ximas de fabricaci\u00f3n: 230 cm de ancho y 300 cm de alto.<\/p>\n<p><strong>PANEL DESLIZANTE:<\/strong><\/p>\n<p>Fijaci\u00f3n a riel met\u00e1lico de 2, 3, 4 o 5 v\u00edas. Paneles fijos y m\u00f3viles de diferentes anchos. Sistema de cord\u00f3n o varilla para deslizar los paneles.<\/p>\n<p>Diferentes tipos de tejido (con filtro solar, ign\u00edfugo, PVC, poli\u00e9ster&#8230;) con distintos factores de apertura: 1%, 3%, 5% o 10%.<\/p>\n<p>Para fijaci\u00f3n tanto en pared como en techo.<\/p>\n<p>Medidas m\u00e1ximas de fabricaci\u00f3n: 600 cm de ancho y 300 cm de alto. Posibilidad de accionamiento con motor y mando a distancia.<\/p>\n","protected":false},"featured_media":3591,"template":"","meta":{"_acf_changed":false,"inline_featured_image":false,"_genesis_hide_title":false,"_genesis_hide_breadcrumbs":false,"_genesis_hide_singular_image":false,"_genesis_hide_footer_widgets":false,"_genesis_custom_body_class":"","_genesis_custom_post_class":"","_genesis_layout":"","_links_to":"","_links_to_target":""},"product_brand":[],"product_cat":[105,103],"product_tag":[],"class_list":{"0":"post-6281","1":"product","2":"type-product","3":"status-publish","4":"has-post-thumbnail","6":"product_cat-complementos-y-accesorios","7":"product_cat-cortinas","8":"entry","10":"first","11":"instock","12":"shipping-taxable","13":"product-type-simple"},"acf":[],"yoast_head":"<!-- This site is optimized with the Yoast SEO plugin v26.2 - https:\/\/yoast.com\/wordpress\/plugins\/seo\/ -->\n<title>CORTINAS - francmobiliari.com<\/title>\n<meta name=\"robots\" content=\"index, follow, max-snippet:-1, max-image-preview:large, max-video-preview:-1\" \/>\n<link rel=\"canonical\" href=\"https:\/\/www.francmobiliari.com\/es\/producto\/cortinas\/\" \/>\n<meta property=\"og:locale\" content=\"es_ES\" \/>\n<meta property=\"og:type\" content=\"article\" \/>\n<meta property=\"og:title\" content=\"CORTINAS - francmobiliari.com\" \/>\n<meta property=\"og:description\" content=\"Vestir el espacio permite dar a su negocio un toque de personalidad. En FRANC disponemos de una amplia gama de cortinas y estores, tanto con filtro solar como con tejido decorativo u opaco. Enrollables o de lamas verticales, panel japon\u00e9s, venecianas de madera o de aluminio.   FICHA T\u00c9CNICA CORTINA VERTICAL  FICHA T\u00c9CNICA CORTINAS ENROLLABLES  FICHA T\u00c9CNICA CORTINAS PLISADAS  FICHA T\u00c9CNICA PANEL DESLIZANTE  FICHA T\u00c9CNICA VENECIANA ALUMINIO  FICHA T\u00c9CNICA VENECIANA DE MADERA   VENECIANAS DE ALUMINIO: Lamas met\u00e1licas de 16 mm o 25 mm de ancho, unidas con escalerilla de hilo. Sistema de cord\u00f3n y varilla para subir y girar las lamas. Posibilidad de mando \u00fanico de cadena o varilla flexible. Para fijaci\u00f3n tanto en pared como en techo. Opci\u00f3n de gu\u00eda por cable para ventanas, fijando la parte superior e inferior de la cortina. Posibilidad de accionamiento con motor y mando a distancia.  VENECIANAS DE MADERA: Lamas de madera de 50 mm de ancho, unidas con escalerilla de hilo o cinta de 38 mm de ancho. Sistema de cord\u00f3n y varilla para subir y girar las lamas. Posibilidad de mando \u00fanico de cadena o varilla flexible. Para fijaci\u00f3n tanto en pared como en techo. Opci\u00f3n de gu\u00eda por cable para ventanas, fijando la parte superior e inferior de la cortina. Posibilidad de accionamiento con motor y mando a distancia.  CORTINA VERTICAL: Lamas verticales de 89 mm, 127 mm o 250 mm de ancho. Guiadas por riel superior. De diferentes tipos de tejido (con filtro solar, ign\u00edfugo, PVC, poli\u00e9ster...) con distintos factores de apertura: 1%, 3%, 5% o 10%. Cadena inferior de separaci\u00f3n. Sistema de cord\u00f3n y cadena para mover y girar las lamas. Posibilidad de recogida a la izquierda, derecha, al centro o repartida a ambos lados. Diferentes tipos de montaje: recto, con cabezal inclinado, en escalera o cortina curva. Medidas m\u00e1ximas de fabricaci\u00f3n: 580 cm de ancho y 400 cm de alto.  CORTINA ENROLLABLE: Estor enrollable con sistema de cadena o manivela. Tubo superior de aluminio de 35 mm, 43 mm o 65 mm seg\u00fan la dimensi\u00f3n. Parte inferior con contrapeso redondo, plano u ovalado, visible u oculto. Diferentes tipos de tejido (con filtro solar, ign\u00edfugo, PVC, poli\u00e9ster...) con distintos factores de apertura: 1%, 3%, 5% o 10%. Para fijaci\u00f3n tanto en pared como en techo. Opci\u00f3n de gu\u00eda lateral con perfiler\u00eda de aluminio o varilla de acero. Posibilidad de accionamiento con motor y mando a distancia.  CORTINA PLISADA: Cortina con pliegues de 20 mm o 25 mm. Accionamiento para subir mediante cord\u00f3n o cadena. Perfil de aluminio superior e inferior. Diferentes tipos de tejido (con filtro solar, ign\u00edfugo, PVC, poli\u00e9ster...) con distintos factores de apertura: 1%, 3%, 5% o 10%. Para fijaci\u00f3n tanto en pared como en techo. Opci\u00f3n de gu\u00eda lateral con perfiler\u00eda de aluminio. Medidas m\u00e1ximas de fabricaci\u00f3n: 230 cm de ancho y 300 cm de alto.  PANEL DESLIZANTE: Fijaci\u00f3n a riel met\u00e1lico de 2, 3, 4 o 5 v\u00edas. Paneles fijos y m\u00f3viles de diferentes anchos. Sistema de cord\u00f3n o varilla para deslizar los paneles. Diferentes tipos de tejido (con filtro solar, ign\u00edfugo, PVC, poli\u00e9ster...) con distintos factores de apertura: 1%, 3%, 5% o 10%. Para fijaci\u00f3n tanto en pared como en techo. Medidas m\u00e1ximas de fabricaci\u00f3n: 600 cm de ancho y 300 cm de alto. Posibilidad de accionamiento con motor y mando a distancia.\" \/>\n<meta property=\"og:url\" content=\"https:\/\/www.francmobiliari.com\/es\/producto\/cortinas\/\" \/>\n<meta property=\"og:site_name\" content=\"francmobiliari.com\" \/>\n<meta property=\"article:modified_time\" content=\"2025-08-01T20:24:15+00:00\" \/>\n<meta property=\"og:image\" content=\"https:\/\/www.francmobiliari.com\/wp-content\/uploads\/2025\/07\/MINIATURA-CORTINES-1.jpg\" \/>\n\t<meta property=\"og:image:width\" content=\"2560\" \/>\n\t<meta property=\"og:image:height\" content=\"1440\" \/>\n\t<meta property=\"og:image:type\" content=\"image\/jpeg\" \/>\n<meta name=\"twitter:card\" content=\"summary_large_image\" \/>\n<script type=\"application\/ld+json\" class=\"yoast-schema-graph\">{\"@context\":\"https:\/\/schema.org\",\"@graph\":[{\"@type\":\"WebPage\",\"@id\":\"https:\/\/www.francmobiliari.com\/es\/producto\/cortinas\/\",\"url\":\"https:\/\/www.francmobiliari.com\/es\/producto\/cortinas\/\",\"name\":\"CORTINAS - francmobiliari.com\",\"isPartOf\":{\"@id\":\"https:\/\/www.francmobiliari.com\/#website\"},\"primaryImageOfPage\":{\"@id\":\"https:\/\/www.francmobiliari.com\/es\/producto\/cortinas\/#primaryimage\"},\"image\":{\"@id\":\"https:\/\/www.francmobiliari.com\/es\/producto\/cortinas\/#primaryimage\"},\"thumbnailUrl\":\"https:\/\/www.francmobiliari.com\/wp-content\/uploads\/2025\/07\/MINIATURA-CORTINES-1.jpg\",\"datePublished\":\"2025-07-17T15:47:47+00:00\",\"dateModified\":\"2025-08-01T20:24:15+00:00\",\"breadcrumb\":{\"@id\":\"https:\/\/www.francmobiliari.com\/es\/producto\/cortinas\/#breadcrumb\"},\"inLanguage\":\"es\",\"potentialAction\":[{\"@type\":\"ReadAction\",\"target\":[\"https:\/\/www.francmobiliari.com\/es\/producto\/cortinas\/\"]}]},{\"@type\":\"ImageObject\",\"inLanguage\":\"es\",\"@id\":\"https:\/\/www.francmobiliari.com\/es\/producto\/cortinas\/#primaryimage\",\"url\":\"https:\/\/www.francmobiliari.com\/wp-content\/uploads\/2025\/07\/MINIATURA-CORTINES-1.jpg\",\"contentUrl\":\"https:\/\/www.francmobiliari.com\/wp-content\/uploads\/2025\/07\/MINIATURA-CORTINES-1.jpg\",\"width\":2560,\"height\":1440},{\"@type\":\"BreadcrumbList\",\"@id\":\"https:\/\/www.francmobiliari.com\/es\/producto\/cortinas\/#breadcrumb\",\"itemListElement\":[{\"@type\":\"ListItem\",\"position\":1,\"name\":\"Portada\",\"item\":\"https:\/\/www.francmobiliari.com\/es\/inicio\/\"},{\"@type\":\"ListItem\",\"position\":2,\"name\":\"Tienda\",\"item\":\"https:\/\/www.francmobiliari.com\/es\/tienda\/\"},{\"@type\":\"ListItem\",\"position\":3,\"name\":\"CORTINAS\"}]},{\"@type\":\"WebSite\",\"@id\":\"https:\/\/www.francmobiliari.com\/#website\",\"url\":\"https:\/\/www.francmobiliari.com\/\",\"name\":\"francmobiliari.com\",\"description\":\"\",\"publisher\":{\"@id\":\"https:\/\/www.francmobiliari.com\/#organization\"},\"potentialAction\":[{\"@type\":\"SearchAction\",\"target\":{\"@type\":\"EntryPoint\",\"urlTemplate\":\"https:\/\/www.francmobiliari.com\/?s={search_term_string}\"},\"query-input\":{\"@type\":\"PropertyValueSpecification\",\"valueRequired\":true,\"valueName\":\"search_term_string\"}}],\"inLanguage\":\"es\"},{\"@type\":\"Organization\",\"@id\":\"https:\/\/www.francmobiliari.com\/#organization\",\"name\":\"francmobiliari.com\",\"url\":\"https:\/\/www.francmobiliari.com\/\",\"logo\":{\"@type\":\"ImageObject\",\"inLanguage\":\"es\",\"@id\":\"https:\/\/www.francmobiliari.com\/#\/schema\/logo\/image\/\",\"url\":\"https:\/\/www.francmobiliari.com\/wp-content\/uploads\/2025\/07\/img-placeholder.png\",\"contentUrl\":\"https:\/\/www.francmobiliari.com\/wp-content\/uploads\/2025\/07\/img-placeholder.png\",\"width\":1500,\"height\":1500,\"caption\":\"francmobiliari.com\"},\"image\":{\"@id\":\"https:\/\/www.francmobiliari.com\/#\/schema\/logo\/image\/\"}}]}<\/script>\n<!-- \/ Yoast SEO plugin. -->","yoast_head_json":{"title":"CORTINAS - francmobiliari.com","robots":{"index":"index","follow":"follow","max-snippet":"max-snippet:-1","max-image-preview":"max-image-preview:large","max-video-preview":"max-video-preview:-1"},"canonical":"https:\/\/www.francmobiliari.com\/es\/producto\/cortinas\/","og_locale":"es_ES","og_type":"article","og_title":"CORTINAS - francmobiliari.com","og_description":"Vestir el espacio permite dar a su negocio un toque de personalidad. En FRANC disponemos de una amplia gama de cortinas y estores, tanto con filtro solar como con tejido decorativo u opaco. Enrollables o de lamas verticales, panel japon\u00e9s, venecianas de madera o de aluminio.   FICHA T\u00c9CNICA CORTINA VERTICAL  FICHA T\u00c9CNICA CORTINAS ENROLLABLES  FICHA T\u00c9CNICA CORTINAS PLISADAS  FICHA T\u00c9CNICA PANEL DESLIZANTE  FICHA T\u00c9CNICA VENECIANA ALUMINIO  FICHA T\u00c9CNICA VENECIANA DE MADERA   VENECIANAS DE ALUMINIO: Lamas met\u00e1licas de 16 mm o 25 mm de ancho, unidas con escalerilla de hilo. Sistema de cord\u00f3n y varilla para subir y girar las lamas. Posibilidad de mando \u00fanico de cadena o varilla flexible. Para fijaci\u00f3n tanto en pared como en techo. Opci\u00f3n de gu\u00eda por cable para ventanas, fijando la parte superior e inferior de la cortina. Posibilidad de accionamiento con motor y mando a distancia.  VENECIANAS DE MADERA: Lamas de madera de 50 mm de ancho, unidas con escalerilla de hilo o cinta de 38 mm de ancho. Sistema de cord\u00f3n y varilla para subir y girar las lamas. Posibilidad de mando \u00fanico de cadena o varilla flexible. Para fijaci\u00f3n tanto en pared como en techo. Opci\u00f3n de gu\u00eda por cable para ventanas, fijando la parte superior e inferior de la cortina. Posibilidad de accionamiento con motor y mando a distancia.  CORTINA VERTICAL: Lamas verticales de 89 mm, 127 mm o 250 mm de ancho. Guiadas por riel superior. De diferentes tipos de tejido (con filtro solar, ign\u00edfugo, PVC, poli\u00e9ster...) con distintos factores de apertura: 1%, 3%, 5% o 10%. Cadena inferior de separaci\u00f3n. Sistema de cord\u00f3n y cadena para mover y girar las lamas. Posibilidad de recogida a la izquierda, derecha, al centro o repartida a ambos lados. Diferentes tipos de montaje: recto, con cabezal inclinado, en escalera o cortina curva. Medidas m\u00e1ximas de fabricaci\u00f3n: 580 cm de ancho y 400 cm de alto.  CORTINA ENROLLABLE: Estor enrollable con sistema de cadena o manivela. Tubo superior de aluminio de 35 mm, 43 mm o 65 mm seg\u00fan la dimensi\u00f3n. Parte inferior con contrapeso redondo, plano u ovalado, visible u oculto. Diferentes tipos de tejido (con filtro solar, ign\u00edfugo, PVC, poli\u00e9ster...) con distintos factores de apertura: 1%, 3%, 5% o 10%. Para fijaci\u00f3n tanto en pared como en techo. Opci\u00f3n de gu\u00eda lateral con perfiler\u00eda de aluminio o varilla de acero. Posibilidad de accionamiento con motor y mando a distancia.  CORTINA PLISADA: Cortina con pliegues de 20 mm o 25 mm. Accionamiento para subir mediante cord\u00f3n o cadena. Perfil de aluminio superior e inferior. Diferentes tipos de tejido (con filtro solar, ign\u00edfugo, PVC, poli\u00e9ster...) con distintos factores de apertura: 1%, 3%, 5% o 10%. Para fijaci\u00f3n tanto en pared como en techo. Opci\u00f3n de gu\u00eda lateral con perfiler\u00eda de aluminio. Medidas m\u00e1ximas de fabricaci\u00f3n: 230 cm de ancho y 300 cm de alto.  PANEL DESLIZANTE: Fijaci\u00f3n a riel met\u00e1lico de 2, 3, 4 o 5 v\u00edas. Paneles fijos y m\u00f3viles de diferentes anchos. Sistema de cord\u00f3n o varilla para deslizar los paneles. Diferentes tipos de tejido (con filtro solar, ign\u00edfugo, PVC, poli\u00e9ster...) con distintos factores de apertura: 1%, 3%, 5% o 10%. Para fijaci\u00f3n tanto en pared como en techo. Medidas m\u00e1ximas de fabricaci\u00f3n: 600 cm de ancho y 300 cm de alto. Posibilidad de accionamiento con motor y mando a distancia.","og_url":"https:\/\/www.francmobiliari.com\/es\/producto\/cortinas\/","og_site_name":"francmobiliari.com","article_modified_time":"2025-08-01T20:24:15+00:00","og_image":[{"width":2560,"height":1440,"url":"https:\/\/www.francmobiliari.com\/wp-content\/uploads\/2025\/07\/MINIATURA-CORTINES-1.jpg","type":"image\/jpeg"}],"twitter_card":"summary_large_image","schema":{"@context":"https:\/\/schema.org","@graph":[{"@type":"WebPage","@id":"https:\/\/www.francmobiliari.com\/es\/producto\/cortinas\/","url":"https:\/\/www.francmobiliari.com\/es\/producto\/cortinas\/","name":"CORTINAS - francmobiliari.com","isPartOf":{"@id":"https:\/\/www.francmobiliari.com\/#website"},"primaryImageOfPage":{"@id":"https:\/\/www.francmobiliari.com\/es\/producto\/cortinas\/#primaryimage"},"image":{"@id":"https:\/\/www.francmobiliari.com\/es\/producto\/cortinas\/#primaryimage"},"thumbnailUrl":"https:\/\/www.francmobiliari.com\/wp-content\/uploads\/2025\/07\/MINIATURA-CORTINES-1.jpg","datePublished":"2025-07-17T15:47:47+00:00","dateModified":"2025-08-01T20:24:15+00:00","breadcrumb":{"@id":"https:\/\/www.francmobiliari.com\/es\/producto\/cortinas\/#breadcrumb"},"inLanguage":"es","potentialAction":[{"@type":"ReadAction","target":["https:\/\/www.francmobiliari.com\/es\/producto\/cortinas\/"]}]},{"@type":"ImageObject","inLanguage":"es","@id":"https:\/\/www.francmobiliari.com\/es\/producto\/cortinas\/#primaryimage","url":"https:\/\/www.francmobiliari.com\/wp-content\/uploads\/2025\/07\/MINIATURA-CORTINES-1.jpg","contentUrl":"https:\/\/www.francmobiliari.com\/wp-content\/uploads\/2025\/07\/MINIATURA-CORTINES-1.jpg","width":2560,"height":1440},{"@type":"BreadcrumbList","@id":"https:\/\/www.francmobiliari.com\/es\/producto\/cortinas\/#breadcrumb","itemListElement":[{"@type":"ListItem","position":1,"name":"Portada","item":"https:\/\/www.francmobiliari.com\/es\/inicio\/"},{"@type":"ListItem","position":2,"name":"Tienda","item":"https:\/\/www.francmobiliari.com\/es\/tienda\/"},{"@type":"ListItem","position":3,"name":"CORTINAS"}]},{"@type":"WebSite","@id":"https:\/\/www.francmobiliari.com\/#website","url":"https:\/\/www.francmobiliari.com\/","name":"francmobiliari.com","description":"","publisher":{"@id":"https:\/\/www.francmobiliari.com\/#organization"},"potentialAction":[{"@type":"SearchAction","target":{"@type":"EntryPoint","urlTemplate":"https:\/\/www.francmobiliari.com\/?s={search_term_string}"},"query-input":{"@type":"PropertyValueSpecification","valueRequired":true,"valueName":"search_term_string"}}],"inLanguage":"es"},{"@type":"Organization","@id":"https:\/\/www.francmobiliari.com\/#organization","name":"francmobiliari.com","url":"https:\/\/www.francmobiliari.com\/","logo":{"@type":"ImageObject","inLanguage":"es","@id":"https:\/\/www.francmobiliari.com\/#\/schema\/logo\/image\/","url":"https:\/\/www.francmobiliari.com\/wp-content\/uploads\/2025\/07\/img-placeholder.png","contentUrl":"https:\/\/www.francmobiliari.com\/wp-content\/uploads\/2025\/07\/img-placeholder.png","width":1500,"height":1500,"caption":"francmobiliari.com"},"image":{"@id":"https:\/\/www.francmobiliari.com\/#\/schema\/logo\/image\/"}}]}},"_links":{"self":[{"href":"https:\/\/www.francmobiliari.com\/es\/wp-json\/wp\/v2\/product\/6281","targetHints":{"allow":["GET"]}}],"collection":[{"href":"https:\/\/www.francmobiliari.com\/es\/wp-json\/wp\/v2\/product"}],"about":[{"href":"https:\/\/www.francmobiliari.com\/es\/wp-json\/wp\/v2\/types\/product"}],"wp:featuredmedia":[{"embeddable":true,"href":"https:\/\/www.francmobiliari.com\/es\/wp-json\/wp\/v2\/media\/3591"}],"wp:attachment":[{"href":"https:\/\/www.francmobiliari.com\/es\/wp-json\/wp\/v2\/media?parent=6281"}],"wp:term":[{"taxonomy":"product_brand","embeddable":true,"href":"https:\/\/www.francmobiliari.com\/es\/wp-json\/wp\/v2\/product_brand?post=6281"},{"taxonomy":"product_cat","embeddable":true,"href":"https:\/\/www.francmobiliari.com\/es\/wp-json\/wp\/v2\/product_cat?post=6281"},{"taxonomy":"product_tag","embeddable":true,"href":"https:\/\/www.francmobiliari.com\/es\/wp-json\/wp\/v2\/product_tag?post=6281"}],"curies":[{"name":"wp","href":"https:\/\/api.w.org\/{rel}","templated":true}]}}