{"id":6279,"date":"2025-07-17T17:48:54","date_gmt":"2025-07-17T15:48:54","guid":{"rendered":"https:\/\/www.francmobiliari.com\/producto\/panells-acustics-decoratius\/"},"modified":"2025-08-04T21:26:03","modified_gmt":"2025-08-04T19:26:03","slug":"paneles-acusticos-decorativos","status":"publish","type":"product","link":"https:\/\/www.francmobiliari.com\/es\/producto\/paneles-acusticos-decorativos\/","title":{"rendered":"PANELES AC\u00daSTICOS DECORATIVOS"},"content":{"rendered":false,"protected":false},"excerpt":{"rendered":"<p>Con formas tridimensionales para crear juegos de sombras en paredes, formas org\u00e1nicas para colgar en paredes o techos creando composiciones, o tipo bombos con formas org\u00e1nicas y angulares. Los paneles ac\u00fasticos tambi\u00e9n forman parte como elemento decorativo dentro de un espacio.<\/p>\n<ul>\n<li><a href=\"https:\/\/www.francmobiliari.com\/wp-content\/uploads\/2022\/11\/FITXA-TECNICA-MITESCO-BOTANICA-WALL-CEILING.pdf\" target=\"_blank\" rel=\"noopener\">FICHA T\u00c9CNICA MITESCO BOTANICA WALL CEILING<\/a><\/li>\n<li><a href=\"https:\/\/www.francmobiliari.com\/wp-content\/uploads\/2022\/11\/FITXA-TECNICA-MITESCO-BOTANICO-TOTEM.pdf\" target=\"_blank\" rel=\"noopener\">FICHA T\u00c9CNICA MITESCO BOTANICO TOTEM<\/a><\/li>\n<li><a href=\"https:\/\/www.francmobiliari.com\/wp-content\/uploads\/2022\/11\/FITXA-TECNICA-MITESCO-BOW.pdf\" target=\"_blank\" rel=\"noopener\">FICHA T\u00c9CNICA MITESCO BOW<\/a><\/li>\n<li><a href=\"https:\/\/www.francmobiliari.com\/wp-content\/uploads\/2022\/11\/FITXA-TECNICA-MITESCO-FLAP-MAXI-FLAP.pdf\" target=\"_blank\" rel=\"noopener\">FICHA T\u00c9CNICA MITESCO FLAP &#8211; MAXI FLAP<\/a><\/li>\n<li><a href=\"https:\/\/www.francmobiliari.com\/wp-content\/uploads\/2022\/11\/FITXA-TECNICA-MITESCO-FLAT.pdf\" target=\"_blank\" rel=\"noopener\">FICHA T\u00c9CNICA MITESCO FLAT<\/a><\/li>\n<li><a href=\"https:\/\/www.francmobiliari.com\/wp-content\/uploads\/2022\/11\/FITXA-TECNICA-MITESCO-SNOWGEMS-DIVIDER.pdf\" target=\"_blank\" rel=\"noopener\">FICHA T\u00c9CNICA MITESCO SNOWGEMS DIVIDER<\/a><\/li>\n<\/ul>\n","protected":false},"featured_media":3669,"template":"","meta":{"_acf_changed":false,"inline_featured_image":false,"_genesis_hide_title":false,"_genesis_hide_breadcrumbs":false,"_genesis_hide_singular_image":false,"_genesis_hide_footer_widgets":false,"_genesis_custom_body_class":"","_genesis_custom_post_class":"","_genesis_layout":"","_links_to":"","_links_to_target":""},"product_brand":[],"product_cat":[104],"product_tag":[],"class_list":{"0":"post-6279","1":"product","2":"type-product","3":"status-publish","4":"has-post-thumbnail","6":"product_cat-paneles-acusticos","7":"entry","9":"first","10":"instock","11":"shipping-taxable","12":"product-type-simple"},"acf":[],"yoast_head":"<!-- This site is optimized with the Yoast SEO plugin v26.2 - https:\/\/yoast.com\/wordpress\/plugins\/seo\/ -->\n<title>PANELES AC\u00daSTICOS DECORATIVOS - francmobiliari.com<\/title>\n<meta name=\"robots\" content=\"index, follow, max-snippet:-1, max-image-preview:large, max-video-preview:-1\" \/>\n<link rel=\"canonical\" href=\"https:\/\/www.francmobiliari.com\/es\/producto\/paneles-acusticos-decorativos\/\" \/>\n<meta property=\"og:locale\" content=\"es_ES\" \/>\n<meta property=\"og:type\" content=\"article\" \/>\n<meta property=\"og:title\" content=\"PANELES AC\u00daSTICOS DECORATIVOS - francmobiliari.com\" \/>\n<meta property=\"og:description\" content=\"Con formas tridimensionales para crear juegos de sombras en paredes, formas org\u00e1nicas para colgar en paredes o techos creando composiciones, o tipo bombos con formas org\u00e1nicas y angulares. Los paneles ac\u00fasticos tambi\u00e9n forman parte como elemento decorativo dentro de un espacio.   FICHA T\u00c9CNICA MITESCO BOTANICA WALL CEILING  FICHA T\u00c9CNICA MITESCO BOTANICO TOTEM  FICHA T\u00c9CNICA MITESCO BOW  FICHA T\u00c9CNICA MITESCO FLAP - MAXI FLAP  FICHA T\u00c9CNICA MITESCO FLAT  FICHA T\u00c9CNICA MITESCO SNOWGEMS DIVIDER\" \/>\n<meta property=\"og:url\" content=\"https:\/\/www.francmobiliari.com\/es\/producto\/paneles-acusticos-decorativos\/\" \/>\n<meta property=\"og:site_name\" content=\"francmobiliari.com\" \/>\n<meta property=\"article:modified_time\" content=\"2025-08-04T19:26:03+00:00\" \/>\n<meta property=\"og:image\" content=\"https:\/\/www.francmobiliari.com\/wp-content\/uploads\/2025\/07\/MINIATURA-PANELLS-ACUSTICS-DECORATIUS.jpg\" \/>\n\t<meta property=\"og:image:width\" content=\"768\" \/>\n\t<meta property=\"og:image:height\" content=\"1024\" \/>\n\t<meta property=\"og:image:type\" content=\"image\/jpeg\" \/>\n<meta name=\"twitter:card\" content=\"summary_large_image\" \/>\n<script type=\"application\/ld+json\" class=\"yoast-schema-graph\">{\"@context\":\"https:\/\/schema.org\",\"@graph\":[{\"@type\":\"WebPage\",\"@id\":\"https:\/\/www.francmobiliari.com\/es\/producto\/paneles-acusticos-decorativos\/\",\"url\":\"https:\/\/www.francmobiliari.com\/es\/producto\/paneles-acusticos-decorativos\/\",\"name\":\"PANELES AC\u00daSTICOS DECORATIVOS - francmobiliari.com\",\"isPartOf\":{\"@id\":\"https:\/\/www.francmobiliari.com\/#website\"},\"primaryImageOfPage\":{\"@id\":\"https:\/\/www.francmobiliari.com\/es\/producto\/paneles-acusticos-decorativos\/#primaryimage\"},\"image\":{\"@id\":\"https:\/\/www.francmobiliari.com\/es\/producto\/paneles-acusticos-decorativos\/#primaryimage\"},\"thumbnailUrl\":\"https:\/\/www.francmobiliari.com\/wp-content\/uploads\/2025\/07\/MINIATURA-PANELLS-ACUSTICS-DECORATIUS.jpg\",\"datePublished\":\"2025-07-17T15:48:54+00:00\",\"dateModified\":\"2025-08-04T19:26:03+00:00\",\"breadcrumb\":{\"@id\":\"https:\/\/www.francmobiliari.com\/es\/producto\/paneles-acusticos-decorativos\/#breadcrumb\"},\"inLanguage\":\"es\",\"potentialAction\":[{\"@type\":\"ReadAction\",\"target\":[\"https:\/\/www.francmobiliari.com\/es\/producto\/paneles-acusticos-decorativos\/\"]}]},{\"@type\":\"ImageObject\",\"inLanguage\":\"es\",\"@id\":\"https:\/\/www.francmobiliari.com\/es\/producto\/paneles-acusticos-decorativos\/#primaryimage\",\"url\":\"https:\/\/www.francmobiliari.com\/wp-content\/uploads\/2025\/07\/MINIATURA-PANELLS-ACUSTICS-DECORATIUS.jpg\",\"contentUrl\":\"https:\/\/www.francmobiliari.com\/wp-content\/uploads\/2025\/07\/MINIATURA-PANELLS-ACUSTICS-DECORATIUS.jpg\",\"width\":768,\"height\":1024},{\"@type\":\"BreadcrumbList\",\"@id\":\"https:\/\/www.francmobiliari.com\/es\/producto\/paneles-acusticos-decorativos\/#breadcrumb\",\"itemListElement\":[{\"@type\":\"ListItem\",\"position\":1,\"name\":\"Portada\",\"item\":\"https:\/\/www.francmobiliari.com\/es\/inicio\/\"},{\"@type\":\"ListItem\",\"position\":2,\"name\":\"Tienda\",\"item\":\"https:\/\/www.francmobiliari.com\/es\/tienda\/\"},{\"@type\":\"ListItem\",\"position\":3,\"name\":\"PANELES AC\u00daSTICOS DECORATIVOS\"}]},{\"@type\":\"WebSite\",\"@id\":\"https:\/\/www.francmobiliari.com\/#website\",\"url\":\"https:\/\/www.francmobiliari.com\/\",\"name\":\"francmobiliari.com\",\"description\":\"\",\"publisher\":{\"@id\":\"https:\/\/www.francmobiliari.com\/#organization\"},\"potentialAction\":[{\"@type\":\"SearchAction\",\"target\":{\"@type\":\"EntryPoint\",\"urlTemplate\":\"https:\/\/www.francmobiliari.com\/?s={search_term_string}\"},\"query-input\":{\"@type\":\"PropertyValueSpecification\",\"valueRequired\":true,\"valueName\":\"search_term_string\"}}],\"inLanguage\":\"es\"},{\"@type\":\"Organization\",\"@id\":\"https:\/\/www.francmobiliari.com\/#organization\",\"name\":\"francmobiliari.com\",\"url\":\"https:\/\/www.francmobiliari.com\/\",\"logo\":{\"@type\":\"ImageObject\",\"inLanguage\":\"es\",\"@id\":\"https:\/\/www.francmobiliari.com\/#\/schema\/logo\/image\/\",\"url\":\"https:\/\/www.francmobiliari.com\/wp-content\/uploads\/2025\/07\/img-placeholder.png\",\"contentUrl\":\"https:\/\/www.francmobiliari.com\/wp-content\/uploads\/2025\/07\/img-placeholder.png\",\"width\":1500,\"height\":1500,\"caption\":\"francmobiliari.com\"},\"image\":{\"@id\":\"https:\/\/www.francmobiliari.com\/#\/schema\/logo\/image\/\"}}]}<\/script>\n<!-- \/ Yoast SEO plugin. -->","yoast_head_json":{"title":"PANELES AC\u00daSTICOS DECORATIVOS - francmobiliari.com","robots":{"index":"index","follow":"follow","max-snippet":"max-snippet:-1","max-image-preview":"max-image-preview:large","max-video-preview":"max-video-preview:-1"},"canonical":"https:\/\/www.francmobiliari.com\/es\/producto\/paneles-acusticos-decorativos\/","og_locale":"es_ES","og_type":"article","og_title":"PANELES AC\u00daSTICOS DECORATIVOS - francmobiliari.com","og_description":"Con formas tridimensionales para crear juegos de sombras en paredes, formas org\u00e1nicas para colgar en paredes o techos creando composiciones, o tipo bombos con formas org\u00e1nicas y angulares. Los paneles ac\u00fasticos tambi\u00e9n forman parte como elemento decorativo dentro de un espacio.   FICHA T\u00c9CNICA MITESCO BOTANICA WALL CEILING  FICHA T\u00c9CNICA MITESCO BOTANICO TOTEM  FICHA T\u00c9CNICA MITESCO BOW  FICHA T\u00c9CNICA MITESCO FLAP - MAXI FLAP  FICHA T\u00c9CNICA MITESCO FLAT  FICHA T\u00c9CNICA MITESCO SNOWGEMS DIVIDER","og_url":"https:\/\/www.francmobiliari.com\/es\/producto\/paneles-acusticos-decorativos\/","og_site_name":"francmobiliari.com","article_modified_time":"2025-08-04T19:26:03+00:00","og_image":[{"width":768,"height":1024,"url":"https:\/\/www.francmobiliari.com\/wp-content\/uploads\/2025\/07\/MINIATURA-PANELLS-ACUSTICS-DECORATIUS.jpg","type":"image\/jpeg"}],"twitter_card":"summary_large_image","schema":{"@context":"https:\/\/schema.org","@graph":[{"@type":"WebPage","@id":"https:\/\/www.francmobiliari.com\/es\/producto\/paneles-acusticos-decorativos\/","url":"https:\/\/www.francmobiliari.com\/es\/producto\/paneles-acusticos-decorativos\/","name":"PANELES AC\u00daSTICOS DECORATIVOS - francmobiliari.com","isPartOf":{"@id":"https:\/\/www.francmobiliari.com\/#website"},"primaryImageOfPage":{"@id":"https:\/\/www.francmobiliari.com\/es\/producto\/paneles-acusticos-decorativos\/#primaryimage"},"image":{"@id":"https:\/\/www.francmobiliari.com\/es\/producto\/paneles-acusticos-decorativos\/#primaryimage"},"thumbnailUrl":"https:\/\/www.francmobiliari.com\/wp-content\/uploads\/2025\/07\/MINIATURA-PANELLS-ACUSTICS-DECORATIUS.jpg","datePublished":"2025-07-17T15:48:54+00:00","dateModified":"2025-08-04T19:26:03+00:00","breadcrumb":{"@id":"https:\/\/www.francmobiliari.com\/es\/producto\/paneles-acusticos-decorativos\/#breadcrumb"},"inLanguage":"es","potentialAction":[{"@type":"ReadAction","target":["https:\/\/www.francmobiliari.com\/es\/producto\/paneles-acusticos-decorativos\/"]}]},{"@type":"ImageObject","inLanguage":"es","@id":"https:\/\/www.francmobiliari.com\/es\/producto\/paneles-acusticos-decorativos\/#primaryimage","url":"https:\/\/www.francmobiliari.com\/wp-content\/uploads\/2025\/07\/MINIATURA-PANELLS-ACUSTICS-DECORATIUS.jpg","contentUrl":"https:\/\/www.francmobiliari.com\/wp-content\/uploads\/2025\/07\/MINIATURA-PANELLS-ACUSTICS-DECORATIUS.jpg","width":768,"height":1024},{"@type":"BreadcrumbList","@id":"https:\/\/www.francmobiliari.com\/es\/producto\/paneles-acusticos-decorativos\/#breadcrumb","itemListElement":[{"@type":"ListItem","position":1,"name":"Portada","item":"https:\/\/www.francmobiliari.com\/es\/inicio\/"},{"@type":"ListItem","position":2,"name":"Tienda","item":"https:\/\/www.francmobiliari.com\/es\/tienda\/"},{"@type":"ListItem","position":3,"name":"PANELES AC\u00daSTICOS DECORATIVOS"}]},{"@type":"WebSite","@id":"https:\/\/www.francmobiliari.com\/#website","url":"https:\/\/www.francmobiliari.com\/","name":"francmobiliari.com","description":"","publisher":{"@id":"https:\/\/www.francmobiliari.com\/#organization"},"potentialAction":[{"@type":"SearchAction","target":{"@type":"EntryPoint","urlTemplate":"https:\/\/www.francmobiliari.com\/?s={search_term_string}"},"query-input":{"@type":"PropertyValueSpecification","valueRequired":true,"valueName":"search_term_string"}}],"inLanguage":"es"},{"@type":"Organization","@id":"https:\/\/www.francmobiliari.com\/#organization","name":"francmobiliari.com","url":"https:\/\/www.francmobiliari.com\/","logo":{"@type":"ImageObject","inLanguage":"es","@id":"https:\/\/www.francmobiliari.com\/#\/schema\/logo\/image\/","url":"https:\/\/www.francmobiliari.com\/wp-content\/uploads\/2025\/07\/img-placeholder.png","contentUrl":"https:\/\/www.francmobiliari.com\/wp-content\/uploads\/2025\/07\/img-placeholder.png","width":1500,"height":1500,"caption":"francmobiliari.com"},"image":{"@id":"https:\/\/www.francmobiliari.com\/#\/schema\/logo\/image\/"}}]}},"_links":{"self":[{"href":"https:\/\/www.francmobiliari.com\/es\/wp-json\/wp\/v2\/product\/6279","targetHints":{"allow":["GET"]}}],"collection":[{"href":"https:\/\/www.francmobiliari.com\/es\/wp-json\/wp\/v2\/product"}],"about":[{"href":"https:\/\/www.francmobiliari.com\/es\/wp-json\/wp\/v2\/types\/product"}],"wp:featuredmedia":[{"embeddable":true,"href":"https:\/\/www.francmobiliari.com\/es\/wp-json\/wp\/v2\/media\/3669"}],"wp:attachment":[{"href":"https:\/\/www.francmobiliari.com\/es\/wp-json\/wp\/v2\/media?parent=6279"}],"wp:term":[{"taxonomy":"product_brand","embeddable":true,"href":"https:\/\/www.francmobiliari.com\/es\/wp-json\/wp\/v2\/product_brand?post=6279"},{"taxonomy":"product_cat","embeddable":true,"href":"https:\/\/www.francmobiliari.com\/es\/wp-json\/wp\/v2\/product_cat?post=6279"},{"taxonomy":"product_tag","embeddable":true,"href":"https:\/\/www.francmobiliari.com\/es\/wp-json\/wp\/v2\/product_tag?post=6279"}],"curies":[{"name":"wp","href":"https:\/\/api.w.org\/{rel}","templated":true}]}}