{"id":6268,"date":"2025-07-17T17:48:23","date_gmt":"2025-07-17T15:48:23","guid":{"rendered":"https:\/\/www.francmobiliari.com\/producto\/panells-acustics-per-a-taules\/"},"modified":"2025-08-04T21:30:37","modified_gmt":"2025-08-04T19:30:37","slug":"paneles-acusticos-para-mesas","status":"publish","type":"product","link":"https:\/\/www.francmobiliari.com\/es\/producto\/paneles-acusticos-para-mesas\/","title":{"rendered":"PANELES AC\u00daSTICOS PARA MESAS"},"content":{"rendered":false,"protected":false},"excerpt":{"rendered":"<p>Con diferentes opciones de soportes de acero, los paneles para mesas pueden colocarse de forma frontal con pinzas, o en la parte superior con bases de superficie o atornillados. Tambi\u00e9n acoplados a los escritorios hasta el suelo para proporcionar mayor privacidad en la divisi\u00f3n de los puestos de trabajo.<\/p>\n<ul>\n<li><a href=\"https:\/\/www.francmobiliari.com\/wp-content\/uploads\/2022\/11\/FITXA-TECNICA-MITESCO-CORNER.pdf\" target=\"_blank\" rel=\"noopener\">FICHA T\u00c9CNICA MITESCO CORNER<\/a><\/li>\n<li><a href=\"https:\/\/www.francmobiliari.com\/wp-content\/uploads\/2022\/11\/FITXA-TECNICA-MITESCO-MINIMAL.pdf\" target=\"_blank\" rel=\"noopener\">FICHA T\u00c9CNICA MITESCO MINIMAL<\/a><\/li>\n<li><a href=\"https:\/\/www.francmobiliari.com\/wp-content\/uploads\/2022\/11\/FITXA-TECNICA-MITESCO-SNOW-FRONT.pdf\" target=\"_blank\" rel=\"noopener\">FICHA T\u00c9CNICA MITESCO SNOW FRONT<\/a><\/li>\n<li><a href=\"https:\/\/www.francmobiliari.com\/wp-content\/uploads\/2022\/11\/FITXA-TECNICA-OVERSIZE-DESK.pdf\" target=\"_blank\" rel=\"noopener\">FICHA T\u00c9CNICA OVERSIZE DESK<\/a><\/li>\n<\/ul>\n","protected":false},"featured_media":3633,"template":"","meta":{"_acf_changed":false,"inline_featured_image":false,"_genesis_hide_title":false,"_genesis_hide_breadcrumbs":false,"_genesis_hide_singular_image":false,"_genesis_hide_footer_widgets":false,"_genesis_custom_body_class":"","_genesis_custom_post_class":"","_genesis_layout":"","_links_to":"","_links_to_target":""},"product_brand":[],"product_cat":[104],"product_tag":[],"class_list":{"0":"post-6268","1":"product","2":"type-product","3":"status-publish","4":"has-post-thumbnail","6":"product_cat-paneles-acusticos","7":"entry","9":"first","10":"instock","11":"shipping-taxable","12":"product-type-simple"},"acf":[],"yoast_head":"<!-- This site is optimized with the Yoast SEO plugin v26.2 - https:\/\/yoast.com\/wordpress\/plugins\/seo\/ -->\n<title>PANELES AC\u00daSTICOS PARA MESAS - francmobiliari.com<\/title>\n<meta name=\"robots\" content=\"index, follow, max-snippet:-1, max-image-preview:large, max-video-preview:-1\" \/>\n<link rel=\"canonical\" href=\"https:\/\/www.francmobiliari.com\/es\/producto\/paneles-acusticos-para-mesas\/\" \/>\n<meta property=\"og:locale\" content=\"es_ES\" \/>\n<meta property=\"og:type\" content=\"article\" \/>\n<meta property=\"og:title\" content=\"PANELES AC\u00daSTICOS PARA MESAS - francmobiliari.com\" \/>\n<meta property=\"og:description\" content=\"Con diferentes opciones de soportes de acero, los paneles para mesas pueden colocarse de forma frontal con pinzas, o en la parte superior con bases de superficie o atornillados. Tambi\u00e9n acoplados a los escritorios hasta el suelo para proporcionar mayor privacidad en la divisi\u00f3n de los puestos de trabajo.   FICHA T\u00c9CNICA MITESCO CORNER  FICHA T\u00c9CNICA MITESCO MINIMAL  FICHA T\u00c9CNICA MITESCO SNOW FRONT  FICHA T\u00c9CNICA OVERSIZE DESK\" \/>\n<meta property=\"og:url\" content=\"https:\/\/www.francmobiliari.com\/es\/producto\/paneles-acusticos-para-mesas\/\" \/>\n<meta property=\"og:site_name\" content=\"francmobiliari.com\" \/>\n<meta property=\"article:modified_time\" content=\"2025-08-04T19:30:37+00:00\" \/>\n<meta property=\"og:image\" content=\"https:\/\/www.francmobiliari.com\/wp-content\/uploads\/2025\/07\/MINIATURA-PANELLS-ACUSTICS-PER-A-TAULES.jpg\" \/>\n\t<meta property=\"og:image:width\" content=\"1024\" \/>\n\t<meta property=\"og:image:height\" content=\"799\" \/>\n\t<meta property=\"og:image:type\" content=\"image\/jpeg\" \/>\n<meta name=\"twitter:card\" content=\"summary_large_image\" \/>\n<script type=\"application\/ld+json\" class=\"yoast-schema-graph\">{\"@context\":\"https:\/\/schema.org\",\"@graph\":[{\"@type\":\"WebPage\",\"@id\":\"https:\/\/www.francmobiliari.com\/es\/producto\/paneles-acusticos-para-mesas\/\",\"url\":\"https:\/\/www.francmobiliari.com\/es\/producto\/paneles-acusticos-para-mesas\/\",\"name\":\"PANELES AC\u00daSTICOS PARA MESAS - francmobiliari.com\",\"isPartOf\":{\"@id\":\"https:\/\/www.francmobiliari.com\/#website\"},\"primaryImageOfPage\":{\"@id\":\"https:\/\/www.francmobiliari.com\/es\/producto\/paneles-acusticos-para-mesas\/#primaryimage\"},\"image\":{\"@id\":\"https:\/\/www.francmobiliari.com\/es\/producto\/paneles-acusticos-para-mesas\/#primaryimage\"},\"thumbnailUrl\":\"https:\/\/www.francmobiliari.com\/wp-content\/uploads\/2025\/07\/MINIATURA-PANELLS-ACUSTICS-PER-A-TAULES.jpg\",\"datePublished\":\"2025-07-17T15:48:23+00:00\",\"dateModified\":\"2025-08-04T19:30:37+00:00\",\"breadcrumb\":{\"@id\":\"https:\/\/www.francmobiliari.com\/es\/producto\/paneles-acusticos-para-mesas\/#breadcrumb\"},\"inLanguage\":\"es\",\"potentialAction\":[{\"@type\":\"ReadAction\",\"target\":[\"https:\/\/www.francmobiliari.com\/es\/producto\/paneles-acusticos-para-mesas\/\"]}]},{\"@type\":\"ImageObject\",\"inLanguage\":\"es\",\"@id\":\"https:\/\/www.francmobiliari.com\/es\/producto\/paneles-acusticos-para-mesas\/#primaryimage\",\"url\":\"https:\/\/www.francmobiliari.com\/wp-content\/uploads\/2025\/07\/MINIATURA-PANELLS-ACUSTICS-PER-A-TAULES.jpg\",\"contentUrl\":\"https:\/\/www.francmobiliari.com\/wp-content\/uploads\/2025\/07\/MINIATURA-PANELLS-ACUSTICS-PER-A-TAULES.jpg\",\"width\":1024,\"height\":799},{\"@type\":\"BreadcrumbList\",\"@id\":\"https:\/\/www.francmobiliari.com\/es\/producto\/paneles-acusticos-para-mesas\/#breadcrumb\",\"itemListElement\":[{\"@type\":\"ListItem\",\"position\":1,\"name\":\"Portada\",\"item\":\"https:\/\/www.francmobiliari.com\/es\/inicio\/\"},{\"@type\":\"ListItem\",\"position\":2,\"name\":\"Tienda\",\"item\":\"https:\/\/www.francmobiliari.com\/es\/tienda\/\"},{\"@type\":\"ListItem\",\"position\":3,\"name\":\"PANELES AC\u00daSTICOS PARA MESAS\"}]},{\"@type\":\"WebSite\",\"@id\":\"https:\/\/www.francmobiliari.com\/#website\",\"url\":\"https:\/\/www.francmobiliari.com\/\",\"name\":\"francmobiliari.com\",\"description\":\"\",\"publisher\":{\"@id\":\"https:\/\/www.francmobiliari.com\/#organization\"},\"potentialAction\":[{\"@type\":\"SearchAction\",\"target\":{\"@type\":\"EntryPoint\",\"urlTemplate\":\"https:\/\/www.francmobiliari.com\/?s={search_term_string}\"},\"query-input\":{\"@type\":\"PropertyValueSpecification\",\"valueRequired\":true,\"valueName\":\"search_term_string\"}}],\"inLanguage\":\"es\"},{\"@type\":\"Organization\",\"@id\":\"https:\/\/www.francmobiliari.com\/#organization\",\"name\":\"francmobiliari.com\",\"url\":\"https:\/\/www.francmobiliari.com\/\",\"logo\":{\"@type\":\"ImageObject\",\"inLanguage\":\"es\",\"@id\":\"https:\/\/www.francmobiliari.com\/#\/schema\/logo\/image\/\",\"url\":\"https:\/\/www.francmobiliari.com\/wp-content\/uploads\/2025\/07\/img-placeholder.png\",\"contentUrl\":\"https:\/\/www.francmobiliari.com\/wp-content\/uploads\/2025\/07\/img-placeholder.png\",\"width\":1500,\"height\":1500,\"caption\":\"francmobiliari.com\"},\"image\":{\"@id\":\"https:\/\/www.francmobiliari.com\/#\/schema\/logo\/image\/\"}}]}<\/script>\n<!-- \/ Yoast SEO plugin. -->","yoast_head_json":{"title":"PANELES AC\u00daSTICOS PARA MESAS - francmobiliari.com","robots":{"index":"index","follow":"follow","max-snippet":"max-snippet:-1","max-image-preview":"max-image-preview:large","max-video-preview":"max-video-preview:-1"},"canonical":"https:\/\/www.francmobiliari.com\/es\/producto\/paneles-acusticos-para-mesas\/","og_locale":"es_ES","og_type":"article","og_title":"PANELES AC\u00daSTICOS PARA MESAS - francmobiliari.com","og_description":"Con diferentes opciones de soportes de acero, los paneles para mesas pueden colocarse de forma frontal con pinzas, o en la parte superior con bases de superficie o atornillados. Tambi\u00e9n acoplados a los escritorios hasta el suelo para proporcionar mayor privacidad en la divisi\u00f3n de los puestos de trabajo.   FICHA T\u00c9CNICA MITESCO CORNER  FICHA T\u00c9CNICA MITESCO MINIMAL  FICHA T\u00c9CNICA MITESCO SNOW FRONT  FICHA T\u00c9CNICA OVERSIZE DESK","og_url":"https:\/\/www.francmobiliari.com\/es\/producto\/paneles-acusticos-para-mesas\/","og_site_name":"francmobiliari.com","article_modified_time":"2025-08-04T19:30:37+00:00","og_image":[{"width":1024,"height":799,"url":"https:\/\/www.francmobiliari.com\/wp-content\/uploads\/2025\/07\/MINIATURA-PANELLS-ACUSTICS-PER-A-TAULES.jpg","type":"image\/jpeg"}],"twitter_card":"summary_large_image","schema":{"@context":"https:\/\/schema.org","@graph":[{"@type":"WebPage","@id":"https:\/\/www.francmobiliari.com\/es\/producto\/paneles-acusticos-para-mesas\/","url":"https:\/\/www.francmobiliari.com\/es\/producto\/paneles-acusticos-para-mesas\/","name":"PANELES AC\u00daSTICOS PARA MESAS - francmobiliari.com","isPartOf":{"@id":"https:\/\/www.francmobiliari.com\/#website"},"primaryImageOfPage":{"@id":"https:\/\/www.francmobiliari.com\/es\/producto\/paneles-acusticos-para-mesas\/#primaryimage"},"image":{"@id":"https:\/\/www.francmobiliari.com\/es\/producto\/paneles-acusticos-para-mesas\/#primaryimage"},"thumbnailUrl":"https:\/\/www.francmobiliari.com\/wp-content\/uploads\/2025\/07\/MINIATURA-PANELLS-ACUSTICS-PER-A-TAULES.jpg","datePublished":"2025-07-17T15:48:23+00:00","dateModified":"2025-08-04T19:30:37+00:00","breadcrumb":{"@id":"https:\/\/www.francmobiliari.com\/es\/producto\/paneles-acusticos-para-mesas\/#breadcrumb"},"inLanguage":"es","potentialAction":[{"@type":"ReadAction","target":["https:\/\/www.francmobiliari.com\/es\/producto\/paneles-acusticos-para-mesas\/"]}]},{"@type":"ImageObject","inLanguage":"es","@id":"https:\/\/www.francmobiliari.com\/es\/producto\/paneles-acusticos-para-mesas\/#primaryimage","url":"https:\/\/www.francmobiliari.com\/wp-content\/uploads\/2025\/07\/MINIATURA-PANELLS-ACUSTICS-PER-A-TAULES.jpg","contentUrl":"https:\/\/www.francmobiliari.com\/wp-content\/uploads\/2025\/07\/MINIATURA-PANELLS-ACUSTICS-PER-A-TAULES.jpg","width":1024,"height":799},{"@type":"BreadcrumbList","@id":"https:\/\/www.francmobiliari.com\/es\/producto\/paneles-acusticos-para-mesas\/#breadcrumb","itemListElement":[{"@type":"ListItem","position":1,"name":"Portada","item":"https:\/\/www.francmobiliari.com\/es\/inicio\/"},{"@type":"ListItem","position":2,"name":"Tienda","item":"https:\/\/www.francmobiliari.com\/es\/tienda\/"},{"@type":"ListItem","position":3,"name":"PANELES AC\u00daSTICOS PARA MESAS"}]},{"@type":"WebSite","@id":"https:\/\/www.francmobiliari.com\/#website","url":"https:\/\/www.francmobiliari.com\/","name":"francmobiliari.com","description":"","publisher":{"@id":"https:\/\/www.francmobiliari.com\/#organization"},"potentialAction":[{"@type":"SearchAction","target":{"@type":"EntryPoint","urlTemplate":"https:\/\/www.francmobiliari.com\/?s={search_term_string}"},"query-input":{"@type":"PropertyValueSpecification","valueRequired":true,"valueName":"search_term_string"}}],"inLanguage":"es"},{"@type":"Organization","@id":"https:\/\/www.francmobiliari.com\/#organization","name":"francmobiliari.com","url":"https:\/\/www.francmobiliari.com\/","logo":{"@type":"ImageObject","inLanguage":"es","@id":"https:\/\/www.francmobiliari.com\/#\/schema\/logo\/image\/","url":"https:\/\/www.francmobiliari.com\/wp-content\/uploads\/2025\/07\/img-placeholder.png","contentUrl":"https:\/\/www.francmobiliari.com\/wp-content\/uploads\/2025\/07\/img-placeholder.png","width":1500,"height":1500,"caption":"francmobiliari.com"},"image":{"@id":"https:\/\/www.francmobiliari.com\/#\/schema\/logo\/image\/"}}]}},"_links":{"self":[{"href":"https:\/\/www.francmobiliari.com\/es\/wp-json\/wp\/v2\/product\/6268","targetHints":{"allow":["GET"]}}],"collection":[{"href":"https:\/\/www.francmobiliari.com\/es\/wp-json\/wp\/v2\/product"}],"about":[{"href":"https:\/\/www.francmobiliari.com\/es\/wp-json\/wp\/v2\/types\/product"}],"wp:featuredmedia":[{"embeddable":true,"href":"https:\/\/www.francmobiliari.com\/es\/wp-json\/wp\/v2\/media\/3633"}],"wp:attachment":[{"href":"https:\/\/www.francmobiliari.com\/es\/wp-json\/wp\/v2\/media?parent=6268"}],"wp:term":[{"taxonomy":"product_brand","embeddable":true,"href":"https:\/\/www.francmobiliari.com\/es\/wp-json\/wp\/v2\/product_brand?post=6268"},{"taxonomy":"product_cat","embeddable":true,"href":"https:\/\/www.francmobiliari.com\/es\/wp-json\/wp\/v2\/product_cat?post=6268"},{"taxonomy":"product_tag","embeddable":true,"href":"https:\/\/www.francmobiliari.com\/es\/wp-json\/wp\/v2\/product_tag?post=6268"}],"curies":[{"name":"wp","href":"https:\/\/api.w.org\/{rel}","templated":true}]}}