{"id":6214,"date":"2025-07-17T17:49:50","date_gmt":"2025-07-17T15:49:50","guid":{"rendered":"https:\/\/www.francmobiliari.com\/producto\/pissarres-murals-blanques-magnetiques\/"},"modified":"2025-08-01T21:24:01","modified_gmt":"2025-08-01T19:24:01","slug":"pizarras-murales-blancas-magneticas","status":"publish","type":"product","link":"https:\/\/www.francmobiliari.com\/es\/producto\/pizarras-murales-blancas-magneticas\/","title":{"rendered":"PIZARRAS MURALES BLANCAS MAGN\u00c9TICAS"},"content":{"rendered":false,"protected":false},"excerpt":{"rendered":"<p>Reescribibles. Murales de acero vitrificado, laminadas y de vidrio. Cuadriculadas, con pentagrama, d\u00edpticas. De diferentes tama\u00f1os.<\/p>\n<ul>\n<li><a href=\"https:\/\/www.francmobiliari.com\/wp-content\/uploads\/2022\/11\/CATALEG-PISSARRES-MAGNETIQUES-BLANQUES-O-VERDES.pdf\" target=\"_blank\" rel=\"noopener\">CAT\u00c1LOGO PIZARRAS MAGN\u00c9TICAS BLANCAS O VERDES<\/a><\/li>\n<li><a href=\"https:\/\/www.francmobiliari.com\/wp-content\/uploads\/2022\/11\/CATALEG-PISSARRES-MAGNETIQUES-DIPTIQUES-I-TRIPTIQUES.pdf\" target=\"_blank\" rel=\"noopener\">CAT\u00c1LOGO PIZARRAS MAGN\u00c9TICAS D\u00cdPTICAS Y TR\u00cdPTICAS<\/a><\/li>\n<li><a href=\"https:\/\/www.francmobiliari.com\/wp-content\/uploads\/2022\/11\/CATALEG-PISSARRES-MAGNETIQUES-MODEL-SLIM.pdf\" target=\"_blank\" rel=\"noopener\">CAT\u00c1LOGO PIZARRAS MAGN\u00c9TICAS MODELO SLIM<\/a><\/li>\n<\/ul>\n","protected":false},"featured_media":3805,"template":"","meta":{"_acf_changed":false,"inline_featured_image":false,"_genesis_hide_title":false,"_genesis_hide_breadcrumbs":false,"_genesis_hide_singular_image":false,"_genesis_hide_footer_widgets":false,"_genesis_custom_body_class":"","_genesis_custom_post_class":"","_genesis_layout":"","_links_to":"","_links_to_target":""},"product_brand":[],"product_cat":[108],"product_tag":[],"class_list":{"0":"post-6214","1":"product","2":"type-product","3":"status-publish","4":"has-post-thumbnail","6":"product_cat-pizarras","7":"entry","9":"first","10":"instock","11":"shipping-taxable","12":"product-type-simple"},"acf":[],"yoast_head":"<!-- This site is optimized with the Yoast SEO plugin v26.2 - https:\/\/yoast.com\/wordpress\/plugins\/seo\/ -->\n<title>PIZARRAS MURALES BLANCAS MAGN\u00c9TICAS - francmobiliari.com<\/title>\n<meta name=\"robots\" content=\"index, follow, max-snippet:-1, max-image-preview:large, max-video-preview:-1\" \/>\n<link rel=\"canonical\" href=\"https:\/\/www.francmobiliari.com\/es\/producto\/pizarras-murales-blancas-magneticas\/\" \/>\n<meta property=\"og:locale\" content=\"es_ES\" \/>\n<meta property=\"og:type\" content=\"article\" \/>\n<meta property=\"og:title\" content=\"PIZARRAS MURALES BLANCAS MAGN\u00c9TICAS - francmobiliari.com\" \/>\n<meta property=\"og:description\" content=\"Reescribibles. Murales de acero vitrificado, laminadas y de vidrio. Cuadriculadas, con pentagrama, d\u00edpticas. De diferentes tama\u00f1os.   CAT\u00c1LOGO PIZARRAS MAGN\u00c9TICAS BLANCAS O VERDES  CAT\u00c1LOGO PIZARRAS MAGN\u00c9TICAS D\u00cdPTICAS Y TR\u00cdPTICAS  CAT\u00c1LOGO PIZARRAS MAGN\u00c9TICAS MODELO SLIM\" \/>\n<meta property=\"og:url\" content=\"https:\/\/www.francmobiliari.com\/es\/producto\/pizarras-murales-blancas-magneticas\/\" \/>\n<meta property=\"og:site_name\" content=\"francmobiliari.com\" \/>\n<meta property=\"article:modified_time\" content=\"2025-08-01T19:24:01+00:00\" \/>\n<meta property=\"og:image\" content=\"https:\/\/www.francmobiliari.com\/wp-content\/uploads\/2025\/07\/MINIATURA-PISSARRES-MURALS-BLANQUES-MAGNETIQUES-scaled-1.jpg\" \/>\n\t<meta property=\"og:image:width\" content=\"2560\" \/>\n\t<meta property=\"og:image:height\" content=\"1716\" \/>\n\t<meta property=\"og:image:type\" content=\"image\/jpeg\" \/>\n<meta name=\"twitter:card\" content=\"summary_large_image\" \/>\n<script type=\"application\/ld+json\" class=\"yoast-schema-graph\">{\"@context\":\"https:\/\/schema.org\",\"@graph\":[{\"@type\":\"WebPage\",\"@id\":\"https:\/\/www.francmobiliari.com\/es\/producto\/pizarras-murales-blancas-magneticas\/\",\"url\":\"https:\/\/www.francmobiliari.com\/es\/producto\/pizarras-murales-blancas-magneticas\/\",\"name\":\"PIZARRAS MURALES BLANCAS MAGN\u00c9TICAS - francmobiliari.com\",\"isPartOf\":{\"@id\":\"https:\/\/www.francmobiliari.com\/#website\"},\"primaryImageOfPage\":{\"@id\":\"https:\/\/www.francmobiliari.com\/es\/producto\/pizarras-murales-blancas-magneticas\/#primaryimage\"},\"image\":{\"@id\":\"https:\/\/www.francmobiliari.com\/es\/producto\/pizarras-murales-blancas-magneticas\/#primaryimage\"},\"thumbnailUrl\":\"https:\/\/www.francmobiliari.com\/wp-content\/uploads\/2025\/07\/MINIATURA-PISSARRES-MURALS-BLANQUES-MAGNETIQUES-scaled-1.jpg\",\"datePublished\":\"2025-07-17T15:49:50+00:00\",\"dateModified\":\"2025-08-01T19:24:01+00:00\",\"breadcrumb\":{\"@id\":\"https:\/\/www.francmobiliari.com\/es\/producto\/pizarras-murales-blancas-magneticas\/#breadcrumb\"},\"inLanguage\":\"es\",\"potentialAction\":[{\"@type\":\"ReadAction\",\"target\":[\"https:\/\/www.francmobiliari.com\/es\/producto\/pizarras-murales-blancas-magneticas\/\"]}]},{\"@type\":\"ImageObject\",\"inLanguage\":\"es\",\"@id\":\"https:\/\/www.francmobiliari.com\/es\/producto\/pizarras-murales-blancas-magneticas\/#primaryimage\",\"url\":\"https:\/\/www.francmobiliari.com\/wp-content\/uploads\/2025\/07\/MINIATURA-PISSARRES-MURALS-BLANQUES-MAGNETIQUES-scaled-1.jpg\",\"contentUrl\":\"https:\/\/www.francmobiliari.com\/wp-content\/uploads\/2025\/07\/MINIATURA-PISSARRES-MURALS-BLANQUES-MAGNETIQUES-scaled-1.jpg\",\"width\":2560,\"height\":1716},{\"@type\":\"BreadcrumbList\",\"@id\":\"https:\/\/www.francmobiliari.com\/es\/producto\/pizarras-murales-blancas-magneticas\/#breadcrumb\",\"itemListElement\":[{\"@type\":\"ListItem\",\"position\":1,\"name\":\"Portada\",\"item\":\"https:\/\/www.francmobiliari.com\/es\/inicio\/\"},{\"@type\":\"ListItem\",\"position\":2,\"name\":\"Tienda\",\"item\":\"https:\/\/www.francmobiliari.com\/es\/tienda\/\"},{\"@type\":\"ListItem\",\"position\":3,\"name\":\"PIZARRAS MURALES BLANCAS MAGN\u00c9TICAS\"}]},{\"@type\":\"WebSite\",\"@id\":\"https:\/\/www.francmobiliari.com\/#website\",\"url\":\"https:\/\/www.francmobiliari.com\/\",\"name\":\"francmobiliari.com\",\"description\":\"\",\"publisher\":{\"@id\":\"https:\/\/www.francmobiliari.com\/#organization\"},\"potentialAction\":[{\"@type\":\"SearchAction\",\"target\":{\"@type\":\"EntryPoint\",\"urlTemplate\":\"https:\/\/www.francmobiliari.com\/?s={search_term_string}\"},\"query-input\":{\"@type\":\"PropertyValueSpecification\",\"valueRequired\":true,\"valueName\":\"search_term_string\"}}],\"inLanguage\":\"es\"},{\"@type\":\"Organization\",\"@id\":\"https:\/\/www.francmobiliari.com\/#organization\",\"name\":\"francmobiliari.com\",\"url\":\"https:\/\/www.francmobiliari.com\/\",\"logo\":{\"@type\":\"ImageObject\",\"inLanguage\":\"es\",\"@id\":\"https:\/\/www.francmobiliari.com\/#\/schema\/logo\/image\/\",\"url\":\"https:\/\/www.francmobiliari.com\/wp-content\/uploads\/2025\/07\/img-placeholder.png\",\"contentUrl\":\"https:\/\/www.francmobiliari.com\/wp-content\/uploads\/2025\/07\/img-placeholder.png\",\"width\":1500,\"height\":1500,\"caption\":\"francmobiliari.com\"},\"image\":{\"@id\":\"https:\/\/www.francmobiliari.com\/#\/schema\/logo\/image\/\"}}]}<\/script>\n<!-- \/ Yoast SEO plugin. -->","yoast_head_json":{"title":"PIZARRAS MURALES BLANCAS MAGN\u00c9TICAS - francmobiliari.com","robots":{"index":"index","follow":"follow","max-snippet":"max-snippet:-1","max-image-preview":"max-image-preview:large","max-video-preview":"max-video-preview:-1"},"canonical":"https:\/\/www.francmobiliari.com\/es\/producto\/pizarras-murales-blancas-magneticas\/","og_locale":"es_ES","og_type":"article","og_title":"PIZARRAS MURALES BLANCAS MAGN\u00c9TICAS - francmobiliari.com","og_description":"Reescribibles. Murales de acero vitrificado, laminadas y de vidrio. Cuadriculadas, con pentagrama, d\u00edpticas. De diferentes tama\u00f1os.   CAT\u00c1LOGO PIZARRAS MAGN\u00c9TICAS BLANCAS O VERDES  CAT\u00c1LOGO PIZARRAS MAGN\u00c9TICAS D\u00cdPTICAS Y TR\u00cdPTICAS  CAT\u00c1LOGO PIZARRAS MAGN\u00c9TICAS MODELO SLIM","og_url":"https:\/\/www.francmobiliari.com\/es\/producto\/pizarras-murales-blancas-magneticas\/","og_site_name":"francmobiliari.com","article_modified_time":"2025-08-01T19:24:01+00:00","og_image":[{"width":2560,"height":1716,"url":"https:\/\/www.francmobiliari.com\/wp-content\/uploads\/2025\/07\/MINIATURA-PISSARRES-MURALS-BLANQUES-MAGNETIQUES-scaled-1.jpg","type":"image\/jpeg"}],"twitter_card":"summary_large_image","schema":{"@context":"https:\/\/schema.org","@graph":[{"@type":"WebPage","@id":"https:\/\/www.francmobiliari.com\/es\/producto\/pizarras-murales-blancas-magneticas\/","url":"https:\/\/www.francmobiliari.com\/es\/producto\/pizarras-murales-blancas-magneticas\/","name":"PIZARRAS MURALES BLANCAS MAGN\u00c9TICAS - francmobiliari.com","isPartOf":{"@id":"https:\/\/www.francmobiliari.com\/#website"},"primaryImageOfPage":{"@id":"https:\/\/www.francmobiliari.com\/es\/producto\/pizarras-murales-blancas-magneticas\/#primaryimage"},"image":{"@id":"https:\/\/www.francmobiliari.com\/es\/producto\/pizarras-murales-blancas-magneticas\/#primaryimage"},"thumbnailUrl":"https:\/\/www.francmobiliari.com\/wp-content\/uploads\/2025\/07\/MINIATURA-PISSARRES-MURALS-BLANQUES-MAGNETIQUES-scaled-1.jpg","datePublished":"2025-07-17T15:49:50+00:00","dateModified":"2025-08-01T19:24:01+00:00","breadcrumb":{"@id":"https:\/\/www.francmobiliari.com\/es\/producto\/pizarras-murales-blancas-magneticas\/#breadcrumb"},"inLanguage":"es","potentialAction":[{"@type":"ReadAction","target":["https:\/\/www.francmobiliari.com\/es\/producto\/pizarras-murales-blancas-magneticas\/"]}]},{"@type":"ImageObject","inLanguage":"es","@id":"https:\/\/www.francmobiliari.com\/es\/producto\/pizarras-murales-blancas-magneticas\/#primaryimage","url":"https:\/\/www.francmobiliari.com\/wp-content\/uploads\/2025\/07\/MINIATURA-PISSARRES-MURALS-BLANQUES-MAGNETIQUES-scaled-1.jpg","contentUrl":"https:\/\/www.francmobiliari.com\/wp-content\/uploads\/2025\/07\/MINIATURA-PISSARRES-MURALS-BLANQUES-MAGNETIQUES-scaled-1.jpg","width":2560,"height":1716},{"@type":"BreadcrumbList","@id":"https:\/\/www.francmobiliari.com\/es\/producto\/pizarras-murales-blancas-magneticas\/#breadcrumb","itemListElement":[{"@type":"ListItem","position":1,"name":"Portada","item":"https:\/\/www.francmobiliari.com\/es\/inicio\/"},{"@type":"ListItem","position":2,"name":"Tienda","item":"https:\/\/www.francmobiliari.com\/es\/tienda\/"},{"@type":"ListItem","position":3,"name":"PIZARRAS MURALES BLANCAS MAGN\u00c9TICAS"}]},{"@type":"WebSite","@id":"https:\/\/www.francmobiliari.com\/#website","url":"https:\/\/www.francmobiliari.com\/","name":"francmobiliari.com","description":"","publisher":{"@id":"https:\/\/www.francmobiliari.com\/#organization"},"potentialAction":[{"@type":"SearchAction","target":{"@type":"EntryPoint","urlTemplate":"https:\/\/www.francmobiliari.com\/?s={search_term_string}"},"query-input":{"@type":"PropertyValueSpecification","valueRequired":true,"valueName":"search_term_string"}}],"inLanguage":"es"},{"@type":"Organization","@id":"https:\/\/www.francmobiliari.com\/#organization","name":"francmobiliari.com","url":"https:\/\/www.francmobiliari.com\/","logo":{"@type":"ImageObject","inLanguage":"es","@id":"https:\/\/www.francmobiliari.com\/#\/schema\/logo\/image\/","url":"https:\/\/www.francmobiliari.com\/wp-content\/uploads\/2025\/07\/img-placeholder.png","contentUrl":"https:\/\/www.francmobiliari.com\/wp-content\/uploads\/2025\/07\/img-placeholder.png","width":1500,"height":1500,"caption":"francmobiliari.com"},"image":{"@id":"https:\/\/www.francmobiliari.com\/#\/schema\/logo\/image\/"}}]}},"_links":{"self":[{"href":"https:\/\/www.francmobiliari.com\/es\/wp-json\/wp\/v2\/product\/6214","targetHints":{"allow":["GET"]}}],"collection":[{"href":"https:\/\/www.francmobiliari.com\/es\/wp-json\/wp\/v2\/product"}],"about":[{"href":"https:\/\/www.francmobiliari.com\/es\/wp-json\/wp\/v2\/types\/product"}],"wp:featuredmedia":[{"embeddable":true,"href":"https:\/\/www.francmobiliari.com\/es\/wp-json\/wp\/v2\/media\/3805"}],"wp:attachment":[{"href":"https:\/\/www.francmobiliari.com\/es\/wp-json\/wp\/v2\/media?parent=6214"}],"wp:term":[{"taxonomy":"product_brand","embeddable":true,"href":"https:\/\/www.francmobiliari.com\/es\/wp-json\/wp\/v2\/product_brand?post=6214"},{"taxonomy":"product_cat","embeddable":true,"href":"https:\/\/www.francmobiliari.com\/es\/wp-json\/wp\/v2\/product_cat?post=6214"},{"taxonomy":"product_tag","embeddable":true,"href":"https:\/\/www.francmobiliari.com\/es\/wp-json\/wp\/v2\/product_tag?post=6214"}],"curies":[{"name":"wp","href":"https:\/\/api.w.org\/{rel}","templated":true}]}}