{"id":6212,"date":"2025-07-17T17:40:31","date_gmt":"2025-07-17T15:40:31","guid":{"rendered":"https:\/\/www.francmobiliari.com\/producto\/bancs-de-vestuari\/"},"modified":"2025-09-11T17:12:25","modified_gmt":"2025-09-11T15:12:25","slug":"bancos-de-vestuario","status":"publish","type":"product","link":"https:\/\/www.francmobiliari.com\/es\/producto\/bancos-de-vestuario\/","title":{"rendered":"BANCOS DE VESTUARIO"},"content":{"rendered":false,"protected":false},"excerpt":{"rendered":"<p>Fabricados con diferentes materiales (acero, madera, fen\u00f3lico, etc.). Longitudes de 100 cm, 150 cm o 200 cm. Con posibilidad de percheros o estantes incorporados.<\/p>\n<ul>\n<li><a style=\"color: var(--wd-text-color);\" href=\"https:\/\/www.francmobiliari.com\/wp-content\/uploads\/2022\/11\/FITXA-TECNICA-BANC-ACER-I-FUSTA.pdf\" target=\"_blank\" rel=\"noopener\">FICHA T\u00c9CNICA BANCO ACERO Y MADERA<\/a><\/li>\n<li><a style=\"color: var(--wd-text-color);\" href=\"https:\/\/www.francmobiliari.com\/wp-content\/uploads\/2022\/11\/FITXA-TECNICA-BANCS-ACER-I-FENOLIC.pdf\" target=\"_blank\" rel=\"noopener\">FICHA T\u00c9CNICA BANCOS ACERO Y FEN\u00d3LICO<\/a><\/li>\n<li><a style=\"color: var(--wd-text-color);\" href=\"https:\/\/www.francmobiliari.com\/wp-content\/uploads\/2022\/11\/FITXA-TECNICA-BANCS-ACER.pdf\" target=\"_blank\" rel=\"noopener\">FICHA T\u00c9CNICA BANCOS ACERO<\/a><\/li>\n<li><a style=\"color: var(--wd-text-color);\" href=\"https:\/\/www.francmobiliari.com\/wp-content\/uploads\/2022\/11\/FITXA-TECNICA-BANCS-DE-MELAMINA.pdf\" target=\"_blank\" rel=\"noopener\">FICHA T\u00c9CNICA BANCOS MELAMINA<\/a><\/li>\n<\/ul>\n<p>Fabricados con tubo de acero de 1,5 mm de espesor y secci\u00f3n 30 \u00d7 30 mm. Con barra portacalzado inferior.<\/p>\n<p>Listones de madera de pino natural de secci\u00f3n 90 \u00d7 16 mm barnizados.<\/p>\n<p>Tablero fen\u00f3lico de 12 mm de espesor.<\/p>\n<p>ACABADOS ESTRUCTURA: Gris (RAL-7035)<\/p>\n<p>ACABADOS ESTRUCTURA ESPECIALES: Blanco (RAL-9010), Beige (RAL-9001), Naranja Claro (RAL-1017), Amarillo (RAL-1021), Naranja (RAL-2004), Rosa (RAL-4010), Salm\u00f3n (RAL-3017), Rojo (RAL-3000), Burdeos (RAL-3005), Violeta (RAL-4005), Verde (RAL-6029), Verde Claro (RAL-6034), Azul Claro (RAL-5015), Azul Oscuro (RAL-5023), Marr\u00f3n (RAL-8025), Aluminio (RAL-9006), Gris (RAL-7036), Gris Oscuro (RAL-7016) y Negro (RAL-9005).<\/p>\n<p>ACABADOS MADERA: Madera de pino.<\/p>\n<p>ACABADOS FEN\u00d3LICO O MELAMINA: Blanco, Gris Claro, Crema, Amarillo, Naranja, Rosa, Rojo, Verde Claro, Verde Oscuro, Turquesa, Burdeos, Azul Claro, Azul Oscuro, Aluminio, Gris Oscuro, Negro, Madera Clara, Madera Oscura y Wengu\u00e9.<\/p>\n<ul style=\"list-style: none;\">\n<li><\/li>\n<\/ul>\n","protected":false},"featured_media":2518,"template":"","meta":{"_acf_changed":false,"inline_featured_image":false,"_genesis_hide_title":false,"_genesis_hide_breadcrumbs":false,"_genesis_hide_singular_image":false,"_genesis_hide_footer_widgets":false,"_genesis_custom_body_class":"","_genesis_custom_post_class":"","_genesis_layout":"","_links_to":"","_links_to_target":""},"product_brand":[],"product_cat":[89],"product_tag":[],"class_list":{"0":"post-6212","1":"product","2":"type-product","3":"status-publish","4":"has-post-thumbnail","6":"product_cat-vestuarios","7":"entry","9":"first","10":"instock","11":"shipping-taxable","12":"product-type-simple"},"acf":[],"yoast_head":"<!-- This site is optimized with the Yoast SEO plugin v26.2 - https:\/\/yoast.com\/wordpress\/plugins\/seo\/ -->\n<title>BANCOS DE VESTUARIO - francmobiliari.com<\/title>\n<meta name=\"robots\" content=\"index, follow, max-snippet:-1, max-image-preview:large, max-video-preview:-1\" \/>\n<link rel=\"canonical\" href=\"https:\/\/www.francmobiliari.com\/es\/producto\/bancos-de-vestuario\/\" \/>\n<meta property=\"og:locale\" content=\"es_ES\" \/>\n<meta property=\"og:type\" content=\"article\" \/>\n<meta property=\"og:title\" content=\"BANCOS DE VESTUARIO - francmobiliari.com\" \/>\n<meta property=\"og:description\" content=\"Fabricados con diferentes materiales (acero, madera, fen\u00f3lico, etc.). Longitudes de 100 cm, 150 cm o 200 cm. Con posibilidad de percheros o estantes incorporados.   FICHA T\u00c9CNICA BANCO ACERO Y MADERA  FICHA T\u00c9CNICA BANCOS ACERO Y FEN\u00d3LICO  FICHA T\u00c9CNICA BANCOS ACERO  FICHA T\u00c9CNICA BANCOS MELAMINA  Fabricados con tubo de acero de 1,5 mm de espesor y secci\u00f3n 30 \u00d7 30 mm. Con barra portacalzado inferior.  Listones de madera de pino natural de secci\u00f3n 90 \u00d7 16 mm barnizados.  Tablero fen\u00f3lico de 12 mm de espesor.  ACABADOS ESTRUCTURA: Gris (RAL-7035)  ACABADOS ESTRUCTURA ESPECIALES: Blanco (RAL-9010), Beige (RAL-9001), Naranja Claro (RAL-1017), Amarillo (RAL-1021), Naranja (RAL-2004), Rosa (RAL-4010), Salm\u00f3n (RAL-3017), Rojo (RAL-3000), Burdeos (RAL-3005), Violeta (RAL-4005), Verde (RAL-6029), Verde Claro (RAL-6034), Azul Claro (RAL-5015), Azul Oscuro (RAL-5023), Marr\u00f3n (RAL-8025), Aluminio (RAL-9006), Gris (RAL-7036), Gris Oscuro (RAL-7016) y Negro (RAL-9005).  ACABADOS MADERA: Madera de pino.  ACABADOS FEN\u00d3LICO O MELAMINA: Blanco, Gris Claro, Crema, Amarillo, Naranja, Rosa, Rojo, Verde Claro, Verde Oscuro, Turquesa, Burdeos, Azul Claro, Azul Oscuro, Aluminio, Gris Oscuro, Negro, Madera Clara, Madera Oscura y Wengu\u00e9.\" \/>\n<meta property=\"og:url\" content=\"https:\/\/www.francmobiliari.com\/es\/producto\/bancos-de-vestuario\/\" \/>\n<meta property=\"og:site_name\" content=\"francmobiliari.com\" \/>\n<meta property=\"article:modified_time\" content=\"2025-09-11T15:12:25+00:00\" \/>\n<meta property=\"og:image\" content=\"https:\/\/www.francmobiliari.com\/wp-content\/uploads\/2025\/07\/MINISTURA-BANCS-DE-VESTUARI.jpg\" \/>\n\t<meta property=\"og:image:width\" content=\"600\" \/>\n\t<meta property=\"og:image:height\" content=\"600\" \/>\n\t<meta property=\"og:image:type\" content=\"image\/jpeg\" \/>\n<meta name=\"twitter:card\" content=\"summary_large_image\" \/>\n<script type=\"application\/ld+json\" class=\"yoast-schema-graph\">{\"@context\":\"https:\/\/schema.org\",\"@graph\":[{\"@type\":\"WebPage\",\"@id\":\"https:\/\/www.francmobiliari.com\/es\/producto\/bancos-de-vestuario\/\",\"url\":\"https:\/\/www.francmobiliari.com\/es\/producto\/bancos-de-vestuario\/\",\"name\":\"BANCOS DE VESTUARIO - francmobiliari.com\",\"isPartOf\":{\"@id\":\"https:\/\/www.francmobiliari.com\/#website\"},\"primaryImageOfPage\":{\"@id\":\"https:\/\/www.francmobiliari.com\/es\/producto\/bancos-de-vestuario\/#primaryimage\"},\"image\":{\"@id\":\"https:\/\/www.francmobiliari.com\/es\/producto\/bancos-de-vestuario\/#primaryimage\"},\"thumbnailUrl\":\"https:\/\/www.francmobiliari.com\/wp-content\/uploads\/2025\/07\/MINISTURA-BANCS-DE-VESTUARI.jpg\",\"datePublished\":\"2025-07-17T15:40:31+00:00\",\"dateModified\":\"2025-09-11T15:12:25+00:00\",\"breadcrumb\":{\"@id\":\"https:\/\/www.francmobiliari.com\/es\/producto\/bancos-de-vestuario\/#breadcrumb\"},\"inLanguage\":\"es\",\"potentialAction\":[{\"@type\":\"ReadAction\",\"target\":[\"https:\/\/www.francmobiliari.com\/es\/producto\/bancos-de-vestuario\/\"]}]},{\"@type\":\"ImageObject\",\"inLanguage\":\"es\",\"@id\":\"https:\/\/www.francmobiliari.com\/es\/producto\/bancos-de-vestuario\/#primaryimage\",\"url\":\"https:\/\/www.francmobiliari.com\/wp-content\/uploads\/2025\/07\/MINISTURA-BANCS-DE-VESTUARI.jpg\",\"contentUrl\":\"https:\/\/www.francmobiliari.com\/wp-content\/uploads\/2025\/07\/MINISTURA-BANCS-DE-VESTUARI.jpg\",\"width\":600,\"height\":600},{\"@type\":\"BreadcrumbList\",\"@id\":\"https:\/\/www.francmobiliari.com\/es\/producto\/bancos-de-vestuario\/#breadcrumb\",\"itemListElement\":[{\"@type\":\"ListItem\",\"position\":1,\"name\":\"Portada\",\"item\":\"https:\/\/www.francmobiliari.com\/es\/inicio\/\"},{\"@type\":\"ListItem\",\"position\":2,\"name\":\"Tienda\",\"item\":\"https:\/\/www.francmobiliari.com\/es\/tienda\/\"},{\"@type\":\"ListItem\",\"position\":3,\"name\":\"BANCOS DE VESTUARIO\"}]},{\"@type\":\"WebSite\",\"@id\":\"https:\/\/www.francmobiliari.com\/#website\",\"url\":\"https:\/\/www.francmobiliari.com\/\",\"name\":\"francmobiliari.com\",\"description\":\"\",\"publisher\":{\"@id\":\"https:\/\/www.francmobiliari.com\/#organization\"},\"potentialAction\":[{\"@type\":\"SearchAction\",\"target\":{\"@type\":\"EntryPoint\",\"urlTemplate\":\"https:\/\/www.francmobiliari.com\/?s={search_term_string}\"},\"query-input\":{\"@type\":\"PropertyValueSpecification\",\"valueRequired\":true,\"valueName\":\"search_term_string\"}}],\"inLanguage\":\"es\"},{\"@type\":\"Organization\",\"@id\":\"https:\/\/www.francmobiliari.com\/#organization\",\"name\":\"francmobiliari.com\",\"url\":\"https:\/\/www.francmobiliari.com\/\",\"logo\":{\"@type\":\"ImageObject\",\"inLanguage\":\"es\",\"@id\":\"https:\/\/www.francmobiliari.com\/#\/schema\/logo\/image\/\",\"url\":\"https:\/\/www.francmobiliari.com\/wp-content\/uploads\/2025\/07\/img-placeholder.png\",\"contentUrl\":\"https:\/\/www.francmobiliari.com\/wp-content\/uploads\/2025\/07\/img-placeholder.png\",\"width\":1500,\"height\":1500,\"caption\":\"francmobiliari.com\"},\"image\":{\"@id\":\"https:\/\/www.francmobiliari.com\/#\/schema\/logo\/image\/\"}}]}<\/script>\n<!-- \/ Yoast SEO plugin. -->","yoast_head_json":{"title":"BANCOS DE VESTUARIO - francmobiliari.com","robots":{"index":"index","follow":"follow","max-snippet":"max-snippet:-1","max-image-preview":"max-image-preview:large","max-video-preview":"max-video-preview:-1"},"canonical":"https:\/\/www.francmobiliari.com\/es\/producto\/bancos-de-vestuario\/","og_locale":"es_ES","og_type":"article","og_title":"BANCOS DE VESTUARIO - francmobiliari.com","og_description":"Fabricados con diferentes materiales (acero, madera, fen\u00f3lico, etc.). Longitudes de 100 cm, 150 cm o 200 cm. Con posibilidad de percheros o estantes incorporados.   FICHA T\u00c9CNICA BANCO ACERO Y MADERA  FICHA T\u00c9CNICA BANCOS ACERO Y FEN\u00d3LICO  FICHA T\u00c9CNICA BANCOS ACERO  FICHA T\u00c9CNICA BANCOS MELAMINA  Fabricados con tubo de acero de 1,5 mm de espesor y secci\u00f3n 30 \u00d7 30 mm. Con barra portacalzado inferior.  Listones de madera de pino natural de secci\u00f3n 90 \u00d7 16 mm barnizados.  Tablero fen\u00f3lico de 12 mm de espesor.  ACABADOS ESTRUCTURA: Gris (RAL-7035)  ACABADOS ESTRUCTURA ESPECIALES: Blanco (RAL-9010), Beige (RAL-9001), Naranja Claro (RAL-1017), Amarillo (RAL-1021), Naranja (RAL-2004), Rosa (RAL-4010), Salm\u00f3n (RAL-3017), Rojo (RAL-3000), Burdeos (RAL-3005), Violeta (RAL-4005), Verde (RAL-6029), Verde Claro (RAL-6034), Azul Claro (RAL-5015), Azul Oscuro (RAL-5023), Marr\u00f3n (RAL-8025), Aluminio (RAL-9006), Gris (RAL-7036), Gris Oscuro (RAL-7016) y Negro (RAL-9005).  ACABADOS MADERA: Madera de pino.  ACABADOS FEN\u00d3LICO O MELAMINA: Blanco, Gris Claro, Crema, Amarillo, Naranja, Rosa, Rojo, Verde Claro, Verde Oscuro, Turquesa, Burdeos, Azul Claro, Azul Oscuro, Aluminio, Gris Oscuro, Negro, Madera Clara, Madera Oscura y Wengu\u00e9.","og_url":"https:\/\/www.francmobiliari.com\/es\/producto\/bancos-de-vestuario\/","og_site_name":"francmobiliari.com","article_modified_time":"2025-09-11T15:12:25+00:00","og_image":[{"width":600,"height":600,"url":"https:\/\/www.francmobiliari.com\/wp-content\/uploads\/2025\/07\/MINISTURA-BANCS-DE-VESTUARI.jpg","type":"image\/jpeg"}],"twitter_card":"summary_large_image","schema":{"@context":"https:\/\/schema.org","@graph":[{"@type":"WebPage","@id":"https:\/\/www.francmobiliari.com\/es\/producto\/bancos-de-vestuario\/","url":"https:\/\/www.francmobiliari.com\/es\/producto\/bancos-de-vestuario\/","name":"BANCOS DE VESTUARIO - francmobiliari.com","isPartOf":{"@id":"https:\/\/www.francmobiliari.com\/#website"},"primaryImageOfPage":{"@id":"https:\/\/www.francmobiliari.com\/es\/producto\/bancos-de-vestuario\/#primaryimage"},"image":{"@id":"https:\/\/www.francmobiliari.com\/es\/producto\/bancos-de-vestuario\/#primaryimage"},"thumbnailUrl":"https:\/\/www.francmobiliari.com\/wp-content\/uploads\/2025\/07\/MINISTURA-BANCS-DE-VESTUARI.jpg","datePublished":"2025-07-17T15:40:31+00:00","dateModified":"2025-09-11T15:12:25+00:00","breadcrumb":{"@id":"https:\/\/www.francmobiliari.com\/es\/producto\/bancos-de-vestuario\/#breadcrumb"},"inLanguage":"es","potentialAction":[{"@type":"ReadAction","target":["https:\/\/www.francmobiliari.com\/es\/producto\/bancos-de-vestuario\/"]}]},{"@type":"ImageObject","inLanguage":"es","@id":"https:\/\/www.francmobiliari.com\/es\/producto\/bancos-de-vestuario\/#primaryimage","url":"https:\/\/www.francmobiliari.com\/wp-content\/uploads\/2025\/07\/MINISTURA-BANCS-DE-VESTUARI.jpg","contentUrl":"https:\/\/www.francmobiliari.com\/wp-content\/uploads\/2025\/07\/MINISTURA-BANCS-DE-VESTUARI.jpg","width":600,"height":600},{"@type":"BreadcrumbList","@id":"https:\/\/www.francmobiliari.com\/es\/producto\/bancos-de-vestuario\/#breadcrumb","itemListElement":[{"@type":"ListItem","position":1,"name":"Portada","item":"https:\/\/www.francmobiliari.com\/es\/inicio\/"},{"@type":"ListItem","position":2,"name":"Tienda","item":"https:\/\/www.francmobiliari.com\/es\/tienda\/"},{"@type":"ListItem","position":3,"name":"BANCOS DE VESTUARIO"}]},{"@type":"WebSite","@id":"https:\/\/www.francmobiliari.com\/#website","url":"https:\/\/www.francmobiliari.com\/","name":"francmobiliari.com","description":"","publisher":{"@id":"https:\/\/www.francmobiliari.com\/#organization"},"potentialAction":[{"@type":"SearchAction","target":{"@type":"EntryPoint","urlTemplate":"https:\/\/www.francmobiliari.com\/?s={search_term_string}"},"query-input":{"@type":"PropertyValueSpecification","valueRequired":true,"valueName":"search_term_string"}}],"inLanguage":"es"},{"@type":"Organization","@id":"https:\/\/www.francmobiliari.com\/#organization","name":"francmobiliari.com","url":"https:\/\/www.francmobiliari.com\/","logo":{"@type":"ImageObject","inLanguage":"es","@id":"https:\/\/www.francmobiliari.com\/#\/schema\/logo\/image\/","url":"https:\/\/www.francmobiliari.com\/wp-content\/uploads\/2025\/07\/img-placeholder.png","contentUrl":"https:\/\/www.francmobiliari.com\/wp-content\/uploads\/2025\/07\/img-placeholder.png","width":1500,"height":1500,"caption":"francmobiliari.com"},"image":{"@id":"https:\/\/www.francmobiliari.com\/#\/schema\/logo\/image\/"}}]}},"_links":{"self":[{"href":"https:\/\/www.francmobiliari.com\/es\/wp-json\/wp\/v2\/product\/6212","targetHints":{"allow":["GET"]}}],"collection":[{"href":"https:\/\/www.francmobiliari.com\/es\/wp-json\/wp\/v2\/product"}],"about":[{"href":"https:\/\/www.francmobiliari.com\/es\/wp-json\/wp\/v2\/types\/product"}],"wp:featuredmedia":[{"embeddable":true,"href":"https:\/\/www.francmobiliari.com\/es\/wp-json\/wp\/v2\/media\/2518"}],"wp:attachment":[{"href":"https:\/\/www.francmobiliari.com\/es\/wp-json\/wp\/v2\/media?parent=6212"}],"wp:term":[{"taxonomy":"product_brand","embeddable":true,"href":"https:\/\/www.francmobiliari.com\/es\/wp-json\/wp\/v2\/product_brand?post=6212"},{"taxonomy":"product_cat","embeddable":true,"href":"https:\/\/www.francmobiliari.com\/es\/wp-json\/wp\/v2\/product_cat?post=6212"},{"taxonomy":"product_tag","embeddable":true,"href":"https:\/\/www.francmobiliari.com\/es\/wp-json\/wp\/v2\/product_tag?post=6212"}],"curies":[{"name":"wp","href":"https:\/\/api.w.org\/{rel}","templated":true}]}}