{"id":6209,"date":"2025-07-17T17:40:31","date_gmt":"2025-07-17T15:40:31","guid":{"rendered":"https:\/\/www.francmobiliari.com\/producto\/armariets-dacer-inoxidable\/"},"modified":"2025-09-11T16:49:44","modified_gmt":"2025-09-11T14:49:44","slug":"armarios-de-acero-inoxidable","status":"publish","type":"product","link":"https:\/\/www.francmobiliari.com\/es\/producto\/armarios-de-acero-inoxidable\/","title":{"rendered":"ARMARIOS DE ACERO INOXIDABLE"},"content":{"rendered":false,"protected":false},"excerpt":{"rendered":"<p>Taquillas soldadas monoblock, fabricadas completamente con acero inoxidable. Con una alt\u00edsima resistencia a la oxidaci\u00f3n y la corrosi\u00f3n en ambientes h\u00famedos.<\/p>\n<ul>\n<li><a style=\"color: var(--wd-text-color);\" href=\"https:\/\/www.francmobiliari.com\/wp-content\/uploads\/2022\/11\/FITXA-TECNICA-GUIXETES-DACER-INOXIDABLE.pdf\" target=\"_blank\" rel=\"noopener\">FICHA T\u00c9CNICA TAQUILLAS DE ACERO INOXIDABLE<\/a><\/li>\n<\/ul>\n<p>Serie de casilleros fabricados con chapa de acero inoxidable de 0,8 mm de espesor. Puertas con rejillas de ventilaci\u00f3n. Bandeja interior soldada. Cerradura con llaves. Patas de acero inoxidable. Techo inclinado. Diferentes tipos de cierre: con llave, pomo de poliamida o met\u00e1lico, monedero, de combinaci\u00f3n, electr\u00f3nico o de proximidad.<\/p>\n<ul style=\"list-style: none;\">\n<li><\/li>\n<\/ul>\n","protected":false},"featured_media":2508,"template":"","meta":{"_acf_changed":false,"inline_featured_image":false,"_genesis_hide_title":false,"_genesis_hide_breadcrumbs":false,"_genesis_hide_singular_image":false,"_genesis_hide_footer_widgets":false,"_genesis_custom_body_class":"","_genesis_custom_post_class":"","_genesis_layout":"","_links_to":"","_links_to_target":""},"product_brand":[],"product_cat":[89],"product_tag":[],"class_list":{"0":"post-6209","1":"product","2":"type-product","3":"status-publish","4":"has-post-thumbnail","6":"product_cat-vestuarios","7":"entry","9":"first","10":"instock","11":"shipping-taxable","12":"product-type-simple"},"acf":[],"yoast_head":"<!-- This site is optimized with the Yoast SEO plugin v26.2 - https:\/\/yoast.com\/wordpress\/plugins\/seo\/ -->\n<title>ARMARIOS DE ACERO INOXIDABLE - francmobiliari.com<\/title>\n<meta name=\"robots\" content=\"index, follow, max-snippet:-1, max-image-preview:large, max-video-preview:-1\" \/>\n<link rel=\"canonical\" href=\"https:\/\/www.francmobiliari.com\/es\/producto\/armarios-de-acero-inoxidable\/\" \/>\n<meta property=\"og:locale\" content=\"es_ES\" \/>\n<meta property=\"og:type\" content=\"article\" \/>\n<meta property=\"og:title\" content=\"ARMARIOS DE ACERO INOXIDABLE - francmobiliari.com\" \/>\n<meta property=\"og:description\" content=\"Taquillas soldadas monoblock, fabricadas completamente con acero inoxidable. Con una alt\u00edsima resistencia a la oxidaci\u00f3n y la corrosi\u00f3n en ambientes h\u00famedos.   FICHA T\u00c9CNICA TAQUILLAS DE ACERO INOXIDABLE  Serie de casilleros fabricados con chapa de acero inoxidable de 0,8 mm de espesor. Puertas con rejillas de ventilaci\u00f3n. Bandeja interior soldada. Cerradura con llaves. Patas de acero inoxidable. Techo inclinado. Diferentes tipos de cierre: con llave, pomo de poliamida o met\u00e1lico, monedero, de combinaci\u00f3n, electr\u00f3nico o de proximidad.\" \/>\n<meta property=\"og:url\" content=\"https:\/\/www.francmobiliari.com\/es\/producto\/armarios-de-acero-inoxidable\/\" \/>\n<meta property=\"og:site_name\" content=\"francmobiliari.com\" \/>\n<meta property=\"article:modified_time\" content=\"2025-09-11T14:49:44+00:00\" \/>\n<meta property=\"og:image\" content=\"https:\/\/www.francmobiliari.com\/wp-content\/uploads\/2025\/07\/MINIATURA-GUIXETES-DACER-INOXIDABLE.jpg\" \/>\n\t<meta property=\"og:image:width\" content=\"600\" \/>\n\t<meta property=\"og:image:height\" content=\"600\" \/>\n\t<meta property=\"og:image:type\" content=\"image\/jpeg\" \/>\n<meta name=\"twitter:card\" content=\"summary_large_image\" \/>\n<script type=\"application\/ld+json\" class=\"yoast-schema-graph\">{\"@context\":\"https:\/\/schema.org\",\"@graph\":[{\"@type\":\"WebPage\",\"@id\":\"https:\/\/www.francmobiliari.com\/es\/producto\/armarios-de-acero-inoxidable\/\",\"url\":\"https:\/\/www.francmobiliari.com\/es\/producto\/armarios-de-acero-inoxidable\/\",\"name\":\"ARMARIOS DE ACERO INOXIDABLE - francmobiliari.com\",\"isPartOf\":{\"@id\":\"https:\/\/www.francmobiliari.com\/#website\"},\"primaryImageOfPage\":{\"@id\":\"https:\/\/www.francmobiliari.com\/es\/producto\/armarios-de-acero-inoxidable\/#primaryimage\"},\"image\":{\"@id\":\"https:\/\/www.francmobiliari.com\/es\/producto\/armarios-de-acero-inoxidable\/#primaryimage\"},\"thumbnailUrl\":\"https:\/\/www.francmobiliari.com\/wp-content\/uploads\/2025\/07\/MINIATURA-GUIXETES-DACER-INOXIDABLE.jpg\",\"datePublished\":\"2025-07-17T15:40:31+00:00\",\"dateModified\":\"2025-09-11T14:49:44+00:00\",\"breadcrumb\":{\"@id\":\"https:\/\/www.francmobiliari.com\/es\/producto\/armarios-de-acero-inoxidable\/#breadcrumb\"},\"inLanguage\":\"es\",\"potentialAction\":[{\"@type\":\"ReadAction\",\"target\":[\"https:\/\/www.francmobiliari.com\/es\/producto\/armarios-de-acero-inoxidable\/\"]}]},{\"@type\":\"ImageObject\",\"inLanguage\":\"es\",\"@id\":\"https:\/\/www.francmobiliari.com\/es\/producto\/armarios-de-acero-inoxidable\/#primaryimage\",\"url\":\"https:\/\/www.francmobiliari.com\/wp-content\/uploads\/2025\/07\/MINIATURA-GUIXETES-DACER-INOXIDABLE.jpg\",\"contentUrl\":\"https:\/\/www.francmobiliari.com\/wp-content\/uploads\/2025\/07\/MINIATURA-GUIXETES-DACER-INOXIDABLE.jpg\",\"width\":600,\"height\":600},{\"@type\":\"BreadcrumbList\",\"@id\":\"https:\/\/www.francmobiliari.com\/es\/producto\/armarios-de-acero-inoxidable\/#breadcrumb\",\"itemListElement\":[{\"@type\":\"ListItem\",\"position\":1,\"name\":\"Portada\",\"item\":\"https:\/\/www.francmobiliari.com\/es\/inicio\/\"},{\"@type\":\"ListItem\",\"position\":2,\"name\":\"Tienda\",\"item\":\"https:\/\/www.francmobiliari.com\/es\/tienda\/\"},{\"@type\":\"ListItem\",\"position\":3,\"name\":\"ARMARIOS DE ACERO INOXIDABLE\"}]},{\"@type\":\"WebSite\",\"@id\":\"https:\/\/www.francmobiliari.com\/#website\",\"url\":\"https:\/\/www.francmobiliari.com\/\",\"name\":\"francmobiliari.com\",\"description\":\"\",\"publisher\":{\"@id\":\"https:\/\/www.francmobiliari.com\/#organization\"},\"potentialAction\":[{\"@type\":\"SearchAction\",\"target\":{\"@type\":\"EntryPoint\",\"urlTemplate\":\"https:\/\/www.francmobiliari.com\/?s={search_term_string}\"},\"query-input\":{\"@type\":\"PropertyValueSpecification\",\"valueRequired\":true,\"valueName\":\"search_term_string\"}}],\"inLanguage\":\"es\"},{\"@type\":\"Organization\",\"@id\":\"https:\/\/www.francmobiliari.com\/#organization\",\"name\":\"francmobiliari.com\",\"url\":\"https:\/\/www.francmobiliari.com\/\",\"logo\":{\"@type\":\"ImageObject\",\"inLanguage\":\"es\",\"@id\":\"https:\/\/www.francmobiliari.com\/#\/schema\/logo\/image\/\",\"url\":\"https:\/\/www.francmobiliari.com\/wp-content\/uploads\/2025\/07\/img-placeholder.png\",\"contentUrl\":\"https:\/\/www.francmobiliari.com\/wp-content\/uploads\/2025\/07\/img-placeholder.png\",\"width\":1500,\"height\":1500,\"caption\":\"francmobiliari.com\"},\"image\":{\"@id\":\"https:\/\/www.francmobiliari.com\/#\/schema\/logo\/image\/\"}}]}<\/script>\n<!-- \/ Yoast SEO plugin. -->","yoast_head_json":{"title":"ARMARIOS DE ACERO INOXIDABLE - francmobiliari.com","robots":{"index":"index","follow":"follow","max-snippet":"max-snippet:-1","max-image-preview":"max-image-preview:large","max-video-preview":"max-video-preview:-1"},"canonical":"https:\/\/www.francmobiliari.com\/es\/producto\/armarios-de-acero-inoxidable\/","og_locale":"es_ES","og_type":"article","og_title":"ARMARIOS DE ACERO INOXIDABLE - francmobiliari.com","og_description":"Taquillas soldadas monoblock, fabricadas completamente con acero inoxidable. Con una alt\u00edsima resistencia a la oxidaci\u00f3n y la corrosi\u00f3n en ambientes h\u00famedos.   FICHA T\u00c9CNICA TAQUILLAS DE ACERO INOXIDABLE  Serie de casilleros fabricados con chapa de acero inoxidable de 0,8 mm de espesor. Puertas con rejillas de ventilaci\u00f3n. Bandeja interior soldada. Cerradura con llaves. Patas de acero inoxidable. Techo inclinado. Diferentes tipos de cierre: con llave, pomo de poliamida o met\u00e1lico, monedero, de combinaci\u00f3n, electr\u00f3nico o de proximidad.","og_url":"https:\/\/www.francmobiliari.com\/es\/producto\/armarios-de-acero-inoxidable\/","og_site_name":"francmobiliari.com","article_modified_time":"2025-09-11T14:49:44+00:00","og_image":[{"width":600,"height":600,"url":"https:\/\/www.francmobiliari.com\/wp-content\/uploads\/2025\/07\/MINIATURA-GUIXETES-DACER-INOXIDABLE.jpg","type":"image\/jpeg"}],"twitter_card":"summary_large_image","schema":{"@context":"https:\/\/schema.org","@graph":[{"@type":"WebPage","@id":"https:\/\/www.francmobiliari.com\/es\/producto\/armarios-de-acero-inoxidable\/","url":"https:\/\/www.francmobiliari.com\/es\/producto\/armarios-de-acero-inoxidable\/","name":"ARMARIOS DE ACERO INOXIDABLE - francmobiliari.com","isPartOf":{"@id":"https:\/\/www.francmobiliari.com\/#website"},"primaryImageOfPage":{"@id":"https:\/\/www.francmobiliari.com\/es\/producto\/armarios-de-acero-inoxidable\/#primaryimage"},"image":{"@id":"https:\/\/www.francmobiliari.com\/es\/producto\/armarios-de-acero-inoxidable\/#primaryimage"},"thumbnailUrl":"https:\/\/www.francmobiliari.com\/wp-content\/uploads\/2025\/07\/MINIATURA-GUIXETES-DACER-INOXIDABLE.jpg","datePublished":"2025-07-17T15:40:31+00:00","dateModified":"2025-09-11T14:49:44+00:00","breadcrumb":{"@id":"https:\/\/www.francmobiliari.com\/es\/producto\/armarios-de-acero-inoxidable\/#breadcrumb"},"inLanguage":"es","potentialAction":[{"@type":"ReadAction","target":["https:\/\/www.francmobiliari.com\/es\/producto\/armarios-de-acero-inoxidable\/"]}]},{"@type":"ImageObject","inLanguage":"es","@id":"https:\/\/www.francmobiliari.com\/es\/producto\/armarios-de-acero-inoxidable\/#primaryimage","url":"https:\/\/www.francmobiliari.com\/wp-content\/uploads\/2025\/07\/MINIATURA-GUIXETES-DACER-INOXIDABLE.jpg","contentUrl":"https:\/\/www.francmobiliari.com\/wp-content\/uploads\/2025\/07\/MINIATURA-GUIXETES-DACER-INOXIDABLE.jpg","width":600,"height":600},{"@type":"BreadcrumbList","@id":"https:\/\/www.francmobiliari.com\/es\/producto\/armarios-de-acero-inoxidable\/#breadcrumb","itemListElement":[{"@type":"ListItem","position":1,"name":"Portada","item":"https:\/\/www.francmobiliari.com\/es\/inicio\/"},{"@type":"ListItem","position":2,"name":"Tienda","item":"https:\/\/www.francmobiliari.com\/es\/tienda\/"},{"@type":"ListItem","position":3,"name":"ARMARIOS DE ACERO INOXIDABLE"}]},{"@type":"WebSite","@id":"https:\/\/www.francmobiliari.com\/#website","url":"https:\/\/www.francmobiliari.com\/","name":"francmobiliari.com","description":"","publisher":{"@id":"https:\/\/www.francmobiliari.com\/#organization"},"potentialAction":[{"@type":"SearchAction","target":{"@type":"EntryPoint","urlTemplate":"https:\/\/www.francmobiliari.com\/?s={search_term_string}"},"query-input":{"@type":"PropertyValueSpecification","valueRequired":true,"valueName":"search_term_string"}}],"inLanguage":"es"},{"@type":"Organization","@id":"https:\/\/www.francmobiliari.com\/#organization","name":"francmobiliari.com","url":"https:\/\/www.francmobiliari.com\/","logo":{"@type":"ImageObject","inLanguage":"es","@id":"https:\/\/www.francmobiliari.com\/#\/schema\/logo\/image\/","url":"https:\/\/www.francmobiliari.com\/wp-content\/uploads\/2025\/07\/img-placeholder.png","contentUrl":"https:\/\/www.francmobiliari.com\/wp-content\/uploads\/2025\/07\/img-placeholder.png","width":1500,"height":1500,"caption":"francmobiliari.com"},"image":{"@id":"https:\/\/www.francmobiliari.com\/#\/schema\/logo\/image\/"}}]}},"_links":{"self":[{"href":"https:\/\/www.francmobiliari.com\/es\/wp-json\/wp\/v2\/product\/6209","targetHints":{"allow":["GET"]}}],"collection":[{"href":"https:\/\/www.francmobiliari.com\/es\/wp-json\/wp\/v2\/product"}],"about":[{"href":"https:\/\/www.francmobiliari.com\/es\/wp-json\/wp\/v2\/types\/product"}],"wp:featuredmedia":[{"embeddable":true,"href":"https:\/\/www.francmobiliari.com\/es\/wp-json\/wp\/v2\/media\/2508"}],"wp:attachment":[{"href":"https:\/\/www.francmobiliari.com\/es\/wp-json\/wp\/v2\/media?parent=6209"}],"wp:term":[{"taxonomy":"product_brand","embeddable":true,"href":"https:\/\/www.francmobiliari.com\/es\/wp-json\/wp\/v2\/product_brand?post=6209"},{"taxonomy":"product_cat","embeddable":true,"href":"https:\/\/www.francmobiliari.com\/es\/wp-json\/wp\/v2\/product_cat?post=6209"},{"taxonomy":"product_tag","embeddable":true,"href":"https:\/\/www.francmobiliari.com\/es\/wp-json\/wp\/v2\/product_tag?post=6209"}],"curies":[{"name":"wp","href":"https:\/\/api.w.org\/{rel}","templated":true}]}}