{"id":6198,"date":"2025-07-17T17:40:31","date_gmt":"2025-07-17T15:40:31","guid":{"rendered":"https:\/\/www.francmobiliari.com\/producto\/armariets-metallics\/"},"modified":"2025-09-11T16:49:00","modified_gmt":"2025-09-11T14:49:00","slug":"armarios-metalicos","status":"publish","type":"product","link":"https:\/\/www.francmobiliari.com\/es\/producto\/armarios-metalicos\/","title":{"rendered":"ARMARIOS MET\u00c1LICOS"},"content":{"rendered":false,"protected":false},"excerpt":{"rendered":"<p>Fabricadas con chapa de acero y pintadas con pintura epoxi. Extensible con diferentes tipos de configuraciones (1 puerta, 2 puertas, 3 puertas, etc.). Posibilidad de a\u00f1adir patas, techo inclinado, estantes interiores y otros accesorios. Tambi\u00e9n con diferentes tipos de cierre (llave, pomo de poliamida, candado, electr\u00f3nico, etc.).<\/p>\n<ul>\n<li><a style=\"color: var(--wd-text-color);\" href=\"https:\/\/www.francmobiliari.com\/wp-content\/uploads\/2022\/11\/FITXA-TECNICA-GUIXETES-METAL.LIQUES.pdf\" target=\"_blank\" rel=\"noopener\">FICHA T\u00c9CNICA ARMARIOS MET\u00c1LICOS<\/a><\/li>\n<\/ul>\n<p>Serie de casilleros met\u00e1licos fabricados con chapa de acero laminado de 0,6 mm de espesor. Puertas con rejillas de ventilaci\u00f3n. Cerradura con llave, patas regulables, barra perchero y percheros. Opcional techo inclinado, ranura para buz\u00f3n, altillo, embellecedor lateral, patas regulables de PVC o fijas de acero y z\u00f3calo de acero inoxidable. Diferentes tipos de cierre: con llave, pomo de poliamida o met\u00e1lico, monedero, combinaci\u00f3n, electr\u00f3nico o por proximidad.<\/p>\n<p>Diferentes tama\u00f1os y combinaciones de puertas.<\/p>\n<p>ACABADOS CUERPO: Gris (RAL-7035)<\/p>\n<p>ACABADOS PUERTAS: Azul (RAL-5010) y Gris (RAL-7035)<\/p>\n<p>ACABADOS ESPECIALES: Blanco (RAL-9010), Beige (RAL-9001), Naranja Claro (RAL-1017), Amarillo (RAL-1021), Naranja (RAL-2004), Rosa (RAL-4010), Salm\u00f3n (RAL-3017), Rojo (RAL-3000), Burdeos (RAL-3005), Violeta (RAL-4005), Verde (RAL-6029), Verde Claro (RAL-6034), Azul Claro (RAL-5015), Azul Oscuro (RAL-5023), Marr\u00f3n (RAL-8025), Aluminio (RAL-9006), Gris (RAL-7036), Gris Oscuro (RAL-7016) y Negro (RAL-9005).<\/p>\n<ul style=\"list-style: none;\">\n<li><\/li>\n<\/ul>\n","protected":false},"featured_media":2494,"template":"","meta":{"_acf_changed":false,"inline_featured_image":false,"_genesis_hide_title":false,"_genesis_hide_breadcrumbs":false,"_genesis_hide_singular_image":false,"_genesis_hide_footer_widgets":false,"_genesis_custom_body_class":"","_genesis_custom_post_class":"","_genesis_layout":"","_links_to":"","_links_to_target":""},"product_brand":[],"product_cat":[89],"product_tag":[],"class_list":{"0":"post-6198","1":"product","2":"type-product","3":"status-publish","4":"has-post-thumbnail","6":"product_cat-vestuarios","7":"entry","9":"first","10":"instock","11":"shipping-taxable","12":"product-type-simple"},"acf":[],"yoast_head":"<!-- This site is optimized with the Yoast SEO plugin v26.2 - https:\/\/yoast.com\/wordpress\/plugins\/seo\/ -->\n<title>ARMARIOS MET\u00c1LICOS - francmobiliari.com<\/title>\n<meta name=\"robots\" content=\"index, follow, max-snippet:-1, max-image-preview:large, max-video-preview:-1\" \/>\n<link rel=\"canonical\" href=\"https:\/\/www.francmobiliari.com\/es\/producto\/armarios-metalicos\/\" \/>\n<meta property=\"og:locale\" content=\"es_ES\" \/>\n<meta property=\"og:type\" content=\"article\" \/>\n<meta property=\"og:title\" content=\"ARMARIOS MET\u00c1LICOS - francmobiliari.com\" \/>\n<meta property=\"og:description\" content=\"Fabricadas con chapa de acero y pintadas con pintura epoxi. Extensible con diferentes tipos de configuraciones (1 puerta, 2 puertas, 3 puertas, etc.). Posibilidad de a\u00f1adir patas, techo inclinado, estantes interiores y otros accesorios. Tambi\u00e9n con diferentes tipos de cierre (llave, pomo de poliamida, candado, electr\u00f3nico, etc.).   FICHA T\u00c9CNICA ARMARIOS MET\u00c1LICOS  Serie de casilleros met\u00e1licos fabricados con chapa de acero laminado de 0,6 mm de espesor. Puertas con rejillas de ventilaci\u00f3n. Cerradura con llave, patas regulables, barra perchero y percheros. Opcional techo inclinado, ranura para buz\u00f3n, altillo, embellecedor lateral, patas regulables de PVC o fijas de acero y z\u00f3calo de acero inoxidable. Diferentes tipos de cierre: con llave, pomo de poliamida o met\u00e1lico, monedero, combinaci\u00f3n, electr\u00f3nico o por proximidad.  Diferentes tama\u00f1os y combinaciones de puertas.  ACABADOS CUERPO: Gris (RAL-7035)  ACABADOS PUERTAS: Azul (RAL-5010) y Gris (RAL-7035)  ACABADOS ESPECIALES: Blanco (RAL-9010), Beige (RAL-9001), Naranja Claro (RAL-1017), Amarillo (RAL-1021), Naranja (RAL-2004), Rosa (RAL-4010), Salm\u00f3n (RAL-3017), Rojo (RAL-3000), Burdeos (RAL-3005), Violeta (RAL-4005), Verde (RAL-6029), Verde Claro (RAL-6034), Azul Claro (RAL-5015), Azul Oscuro (RAL-5023), Marr\u00f3n (RAL-8025), Aluminio (RAL-9006), Gris (RAL-7036), Gris Oscuro (RAL-7016) y Negro (RAL-9005).\" \/>\n<meta property=\"og:url\" content=\"https:\/\/www.francmobiliari.com\/es\/producto\/armarios-metalicos\/\" \/>\n<meta property=\"og:site_name\" content=\"francmobiliari.com\" \/>\n<meta property=\"article:modified_time\" content=\"2025-09-11T14:49:00+00:00\" \/>\n<meta property=\"og:image\" content=\"https:\/\/www.francmobiliari.com\/wp-content\/uploads\/2025\/07\/MINIATURA-GUIXETES-METAL.LIQUES-1.jpg\" \/>\n\t<meta property=\"og:image:width\" content=\"600\" \/>\n\t<meta property=\"og:image:height\" content=\"600\" \/>\n\t<meta property=\"og:image:type\" content=\"image\/jpeg\" \/>\n<meta name=\"twitter:card\" content=\"summary_large_image\" \/>\n<script type=\"application\/ld+json\" class=\"yoast-schema-graph\">{\"@context\":\"https:\/\/schema.org\",\"@graph\":[{\"@type\":\"WebPage\",\"@id\":\"https:\/\/www.francmobiliari.com\/es\/producto\/armarios-metalicos\/\",\"url\":\"https:\/\/www.francmobiliari.com\/es\/producto\/armarios-metalicos\/\",\"name\":\"ARMARIOS MET\u00c1LICOS - francmobiliari.com\",\"isPartOf\":{\"@id\":\"https:\/\/www.francmobiliari.com\/#website\"},\"primaryImageOfPage\":{\"@id\":\"https:\/\/www.francmobiliari.com\/es\/producto\/armarios-metalicos\/#primaryimage\"},\"image\":{\"@id\":\"https:\/\/www.francmobiliari.com\/es\/producto\/armarios-metalicos\/#primaryimage\"},\"thumbnailUrl\":\"https:\/\/www.francmobiliari.com\/wp-content\/uploads\/2025\/07\/MINIATURA-GUIXETES-METAL.LIQUES-1.jpg\",\"datePublished\":\"2025-07-17T15:40:31+00:00\",\"dateModified\":\"2025-09-11T14:49:00+00:00\",\"breadcrumb\":{\"@id\":\"https:\/\/www.francmobiliari.com\/es\/producto\/armarios-metalicos\/#breadcrumb\"},\"inLanguage\":\"es\",\"potentialAction\":[{\"@type\":\"ReadAction\",\"target\":[\"https:\/\/www.francmobiliari.com\/es\/producto\/armarios-metalicos\/\"]}]},{\"@type\":\"ImageObject\",\"inLanguage\":\"es\",\"@id\":\"https:\/\/www.francmobiliari.com\/es\/producto\/armarios-metalicos\/#primaryimage\",\"url\":\"https:\/\/www.francmobiliari.com\/wp-content\/uploads\/2025\/07\/MINIATURA-GUIXETES-METAL.LIQUES-1.jpg\",\"contentUrl\":\"https:\/\/www.francmobiliari.com\/wp-content\/uploads\/2025\/07\/MINIATURA-GUIXETES-METAL.LIQUES-1.jpg\",\"width\":600,\"height\":600},{\"@type\":\"BreadcrumbList\",\"@id\":\"https:\/\/www.francmobiliari.com\/es\/producto\/armarios-metalicos\/#breadcrumb\",\"itemListElement\":[{\"@type\":\"ListItem\",\"position\":1,\"name\":\"Portada\",\"item\":\"https:\/\/www.francmobiliari.com\/es\/inicio\/\"},{\"@type\":\"ListItem\",\"position\":2,\"name\":\"Tienda\",\"item\":\"https:\/\/www.francmobiliari.com\/es\/tienda\/\"},{\"@type\":\"ListItem\",\"position\":3,\"name\":\"ARMARIOS MET\u00c1LICOS\"}]},{\"@type\":\"WebSite\",\"@id\":\"https:\/\/www.francmobiliari.com\/#website\",\"url\":\"https:\/\/www.francmobiliari.com\/\",\"name\":\"francmobiliari.com\",\"description\":\"\",\"publisher\":{\"@id\":\"https:\/\/www.francmobiliari.com\/#organization\"},\"potentialAction\":[{\"@type\":\"SearchAction\",\"target\":{\"@type\":\"EntryPoint\",\"urlTemplate\":\"https:\/\/www.francmobiliari.com\/?s={search_term_string}\"},\"query-input\":{\"@type\":\"PropertyValueSpecification\",\"valueRequired\":true,\"valueName\":\"search_term_string\"}}],\"inLanguage\":\"es\"},{\"@type\":\"Organization\",\"@id\":\"https:\/\/www.francmobiliari.com\/#organization\",\"name\":\"francmobiliari.com\",\"url\":\"https:\/\/www.francmobiliari.com\/\",\"logo\":{\"@type\":\"ImageObject\",\"inLanguage\":\"es\",\"@id\":\"https:\/\/www.francmobiliari.com\/#\/schema\/logo\/image\/\",\"url\":\"https:\/\/www.francmobiliari.com\/wp-content\/uploads\/2025\/07\/img-placeholder.png\",\"contentUrl\":\"https:\/\/www.francmobiliari.com\/wp-content\/uploads\/2025\/07\/img-placeholder.png\",\"width\":1500,\"height\":1500,\"caption\":\"francmobiliari.com\"},\"image\":{\"@id\":\"https:\/\/www.francmobiliari.com\/#\/schema\/logo\/image\/\"}}]}<\/script>\n<!-- \/ Yoast SEO plugin. -->","yoast_head_json":{"title":"ARMARIOS MET\u00c1LICOS - francmobiliari.com","robots":{"index":"index","follow":"follow","max-snippet":"max-snippet:-1","max-image-preview":"max-image-preview:large","max-video-preview":"max-video-preview:-1"},"canonical":"https:\/\/www.francmobiliari.com\/es\/producto\/armarios-metalicos\/","og_locale":"es_ES","og_type":"article","og_title":"ARMARIOS MET\u00c1LICOS - francmobiliari.com","og_description":"Fabricadas con chapa de acero y pintadas con pintura epoxi. Extensible con diferentes tipos de configuraciones (1 puerta, 2 puertas, 3 puertas, etc.). Posibilidad de a\u00f1adir patas, techo inclinado, estantes interiores y otros accesorios. Tambi\u00e9n con diferentes tipos de cierre (llave, pomo de poliamida, candado, electr\u00f3nico, etc.).   FICHA T\u00c9CNICA ARMARIOS MET\u00c1LICOS  Serie de casilleros met\u00e1licos fabricados con chapa de acero laminado de 0,6 mm de espesor. Puertas con rejillas de ventilaci\u00f3n. Cerradura con llave, patas regulables, barra perchero y percheros. Opcional techo inclinado, ranura para buz\u00f3n, altillo, embellecedor lateral, patas regulables de PVC o fijas de acero y z\u00f3calo de acero inoxidable. Diferentes tipos de cierre: con llave, pomo de poliamida o met\u00e1lico, monedero, combinaci\u00f3n, electr\u00f3nico o por proximidad.  Diferentes tama\u00f1os y combinaciones de puertas.  ACABADOS CUERPO: Gris (RAL-7035)  ACABADOS PUERTAS: Azul (RAL-5010) y Gris (RAL-7035)  ACABADOS ESPECIALES: Blanco (RAL-9010), Beige (RAL-9001), Naranja Claro (RAL-1017), Amarillo (RAL-1021), Naranja (RAL-2004), Rosa (RAL-4010), Salm\u00f3n (RAL-3017), Rojo (RAL-3000), Burdeos (RAL-3005), Violeta (RAL-4005), Verde (RAL-6029), Verde Claro (RAL-6034), Azul Claro (RAL-5015), Azul Oscuro (RAL-5023), Marr\u00f3n (RAL-8025), Aluminio (RAL-9006), Gris (RAL-7036), Gris Oscuro (RAL-7016) y Negro (RAL-9005).","og_url":"https:\/\/www.francmobiliari.com\/es\/producto\/armarios-metalicos\/","og_site_name":"francmobiliari.com","article_modified_time":"2025-09-11T14:49:00+00:00","og_image":[{"width":600,"height":600,"url":"https:\/\/www.francmobiliari.com\/wp-content\/uploads\/2025\/07\/MINIATURA-GUIXETES-METAL.LIQUES-1.jpg","type":"image\/jpeg"}],"twitter_card":"summary_large_image","schema":{"@context":"https:\/\/schema.org","@graph":[{"@type":"WebPage","@id":"https:\/\/www.francmobiliari.com\/es\/producto\/armarios-metalicos\/","url":"https:\/\/www.francmobiliari.com\/es\/producto\/armarios-metalicos\/","name":"ARMARIOS MET\u00c1LICOS - francmobiliari.com","isPartOf":{"@id":"https:\/\/www.francmobiliari.com\/#website"},"primaryImageOfPage":{"@id":"https:\/\/www.francmobiliari.com\/es\/producto\/armarios-metalicos\/#primaryimage"},"image":{"@id":"https:\/\/www.francmobiliari.com\/es\/producto\/armarios-metalicos\/#primaryimage"},"thumbnailUrl":"https:\/\/www.francmobiliari.com\/wp-content\/uploads\/2025\/07\/MINIATURA-GUIXETES-METAL.LIQUES-1.jpg","datePublished":"2025-07-17T15:40:31+00:00","dateModified":"2025-09-11T14:49:00+00:00","breadcrumb":{"@id":"https:\/\/www.francmobiliari.com\/es\/producto\/armarios-metalicos\/#breadcrumb"},"inLanguage":"es","potentialAction":[{"@type":"ReadAction","target":["https:\/\/www.francmobiliari.com\/es\/producto\/armarios-metalicos\/"]}]},{"@type":"ImageObject","inLanguage":"es","@id":"https:\/\/www.francmobiliari.com\/es\/producto\/armarios-metalicos\/#primaryimage","url":"https:\/\/www.francmobiliari.com\/wp-content\/uploads\/2025\/07\/MINIATURA-GUIXETES-METAL.LIQUES-1.jpg","contentUrl":"https:\/\/www.francmobiliari.com\/wp-content\/uploads\/2025\/07\/MINIATURA-GUIXETES-METAL.LIQUES-1.jpg","width":600,"height":600},{"@type":"BreadcrumbList","@id":"https:\/\/www.francmobiliari.com\/es\/producto\/armarios-metalicos\/#breadcrumb","itemListElement":[{"@type":"ListItem","position":1,"name":"Portada","item":"https:\/\/www.francmobiliari.com\/es\/inicio\/"},{"@type":"ListItem","position":2,"name":"Tienda","item":"https:\/\/www.francmobiliari.com\/es\/tienda\/"},{"@type":"ListItem","position":3,"name":"ARMARIOS MET\u00c1LICOS"}]},{"@type":"WebSite","@id":"https:\/\/www.francmobiliari.com\/#website","url":"https:\/\/www.francmobiliari.com\/","name":"francmobiliari.com","description":"","publisher":{"@id":"https:\/\/www.francmobiliari.com\/#organization"},"potentialAction":[{"@type":"SearchAction","target":{"@type":"EntryPoint","urlTemplate":"https:\/\/www.francmobiliari.com\/?s={search_term_string}"},"query-input":{"@type":"PropertyValueSpecification","valueRequired":true,"valueName":"search_term_string"}}],"inLanguage":"es"},{"@type":"Organization","@id":"https:\/\/www.francmobiliari.com\/#organization","name":"francmobiliari.com","url":"https:\/\/www.francmobiliari.com\/","logo":{"@type":"ImageObject","inLanguage":"es","@id":"https:\/\/www.francmobiliari.com\/#\/schema\/logo\/image\/","url":"https:\/\/www.francmobiliari.com\/wp-content\/uploads\/2025\/07\/img-placeholder.png","contentUrl":"https:\/\/www.francmobiliari.com\/wp-content\/uploads\/2025\/07\/img-placeholder.png","width":1500,"height":1500,"caption":"francmobiliari.com"},"image":{"@id":"https:\/\/www.francmobiliari.com\/#\/schema\/logo\/image\/"}}]}},"_links":{"self":[{"href":"https:\/\/www.francmobiliari.com\/es\/wp-json\/wp\/v2\/product\/6198","targetHints":{"allow":["GET"]}}],"collection":[{"href":"https:\/\/www.francmobiliari.com\/es\/wp-json\/wp\/v2\/product"}],"about":[{"href":"https:\/\/www.francmobiliari.com\/es\/wp-json\/wp\/v2\/types\/product"}],"wp:featuredmedia":[{"embeddable":true,"href":"https:\/\/www.francmobiliari.com\/es\/wp-json\/wp\/v2\/media\/2494"}],"wp:attachment":[{"href":"https:\/\/www.francmobiliari.com\/es\/wp-json\/wp\/v2\/media?parent=6198"}],"wp:term":[{"taxonomy":"product_brand","embeddable":true,"href":"https:\/\/www.francmobiliari.com\/es\/wp-json\/wp\/v2\/product_brand?post=6198"},{"taxonomy":"product_cat","embeddable":true,"href":"https:\/\/www.francmobiliari.com\/es\/wp-json\/wp\/v2\/product_cat?post=6198"},{"taxonomy":"product_tag","embeddable":true,"href":"https:\/\/www.francmobiliari.com\/es\/wp-json\/wp\/v2\/product_tag?post=6198"}],"curies":[{"name":"wp","href":"https:\/\/api.w.org\/{rel}","templated":true}]}}