{"id":6183,"date":"2025-07-17T17:40:31","date_gmt":"2025-07-17T15:40:31","guid":{"rendered":"https:\/\/www.francmobiliari.com\/producto\/prestatgeries-de-magatzem\/"},"modified":"2025-09-11T16:46:49","modified_gmt":"2025-09-11T14:46:49","slug":"estanterias-de-almacen","status":"publish","type":"product","link":"https:\/\/www.francmobiliari.com\/es\/producto\/estanterias-de-almacen\/","title":{"rendered":"ESTANTER\u00cdAS DE ALMAC\u00c9N"},"content":{"rendered":false,"protected":false},"excerpt":{"rendered":"<p>Sistemas de archivo definitivo o de almacenamiento, un elemento muy necesario en la mayor\u00eda de oficinas. La optimizaci\u00f3n del espacio, la estabilidad y la resistencia los hacen imprescindibles para organizar almacenes.<\/p>\n<ul>\n<li><a style=\"color: var(--wd-text-color);\" href=\"https:\/\/www.francmobiliari.com\/wp-content\/uploads\/2022\/11\/FITXA-TECNICA-PRESTATGERIA-MODEL-ARCHIKIT.pdf\" target=\"_blank\" rel=\"noopener\">FICHA T\u00c9CNICA ESTANTER\u00cdA MODELO ARCHIKIT<\/a><\/li>\n<li><a style=\"color: var(--wd-text-color);\" href=\"https:\/\/www.francmobiliari.com\/wp-content\/uploads\/2022\/11\/FITXA-TECNICA-PRESTATGERIA-MODEL-EUROKIT.pdf\" target=\"_blank\" rel=\"noopener\">FICHA T\u00c9CNICA ESTANTER\u00cdA MODELO EUROKIT<\/a><\/li>\n<li><a style=\"color: var(--wd-text-color);\" href=\"https:\/\/www.francmobiliari.com\/wp-content\/uploads\/2022\/11\/FITXA-TECNICA-PRESTATGERIA-MODEL-KLIPKIT.pdf\" target=\"_blank\" rel=\"noopener\">FICHA T\u00c9CNICA ESTANTER\u00cdA MODELO KLIPKIT<\/a><\/li>\n<li><a style=\"color: var(--wd-text-color);\" href=\"https:\/\/www.francmobiliari.com\/wp-content\/uploads\/2022\/11\/FITXA-TECNICA-PRESTATGERIA-PREMIUM.pdf\" target=\"_blank\" rel=\"noopener\">FICHA T\u00c9CNICA ESTANTER\u00cdA PREMIUM<\/a><\/li>\n<\/ul>\n<p>Fabricados con chapa de acero. Armazones de 30 \u00d7 45 mm de secci\u00f3n y 0,9 mm de espesor. Perforados cada 20 mm para regular los niveles de carga de los estantes. Estantes de chapa de acero de 0,9 mm de espesor, colgados en los armazones mediante clips. Cruces posteriores cada dos m\u00f3dulos para garantizar la estabilidad. Pintura anticorrosiva.<\/p>\n<p>ACABADOS ESTRUCTURA Y ESTANTES: Gris (RAL-7035)<\/p>\n<ul style=\"list-style: none;\">\n<li><\/li>\n<\/ul>\n","protected":false},"featured_media":2472,"template":"","meta":{"_acf_changed":false,"inline_featured_image":false,"_genesis_hide_title":false,"_genesis_hide_breadcrumbs":false,"_genesis_hide_singular_image":false,"_genesis_hide_footer_widgets":false,"_genesis_custom_body_class":"","_genesis_custom_post_class":"","_genesis_layout":"","_links_to":"","_links_to_target":""},"product_brand":[],"product_cat":[88],"product_tag":[],"class_list":{"0":"post-6183","1":"product","2":"type-product","3":"status-publish","4":"has-post-thumbnail","6":"product_cat-estanterias-de-pared","7":"entry","9":"first","10":"instock","11":"shipping-taxable","12":"product-type-simple"},"acf":[],"yoast_head":"<!-- This site is optimized with the Yoast SEO plugin v26.2 - https:\/\/yoast.com\/wordpress\/plugins\/seo\/ -->\n<title>ESTANTER\u00cdAS DE ALMAC\u00c9N - francmobiliari.com<\/title>\n<meta name=\"robots\" content=\"index, follow, max-snippet:-1, max-image-preview:large, max-video-preview:-1\" \/>\n<link rel=\"canonical\" href=\"https:\/\/www.francmobiliari.com\/es\/producto\/estanterias-de-almacen\/\" \/>\n<meta property=\"og:locale\" content=\"es_ES\" \/>\n<meta property=\"og:type\" content=\"article\" \/>\n<meta property=\"og:title\" content=\"ESTANTER\u00cdAS DE ALMAC\u00c9N - francmobiliari.com\" \/>\n<meta property=\"og:description\" content=\"Sistemas de archivo definitivo o de almacenamiento, un elemento muy necesario en la mayor\u00eda de oficinas. La optimizaci\u00f3n del espacio, la estabilidad y la resistencia los hacen imprescindibles para organizar almacenes.   FICHA T\u00c9CNICA ESTANTER\u00cdA MODELO ARCHIKIT  FICHA T\u00c9CNICA ESTANTER\u00cdA MODELO EUROKIT  FICHA T\u00c9CNICA ESTANTER\u00cdA MODELO KLIPKIT  FICHA T\u00c9CNICA ESTANTER\u00cdA PREMIUM  Fabricados con chapa de acero. Armazones de 30 \u00d7 45 mm de secci\u00f3n y 0,9 mm de espesor. Perforados cada 20 mm para regular los niveles de carga de los estantes. Estantes de chapa de acero de 0,9 mm de espesor, colgados en los armazones mediante clips. Cruces posteriores cada dos m\u00f3dulos para garantizar la estabilidad. Pintura anticorrosiva.  ACABADOS ESTRUCTURA Y ESTANTES: Gris (RAL-7035)\" \/>\n<meta property=\"og:url\" content=\"https:\/\/www.francmobiliari.com\/es\/producto\/estanterias-de-almacen\/\" \/>\n<meta property=\"og:site_name\" content=\"francmobiliari.com\" \/>\n<meta property=\"article:modified_time\" content=\"2025-09-11T14:46:49+00:00\" \/>\n<meta property=\"og:image\" content=\"https:\/\/www.francmobiliari.com\/wp-content\/uploads\/2025\/07\/MINIATURA-PRESTATGERIA-DE-MAGATZEM-scaled-1.jpg\" \/>\n\t<meta property=\"og:image:width\" content=\"1703\" \/>\n\t<meta property=\"og:image:height\" content=\"2560\" \/>\n\t<meta property=\"og:image:type\" content=\"image\/jpeg\" \/>\n<meta name=\"twitter:card\" content=\"summary_large_image\" \/>\n<script type=\"application\/ld+json\" class=\"yoast-schema-graph\">{\"@context\":\"https:\/\/schema.org\",\"@graph\":[{\"@type\":\"WebPage\",\"@id\":\"https:\/\/www.francmobiliari.com\/es\/producto\/estanterias-de-almacen\/\",\"url\":\"https:\/\/www.francmobiliari.com\/es\/producto\/estanterias-de-almacen\/\",\"name\":\"ESTANTER\u00cdAS DE ALMAC\u00c9N - francmobiliari.com\",\"isPartOf\":{\"@id\":\"https:\/\/www.francmobiliari.com\/#website\"},\"primaryImageOfPage\":{\"@id\":\"https:\/\/www.francmobiliari.com\/es\/producto\/estanterias-de-almacen\/#primaryimage\"},\"image\":{\"@id\":\"https:\/\/www.francmobiliari.com\/es\/producto\/estanterias-de-almacen\/#primaryimage\"},\"thumbnailUrl\":\"https:\/\/www.francmobiliari.com\/wp-content\/uploads\/2025\/07\/MINIATURA-PRESTATGERIA-DE-MAGATZEM-scaled-1.jpg\",\"datePublished\":\"2025-07-17T15:40:31+00:00\",\"dateModified\":\"2025-09-11T14:46:49+00:00\",\"breadcrumb\":{\"@id\":\"https:\/\/www.francmobiliari.com\/es\/producto\/estanterias-de-almacen\/#breadcrumb\"},\"inLanguage\":\"es\",\"potentialAction\":[{\"@type\":\"ReadAction\",\"target\":[\"https:\/\/www.francmobiliari.com\/es\/producto\/estanterias-de-almacen\/\"]}]},{\"@type\":\"ImageObject\",\"inLanguage\":\"es\",\"@id\":\"https:\/\/www.francmobiliari.com\/es\/producto\/estanterias-de-almacen\/#primaryimage\",\"url\":\"https:\/\/www.francmobiliari.com\/wp-content\/uploads\/2025\/07\/MINIATURA-PRESTATGERIA-DE-MAGATZEM-scaled-1.jpg\",\"contentUrl\":\"https:\/\/www.francmobiliari.com\/wp-content\/uploads\/2025\/07\/MINIATURA-PRESTATGERIA-DE-MAGATZEM-scaled-1.jpg\",\"width\":1703,\"height\":2560},{\"@type\":\"BreadcrumbList\",\"@id\":\"https:\/\/www.francmobiliari.com\/es\/producto\/estanterias-de-almacen\/#breadcrumb\",\"itemListElement\":[{\"@type\":\"ListItem\",\"position\":1,\"name\":\"Portada\",\"item\":\"https:\/\/www.francmobiliari.com\/es\/inicio\/\"},{\"@type\":\"ListItem\",\"position\":2,\"name\":\"Tienda\",\"item\":\"https:\/\/www.francmobiliari.com\/es\/tienda\/\"},{\"@type\":\"ListItem\",\"position\":3,\"name\":\"ESTANTER\u00cdAS DE ALMAC\u00c9N\"}]},{\"@type\":\"WebSite\",\"@id\":\"https:\/\/www.francmobiliari.com\/#website\",\"url\":\"https:\/\/www.francmobiliari.com\/\",\"name\":\"francmobiliari.com\",\"description\":\"\",\"publisher\":{\"@id\":\"https:\/\/www.francmobiliari.com\/#organization\"},\"potentialAction\":[{\"@type\":\"SearchAction\",\"target\":{\"@type\":\"EntryPoint\",\"urlTemplate\":\"https:\/\/www.francmobiliari.com\/?s={search_term_string}\"},\"query-input\":{\"@type\":\"PropertyValueSpecification\",\"valueRequired\":true,\"valueName\":\"search_term_string\"}}],\"inLanguage\":\"es\"},{\"@type\":\"Organization\",\"@id\":\"https:\/\/www.francmobiliari.com\/#organization\",\"name\":\"francmobiliari.com\",\"url\":\"https:\/\/www.francmobiliari.com\/\",\"logo\":{\"@type\":\"ImageObject\",\"inLanguage\":\"es\",\"@id\":\"https:\/\/www.francmobiliari.com\/#\/schema\/logo\/image\/\",\"url\":\"https:\/\/www.francmobiliari.com\/wp-content\/uploads\/2025\/07\/img-placeholder.png\",\"contentUrl\":\"https:\/\/www.francmobiliari.com\/wp-content\/uploads\/2025\/07\/img-placeholder.png\",\"width\":1500,\"height\":1500,\"caption\":\"francmobiliari.com\"},\"image\":{\"@id\":\"https:\/\/www.francmobiliari.com\/#\/schema\/logo\/image\/\"}}]}<\/script>\n<!-- \/ Yoast SEO plugin. -->","yoast_head_json":{"title":"ESTANTER\u00cdAS DE ALMAC\u00c9N - francmobiliari.com","robots":{"index":"index","follow":"follow","max-snippet":"max-snippet:-1","max-image-preview":"max-image-preview:large","max-video-preview":"max-video-preview:-1"},"canonical":"https:\/\/www.francmobiliari.com\/es\/producto\/estanterias-de-almacen\/","og_locale":"es_ES","og_type":"article","og_title":"ESTANTER\u00cdAS DE ALMAC\u00c9N - francmobiliari.com","og_description":"Sistemas de archivo definitivo o de almacenamiento, un elemento muy necesario en la mayor\u00eda de oficinas. La optimizaci\u00f3n del espacio, la estabilidad y la resistencia los hacen imprescindibles para organizar almacenes.   FICHA T\u00c9CNICA ESTANTER\u00cdA MODELO ARCHIKIT  FICHA T\u00c9CNICA ESTANTER\u00cdA MODELO EUROKIT  FICHA T\u00c9CNICA ESTANTER\u00cdA MODELO KLIPKIT  FICHA T\u00c9CNICA ESTANTER\u00cdA PREMIUM  Fabricados con chapa de acero. Armazones de 30 \u00d7 45 mm de secci\u00f3n y 0,9 mm de espesor. Perforados cada 20 mm para regular los niveles de carga de los estantes. Estantes de chapa de acero de 0,9 mm de espesor, colgados en los armazones mediante clips. Cruces posteriores cada dos m\u00f3dulos para garantizar la estabilidad. Pintura anticorrosiva.  ACABADOS ESTRUCTURA Y ESTANTES: Gris (RAL-7035)","og_url":"https:\/\/www.francmobiliari.com\/es\/producto\/estanterias-de-almacen\/","og_site_name":"francmobiliari.com","article_modified_time":"2025-09-11T14:46:49+00:00","og_image":[{"width":1703,"height":2560,"url":"https:\/\/www.francmobiliari.com\/wp-content\/uploads\/2025\/07\/MINIATURA-PRESTATGERIA-DE-MAGATZEM-scaled-1.jpg","type":"image\/jpeg"}],"twitter_card":"summary_large_image","schema":{"@context":"https:\/\/schema.org","@graph":[{"@type":"WebPage","@id":"https:\/\/www.francmobiliari.com\/es\/producto\/estanterias-de-almacen\/","url":"https:\/\/www.francmobiliari.com\/es\/producto\/estanterias-de-almacen\/","name":"ESTANTER\u00cdAS DE ALMAC\u00c9N - francmobiliari.com","isPartOf":{"@id":"https:\/\/www.francmobiliari.com\/#website"},"primaryImageOfPage":{"@id":"https:\/\/www.francmobiliari.com\/es\/producto\/estanterias-de-almacen\/#primaryimage"},"image":{"@id":"https:\/\/www.francmobiliari.com\/es\/producto\/estanterias-de-almacen\/#primaryimage"},"thumbnailUrl":"https:\/\/www.francmobiliari.com\/wp-content\/uploads\/2025\/07\/MINIATURA-PRESTATGERIA-DE-MAGATZEM-scaled-1.jpg","datePublished":"2025-07-17T15:40:31+00:00","dateModified":"2025-09-11T14:46:49+00:00","breadcrumb":{"@id":"https:\/\/www.francmobiliari.com\/es\/producto\/estanterias-de-almacen\/#breadcrumb"},"inLanguage":"es","potentialAction":[{"@type":"ReadAction","target":["https:\/\/www.francmobiliari.com\/es\/producto\/estanterias-de-almacen\/"]}]},{"@type":"ImageObject","inLanguage":"es","@id":"https:\/\/www.francmobiliari.com\/es\/producto\/estanterias-de-almacen\/#primaryimage","url":"https:\/\/www.francmobiliari.com\/wp-content\/uploads\/2025\/07\/MINIATURA-PRESTATGERIA-DE-MAGATZEM-scaled-1.jpg","contentUrl":"https:\/\/www.francmobiliari.com\/wp-content\/uploads\/2025\/07\/MINIATURA-PRESTATGERIA-DE-MAGATZEM-scaled-1.jpg","width":1703,"height":2560},{"@type":"BreadcrumbList","@id":"https:\/\/www.francmobiliari.com\/es\/producto\/estanterias-de-almacen\/#breadcrumb","itemListElement":[{"@type":"ListItem","position":1,"name":"Portada","item":"https:\/\/www.francmobiliari.com\/es\/inicio\/"},{"@type":"ListItem","position":2,"name":"Tienda","item":"https:\/\/www.francmobiliari.com\/es\/tienda\/"},{"@type":"ListItem","position":3,"name":"ESTANTER\u00cdAS DE ALMAC\u00c9N"}]},{"@type":"WebSite","@id":"https:\/\/www.francmobiliari.com\/#website","url":"https:\/\/www.francmobiliari.com\/","name":"francmobiliari.com","description":"","publisher":{"@id":"https:\/\/www.francmobiliari.com\/#organization"},"potentialAction":[{"@type":"SearchAction","target":{"@type":"EntryPoint","urlTemplate":"https:\/\/www.francmobiliari.com\/?s={search_term_string}"},"query-input":{"@type":"PropertyValueSpecification","valueRequired":true,"valueName":"search_term_string"}}],"inLanguage":"es"},{"@type":"Organization","@id":"https:\/\/www.francmobiliari.com\/#organization","name":"francmobiliari.com","url":"https:\/\/www.francmobiliari.com\/","logo":{"@type":"ImageObject","inLanguage":"es","@id":"https:\/\/www.francmobiliari.com\/#\/schema\/logo\/image\/","url":"https:\/\/www.francmobiliari.com\/wp-content\/uploads\/2025\/07\/img-placeholder.png","contentUrl":"https:\/\/www.francmobiliari.com\/wp-content\/uploads\/2025\/07\/img-placeholder.png","width":1500,"height":1500,"caption":"francmobiliari.com"},"image":{"@id":"https:\/\/www.francmobiliari.com\/#\/schema\/logo\/image\/"}}]}},"_links":{"self":[{"href":"https:\/\/www.francmobiliari.com\/es\/wp-json\/wp\/v2\/product\/6183","targetHints":{"allow":["GET"]}}],"collection":[{"href":"https:\/\/www.francmobiliari.com\/es\/wp-json\/wp\/v2\/product"}],"about":[{"href":"https:\/\/www.francmobiliari.com\/es\/wp-json\/wp\/v2\/types\/product"}],"wp:featuredmedia":[{"embeddable":true,"href":"https:\/\/www.francmobiliari.com\/es\/wp-json\/wp\/v2\/media\/2472"}],"wp:attachment":[{"href":"https:\/\/www.francmobiliari.com\/es\/wp-json\/wp\/v2\/media?parent=6183"}],"wp:term":[{"taxonomy":"product_brand","embeddable":true,"href":"https:\/\/www.francmobiliari.com\/es\/wp-json\/wp\/v2\/product_brand?post=6183"},{"taxonomy":"product_cat","embeddable":true,"href":"https:\/\/www.francmobiliari.com\/es\/wp-json\/wp\/v2\/product_cat?post=6183"},{"taxonomy":"product_tag","embeddable":true,"href":"https:\/\/www.francmobiliari.com\/es\/wp-json\/wp\/v2\/product_tag?post=6183"}],"curies":[{"name":"wp","href":"https:\/\/api.w.org\/{rel}","templated":true}]}}