{"id":6176,"date":"2025-07-17T17:40:07","date_gmt":"2025-07-17T15:40:07","guid":{"rendered":"https:\/\/www.francmobiliari.com\/producto\/prestatgeria-socrates\/"},"modified":"2025-09-11T17:16:09","modified_gmt":"2025-09-11T15:16:09","slug":"estanteria-socrates","status":"publish","type":"product","link":"https:\/\/www.francmobiliari.com\/es\/producto\/estanteria-socrates\/","title":{"rendered":"ESTANTER\u00cdA SOCRATES"},"content":{"rendered":false,"protected":false},"excerpt":{"rendered":"<p>Librer\u00eda met\u00e1lica modular con montantes laterales de acero cromado o pintado. Estantes met\u00e1licos lisos o microperforados. Con dos profundidades (35 o 45 cm). Con posibilidad de incorporar puertas, cajones o accesorios. Estantes horizontales o inclinados.<\/p>\n<ul>\n<li><a style=\"color: var(--wd-text-color);\" href=\"https:\/\/www.francmobiliari.com\/wp-content\/uploads\/2022\/11\/CATALEG-PRESTATGERIA-SOCRATES-EXTERIOR.pdf\" target=\"_blank\" rel=\"noopener\">CAT\u00c1LOGO ESTANTER\u00cdA S\u00d3CRATES EXTERIOR<\/a><\/li>\n<li><a style=\"color: var(--wd-text-color);\" href=\"https:\/\/www.francmobiliari.com\/wp-content\/uploads\/2022\/11\/CATALEG-PRESTATGERIA-SOCRATES-WALL.pdf\" target=\"_blank\" rel=\"noopener\">CAT\u00c1LOGO ESTANTER\u00cdA S\u00d3CRATES WALL<\/a><\/li>\n<li><a style=\"color: var(--wd-text-color);\" href=\"https:\/\/www.francmobiliari.com\/wp-content\/uploads\/2022\/11\/CATALEG-PRESTATGERIA-SOCRATES.pdf\" target=\"_blank\" rel=\"noopener\">CAT\u00c1LOGO ESTANTER\u00cdA S\u00d3CRATES<\/a><\/li>\n<li><a style=\"color: var(--wd-text-color);\" href=\"https:\/\/www.francmobiliari.com\/wp-content\/uploads\/2022\/11\/FITXA-TECNICA-PRESTATGERIA-SOCRATES-EXTERIOR.pdf\" target=\"_blank\" rel=\"noopener\">FICHA T\u00c9CNICA ESTANTER\u00cdA S\u00d3CRATES EXTERIOR<\/a><\/li>\n<li><a style=\"color: var(--wd-text-color);\" href=\"https:\/\/www.francmobiliari.com\/wp-content\/uploads\/2022\/11\/FITXA-TECNICA-PRESTATGERIA-SOCRATES-WALL.pdf\" target=\"_blank\" rel=\"noopener\">FICHA T\u00c9CNICA ESTANTER\u00cdA S\u00d3CRATES WALL<\/a><\/li>\n<li><a style=\"color: var(--wd-text-color);\" href=\"https:\/\/www.francmobiliari.com\/wp-content\/uploads\/2022\/11\/FITXA-TECNICA-PRESTATGERIA-SOCRATES.pdf\" target=\"_blank\" rel=\"noopener\">FICHA T\u00c9CNICA ESTANTER\u00cdA S\u00d3CRATES<\/a><\/li>\n<\/ul>\n<p>ACABADOS ESTRUCTURA DE PROFUNDIDAD 35 CM: Blanco, Gris Plata, Negro y Cromado.<\/p>\n<p>ACABADOS ESTANTES PROFUNDIDAD 35 CM: Blanco, Gris Plata y Negro.<\/p>\n<p>ACABADOS ESTRUCTURA DE PROFUNDIDAD 45 CM Y DE PARED: Blanco, Gris Plata y Cromado.<\/p>\n<p>ACABADOS ESTANTES PROFUNDIDAD 45 CM Y DE PARED: Blanco y Gris Plata.<\/p>\n<p>ACABADOS ESTANTES DE VIDRIO: Vidrio transparente de 8 mm.<\/p>\n<p>ACABADOS PUERTAS CORREDERAS:<\/p>\n<ul>\n<li>Acero lacado Blanco, Gris y Negro<\/li>\n<li>Acero barnizado Turquesa o Burdeos<\/li>\n<li>Vidrio Satinado y Vidrio con Serigraf\u00eda<\/li>\n<li>Madera de Nogal y Roble<\/li>\n<\/ul>\n<ul style=\"list-style: none;\">\n<li style=\"list-style-type: none;\">\n<ul style=\"list-style: none;\">\n<li style=\"list-style-type: none;\"><\/li>\n<\/ul>\n<\/li>\n<\/ul>\n<p>ACABADOS ESTRUCTURA ESTANTER\u00cdA EXTERIOR: Gris Antracita y Turquesa (RAL 6034)<\/p>\n<p>ACABADOS ESTANTES ESTANTER\u00cdA EXTERIOR: Gris Antracita, Turquesa (RAL 6034), Verde Hierba (RAL 6025) y Verde Claro (RAL 6021). Granito o Madera combinados con acero.<\/p>\n<ul style=\"list-style: none;\">\n<li style=\"list-style-type: none;\">\n<ul style=\"list-style: none;\">\n<li><\/li>\n<\/ul>\n<\/li>\n<\/ul>\n","protected":false},"featured_media":2434,"template":"","meta":{"_acf_changed":false,"inline_featured_image":false,"_genesis_hide_title":false,"_genesis_hide_breadcrumbs":false,"_genesis_hide_singular_image":false,"_genesis_hide_footer_widgets":false,"_genesis_custom_body_class":"","_genesis_custom_post_class":"","_genesis_layout":"","_links_to":"","_links_to_target":""},"product_brand":[],"product_cat":[88],"product_tag":[],"class_list":{"0":"post-6176","1":"product","2":"type-product","3":"status-publish","4":"has-post-thumbnail","6":"product_cat-estanterias-de-pared","7":"entry","9":"first","10":"instock","11":"shipping-taxable","12":"product-type-simple"},"acf":[],"yoast_head":"<!-- This site is optimized with the Yoast SEO plugin v26.2 - https:\/\/yoast.com\/wordpress\/plugins\/seo\/ -->\n<title>ESTANTER\u00cdA SOCRATES - francmobiliari.com<\/title>\n<meta name=\"robots\" content=\"index, follow, max-snippet:-1, max-image-preview:large, max-video-preview:-1\" \/>\n<link rel=\"canonical\" href=\"https:\/\/www.francmobiliari.com\/es\/producto\/estanteria-socrates\/\" \/>\n<meta property=\"og:locale\" content=\"es_ES\" \/>\n<meta property=\"og:type\" content=\"article\" \/>\n<meta property=\"og:title\" content=\"ESTANTER\u00cdA SOCRATES - francmobiliari.com\" \/>\n<meta property=\"og:description\" content=\"Librer\u00eda met\u00e1lica modular con montantes laterales de acero cromado o pintado. Estantes met\u00e1licos lisos o microperforados. Con dos profundidades (35 o 45 cm). Con posibilidad de incorporar puertas, cajones o accesorios. Estantes horizontales o inclinados.   CAT\u00c1LOGO ESTANTER\u00cdA S\u00d3CRATES EXTERIOR  CAT\u00c1LOGO ESTANTER\u00cdA S\u00d3CRATES WALL  CAT\u00c1LOGO ESTANTER\u00cdA S\u00d3CRATES  FICHA T\u00c9CNICA ESTANTER\u00cdA S\u00d3CRATES EXTERIOR  FICHA T\u00c9CNICA ESTANTER\u00cdA S\u00d3CRATES WALL  FICHA T\u00c9CNICA ESTANTER\u00cdA S\u00d3CRATES  ACABADOS ESTRUCTURA DE PROFUNDIDAD 35 CM: Blanco, Gris Plata, Negro y Cromado.  ACABADOS ESTANTES PROFUNDIDAD 35 CM: Blanco, Gris Plata y Negro.  ACABADOS ESTRUCTURA DE PROFUNDIDAD 45 CM Y DE PARED: Blanco, Gris Plata y Cromado.  ACABADOS ESTANTES PROFUNDIDAD 45 CM Y DE PARED: Blanco y Gris Plata.  ACABADOS ESTANTES DE VIDRIO: Vidrio transparente de 8 mm.  ACABADOS PUERTAS CORREDERAS:   Acero lacado Blanco, Gris y Negro  Acero barnizado Turquesa o Burdeos  Vidrio Satinado y Vidrio con Serigraf\u00eda  Madera de Nogal y Roble           ACABADOS ESTRUCTURA ESTANTER\u00cdA EXTERIOR: Gris Antracita y Turquesa (RAL 6034)  ACABADOS ESTANTES ESTANTER\u00cdA EXTERIOR: Gris Antracita, Turquesa (RAL 6034), Verde Hierba (RAL 6025) y Verde Claro (RAL 6021). Granito o Madera combinados con acero.\" \/>\n<meta property=\"og:url\" content=\"https:\/\/www.francmobiliari.com\/es\/producto\/estanteria-socrates\/\" \/>\n<meta property=\"og:site_name\" content=\"francmobiliari.com\" \/>\n<meta property=\"article:modified_time\" content=\"2025-09-11T15:16:09+00:00\" \/>\n<meta property=\"og:image\" content=\"https:\/\/www.francmobiliari.com\/wp-content\/uploads\/2025\/07\/MINIATURA-SOCRATES.jpg\" \/>\n\t<meta property=\"og:image:width\" content=\"1600\" \/>\n\t<meta property=\"og:image:height\" content=\"1600\" \/>\n\t<meta property=\"og:image:type\" content=\"image\/jpeg\" \/>\n<meta name=\"twitter:card\" content=\"summary_large_image\" \/>\n<script type=\"application\/ld+json\" class=\"yoast-schema-graph\">{\"@context\":\"https:\/\/schema.org\",\"@graph\":[{\"@type\":\"WebPage\",\"@id\":\"https:\/\/www.francmobiliari.com\/es\/producto\/estanteria-socrates\/\",\"url\":\"https:\/\/www.francmobiliari.com\/es\/producto\/estanteria-socrates\/\",\"name\":\"ESTANTER\u00cdA SOCRATES - francmobiliari.com\",\"isPartOf\":{\"@id\":\"https:\/\/www.francmobiliari.com\/#website\"},\"primaryImageOfPage\":{\"@id\":\"https:\/\/www.francmobiliari.com\/es\/producto\/estanteria-socrates\/#primaryimage\"},\"image\":{\"@id\":\"https:\/\/www.francmobiliari.com\/es\/producto\/estanteria-socrates\/#primaryimage\"},\"thumbnailUrl\":\"https:\/\/www.francmobiliari.com\/wp-content\/uploads\/2025\/07\/MINIATURA-SOCRATES.jpg\",\"datePublished\":\"2025-07-17T15:40:07+00:00\",\"dateModified\":\"2025-09-11T15:16:09+00:00\",\"breadcrumb\":{\"@id\":\"https:\/\/www.francmobiliari.com\/es\/producto\/estanteria-socrates\/#breadcrumb\"},\"inLanguage\":\"es\",\"potentialAction\":[{\"@type\":\"ReadAction\",\"target\":[\"https:\/\/www.francmobiliari.com\/es\/producto\/estanteria-socrates\/\"]}]},{\"@type\":\"ImageObject\",\"inLanguage\":\"es\",\"@id\":\"https:\/\/www.francmobiliari.com\/es\/producto\/estanteria-socrates\/#primaryimage\",\"url\":\"https:\/\/www.francmobiliari.com\/wp-content\/uploads\/2025\/07\/MINIATURA-SOCRATES.jpg\",\"contentUrl\":\"https:\/\/www.francmobiliari.com\/wp-content\/uploads\/2025\/07\/MINIATURA-SOCRATES.jpg\",\"width\":1600,\"height\":1600},{\"@type\":\"BreadcrumbList\",\"@id\":\"https:\/\/www.francmobiliari.com\/es\/producto\/estanteria-socrates\/#breadcrumb\",\"itemListElement\":[{\"@type\":\"ListItem\",\"position\":1,\"name\":\"Portada\",\"item\":\"https:\/\/www.francmobiliari.com\/es\/inicio\/\"},{\"@type\":\"ListItem\",\"position\":2,\"name\":\"Tienda\",\"item\":\"https:\/\/www.francmobiliari.com\/es\/tienda\/\"},{\"@type\":\"ListItem\",\"position\":3,\"name\":\"ESTANTER\u00cdA SOCRATES\"}]},{\"@type\":\"WebSite\",\"@id\":\"https:\/\/www.francmobiliari.com\/#website\",\"url\":\"https:\/\/www.francmobiliari.com\/\",\"name\":\"francmobiliari.com\",\"description\":\"\",\"publisher\":{\"@id\":\"https:\/\/www.francmobiliari.com\/#organization\"},\"potentialAction\":[{\"@type\":\"SearchAction\",\"target\":{\"@type\":\"EntryPoint\",\"urlTemplate\":\"https:\/\/www.francmobiliari.com\/?s={search_term_string}\"},\"query-input\":{\"@type\":\"PropertyValueSpecification\",\"valueRequired\":true,\"valueName\":\"search_term_string\"}}],\"inLanguage\":\"es\"},{\"@type\":\"Organization\",\"@id\":\"https:\/\/www.francmobiliari.com\/#organization\",\"name\":\"francmobiliari.com\",\"url\":\"https:\/\/www.francmobiliari.com\/\",\"logo\":{\"@type\":\"ImageObject\",\"inLanguage\":\"es\",\"@id\":\"https:\/\/www.francmobiliari.com\/#\/schema\/logo\/image\/\",\"url\":\"https:\/\/www.francmobiliari.com\/wp-content\/uploads\/2025\/07\/img-placeholder.png\",\"contentUrl\":\"https:\/\/www.francmobiliari.com\/wp-content\/uploads\/2025\/07\/img-placeholder.png\",\"width\":1500,\"height\":1500,\"caption\":\"francmobiliari.com\"},\"image\":{\"@id\":\"https:\/\/www.francmobiliari.com\/#\/schema\/logo\/image\/\"}}]}<\/script>\n<!-- \/ Yoast SEO plugin. -->","yoast_head_json":{"title":"ESTANTER\u00cdA SOCRATES - francmobiliari.com","robots":{"index":"index","follow":"follow","max-snippet":"max-snippet:-1","max-image-preview":"max-image-preview:large","max-video-preview":"max-video-preview:-1"},"canonical":"https:\/\/www.francmobiliari.com\/es\/producto\/estanteria-socrates\/","og_locale":"es_ES","og_type":"article","og_title":"ESTANTER\u00cdA SOCRATES - francmobiliari.com","og_description":"Librer\u00eda met\u00e1lica modular con montantes laterales de acero cromado o pintado. Estantes met\u00e1licos lisos o microperforados. Con dos profundidades (35 o 45 cm). Con posibilidad de incorporar puertas, cajones o accesorios. Estantes horizontales o inclinados.   CAT\u00c1LOGO ESTANTER\u00cdA S\u00d3CRATES EXTERIOR  CAT\u00c1LOGO ESTANTER\u00cdA S\u00d3CRATES WALL  CAT\u00c1LOGO ESTANTER\u00cdA S\u00d3CRATES  FICHA T\u00c9CNICA ESTANTER\u00cdA S\u00d3CRATES EXTERIOR  FICHA T\u00c9CNICA ESTANTER\u00cdA S\u00d3CRATES WALL  FICHA T\u00c9CNICA ESTANTER\u00cdA S\u00d3CRATES  ACABADOS ESTRUCTURA DE PROFUNDIDAD 35 CM: Blanco, Gris Plata, Negro y Cromado.  ACABADOS ESTANTES PROFUNDIDAD 35 CM: Blanco, Gris Plata y Negro.  ACABADOS ESTRUCTURA DE PROFUNDIDAD 45 CM Y DE PARED: Blanco, Gris Plata y Cromado.  ACABADOS ESTANTES PROFUNDIDAD 45 CM Y DE PARED: Blanco y Gris Plata.  ACABADOS ESTANTES DE VIDRIO: Vidrio transparente de 8 mm.  ACABADOS PUERTAS CORREDERAS:   Acero lacado Blanco, Gris y Negro  Acero barnizado Turquesa o Burdeos  Vidrio Satinado y Vidrio con Serigraf\u00eda  Madera de Nogal y Roble           ACABADOS ESTRUCTURA ESTANTER\u00cdA EXTERIOR: Gris Antracita y Turquesa (RAL 6034)  ACABADOS ESTANTES ESTANTER\u00cdA EXTERIOR: Gris Antracita, Turquesa (RAL 6034), Verde Hierba (RAL 6025) y Verde Claro (RAL 6021). Granito o Madera combinados con acero.","og_url":"https:\/\/www.francmobiliari.com\/es\/producto\/estanteria-socrates\/","og_site_name":"francmobiliari.com","article_modified_time":"2025-09-11T15:16:09+00:00","og_image":[{"width":1600,"height":1600,"url":"https:\/\/www.francmobiliari.com\/wp-content\/uploads\/2025\/07\/MINIATURA-SOCRATES.jpg","type":"image\/jpeg"}],"twitter_card":"summary_large_image","schema":{"@context":"https:\/\/schema.org","@graph":[{"@type":"WebPage","@id":"https:\/\/www.francmobiliari.com\/es\/producto\/estanteria-socrates\/","url":"https:\/\/www.francmobiliari.com\/es\/producto\/estanteria-socrates\/","name":"ESTANTER\u00cdA SOCRATES - francmobiliari.com","isPartOf":{"@id":"https:\/\/www.francmobiliari.com\/#website"},"primaryImageOfPage":{"@id":"https:\/\/www.francmobiliari.com\/es\/producto\/estanteria-socrates\/#primaryimage"},"image":{"@id":"https:\/\/www.francmobiliari.com\/es\/producto\/estanteria-socrates\/#primaryimage"},"thumbnailUrl":"https:\/\/www.francmobiliari.com\/wp-content\/uploads\/2025\/07\/MINIATURA-SOCRATES.jpg","datePublished":"2025-07-17T15:40:07+00:00","dateModified":"2025-09-11T15:16:09+00:00","breadcrumb":{"@id":"https:\/\/www.francmobiliari.com\/es\/producto\/estanteria-socrates\/#breadcrumb"},"inLanguage":"es","potentialAction":[{"@type":"ReadAction","target":["https:\/\/www.francmobiliari.com\/es\/producto\/estanteria-socrates\/"]}]},{"@type":"ImageObject","inLanguage":"es","@id":"https:\/\/www.francmobiliari.com\/es\/producto\/estanteria-socrates\/#primaryimage","url":"https:\/\/www.francmobiliari.com\/wp-content\/uploads\/2025\/07\/MINIATURA-SOCRATES.jpg","contentUrl":"https:\/\/www.francmobiliari.com\/wp-content\/uploads\/2025\/07\/MINIATURA-SOCRATES.jpg","width":1600,"height":1600},{"@type":"BreadcrumbList","@id":"https:\/\/www.francmobiliari.com\/es\/producto\/estanteria-socrates\/#breadcrumb","itemListElement":[{"@type":"ListItem","position":1,"name":"Portada","item":"https:\/\/www.francmobiliari.com\/es\/inicio\/"},{"@type":"ListItem","position":2,"name":"Tienda","item":"https:\/\/www.francmobiliari.com\/es\/tienda\/"},{"@type":"ListItem","position":3,"name":"ESTANTER\u00cdA SOCRATES"}]},{"@type":"WebSite","@id":"https:\/\/www.francmobiliari.com\/#website","url":"https:\/\/www.francmobiliari.com\/","name":"francmobiliari.com","description":"","publisher":{"@id":"https:\/\/www.francmobiliari.com\/#organization"},"potentialAction":[{"@type":"SearchAction","target":{"@type":"EntryPoint","urlTemplate":"https:\/\/www.francmobiliari.com\/?s={search_term_string}"},"query-input":{"@type":"PropertyValueSpecification","valueRequired":true,"valueName":"search_term_string"}}],"inLanguage":"es"},{"@type":"Organization","@id":"https:\/\/www.francmobiliari.com\/#organization","name":"francmobiliari.com","url":"https:\/\/www.francmobiliari.com\/","logo":{"@type":"ImageObject","inLanguage":"es","@id":"https:\/\/www.francmobiliari.com\/#\/schema\/logo\/image\/","url":"https:\/\/www.francmobiliari.com\/wp-content\/uploads\/2025\/07\/img-placeholder.png","contentUrl":"https:\/\/www.francmobiliari.com\/wp-content\/uploads\/2025\/07\/img-placeholder.png","width":1500,"height":1500,"caption":"francmobiliari.com"},"image":{"@id":"https:\/\/www.francmobiliari.com\/#\/schema\/logo\/image\/"}}]}},"_links":{"self":[{"href":"https:\/\/www.francmobiliari.com\/es\/wp-json\/wp\/v2\/product\/6176","targetHints":{"allow":["GET"]}}],"collection":[{"href":"https:\/\/www.francmobiliari.com\/es\/wp-json\/wp\/v2\/product"}],"about":[{"href":"https:\/\/www.francmobiliari.com\/es\/wp-json\/wp\/v2\/types\/product"}],"wp:featuredmedia":[{"embeddable":true,"href":"https:\/\/www.francmobiliari.com\/es\/wp-json\/wp\/v2\/media\/2434"}],"wp:attachment":[{"href":"https:\/\/www.francmobiliari.com\/es\/wp-json\/wp\/v2\/media?parent=6176"}],"wp:term":[{"taxonomy":"product_brand","embeddable":true,"href":"https:\/\/www.francmobiliari.com\/es\/wp-json\/wp\/v2\/product_brand?post=6176"},{"taxonomy":"product_cat","embeddable":true,"href":"https:\/\/www.francmobiliari.com\/es\/wp-json\/wp\/v2\/product_cat?post=6176"},{"taxonomy":"product_tag","embeddable":true,"href":"https:\/\/www.francmobiliari.com\/es\/wp-json\/wp\/v2\/product_tag?post=6176"}],"curies":[{"name":"wp","href":"https:\/\/api.w.org\/{rel}","templated":true}]}}