{"id":6174,"date":"2025-07-17T17:40:07","date_gmt":"2025-07-17T15:40:07","guid":{"rendered":"https:\/\/www.francmobiliari.com\/producto\/prestatgeria-big\/"},"modified":"2025-09-11T17:14:19","modified_gmt":"2025-09-11T15:14:19","slug":"estanteria-big","status":"publish","type":"product","link":"https:\/\/www.francmobiliari.com\/es\/producto\/estanteria-big\/","title":{"rendered":"ESTANTER\u00cdA BIG"},"content":{"rendered":false,"protected":false},"excerpt":{"rendered":"<p>Librer\u00eda met\u00e1lica modular con m\u00e9nsulas de aluminio en forma de T. Estantes met\u00e1licos horizontales o inclinados para exposici\u00f3n de revistas o cat\u00e1logos. Disponible en color blanco o gris aluminio.<\/p>\n<ul>\n<li><a style=\"color: var(--wd-text-color);\" href=\"https:\/\/www.francmobiliari.com\/wp-content\/uploads\/2022\/11\/CATALEG-BIG-WALL.pdf\" target=\"_blank\" rel=\"noopener\">CAT\u00c0LEG BIG WALL<\/a><\/li>\n<li><a style=\"color: var(--wd-text-color);\" href=\"https:\/\/www.francmobiliari.com\/wp-content\/uploads\/2022\/11\/CATALEG-BIG.pdf\" target=\"_blank\" rel=\"noopener\">CAT\u00c0LEG BIG<\/a><\/li>\n<li><a style=\"color: var(--wd-text-color);\" href=\"https:\/\/www.francmobiliari.com\/wp-content\/uploads\/2022\/11\/FITXA-TECNICA-BIG-WALL.pdf\" target=\"_blank\" rel=\"noopener\">FITXA T\u00c8CNICA BIG WALL<\/a><\/li>\n<li><a style=\"color: var(--wd-text-color);\" href=\"https:\/\/www.francmobiliari.com\/wp-content\/uploads\/2022\/11\/FITXA-TECNICA-BIG.pdf\" target=\"_blank\" rel=\"noopener\">FITXA T\u00c8CNICA BIG<\/a><\/li>\n<\/ul>\n<p>Fabricada con m\u00e9nsulas de aluminio extruido en forma de \u201cT\u201d de 50 \u00d7 72 mm de secci\u00f3n, lacadas en epoxi. Estantes de acero pintado de 2 mm de grosor. Plegado para garantizar el encaje con las m\u00e9nsulas verticales. Opci\u00f3n de estanter\u00eda independiente con base de 34 cm de profundidad y travesa\u00f1os, o anclada a pared.<\/p>\n<p>ACABADOS ESTRUCTURA Y ESTANTES: Blanco o Gris Plata.<\/p>\n<ul style=\"list-style: none;\">\n<li style=\"list-style-type: none;\">\n<ul style=\"list-style: none;\">\n<li><\/li>\n<\/ul>\n<\/li>\n<\/ul>\n","protected":false},"featured_media":2414,"template":"","meta":{"_acf_changed":false,"inline_featured_image":false,"_genesis_hide_title":false,"_genesis_hide_breadcrumbs":false,"_genesis_hide_singular_image":false,"_genesis_hide_footer_widgets":false,"_genesis_custom_body_class":"","_genesis_custom_post_class":"","_genesis_layout":"","_links_to":"","_links_to_target":""},"product_brand":[],"product_cat":[88],"product_tag":[],"class_list":{"0":"post-6174","1":"product","2":"type-product","3":"status-publish","4":"has-post-thumbnail","6":"product_cat-estanterias-de-pared","7":"entry","9":"first","10":"instock","11":"shipping-taxable","12":"product-type-simple"},"acf":[],"yoast_head":"<!-- This site is optimized with the Yoast SEO plugin v26.2 - https:\/\/yoast.com\/wordpress\/plugins\/seo\/ -->\n<title>ESTANTER\u00cdA BIG - francmobiliari.com<\/title>\n<meta name=\"robots\" content=\"index, follow, max-snippet:-1, max-image-preview:large, max-video-preview:-1\" \/>\n<link rel=\"canonical\" href=\"https:\/\/www.francmobiliari.com\/es\/producto\/estanteria-big\/\" \/>\n<meta property=\"og:locale\" content=\"es_ES\" \/>\n<meta property=\"og:type\" content=\"article\" \/>\n<meta property=\"og:title\" content=\"ESTANTER\u00cdA BIG - francmobiliari.com\" \/>\n<meta property=\"og:description\" content=\"Librer\u00eda met\u00e1lica modular con m\u00e9nsulas de aluminio en forma de T. Estantes met\u00e1licos horizontales o inclinados para exposici\u00f3n de revistas o cat\u00e1logos. Disponible en color blanco o gris aluminio.   CAT\u00c0LEG BIG WALL  CAT\u00c0LEG BIG  FITXA T\u00c8CNICA BIG WALL  FITXA T\u00c8CNICA BIG  Fabricada con m\u00e9nsulas de aluminio extruido en forma de \u201cT\u201d de 50 \u00d7 72 mm de secci\u00f3n, lacadas en epoxi. Estantes de acero pintado de 2 mm de grosor. Plegado para garantizar el encaje con las m\u00e9nsulas verticales. Opci\u00f3n de estanter\u00eda independiente con base de 34 cm de profundidad y travesa\u00f1os, o anclada a pared.  ACABADOS ESTRUCTURA Y ESTANTES: Blanco o Gris Plata.\" \/>\n<meta property=\"og:url\" content=\"https:\/\/www.francmobiliari.com\/es\/producto\/estanteria-big\/\" \/>\n<meta property=\"og:site_name\" content=\"francmobiliari.com\" \/>\n<meta property=\"article:modified_time\" content=\"2025-09-11T15:14:19+00:00\" \/>\n<meta property=\"og:image\" content=\"https:\/\/www.francmobiliari.com\/wp-content\/uploads\/2025\/07\/MINIATURA-PRESTATGERIA-BIG.jpg\" \/>\n\t<meta property=\"og:image:width\" content=\"1600\" \/>\n\t<meta property=\"og:image:height\" content=\"1600\" \/>\n\t<meta property=\"og:image:type\" content=\"image\/jpeg\" \/>\n<meta name=\"twitter:card\" content=\"summary_large_image\" \/>\n<script type=\"application\/ld+json\" class=\"yoast-schema-graph\">{\"@context\":\"https:\/\/schema.org\",\"@graph\":[{\"@type\":\"WebPage\",\"@id\":\"https:\/\/www.francmobiliari.com\/es\/producto\/estanteria-big\/\",\"url\":\"https:\/\/www.francmobiliari.com\/es\/producto\/estanteria-big\/\",\"name\":\"ESTANTER\u00cdA BIG - francmobiliari.com\",\"isPartOf\":{\"@id\":\"https:\/\/www.francmobiliari.com\/#website\"},\"primaryImageOfPage\":{\"@id\":\"https:\/\/www.francmobiliari.com\/es\/producto\/estanteria-big\/#primaryimage\"},\"image\":{\"@id\":\"https:\/\/www.francmobiliari.com\/es\/producto\/estanteria-big\/#primaryimage\"},\"thumbnailUrl\":\"https:\/\/www.francmobiliari.com\/wp-content\/uploads\/2025\/07\/MINIATURA-PRESTATGERIA-BIG.jpg\",\"datePublished\":\"2025-07-17T15:40:07+00:00\",\"dateModified\":\"2025-09-11T15:14:19+00:00\",\"breadcrumb\":{\"@id\":\"https:\/\/www.francmobiliari.com\/es\/producto\/estanteria-big\/#breadcrumb\"},\"inLanguage\":\"es\",\"potentialAction\":[{\"@type\":\"ReadAction\",\"target\":[\"https:\/\/www.francmobiliari.com\/es\/producto\/estanteria-big\/\"]}]},{\"@type\":\"ImageObject\",\"inLanguage\":\"es\",\"@id\":\"https:\/\/www.francmobiliari.com\/es\/producto\/estanteria-big\/#primaryimage\",\"url\":\"https:\/\/www.francmobiliari.com\/wp-content\/uploads\/2025\/07\/MINIATURA-PRESTATGERIA-BIG.jpg\",\"contentUrl\":\"https:\/\/www.francmobiliari.com\/wp-content\/uploads\/2025\/07\/MINIATURA-PRESTATGERIA-BIG.jpg\",\"width\":1600,\"height\":1600},{\"@type\":\"BreadcrumbList\",\"@id\":\"https:\/\/www.francmobiliari.com\/es\/producto\/estanteria-big\/#breadcrumb\",\"itemListElement\":[{\"@type\":\"ListItem\",\"position\":1,\"name\":\"Portada\",\"item\":\"https:\/\/www.francmobiliari.com\/es\/inicio\/\"},{\"@type\":\"ListItem\",\"position\":2,\"name\":\"Tienda\",\"item\":\"https:\/\/www.francmobiliari.com\/es\/tienda\/\"},{\"@type\":\"ListItem\",\"position\":3,\"name\":\"ESTANTER\u00cdA BIG\"}]},{\"@type\":\"WebSite\",\"@id\":\"https:\/\/www.francmobiliari.com\/#website\",\"url\":\"https:\/\/www.francmobiliari.com\/\",\"name\":\"francmobiliari.com\",\"description\":\"\",\"publisher\":{\"@id\":\"https:\/\/www.francmobiliari.com\/#organization\"},\"potentialAction\":[{\"@type\":\"SearchAction\",\"target\":{\"@type\":\"EntryPoint\",\"urlTemplate\":\"https:\/\/www.francmobiliari.com\/?s={search_term_string}\"},\"query-input\":{\"@type\":\"PropertyValueSpecification\",\"valueRequired\":true,\"valueName\":\"search_term_string\"}}],\"inLanguage\":\"es\"},{\"@type\":\"Organization\",\"@id\":\"https:\/\/www.francmobiliari.com\/#organization\",\"name\":\"francmobiliari.com\",\"url\":\"https:\/\/www.francmobiliari.com\/\",\"logo\":{\"@type\":\"ImageObject\",\"inLanguage\":\"es\",\"@id\":\"https:\/\/www.francmobiliari.com\/#\/schema\/logo\/image\/\",\"url\":\"https:\/\/www.francmobiliari.com\/wp-content\/uploads\/2025\/07\/img-placeholder.png\",\"contentUrl\":\"https:\/\/www.francmobiliari.com\/wp-content\/uploads\/2025\/07\/img-placeholder.png\",\"width\":1500,\"height\":1500,\"caption\":\"francmobiliari.com\"},\"image\":{\"@id\":\"https:\/\/www.francmobiliari.com\/#\/schema\/logo\/image\/\"}}]}<\/script>\n<!-- \/ Yoast SEO plugin. -->","yoast_head_json":{"title":"ESTANTER\u00cdA BIG - francmobiliari.com","robots":{"index":"index","follow":"follow","max-snippet":"max-snippet:-1","max-image-preview":"max-image-preview:large","max-video-preview":"max-video-preview:-1"},"canonical":"https:\/\/www.francmobiliari.com\/es\/producto\/estanteria-big\/","og_locale":"es_ES","og_type":"article","og_title":"ESTANTER\u00cdA BIG - francmobiliari.com","og_description":"Librer\u00eda met\u00e1lica modular con m\u00e9nsulas de aluminio en forma de T. Estantes met\u00e1licos horizontales o inclinados para exposici\u00f3n de revistas o cat\u00e1logos. Disponible en color blanco o gris aluminio.   CAT\u00c0LEG BIG WALL  CAT\u00c0LEG BIG  FITXA T\u00c8CNICA BIG WALL  FITXA T\u00c8CNICA BIG  Fabricada con m\u00e9nsulas de aluminio extruido en forma de \u201cT\u201d de 50 \u00d7 72 mm de secci\u00f3n, lacadas en epoxi. Estantes de acero pintado de 2 mm de grosor. Plegado para garantizar el encaje con las m\u00e9nsulas verticales. Opci\u00f3n de estanter\u00eda independiente con base de 34 cm de profundidad y travesa\u00f1os, o anclada a pared.  ACABADOS ESTRUCTURA Y ESTANTES: Blanco o Gris Plata.","og_url":"https:\/\/www.francmobiliari.com\/es\/producto\/estanteria-big\/","og_site_name":"francmobiliari.com","article_modified_time":"2025-09-11T15:14:19+00:00","og_image":[{"width":1600,"height":1600,"url":"https:\/\/www.francmobiliari.com\/wp-content\/uploads\/2025\/07\/MINIATURA-PRESTATGERIA-BIG.jpg","type":"image\/jpeg"}],"twitter_card":"summary_large_image","schema":{"@context":"https:\/\/schema.org","@graph":[{"@type":"WebPage","@id":"https:\/\/www.francmobiliari.com\/es\/producto\/estanteria-big\/","url":"https:\/\/www.francmobiliari.com\/es\/producto\/estanteria-big\/","name":"ESTANTER\u00cdA BIG - francmobiliari.com","isPartOf":{"@id":"https:\/\/www.francmobiliari.com\/#website"},"primaryImageOfPage":{"@id":"https:\/\/www.francmobiliari.com\/es\/producto\/estanteria-big\/#primaryimage"},"image":{"@id":"https:\/\/www.francmobiliari.com\/es\/producto\/estanteria-big\/#primaryimage"},"thumbnailUrl":"https:\/\/www.francmobiliari.com\/wp-content\/uploads\/2025\/07\/MINIATURA-PRESTATGERIA-BIG.jpg","datePublished":"2025-07-17T15:40:07+00:00","dateModified":"2025-09-11T15:14:19+00:00","breadcrumb":{"@id":"https:\/\/www.francmobiliari.com\/es\/producto\/estanteria-big\/#breadcrumb"},"inLanguage":"es","potentialAction":[{"@type":"ReadAction","target":["https:\/\/www.francmobiliari.com\/es\/producto\/estanteria-big\/"]}]},{"@type":"ImageObject","inLanguage":"es","@id":"https:\/\/www.francmobiliari.com\/es\/producto\/estanteria-big\/#primaryimage","url":"https:\/\/www.francmobiliari.com\/wp-content\/uploads\/2025\/07\/MINIATURA-PRESTATGERIA-BIG.jpg","contentUrl":"https:\/\/www.francmobiliari.com\/wp-content\/uploads\/2025\/07\/MINIATURA-PRESTATGERIA-BIG.jpg","width":1600,"height":1600},{"@type":"BreadcrumbList","@id":"https:\/\/www.francmobiliari.com\/es\/producto\/estanteria-big\/#breadcrumb","itemListElement":[{"@type":"ListItem","position":1,"name":"Portada","item":"https:\/\/www.francmobiliari.com\/es\/inicio\/"},{"@type":"ListItem","position":2,"name":"Tienda","item":"https:\/\/www.francmobiliari.com\/es\/tienda\/"},{"@type":"ListItem","position":3,"name":"ESTANTER\u00cdA BIG"}]},{"@type":"WebSite","@id":"https:\/\/www.francmobiliari.com\/#website","url":"https:\/\/www.francmobiliari.com\/","name":"francmobiliari.com","description":"","publisher":{"@id":"https:\/\/www.francmobiliari.com\/#organization"},"potentialAction":[{"@type":"SearchAction","target":{"@type":"EntryPoint","urlTemplate":"https:\/\/www.francmobiliari.com\/?s={search_term_string}"},"query-input":{"@type":"PropertyValueSpecification","valueRequired":true,"valueName":"search_term_string"}}],"inLanguage":"es"},{"@type":"Organization","@id":"https:\/\/www.francmobiliari.com\/#organization","name":"francmobiliari.com","url":"https:\/\/www.francmobiliari.com\/","logo":{"@type":"ImageObject","inLanguage":"es","@id":"https:\/\/www.francmobiliari.com\/#\/schema\/logo\/image\/","url":"https:\/\/www.francmobiliari.com\/wp-content\/uploads\/2025\/07\/img-placeholder.png","contentUrl":"https:\/\/www.francmobiliari.com\/wp-content\/uploads\/2025\/07\/img-placeholder.png","width":1500,"height":1500,"caption":"francmobiliari.com"},"image":{"@id":"https:\/\/www.francmobiliari.com\/#\/schema\/logo\/image\/"}}]}},"_links":{"self":[{"href":"https:\/\/www.francmobiliari.com\/es\/wp-json\/wp\/v2\/product\/6174","targetHints":{"allow":["GET"]}}],"collection":[{"href":"https:\/\/www.francmobiliari.com\/es\/wp-json\/wp\/v2\/product"}],"about":[{"href":"https:\/\/www.francmobiliari.com\/es\/wp-json\/wp\/v2\/types\/product"}],"wp:featuredmedia":[{"embeddable":true,"href":"https:\/\/www.francmobiliari.com\/es\/wp-json\/wp\/v2\/media\/2414"}],"wp:attachment":[{"href":"https:\/\/www.francmobiliari.com\/es\/wp-json\/wp\/v2\/media?parent=6174"}],"wp:term":[{"taxonomy":"product_brand","embeddable":true,"href":"https:\/\/www.francmobiliari.com\/es\/wp-json\/wp\/v2\/product_brand?post=6174"},{"taxonomy":"product_cat","embeddable":true,"href":"https:\/\/www.francmobiliari.com\/es\/wp-json\/wp\/v2\/product_cat?post=6174"},{"taxonomy":"product_tag","embeddable":true,"href":"https:\/\/www.francmobiliari.com\/es\/wp-json\/wp\/v2\/product_tag?post=6174"}],"curies":[{"name":"wp","href":"https:\/\/api.w.org\/{rel}","templated":true}]}}