{"id":6172,"date":"2025-07-17T17:39:44","date_gmt":"2025-07-17T15:39:44","guid":{"rendered":"https:\/\/www.francmobiliari.com\/producto\/armaris-metallics-per-a-multimedia\/"},"modified":"2025-09-11T17:26:55","modified_gmt":"2025-09-11T15:26:55","slug":"armarios-metalicos-para-multimedia","status":"publish","type":"product","link":"https:\/\/www.francmobiliari.com\/es\/producto\/armarios-metalicos-para-multimedia\/","title":{"rendered":"ARMARIOS MET\u00c1LICOS PARA MULTIMEDIA"},"content":{"rendered":false,"protected":false},"excerpt":{"rendered":"<div class=\"page\" title=\"Page 5\">\n<div class=\"layoutArea\">\n<div class=\"column\">\n<p>Armarios electrificados para recarga y almacenamiento de ordenadores port\u00e1tiles y otros dispositivos.<\/p>\n<p>SERIE ENERGY<\/p>\n<p>Serie de armarios fabricados con chapa laminada en fr\u00edo de 0,8 y 1,0 mm de espesor y soldados por puntos. Pintados con pintura antioxidante. Base con niveladores. Puertas batientes de acero delanteras y posteriores, o de lamas de persiana ign\u00edfugas M1 en la parte frontal. Equipado con 11 estantes met\u00e1licos. Con cierre de 3 puntos de alta seguridad. Ruedas con frenos. Conexiones con bases tipo Schuko. Opcional Wifi, sistema de ventilaci\u00f3n, protector contra sobretensiones, programador digital o estantes telesc\u00f3picos. Capacidad para 35 port\u00e1tiles de 12\u201d o 24 port\u00e1tiles de 15\u201d.<\/p>\n<p>ACABADOS ESTRUCTURA, PUERTAS Y ESTANTES: Negro (RAL 9005), Antracita (RAL 7016), Gris Oscuro (RAL 7015), Aluminio (RAL 9006), Gris Claro (RAL 7035), Blanco (RAL 9010 o RAL 9003) y Arena.<\/p>\n<p>ACABADOS LAMAS DE PERSIANA: Acabados en madera color Roble, Haya, Arce o Cerezo. Acabados lisos color Negro (RAL 9005), Antracita (RAL 7016), Gris Oscuro (RAL 7015), Aluminio (RAL 9006), Gris Claro (RAL 7035), Blanco (RAL 9010 o RAL 9003) y Arena.<\/p>\n<ul style=\"list-style: none;\">\n<li><\/li>\n<\/ul>\n<\/div>\n<\/div>\n<\/div>\n","protected":false},"featured_media":2384,"template":"","meta":{"_acf_changed":false,"inline_featured_image":false,"_genesis_hide_title":false,"_genesis_hide_breadcrumbs":false,"_genesis_hide_singular_image":false,"_genesis_hide_footer_widgets":false,"_genesis_custom_body_class":"","_genesis_custom_post_class":"","_genesis_layout":"","_links_to":"","_links_to_target":""},"product_brand":[],"product_cat":[87],"product_tag":[],"class_list":{"0":"post-6172","1":"product","2":"type-product","3":"status-publish","4":"has-post-thumbnail","6":"product_cat-armarios-metalicos","7":"entry","9":"first","10":"instock","11":"shipping-taxable","12":"product-type-simple"},"acf":[],"yoast_head":"<!-- This site is optimized with the Yoast SEO plugin v26.2 - https:\/\/yoast.com\/wordpress\/plugins\/seo\/ -->\n<title>ARMARIOS MET\u00c1LICOS PARA MULTIMEDIA - francmobiliari.com<\/title>\n<meta name=\"robots\" content=\"index, follow, max-snippet:-1, max-image-preview:large, max-video-preview:-1\" \/>\n<link rel=\"canonical\" href=\"https:\/\/www.francmobiliari.com\/es\/producto\/armarios-metalicos-para-multimedia\/\" \/>\n<meta property=\"og:locale\" content=\"es_ES\" \/>\n<meta property=\"og:type\" content=\"article\" \/>\n<meta property=\"og:title\" content=\"ARMARIOS MET\u00c1LICOS PARA MULTIMEDIA - francmobiliari.com\" \/>\n<meta property=\"og:description\" content=\"Armarios electrificados para recarga y almacenamiento de ordenadores port\u00e1tiles y otros dispositivos.  SERIE ENERGY  Serie de armarios fabricados con chapa laminada en fr\u00edo de 0,8 y 1,0 mm de espesor y soldados por puntos. Pintados con pintura antioxidante. Base con niveladores. Puertas batientes de acero delanteras y posteriores, o de lamas de persiana ign\u00edfugas M1 en la parte frontal. Equipado con 11 estantes met\u00e1licos. Con cierre de 3 puntos de alta seguridad. Ruedas con frenos. Conexiones con bases tipo Schuko. Opcional Wifi, sistema de ventilaci\u00f3n, protector contra sobretensiones, programador digital o estantes telesc\u00f3picos. Capacidad para 35 port\u00e1tiles de 12\u201d o 24 port\u00e1tiles de 15\u201d.  ACABADOS ESTRUCTURA, PUERTAS Y ESTANTES: Negro (RAL 9005), Antracita (RAL 7016), Gris Oscuro (RAL 7015), Aluminio (RAL 9006), Gris Claro (RAL 7035), Blanco (RAL 9010 o RAL 9003) y Arena.  ACABADOS LAMAS DE PERSIANA: Acabados en madera color Roble, Haya, Arce o Cerezo. Acabados lisos color Negro (RAL 9005), Antracita (RAL 7016), Gris Oscuro (RAL 7015), Aluminio (RAL 9006), Gris Claro (RAL 7035), Blanco (RAL 9010 o RAL 9003) y Arena.\" \/>\n<meta property=\"og:url\" content=\"https:\/\/www.francmobiliari.com\/es\/producto\/armarios-metalicos-para-multimedia\/\" \/>\n<meta property=\"og:site_name\" content=\"francmobiliari.com\" \/>\n<meta property=\"article:modified_time\" content=\"2025-09-11T15:26:55+00:00\" \/>\n<meta property=\"og:image\" content=\"https:\/\/www.francmobiliari.com\/wp-content\/uploads\/2025\/07\/MINIATURA-ARMARIS-MULTIMEDIA.jpg\" \/>\n\t<meta property=\"og:image:width\" content=\"1300\" \/>\n\t<meta property=\"og:image:height\" content=\"731\" \/>\n\t<meta property=\"og:image:type\" content=\"image\/jpeg\" \/>\n<meta name=\"twitter:card\" content=\"summary_large_image\" \/>\n<script type=\"application\/ld+json\" class=\"yoast-schema-graph\">{\"@context\":\"https:\/\/schema.org\",\"@graph\":[{\"@type\":\"WebPage\",\"@id\":\"https:\/\/www.francmobiliari.com\/es\/producto\/armarios-metalicos-para-multimedia\/\",\"url\":\"https:\/\/www.francmobiliari.com\/es\/producto\/armarios-metalicos-para-multimedia\/\",\"name\":\"ARMARIOS MET\u00c1LICOS PARA MULTIMEDIA - francmobiliari.com\",\"isPartOf\":{\"@id\":\"https:\/\/www.francmobiliari.com\/#website\"},\"primaryImageOfPage\":{\"@id\":\"https:\/\/www.francmobiliari.com\/es\/producto\/armarios-metalicos-para-multimedia\/#primaryimage\"},\"image\":{\"@id\":\"https:\/\/www.francmobiliari.com\/es\/producto\/armarios-metalicos-para-multimedia\/#primaryimage\"},\"thumbnailUrl\":\"https:\/\/www.francmobiliari.com\/wp-content\/uploads\/2025\/07\/MINIATURA-ARMARIS-MULTIMEDIA.jpg\",\"datePublished\":\"2025-07-17T15:39:44+00:00\",\"dateModified\":\"2025-09-11T15:26:55+00:00\",\"breadcrumb\":{\"@id\":\"https:\/\/www.francmobiliari.com\/es\/producto\/armarios-metalicos-para-multimedia\/#breadcrumb\"},\"inLanguage\":\"es\",\"potentialAction\":[{\"@type\":\"ReadAction\",\"target\":[\"https:\/\/www.francmobiliari.com\/es\/producto\/armarios-metalicos-para-multimedia\/\"]}]},{\"@type\":\"ImageObject\",\"inLanguage\":\"es\",\"@id\":\"https:\/\/www.francmobiliari.com\/es\/producto\/armarios-metalicos-para-multimedia\/#primaryimage\",\"url\":\"https:\/\/www.francmobiliari.com\/wp-content\/uploads\/2025\/07\/MINIATURA-ARMARIS-MULTIMEDIA.jpg\",\"contentUrl\":\"https:\/\/www.francmobiliari.com\/wp-content\/uploads\/2025\/07\/MINIATURA-ARMARIS-MULTIMEDIA.jpg\",\"width\":1300,\"height\":731},{\"@type\":\"BreadcrumbList\",\"@id\":\"https:\/\/www.francmobiliari.com\/es\/producto\/armarios-metalicos-para-multimedia\/#breadcrumb\",\"itemListElement\":[{\"@type\":\"ListItem\",\"position\":1,\"name\":\"Portada\",\"item\":\"https:\/\/www.francmobiliari.com\/es\/inicio\/\"},{\"@type\":\"ListItem\",\"position\":2,\"name\":\"Tienda\",\"item\":\"https:\/\/www.francmobiliari.com\/es\/tienda\/\"},{\"@type\":\"ListItem\",\"position\":3,\"name\":\"ARMARIOS MET\u00c1LICOS PARA MULTIMEDIA\"}]},{\"@type\":\"WebSite\",\"@id\":\"https:\/\/www.francmobiliari.com\/#website\",\"url\":\"https:\/\/www.francmobiliari.com\/\",\"name\":\"francmobiliari.com\",\"description\":\"\",\"publisher\":{\"@id\":\"https:\/\/www.francmobiliari.com\/#organization\"},\"potentialAction\":[{\"@type\":\"SearchAction\",\"target\":{\"@type\":\"EntryPoint\",\"urlTemplate\":\"https:\/\/www.francmobiliari.com\/?s={search_term_string}\"},\"query-input\":{\"@type\":\"PropertyValueSpecification\",\"valueRequired\":true,\"valueName\":\"search_term_string\"}}],\"inLanguage\":\"es\"},{\"@type\":\"Organization\",\"@id\":\"https:\/\/www.francmobiliari.com\/#organization\",\"name\":\"francmobiliari.com\",\"url\":\"https:\/\/www.francmobiliari.com\/\",\"logo\":{\"@type\":\"ImageObject\",\"inLanguage\":\"es\",\"@id\":\"https:\/\/www.francmobiliari.com\/#\/schema\/logo\/image\/\",\"url\":\"https:\/\/www.francmobiliari.com\/wp-content\/uploads\/2025\/07\/img-placeholder.png\",\"contentUrl\":\"https:\/\/www.francmobiliari.com\/wp-content\/uploads\/2025\/07\/img-placeholder.png\",\"width\":1500,\"height\":1500,\"caption\":\"francmobiliari.com\"},\"image\":{\"@id\":\"https:\/\/www.francmobiliari.com\/#\/schema\/logo\/image\/\"}}]}<\/script>\n<!-- \/ Yoast SEO plugin. -->","yoast_head_json":{"title":"ARMARIOS MET\u00c1LICOS PARA MULTIMEDIA - francmobiliari.com","robots":{"index":"index","follow":"follow","max-snippet":"max-snippet:-1","max-image-preview":"max-image-preview:large","max-video-preview":"max-video-preview:-1"},"canonical":"https:\/\/www.francmobiliari.com\/es\/producto\/armarios-metalicos-para-multimedia\/","og_locale":"es_ES","og_type":"article","og_title":"ARMARIOS MET\u00c1LICOS PARA MULTIMEDIA - francmobiliari.com","og_description":"Armarios electrificados para recarga y almacenamiento de ordenadores port\u00e1tiles y otros dispositivos.  SERIE ENERGY  Serie de armarios fabricados con chapa laminada en fr\u00edo de 0,8 y 1,0 mm de espesor y soldados por puntos. Pintados con pintura antioxidante. Base con niveladores. Puertas batientes de acero delanteras y posteriores, o de lamas de persiana ign\u00edfugas M1 en la parte frontal. Equipado con 11 estantes met\u00e1licos. Con cierre de 3 puntos de alta seguridad. Ruedas con frenos. Conexiones con bases tipo Schuko. Opcional Wifi, sistema de ventilaci\u00f3n, protector contra sobretensiones, programador digital o estantes telesc\u00f3picos. Capacidad para 35 port\u00e1tiles de 12\u201d o 24 port\u00e1tiles de 15\u201d.  ACABADOS ESTRUCTURA, PUERTAS Y ESTANTES: Negro (RAL 9005), Antracita (RAL 7016), Gris Oscuro (RAL 7015), Aluminio (RAL 9006), Gris Claro (RAL 7035), Blanco (RAL 9010 o RAL 9003) y Arena.  ACABADOS LAMAS DE PERSIANA: Acabados en madera color Roble, Haya, Arce o Cerezo. Acabados lisos color Negro (RAL 9005), Antracita (RAL 7016), Gris Oscuro (RAL 7015), Aluminio (RAL 9006), Gris Claro (RAL 7035), Blanco (RAL 9010 o RAL 9003) y Arena.","og_url":"https:\/\/www.francmobiliari.com\/es\/producto\/armarios-metalicos-para-multimedia\/","og_site_name":"francmobiliari.com","article_modified_time":"2025-09-11T15:26:55+00:00","og_image":[{"width":1300,"height":731,"url":"https:\/\/www.francmobiliari.com\/wp-content\/uploads\/2025\/07\/MINIATURA-ARMARIS-MULTIMEDIA.jpg","type":"image\/jpeg"}],"twitter_card":"summary_large_image","schema":{"@context":"https:\/\/schema.org","@graph":[{"@type":"WebPage","@id":"https:\/\/www.francmobiliari.com\/es\/producto\/armarios-metalicos-para-multimedia\/","url":"https:\/\/www.francmobiliari.com\/es\/producto\/armarios-metalicos-para-multimedia\/","name":"ARMARIOS MET\u00c1LICOS PARA MULTIMEDIA - francmobiliari.com","isPartOf":{"@id":"https:\/\/www.francmobiliari.com\/#website"},"primaryImageOfPage":{"@id":"https:\/\/www.francmobiliari.com\/es\/producto\/armarios-metalicos-para-multimedia\/#primaryimage"},"image":{"@id":"https:\/\/www.francmobiliari.com\/es\/producto\/armarios-metalicos-para-multimedia\/#primaryimage"},"thumbnailUrl":"https:\/\/www.francmobiliari.com\/wp-content\/uploads\/2025\/07\/MINIATURA-ARMARIS-MULTIMEDIA.jpg","datePublished":"2025-07-17T15:39:44+00:00","dateModified":"2025-09-11T15:26:55+00:00","breadcrumb":{"@id":"https:\/\/www.francmobiliari.com\/es\/producto\/armarios-metalicos-para-multimedia\/#breadcrumb"},"inLanguage":"es","potentialAction":[{"@type":"ReadAction","target":["https:\/\/www.francmobiliari.com\/es\/producto\/armarios-metalicos-para-multimedia\/"]}]},{"@type":"ImageObject","inLanguage":"es","@id":"https:\/\/www.francmobiliari.com\/es\/producto\/armarios-metalicos-para-multimedia\/#primaryimage","url":"https:\/\/www.francmobiliari.com\/wp-content\/uploads\/2025\/07\/MINIATURA-ARMARIS-MULTIMEDIA.jpg","contentUrl":"https:\/\/www.francmobiliari.com\/wp-content\/uploads\/2025\/07\/MINIATURA-ARMARIS-MULTIMEDIA.jpg","width":1300,"height":731},{"@type":"BreadcrumbList","@id":"https:\/\/www.francmobiliari.com\/es\/producto\/armarios-metalicos-para-multimedia\/#breadcrumb","itemListElement":[{"@type":"ListItem","position":1,"name":"Portada","item":"https:\/\/www.francmobiliari.com\/es\/inicio\/"},{"@type":"ListItem","position":2,"name":"Tienda","item":"https:\/\/www.francmobiliari.com\/es\/tienda\/"},{"@type":"ListItem","position":3,"name":"ARMARIOS MET\u00c1LICOS PARA MULTIMEDIA"}]},{"@type":"WebSite","@id":"https:\/\/www.francmobiliari.com\/#website","url":"https:\/\/www.francmobiliari.com\/","name":"francmobiliari.com","description":"","publisher":{"@id":"https:\/\/www.francmobiliari.com\/#organization"},"potentialAction":[{"@type":"SearchAction","target":{"@type":"EntryPoint","urlTemplate":"https:\/\/www.francmobiliari.com\/?s={search_term_string}"},"query-input":{"@type":"PropertyValueSpecification","valueRequired":true,"valueName":"search_term_string"}}],"inLanguage":"es"},{"@type":"Organization","@id":"https:\/\/www.francmobiliari.com\/#organization","name":"francmobiliari.com","url":"https:\/\/www.francmobiliari.com\/","logo":{"@type":"ImageObject","inLanguage":"es","@id":"https:\/\/www.francmobiliari.com\/#\/schema\/logo\/image\/","url":"https:\/\/www.francmobiliari.com\/wp-content\/uploads\/2025\/07\/img-placeholder.png","contentUrl":"https:\/\/www.francmobiliari.com\/wp-content\/uploads\/2025\/07\/img-placeholder.png","width":1500,"height":1500,"caption":"francmobiliari.com"},"image":{"@id":"https:\/\/www.francmobiliari.com\/#\/schema\/logo\/image\/"}}]}},"_links":{"self":[{"href":"https:\/\/www.francmobiliari.com\/es\/wp-json\/wp\/v2\/product\/6172","targetHints":{"allow":["GET"]}}],"collection":[{"href":"https:\/\/www.francmobiliari.com\/es\/wp-json\/wp\/v2\/product"}],"about":[{"href":"https:\/\/www.francmobiliari.com\/es\/wp-json\/wp\/v2\/types\/product"}],"wp:featuredmedia":[{"embeddable":true,"href":"https:\/\/www.francmobiliari.com\/es\/wp-json\/wp\/v2\/media\/2384"}],"wp:attachment":[{"href":"https:\/\/www.francmobiliari.com\/es\/wp-json\/wp\/v2\/media?parent=6172"}],"wp:term":[{"taxonomy":"product_brand","embeddable":true,"href":"https:\/\/www.francmobiliari.com\/es\/wp-json\/wp\/v2\/product_brand?post=6172"},{"taxonomy":"product_cat","embeddable":true,"href":"https:\/\/www.francmobiliari.com\/es\/wp-json\/wp\/v2\/product_cat?post=6172"},{"taxonomy":"product_tag","embeddable":true,"href":"https:\/\/www.francmobiliari.com\/es\/wp-json\/wp\/v2\/product_tag?post=6172"}],"curies":[{"name":"wp","href":"https:\/\/api.w.org\/{rel}","templated":true}]}}