{"id":6142,"date":"2025-07-17T17:39:44","date_gmt":"2025-07-17T15:39:44","guid":{"rendered":"https:\/\/www.francmobiliari.com\/producto\/armaris-metallics-amt\/"},"modified":"2025-09-11T17:18:26","modified_gmt":"2025-09-11T15:18:26","slug":"armarios-metalicos-amt","status":"publish","type":"product","link":"https:\/\/www.francmobiliari.com\/es\/producto\/armarios-metalicos-amt\/","title":{"rendered":"ARMARIOS METALICOS AMT"},"content":{"rendered":false,"protected":false},"excerpt":{"rendered":"<div class=\"page\" title=\"Page 5\">\n<div class=\"layoutArea\">\n<div class=\"column\">\n<p>Armarios con cuerpo met\u00e1lico y puertas batientes de melamina o met\u00e1licas. Opci\u00f3n sin puertas con estantes vistos.<\/p>\n<\/div>\n<\/div>\n<\/div>\n<p>Serie de armarios fabricados con chapa laminada en fr\u00edo de 0,8 mm de espesor y soldada por puntos. Pintados con pintura antioxidante. Base con niveladores. Dos tipolog\u00edas: con puertas batientes o sin puertas y con estantes vistos. Puertas batientes met\u00e1licas o de melamina de 19 mm. Con cerradura y llave. Estantes met\u00e1licos. Cajoneras telesc\u00f3picas opcionales.<\/p>\n<p>ACABADOS ESTRUCTURA Y PUERTAS MET\u00c1LICAS: Aluminio texturizado, Blanco, Gris, Negro texturizado o Negro mate.<\/p>\n<p>ACABADOS PUERTAS DE MELAMINA: Blanco, Gris, Aluminio, Arce Americano, Negro mate, Roble, Roble Aurora, Roble Azabache o Nogal Siena.<\/p>\n<ul style=\"list-style: none;\">\n<li><\/li>\n<\/ul>\n","protected":false},"featured_media":2338,"template":"","meta":{"_acf_changed":false,"inline_featured_image":false,"_genesis_hide_title":false,"_genesis_hide_breadcrumbs":false,"_genesis_hide_singular_image":false,"_genesis_hide_footer_widgets":false,"_genesis_custom_body_class":"","_genesis_custom_post_class":"","_genesis_layout":"","_links_to":"","_links_to_target":""},"product_brand":[],"product_cat":[87],"product_tag":[],"class_list":{"0":"post-6142","1":"product","2":"type-product","3":"status-publish","4":"has-post-thumbnail","6":"product_cat-armarios-metalicos","7":"entry","9":"first","10":"instock","11":"shipping-taxable","12":"product-type-simple"},"acf":[],"yoast_head":"<!-- This site is optimized with the Yoast SEO plugin v26.2 - https:\/\/yoast.com\/wordpress\/plugins\/seo\/ -->\n<title>ARMARIOS METALICOS AMT - francmobiliari.com<\/title>\n<meta name=\"robots\" content=\"index, follow, max-snippet:-1, max-image-preview:large, max-video-preview:-1\" \/>\n<link rel=\"canonical\" href=\"https:\/\/www.francmobiliari.com\/es\/producto\/armarios-metalicos-amt\/\" \/>\n<meta property=\"og:locale\" content=\"es_ES\" \/>\n<meta property=\"og:type\" content=\"article\" \/>\n<meta property=\"og:title\" content=\"ARMARIOS METALICOS AMT - francmobiliari.com\" \/>\n<meta property=\"og:description\" content=\"Armarios con cuerpo met\u00e1lico y puertas batientes de melamina o met\u00e1licas. Opci\u00f3n sin puertas con estantes vistos.     Serie de armarios fabricados con chapa laminada en fr\u00edo de 0,8 mm de espesor y soldada por puntos. Pintados con pintura antioxidante. Base con niveladores. Dos tipolog\u00edas: con puertas batientes o sin puertas y con estantes vistos. Puertas batientes met\u00e1licas o de melamina de 19 mm. Con cerradura y llave. Estantes met\u00e1licos. Cajoneras telesc\u00f3picas opcionales.  ACABADOS ESTRUCTURA Y PUERTAS MET\u00c1LICAS: Aluminio texturizado, Blanco, Gris, Negro texturizado o Negro mate.  ACABADOS PUERTAS DE MELAMINA: Blanco, Gris, Aluminio, Arce Americano, Negro mate, Roble, Roble Aurora, Roble Azabache o Nogal Siena.\" \/>\n<meta property=\"og:url\" content=\"https:\/\/www.francmobiliari.com\/es\/producto\/armarios-metalicos-amt\/\" \/>\n<meta property=\"og:site_name\" content=\"francmobiliari.com\" \/>\n<meta property=\"article:modified_time\" content=\"2025-09-11T15:18:26+00:00\" \/>\n<meta property=\"og:image\" content=\"https:\/\/www.francmobiliari.com\/wp-content\/uploads\/2025\/07\/MINIATURA-ARMARIS-AMT.jpg\" \/>\n\t<meta property=\"og:image:width\" content=\"1180\" \/>\n\t<meta property=\"og:image:height\" content=\"1180\" \/>\n\t<meta property=\"og:image:type\" content=\"image\/jpeg\" \/>\n<meta name=\"twitter:card\" content=\"summary_large_image\" \/>\n<script type=\"application\/ld+json\" class=\"yoast-schema-graph\">{\"@context\":\"https:\/\/schema.org\",\"@graph\":[{\"@type\":\"WebPage\",\"@id\":\"https:\/\/www.francmobiliari.com\/es\/producto\/armarios-metalicos-amt\/\",\"url\":\"https:\/\/www.francmobiliari.com\/es\/producto\/armarios-metalicos-amt\/\",\"name\":\"ARMARIOS METALICOS AMT - francmobiliari.com\",\"isPartOf\":{\"@id\":\"https:\/\/www.francmobiliari.com\/#website\"},\"primaryImageOfPage\":{\"@id\":\"https:\/\/www.francmobiliari.com\/es\/producto\/armarios-metalicos-amt\/#primaryimage\"},\"image\":{\"@id\":\"https:\/\/www.francmobiliari.com\/es\/producto\/armarios-metalicos-amt\/#primaryimage\"},\"thumbnailUrl\":\"https:\/\/www.francmobiliari.com\/wp-content\/uploads\/2025\/07\/MINIATURA-ARMARIS-AMT.jpg\",\"datePublished\":\"2025-07-17T15:39:44+00:00\",\"dateModified\":\"2025-09-11T15:18:26+00:00\",\"breadcrumb\":{\"@id\":\"https:\/\/www.francmobiliari.com\/es\/producto\/armarios-metalicos-amt\/#breadcrumb\"},\"inLanguage\":\"es\",\"potentialAction\":[{\"@type\":\"ReadAction\",\"target\":[\"https:\/\/www.francmobiliari.com\/es\/producto\/armarios-metalicos-amt\/\"]}]},{\"@type\":\"ImageObject\",\"inLanguage\":\"es\",\"@id\":\"https:\/\/www.francmobiliari.com\/es\/producto\/armarios-metalicos-amt\/#primaryimage\",\"url\":\"https:\/\/www.francmobiliari.com\/wp-content\/uploads\/2025\/07\/MINIATURA-ARMARIS-AMT.jpg\",\"contentUrl\":\"https:\/\/www.francmobiliari.com\/wp-content\/uploads\/2025\/07\/MINIATURA-ARMARIS-AMT.jpg\",\"width\":1180,\"height\":1180},{\"@type\":\"BreadcrumbList\",\"@id\":\"https:\/\/www.francmobiliari.com\/es\/producto\/armarios-metalicos-amt\/#breadcrumb\",\"itemListElement\":[{\"@type\":\"ListItem\",\"position\":1,\"name\":\"Portada\",\"item\":\"https:\/\/www.francmobiliari.com\/es\/inicio\/\"},{\"@type\":\"ListItem\",\"position\":2,\"name\":\"Tienda\",\"item\":\"https:\/\/www.francmobiliari.com\/es\/tienda\/\"},{\"@type\":\"ListItem\",\"position\":3,\"name\":\"ARMARIOS METALICOS AMT\"}]},{\"@type\":\"WebSite\",\"@id\":\"https:\/\/www.francmobiliari.com\/#website\",\"url\":\"https:\/\/www.francmobiliari.com\/\",\"name\":\"francmobiliari.com\",\"description\":\"\",\"publisher\":{\"@id\":\"https:\/\/www.francmobiliari.com\/#organization\"},\"potentialAction\":[{\"@type\":\"SearchAction\",\"target\":{\"@type\":\"EntryPoint\",\"urlTemplate\":\"https:\/\/www.francmobiliari.com\/?s={search_term_string}\"},\"query-input\":{\"@type\":\"PropertyValueSpecification\",\"valueRequired\":true,\"valueName\":\"search_term_string\"}}],\"inLanguage\":\"es\"},{\"@type\":\"Organization\",\"@id\":\"https:\/\/www.francmobiliari.com\/#organization\",\"name\":\"francmobiliari.com\",\"url\":\"https:\/\/www.francmobiliari.com\/\",\"logo\":{\"@type\":\"ImageObject\",\"inLanguage\":\"es\",\"@id\":\"https:\/\/www.francmobiliari.com\/#\/schema\/logo\/image\/\",\"url\":\"https:\/\/www.francmobiliari.com\/wp-content\/uploads\/2025\/07\/img-placeholder.png\",\"contentUrl\":\"https:\/\/www.francmobiliari.com\/wp-content\/uploads\/2025\/07\/img-placeholder.png\",\"width\":1500,\"height\":1500,\"caption\":\"francmobiliari.com\"},\"image\":{\"@id\":\"https:\/\/www.francmobiliari.com\/#\/schema\/logo\/image\/\"}}]}<\/script>\n<!-- \/ Yoast SEO plugin. -->","yoast_head_json":{"title":"ARMARIOS METALICOS AMT - francmobiliari.com","robots":{"index":"index","follow":"follow","max-snippet":"max-snippet:-1","max-image-preview":"max-image-preview:large","max-video-preview":"max-video-preview:-1"},"canonical":"https:\/\/www.francmobiliari.com\/es\/producto\/armarios-metalicos-amt\/","og_locale":"es_ES","og_type":"article","og_title":"ARMARIOS METALICOS AMT - francmobiliari.com","og_description":"Armarios con cuerpo met\u00e1lico y puertas batientes de melamina o met\u00e1licas. Opci\u00f3n sin puertas con estantes vistos.     Serie de armarios fabricados con chapa laminada en fr\u00edo de 0,8 mm de espesor y soldada por puntos. Pintados con pintura antioxidante. Base con niveladores. Dos tipolog\u00edas: con puertas batientes o sin puertas y con estantes vistos. Puertas batientes met\u00e1licas o de melamina de 19 mm. Con cerradura y llave. Estantes met\u00e1licos. Cajoneras telesc\u00f3picas opcionales.  ACABADOS ESTRUCTURA Y PUERTAS MET\u00c1LICAS: Aluminio texturizado, Blanco, Gris, Negro texturizado o Negro mate.  ACABADOS PUERTAS DE MELAMINA: Blanco, Gris, Aluminio, Arce Americano, Negro mate, Roble, Roble Aurora, Roble Azabache o Nogal Siena.","og_url":"https:\/\/www.francmobiliari.com\/es\/producto\/armarios-metalicos-amt\/","og_site_name":"francmobiliari.com","article_modified_time":"2025-09-11T15:18:26+00:00","og_image":[{"width":1180,"height":1180,"url":"https:\/\/www.francmobiliari.com\/wp-content\/uploads\/2025\/07\/MINIATURA-ARMARIS-AMT.jpg","type":"image\/jpeg"}],"twitter_card":"summary_large_image","schema":{"@context":"https:\/\/schema.org","@graph":[{"@type":"WebPage","@id":"https:\/\/www.francmobiliari.com\/es\/producto\/armarios-metalicos-amt\/","url":"https:\/\/www.francmobiliari.com\/es\/producto\/armarios-metalicos-amt\/","name":"ARMARIOS METALICOS AMT - francmobiliari.com","isPartOf":{"@id":"https:\/\/www.francmobiliari.com\/#website"},"primaryImageOfPage":{"@id":"https:\/\/www.francmobiliari.com\/es\/producto\/armarios-metalicos-amt\/#primaryimage"},"image":{"@id":"https:\/\/www.francmobiliari.com\/es\/producto\/armarios-metalicos-amt\/#primaryimage"},"thumbnailUrl":"https:\/\/www.francmobiliari.com\/wp-content\/uploads\/2025\/07\/MINIATURA-ARMARIS-AMT.jpg","datePublished":"2025-07-17T15:39:44+00:00","dateModified":"2025-09-11T15:18:26+00:00","breadcrumb":{"@id":"https:\/\/www.francmobiliari.com\/es\/producto\/armarios-metalicos-amt\/#breadcrumb"},"inLanguage":"es","potentialAction":[{"@type":"ReadAction","target":["https:\/\/www.francmobiliari.com\/es\/producto\/armarios-metalicos-amt\/"]}]},{"@type":"ImageObject","inLanguage":"es","@id":"https:\/\/www.francmobiliari.com\/es\/producto\/armarios-metalicos-amt\/#primaryimage","url":"https:\/\/www.francmobiliari.com\/wp-content\/uploads\/2025\/07\/MINIATURA-ARMARIS-AMT.jpg","contentUrl":"https:\/\/www.francmobiliari.com\/wp-content\/uploads\/2025\/07\/MINIATURA-ARMARIS-AMT.jpg","width":1180,"height":1180},{"@type":"BreadcrumbList","@id":"https:\/\/www.francmobiliari.com\/es\/producto\/armarios-metalicos-amt\/#breadcrumb","itemListElement":[{"@type":"ListItem","position":1,"name":"Portada","item":"https:\/\/www.francmobiliari.com\/es\/inicio\/"},{"@type":"ListItem","position":2,"name":"Tienda","item":"https:\/\/www.francmobiliari.com\/es\/tienda\/"},{"@type":"ListItem","position":3,"name":"ARMARIOS METALICOS AMT"}]},{"@type":"WebSite","@id":"https:\/\/www.francmobiliari.com\/#website","url":"https:\/\/www.francmobiliari.com\/","name":"francmobiliari.com","description":"","publisher":{"@id":"https:\/\/www.francmobiliari.com\/#organization"},"potentialAction":[{"@type":"SearchAction","target":{"@type":"EntryPoint","urlTemplate":"https:\/\/www.francmobiliari.com\/?s={search_term_string}"},"query-input":{"@type":"PropertyValueSpecification","valueRequired":true,"valueName":"search_term_string"}}],"inLanguage":"es"},{"@type":"Organization","@id":"https:\/\/www.francmobiliari.com\/#organization","name":"francmobiliari.com","url":"https:\/\/www.francmobiliari.com\/","logo":{"@type":"ImageObject","inLanguage":"es","@id":"https:\/\/www.francmobiliari.com\/#\/schema\/logo\/image\/","url":"https:\/\/www.francmobiliari.com\/wp-content\/uploads\/2025\/07\/img-placeholder.png","contentUrl":"https:\/\/www.francmobiliari.com\/wp-content\/uploads\/2025\/07\/img-placeholder.png","width":1500,"height":1500,"caption":"francmobiliari.com"},"image":{"@id":"https:\/\/www.francmobiliari.com\/#\/schema\/logo\/image\/"}}]}},"_links":{"self":[{"href":"https:\/\/www.francmobiliari.com\/es\/wp-json\/wp\/v2\/product\/6142","targetHints":{"allow":["GET"]}}],"collection":[{"href":"https:\/\/www.francmobiliari.com\/es\/wp-json\/wp\/v2\/product"}],"about":[{"href":"https:\/\/www.francmobiliari.com\/es\/wp-json\/wp\/v2\/types\/product"}],"wp:featuredmedia":[{"embeddable":true,"href":"https:\/\/www.francmobiliari.com\/es\/wp-json\/wp\/v2\/media\/2338"}],"wp:attachment":[{"href":"https:\/\/www.francmobiliari.com\/es\/wp-json\/wp\/v2\/media?parent=6142"}],"wp:term":[{"taxonomy":"product_brand","embeddable":true,"href":"https:\/\/www.francmobiliari.com\/es\/wp-json\/wp\/v2\/product_brand?post=6142"},{"taxonomy":"product_cat","embeddable":true,"href":"https:\/\/www.francmobiliari.com\/es\/wp-json\/wp\/v2\/product_cat?post=6142"},{"taxonomy":"product_tag","embeddable":true,"href":"https:\/\/www.francmobiliari.com\/es\/wp-json\/wp\/v2\/product_tag?post=6142"}],"curies":[{"name":"wp","href":"https:\/\/api.w.org\/{rel}","templated":true}]}}