{"id":6126,"date":"2025-07-17T17:39:15","date_gmt":"2025-07-17T15:39:15","guid":{"rendered":"https:\/\/www.francmobiliari.com\/producto\/armaris-de-fusta-serie-gallery\/"},"modified":"2025-09-11T17:36:09","modified_gmt":"2025-09-11T15:36:09","slug":"armarios-de-madera-serie-gallery","status":"publish","type":"product","link":"https:\/\/www.francmobiliari.com\/es\/producto\/armarios-de-madera-serie-gallery\/","title":{"rendered":"ARMARIOS DE MADERA SERIE GALLERY"},"content":{"rendered":false,"protected":false},"excerpt":{"rendered":"<div class=\"page\" title=\"Page 5\">\n<div class=\"layoutArea\">\n<div class=\"column\">\n<p>Armarios fabricados en madera de Nogal Natural o Nogal Espresso mate, o combinados con lacado de diferentes colores. Armarios bajos o altos con puertas. Estructura met\u00e1lica cromada o lacada en negro.<\/p>\n<p><a href=\"https:\/\/www.francmobiliari.com\/wp-content\/uploads\/2025\/08\/FITXA-TECNICA-ARMARIS-GALLERY-261x300.jpg\"><img loading=\"lazy\" decoding=\"async\" class=\"alignnone size-medium wp-image-15091\" src=\"https:\/\/www.francmobiliari.com\/wp-content\/uploads\/2025\/08\/FITXA-TECNICA-ARMARIS-GALLERY-261x300.jpg\" alt=\"\" width=\"261\" height=\"300\" \/><\/a><a href=\"https:\/\/www.francmobiliari.com\/wp-content\/uploads\/2025\/08\/ACABATS-ARMARIS-GALLERY-293x300.jpg\"><img loading=\"lazy\" decoding=\"async\" class=\"alignnone size-medium wp-image-15095\" src=\"https:\/\/www.francmobiliari.com\/wp-content\/uploads\/2025\/08\/ACABATS-ARMARIS-GALLERY-293x300.jpg\" alt=\"\" width=\"293\" height=\"300\" \/><\/a><\/p>\n<\/div>\n<\/div>\n<\/div>\n<p>Cuerpo de armarios y puertas elaborados con tablero de fibras de 20 mm de grosor chapado en Nogal Americano. Opci\u00f3n de tapa superior de 4 cm de grosor y estantes para colgar aparte. Estructura de 4 patas con laterales y travesa\u00f1o, fabricada con tubo de acero de secci\u00f3n rectangular 40 \u00d7 20 mm y 2 mm de grosor. Niveladores antideslizantes para regular la altura \u00b1 10 mm.<\/p>\n<p>ACABADOS ESTRUCTURA: Cromado, Tecnoblack o Bronce.<\/p>\n<p>ACABADOS MADERA: Nogal Italiano, Nogal Natural, Nogal Espresso o Nogal Noir.<\/p>\n<p>Acabado madera mate (poros abiertos) o semibrillo (poros cerrados).<\/p>\n<p>ACABADOS LACADO: Blanco, Marfil, Camel, Calabaza, Hielo, Gris, Piedra, Marr\u00f3n Claro, Rojo, Verde, Antracita, Azul, Burdeos, Ocre Oscuro, Marr\u00f3n Oscuro y Negro.<\/p>\n<ul style=\"list-style: none;\">\n<li><\/li>\n<\/ul>\n","protected":false},"featured_media":2314,"template":"","meta":{"_acf_changed":false,"inline_featured_image":false,"_genesis_hide_title":false,"_genesis_hide_breadcrumbs":false,"_genesis_hide_singular_image":false,"_genesis_hide_footer_widgets":false,"_genesis_custom_body_class":"","_genesis_custom_post_class":"","_genesis_layout":"","_links_to":"","_links_to_target":""},"product_brand":[],"product_cat":[86],"product_tag":[],"class_list":{"0":"post-6126","1":"product","2":"type-product","3":"status-publish","4":"has-post-thumbnail","6":"product_cat-armarios-de-madera","7":"entry","9":"first","10":"instock","11":"shipping-taxable","12":"product-type-simple"},"acf":[],"yoast_head":"<!-- This site is optimized with the Yoast SEO plugin v26.2 - https:\/\/yoast.com\/wordpress\/plugins\/seo\/ -->\n<title>ARMARIOS DE MADERA SERIE GALLERY - francmobiliari.com<\/title>\n<meta name=\"robots\" content=\"index, follow, max-snippet:-1, max-image-preview:large, max-video-preview:-1\" \/>\n<link rel=\"canonical\" href=\"https:\/\/www.francmobiliari.com\/es\/producto\/armarios-de-madera-serie-gallery\/\" \/>\n<meta property=\"og:locale\" content=\"es_ES\" \/>\n<meta property=\"og:type\" content=\"article\" \/>\n<meta property=\"og:title\" content=\"ARMARIOS DE MADERA SERIE GALLERY - francmobiliari.com\" \/>\n<meta property=\"og:description\" content=\"Armarios fabricados en madera de Nogal Natural o Nogal Espresso mate, o combinados con lacado de diferentes colores. Armarios bajos o altos con puertas. Estructura met\u00e1lica cromada o lacada en negro.       Cuerpo de armarios y puertas elaborados con tablero de fibras de 20 mm de grosor chapado en Nogal Americano. Opci\u00f3n de tapa superior de 4 cm de grosor y estantes para colgar aparte. Estructura de 4 patas con laterales y travesa\u00f1o, fabricada con tubo de acero de secci\u00f3n rectangular 40 \u00d7 20 mm y 2 mm de grosor. Niveladores antideslizantes para regular la altura \u00b1 10 mm.  ACABADOS ESTRUCTURA: Cromado, Tecnoblack o Bronce.  ACABADOS MADERA: Nogal Italiano, Nogal Natural, Nogal Espresso o Nogal Noir.  Acabado madera mate (poros abiertos) o semibrillo (poros cerrados).  ACABADOS LACADO: Blanco, Marfil, Camel, Calabaza, Hielo, Gris, Piedra, Marr\u00f3n Claro, Rojo, Verde, Antracita, Azul, Burdeos, Ocre Oscuro, Marr\u00f3n Oscuro y Negro.\" \/>\n<meta property=\"og:url\" content=\"https:\/\/www.francmobiliari.com\/es\/producto\/armarios-de-madera-serie-gallery\/\" \/>\n<meta property=\"og:site_name\" content=\"francmobiliari.com\" \/>\n<meta property=\"article:modified_time\" content=\"2025-09-11T15:36:09+00:00\" \/>\n<meta property=\"og:image\" content=\"https:\/\/www.francmobiliari.com\/wp-content\/uploads\/2025\/07\/MINIATURA-SERIE-GALLERY-1.jpg\" \/>\n\t<meta property=\"og:image:width\" content=\"1200\" \/>\n\t<meta property=\"og:image:height\" content=\"800\" \/>\n\t<meta property=\"og:image:type\" content=\"image\/jpeg\" \/>\n<meta name=\"twitter:card\" content=\"summary_large_image\" \/>\n<script type=\"application\/ld+json\" class=\"yoast-schema-graph\">{\"@context\":\"https:\/\/schema.org\",\"@graph\":[{\"@type\":\"WebPage\",\"@id\":\"https:\/\/www.francmobiliari.com\/es\/producto\/armarios-de-madera-serie-gallery\/\",\"url\":\"https:\/\/www.francmobiliari.com\/es\/producto\/armarios-de-madera-serie-gallery\/\",\"name\":\"ARMARIOS DE MADERA SERIE GALLERY - francmobiliari.com\",\"isPartOf\":{\"@id\":\"https:\/\/www.francmobiliari.com\/#website\"},\"primaryImageOfPage\":{\"@id\":\"https:\/\/www.francmobiliari.com\/es\/producto\/armarios-de-madera-serie-gallery\/#primaryimage\"},\"image\":{\"@id\":\"https:\/\/www.francmobiliari.com\/es\/producto\/armarios-de-madera-serie-gallery\/#primaryimage\"},\"thumbnailUrl\":\"https:\/\/www.francmobiliari.com\/wp-content\/uploads\/2025\/07\/MINIATURA-SERIE-GALLERY-1.jpg\",\"datePublished\":\"2025-07-17T15:39:15+00:00\",\"dateModified\":\"2025-09-11T15:36:09+00:00\",\"breadcrumb\":{\"@id\":\"https:\/\/www.francmobiliari.com\/es\/producto\/armarios-de-madera-serie-gallery\/#breadcrumb\"},\"inLanguage\":\"es\",\"potentialAction\":[{\"@type\":\"ReadAction\",\"target\":[\"https:\/\/www.francmobiliari.com\/es\/producto\/armarios-de-madera-serie-gallery\/\"]}]},{\"@type\":\"ImageObject\",\"inLanguage\":\"es\",\"@id\":\"https:\/\/www.francmobiliari.com\/es\/producto\/armarios-de-madera-serie-gallery\/#primaryimage\",\"url\":\"https:\/\/www.francmobiliari.com\/wp-content\/uploads\/2025\/07\/MINIATURA-SERIE-GALLERY-1.jpg\",\"contentUrl\":\"https:\/\/www.francmobiliari.com\/wp-content\/uploads\/2025\/07\/MINIATURA-SERIE-GALLERY-1.jpg\",\"width\":1200,\"height\":800},{\"@type\":\"BreadcrumbList\",\"@id\":\"https:\/\/www.francmobiliari.com\/es\/producto\/armarios-de-madera-serie-gallery\/#breadcrumb\",\"itemListElement\":[{\"@type\":\"ListItem\",\"position\":1,\"name\":\"Portada\",\"item\":\"https:\/\/www.francmobiliari.com\/es\/inicio\/\"},{\"@type\":\"ListItem\",\"position\":2,\"name\":\"Tienda\",\"item\":\"https:\/\/www.francmobiliari.com\/es\/tienda\/\"},{\"@type\":\"ListItem\",\"position\":3,\"name\":\"ARMARIOS DE MADERA SERIE GALLERY\"}]},{\"@type\":\"WebSite\",\"@id\":\"https:\/\/www.francmobiliari.com\/#website\",\"url\":\"https:\/\/www.francmobiliari.com\/\",\"name\":\"francmobiliari.com\",\"description\":\"\",\"publisher\":{\"@id\":\"https:\/\/www.francmobiliari.com\/#organization\"},\"potentialAction\":[{\"@type\":\"SearchAction\",\"target\":{\"@type\":\"EntryPoint\",\"urlTemplate\":\"https:\/\/www.francmobiliari.com\/?s={search_term_string}\"},\"query-input\":{\"@type\":\"PropertyValueSpecification\",\"valueRequired\":true,\"valueName\":\"search_term_string\"}}],\"inLanguage\":\"es\"},{\"@type\":\"Organization\",\"@id\":\"https:\/\/www.francmobiliari.com\/#organization\",\"name\":\"francmobiliari.com\",\"url\":\"https:\/\/www.francmobiliari.com\/\",\"logo\":{\"@type\":\"ImageObject\",\"inLanguage\":\"es\",\"@id\":\"https:\/\/www.francmobiliari.com\/#\/schema\/logo\/image\/\",\"url\":\"https:\/\/www.francmobiliari.com\/wp-content\/uploads\/2025\/07\/img-placeholder.png\",\"contentUrl\":\"https:\/\/www.francmobiliari.com\/wp-content\/uploads\/2025\/07\/img-placeholder.png\",\"width\":1500,\"height\":1500,\"caption\":\"francmobiliari.com\"},\"image\":{\"@id\":\"https:\/\/www.francmobiliari.com\/#\/schema\/logo\/image\/\"}}]}<\/script>\n<!-- \/ Yoast SEO plugin. -->","yoast_head_json":{"title":"ARMARIOS DE MADERA SERIE GALLERY - francmobiliari.com","robots":{"index":"index","follow":"follow","max-snippet":"max-snippet:-1","max-image-preview":"max-image-preview:large","max-video-preview":"max-video-preview:-1"},"canonical":"https:\/\/www.francmobiliari.com\/es\/producto\/armarios-de-madera-serie-gallery\/","og_locale":"es_ES","og_type":"article","og_title":"ARMARIOS DE MADERA SERIE GALLERY - francmobiliari.com","og_description":"Armarios fabricados en madera de Nogal Natural o Nogal Espresso mate, o combinados con lacado de diferentes colores. Armarios bajos o altos con puertas. Estructura met\u00e1lica cromada o lacada en negro.       Cuerpo de armarios y puertas elaborados con tablero de fibras de 20 mm de grosor chapado en Nogal Americano. Opci\u00f3n de tapa superior de 4 cm de grosor y estantes para colgar aparte. Estructura de 4 patas con laterales y travesa\u00f1o, fabricada con tubo de acero de secci\u00f3n rectangular 40 \u00d7 20 mm y 2 mm de grosor. Niveladores antideslizantes para regular la altura \u00b1 10 mm.  ACABADOS ESTRUCTURA: Cromado, Tecnoblack o Bronce.  ACABADOS MADERA: Nogal Italiano, Nogal Natural, Nogal Espresso o Nogal Noir.  Acabado madera mate (poros abiertos) o semibrillo (poros cerrados).  ACABADOS LACADO: Blanco, Marfil, Camel, Calabaza, Hielo, Gris, Piedra, Marr\u00f3n Claro, Rojo, Verde, Antracita, Azul, Burdeos, Ocre Oscuro, Marr\u00f3n Oscuro y Negro.","og_url":"https:\/\/www.francmobiliari.com\/es\/producto\/armarios-de-madera-serie-gallery\/","og_site_name":"francmobiliari.com","article_modified_time":"2025-09-11T15:36:09+00:00","og_image":[{"width":1200,"height":800,"url":"https:\/\/www.francmobiliari.com\/wp-content\/uploads\/2025\/07\/MINIATURA-SERIE-GALLERY-1.jpg","type":"image\/jpeg"}],"twitter_card":"summary_large_image","schema":{"@context":"https:\/\/schema.org","@graph":[{"@type":"WebPage","@id":"https:\/\/www.francmobiliari.com\/es\/producto\/armarios-de-madera-serie-gallery\/","url":"https:\/\/www.francmobiliari.com\/es\/producto\/armarios-de-madera-serie-gallery\/","name":"ARMARIOS DE MADERA SERIE GALLERY - francmobiliari.com","isPartOf":{"@id":"https:\/\/www.francmobiliari.com\/#website"},"primaryImageOfPage":{"@id":"https:\/\/www.francmobiliari.com\/es\/producto\/armarios-de-madera-serie-gallery\/#primaryimage"},"image":{"@id":"https:\/\/www.francmobiliari.com\/es\/producto\/armarios-de-madera-serie-gallery\/#primaryimage"},"thumbnailUrl":"https:\/\/www.francmobiliari.com\/wp-content\/uploads\/2025\/07\/MINIATURA-SERIE-GALLERY-1.jpg","datePublished":"2025-07-17T15:39:15+00:00","dateModified":"2025-09-11T15:36:09+00:00","breadcrumb":{"@id":"https:\/\/www.francmobiliari.com\/es\/producto\/armarios-de-madera-serie-gallery\/#breadcrumb"},"inLanguage":"es","potentialAction":[{"@type":"ReadAction","target":["https:\/\/www.francmobiliari.com\/es\/producto\/armarios-de-madera-serie-gallery\/"]}]},{"@type":"ImageObject","inLanguage":"es","@id":"https:\/\/www.francmobiliari.com\/es\/producto\/armarios-de-madera-serie-gallery\/#primaryimage","url":"https:\/\/www.francmobiliari.com\/wp-content\/uploads\/2025\/07\/MINIATURA-SERIE-GALLERY-1.jpg","contentUrl":"https:\/\/www.francmobiliari.com\/wp-content\/uploads\/2025\/07\/MINIATURA-SERIE-GALLERY-1.jpg","width":1200,"height":800},{"@type":"BreadcrumbList","@id":"https:\/\/www.francmobiliari.com\/es\/producto\/armarios-de-madera-serie-gallery\/#breadcrumb","itemListElement":[{"@type":"ListItem","position":1,"name":"Portada","item":"https:\/\/www.francmobiliari.com\/es\/inicio\/"},{"@type":"ListItem","position":2,"name":"Tienda","item":"https:\/\/www.francmobiliari.com\/es\/tienda\/"},{"@type":"ListItem","position":3,"name":"ARMARIOS DE MADERA SERIE GALLERY"}]},{"@type":"WebSite","@id":"https:\/\/www.francmobiliari.com\/#website","url":"https:\/\/www.francmobiliari.com\/","name":"francmobiliari.com","description":"","publisher":{"@id":"https:\/\/www.francmobiliari.com\/#organization"},"potentialAction":[{"@type":"SearchAction","target":{"@type":"EntryPoint","urlTemplate":"https:\/\/www.francmobiliari.com\/?s={search_term_string}"},"query-input":{"@type":"PropertyValueSpecification","valueRequired":true,"valueName":"search_term_string"}}],"inLanguage":"es"},{"@type":"Organization","@id":"https:\/\/www.francmobiliari.com\/#organization","name":"francmobiliari.com","url":"https:\/\/www.francmobiliari.com\/","logo":{"@type":"ImageObject","inLanguage":"es","@id":"https:\/\/www.francmobiliari.com\/#\/schema\/logo\/image\/","url":"https:\/\/www.francmobiliari.com\/wp-content\/uploads\/2025\/07\/img-placeholder.png","contentUrl":"https:\/\/www.francmobiliari.com\/wp-content\/uploads\/2025\/07\/img-placeholder.png","width":1500,"height":1500,"caption":"francmobiliari.com"},"image":{"@id":"https:\/\/www.francmobiliari.com\/#\/schema\/logo\/image\/"}}]}},"_links":{"self":[{"href":"https:\/\/www.francmobiliari.com\/es\/wp-json\/wp\/v2\/product\/6126","targetHints":{"allow":["GET"]}}],"collection":[{"href":"https:\/\/www.francmobiliari.com\/es\/wp-json\/wp\/v2\/product"}],"about":[{"href":"https:\/\/www.francmobiliari.com\/es\/wp-json\/wp\/v2\/types\/product"}],"wp:featuredmedia":[{"embeddable":true,"href":"https:\/\/www.francmobiliari.com\/es\/wp-json\/wp\/v2\/media\/2314"}],"wp:attachment":[{"href":"https:\/\/www.francmobiliari.com\/es\/wp-json\/wp\/v2\/media?parent=6126"}],"wp:term":[{"taxonomy":"product_brand","embeddable":true,"href":"https:\/\/www.francmobiliari.com\/es\/wp-json\/wp\/v2\/product_brand?post=6126"},{"taxonomy":"product_cat","embeddable":true,"href":"https:\/\/www.francmobiliari.com\/es\/wp-json\/wp\/v2\/product_cat?post=6126"},{"taxonomy":"product_tag","embeddable":true,"href":"https:\/\/www.francmobiliari.com\/es\/wp-json\/wp\/v2\/product_tag?post=6126"}],"curies":[{"name":"wp","href":"https:\/\/api.w.org\/{rel}","templated":true}]}}