{"id":6118,"date":"2025-07-17T17:39:15","date_gmt":"2025-07-17T15:39:15","guid":{"rendered":"https:\/\/www.francmobiliari.com\/producto\/armariets-lok\/"},"modified":"2025-09-11T17:35:11","modified_gmt":"2025-09-11T15:35:11","slug":"armarios-lok","status":"publish","type":"product","link":"https:\/\/www.francmobiliari.com\/es\/producto\/armarios-lok\/","title":{"rendered":"ARMARIOS LOK"},"content":{"rendered":false,"protected":false},"excerpt":{"rendered":"<div class=\"page\" title=\"Page 4\">\n<div class=\"layoutArea\">\n<div class=\"column\">\n<p>Para almacenar individualmente objetos personales. Huecos \u00fatiles de 40 cm de altura, ranuras para colocar los estantes donde convenga. Fabricados en melamina. Acabados: plata, grafito, blanco, gris, haya, roble, peral, wengu\u00e9, acacia clara, acacia oscura, zebrano, casta\u00f1o claro o casta\u00f1o oscuro. Otros acabados con textura suave y brillo mate: negro (RAL 9004), gris oscuro (RAL 7004), amarillo (RAL 1021), verde turquesa (RAL 6019), naranja (RAL 2003), rojo (RAL 3020), azul (RAL 5002).<\/p>\n<p>Serie de armarios fabricados en melamina de 19 mm de grosor (laterales y puertas), base y sobre de 25 mm de grosor, y parte posterior de 19 mm chapada con canto de PVC de 2 mm. Base con niveladores. Puertas batientes de melamina de 19 mm con apertura de 110\u00ba. Opci\u00f3n de ranura de buz\u00f3n en puertas y estante interior. Diferentes tipos de cierre: llave, combinaci\u00f3n, tarjeta RFID y electr\u00f3nico.<\/p>\n<p>ACABADOS MELAMINA MONOCOLOR: plata, grafito, blanco, gris, haya, roble, peral, wengu\u00e9, acacia clara, acacia oscura, zebrano, casta\u00f1o claro o casta\u00f1o oscuro.<\/p>\n<p>ACABADOS PUERTAS MELAMINA COMBINADAS CON CUERPO EN PLATA, BLANCO O GRAFITO: negro (RAL 9004), gris (RAL 7004), amarillo (RAL 1021), verde turquesa (RAL 6019), verde (PANTONE 376C), naranja (RAL 2003), rojo (RAL 3020), azul (RAL 5002), plata, grafito, blanco, gris, haya, roble, peral, wengu\u00e9, acacia clara, acacia oscura, zebrano, casta\u00f1o claro o casta\u00f1o oscuro.<\/p>\n<ul style=\"list-style: none;\">\n<li><\/li>\n<\/ul>\n<\/div>\n<\/div>\n<\/div>\n","protected":false},"featured_media":2304,"template":"","meta":{"_acf_changed":false,"inline_featured_image":false,"_genesis_hide_title":false,"_genesis_hide_breadcrumbs":false,"_genesis_hide_singular_image":false,"_genesis_hide_footer_widgets":false,"_genesis_custom_body_class":"","_genesis_custom_post_class":"","_genesis_layout":"","_links_to":"","_links_to_target":""},"product_brand":[],"product_cat":[85],"product_tag":[],"class_list":{"0":"post-6118","1":"product","2":"type-product","3":"status-publish","4":"has-post-thumbnail","6":"product_cat-armarios-de-melamina","7":"entry","9":"first","10":"instock","11":"shipping-taxable","12":"product-type-simple"},"acf":[],"yoast_head":"<!-- This site is optimized with the Yoast SEO plugin v26.2 - https:\/\/yoast.com\/wordpress\/plugins\/seo\/ -->\n<title>ARMARIOS LOK - francmobiliari.com<\/title>\n<meta name=\"robots\" content=\"index, follow, max-snippet:-1, max-image-preview:large, max-video-preview:-1\" \/>\n<link rel=\"canonical\" href=\"https:\/\/www.francmobiliari.com\/es\/producto\/armarios-lok\/\" \/>\n<meta property=\"og:locale\" content=\"es_ES\" \/>\n<meta property=\"og:type\" content=\"article\" \/>\n<meta property=\"og:title\" content=\"ARMARIOS LOK - francmobiliari.com\" \/>\n<meta property=\"og:description\" content=\"Para almacenar individualmente objetos personales. Huecos \u00fatiles de 40 cm de altura, ranuras para colocar los estantes donde convenga. Fabricados en melamina. Acabados: plata, grafito, blanco, gris, haya, roble, peral, wengu\u00e9, acacia clara, acacia oscura, zebrano, casta\u00f1o claro o casta\u00f1o oscuro. Otros acabados con textura suave y brillo mate: negro (RAL 9004), gris oscuro (RAL 7004), amarillo (RAL 1021), verde turquesa (RAL 6019), naranja (RAL 2003), rojo (RAL 3020), azul (RAL 5002).  Serie de armarios fabricados en melamina de 19 mm de grosor (laterales y puertas), base y sobre de 25 mm de grosor, y parte posterior de 19 mm chapada con canto de PVC de 2 mm. Base con niveladores. Puertas batientes de melamina de 19 mm con apertura de 110\u00ba. Opci\u00f3n de ranura de buz\u00f3n en puertas y estante interior. Diferentes tipos de cierre: llave, combinaci\u00f3n, tarjeta RFID y electr\u00f3nico.  ACABADOS MELAMINA MONOCOLOR: plata, grafito, blanco, gris, haya, roble, peral, wengu\u00e9, acacia clara, acacia oscura, zebrano, casta\u00f1o claro o casta\u00f1o oscuro.  ACABADOS PUERTAS MELAMINA COMBINADAS CON CUERPO EN PLATA, BLANCO O GRAFITO: negro (RAL 9004), gris (RAL 7004), amarillo (RAL 1021), verde turquesa (RAL 6019), verde (PANTONE 376C), naranja (RAL 2003), rojo (RAL 3020), azul (RAL 5002), plata, grafito, blanco, gris, haya, roble, peral, wengu\u00e9, acacia clara, acacia oscura, zebrano, casta\u00f1o claro o casta\u00f1o oscuro.\" \/>\n<meta property=\"og:url\" content=\"https:\/\/www.francmobiliari.com\/es\/producto\/armarios-lok\/\" \/>\n<meta property=\"og:site_name\" content=\"francmobiliari.com\" \/>\n<meta property=\"article:modified_time\" content=\"2025-09-11T15:35:11+00:00\" \/>\n<meta property=\"og:image\" content=\"https:\/\/www.francmobiliari.com\/wp-content\/uploads\/2025\/07\/MINIATURA-GUIXETES-LOK.jpg\" \/>\n\t<meta property=\"og:image:width\" content=\"1425\" \/>\n\t<meta property=\"og:image:height\" content=\"1080\" \/>\n\t<meta property=\"og:image:type\" content=\"image\/jpeg\" \/>\n<meta name=\"twitter:card\" content=\"summary_large_image\" \/>\n<script type=\"application\/ld+json\" class=\"yoast-schema-graph\">{\"@context\":\"https:\/\/schema.org\",\"@graph\":[{\"@type\":\"WebPage\",\"@id\":\"https:\/\/www.francmobiliari.com\/es\/producto\/armarios-lok\/\",\"url\":\"https:\/\/www.francmobiliari.com\/es\/producto\/armarios-lok\/\",\"name\":\"ARMARIOS LOK - francmobiliari.com\",\"isPartOf\":{\"@id\":\"https:\/\/www.francmobiliari.com\/#website\"},\"primaryImageOfPage\":{\"@id\":\"https:\/\/www.francmobiliari.com\/es\/producto\/armarios-lok\/#primaryimage\"},\"image\":{\"@id\":\"https:\/\/www.francmobiliari.com\/es\/producto\/armarios-lok\/#primaryimage\"},\"thumbnailUrl\":\"https:\/\/www.francmobiliari.com\/wp-content\/uploads\/2025\/07\/MINIATURA-GUIXETES-LOK.jpg\",\"datePublished\":\"2025-07-17T15:39:15+00:00\",\"dateModified\":\"2025-09-11T15:35:11+00:00\",\"breadcrumb\":{\"@id\":\"https:\/\/www.francmobiliari.com\/es\/producto\/armarios-lok\/#breadcrumb\"},\"inLanguage\":\"es\",\"potentialAction\":[{\"@type\":\"ReadAction\",\"target\":[\"https:\/\/www.francmobiliari.com\/es\/producto\/armarios-lok\/\"]}]},{\"@type\":\"ImageObject\",\"inLanguage\":\"es\",\"@id\":\"https:\/\/www.francmobiliari.com\/es\/producto\/armarios-lok\/#primaryimage\",\"url\":\"https:\/\/www.francmobiliari.com\/wp-content\/uploads\/2025\/07\/MINIATURA-GUIXETES-LOK.jpg\",\"contentUrl\":\"https:\/\/www.francmobiliari.com\/wp-content\/uploads\/2025\/07\/MINIATURA-GUIXETES-LOK.jpg\",\"width\":1425,\"height\":1080},{\"@type\":\"BreadcrumbList\",\"@id\":\"https:\/\/www.francmobiliari.com\/es\/producto\/armarios-lok\/#breadcrumb\",\"itemListElement\":[{\"@type\":\"ListItem\",\"position\":1,\"name\":\"Portada\",\"item\":\"https:\/\/www.francmobiliari.com\/es\/inicio\/\"},{\"@type\":\"ListItem\",\"position\":2,\"name\":\"Tienda\",\"item\":\"https:\/\/www.francmobiliari.com\/es\/tienda\/\"},{\"@type\":\"ListItem\",\"position\":3,\"name\":\"ARMARIOS LOK\"}]},{\"@type\":\"WebSite\",\"@id\":\"https:\/\/www.francmobiliari.com\/#website\",\"url\":\"https:\/\/www.francmobiliari.com\/\",\"name\":\"francmobiliari.com\",\"description\":\"\",\"publisher\":{\"@id\":\"https:\/\/www.francmobiliari.com\/#organization\"},\"potentialAction\":[{\"@type\":\"SearchAction\",\"target\":{\"@type\":\"EntryPoint\",\"urlTemplate\":\"https:\/\/www.francmobiliari.com\/?s={search_term_string}\"},\"query-input\":{\"@type\":\"PropertyValueSpecification\",\"valueRequired\":true,\"valueName\":\"search_term_string\"}}],\"inLanguage\":\"es\"},{\"@type\":\"Organization\",\"@id\":\"https:\/\/www.francmobiliari.com\/#organization\",\"name\":\"francmobiliari.com\",\"url\":\"https:\/\/www.francmobiliari.com\/\",\"logo\":{\"@type\":\"ImageObject\",\"inLanguage\":\"es\",\"@id\":\"https:\/\/www.francmobiliari.com\/#\/schema\/logo\/image\/\",\"url\":\"https:\/\/www.francmobiliari.com\/wp-content\/uploads\/2025\/07\/img-placeholder.png\",\"contentUrl\":\"https:\/\/www.francmobiliari.com\/wp-content\/uploads\/2025\/07\/img-placeholder.png\",\"width\":1500,\"height\":1500,\"caption\":\"francmobiliari.com\"},\"image\":{\"@id\":\"https:\/\/www.francmobiliari.com\/#\/schema\/logo\/image\/\"}}]}<\/script>\n<!-- \/ Yoast SEO plugin. -->","yoast_head_json":{"title":"ARMARIOS LOK - francmobiliari.com","robots":{"index":"index","follow":"follow","max-snippet":"max-snippet:-1","max-image-preview":"max-image-preview:large","max-video-preview":"max-video-preview:-1"},"canonical":"https:\/\/www.francmobiliari.com\/es\/producto\/armarios-lok\/","og_locale":"es_ES","og_type":"article","og_title":"ARMARIOS LOK - francmobiliari.com","og_description":"Para almacenar individualmente objetos personales. Huecos \u00fatiles de 40 cm de altura, ranuras para colocar los estantes donde convenga. Fabricados en melamina. Acabados: plata, grafito, blanco, gris, haya, roble, peral, wengu\u00e9, acacia clara, acacia oscura, zebrano, casta\u00f1o claro o casta\u00f1o oscuro. Otros acabados con textura suave y brillo mate: negro (RAL 9004), gris oscuro (RAL 7004), amarillo (RAL 1021), verde turquesa (RAL 6019), naranja (RAL 2003), rojo (RAL 3020), azul (RAL 5002).  Serie de armarios fabricados en melamina de 19 mm de grosor (laterales y puertas), base y sobre de 25 mm de grosor, y parte posterior de 19 mm chapada con canto de PVC de 2 mm. Base con niveladores. Puertas batientes de melamina de 19 mm con apertura de 110\u00ba. Opci\u00f3n de ranura de buz\u00f3n en puertas y estante interior. Diferentes tipos de cierre: llave, combinaci\u00f3n, tarjeta RFID y electr\u00f3nico.  ACABADOS MELAMINA MONOCOLOR: plata, grafito, blanco, gris, haya, roble, peral, wengu\u00e9, acacia clara, acacia oscura, zebrano, casta\u00f1o claro o casta\u00f1o oscuro.  ACABADOS PUERTAS MELAMINA COMBINADAS CON CUERPO EN PLATA, BLANCO O GRAFITO: negro (RAL 9004), gris (RAL 7004), amarillo (RAL 1021), verde turquesa (RAL 6019), verde (PANTONE 376C), naranja (RAL 2003), rojo (RAL 3020), azul (RAL 5002), plata, grafito, blanco, gris, haya, roble, peral, wengu\u00e9, acacia clara, acacia oscura, zebrano, casta\u00f1o claro o casta\u00f1o oscuro.","og_url":"https:\/\/www.francmobiliari.com\/es\/producto\/armarios-lok\/","og_site_name":"francmobiliari.com","article_modified_time":"2025-09-11T15:35:11+00:00","og_image":[{"width":1425,"height":1080,"url":"https:\/\/www.francmobiliari.com\/wp-content\/uploads\/2025\/07\/MINIATURA-GUIXETES-LOK.jpg","type":"image\/jpeg"}],"twitter_card":"summary_large_image","schema":{"@context":"https:\/\/schema.org","@graph":[{"@type":"WebPage","@id":"https:\/\/www.francmobiliari.com\/es\/producto\/armarios-lok\/","url":"https:\/\/www.francmobiliari.com\/es\/producto\/armarios-lok\/","name":"ARMARIOS LOK - francmobiliari.com","isPartOf":{"@id":"https:\/\/www.francmobiliari.com\/#website"},"primaryImageOfPage":{"@id":"https:\/\/www.francmobiliari.com\/es\/producto\/armarios-lok\/#primaryimage"},"image":{"@id":"https:\/\/www.francmobiliari.com\/es\/producto\/armarios-lok\/#primaryimage"},"thumbnailUrl":"https:\/\/www.francmobiliari.com\/wp-content\/uploads\/2025\/07\/MINIATURA-GUIXETES-LOK.jpg","datePublished":"2025-07-17T15:39:15+00:00","dateModified":"2025-09-11T15:35:11+00:00","breadcrumb":{"@id":"https:\/\/www.francmobiliari.com\/es\/producto\/armarios-lok\/#breadcrumb"},"inLanguage":"es","potentialAction":[{"@type":"ReadAction","target":["https:\/\/www.francmobiliari.com\/es\/producto\/armarios-lok\/"]}]},{"@type":"ImageObject","inLanguage":"es","@id":"https:\/\/www.francmobiliari.com\/es\/producto\/armarios-lok\/#primaryimage","url":"https:\/\/www.francmobiliari.com\/wp-content\/uploads\/2025\/07\/MINIATURA-GUIXETES-LOK.jpg","contentUrl":"https:\/\/www.francmobiliari.com\/wp-content\/uploads\/2025\/07\/MINIATURA-GUIXETES-LOK.jpg","width":1425,"height":1080},{"@type":"BreadcrumbList","@id":"https:\/\/www.francmobiliari.com\/es\/producto\/armarios-lok\/#breadcrumb","itemListElement":[{"@type":"ListItem","position":1,"name":"Portada","item":"https:\/\/www.francmobiliari.com\/es\/inicio\/"},{"@type":"ListItem","position":2,"name":"Tienda","item":"https:\/\/www.francmobiliari.com\/es\/tienda\/"},{"@type":"ListItem","position":3,"name":"ARMARIOS LOK"}]},{"@type":"WebSite","@id":"https:\/\/www.francmobiliari.com\/#website","url":"https:\/\/www.francmobiliari.com\/","name":"francmobiliari.com","description":"","publisher":{"@id":"https:\/\/www.francmobiliari.com\/#organization"},"potentialAction":[{"@type":"SearchAction","target":{"@type":"EntryPoint","urlTemplate":"https:\/\/www.francmobiliari.com\/?s={search_term_string}"},"query-input":{"@type":"PropertyValueSpecification","valueRequired":true,"valueName":"search_term_string"}}],"inLanguage":"es"},{"@type":"Organization","@id":"https:\/\/www.francmobiliari.com\/#organization","name":"francmobiliari.com","url":"https:\/\/www.francmobiliari.com\/","logo":{"@type":"ImageObject","inLanguage":"es","@id":"https:\/\/www.francmobiliari.com\/#\/schema\/logo\/image\/","url":"https:\/\/www.francmobiliari.com\/wp-content\/uploads\/2025\/07\/img-placeholder.png","contentUrl":"https:\/\/www.francmobiliari.com\/wp-content\/uploads\/2025\/07\/img-placeholder.png","width":1500,"height":1500,"caption":"francmobiliari.com"},"image":{"@id":"https:\/\/www.francmobiliari.com\/#\/schema\/logo\/image\/"}}]}},"_links":{"self":[{"href":"https:\/\/www.francmobiliari.com\/es\/wp-json\/wp\/v2\/product\/6118","targetHints":{"allow":["GET"]}}],"collection":[{"href":"https:\/\/www.francmobiliari.com\/es\/wp-json\/wp\/v2\/product"}],"about":[{"href":"https:\/\/www.francmobiliari.com\/es\/wp-json\/wp\/v2\/types\/product"}],"wp:featuredmedia":[{"embeddable":true,"href":"https:\/\/www.francmobiliari.com\/es\/wp-json\/wp\/v2\/media\/2304"}],"wp:attachment":[{"href":"https:\/\/www.francmobiliari.com\/es\/wp-json\/wp\/v2\/media?parent=6118"}],"wp:term":[{"taxonomy":"product_brand","embeddable":true,"href":"https:\/\/www.francmobiliari.com\/es\/wp-json\/wp\/v2\/product_brand?post=6118"},{"taxonomy":"product_cat","embeddable":true,"href":"https:\/\/www.francmobiliari.com\/es\/wp-json\/wp\/v2\/product_cat?post=6118"},{"taxonomy":"product_tag","embeddable":true,"href":"https:\/\/www.francmobiliari.com\/es\/wp-json\/wp\/v2\/product_tag?post=6118"}],"curies":[{"name":"wp","href":"https:\/\/api.w.org\/{rel}","templated":true}]}}