{"id":6098,"date":"2025-07-17T17:50:41","date_gmt":"2025-07-17T15:50:41","guid":{"rendered":"https:\/\/www.francmobiliari.com\/producto\/vitrines-de-pared\/"},"modified":"2025-08-04T22:38:32","modified_gmt":"2025-08-04T20:38:32","slug":"vitrinas-de-pared","status":"publish","type":"product","link":"https:\/\/www.francmobiliari.com\/es\/producto\/vitrinas-de-pared\/","title":{"rendered":"VITRINAS DE PARED"},"content":{"rendered":false,"protected":false},"excerpt":{"rendered":"<p>Con puertas batientes, puertas de apertura telesc\u00f3pica o puertas correderas. Superficie magn\u00e9tica blanca, de corcho o tapizada.<\/p>\n<ul>\n<li><a href=\"https:\/\/www.francmobiliari.com\/wp-content\/uploads\/2022\/11\/CATALEG-VITRINES-DE-PARED-PER-A-EXTERIORS.pdf\" target=\"_blank\" rel=\"noopener\">CAT\u00c1LOGO VITRINAS DE PARED PARA EXTERIORES<\/a><\/li>\n<li><a href=\"https:\/\/www.francmobiliari.com\/wp-content\/uploads\/2022\/11\/CATALEG-VITRINES-DE-PARED-SERIE-BASIC.pdf\" target=\"_blank\" rel=\"noopener\">CAT\u00c1LOGO VITRINAS DE PARED SERIE BASIC<\/a><\/li>\n<li><a href=\"https:\/\/www.francmobiliari.com\/wp-content\/uploads\/2022\/11\/CATALEG-VITRINES-DE-PARED-TELESCOPIQUES.pdf\" target=\"_blank\" rel=\"noopener\">CAT\u00c1LOGO VITRINAS DE PARED TELESC\u00d3PICAS<\/a><\/li>\n<li><a href=\"https:\/\/www.francmobiliari.com\/wp-content\/uploads\/2022\/11\/CATALEG-VITRINES-DE-PARED.pdf\" target=\"_blank\" rel=\"noopener\">CAT\u00c1LOGO VITRINAS DE PARED<\/a><\/li>\n<\/ul>\n","protected":false},"featured_media":3852,"template":"","meta":{"_acf_changed":false,"inline_featured_image":false,"_genesis_hide_title":false,"_genesis_hide_breadcrumbs":false,"_genesis_hide_singular_image":false,"_genesis_hide_footer_widgets":false,"_genesis_custom_body_class":"","_genesis_custom_post_class":"","_genesis_layout":"","_links_to":"","_links_to_target":""},"product_brand":[],"product_cat":[109],"product_tag":[],"class_list":{"0":"post-6098","1":"product","2":"type-product","3":"status-publish","4":"has-post-thumbnail","6":"product_cat-vitrinas-y-expositores","7":"entry","9":"first","10":"instock","11":"shipping-taxable","12":"product-type-simple"},"acf":[],"yoast_head":"<!-- This site is optimized with the Yoast SEO plugin v26.2 - https:\/\/yoast.com\/wordpress\/plugins\/seo\/ -->\n<title>VITRINAS DE PARED - francmobiliari.com<\/title>\n<meta name=\"robots\" content=\"index, follow, max-snippet:-1, max-image-preview:large, max-video-preview:-1\" \/>\n<link rel=\"canonical\" href=\"https:\/\/www.francmobiliari.com\/es\/producto\/vitrinas-de-pared\/\" \/>\n<meta property=\"og:locale\" content=\"es_ES\" \/>\n<meta property=\"og:type\" content=\"article\" \/>\n<meta property=\"og:title\" content=\"VITRINAS DE PARED - francmobiliari.com\" \/>\n<meta property=\"og:description\" content=\"Con puertas batientes, puertas de apertura telesc\u00f3pica o puertas correderas. Superficie magn\u00e9tica blanca, de corcho o tapizada.   CAT\u00c1LOGO VITRINAS DE PARED PARA EXTERIORES  CAT\u00c1LOGO VITRINAS DE PARED SERIE BASIC  CAT\u00c1LOGO VITRINAS DE PARED TELESC\u00d3PICAS  CAT\u00c1LOGO VITRINAS DE PARED\" \/>\n<meta property=\"og:url\" content=\"https:\/\/www.francmobiliari.com\/es\/producto\/vitrinas-de-pared\/\" \/>\n<meta property=\"og:site_name\" content=\"francmobiliari.com\" \/>\n<meta property=\"article:modified_time\" content=\"2025-08-04T20:38:32+00:00\" \/>\n<meta property=\"og:image\" content=\"https:\/\/www.francmobiliari.com\/wp-content\/uploads\/2025\/07\/MINIATURA-VITRINES-DE-PARED.jpg\" \/>\n\t<meta property=\"og:image:width\" content=\"1962\" \/>\n\t<meta property=\"og:image:height\" content=\"1263\" \/>\n\t<meta property=\"og:image:type\" content=\"image\/jpeg\" \/>\n<meta name=\"twitter:card\" content=\"summary_large_image\" \/>\n<script type=\"application\/ld+json\" class=\"yoast-schema-graph\">{\"@context\":\"https:\/\/schema.org\",\"@graph\":[{\"@type\":\"WebPage\",\"@id\":\"https:\/\/www.francmobiliari.com\/es\/producto\/vitrinas-de-pared\/\",\"url\":\"https:\/\/www.francmobiliari.com\/es\/producto\/vitrinas-de-pared\/\",\"name\":\"VITRINAS DE PARED - francmobiliari.com\",\"isPartOf\":{\"@id\":\"https:\/\/www.francmobiliari.com\/#website\"},\"primaryImageOfPage\":{\"@id\":\"https:\/\/www.francmobiliari.com\/es\/producto\/vitrinas-de-pared\/#primaryimage\"},\"image\":{\"@id\":\"https:\/\/www.francmobiliari.com\/es\/producto\/vitrinas-de-pared\/#primaryimage\"},\"thumbnailUrl\":\"https:\/\/www.francmobiliari.com\/wp-content\/uploads\/2025\/07\/MINIATURA-VITRINES-DE-PARED.jpg\",\"datePublished\":\"2025-07-17T15:50:41+00:00\",\"dateModified\":\"2025-08-04T20:38:32+00:00\",\"breadcrumb\":{\"@id\":\"https:\/\/www.francmobiliari.com\/es\/producto\/vitrinas-de-pared\/#breadcrumb\"},\"inLanguage\":\"es\",\"potentialAction\":[{\"@type\":\"ReadAction\",\"target\":[\"https:\/\/www.francmobiliari.com\/es\/producto\/vitrinas-de-pared\/\"]}]},{\"@type\":\"ImageObject\",\"inLanguage\":\"es\",\"@id\":\"https:\/\/www.francmobiliari.com\/es\/producto\/vitrinas-de-pared\/#primaryimage\",\"url\":\"https:\/\/www.francmobiliari.com\/wp-content\/uploads\/2025\/07\/MINIATURA-VITRINES-DE-PARED.jpg\",\"contentUrl\":\"https:\/\/www.francmobiliari.com\/wp-content\/uploads\/2025\/07\/MINIATURA-VITRINES-DE-PARED.jpg\",\"width\":1962,\"height\":1263},{\"@type\":\"BreadcrumbList\",\"@id\":\"https:\/\/www.francmobiliari.com\/es\/producto\/vitrinas-de-pared\/#breadcrumb\",\"itemListElement\":[{\"@type\":\"ListItem\",\"position\":1,\"name\":\"Portada\",\"item\":\"https:\/\/www.francmobiliari.com\/es\/inicio\/\"},{\"@type\":\"ListItem\",\"position\":2,\"name\":\"Tienda\",\"item\":\"https:\/\/www.francmobiliari.com\/es\/tienda\/\"},{\"@type\":\"ListItem\",\"position\":3,\"name\":\"VITRINAS DE PARED\"}]},{\"@type\":\"WebSite\",\"@id\":\"https:\/\/www.francmobiliari.com\/#website\",\"url\":\"https:\/\/www.francmobiliari.com\/\",\"name\":\"francmobiliari.com\",\"description\":\"\",\"publisher\":{\"@id\":\"https:\/\/www.francmobiliari.com\/#organization\"},\"potentialAction\":[{\"@type\":\"SearchAction\",\"target\":{\"@type\":\"EntryPoint\",\"urlTemplate\":\"https:\/\/www.francmobiliari.com\/?s={search_term_string}\"},\"query-input\":{\"@type\":\"PropertyValueSpecification\",\"valueRequired\":true,\"valueName\":\"search_term_string\"}}],\"inLanguage\":\"es\"},{\"@type\":\"Organization\",\"@id\":\"https:\/\/www.francmobiliari.com\/#organization\",\"name\":\"francmobiliari.com\",\"url\":\"https:\/\/www.francmobiliari.com\/\",\"logo\":{\"@type\":\"ImageObject\",\"inLanguage\":\"es\",\"@id\":\"https:\/\/www.francmobiliari.com\/#\/schema\/logo\/image\/\",\"url\":\"https:\/\/www.francmobiliari.com\/wp-content\/uploads\/2025\/07\/img-placeholder.png\",\"contentUrl\":\"https:\/\/www.francmobiliari.com\/wp-content\/uploads\/2025\/07\/img-placeholder.png\",\"width\":1500,\"height\":1500,\"caption\":\"francmobiliari.com\"},\"image\":{\"@id\":\"https:\/\/www.francmobiliari.com\/#\/schema\/logo\/image\/\"}}]}<\/script>\n<!-- \/ Yoast SEO plugin. -->","yoast_head_json":{"title":"VITRINAS DE PARED - francmobiliari.com","robots":{"index":"index","follow":"follow","max-snippet":"max-snippet:-1","max-image-preview":"max-image-preview:large","max-video-preview":"max-video-preview:-1"},"canonical":"https:\/\/www.francmobiliari.com\/es\/producto\/vitrinas-de-pared\/","og_locale":"es_ES","og_type":"article","og_title":"VITRINAS DE PARED - francmobiliari.com","og_description":"Con puertas batientes, puertas de apertura telesc\u00f3pica o puertas correderas. Superficie magn\u00e9tica blanca, de corcho o tapizada.   CAT\u00c1LOGO VITRINAS DE PARED PARA EXTERIORES  CAT\u00c1LOGO VITRINAS DE PARED SERIE BASIC  CAT\u00c1LOGO VITRINAS DE PARED TELESC\u00d3PICAS  CAT\u00c1LOGO VITRINAS DE PARED","og_url":"https:\/\/www.francmobiliari.com\/es\/producto\/vitrinas-de-pared\/","og_site_name":"francmobiliari.com","article_modified_time":"2025-08-04T20:38:32+00:00","og_image":[{"width":1962,"height":1263,"url":"https:\/\/www.francmobiliari.com\/wp-content\/uploads\/2025\/07\/MINIATURA-VITRINES-DE-PARED.jpg","type":"image\/jpeg"}],"twitter_card":"summary_large_image","schema":{"@context":"https:\/\/schema.org","@graph":[{"@type":"WebPage","@id":"https:\/\/www.francmobiliari.com\/es\/producto\/vitrinas-de-pared\/","url":"https:\/\/www.francmobiliari.com\/es\/producto\/vitrinas-de-pared\/","name":"VITRINAS DE PARED - francmobiliari.com","isPartOf":{"@id":"https:\/\/www.francmobiliari.com\/#website"},"primaryImageOfPage":{"@id":"https:\/\/www.francmobiliari.com\/es\/producto\/vitrinas-de-pared\/#primaryimage"},"image":{"@id":"https:\/\/www.francmobiliari.com\/es\/producto\/vitrinas-de-pared\/#primaryimage"},"thumbnailUrl":"https:\/\/www.francmobiliari.com\/wp-content\/uploads\/2025\/07\/MINIATURA-VITRINES-DE-PARED.jpg","datePublished":"2025-07-17T15:50:41+00:00","dateModified":"2025-08-04T20:38:32+00:00","breadcrumb":{"@id":"https:\/\/www.francmobiliari.com\/es\/producto\/vitrinas-de-pared\/#breadcrumb"},"inLanguage":"es","potentialAction":[{"@type":"ReadAction","target":["https:\/\/www.francmobiliari.com\/es\/producto\/vitrinas-de-pared\/"]}]},{"@type":"ImageObject","inLanguage":"es","@id":"https:\/\/www.francmobiliari.com\/es\/producto\/vitrinas-de-pared\/#primaryimage","url":"https:\/\/www.francmobiliari.com\/wp-content\/uploads\/2025\/07\/MINIATURA-VITRINES-DE-PARED.jpg","contentUrl":"https:\/\/www.francmobiliari.com\/wp-content\/uploads\/2025\/07\/MINIATURA-VITRINES-DE-PARED.jpg","width":1962,"height":1263},{"@type":"BreadcrumbList","@id":"https:\/\/www.francmobiliari.com\/es\/producto\/vitrinas-de-pared\/#breadcrumb","itemListElement":[{"@type":"ListItem","position":1,"name":"Portada","item":"https:\/\/www.francmobiliari.com\/es\/inicio\/"},{"@type":"ListItem","position":2,"name":"Tienda","item":"https:\/\/www.francmobiliari.com\/es\/tienda\/"},{"@type":"ListItem","position":3,"name":"VITRINAS DE PARED"}]},{"@type":"WebSite","@id":"https:\/\/www.francmobiliari.com\/#website","url":"https:\/\/www.francmobiliari.com\/","name":"francmobiliari.com","description":"","publisher":{"@id":"https:\/\/www.francmobiliari.com\/#organization"},"potentialAction":[{"@type":"SearchAction","target":{"@type":"EntryPoint","urlTemplate":"https:\/\/www.francmobiliari.com\/?s={search_term_string}"},"query-input":{"@type":"PropertyValueSpecification","valueRequired":true,"valueName":"search_term_string"}}],"inLanguage":"es"},{"@type":"Organization","@id":"https:\/\/www.francmobiliari.com\/#organization","name":"francmobiliari.com","url":"https:\/\/www.francmobiliari.com\/","logo":{"@type":"ImageObject","inLanguage":"es","@id":"https:\/\/www.francmobiliari.com\/#\/schema\/logo\/image\/","url":"https:\/\/www.francmobiliari.com\/wp-content\/uploads\/2025\/07\/img-placeholder.png","contentUrl":"https:\/\/www.francmobiliari.com\/wp-content\/uploads\/2025\/07\/img-placeholder.png","width":1500,"height":1500,"caption":"francmobiliari.com"},"image":{"@id":"https:\/\/www.francmobiliari.com\/#\/schema\/logo\/image\/"}}]}},"_links":{"self":[{"href":"https:\/\/www.francmobiliari.com\/es\/wp-json\/wp\/v2\/product\/6098","targetHints":{"allow":["GET"]}}],"collection":[{"href":"https:\/\/www.francmobiliari.com\/es\/wp-json\/wp\/v2\/product"}],"about":[{"href":"https:\/\/www.francmobiliari.com\/es\/wp-json\/wp\/v2\/types\/product"}],"wp:featuredmedia":[{"embeddable":true,"href":"https:\/\/www.francmobiliari.com\/es\/wp-json\/wp\/v2\/media\/3852"}],"wp:attachment":[{"href":"https:\/\/www.francmobiliari.com\/es\/wp-json\/wp\/v2\/media?parent=6098"}],"wp:term":[{"taxonomy":"product_brand","embeddable":true,"href":"https:\/\/www.francmobiliari.com\/es\/wp-json\/wp\/v2\/product_brand?post=6098"},{"taxonomy":"product_cat","embeddable":true,"href":"https:\/\/www.francmobiliari.com\/es\/wp-json\/wp\/v2\/product_cat?post=6098"},{"taxonomy":"product_tag","embeddable":true,"href":"https:\/\/www.francmobiliari.com\/es\/wp-json\/wp\/v2\/product_tag?post=6098"}],"curies":[{"name":"wp","href":"https:\/\/api.w.org\/{rel}","templated":true}]}}