{"id":6092,"date":"2025-07-17T17:37:49","date_gmt":"2025-07-17T15:37:49","guid":{"rendered":"https:\/\/www.francmobiliari.com\/producto\/mesas-line\/"},"modified":"2025-09-11T18:01:17","modified_gmt":"2025-09-11T16:01:17","slug":"mesas-line","status":"publish","type":"product","link":"https:\/\/www.francmobiliari.com\/es\/producto\/mesas-line\/","title":{"rendered":"MESAS LINE"},"content":{"rendered":false,"protected":false},"excerpt":{"rendered":"<p>Estructura de 4 patas de tubo cuadrado con perfiler\u00eda perimetral. Sobres de 19 o 25 mm de grosor y profundidades de 60 o 80 cm, en diferentes colores.<\/p>\n<ul>\n<li><a style=\"color: var(--wd-text-color);\" href=\"https:\/\/www.francmobiliari.com\/wp-content\/uploads\/2022\/11\/CATALEG-SERIE-LINE-1.pdf\" target=\"_blank\" rel=\"noopener\">CAT\u00c1LOGO SERIE LINE<\/a><\/li>\n<li><a style=\"color: var(--wd-text-color);\" href=\"https:\/\/www.francmobiliari.com\/wp-content\/uploads\/2022\/11\/FITXA-TECNICA-SERIE-LINE.pdf\" target=\"_blank\" rel=\"noopener\">FICHA T\u00c9CNICA SERIE LINE<\/a><\/li>\n<\/ul>\n<p>Mesas fabricadas con estructura de 4 patas con perfiler\u00eda perimetral de tubo de acero pintado. Patas de secci\u00f3n cuadrada de 35 x 35 mm y 1,5 mm de grosor, y travesa\u00f1os de secci\u00f3n rectangular de 40 x 20 mm. Niveladores para regular la altura \u00b1 15 mm.<\/p>\n<p>Opci\u00f3n de mesas altas con travesa\u00f1o central.<\/p>\n<p>Los sobres de mesa est\u00e1n elaborados con tablero de melamina de 19 o 25 mm de grosor, chapado con canto de PVC de 1 o 2 mm.<\/p>\n<p>Fald\u00f3n opcional en melamina.<\/p>\n<p><strong>ACABADOS ESTRUCTURA:<\/strong> Plata (RAL 9006), Blanco (RAL 9010), Negro (RAL 9011), Grafito, Teja (RAL 3016), Verde (RAL 6021), Amarillo (RAL 1032) y Azul (RAL 5022).<\/p>\n<p><strong>ACABADOS MELAMINA:<\/strong> Blanco, Gris, Grafito, Azul, Peral, Haya, Roble y Casta\u00f1o.<\/p>\n<ul style=\"list-style: none;\">\n<li><\/li>\n<\/ul>\n","protected":false},"featured_media":2112,"template":"","meta":{"_acf_changed":false,"inline_featured_image":false,"_genesis_hide_title":false,"_genesis_hide_breadcrumbs":false,"_genesis_hide_singular_image":false,"_genesis_hide_footer_widgets":false,"_genesis_custom_body_class":"","_genesis_custom_post_class":"","_genesis_layout":"","_links_to":"","_links_to_target":""},"product_brand":[],"product_cat":[80],"product_tag":[],"class_list":{"0":"post-6092","1":"product","2":"type-product","3":"status-publish","4":"has-post-thumbnail","6":"product_cat-mesas-para-aulas","7":"entry","9":"first","10":"instock","11":"shipping-taxable","12":"product-type-simple"},"acf":[],"yoast_head":"<!-- This site is optimized with the Yoast SEO plugin v26.2 - https:\/\/yoast.com\/wordpress\/plugins\/seo\/ -->\n<title>MESAS LINE - francmobiliari.com<\/title>\n<meta name=\"robots\" content=\"index, follow, max-snippet:-1, max-image-preview:large, max-video-preview:-1\" \/>\n<link rel=\"canonical\" href=\"https:\/\/www.francmobiliari.com\/es\/producto\/mesas-line\/\" \/>\n<meta property=\"og:locale\" content=\"es_ES\" \/>\n<meta property=\"og:type\" content=\"article\" \/>\n<meta property=\"og:title\" content=\"MESAS LINE - francmobiliari.com\" \/>\n<meta property=\"og:description\" content=\"Estructura de 4 patas de tubo cuadrado con perfiler\u00eda perimetral. Sobres de 19 o 25 mm de grosor y profundidades de 60 o 80 cm, en diferentes colores.   CAT\u00c1LOGO SERIE LINE  FICHA T\u00c9CNICA SERIE LINE  Mesas fabricadas con estructura de 4 patas con perfiler\u00eda perimetral de tubo de acero pintado. Patas de secci\u00f3n cuadrada de 35 x 35 mm y 1,5 mm de grosor, y travesa\u00f1os de secci\u00f3n rectangular de 40 x 20 mm. Niveladores para regular la altura \u00b1 15 mm.  Opci\u00f3n de mesas altas con travesa\u00f1o central.  Los sobres de mesa est\u00e1n elaborados con tablero de melamina de 19 o 25 mm de grosor, chapado con canto de PVC de 1 o 2 mm.  Fald\u00f3n opcional en melamina.  ACABADOS ESTRUCTURA: Plata (RAL 9006), Blanco (RAL 9010), Negro (RAL 9011), Grafito, Teja (RAL 3016), Verde (RAL 6021), Amarillo (RAL 1032) y Azul (RAL 5022).  ACABADOS MELAMINA: Blanco, Gris, Grafito, Azul, Peral, Haya, Roble y Casta\u00f1o.\" \/>\n<meta property=\"og:url\" content=\"https:\/\/www.francmobiliari.com\/es\/producto\/mesas-line\/\" \/>\n<meta property=\"og:site_name\" content=\"francmobiliari.com\" \/>\n<meta property=\"article:modified_time\" content=\"2025-09-11T16:01:17+00:00\" \/>\n<meta property=\"og:image\" content=\"https:\/\/www.francmobiliari.com\/wp-content\/uploads\/2025\/07\/MINIATURA-TAULES-LINE.jpg\" \/>\n\t<meta property=\"og:image:width\" content=\"2024\" \/>\n\t<meta property=\"og:image:height\" content=\"1431\" \/>\n\t<meta property=\"og:image:type\" content=\"image\/jpeg\" \/>\n<meta name=\"twitter:card\" content=\"summary_large_image\" \/>\n<script type=\"application\/ld+json\" class=\"yoast-schema-graph\">{\"@context\":\"https:\/\/schema.org\",\"@graph\":[{\"@type\":\"WebPage\",\"@id\":\"https:\/\/www.francmobiliari.com\/es\/producto\/mesas-line\/\",\"url\":\"https:\/\/www.francmobiliari.com\/es\/producto\/mesas-line\/\",\"name\":\"MESAS LINE - francmobiliari.com\",\"isPartOf\":{\"@id\":\"https:\/\/www.francmobiliari.com\/#website\"},\"primaryImageOfPage\":{\"@id\":\"https:\/\/www.francmobiliari.com\/es\/producto\/mesas-line\/#primaryimage\"},\"image\":{\"@id\":\"https:\/\/www.francmobiliari.com\/es\/producto\/mesas-line\/#primaryimage\"},\"thumbnailUrl\":\"https:\/\/www.francmobiliari.com\/wp-content\/uploads\/2025\/07\/MINIATURA-TAULES-LINE.jpg\",\"datePublished\":\"2025-07-17T15:37:49+00:00\",\"dateModified\":\"2025-09-11T16:01:17+00:00\",\"breadcrumb\":{\"@id\":\"https:\/\/www.francmobiliari.com\/es\/producto\/mesas-line\/#breadcrumb\"},\"inLanguage\":\"es\",\"potentialAction\":[{\"@type\":\"ReadAction\",\"target\":[\"https:\/\/www.francmobiliari.com\/es\/producto\/mesas-line\/\"]}]},{\"@type\":\"ImageObject\",\"inLanguage\":\"es\",\"@id\":\"https:\/\/www.francmobiliari.com\/es\/producto\/mesas-line\/#primaryimage\",\"url\":\"https:\/\/www.francmobiliari.com\/wp-content\/uploads\/2025\/07\/MINIATURA-TAULES-LINE.jpg\",\"contentUrl\":\"https:\/\/www.francmobiliari.com\/wp-content\/uploads\/2025\/07\/MINIATURA-TAULES-LINE.jpg\",\"width\":2024,\"height\":1431},{\"@type\":\"BreadcrumbList\",\"@id\":\"https:\/\/www.francmobiliari.com\/es\/producto\/mesas-line\/#breadcrumb\",\"itemListElement\":[{\"@type\":\"ListItem\",\"position\":1,\"name\":\"Portada\",\"item\":\"https:\/\/www.francmobiliari.com\/es\/inicio\/\"},{\"@type\":\"ListItem\",\"position\":2,\"name\":\"Tienda\",\"item\":\"https:\/\/www.francmobiliari.com\/es\/tienda\/\"},{\"@type\":\"ListItem\",\"position\":3,\"name\":\"MESAS LINE\"}]},{\"@type\":\"WebSite\",\"@id\":\"https:\/\/www.francmobiliari.com\/#website\",\"url\":\"https:\/\/www.francmobiliari.com\/\",\"name\":\"francmobiliari.com\",\"description\":\"\",\"publisher\":{\"@id\":\"https:\/\/www.francmobiliari.com\/#organization\"},\"potentialAction\":[{\"@type\":\"SearchAction\",\"target\":{\"@type\":\"EntryPoint\",\"urlTemplate\":\"https:\/\/www.francmobiliari.com\/?s={search_term_string}\"},\"query-input\":{\"@type\":\"PropertyValueSpecification\",\"valueRequired\":true,\"valueName\":\"search_term_string\"}}],\"inLanguage\":\"es\"},{\"@type\":\"Organization\",\"@id\":\"https:\/\/www.francmobiliari.com\/#organization\",\"name\":\"francmobiliari.com\",\"url\":\"https:\/\/www.francmobiliari.com\/\",\"logo\":{\"@type\":\"ImageObject\",\"inLanguage\":\"es\",\"@id\":\"https:\/\/www.francmobiliari.com\/#\/schema\/logo\/image\/\",\"url\":\"https:\/\/www.francmobiliari.com\/wp-content\/uploads\/2025\/07\/img-placeholder.png\",\"contentUrl\":\"https:\/\/www.francmobiliari.com\/wp-content\/uploads\/2025\/07\/img-placeholder.png\",\"width\":1500,\"height\":1500,\"caption\":\"francmobiliari.com\"},\"image\":{\"@id\":\"https:\/\/www.francmobiliari.com\/#\/schema\/logo\/image\/\"}}]}<\/script>\n<!-- \/ Yoast SEO plugin. -->","yoast_head_json":{"title":"MESAS LINE - francmobiliari.com","robots":{"index":"index","follow":"follow","max-snippet":"max-snippet:-1","max-image-preview":"max-image-preview:large","max-video-preview":"max-video-preview:-1"},"canonical":"https:\/\/www.francmobiliari.com\/es\/producto\/mesas-line\/","og_locale":"es_ES","og_type":"article","og_title":"MESAS LINE - francmobiliari.com","og_description":"Estructura de 4 patas de tubo cuadrado con perfiler\u00eda perimetral. Sobres de 19 o 25 mm de grosor y profundidades de 60 o 80 cm, en diferentes colores.   CAT\u00c1LOGO SERIE LINE  FICHA T\u00c9CNICA SERIE LINE  Mesas fabricadas con estructura de 4 patas con perfiler\u00eda perimetral de tubo de acero pintado. Patas de secci\u00f3n cuadrada de 35 x 35 mm y 1,5 mm de grosor, y travesa\u00f1os de secci\u00f3n rectangular de 40 x 20 mm. Niveladores para regular la altura \u00b1 15 mm.  Opci\u00f3n de mesas altas con travesa\u00f1o central.  Los sobres de mesa est\u00e1n elaborados con tablero de melamina de 19 o 25 mm de grosor, chapado con canto de PVC de 1 o 2 mm.  Fald\u00f3n opcional en melamina.  ACABADOS ESTRUCTURA: Plata (RAL 9006), Blanco (RAL 9010), Negro (RAL 9011), Grafito, Teja (RAL 3016), Verde (RAL 6021), Amarillo (RAL 1032) y Azul (RAL 5022).  ACABADOS MELAMINA: Blanco, Gris, Grafito, Azul, Peral, Haya, Roble y Casta\u00f1o.","og_url":"https:\/\/www.francmobiliari.com\/es\/producto\/mesas-line\/","og_site_name":"francmobiliari.com","article_modified_time":"2025-09-11T16:01:17+00:00","og_image":[{"width":2024,"height":1431,"url":"https:\/\/www.francmobiliari.com\/wp-content\/uploads\/2025\/07\/MINIATURA-TAULES-LINE.jpg","type":"image\/jpeg"}],"twitter_card":"summary_large_image","schema":{"@context":"https:\/\/schema.org","@graph":[{"@type":"WebPage","@id":"https:\/\/www.francmobiliari.com\/es\/producto\/mesas-line\/","url":"https:\/\/www.francmobiliari.com\/es\/producto\/mesas-line\/","name":"MESAS LINE - francmobiliari.com","isPartOf":{"@id":"https:\/\/www.francmobiliari.com\/#website"},"primaryImageOfPage":{"@id":"https:\/\/www.francmobiliari.com\/es\/producto\/mesas-line\/#primaryimage"},"image":{"@id":"https:\/\/www.francmobiliari.com\/es\/producto\/mesas-line\/#primaryimage"},"thumbnailUrl":"https:\/\/www.francmobiliari.com\/wp-content\/uploads\/2025\/07\/MINIATURA-TAULES-LINE.jpg","datePublished":"2025-07-17T15:37:49+00:00","dateModified":"2025-09-11T16:01:17+00:00","breadcrumb":{"@id":"https:\/\/www.francmobiliari.com\/es\/producto\/mesas-line\/#breadcrumb"},"inLanguage":"es","potentialAction":[{"@type":"ReadAction","target":["https:\/\/www.francmobiliari.com\/es\/producto\/mesas-line\/"]}]},{"@type":"ImageObject","inLanguage":"es","@id":"https:\/\/www.francmobiliari.com\/es\/producto\/mesas-line\/#primaryimage","url":"https:\/\/www.francmobiliari.com\/wp-content\/uploads\/2025\/07\/MINIATURA-TAULES-LINE.jpg","contentUrl":"https:\/\/www.francmobiliari.com\/wp-content\/uploads\/2025\/07\/MINIATURA-TAULES-LINE.jpg","width":2024,"height":1431},{"@type":"BreadcrumbList","@id":"https:\/\/www.francmobiliari.com\/es\/producto\/mesas-line\/#breadcrumb","itemListElement":[{"@type":"ListItem","position":1,"name":"Portada","item":"https:\/\/www.francmobiliari.com\/es\/inicio\/"},{"@type":"ListItem","position":2,"name":"Tienda","item":"https:\/\/www.francmobiliari.com\/es\/tienda\/"},{"@type":"ListItem","position":3,"name":"MESAS LINE"}]},{"@type":"WebSite","@id":"https:\/\/www.francmobiliari.com\/#website","url":"https:\/\/www.francmobiliari.com\/","name":"francmobiliari.com","description":"","publisher":{"@id":"https:\/\/www.francmobiliari.com\/#organization"},"potentialAction":[{"@type":"SearchAction","target":{"@type":"EntryPoint","urlTemplate":"https:\/\/www.francmobiliari.com\/?s={search_term_string}"},"query-input":{"@type":"PropertyValueSpecification","valueRequired":true,"valueName":"search_term_string"}}],"inLanguage":"es"},{"@type":"Organization","@id":"https:\/\/www.francmobiliari.com\/#organization","name":"francmobiliari.com","url":"https:\/\/www.francmobiliari.com\/","logo":{"@type":"ImageObject","inLanguage":"es","@id":"https:\/\/www.francmobiliari.com\/#\/schema\/logo\/image\/","url":"https:\/\/www.francmobiliari.com\/wp-content\/uploads\/2025\/07\/img-placeholder.png","contentUrl":"https:\/\/www.francmobiliari.com\/wp-content\/uploads\/2025\/07\/img-placeholder.png","width":1500,"height":1500,"caption":"francmobiliari.com"},"image":{"@id":"https:\/\/www.francmobiliari.com\/#\/schema\/logo\/image\/"}}]}},"_links":{"self":[{"href":"https:\/\/www.francmobiliari.com\/es\/wp-json\/wp\/v2\/product\/6092","targetHints":{"allow":["GET"]}}],"collection":[{"href":"https:\/\/www.francmobiliari.com\/es\/wp-json\/wp\/v2\/product"}],"about":[{"href":"https:\/\/www.francmobiliari.com\/es\/wp-json\/wp\/v2\/types\/product"}],"wp:featuredmedia":[{"embeddable":true,"href":"https:\/\/www.francmobiliari.com\/es\/wp-json\/wp\/v2\/media\/2112"}],"wp:attachment":[{"href":"https:\/\/www.francmobiliari.com\/es\/wp-json\/wp\/v2\/media?parent=6092"}],"wp:term":[{"taxonomy":"product_brand","embeddable":true,"href":"https:\/\/www.francmobiliari.com\/es\/wp-json\/wp\/v2\/product_brand?post=6092"},{"taxonomy":"product_cat","embeddable":true,"href":"https:\/\/www.francmobiliari.com\/es\/wp-json\/wp\/v2\/product_cat?post=6092"},{"taxonomy":"product_tag","embeddable":true,"href":"https:\/\/www.francmobiliari.com\/es\/wp-json\/wp\/v2\/product_tag?post=6092"}],"curies":[{"name":"wp","href":"https:\/\/api.w.org\/{rel}","templated":true}]}}