{"id":6089,"date":"2025-07-17T17:38:12","date_gmt":"2025-07-17T15:38:12","guid":{"rendered":"https:\/\/www.francmobiliari.com\/producto\/serie-espace\/"},"modified":"2025-09-11T17:59:49","modified_gmt":"2025-09-11T15:59:49","slug":"serie-espace","status":"publish","type":"product","link":"https:\/\/www.francmobiliari.com\/es\/producto\/serie-espace\/","title":{"rendered":"SERIE ESPACE"},"content":{"rendered":false,"protected":false},"excerpt":{"rendered":"<p>Mesa polivalente de m\u00faltiples posibilidades, gracias a su variedad de formas para realizar composiciones. Sobre de melamina o estratificado de 80, 70 o 60 cm de profundidad. Posibilidad de patas regulables entre 69 y 80 cm de altura.<\/p>\n<ul>\n<li><a style=\"color: var(--wd-text-color);\" href=\"https:\/\/www.francmobiliari.com\/wp-content\/uploads\/2022\/11\/CATALEG-SERIE-ESPACE-1.pdf\" target=\"_blank\" rel=\"noopener\">CAT\u00c1LOGO SERIE ESPACE<\/a><\/li>\n<li><a style=\"color: var(--wd-text-color);\" href=\"https:\/\/www.francmobiliari.com\/wp-content\/uploads\/2022\/11\/FITXA-TECNICA-SERIE-ESPACE-1.pdf\" target=\"_blank\" rel=\"noopener\">FICHA T\u00c9CNICA SERIE ESPACE<\/a><\/li>\n<\/ul>\n<p>Mesas fabricadas con estructura en forma de \u201cU\u201d invertida, con tubo de acero pintado. Travesa\u00f1os de secci\u00f3n rectangular de 50 \u00d7 30 mm y 2 mm de grosor, y montantes de secci\u00f3n cuadrada de 55 \u00d7 55 mm y 1,5 mm de grosor. Viga central bajo el sobre para unir los laterales. Niveladores para regular la altura \u00b1 10 mm.<\/p>\n<p>Opci\u00f3n con montantes regulables en altura entre 68,5 y 81,5 cm.<\/p>\n<p>Los sobres de mesa, con opci\u00f3n de canto recto o canto con radio, est\u00e1n elaborados con:<\/p>\n<ul>\n<li>Tablero de melamina de 25 mm de grosor, chapado con canto de ABS de 2 mm.<\/li>\n<li>Tablero estratificado de 25 mm de grosor con recubrimiento de estratificado de 0,8 mm y canto de ABS de 2 mm.<\/li>\n<\/ul>\n<p>Fald\u00f3n opcional en melamina o met\u00e1lico.<\/p>\n<p>ACABADOS ESTRUCTURA: Plata (RAL 9006), Blanco (RAL 9016), Negro (RAL 9005) y Grafito (RAL 7022).<\/p>\n<p>ACABADOS FALDONES MET\u00c1LICOS: Plata (RAL 9006), Blanco (RAL 9016) y Grafito (RAL 7022).<\/p>\n<p>ACABADOS FALDONES DE MELAMINA: Plata, Blanco y Grafito.<\/p>\n<p>MELAMINA Y ESTRATIFICADO: Grafito, Blanco, Gris, Haya, Roble, Peral, Wengu\u00e9, Acacia Clara, Acacia Oscura, Zebrano, Casta\u00f1o Claro o Casta\u00f1o Oscuro.<\/p>\n<ul style=\"list-style: none;\">\n<li><\/li>\n<\/ul>\n","protected":false},"featured_media":2156,"template":"","meta":{"_acf_changed":false,"inline_featured_image":false,"_genesis_hide_title":false,"_genesis_hide_breadcrumbs":false,"_genesis_hide_singular_image":false,"_genesis_hide_footer_widgets":false,"_genesis_custom_body_class":"","_genesis_custom_post_class":"","_genesis_layout":"","_links_to":"","_links_to_target":""},"product_brand":[],"product_cat":[81],"product_tag":[],"class_list":{"0":"post-6089","1":"product","2":"type-product","3":"status-publish","4":"has-post-thumbnail","6":"product_cat-mesas-office-y-comedores","7":"entry","9":"first","10":"instock","11":"shipping-taxable","12":"product-type-simple"},"acf":[],"yoast_head":"<!-- This site is optimized with the Yoast SEO plugin v26.2 - https:\/\/yoast.com\/wordpress\/plugins\/seo\/ -->\n<title>SERIE ESPACE - francmobiliari.com<\/title>\n<meta name=\"robots\" content=\"index, follow, max-snippet:-1, max-image-preview:large, max-video-preview:-1\" \/>\n<link rel=\"canonical\" href=\"https:\/\/www.francmobiliari.com\/es\/producto\/serie-espace\/\" \/>\n<meta property=\"og:locale\" content=\"es_ES\" \/>\n<meta property=\"og:type\" content=\"article\" \/>\n<meta property=\"og:title\" content=\"SERIE ESPACE - francmobiliari.com\" \/>\n<meta property=\"og:description\" content=\"Mesa polivalente de m\u00faltiples posibilidades, gracias a su variedad de formas para realizar composiciones. Sobre de melamina o estratificado de 80, 70 o 60 cm de profundidad. Posibilidad de patas regulables entre 69 y 80 cm de altura.   CAT\u00c1LOGO SERIE ESPACE  FICHA T\u00c9CNICA SERIE ESPACE  Mesas fabricadas con estructura en forma de \u201cU\u201d invertida, con tubo de acero pintado. Travesa\u00f1os de secci\u00f3n rectangular de 50 \u00d7 30 mm y 2 mm de grosor, y montantes de secci\u00f3n cuadrada de 55 \u00d7 55 mm y 1,5 mm de grosor. Viga central bajo el sobre para unir los laterales. Niveladores para regular la altura \u00b1 10 mm.  Opci\u00f3n con montantes regulables en altura entre 68,5 y 81,5 cm.  Los sobres de mesa, con opci\u00f3n de canto recto o canto con radio, est\u00e1n elaborados con:   Tablero de melamina de 25 mm de grosor, chapado con canto de ABS de 2 mm.  Tablero estratificado de 25 mm de grosor con recubrimiento de estratificado de 0,8 mm y canto de ABS de 2 mm.  Fald\u00f3n opcional en melamina o met\u00e1lico.  ACABADOS ESTRUCTURA: Plata (RAL 9006), Blanco (RAL 9016), Negro (RAL 9005) y Grafito (RAL 7022).  ACABADOS FALDONES MET\u00c1LICOS: Plata (RAL 9006), Blanco (RAL 9016) y Grafito (RAL 7022).  ACABADOS FALDONES DE MELAMINA: Plata, Blanco y Grafito.  MELAMINA Y ESTRATIFICADO: Grafito, Blanco, Gris, Haya, Roble, Peral, Wengu\u00e9, Acacia Clara, Acacia Oscura, Zebrano, Casta\u00f1o Claro o Casta\u00f1o Oscuro.\" \/>\n<meta property=\"og:url\" content=\"https:\/\/www.francmobiliari.com\/es\/producto\/serie-espace\/\" \/>\n<meta property=\"og:site_name\" content=\"francmobiliari.com\" \/>\n<meta property=\"article:modified_time\" content=\"2025-09-11T15:59:49+00:00\" \/>\n<meta property=\"og:image\" content=\"https:\/\/www.francmobiliari.com\/wp-content\/uploads\/2025\/07\/MINIATURA-SERIE-ESPACE.jpg\" \/>\n\t<meta property=\"og:image:width\" content=\"900\" \/>\n\t<meta property=\"og:image:height\" content=\"520\" \/>\n\t<meta property=\"og:image:type\" content=\"image\/jpeg\" \/>\n<meta name=\"twitter:card\" content=\"summary_large_image\" \/>\n<script type=\"application\/ld+json\" class=\"yoast-schema-graph\">{\"@context\":\"https:\/\/schema.org\",\"@graph\":[{\"@type\":\"WebPage\",\"@id\":\"https:\/\/www.francmobiliari.com\/es\/producto\/serie-espace\/\",\"url\":\"https:\/\/www.francmobiliari.com\/es\/producto\/serie-espace\/\",\"name\":\"SERIE ESPACE - francmobiliari.com\",\"isPartOf\":{\"@id\":\"https:\/\/www.francmobiliari.com\/#website\"},\"primaryImageOfPage\":{\"@id\":\"https:\/\/www.francmobiliari.com\/es\/producto\/serie-espace\/#primaryimage\"},\"image\":{\"@id\":\"https:\/\/www.francmobiliari.com\/es\/producto\/serie-espace\/#primaryimage\"},\"thumbnailUrl\":\"https:\/\/www.francmobiliari.com\/wp-content\/uploads\/2025\/07\/MINIATURA-SERIE-ESPACE.jpg\",\"datePublished\":\"2025-07-17T15:38:12+00:00\",\"dateModified\":\"2025-09-11T15:59:49+00:00\",\"breadcrumb\":{\"@id\":\"https:\/\/www.francmobiliari.com\/es\/producto\/serie-espace\/#breadcrumb\"},\"inLanguage\":\"es\",\"potentialAction\":[{\"@type\":\"ReadAction\",\"target\":[\"https:\/\/www.francmobiliari.com\/es\/producto\/serie-espace\/\"]}]},{\"@type\":\"ImageObject\",\"inLanguage\":\"es\",\"@id\":\"https:\/\/www.francmobiliari.com\/es\/producto\/serie-espace\/#primaryimage\",\"url\":\"https:\/\/www.francmobiliari.com\/wp-content\/uploads\/2025\/07\/MINIATURA-SERIE-ESPACE.jpg\",\"contentUrl\":\"https:\/\/www.francmobiliari.com\/wp-content\/uploads\/2025\/07\/MINIATURA-SERIE-ESPACE.jpg\",\"width\":900,\"height\":520},{\"@type\":\"BreadcrumbList\",\"@id\":\"https:\/\/www.francmobiliari.com\/es\/producto\/serie-espace\/#breadcrumb\",\"itemListElement\":[{\"@type\":\"ListItem\",\"position\":1,\"name\":\"Portada\",\"item\":\"https:\/\/www.francmobiliari.com\/es\/inicio\/\"},{\"@type\":\"ListItem\",\"position\":2,\"name\":\"Tienda\",\"item\":\"https:\/\/www.francmobiliari.com\/es\/tienda\/\"},{\"@type\":\"ListItem\",\"position\":3,\"name\":\"SERIE ESPACE\"}]},{\"@type\":\"WebSite\",\"@id\":\"https:\/\/www.francmobiliari.com\/#website\",\"url\":\"https:\/\/www.francmobiliari.com\/\",\"name\":\"francmobiliari.com\",\"description\":\"\",\"publisher\":{\"@id\":\"https:\/\/www.francmobiliari.com\/#organization\"},\"potentialAction\":[{\"@type\":\"SearchAction\",\"target\":{\"@type\":\"EntryPoint\",\"urlTemplate\":\"https:\/\/www.francmobiliari.com\/?s={search_term_string}\"},\"query-input\":{\"@type\":\"PropertyValueSpecification\",\"valueRequired\":true,\"valueName\":\"search_term_string\"}}],\"inLanguage\":\"es\"},{\"@type\":\"Organization\",\"@id\":\"https:\/\/www.francmobiliari.com\/#organization\",\"name\":\"francmobiliari.com\",\"url\":\"https:\/\/www.francmobiliari.com\/\",\"logo\":{\"@type\":\"ImageObject\",\"inLanguage\":\"es\",\"@id\":\"https:\/\/www.francmobiliari.com\/#\/schema\/logo\/image\/\",\"url\":\"https:\/\/www.francmobiliari.com\/wp-content\/uploads\/2025\/07\/img-placeholder.png\",\"contentUrl\":\"https:\/\/www.francmobiliari.com\/wp-content\/uploads\/2025\/07\/img-placeholder.png\",\"width\":1500,\"height\":1500,\"caption\":\"francmobiliari.com\"},\"image\":{\"@id\":\"https:\/\/www.francmobiliari.com\/#\/schema\/logo\/image\/\"}}]}<\/script>\n<!-- \/ Yoast SEO plugin. -->","yoast_head_json":{"title":"SERIE ESPACE - francmobiliari.com","robots":{"index":"index","follow":"follow","max-snippet":"max-snippet:-1","max-image-preview":"max-image-preview:large","max-video-preview":"max-video-preview:-1"},"canonical":"https:\/\/www.francmobiliari.com\/es\/producto\/serie-espace\/","og_locale":"es_ES","og_type":"article","og_title":"SERIE ESPACE - francmobiliari.com","og_description":"Mesa polivalente de m\u00faltiples posibilidades, gracias a su variedad de formas para realizar composiciones. Sobre de melamina o estratificado de 80, 70 o 60 cm de profundidad. Posibilidad de patas regulables entre 69 y 80 cm de altura.   CAT\u00c1LOGO SERIE ESPACE  FICHA T\u00c9CNICA SERIE ESPACE  Mesas fabricadas con estructura en forma de \u201cU\u201d invertida, con tubo de acero pintado. Travesa\u00f1os de secci\u00f3n rectangular de 50 \u00d7 30 mm y 2 mm de grosor, y montantes de secci\u00f3n cuadrada de 55 \u00d7 55 mm y 1,5 mm de grosor. Viga central bajo el sobre para unir los laterales. Niveladores para regular la altura \u00b1 10 mm.  Opci\u00f3n con montantes regulables en altura entre 68,5 y 81,5 cm.  Los sobres de mesa, con opci\u00f3n de canto recto o canto con radio, est\u00e1n elaborados con:   Tablero de melamina de 25 mm de grosor, chapado con canto de ABS de 2 mm.  Tablero estratificado de 25 mm de grosor con recubrimiento de estratificado de 0,8 mm y canto de ABS de 2 mm.  Fald\u00f3n opcional en melamina o met\u00e1lico.  ACABADOS ESTRUCTURA: Plata (RAL 9006), Blanco (RAL 9016), Negro (RAL 9005) y Grafito (RAL 7022).  ACABADOS FALDONES MET\u00c1LICOS: Plata (RAL 9006), Blanco (RAL 9016) y Grafito (RAL 7022).  ACABADOS FALDONES DE MELAMINA: Plata, Blanco y Grafito.  MELAMINA Y ESTRATIFICADO: Grafito, Blanco, Gris, Haya, Roble, Peral, Wengu\u00e9, Acacia Clara, Acacia Oscura, Zebrano, Casta\u00f1o Claro o Casta\u00f1o Oscuro.","og_url":"https:\/\/www.francmobiliari.com\/es\/producto\/serie-espace\/","og_site_name":"francmobiliari.com","article_modified_time":"2025-09-11T15:59:49+00:00","og_image":[{"width":900,"height":520,"url":"https:\/\/www.francmobiliari.com\/wp-content\/uploads\/2025\/07\/MINIATURA-SERIE-ESPACE.jpg","type":"image\/jpeg"}],"twitter_card":"summary_large_image","schema":{"@context":"https:\/\/schema.org","@graph":[{"@type":"WebPage","@id":"https:\/\/www.francmobiliari.com\/es\/producto\/serie-espace\/","url":"https:\/\/www.francmobiliari.com\/es\/producto\/serie-espace\/","name":"SERIE ESPACE - francmobiliari.com","isPartOf":{"@id":"https:\/\/www.francmobiliari.com\/#website"},"primaryImageOfPage":{"@id":"https:\/\/www.francmobiliari.com\/es\/producto\/serie-espace\/#primaryimage"},"image":{"@id":"https:\/\/www.francmobiliari.com\/es\/producto\/serie-espace\/#primaryimage"},"thumbnailUrl":"https:\/\/www.francmobiliari.com\/wp-content\/uploads\/2025\/07\/MINIATURA-SERIE-ESPACE.jpg","datePublished":"2025-07-17T15:38:12+00:00","dateModified":"2025-09-11T15:59:49+00:00","breadcrumb":{"@id":"https:\/\/www.francmobiliari.com\/es\/producto\/serie-espace\/#breadcrumb"},"inLanguage":"es","potentialAction":[{"@type":"ReadAction","target":["https:\/\/www.francmobiliari.com\/es\/producto\/serie-espace\/"]}]},{"@type":"ImageObject","inLanguage":"es","@id":"https:\/\/www.francmobiliari.com\/es\/producto\/serie-espace\/#primaryimage","url":"https:\/\/www.francmobiliari.com\/wp-content\/uploads\/2025\/07\/MINIATURA-SERIE-ESPACE.jpg","contentUrl":"https:\/\/www.francmobiliari.com\/wp-content\/uploads\/2025\/07\/MINIATURA-SERIE-ESPACE.jpg","width":900,"height":520},{"@type":"BreadcrumbList","@id":"https:\/\/www.francmobiliari.com\/es\/producto\/serie-espace\/#breadcrumb","itemListElement":[{"@type":"ListItem","position":1,"name":"Portada","item":"https:\/\/www.francmobiliari.com\/es\/inicio\/"},{"@type":"ListItem","position":2,"name":"Tienda","item":"https:\/\/www.francmobiliari.com\/es\/tienda\/"},{"@type":"ListItem","position":3,"name":"SERIE ESPACE"}]},{"@type":"WebSite","@id":"https:\/\/www.francmobiliari.com\/#website","url":"https:\/\/www.francmobiliari.com\/","name":"francmobiliari.com","description":"","publisher":{"@id":"https:\/\/www.francmobiliari.com\/#organization"},"potentialAction":[{"@type":"SearchAction","target":{"@type":"EntryPoint","urlTemplate":"https:\/\/www.francmobiliari.com\/?s={search_term_string}"},"query-input":{"@type":"PropertyValueSpecification","valueRequired":true,"valueName":"search_term_string"}}],"inLanguage":"es"},{"@type":"Organization","@id":"https:\/\/www.francmobiliari.com\/#organization","name":"francmobiliari.com","url":"https:\/\/www.francmobiliari.com\/","logo":{"@type":"ImageObject","inLanguage":"es","@id":"https:\/\/www.francmobiliari.com\/#\/schema\/logo\/image\/","url":"https:\/\/www.francmobiliari.com\/wp-content\/uploads\/2025\/07\/img-placeholder.png","contentUrl":"https:\/\/www.francmobiliari.com\/wp-content\/uploads\/2025\/07\/img-placeholder.png","width":1500,"height":1500,"caption":"francmobiliari.com"},"image":{"@id":"https:\/\/www.francmobiliari.com\/#\/schema\/logo\/image\/"}}]}},"_links":{"self":[{"href":"https:\/\/www.francmobiliari.com\/es\/wp-json\/wp\/v2\/product\/6089","targetHints":{"allow":["GET"]}}],"collection":[{"href":"https:\/\/www.francmobiliari.com\/es\/wp-json\/wp\/v2\/product"}],"about":[{"href":"https:\/\/www.francmobiliari.com\/es\/wp-json\/wp\/v2\/types\/product"}],"wp:featuredmedia":[{"embeddable":true,"href":"https:\/\/www.francmobiliari.com\/es\/wp-json\/wp\/v2\/media\/2156"}],"wp:attachment":[{"href":"https:\/\/www.francmobiliari.com\/es\/wp-json\/wp\/v2\/media?parent=6089"}],"wp:term":[{"taxonomy":"product_brand","embeddable":true,"href":"https:\/\/www.francmobiliari.com\/es\/wp-json\/wp\/v2\/product_brand?post=6089"},{"taxonomy":"product_cat","embeddable":true,"href":"https:\/\/www.francmobiliari.com\/es\/wp-json\/wp\/v2\/product_cat?post=6089"},{"taxonomy":"product_tag","embeddable":true,"href":"https:\/\/www.francmobiliari.com\/es\/wp-json\/wp\/v2\/product_tag?post=6089"}],"curies":[{"name":"wp","href":"https:\/\/api.w.org\/{rel}","templated":true}]}}