{"id":6086,"date":"2025-07-17T17:37:49","date_gmt":"2025-07-17T15:37:49","guid":{"rendered":"https:\/\/www.francmobiliari.com\/producto\/serie-born\/"},"modified":"2025-09-11T18:00:32","modified_gmt":"2025-09-11T16:00:32","slug":"serie-born","status":"publish","type":"product","link":"https:\/\/www.francmobiliari.com\/es\/producto\/serie-born\/","title":{"rendered":"SERIE BORN"},"content":{"rendered":false,"protected":false},"excerpt":{"rendered":"<p>Mesas con estructura de 4 patas de madera, 4 patas met\u00e1licas o combinadas. Sobre de melamina de 25 mm de grosor y 70 cm de profundidad. De diferentes colores. De forma rectangular o redonda.<\/p>\n<ul>\n<li><a style=\"color: var(--wd-text-color);\" href=\"https:\/\/www.francmobiliari.com\/wp-content\/uploads\/2022\/11\/CATALEG-SERIE-BORN-1.pdf\" target=\"_blank\" rel=\"noopener\">CAT\u00c1LOGO SERIE BORN<\/a><\/li>\n<li><a style=\"color: var(--wd-text-color);\" href=\"https:\/\/www.francmobiliari.com\/wp-content\/uploads\/2022\/11\/FITXA-TECNICA-SERIE-BORN-3.pdf\" target=\"_blank\" rel=\"noopener\">FICHA T\u00c9CNICA SERIE BORN<\/a><\/li>\n<\/ul>\n<p>Mesas fabricadas con estructura en forma de \u201cU\u201d invertida con perfil de acero pintado, de secci\u00f3n cuadrada de 50 \u00d7 30 mm y 2 mm de grosor; o de madera maciza de haya barnizada formada por un travesa\u00f1o de 60 \u00d7 60 mm y dos montantes con secci\u00f3n decreciente hasta 60 \u00d7 30 mm; o mixtas combinando travesa\u00f1os de acero con patas de madera. Viga central bajo el sobre para unir los laterales. Niveladores para regular la altura \u00b1 10 mm.<\/p>\n<p>Los sobres est\u00e1n elaborados con tablero de melamina de 25 mm de grosor, chapado con canto de ABS de 2 mm.<\/p>\n<p>ACABADOS ESTRUCTURA: Plata (RAL 9006), Blanco (RAL 9016) y Grafito (RAL 7022), y acabado en madera maciza de haya barnizada.<\/p>\n<p>ACABADOS MELAMINA: Grafito, Blanco, Gris, Haya, Roble, Peral, Wengu\u00e9, Acacia Clara, Acacia Oscura, Zebrano, Casta\u00f1o Claro o Casta\u00f1o Oscuro.<\/p>\n<ul style=\"list-style: none;\">\n<li><\/li>\n<\/ul>\n","protected":false},"featured_media":2120,"template":"","meta":{"_acf_changed":false,"inline_featured_image":false,"_genesis_hide_title":false,"_genesis_hide_breadcrumbs":false,"_genesis_hide_singular_image":false,"_genesis_hide_footer_widgets":false,"_genesis_custom_body_class":"","_genesis_custom_post_class":"","_genesis_layout":"","_links_to":"","_links_to_target":""},"product_brand":[],"product_cat":[81],"product_tag":[],"class_list":{"0":"post-6086","1":"product","2":"type-product","3":"status-publish","4":"has-post-thumbnail","6":"product_cat-mesas-office-y-comedores","7":"entry","9":"first","10":"instock","11":"shipping-taxable","12":"product-type-simple"},"acf":[],"yoast_head":"<!-- This site is optimized with the Yoast SEO plugin v26.2 - https:\/\/yoast.com\/wordpress\/plugins\/seo\/ -->\n<title>SERIE BORN - francmobiliari.com<\/title>\n<meta name=\"robots\" content=\"index, follow, max-snippet:-1, max-image-preview:large, max-video-preview:-1\" \/>\n<link rel=\"canonical\" href=\"https:\/\/www.francmobiliari.com\/es\/producto\/serie-born\/\" \/>\n<meta property=\"og:locale\" content=\"es_ES\" \/>\n<meta property=\"og:type\" content=\"article\" \/>\n<meta property=\"og:title\" content=\"SERIE BORN - francmobiliari.com\" \/>\n<meta property=\"og:description\" content=\"Mesas con estructura de 4 patas de madera, 4 patas met\u00e1licas o combinadas. Sobre de melamina de 25 mm de grosor y 70 cm de profundidad. De diferentes colores. De forma rectangular o redonda.   CAT\u00c1LOGO SERIE BORN  FICHA T\u00c9CNICA SERIE BORN  Mesas fabricadas con estructura en forma de \u201cU\u201d invertida con perfil de acero pintado, de secci\u00f3n cuadrada de 50 \u00d7 30 mm y 2 mm de grosor; o de madera maciza de haya barnizada formada por un travesa\u00f1o de 60 \u00d7 60 mm y dos montantes con secci\u00f3n decreciente hasta 60 \u00d7 30 mm; o mixtas combinando travesa\u00f1os de acero con patas de madera. Viga central bajo el sobre para unir los laterales. Niveladores para regular la altura \u00b1 10 mm.  Los sobres est\u00e1n elaborados con tablero de melamina de 25 mm de grosor, chapado con canto de ABS de 2 mm.  ACABADOS ESTRUCTURA: Plata (RAL 9006), Blanco (RAL 9016) y Grafito (RAL 7022), y acabado en madera maciza de haya barnizada.  ACABADOS MELAMINA: Grafito, Blanco, Gris, Haya, Roble, Peral, Wengu\u00e9, Acacia Clara, Acacia Oscura, Zebrano, Casta\u00f1o Claro o Casta\u00f1o Oscuro.\" \/>\n<meta property=\"og:url\" content=\"https:\/\/www.francmobiliari.com\/es\/producto\/serie-born\/\" \/>\n<meta property=\"og:site_name\" content=\"francmobiliari.com\" \/>\n<meta property=\"article:modified_time\" content=\"2025-09-11T16:00:32+00:00\" \/>\n<meta property=\"og:image\" content=\"https:\/\/www.francmobiliari.com\/wp-content\/uploads\/2025\/07\/MINIATURA-SERIE-BORN-2.jpg\" \/>\n\t<meta property=\"og:image:width\" content=\"900\" \/>\n\t<meta property=\"og:image:height\" content=\"520\" \/>\n\t<meta property=\"og:image:type\" content=\"image\/jpeg\" \/>\n<meta name=\"twitter:card\" content=\"summary_large_image\" \/>\n<script type=\"application\/ld+json\" class=\"yoast-schema-graph\">{\"@context\":\"https:\/\/schema.org\",\"@graph\":[{\"@type\":\"WebPage\",\"@id\":\"https:\/\/www.francmobiliari.com\/es\/producto\/serie-born\/\",\"url\":\"https:\/\/www.francmobiliari.com\/es\/producto\/serie-born\/\",\"name\":\"SERIE BORN - francmobiliari.com\",\"isPartOf\":{\"@id\":\"https:\/\/www.francmobiliari.com\/#website\"},\"primaryImageOfPage\":{\"@id\":\"https:\/\/www.francmobiliari.com\/es\/producto\/serie-born\/#primaryimage\"},\"image\":{\"@id\":\"https:\/\/www.francmobiliari.com\/es\/producto\/serie-born\/#primaryimage\"},\"thumbnailUrl\":\"https:\/\/www.francmobiliari.com\/wp-content\/uploads\/2025\/07\/MINIATURA-SERIE-BORN-2.jpg\",\"datePublished\":\"2025-07-17T15:37:49+00:00\",\"dateModified\":\"2025-09-11T16:00:32+00:00\",\"breadcrumb\":{\"@id\":\"https:\/\/www.francmobiliari.com\/es\/producto\/serie-born\/#breadcrumb\"},\"inLanguage\":\"es\",\"potentialAction\":[{\"@type\":\"ReadAction\",\"target\":[\"https:\/\/www.francmobiliari.com\/es\/producto\/serie-born\/\"]}]},{\"@type\":\"ImageObject\",\"inLanguage\":\"es\",\"@id\":\"https:\/\/www.francmobiliari.com\/es\/producto\/serie-born\/#primaryimage\",\"url\":\"https:\/\/www.francmobiliari.com\/wp-content\/uploads\/2025\/07\/MINIATURA-SERIE-BORN-2.jpg\",\"contentUrl\":\"https:\/\/www.francmobiliari.com\/wp-content\/uploads\/2025\/07\/MINIATURA-SERIE-BORN-2.jpg\",\"width\":900,\"height\":520},{\"@type\":\"BreadcrumbList\",\"@id\":\"https:\/\/www.francmobiliari.com\/es\/producto\/serie-born\/#breadcrumb\",\"itemListElement\":[{\"@type\":\"ListItem\",\"position\":1,\"name\":\"Portada\",\"item\":\"https:\/\/www.francmobiliari.com\/es\/inicio\/\"},{\"@type\":\"ListItem\",\"position\":2,\"name\":\"Tienda\",\"item\":\"https:\/\/www.francmobiliari.com\/es\/tienda\/\"},{\"@type\":\"ListItem\",\"position\":3,\"name\":\"SERIE BORN\"}]},{\"@type\":\"WebSite\",\"@id\":\"https:\/\/www.francmobiliari.com\/#website\",\"url\":\"https:\/\/www.francmobiliari.com\/\",\"name\":\"francmobiliari.com\",\"description\":\"\",\"publisher\":{\"@id\":\"https:\/\/www.francmobiliari.com\/#organization\"},\"potentialAction\":[{\"@type\":\"SearchAction\",\"target\":{\"@type\":\"EntryPoint\",\"urlTemplate\":\"https:\/\/www.francmobiliari.com\/?s={search_term_string}\"},\"query-input\":{\"@type\":\"PropertyValueSpecification\",\"valueRequired\":true,\"valueName\":\"search_term_string\"}}],\"inLanguage\":\"es\"},{\"@type\":\"Organization\",\"@id\":\"https:\/\/www.francmobiliari.com\/#organization\",\"name\":\"francmobiliari.com\",\"url\":\"https:\/\/www.francmobiliari.com\/\",\"logo\":{\"@type\":\"ImageObject\",\"inLanguage\":\"es\",\"@id\":\"https:\/\/www.francmobiliari.com\/#\/schema\/logo\/image\/\",\"url\":\"https:\/\/www.francmobiliari.com\/wp-content\/uploads\/2025\/07\/img-placeholder.png\",\"contentUrl\":\"https:\/\/www.francmobiliari.com\/wp-content\/uploads\/2025\/07\/img-placeholder.png\",\"width\":1500,\"height\":1500,\"caption\":\"francmobiliari.com\"},\"image\":{\"@id\":\"https:\/\/www.francmobiliari.com\/#\/schema\/logo\/image\/\"}}]}<\/script>\n<!-- \/ Yoast SEO plugin. -->","yoast_head_json":{"title":"SERIE BORN - francmobiliari.com","robots":{"index":"index","follow":"follow","max-snippet":"max-snippet:-1","max-image-preview":"max-image-preview:large","max-video-preview":"max-video-preview:-1"},"canonical":"https:\/\/www.francmobiliari.com\/es\/producto\/serie-born\/","og_locale":"es_ES","og_type":"article","og_title":"SERIE BORN - francmobiliari.com","og_description":"Mesas con estructura de 4 patas de madera, 4 patas met\u00e1licas o combinadas. Sobre de melamina de 25 mm de grosor y 70 cm de profundidad. De diferentes colores. De forma rectangular o redonda.   CAT\u00c1LOGO SERIE BORN  FICHA T\u00c9CNICA SERIE BORN  Mesas fabricadas con estructura en forma de \u201cU\u201d invertida con perfil de acero pintado, de secci\u00f3n cuadrada de 50 \u00d7 30 mm y 2 mm de grosor; o de madera maciza de haya barnizada formada por un travesa\u00f1o de 60 \u00d7 60 mm y dos montantes con secci\u00f3n decreciente hasta 60 \u00d7 30 mm; o mixtas combinando travesa\u00f1os de acero con patas de madera. Viga central bajo el sobre para unir los laterales. Niveladores para regular la altura \u00b1 10 mm.  Los sobres est\u00e1n elaborados con tablero de melamina de 25 mm de grosor, chapado con canto de ABS de 2 mm.  ACABADOS ESTRUCTURA: Plata (RAL 9006), Blanco (RAL 9016) y Grafito (RAL 7022), y acabado en madera maciza de haya barnizada.  ACABADOS MELAMINA: Grafito, Blanco, Gris, Haya, Roble, Peral, Wengu\u00e9, Acacia Clara, Acacia Oscura, Zebrano, Casta\u00f1o Claro o Casta\u00f1o Oscuro.","og_url":"https:\/\/www.francmobiliari.com\/es\/producto\/serie-born\/","og_site_name":"francmobiliari.com","article_modified_time":"2025-09-11T16:00:32+00:00","og_image":[{"width":900,"height":520,"url":"https:\/\/www.francmobiliari.com\/wp-content\/uploads\/2025\/07\/MINIATURA-SERIE-BORN-2.jpg","type":"image\/jpeg"}],"twitter_card":"summary_large_image","schema":{"@context":"https:\/\/schema.org","@graph":[{"@type":"WebPage","@id":"https:\/\/www.francmobiliari.com\/es\/producto\/serie-born\/","url":"https:\/\/www.francmobiliari.com\/es\/producto\/serie-born\/","name":"SERIE BORN - francmobiliari.com","isPartOf":{"@id":"https:\/\/www.francmobiliari.com\/#website"},"primaryImageOfPage":{"@id":"https:\/\/www.francmobiliari.com\/es\/producto\/serie-born\/#primaryimage"},"image":{"@id":"https:\/\/www.francmobiliari.com\/es\/producto\/serie-born\/#primaryimage"},"thumbnailUrl":"https:\/\/www.francmobiliari.com\/wp-content\/uploads\/2025\/07\/MINIATURA-SERIE-BORN-2.jpg","datePublished":"2025-07-17T15:37:49+00:00","dateModified":"2025-09-11T16:00:32+00:00","breadcrumb":{"@id":"https:\/\/www.francmobiliari.com\/es\/producto\/serie-born\/#breadcrumb"},"inLanguage":"es","potentialAction":[{"@type":"ReadAction","target":["https:\/\/www.francmobiliari.com\/es\/producto\/serie-born\/"]}]},{"@type":"ImageObject","inLanguage":"es","@id":"https:\/\/www.francmobiliari.com\/es\/producto\/serie-born\/#primaryimage","url":"https:\/\/www.francmobiliari.com\/wp-content\/uploads\/2025\/07\/MINIATURA-SERIE-BORN-2.jpg","contentUrl":"https:\/\/www.francmobiliari.com\/wp-content\/uploads\/2025\/07\/MINIATURA-SERIE-BORN-2.jpg","width":900,"height":520},{"@type":"BreadcrumbList","@id":"https:\/\/www.francmobiliari.com\/es\/producto\/serie-born\/#breadcrumb","itemListElement":[{"@type":"ListItem","position":1,"name":"Portada","item":"https:\/\/www.francmobiliari.com\/es\/inicio\/"},{"@type":"ListItem","position":2,"name":"Tienda","item":"https:\/\/www.francmobiliari.com\/es\/tienda\/"},{"@type":"ListItem","position":3,"name":"SERIE BORN"}]},{"@type":"WebSite","@id":"https:\/\/www.francmobiliari.com\/#website","url":"https:\/\/www.francmobiliari.com\/","name":"francmobiliari.com","description":"","publisher":{"@id":"https:\/\/www.francmobiliari.com\/#organization"},"potentialAction":[{"@type":"SearchAction","target":{"@type":"EntryPoint","urlTemplate":"https:\/\/www.francmobiliari.com\/?s={search_term_string}"},"query-input":{"@type":"PropertyValueSpecification","valueRequired":true,"valueName":"search_term_string"}}],"inLanguage":"es"},{"@type":"Organization","@id":"https:\/\/www.francmobiliari.com\/#organization","name":"francmobiliari.com","url":"https:\/\/www.francmobiliari.com\/","logo":{"@type":"ImageObject","inLanguage":"es","@id":"https:\/\/www.francmobiliari.com\/#\/schema\/logo\/image\/","url":"https:\/\/www.francmobiliari.com\/wp-content\/uploads\/2025\/07\/img-placeholder.png","contentUrl":"https:\/\/www.francmobiliari.com\/wp-content\/uploads\/2025\/07\/img-placeholder.png","width":1500,"height":1500,"caption":"francmobiliari.com"},"image":{"@id":"https:\/\/www.francmobiliari.com\/#\/schema\/logo\/image\/"}}]}},"_links":{"self":[{"href":"https:\/\/www.francmobiliari.com\/es\/wp-json\/wp\/v2\/product\/6086","targetHints":{"allow":["GET"]}}],"collection":[{"href":"https:\/\/www.francmobiliari.com\/es\/wp-json\/wp\/v2\/product"}],"about":[{"href":"https:\/\/www.francmobiliari.com\/es\/wp-json\/wp\/v2\/types\/product"}],"wp:featuredmedia":[{"embeddable":true,"href":"https:\/\/www.francmobiliari.com\/es\/wp-json\/wp\/v2\/media\/2120"}],"wp:attachment":[{"href":"https:\/\/www.francmobiliari.com\/es\/wp-json\/wp\/v2\/media?parent=6086"}],"wp:term":[{"taxonomy":"product_brand","embeddable":true,"href":"https:\/\/www.francmobiliari.com\/es\/wp-json\/wp\/v2\/product_brand?post=6086"},{"taxonomy":"product_cat","embeddable":true,"href":"https:\/\/www.francmobiliari.com\/es\/wp-json\/wp\/v2\/product_cat?post=6086"},{"taxonomy":"product_tag","embeddable":true,"href":"https:\/\/www.francmobiliari.com\/es\/wp-json\/wp\/v2\/product_tag?post=6086"}],"curies":[{"name":"wp","href":"https:\/\/api.w.org\/{rel}","templated":true}]}}