{"id":6080,"date":"2025-07-17T17:38:37","date_gmt":"2025-07-17T15:38:37","guid":{"rendered":"https:\/\/www.francmobiliari.com\/producto\/mesas-altas-con-patas-de-madera\/"},"modified":"2025-09-11T17:39:32","modified_gmt":"2025-09-11T15:39:32","slug":"mesas-altas-con-patas-de-madera","status":"publish","type":"product","link":"https:\/\/www.francmobiliari.com\/es\/producto\/mesas-altas-con-patas-de-madera\/","title":{"rendered":"MESAS ALTAS CON PATAS DE MADERA"},"content":{"rendered":false,"protected":false},"excerpt":{"rendered":"<p>Las series Born y Nil ofrecen mesas altas de 105 cm de altura, con patas de madera de haya y tablero de melamina de diferentes colores.<\/p>\n<ul>\n<li><a style=\"color: var(--wd-text-color);\" href=\"https:\/\/www.francmobiliari.com\/wp-content\/uploads\/2022\/11\/CATALEG-TAULES-ALTES.pdf\" target=\"_blank\" rel=\"noopener\">CAT\u00c1LOGO MESAS ALTAS<\/a><\/li>\n<li><a style=\"color: var(--wd-text-color);\" href=\"https:\/\/www.francmobiliari.com\/wp-content\/uploads\/2022\/11\/FITXA-TECNICA-BORN-TAULA-ALTA.pdf\" target=\"_blank\" rel=\"noopener\">FICHA T\u00c9CNICA BORN MESA ALTA<\/a><\/li>\n<li><a style=\"color: var(--wd-text-color);\" href=\"https:\/\/www.francmobiliari.com\/wp-content\/uploads\/2022\/11\/FITXA-TECNICA-NIL-TAULA-ALTA.pdf\" target=\"_blank\" rel=\"noopener\">FICHA T\u00c9CNICA NIL MESA ALTA<\/a><\/li>\n<\/ul>\n<p><strong>SERIE BORN<\/strong><\/p>\n<p>Mesas fabricadas con estructura de patas de madera de haya y tablero de melamina o estratificado de 25 mm con canto recto o redondeado.<\/p>\n<p>ACABADOS ESTRUCTURA: Madera de haya barnizada.<\/p>\n<p>ACABADOS MELAMINA Y ESTRATIFICADO: Grafito, Blanco, Gris, Haya, Roble, Peral, Wengu\u00e9, Acacia Clara, Acacia Oscura, Zebrano, Casta\u00f1o Claro o Casta\u00f1o Oscuro.<\/p>\n<ul style=\"list-style: none;\">\n<li><\/li>\n<\/ul>\n<p><strong>SERIE NIL<\/strong><\/p>\n<p>Mesas fabricadas con estructura de patas de madera de haya, con reposapi\u00e9s o sin \u00e9l, y tablero de melamina o estratificado de 25 mm con canto redondeado.<\/p>\n<p>ACABADOS ESTRUCTURA: Madera de haya barnizada. Reposapi\u00e9s Plata (RAL 9006) y Grafito (RAL 7022).<\/p>\n<p>ACABADOS MELAMINA Y ESTRATIFICADO: Grafito, Blanco, Gris, Haya, Roble, Peral, Wengu\u00e9, Acacia Clara, Acacia Oscura, Zebrano, Casta\u00f1o Claro o Casta\u00f1o Oscuro.<\/p>\n<ul style=\"list-style: none;\">\n<li><\/li>\n<\/ul>\n","protected":false},"featured_media":2204,"template":"","meta":{"_acf_changed":false,"inline_featured_image":false,"_genesis_hide_title":false,"_genesis_hide_breadcrumbs":false,"_genesis_hide_singular_image":false,"_genesis_hide_footer_widgets":false,"_genesis_custom_body_class":"","_genesis_custom_post_class":"","_genesis_layout":"","_links_to":"","_links_to_target":""},"product_brand":[],"product_cat":[82],"product_tag":[],"class_list":{"0":"post-6080","1":"product","2":"type-product","3":"status-publish","4":"has-post-thumbnail","6":"product_cat-mesas-altas","7":"entry","9":"first","10":"instock","11":"shipping-taxable","12":"product-type-simple"},"acf":[],"yoast_head":"<!-- This site is optimized with the Yoast SEO plugin v26.2 - https:\/\/yoast.com\/wordpress\/plugins\/seo\/ -->\n<title>MESAS ALTAS CON PATAS DE MADERA - francmobiliari.com<\/title>\n<meta name=\"robots\" content=\"index, follow, max-snippet:-1, max-image-preview:large, max-video-preview:-1\" \/>\n<link rel=\"canonical\" href=\"https:\/\/www.francmobiliari.com\/es\/producto\/mesas-altas-con-patas-de-madera\/\" \/>\n<meta property=\"og:locale\" content=\"es_ES\" \/>\n<meta property=\"og:type\" content=\"article\" \/>\n<meta property=\"og:title\" content=\"MESAS ALTAS CON PATAS DE MADERA - francmobiliari.com\" \/>\n<meta property=\"og:description\" content=\"Las series Born y Nil ofrecen mesas altas de 105 cm de altura, con patas de madera de haya y tablero de melamina de diferentes colores.   CAT\u00c1LOGO MESAS ALTAS  FICHA T\u00c9CNICA BORN MESA ALTA  FICHA T\u00c9CNICA NIL MESA ALTA  SERIE BORN  Mesas fabricadas con estructura de patas de madera de haya y tablero de melamina o estratificado de 25 mm con canto recto o redondeado.  ACABADOS ESTRUCTURA: Madera de haya barnizada.  ACABADOS MELAMINA Y ESTRATIFICADO: Grafito, Blanco, Gris, Haya, Roble, Peral, Wengu\u00e9, Acacia Clara, Acacia Oscura, Zebrano, Casta\u00f1o Claro o Casta\u00f1o Oscuro.     SERIE NIL  Mesas fabricadas con estructura de patas de madera de haya, con reposapi\u00e9s o sin \u00e9l, y tablero de melamina o estratificado de 25 mm con canto redondeado.  ACABADOS ESTRUCTURA: Madera de haya barnizada. Reposapi\u00e9s Plata (RAL 9006) y Grafito (RAL 7022).  ACABADOS MELAMINA Y ESTRATIFICADO: Grafito, Blanco, Gris, Haya, Roble, Peral, Wengu\u00e9, Acacia Clara, Acacia Oscura, Zebrano, Casta\u00f1o Claro o Casta\u00f1o Oscuro.\" \/>\n<meta property=\"og:url\" content=\"https:\/\/www.francmobiliari.com\/es\/producto\/mesas-altas-con-patas-de-madera\/\" \/>\n<meta property=\"og:site_name\" content=\"francmobiliari.com\" \/>\n<meta property=\"article:modified_time\" content=\"2025-09-11T15:39:32+00:00\" \/>\n<meta property=\"og:image\" content=\"https:\/\/www.francmobiliari.com\/wp-content\/uploads\/2025\/07\/MINIATURA-TAULES-ALTES-AMB-POTES-DE-FUSTA.jpg\" \/>\n\t<meta property=\"og:image:width\" content=\"900\" \/>\n\t<meta property=\"og:image:height\" content=\"520\" \/>\n\t<meta property=\"og:image:type\" content=\"image\/jpeg\" \/>\n<meta name=\"twitter:card\" content=\"summary_large_image\" \/>\n<script type=\"application\/ld+json\" class=\"yoast-schema-graph\">{\"@context\":\"https:\/\/schema.org\",\"@graph\":[{\"@type\":\"WebPage\",\"@id\":\"https:\/\/www.francmobiliari.com\/es\/producto\/mesas-altas-con-patas-de-madera\/\",\"url\":\"https:\/\/www.francmobiliari.com\/es\/producto\/mesas-altas-con-patas-de-madera\/\",\"name\":\"MESAS ALTAS CON PATAS DE MADERA - francmobiliari.com\",\"isPartOf\":{\"@id\":\"https:\/\/www.francmobiliari.com\/#website\"},\"primaryImageOfPage\":{\"@id\":\"https:\/\/www.francmobiliari.com\/es\/producto\/mesas-altas-con-patas-de-madera\/#primaryimage\"},\"image\":{\"@id\":\"https:\/\/www.francmobiliari.com\/es\/producto\/mesas-altas-con-patas-de-madera\/#primaryimage\"},\"thumbnailUrl\":\"https:\/\/www.francmobiliari.com\/wp-content\/uploads\/2025\/07\/MINIATURA-TAULES-ALTES-AMB-POTES-DE-FUSTA.jpg\",\"datePublished\":\"2025-07-17T15:38:37+00:00\",\"dateModified\":\"2025-09-11T15:39:32+00:00\",\"breadcrumb\":{\"@id\":\"https:\/\/www.francmobiliari.com\/es\/producto\/mesas-altas-con-patas-de-madera\/#breadcrumb\"},\"inLanguage\":\"es\",\"potentialAction\":[{\"@type\":\"ReadAction\",\"target\":[\"https:\/\/www.francmobiliari.com\/es\/producto\/mesas-altas-con-patas-de-madera\/\"]}]},{\"@type\":\"ImageObject\",\"inLanguage\":\"es\",\"@id\":\"https:\/\/www.francmobiliari.com\/es\/producto\/mesas-altas-con-patas-de-madera\/#primaryimage\",\"url\":\"https:\/\/www.francmobiliari.com\/wp-content\/uploads\/2025\/07\/MINIATURA-TAULES-ALTES-AMB-POTES-DE-FUSTA.jpg\",\"contentUrl\":\"https:\/\/www.francmobiliari.com\/wp-content\/uploads\/2025\/07\/MINIATURA-TAULES-ALTES-AMB-POTES-DE-FUSTA.jpg\",\"width\":900,\"height\":520},{\"@type\":\"BreadcrumbList\",\"@id\":\"https:\/\/www.francmobiliari.com\/es\/producto\/mesas-altas-con-patas-de-madera\/#breadcrumb\",\"itemListElement\":[{\"@type\":\"ListItem\",\"position\":1,\"name\":\"Portada\",\"item\":\"https:\/\/www.francmobiliari.com\/es\/inicio\/\"},{\"@type\":\"ListItem\",\"position\":2,\"name\":\"Tienda\",\"item\":\"https:\/\/www.francmobiliari.com\/es\/tienda\/\"},{\"@type\":\"ListItem\",\"position\":3,\"name\":\"MESAS ALTAS CON PATAS DE MADERA\"}]},{\"@type\":\"WebSite\",\"@id\":\"https:\/\/www.francmobiliari.com\/#website\",\"url\":\"https:\/\/www.francmobiliari.com\/\",\"name\":\"francmobiliari.com\",\"description\":\"\",\"publisher\":{\"@id\":\"https:\/\/www.francmobiliari.com\/#organization\"},\"potentialAction\":[{\"@type\":\"SearchAction\",\"target\":{\"@type\":\"EntryPoint\",\"urlTemplate\":\"https:\/\/www.francmobiliari.com\/?s={search_term_string}\"},\"query-input\":{\"@type\":\"PropertyValueSpecification\",\"valueRequired\":true,\"valueName\":\"search_term_string\"}}],\"inLanguage\":\"es\"},{\"@type\":\"Organization\",\"@id\":\"https:\/\/www.francmobiliari.com\/#organization\",\"name\":\"francmobiliari.com\",\"url\":\"https:\/\/www.francmobiliari.com\/\",\"logo\":{\"@type\":\"ImageObject\",\"inLanguage\":\"es\",\"@id\":\"https:\/\/www.francmobiliari.com\/#\/schema\/logo\/image\/\",\"url\":\"https:\/\/www.francmobiliari.com\/wp-content\/uploads\/2025\/07\/img-placeholder.png\",\"contentUrl\":\"https:\/\/www.francmobiliari.com\/wp-content\/uploads\/2025\/07\/img-placeholder.png\",\"width\":1500,\"height\":1500,\"caption\":\"francmobiliari.com\"},\"image\":{\"@id\":\"https:\/\/www.francmobiliari.com\/#\/schema\/logo\/image\/\"}}]}<\/script>\n<!-- \/ Yoast SEO plugin. -->","yoast_head_json":{"title":"MESAS ALTAS CON PATAS DE MADERA - francmobiliari.com","robots":{"index":"index","follow":"follow","max-snippet":"max-snippet:-1","max-image-preview":"max-image-preview:large","max-video-preview":"max-video-preview:-1"},"canonical":"https:\/\/www.francmobiliari.com\/es\/producto\/mesas-altas-con-patas-de-madera\/","og_locale":"es_ES","og_type":"article","og_title":"MESAS ALTAS CON PATAS DE MADERA - francmobiliari.com","og_description":"Las series Born y Nil ofrecen mesas altas de 105 cm de altura, con patas de madera de haya y tablero de melamina de diferentes colores.   CAT\u00c1LOGO MESAS ALTAS  FICHA T\u00c9CNICA BORN MESA ALTA  FICHA T\u00c9CNICA NIL MESA ALTA  SERIE BORN  Mesas fabricadas con estructura de patas de madera de haya y tablero de melamina o estratificado de 25 mm con canto recto o redondeado.  ACABADOS ESTRUCTURA: Madera de haya barnizada.  ACABADOS MELAMINA Y ESTRATIFICADO: Grafito, Blanco, Gris, Haya, Roble, Peral, Wengu\u00e9, Acacia Clara, Acacia Oscura, Zebrano, Casta\u00f1o Claro o Casta\u00f1o Oscuro.     SERIE NIL  Mesas fabricadas con estructura de patas de madera de haya, con reposapi\u00e9s o sin \u00e9l, y tablero de melamina o estratificado de 25 mm con canto redondeado.  ACABADOS ESTRUCTURA: Madera de haya barnizada. Reposapi\u00e9s Plata (RAL 9006) y Grafito (RAL 7022).  ACABADOS MELAMINA Y ESTRATIFICADO: Grafito, Blanco, Gris, Haya, Roble, Peral, Wengu\u00e9, Acacia Clara, Acacia Oscura, Zebrano, Casta\u00f1o Claro o Casta\u00f1o Oscuro.","og_url":"https:\/\/www.francmobiliari.com\/es\/producto\/mesas-altas-con-patas-de-madera\/","og_site_name":"francmobiliari.com","article_modified_time":"2025-09-11T15:39:32+00:00","og_image":[{"width":900,"height":520,"url":"https:\/\/www.francmobiliari.com\/wp-content\/uploads\/2025\/07\/MINIATURA-TAULES-ALTES-AMB-POTES-DE-FUSTA.jpg","type":"image\/jpeg"}],"twitter_card":"summary_large_image","schema":{"@context":"https:\/\/schema.org","@graph":[{"@type":"WebPage","@id":"https:\/\/www.francmobiliari.com\/es\/producto\/mesas-altas-con-patas-de-madera\/","url":"https:\/\/www.francmobiliari.com\/es\/producto\/mesas-altas-con-patas-de-madera\/","name":"MESAS ALTAS CON PATAS DE MADERA - francmobiliari.com","isPartOf":{"@id":"https:\/\/www.francmobiliari.com\/#website"},"primaryImageOfPage":{"@id":"https:\/\/www.francmobiliari.com\/es\/producto\/mesas-altas-con-patas-de-madera\/#primaryimage"},"image":{"@id":"https:\/\/www.francmobiliari.com\/es\/producto\/mesas-altas-con-patas-de-madera\/#primaryimage"},"thumbnailUrl":"https:\/\/www.francmobiliari.com\/wp-content\/uploads\/2025\/07\/MINIATURA-TAULES-ALTES-AMB-POTES-DE-FUSTA.jpg","datePublished":"2025-07-17T15:38:37+00:00","dateModified":"2025-09-11T15:39:32+00:00","breadcrumb":{"@id":"https:\/\/www.francmobiliari.com\/es\/producto\/mesas-altas-con-patas-de-madera\/#breadcrumb"},"inLanguage":"es","potentialAction":[{"@type":"ReadAction","target":["https:\/\/www.francmobiliari.com\/es\/producto\/mesas-altas-con-patas-de-madera\/"]}]},{"@type":"ImageObject","inLanguage":"es","@id":"https:\/\/www.francmobiliari.com\/es\/producto\/mesas-altas-con-patas-de-madera\/#primaryimage","url":"https:\/\/www.francmobiliari.com\/wp-content\/uploads\/2025\/07\/MINIATURA-TAULES-ALTES-AMB-POTES-DE-FUSTA.jpg","contentUrl":"https:\/\/www.francmobiliari.com\/wp-content\/uploads\/2025\/07\/MINIATURA-TAULES-ALTES-AMB-POTES-DE-FUSTA.jpg","width":900,"height":520},{"@type":"BreadcrumbList","@id":"https:\/\/www.francmobiliari.com\/es\/producto\/mesas-altas-con-patas-de-madera\/#breadcrumb","itemListElement":[{"@type":"ListItem","position":1,"name":"Portada","item":"https:\/\/www.francmobiliari.com\/es\/inicio\/"},{"@type":"ListItem","position":2,"name":"Tienda","item":"https:\/\/www.francmobiliari.com\/es\/tienda\/"},{"@type":"ListItem","position":3,"name":"MESAS ALTAS CON PATAS DE MADERA"}]},{"@type":"WebSite","@id":"https:\/\/www.francmobiliari.com\/#website","url":"https:\/\/www.francmobiliari.com\/","name":"francmobiliari.com","description":"","publisher":{"@id":"https:\/\/www.francmobiliari.com\/#organization"},"potentialAction":[{"@type":"SearchAction","target":{"@type":"EntryPoint","urlTemplate":"https:\/\/www.francmobiliari.com\/?s={search_term_string}"},"query-input":{"@type":"PropertyValueSpecification","valueRequired":true,"valueName":"search_term_string"}}],"inLanguage":"es"},{"@type":"Organization","@id":"https:\/\/www.francmobiliari.com\/#organization","name":"francmobiliari.com","url":"https:\/\/www.francmobiliari.com\/","logo":{"@type":"ImageObject","inLanguage":"es","@id":"https:\/\/www.francmobiliari.com\/#\/schema\/logo\/image\/","url":"https:\/\/www.francmobiliari.com\/wp-content\/uploads\/2025\/07\/img-placeholder.png","contentUrl":"https:\/\/www.francmobiliari.com\/wp-content\/uploads\/2025\/07\/img-placeholder.png","width":1500,"height":1500,"caption":"francmobiliari.com"},"image":{"@id":"https:\/\/www.francmobiliari.com\/#\/schema\/logo\/image\/"}}]}},"_links":{"self":[{"href":"https:\/\/www.francmobiliari.com\/es\/wp-json\/wp\/v2\/product\/6080","targetHints":{"allow":["GET"]}}],"collection":[{"href":"https:\/\/www.francmobiliari.com\/es\/wp-json\/wp\/v2\/product"}],"about":[{"href":"https:\/\/www.francmobiliari.com\/es\/wp-json\/wp\/v2\/types\/product"}],"wp:featuredmedia":[{"embeddable":true,"href":"https:\/\/www.francmobiliari.com\/es\/wp-json\/wp\/v2\/media\/2204"}],"wp:attachment":[{"href":"https:\/\/www.francmobiliari.com\/es\/wp-json\/wp\/v2\/media?parent=6080"}],"wp:term":[{"taxonomy":"product_brand","embeddable":true,"href":"https:\/\/www.francmobiliari.com\/es\/wp-json\/wp\/v2\/product_brand?post=6080"},{"taxonomy":"product_cat","embeddable":true,"href":"https:\/\/www.francmobiliari.com\/es\/wp-json\/wp\/v2\/product_cat?post=6080"},{"taxonomy":"product_tag","embeddable":true,"href":"https:\/\/www.francmobiliari.com\/es\/wp-json\/wp\/v2\/product_tag?post=6080"}],"curies":[{"name":"wp","href":"https:\/\/api.w.org\/{rel}","templated":true}]}}