{"id":6075,"date":"2025-07-17T17:38:13","date_gmt":"2025-07-17T15:38:13","guid":{"rendered":"https:\/\/www.francmobiliari.com\/producto\/mesas-altas-con-pie-central\/"},"modified":"2025-09-11T17:46:56","modified_gmt":"2025-09-11T15:46:56","slug":"mesas-altas-con-pie-central","status":"publish","type":"product","link":"https:\/\/www.francmobiliari.com\/es\/producto\/mesas-altas-con-pie-central\/","title":{"rendered":"MESAS ALTAS CON PIE CENTRAL"},"content":{"rendered":false,"protected":false},"excerpt":{"rendered":"<p>Las series Lara y Rol ofrecen mesas altas de 105 cm, con sobres redondos o cuadrados y pie central cil\u00edndrico, con base circular.<\/p>\n<ul>\n<li><a style=\"color: var(--wd-text-color);\" href=\"https:\/\/www.francmobiliari.com\/wp-content\/uploads\/2022\/11\/CATALEG-LARA-ALTA.pdf\" target=\"_blank\" rel=\"noopener\">CAT\u00c1LOGO LARA ALTA<\/a><\/li>\n<li><a style=\"color: var(--wd-text-color);\" href=\"https:\/\/www.francmobiliari.com\/wp-content\/uploads\/2022\/11\/CATALEG-TAULES-ALTES-2.pdf\" target=\"_blank\" rel=\"noopener\">CAT\u00c1LOGO MESAS ALTAS<\/a><\/li>\n<li><a style=\"color: var(--wd-text-color);\" href=\"https:\/\/www.francmobiliari.com\/wp-content\/uploads\/2022\/11\/FITXA-TECNICA-ROL-ALTA.pdf\" target=\"_blank\" rel=\"noopener\">FICHA T\u00c9CNICA ROL ALTA<\/a><\/li>\n<\/ul>\n<p><img loading=\"lazy\" decoding=\"async\" class=\"alignnone size-medium wp-image-15871\" src=\"https:\/\/www.francmobiliari.com\/wp-content\/uploads\/2025\/07\/FITXA-TECNICA-LARA-212x300.jpg\" alt=\"\" width=\"212\" height=\"300\" \/><\/p>\n<p><strong>SERIE LARA<\/strong><\/p>\n<p>Mesas fabricadas con estructura met\u00e1lica de pie central con base cuadrada o circular y sobre de melamina de 25 mm o fen\u00f3lico de 12 mm.<\/p>\n<p>ACABADOS ESTRUCTURA: Blanco (RAL 9003), Grafito Texturizado, Plata (RAL 9006) y Negro (RAL 9005).<\/p>\n<p>ACABADOS MELAMINA: Caviar, Cerezo, Acacia, Haya, Arce, Blanco, Gris, Roble, Gris y Nogal.<\/p>\n<p>ACABADOS FEN\u00d3LICO: Blanco, Gris, Grafito y Negro.<\/p>\n<ul style=\"list-style: none;\">\n<li><\/li>\n<\/ul>\n<p><strong>SERIE ROL<\/strong><\/p>\n<p>Mesas fabricadas con estructura met\u00e1lica de pie central con base cuadrada o circular y sobre de melamina o estratificado de 25 mm.<\/p>\n<p>ACABADOS ESTRUCTURA: Plata (RAL 9006), Blanco (RAL 9016) y Grafito (RAL 7022).<\/p>\n<p>ACABADOS MELAMINA Y ESTRATIFICADO: Grafito, Blanco, Gris, Haya, Roble, Peral, Wengu\u00e9, Acacia Clara, Acacia Oscura, Zebrano, Casta\u00f1o Claro o Casta\u00f1o Oscuro.<\/p>\n<p>&nbsp;<\/p>\n","protected":false},"featured_media":2186,"template":"","meta":{"_acf_changed":false,"inline_featured_image":false,"_genesis_hide_title":false,"_genesis_hide_breadcrumbs":false,"_genesis_hide_singular_image":false,"_genesis_hide_footer_widgets":false,"_genesis_custom_body_class":"","_genesis_custom_post_class":"","_genesis_layout":"","_links_to":"","_links_to_target":""},"product_brand":[],"product_cat":[82],"product_tag":[],"class_list":{"0":"post-6075","1":"product","2":"type-product","3":"status-publish","4":"has-post-thumbnail","6":"product_cat-mesas-altas","7":"entry","9":"first","10":"instock","11":"shipping-taxable","12":"product-type-simple"},"acf":[],"yoast_head":"<!-- This site is optimized with the Yoast SEO plugin v26.2 - https:\/\/yoast.com\/wordpress\/plugins\/seo\/ -->\n<title>MESAS ALTAS CON PIE CENTRAL - francmobiliari.com<\/title>\n<meta name=\"robots\" content=\"index, follow, max-snippet:-1, max-image-preview:large, max-video-preview:-1\" \/>\n<link rel=\"canonical\" href=\"https:\/\/www.francmobiliari.com\/es\/producto\/mesas-altas-con-pie-central\/\" \/>\n<meta property=\"og:locale\" content=\"es_ES\" \/>\n<meta property=\"og:type\" content=\"article\" \/>\n<meta property=\"og:title\" content=\"MESAS ALTAS CON PIE CENTRAL - francmobiliari.com\" \/>\n<meta property=\"og:description\" content=\"Las series Lara y Rol ofrecen mesas altas de 105 cm, con sobres redondos o cuadrados y pie central cil\u00edndrico, con base circular.   CAT\u00c1LOGO LARA ALTA  CAT\u00c1LOGO MESAS ALTAS  FICHA T\u00c9CNICA ROL ALTA    SERIE LARA  Mesas fabricadas con estructura met\u00e1lica de pie central con base cuadrada o circular y sobre de melamina de 25 mm o fen\u00f3lico de 12 mm.  ACABADOS ESTRUCTURA: Blanco (RAL 9003), Grafito Texturizado, Plata (RAL 9006) y Negro (RAL 9005).  ACABADOS MELAMINA: Caviar, Cerezo, Acacia, Haya, Arce, Blanco, Gris, Roble, Gris y Nogal.  ACABADOS FEN\u00d3LICO: Blanco, Gris, Grafito y Negro.     SERIE ROL  Mesas fabricadas con estructura met\u00e1lica de pie central con base cuadrada o circular y sobre de melamina o estratificado de 25 mm.  ACABADOS ESTRUCTURA: Plata (RAL 9006), Blanco (RAL 9016) y Grafito (RAL 7022).  ACABADOS MELAMINA Y ESTRATIFICADO: Grafito, Blanco, Gris, Haya, Roble, Peral, Wengu\u00e9, Acacia Clara, Acacia Oscura, Zebrano, Casta\u00f1o Claro o Casta\u00f1o Oscuro.  &nbsp;\" \/>\n<meta property=\"og:url\" content=\"https:\/\/www.francmobiliari.com\/es\/producto\/mesas-altas-con-pie-central\/\" \/>\n<meta property=\"og:site_name\" content=\"francmobiliari.com\" \/>\n<meta property=\"article:modified_time\" content=\"2025-09-11T15:46:56+00:00\" \/>\n<meta property=\"og:image\" content=\"https:\/\/www.francmobiliari.com\/wp-content\/uploads\/2025\/07\/MINIATURA-TAULES-ALTES-AMB-PEU-CENTRAL.jpg\" \/>\n\t<meta property=\"og:image:width\" content=\"1920\" \/>\n\t<meta property=\"og:image:height\" content=\"1080\" \/>\n\t<meta property=\"og:image:type\" content=\"image\/jpeg\" \/>\n<meta name=\"twitter:card\" content=\"summary_large_image\" \/>\n<script type=\"application\/ld+json\" class=\"yoast-schema-graph\">{\"@context\":\"https:\/\/schema.org\",\"@graph\":[{\"@type\":\"WebPage\",\"@id\":\"https:\/\/www.francmobiliari.com\/es\/producto\/mesas-altas-con-pie-central\/\",\"url\":\"https:\/\/www.francmobiliari.com\/es\/producto\/mesas-altas-con-pie-central\/\",\"name\":\"MESAS ALTAS CON PIE CENTRAL - francmobiliari.com\",\"isPartOf\":{\"@id\":\"https:\/\/www.francmobiliari.com\/#website\"},\"primaryImageOfPage\":{\"@id\":\"https:\/\/www.francmobiliari.com\/es\/producto\/mesas-altas-con-pie-central\/#primaryimage\"},\"image\":{\"@id\":\"https:\/\/www.francmobiliari.com\/es\/producto\/mesas-altas-con-pie-central\/#primaryimage\"},\"thumbnailUrl\":\"https:\/\/www.francmobiliari.com\/wp-content\/uploads\/2025\/07\/MINIATURA-TAULES-ALTES-AMB-PEU-CENTRAL.jpg\",\"datePublished\":\"2025-07-17T15:38:13+00:00\",\"dateModified\":\"2025-09-11T15:46:56+00:00\",\"breadcrumb\":{\"@id\":\"https:\/\/www.francmobiliari.com\/es\/producto\/mesas-altas-con-pie-central\/#breadcrumb\"},\"inLanguage\":\"es\",\"potentialAction\":[{\"@type\":\"ReadAction\",\"target\":[\"https:\/\/www.francmobiliari.com\/es\/producto\/mesas-altas-con-pie-central\/\"]}]},{\"@type\":\"ImageObject\",\"inLanguage\":\"es\",\"@id\":\"https:\/\/www.francmobiliari.com\/es\/producto\/mesas-altas-con-pie-central\/#primaryimage\",\"url\":\"https:\/\/www.francmobiliari.com\/wp-content\/uploads\/2025\/07\/MINIATURA-TAULES-ALTES-AMB-PEU-CENTRAL.jpg\",\"contentUrl\":\"https:\/\/www.francmobiliari.com\/wp-content\/uploads\/2025\/07\/MINIATURA-TAULES-ALTES-AMB-PEU-CENTRAL.jpg\",\"width\":1920,\"height\":1080},{\"@type\":\"BreadcrumbList\",\"@id\":\"https:\/\/www.francmobiliari.com\/es\/producto\/mesas-altas-con-pie-central\/#breadcrumb\",\"itemListElement\":[{\"@type\":\"ListItem\",\"position\":1,\"name\":\"Portada\",\"item\":\"https:\/\/www.francmobiliari.com\/es\/inicio\/\"},{\"@type\":\"ListItem\",\"position\":2,\"name\":\"Tienda\",\"item\":\"https:\/\/www.francmobiliari.com\/es\/tienda\/\"},{\"@type\":\"ListItem\",\"position\":3,\"name\":\"MESAS ALTAS CON PIE CENTRAL\"}]},{\"@type\":\"WebSite\",\"@id\":\"https:\/\/www.francmobiliari.com\/#website\",\"url\":\"https:\/\/www.francmobiliari.com\/\",\"name\":\"francmobiliari.com\",\"description\":\"\",\"publisher\":{\"@id\":\"https:\/\/www.francmobiliari.com\/#organization\"},\"potentialAction\":[{\"@type\":\"SearchAction\",\"target\":{\"@type\":\"EntryPoint\",\"urlTemplate\":\"https:\/\/www.francmobiliari.com\/?s={search_term_string}\"},\"query-input\":{\"@type\":\"PropertyValueSpecification\",\"valueRequired\":true,\"valueName\":\"search_term_string\"}}],\"inLanguage\":\"es\"},{\"@type\":\"Organization\",\"@id\":\"https:\/\/www.francmobiliari.com\/#organization\",\"name\":\"francmobiliari.com\",\"url\":\"https:\/\/www.francmobiliari.com\/\",\"logo\":{\"@type\":\"ImageObject\",\"inLanguage\":\"es\",\"@id\":\"https:\/\/www.francmobiliari.com\/#\/schema\/logo\/image\/\",\"url\":\"https:\/\/www.francmobiliari.com\/wp-content\/uploads\/2025\/07\/img-placeholder.png\",\"contentUrl\":\"https:\/\/www.francmobiliari.com\/wp-content\/uploads\/2025\/07\/img-placeholder.png\",\"width\":1500,\"height\":1500,\"caption\":\"francmobiliari.com\"},\"image\":{\"@id\":\"https:\/\/www.francmobiliari.com\/#\/schema\/logo\/image\/\"}}]}<\/script>\n<!-- \/ Yoast SEO plugin. -->","yoast_head_json":{"title":"MESAS ALTAS CON PIE CENTRAL - francmobiliari.com","robots":{"index":"index","follow":"follow","max-snippet":"max-snippet:-1","max-image-preview":"max-image-preview:large","max-video-preview":"max-video-preview:-1"},"canonical":"https:\/\/www.francmobiliari.com\/es\/producto\/mesas-altas-con-pie-central\/","og_locale":"es_ES","og_type":"article","og_title":"MESAS ALTAS CON PIE CENTRAL - francmobiliari.com","og_description":"Las series Lara y Rol ofrecen mesas altas de 105 cm, con sobres redondos o cuadrados y pie central cil\u00edndrico, con base circular.   CAT\u00c1LOGO LARA ALTA  CAT\u00c1LOGO MESAS ALTAS  FICHA T\u00c9CNICA ROL ALTA    SERIE LARA  Mesas fabricadas con estructura met\u00e1lica de pie central con base cuadrada o circular y sobre de melamina de 25 mm o fen\u00f3lico de 12 mm.  ACABADOS ESTRUCTURA: Blanco (RAL 9003), Grafito Texturizado, Plata (RAL 9006) y Negro (RAL 9005).  ACABADOS MELAMINA: Caviar, Cerezo, Acacia, Haya, Arce, Blanco, Gris, Roble, Gris y Nogal.  ACABADOS FEN\u00d3LICO: Blanco, Gris, Grafito y Negro.     SERIE ROL  Mesas fabricadas con estructura met\u00e1lica de pie central con base cuadrada o circular y sobre de melamina o estratificado de 25 mm.  ACABADOS ESTRUCTURA: Plata (RAL 9006), Blanco (RAL 9016) y Grafito (RAL 7022).  ACABADOS MELAMINA Y ESTRATIFICADO: Grafito, Blanco, Gris, Haya, Roble, Peral, Wengu\u00e9, Acacia Clara, Acacia Oscura, Zebrano, Casta\u00f1o Claro o Casta\u00f1o Oscuro.  &nbsp;","og_url":"https:\/\/www.francmobiliari.com\/es\/producto\/mesas-altas-con-pie-central\/","og_site_name":"francmobiliari.com","article_modified_time":"2025-09-11T15:46:56+00:00","og_image":[{"width":1920,"height":1080,"url":"https:\/\/www.francmobiliari.com\/wp-content\/uploads\/2025\/07\/MINIATURA-TAULES-ALTES-AMB-PEU-CENTRAL.jpg","type":"image\/jpeg"}],"twitter_card":"summary_large_image","schema":{"@context":"https:\/\/schema.org","@graph":[{"@type":"WebPage","@id":"https:\/\/www.francmobiliari.com\/es\/producto\/mesas-altas-con-pie-central\/","url":"https:\/\/www.francmobiliari.com\/es\/producto\/mesas-altas-con-pie-central\/","name":"MESAS ALTAS CON PIE CENTRAL - francmobiliari.com","isPartOf":{"@id":"https:\/\/www.francmobiliari.com\/#website"},"primaryImageOfPage":{"@id":"https:\/\/www.francmobiliari.com\/es\/producto\/mesas-altas-con-pie-central\/#primaryimage"},"image":{"@id":"https:\/\/www.francmobiliari.com\/es\/producto\/mesas-altas-con-pie-central\/#primaryimage"},"thumbnailUrl":"https:\/\/www.francmobiliari.com\/wp-content\/uploads\/2025\/07\/MINIATURA-TAULES-ALTES-AMB-PEU-CENTRAL.jpg","datePublished":"2025-07-17T15:38:13+00:00","dateModified":"2025-09-11T15:46:56+00:00","breadcrumb":{"@id":"https:\/\/www.francmobiliari.com\/es\/producto\/mesas-altas-con-pie-central\/#breadcrumb"},"inLanguage":"es","potentialAction":[{"@type":"ReadAction","target":["https:\/\/www.francmobiliari.com\/es\/producto\/mesas-altas-con-pie-central\/"]}]},{"@type":"ImageObject","inLanguage":"es","@id":"https:\/\/www.francmobiliari.com\/es\/producto\/mesas-altas-con-pie-central\/#primaryimage","url":"https:\/\/www.francmobiliari.com\/wp-content\/uploads\/2025\/07\/MINIATURA-TAULES-ALTES-AMB-PEU-CENTRAL.jpg","contentUrl":"https:\/\/www.francmobiliari.com\/wp-content\/uploads\/2025\/07\/MINIATURA-TAULES-ALTES-AMB-PEU-CENTRAL.jpg","width":1920,"height":1080},{"@type":"BreadcrumbList","@id":"https:\/\/www.francmobiliari.com\/es\/producto\/mesas-altas-con-pie-central\/#breadcrumb","itemListElement":[{"@type":"ListItem","position":1,"name":"Portada","item":"https:\/\/www.francmobiliari.com\/es\/inicio\/"},{"@type":"ListItem","position":2,"name":"Tienda","item":"https:\/\/www.francmobiliari.com\/es\/tienda\/"},{"@type":"ListItem","position":3,"name":"MESAS ALTAS CON PIE CENTRAL"}]},{"@type":"WebSite","@id":"https:\/\/www.francmobiliari.com\/#website","url":"https:\/\/www.francmobiliari.com\/","name":"francmobiliari.com","description":"","publisher":{"@id":"https:\/\/www.francmobiliari.com\/#organization"},"potentialAction":[{"@type":"SearchAction","target":{"@type":"EntryPoint","urlTemplate":"https:\/\/www.francmobiliari.com\/?s={search_term_string}"},"query-input":{"@type":"PropertyValueSpecification","valueRequired":true,"valueName":"search_term_string"}}],"inLanguage":"es"},{"@type":"Organization","@id":"https:\/\/www.francmobiliari.com\/#organization","name":"francmobiliari.com","url":"https:\/\/www.francmobiliari.com\/","logo":{"@type":"ImageObject","inLanguage":"es","@id":"https:\/\/www.francmobiliari.com\/#\/schema\/logo\/image\/","url":"https:\/\/www.francmobiliari.com\/wp-content\/uploads\/2025\/07\/img-placeholder.png","contentUrl":"https:\/\/www.francmobiliari.com\/wp-content\/uploads\/2025\/07\/img-placeholder.png","width":1500,"height":1500,"caption":"francmobiliari.com"},"image":{"@id":"https:\/\/www.francmobiliari.com\/#\/schema\/logo\/image\/"}}]}},"_links":{"self":[{"href":"https:\/\/www.francmobiliari.com\/es\/wp-json\/wp\/v2\/product\/6075","targetHints":{"allow":["GET"]}}],"collection":[{"href":"https:\/\/www.francmobiliari.com\/es\/wp-json\/wp\/v2\/product"}],"about":[{"href":"https:\/\/www.francmobiliari.com\/es\/wp-json\/wp\/v2\/types\/product"}],"wp:featuredmedia":[{"embeddable":true,"href":"https:\/\/www.francmobiliari.com\/es\/wp-json\/wp\/v2\/media\/2186"}],"wp:attachment":[{"href":"https:\/\/www.francmobiliari.com\/es\/wp-json\/wp\/v2\/media?parent=6075"}],"wp:term":[{"taxonomy":"product_brand","embeddable":true,"href":"https:\/\/www.francmobiliari.com\/es\/wp-json\/wp\/v2\/product_brand?post=6075"},{"taxonomy":"product_cat","embeddable":true,"href":"https:\/\/www.francmobiliari.com\/es\/wp-json\/wp\/v2\/product_cat?post=6075"},{"taxonomy":"product_tag","embeddable":true,"href":"https:\/\/www.francmobiliari.com\/es\/wp-json\/wp\/v2\/product_tag?post=6075"}],"curies":[{"name":"wp","href":"https:\/\/api.w.org\/{rel}","templated":true}]}}