{"id":6072,"date":"2025-07-17T17:38:13","date_gmt":"2025-07-17T15:38:13","guid":{"rendered":"https:\/\/www.francmobiliari.com\/producto\/mesas-altas-con-estructura-metalica\/"},"modified":"2025-09-11T17:46:06","modified_gmt":"2025-09-11T15:46:06","slug":"mesas-altas-con-estructura-metalica","status":"publish","type":"product","link":"https:\/\/www.francmobiliari.com\/es\/producto\/mesas-altas-con-estructura-metalica\/","title":{"rendered":"MESAS ALTAS CON ESTRUCTURA MET\u00c1LICA"},"content":{"rendered":false,"protected":false},"excerpt":{"rendered":"<p>Las series Max, Star, Tempo, Line o Eco ofrecen mesas con estructura met\u00e1lica de diferentes tipos (de 4 patas, patas cerradas, con travesa\u00f1o central\u2026). Altura 105 cm. Tableros de melamina de diferentes colores.<\/p>\n<ul>\n<li><a style=\"color: var(--wd-text-color);\" href=\"https:\/\/www.francmobiliari.com\/wp-content\/uploads\/2022\/11\/CATALEG-TAULES-ALTES-3.pdf\" target=\"_blank\" rel=\"noopener\">CAT\u00c1LOGO MESAS ALTAS<\/a><\/li>\n<li><a style=\"color: var(--wd-text-color);\" href=\"https:\/\/www.francmobiliari.com\/wp-content\/uploads\/2022\/11\/FITXA-TECNICA-MAX-RECTANGULAR-TAULA-ALTA.pdf\" target=\"_blank\" rel=\"noopener\">FICHA T\u00c9CNICA MAX RECTANGULAR MESA ALTA<\/a><\/li>\n<li><a style=\"color: var(--wd-text-color);\" href=\"https:\/\/www.francmobiliari.com\/wp-content\/uploads\/2022\/11\/FITXA-TECNICA-MAX-RODONA-TAULA-ALTA.pdf\" target=\"_blank\" rel=\"noopener\">FICHA T\u00c9CNICA MAX REDONDA MESA ALTA<\/a><\/li>\n<li><a style=\"color: var(--wd-text-color);\" href=\"https:\/\/www.francmobiliari.com\/wp-content\/uploads\/2022\/11\/FITXA-TECNICA-STAR-TAULA-ALTA.pdf\" target=\"_blank\" rel=\"noopener\">FICHA T\u00c9CNICA STAR MESA ALTA<\/a><\/li>\n<li><a style=\"color: var(--wd-text-color);\" href=\"https:\/\/www.francmobiliari.com\/wp-content\/uploads\/2022\/11\/FITXA-TECNICA-TEMPO-TAULA-ALTA.pdf\" target=\"_blank\" rel=\"noopener\">FICHA T\u00c9CNICA TEMPO MESA ALTA<\/a><\/li>\n<\/ul>\n<p><img loading=\"lazy\" decoding=\"async\" class=\"alignnone wp-image-15874\" src=\"https:\/\/www.francmobiliari.com\/wp-content\/uploads\/2025\/07\/FITXA-TECNICA-ECO-ALTA-212x300.jpg\" alt=\"\" width=\"178\" height=\"252\" \/><\/p>\n<p><strong>SERIE MAX<\/strong><\/p>\n<p>Mesas fabricadas con estructura met\u00e1lica y tablero de melamina o estratificado de 25 mm.<\/p>\n<p>ACABADOS ESTRUCTURA: Plata (RAL 9006), Blanco (RAL 9016) y Grafito (RAL 7022).<\/p>\n<p>ACABADOS MELAMINA Y ESTRATIFICADO: Grafito, Blanco, Gris, Haya, Roble, Peral, Wengu\u00e9, Acacia Clara, Acacia Oscura, Zebrano, Casta\u00f1o Claro o Casta\u00f1o Oscuro.<\/p>\n<ul style=\"list-style: none;\">\n<li><\/li>\n<\/ul>\n<p><strong>SERIE STAR Y SERIE TEMPO<\/strong><\/p>\n<p>Mesas fabricadas con estructura met\u00e1lica y tablero de melamina o estratificado de 25 mm.<\/p>\n<p>ACABADOS ESTRUCTURA: Plata (RAL 9006), Blanco (RAL 9016) y Grafito (RAL 7022).<\/p>\n<p>ACABADOS MELAMINA Y ESTRATIFICADO: Grafito, Blanco, Gris, Haya, Roble, Peral, Wengu\u00e9, Acacia Clara, Acacia Oscura, Zebrano, Casta\u00f1o Claro o Casta\u00f1o Oscuro.<\/p>\n<ul style=\"list-style: none;\">\n<li><\/li>\n<\/ul>\n<p><strong>SERIE LINE<\/strong><\/p>\n<p>Mesas fabricadas con estructura met\u00e1lica y tablero de melamina de 19 o 25 mm.<\/p>\n<p>ACABADOS ESTRUCTURA: Plata (RAL 9006), Blanco (RAL 9010), Negro (RAL 9011), Grafito, Teja (RAL 3016), Verde (RAL 6021), Amarillo (RAL 1032) y Azul (RAL 5022).<\/p>\n<p>ACABADOS MELAMINA: Blanco, Gris, Grafito, Azul, Peral, Haya, Roble y Casta\u00f1o.<\/p>\n<ul style=\"list-style: none;\">\n<li><\/li>\n<\/ul>\n<p><strong>SERIE ECO<\/strong><\/p>\n<p>Mesas fabricadas con estructura met\u00e1lica y tablero de melamina de 25 mm.<\/p>\n<p>ACABADOS ESTRUCTURA: Plata (RAL 9006), Blanco (RAL 9003), Negro (RAL 9005) y Grafito Texturizado.<\/p>\n<p>ACABADOS MELAMINA: Caviar, Cerezo, Acacia, Haya, Arce, Blanco, Gris, Roble, Gris y Nogal.<\/p>\n<ul style=\"list-style: none;\">\n<li><\/li>\n<\/ul>\n","protected":false},"featured_media":2166,"template":"","meta":{"_acf_changed":false,"inline_featured_image":false,"_genesis_hide_title":false,"_genesis_hide_breadcrumbs":false,"_genesis_hide_singular_image":false,"_genesis_hide_footer_widgets":false,"_genesis_custom_body_class":"","_genesis_custom_post_class":"","_genesis_layout":"","_links_to":"","_links_to_target":""},"product_brand":[],"product_cat":[82],"product_tag":[],"class_list":{"0":"post-6072","1":"product","2":"type-product","3":"status-publish","4":"has-post-thumbnail","6":"product_cat-mesas-altas","7":"entry","9":"first","10":"instock","11":"shipping-taxable","12":"product-type-simple"},"acf":[],"yoast_head":"<!-- This site is optimized with the Yoast SEO plugin v26.2 - https:\/\/yoast.com\/wordpress\/plugins\/seo\/ -->\n<title>MESAS ALTAS CON ESTRUCTURA MET\u00c1LICA - francmobiliari.com<\/title>\n<meta name=\"robots\" content=\"index, follow, max-snippet:-1, max-image-preview:large, max-video-preview:-1\" \/>\n<link rel=\"canonical\" href=\"https:\/\/www.francmobiliari.com\/es\/producto\/mesas-altas-con-estructura-metalica\/\" \/>\n<meta property=\"og:locale\" content=\"es_ES\" \/>\n<meta property=\"og:type\" content=\"article\" \/>\n<meta property=\"og:title\" content=\"MESAS ALTAS CON ESTRUCTURA MET\u00c1LICA - francmobiliari.com\" \/>\n<meta property=\"og:description\" content=\"Las series Max, Star, Tempo, Line o Eco ofrecen mesas con estructura met\u00e1lica de diferentes tipos (de 4 patas, patas cerradas, con travesa\u00f1o central\u2026). Altura 105 cm. Tableros de melamina de diferentes colores.   CAT\u00c1LOGO MESAS ALTAS  FICHA T\u00c9CNICA MAX RECTANGULAR MESA ALTA  FICHA T\u00c9CNICA MAX REDONDA MESA ALTA  FICHA T\u00c9CNICA STAR MESA ALTA  FICHA T\u00c9CNICA TEMPO MESA ALTA    SERIE MAX  Mesas fabricadas con estructura met\u00e1lica y tablero de melamina o estratificado de 25 mm.  ACABADOS ESTRUCTURA: Plata (RAL 9006), Blanco (RAL 9016) y Grafito (RAL 7022).  ACABADOS MELAMINA Y ESTRATIFICADO: Grafito, Blanco, Gris, Haya, Roble, Peral, Wengu\u00e9, Acacia Clara, Acacia Oscura, Zebrano, Casta\u00f1o Claro o Casta\u00f1o Oscuro.     SERIE STAR Y SERIE TEMPO  Mesas fabricadas con estructura met\u00e1lica y tablero de melamina o estratificado de 25 mm.  ACABADOS ESTRUCTURA: Plata (RAL 9006), Blanco (RAL 9016) y Grafito (RAL 7022).  ACABADOS MELAMINA Y ESTRATIFICADO: Grafito, Blanco, Gris, Haya, Roble, Peral, Wengu\u00e9, Acacia Clara, Acacia Oscura, Zebrano, Casta\u00f1o Claro o Casta\u00f1o Oscuro.     SERIE LINE  Mesas fabricadas con estructura met\u00e1lica y tablero de melamina de 19 o 25 mm.  ACABADOS ESTRUCTURA: Plata (RAL 9006), Blanco (RAL 9010), Negro (RAL 9011), Grafito, Teja (RAL 3016), Verde (RAL 6021), Amarillo (RAL 1032) y Azul (RAL 5022).  ACABADOS MELAMINA: Blanco, Gris, Grafito, Azul, Peral, Haya, Roble y Casta\u00f1o.     SERIE ECO  Mesas fabricadas con estructura met\u00e1lica y tablero de melamina de 25 mm.  ACABADOS ESTRUCTURA: Plata (RAL 9006), Blanco (RAL 9003), Negro (RAL 9005) y Grafito Texturizado.  ACABADOS MELAMINA: Caviar, Cerezo, Acacia, Haya, Arce, Blanco, Gris, Roble, Gris y Nogal.\" \/>\n<meta property=\"og:url\" content=\"https:\/\/www.francmobiliari.com\/es\/producto\/mesas-altas-con-estructura-metalica\/\" \/>\n<meta property=\"og:site_name\" content=\"francmobiliari.com\" \/>\n<meta property=\"article:modified_time\" content=\"2025-09-11T15:46:06+00:00\" \/>\n<meta property=\"og:image\" content=\"https:\/\/www.francmobiliari.com\/wp-content\/uploads\/2025\/07\/MINIATURA-TAULES-ALTES-ESTRUCTURA-METAL.LICA_.jpg\" \/>\n\t<meta property=\"og:image:width\" content=\"900\" \/>\n\t<meta property=\"og:image:height\" content=\"520\" \/>\n\t<meta property=\"og:image:type\" content=\"image\/jpeg\" \/>\n<meta name=\"twitter:card\" content=\"summary_large_image\" \/>\n<script type=\"application\/ld+json\" class=\"yoast-schema-graph\">{\"@context\":\"https:\/\/schema.org\",\"@graph\":[{\"@type\":\"WebPage\",\"@id\":\"https:\/\/www.francmobiliari.com\/es\/producto\/mesas-altas-con-estructura-metalica\/\",\"url\":\"https:\/\/www.francmobiliari.com\/es\/producto\/mesas-altas-con-estructura-metalica\/\",\"name\":\"MESAS ALTAS CON ESTRUCTURA MET\u00c1LICA - francmobiliari.com\",\"isPartOf\":{\"@id\":\"https:\/\/www.francmobiliari.com\/#website\"},\"primaryImageOfPage\":{\"@id\":\"https:\/\/www.francmobiliari.com\/es\/producto\/mesas-altas-con-estructura-metalica\/#primaryimage\"},\"image\":{\"@id\":\"https:\/\/www.francmobiliari.com\/es\/producto\/mesas-altas-con-estructura-metalica\/#primaryimage\"},\"thumbnailUrl\":\"https:\/\/www.francmobiliari.com\/wp-content\/uploads\/2025\/07\/MINIATURA-TAULES-ALTES-ESTRUCTURA-METAL.LICA_.jpg\",\"datePublished\":\"2025-07-17T15:38:13+00:00\",\"dateModified\":\"2025-09-11T15:46:06+00:00\",\"breadcrumb\":{\"@id\":\"https:\/\/www.francmobiliari.com\/es\/producto\/mesas-altas-con-estructura-metalica\/#breadcrumb\"},\"inLanguage\":\"es\",\"potentialAction\":[{\"@type\":\"ReadAction\",\"target\":[\"https:\/\/www.francmobiliari.com\/es\/producto\/mesas-altas-con-estructura-metalica\/\"]}]},{\"@type\":\"ImageObject\",\"inLanguage\":\"es\",\"@id\":\"https:\/\/www.francmobiliari.com\/es\/producto\/mesas-altas-con-estructura-metalica\/#primaryimage\",\"url\":\"https:\/\/www.francmobiliari.com\/wp-content\/uploads\/2025\/07\/MINIATURA-TAULES-ALTES-ESTRUCTURA-METAL.LICA_.jpg\",\"contentUrl\":\"https:\/\/www.francmobiliari.com\/wp-content\/uploads\/2025\/07\/MINIATURA-TAULES-ALTES-ESTRUCTURA-METAL.LICA_.jpg\",\"width\":900,\"height\":520},{\"@type\":\"BreadcrumbList\",\"@id\":\"https:\/\/www.francmobiliari.com\/es\/producto\/mesas-altas-con-estructura-metalica\/#breadcrumb\",\"itemListElement\":[{\"@type\":\"ListItem\",\"position\":1,\"name\":\"Portada\",\"item\":\"https:\/\/www.francmobiliari.com\/es\/inicio\/\"},{\"@type\":\"ListItem\",\"position\":2,\"name\":\"Tienda\",\"item\":\"https:\/\/www.francmobiliari.com\/es\/tienda\/\"},{\"@type\":\"ListItem\",\"position\":3,\"name\":\"MESAS ALTAS CON ESTRUCTURA MET\u00c1LICA\"}]},{\"@type\":\"WebSite\",\"@id\":\"https:\/\/www.francmobiliari.com\/#website\",\"url\":\"https:\/\/www.francmobiliari.com\/\",\"name\":\"francmobiliari.com\",\"description\":\"\",\"publisher\":{\"@id\":\"https:\/\/www.francmobiliari.com\/#organization\"},\"potentialAction\":[{\"@type\":\"SearchAction\",\"target\":{\"@type\":\"EntryPoint\",\"urlTemplate\":\"https:\/\/www.francmobiliari.com\/?s={search_term_string}\"},\"query-input\":{\"@type\":\"PropertyValueSpecification\",\"valueRequired\":true,\"valueName\":\"search_term_string\"}}],\"inLanguage\":\"es\"},{\"@type\":\"Organization\",\"@id\":\"https:\/\/www.francmobiliari.com\/#organization\",\"name\":\"francmobiliari.com\",\"url\":\"https:\/\/www.francmobiliari.com\/\",\"logo\":{\"@type\":\"ImageObject\",\"inLanguage\":\"es\",\"@id\":\"https:\/\/www.francmobiliari.com\/#\/schema\/logo\/image\/\",\"url\":\"https:\/\/www.francmobiliari.com\/wp-content\/uploads\/2025\/07\/img-placeholder.png\",\"contentUrl\":\"https:\/\/www.francmobiliari.com\/wp-content\/uploads\/2025\/07\/img-placeholder.png\",\"width\":1500,\"height\":1500,\"caption\":\"francmobiliari.com\"},\"image\":{\"@id\":\"https:\/\/www.francmobiliari.com\/#\/schema\/logo\/image\/\"}}]}<\/script>\n<!-- \/ Yoast SEO plugin. -->","yoast_head_json":{"title":"MESAS ALTAS CON ESTRUCTURA MET\u00c1LICA - francmobiliari.com","robots":{"index":"index","follow":"follow","max-snippet":"max-snippet:-1","max-image-preview":"max-image-preview:large","max-video-preview":"max-video-preview:-1"},"canonical":"https:\/\/www.francmobiliari.com\/es\/producto\/mesas-altas-con-estructura-metalica\/","og_locale":"es_ES","og_type":"article","og_title":"MESAS ALTAS CON ESTRUCTURA MET\u00c1LICA - francmobiliari.com","og_description":"Las series Max, Star, Tempo, Line o Eco ofrecen mesas con estructura met\u00e1lica de diferentes tipos (de 4 patas, patas cerradas, con travesa\u00f1o central\u2026). Altura 105 cm. Tableros de melamina de diferentes colores.   CAT\u00c1LOGO MESAS ALTAS  FICHA T\u00c9CNICA MAX RECTANGULAR MESA ALTA  FICHA T\u00c9CNICA MAX REDONDA MESA ALTA  FICHA T\u00c9CNICA STAR MESA ALTA  FICHA T\u00c9CNICA TEMPO MESA ALTA    SERIE MAX  Mesas fabricadas con estructura met\u00e1lica y tablero de melamina o estratificado de 25 mm.  ACABADOS ESTRUCTURA: Plata (RAL 9006), Blanco (RAL 9016) y Grafito (RAL 7022).  ACABADOS MELAMINA Y ESTRATIFICADO: Grafito, Blanco, Gris, Haya, Roble, Peral, Wengu\u00e9, Acacia Clara, Acacia Oscura, Zebrano, Casta\u00f1o Claro o Casta\u00f1o Oscuro.     SERIE STAR Y SERIE TEMPO  Mesas fabricadas con estructura met\u00e1lica y tablero de melamina o estratificado de 25 mm.  ACABADOS ESTRUCTURA: Plata (RAL 9006), Blanco (RAL 9016) y Grafito (RAL 7022).  ACABADOS MELAMINA Y ESTRATIFICADO: Grafito, Blanco, Gris, Haya, Roble, Peral, Wengu\u00e9, Acacia Clara, Acacia Oscura, Zebrano, Casta\u00f1o Claro o Casta\u00f1o Oscuro.     SERIE LINE  Mesas fabricadas con estructura met\u00e1lica y tablero de melamina de 19 o 25 mm.  ACABADOS ESTRUCTURA: Plata (RAL 9006), Blanco (RAL 9010), Negro (RAL 9011), Grafito, Teja (RAL 3016), Verde (RAL 6021), Amarillo (RAL 1032) y Azul (RAL 5022).  ACABADOS MELAMINA: Blanco, Gris, Grafito, Azul, Peral, Haya, Roble y Casta\u00f1o.     SERIE ECO  Mesas fabricadas con estructura met\u00e1lica y tablero de melamina de 25 mm.  ACABADOS ESTRUCTURA: Plata (RAL 9006), Blanco (RAL 9003), Negro (RAL 9005) y Grafito Texturizado.  ACABADOS MELAMINA: Caviar, Cerezo, Acacia, Haya, Arce, Blanco, Gris, Roble, Gris y Nogal.","og_url":"https:\/\/www.francmobiliari.com\/es\/producto\/mesas-altas-con-estructura-metalica\/","og_site_name":"francmobiliari.com","article_modified_time":"2025-09-11T15:46:06+00:00","og_image":[{"width":900,"height":520,"url":"https:\/\/www.francmobiliari.com\/wp-content\/uploads\/2025\/07\/MINIATURA-TAULES-ALTES-ESTRUCTURA-METAL.LICA_.jpg","type":"image\/jpeg"}],"twitter_card":"summary_large_image","schema":{"@context":"https:\/\/schema.org","@graph":[{"@type":"WebPage","@id":"https:\/\/www.francmobiliari.com\/es\/producto\/mesas-altas-con-estructura-metalica\/","url":"https:\/\/www.francmobiliari.com\/es\/producto\/mesas-altas-con-estructura-metalica\/","name":"MESAS ALTAS CON ESTRUCTURA MET\u00c1LICA - francmobiliari.com","isPartOf":{"@id":"https:\/\/www.francmobiliari.com\/#website"},"primaryImageOfPage":{"@id":"https:\/\/www.francmobiliari.com\/es\/producto\/mesas-altas-con-estructura-metalica\/#primaryimage"},"image":{"@id":"https:\/\/www.francmobiliari.com\/es\/producto\/mesas-altas-con-estructura-metalica\/#primaryimage"},"thumbnailUrl":"https:\/\/www.francmobiliari.com\/wp-content\/uploads\/2025\/07\/MINIATURA-TAULES-ALTES-ESTRUCTURA-METAL.LICA_.jpg","datePublished":"2025-07-17T15:38:13+00:00","dateModified":"2025-09-11T15:46:06+00:00","breadcrumb":{"@id":"https:\/\/www.francmobiliari.com\/es\/producto\/mesas-altas-con-estructura-metalica\/#breadcrumb"},"inLanguage":"es","potentialAction":[{"@type":"ReadAction","target":["https:\/\/www.francmobiliari.com\/es\/producto\/mesas-altas-con-estructura-metalica\/"]}]},{"@type":"ImageObject","inLanguage":"es","@id":"https:\/\/www.francmobiliari.com\/es\/producto\/mesas-altas-con-estructura-metalica\/#primaryimage","url":"https:\/\/www.francmobiliari.com\/wp-content\/uploads\/2025\/07\/MINIATURA-TAULES-ALTES-ESTRUCTURA-METAL.LICA_.jpg","contentUrl":"https:\/\/www.francmobiliari.com\/wp-content\/uploads\/2025\/07\/MINIATURA-TAULES-ALTES-ESTRUCTURA-METAL.LICA_.jpg","width":900,"height":520},{"@type":"BreadcrumbList","@id":"https:\/\/www.francmobiliari.com\/es\/producto\/mesas-altas-con-estructura-metalica\/#breadcrumb","itemListElement":[{"@type":"ListItem","position":1,"name":"Portada","item":"https:\/\/www.francmobiliari.com\/es\/inicio\/"},{"@type":"ListItem","position":2,"name":"Tienda","item":"https:\/\/www.francmobiliari.com\/es\/tienda\/"},{"@type":"ListItem","position":3,"name":"MESAS ALTAS CON ESTRUCTURA MET\u00c1LICA"}]},{"@type":"WebSite","@id":"https:\/\/www.francmobiliari.com\/#website","url":"https:\/\/www.francmobiliari.com\/","name":"francmobiliari.com","description":"","publisher":{"@id":"https:\/\/www.francmobiliari.com\/#organization"},"potentialAction":[{"@type":"SearchAction","target":{"@type":"EntryPoint","urlTemplate":"https:\/\/www.francmobiliari.com\/?s={search_term_string}"},"query-input":{"@type":"PropertyValueSpecification","valueRequired":true,"valueName":"search_term_string"}}],"inLanguage":"es"},{"@type":"Organization","@id":"https:\/\/www.francmobiliari.com\/#organization","name":"francmobiliari.com","url":"https:\/\/www.francmobiliari.com\/","logo":{"@type":"ImageObject","inLanguage":"es","@id":"https:\/\/www.francmobiliari.com\/#\/schema\/logo\/image\/","url":"https:\/\/www.francmobiliari.com\/wp-content\/uploads\/2025\/07\/img-placeholder.png","contentUrl":"https:\/\/www.francmobiliari.com\/wp-content\/uploads\/2025\/07\/img-placeholder.png","width":1500,"height":1500,"caption":"francmobiliari.com"},"image":{"@id":"https:\/\/www.francmobiliari.com\/#\/schema\/logo\/image\/"}}]}},"_links":{"self":[{"href":"https:\/\/www.francmobiliari.com\/es\/wp-json\/wp\/v2\/product\/6072","targetHints":{"allow":["GET"]}}],"collection":[{"href":"https:\/\/www.francmobiliari.com\/es\/wp-json\/wp\/v2\/product"}],"about":[{"href":"https:\/\/www.francmobiliari.com\/es\/wp-json\/wp\/v2\/types\/product"}],"wp:featuredmedia":[{"embeddable":true,"href":"https:\/\/www.francmobiliari.com\/es\/wp-json\/wp\/v2\/media\/2166"}],"wp:attachment":[{"href":"https:\/\/www.francmobiliari.com\/es\/wp-json\/wp\/v2\/media?parent=6072"}],"wp:term":[{"taxonomy":"product_brand","embeddable":true,"href":"https:\/\/www.francmobiliari.com\/es\/wp-json\/wp\/v2\/product_brand?post=6072"},{"taxonomy":"product_cat","embeddable":true,"href":"https:\/\/www.francmobiliari.com\/es\/wp-json\/wp\/v2\/product_cat?post=6072"},{"taxonomy":"product_tag","embeddable":true,"href":"https:\/\/www.francmobiliari.com\/es\/wp-json\/wp\/v2\/product_tag?post=6072"}],"curies":[{"name":"wp","href":"https:\/\/api.w.org\/{rel}","templated":true}]}}