{"id":6060,"date":"2025-07-17T17:37:24","date_gmt":"2025-07-17T15:37:24","guid":{"rendered":"https:\/\/www.francmobiliari.com\/producto\/mesas-serie-t-care-electrica\/"},"modified":"2025-09-11T18:04:30","modified_gmt":"2025-09-11T16:04:30","slug":"mesas-serie-t-care-electrica","status":"publish","type":"product","link":"https:\/\/www.francmobiliari.com\/es\/producto\/mesas-serie-t-care-electrica\/","title":{"rendered":"MESAS SERIE T-CARE (EL\u00c9CTRICA)"},"content":{"rendered":false,"protected":false},"excerpt":{"rendered":"<ul>\n<li><a style=\"color: var(--wd-text-color);\" href=\"https:\/\/www.francmobiliari.com\/wp-content\/uploads\/2022\/11\/CATALEG-SERIE-T-CARE.pdf\" target=\"_blank\" rel=\"noopener\">CAT\u00c1LOGO SERIE T-CARE<\/a><\/li>\n<li><a style=\"color: var(--wd-text-color);\" href=\"https:\/\/www.francmobiliari.com\/wp-content\/uploads\/2022\/11\/FITXA-TECNICA-SERIE-T-CARE.pdf\" target=\"_blank\" rel=\"noopener\">FICHA T\u00c9CNICA SERIE T-CARE<\/a><\/li>\n<\/ul>\n<p>Mesas fabricadas con estructura en forma de \u201cT\u201d invertida con tubo de acero regulables en altura en tres tramos mediante dos motores el\u00e9ctricos. Las secciones de cada columna (de afuera hacia adentro) son de 50&#215;80 mm, 43&#215;73 mm y 37&#215;67 mm con grosor de 2 mm. Base con niveladores para regular altura \u00b1 15 mm. La altura m\u00ednima de la mesa es de 63,5 mm y la m\u00e1xima de 1285 mm.<\/p>\n<p>Las tapas de mesa elaboradas con tablero de melamina de 19 mm o 30 mm de grosor, chapado con canto de PVC de 2 mm. Fald\u00f3n opcional en melamina.<\/p>\n<p>ACABADOS ESTRUCTURA: Aluminio y Blanco.<\/p>\n<p>ACABADOS MELAMINA: Blanco, Gris, Aluminio, Arce Americano, Negro Mate, Roble, Roble Aurora, Roble Azabache o Nogal Siena.<\/p>\n<ul style=\"list-style: none;\">\n<li><\/li>\n<\/ul>\n","protected":false},"featured_media":1818,"template":"","meta":{"_acf_changed":false,"inline_featured_image":false,"_genesis_hide_title":false,"_genesis_hide_breadcrumbs":false,"_genesis_hide_singular_image":false,"_genesis_hide_footer_widgets":false,"_genesis_custom_body_class":"","_genesis_custom_post_class":"","_genesis_layout":"","_links_to":"","_links_to_target":""},"product_brand":[],"product_cat":[72],"product_tag":[],"class_list":{"0":"post-6060","1":"product","2":"type-product","3":"status-publish","4":"has-post-thumbnail","6":"product_cat-mesas-regulables","7":"entry","9":"first","10":"instock","11":"shipping-taxable","12":"product-type-simple"},"acf":[],"yoast_head":"<!-- This site is optimized with the Yoast SEO plugin v26.2 - https:\/\/yoast.com\/wordpress\/plugins\/seo\/ -->\n<title>MESAS SERIE T-CARE (EL\u00c9CTRICA) - francmobiliari.com<\/title>\n<meta name=\"robots\" content=\"index, follow, max-snippet:-1, max-image-preview:large, max-video-preview:-1\" \/>\n<link rel=\"canonical\" href=\"https:\/\/www.francmobiliari.com\/es\/producto\/mesas-serie-t-care-electrica\/\" \/>\n<meta property=\"og:locale\" content=\"es_ES\" \/>\n<meta property=\"og:type\" content=\"article\" \/>\n<meta property=\"og:title\" content=\"MESAS SERIE T-CARE (EL\u00c9CTRICA) - francmobiliari.com\" \/>\n<meta property=\"og:description\" content=\"CAT\u00c1LOGO SERIE T-CARE  FICHA T\u00c9CNICA SERIE T-CARE  Mesas fabricadas con estructura en forma de \u201cT\u201d invertida con tubo de acero regulables en altura en tres tramos mediante dos motores el\u00e9ctricos. Las secciones de cada columna (de afuera hacia adentro) son de 50x80 mm, 43x73 mm y 37x67 mm con grosor de 2 mm. Base con niveladores para regular altura \u00b1 15 mm. La altura m\u00ednima de la mesa es de 63,5 mm y la m\u00e1xima de 1285 mm.  Las tapas de mesa elaboradas con tablero de melamina de 19 mm o 30 mm de grosor, chapado con canto de PVC de 2 mm. Fald\u00f3n opcional en melamina.  ACABADOS ESTRUCTURA: Aluminio y Blanco.  ACABADOS MELAMINA: Blanco, Gris, Aluminio, Arce Americano, Negro Mate, Roble, Roble Aurora, Roble Azabache o Nogal Siena.\" \/>\n<meta property=\"og:url\" content=\"https:\/\/www.francmobiliari.com\/es\/producto\/mesas-serie-t-care-electrica\/\" \/>\n<meta property=\"og:site_name\" content=\"francmobiliari.com\" \/>\n<meta property=\"article:modified_time\" content=\"2025-09-11T16:04:30+00:00\" \/>\n<meta property=\"og:image\" content=\"https:\/\/www.francmobiliari.com\/wp-content\/uploads\/2025\/07\/MINIATURA-TAULES-T-CARE-2.jpg\" \/>\n\t<meta property=\"og:image:width\" content=\"1180\" \/>\n\t<meta property=\"og:image:height\" content=\"805\" \/>\n\t<meta property=\"og:image:type\" content=\"image\/jpeg\" \/>\n<meta name=\"twitter:card\" content=\"summary_large_image\" \/>\n<script type=\"application\/ld+json\" class=\"yoast-schema-graph\">{\"@context\":\"https:\/\/schema.org\",\"@graph\":[{\"@type\":\"WebPage\",\"@id\":\"https:\/\/www.francmobiliari.com\/es\/producto\/mesas-serie-t-care-electrica\/\",\"url\":\"https:\/\/www.francmobiliari.com\/es\/producto\/mesas-serie-t-care-electrica\/\",\"name\":\"MESAS SERIE T-CARE (EL\u00c9CTRICA) - francmobiliari.com\",\"isPartOf\":{\"@id\":\"https:\/\/www.francmobiliari.com\/#website\"},\"primaryImageOfPage\":{\"@id\":\"https:\/\/www.francmobiliari.com\/es\/producto\/mesas-serie-t-care-electrica\/#primaryimage\"},\"image\":{\"@id\":\"https:\/\/www.francmobiliari.com\/es\/producto\/mesas-serie-t-care-electrica\/#primaryimage\"},\"thumbnailUrl\":\"https:\/\/www.francmobiliari.com\/wp-content\/uploads\/2025\/07\/MINIATURA-TAULES-T-CARE-2.jpg\",\"datePublished\":\"2025-07-17T15:37:24+00:00\",\"dateModified\":\"2025-09-11T16:04:30+00:00\",\"breadcrumb\":{\"@id\":\"https:\/\/www.francmobiliari.com\/es\/producto\/mesas-serie-t-care-electrica\/#breadcrumb\"},\"inLanguage\":\"es\",\"potentialAction\":[{\"@type\":\"ReadAction\",\"target\":[\"https:\/\/www.francmobiliari.com\/es\/producto\/mesas-serie-t-care-electrica\/\"]}]},{\"@type\":\"ImageObject\",\"inLanguage\":\"es\",\"@id\":\"https:\/\/www.francmobiliari.com\/es\/producto\/mesas-serie-t-care-electrica\/#primaryimage\",\"url\":\"https:\/\/www.francmobiliari.com\/wp-content\/uploads\/2025\/07\/MINIATURA-TAULES-T-CARE-2.jpg\",\"contentUrl\":\"https:\/\/www.francmobiliari.com\/wp-content\/uploads\/2025\/07\/MINIATURA-TAULES-T-CARE-2.jpg\",\"width\":1180,\"height\":805},{\"@type\":\"BreadcrumbList\",\"@id\":\"https:\/\/www.francmobiliari.com\/es\/producto\/mesas-serie-t-care-electrica\/#breadcrumb\",\"itemListElement\":[{\"@type\":\"ListItem\",\"position\":1,\"name\":\"Portada\",\"item\":\"https:\/\/www.francmobiliari.com\/es\/inicio\/\"},{\"@type\":\"ListItem\",\"position\":2,\"name\":\"Tienda\",\"item\":\"https:\/\/www.francmobiliari.com\/es\/tienda\/\"},{\"@type\":\"ListItem\",\"position\":3,\"name\":\"MESAS SERIE T-CARE (EL\u00c9CTRICA)\"}]},{\"@type\":\"WebSite\",\"@id\":\"https:\/\/www.francmobiliari.com\/#website\",\"url\":\"https:\/\/www.francmobiliari.com\/\",\"name\":\"francmobiliari.com\",\"description\":\"\",\"publisher\":{\"@id\":\"https:\/\/www.francmobiliari.com\/#organization\"},\"potentialAction\":[{\"@type\":\"SearchAction\",\"target\":{\"@type\":\"EntryPoint\",\"urlTemplate\":\"https:\/\/www.francmobiliari.com\/?s={search_term_string}\"},\"query-input\":{\"@type\":\"PropertyValueSpecification\",\"valueRequired\":true,\"valueName\":\"search_term_string\"}}],\"inLanguage\":\"es\"},{\"@type\":\"Organization\",\"@id\":\"https:\/\/www.francmobiliari.com\/#organization\",\"name\":\"francmobiliari.com\",\"url\":\"https:\/\/www.francmobiliari.com\/\",\"logo\":{\"@type\":\"ImageObject\",\"inLanguage\":\"es\",\"@id\":\"https:\/\/www.francmobiliari.com\/#\/schema\/logo\/image\/\",\"url\":\"https:\/\/www.francmobiliari.com\/wp-content\/uploads\/2025\/07\/img-placeholder.png\",\"contentUrl\":\"https:\/\/www.francmobiliari.com\/wp-content\/uploads\/2025\/07\/img-placeholder.png\",\"width\":1500,\"height\":1500,\"caption\":\"francmobiliari.com\"},\"image\":{\"@id\":\"https:\/\/www.francmobiliari.com\/#\/schema\/logo\/image\/\"}}]}<\/script>\n<!-- \/ Yoast SEO plugin. -->","yoast_head_json":{"title":"MESAS SERIE T-CARE (EL\u00c9CTRICA) - francmobiliari.com","robots":{"index":"index","follow":"follow","max-snippet":"max-snippet:-1","max-image-preview":"max-image-preview:large","max-video-preview":"max-video-preview:-1"},"canonical":"https:\/\/www.francmobiliari.com\/es\/producto\/mesas-serie-t-care-electrica\/","og_locale":"es_ES","og_type":"article","og_title":"MESAS SERIE T-CARE (EL\u00c9CTRICA) - francmobiliari.com","og_description":"CAT\u00c1LOGO SERIE T-CARE  FICHA T\u00c9CNICA SERIE T-CARE  Mesas fabricadas con estructura en forma de \u201cT\u201d invertida con tubo de acero regulables en altura en tres tramos mediante dos motores el\u00e9ctricos. Las secciones de cada columna (de afuera hacia adentro) son de 50x80 mm, 43x73 mm y 37x67 mm con grosor de 2 mm. Base con niveladores para regular altura \u00b1 15 mm. La altura m\u00ednima de la mesa es de 63,5 mm y la m\u00e1xima de 1285 mm.  Las tapas de mesa elaboradas con tablero de melamina de 19 mm o 30 mm de grosor, chapado con canto de PVC de 2 mm. Fald\u00f3n opcional en melamina.  ACABADOS ESTRUCTURA: Aluminio y Blanco.  ACABADOS MELAMINA: Blanco, Gris, Aluminio, Arce Americano, Negro Mate, Roble, Roble Aurora, Roble Azabache o Nogal Siena.","og_url":"https:\/\/www.francmobiliari.com\/es\/producto\/mesas-serie-t-care-electrica\/","og_site_name":"francmobiliari.com","article_modified_time":"2025-09-11T16:04:30+00:00","og_image":[{"width":1180,"height":805,"url":"https:\/\/www.francmobiliari.com\/wp-content\/uploads\/2025\/07\/MINIATURA-TAULES-T-CARE-2.jpg","type":"image\/jpeg"}],"twitter_card":"summary_large_image","schema":{"@context":"https:\/\/schema.org","@graph":[{"@type":"WebPage","@id":"https:\/\/www.francmobiliari.com\/es\/producto\/mesas-serie-t-care-electrica\/","url":"https:\/\/www.francmobiliari.com\/es\/producto\/mesas-serie-t-care-electrica\/","name":"MESAS SERIE T-CARE (EL\u00c9CTRICA) - francmobiliari.com","isPartOf":{"@id":"https:\/\/www.francmobiliari.com\/#website"},"primaryImageOfPage":{"@id":"https:\/\/www.francmobiliari.com\/es\/producto\/mesas-serie-t-care-electrica\/#primaryimage"},"image":{"@id":"https:\/\/www.francmobiliari.com\/es\/producto\/mesas-serie-t-care-electrica\/#primaryimage"},"thumbnailUrl":"https:\/\/www.francmobiliari.com\/wp-content\/uploads\/2025\/07\/MINIATURA-TAULES-T-CARE-2.jpg","datePublished":"2025-07-17T15:37:24+00:00","dateModified":"2025-09-11T16:04:30+00:00","breadcrumb":{"@id":"https:\/\/www.francmobiliari.com\/es\/producto\/mesas-serie-t-care-electrica\/#breadcrumb"},"inLanguage":"es","potentialAction":[{"@type":"ReadAction","target":["https:\/\/www.francmobiliari.com\/es\/producto\/mesas-serie-t-care-electrica\/"]}]},{"@type":"ImageObject","inLanguage":"es","@id":"https:\/\/www.francmobiliari.com\/es\/producto\/mesas-serie-t-care-electrica\/#primaryimage","url":"https:\/\/www.francmobiliari.com\/wp-content\/uploads\/2025\/07\/MINIATURA-TAULES-T-CARE-2.jpg","contentUrl":"https:\/\/www.francmobiliari.com\/wp-content\/uploads\/2025\/07\/MINIATURA-TAULES-T-CARE-2.jpg","width":1180,"height":805},{"@type":"BreadcrumbList","@id":"https:\/\/www.francmobiliari.com\/es\/producto\/mesas-serie-t-care-electrica\/#breadcrumb","itemListElement":[{"@type":"ListItem","position":1,"name":"Portada","item":"https:\/\/www.francmobiliari.com\/es\/inicio\/"},{"@type":"ListItem","position":2,"name":"Tienda","item":"https:\/\/www.francmobiliari.com\/es\/tienda\/"},{"@type":"ListItem","position":3,"name":"MESAS SERIE T-CARE (EL\u00c9CTRICA)"}]},{"@type":"WebSite","@id":"https:\/\/www.francmobiliari.com\/#website","url":"https:\/\/www.francmobiliari.com\/","name":"francmobiliari.com","description":"","publisher":{"@id":"https:\/\/www.francmobiliari.com\/#organization"},"potentialAction":[{"@type":"SearchAction","target":{"@type":"EntryPoint","urlTemplate":"https:\/\/www.francmobiliari.com\/?s={search_term_string}"},"query-input":{"@type":"PropertyValueSpecification","valueRequired":true,"valueName":"search_term_string"}}],"inLanguage":"es"},{"@type":"Organization","@id":"https:\/\/www.francmobiliari.com\/#organization","name":"francmobiliari.com","url":"https:\/\/www.francmobiliari.com\/","logo":{"@type":"ImageObject","inLanguage":"es","@id":"https:\/\/www.francmobiliari.com\/#\/schema\/logo\/image\/","url":"https:\/\/www.francmobiliari.com\/wp-content\/uploads\/2025\/07\/img-placeholder.png","contentUrl":"https:\/\/www.francmobiliari.com\/wp-content\/uploads\/2025\/07\/img-placeholder.png","width":1500,"height":1500,"caption":"francmobiliari.com"},"image":{"@id":"https:\/\/www.francmobiliari.com\/#\/schema\/logo\/image\/"}}]}},"_links":{"self":[{"href":"https:\/\/www.francmobiliari.com\/es\/wp-json\/wp\/v2\/product\/6060","targetHints":{"allow":["GET"]}}],"collection":[{"href":"https:\/\/www.francmobiliari.com\/es\/wp-json\/wp\/v2\/product"}],"about":[{"href":"https:\/\/www.francmobiliari.com\/es\/wp-json\/wp\/v2\/types\/product"}],"wp:featuredmedia":[{"embeddable":true,"href":"https:\/\/www.francmobiliari.com\/es\/wp-json\/wp\/v2\/media\/1818"}],"wp:attachment":[{"href":"https:\/\/www.francmobiliari.com\/es\/wp-json\/wp\/v2\/media?parent=6060"}],"wp:term":[{"taxonomy":"product_brand","embeddable":true,"href":"https:\/\/www.francmobiliari.com\/es\/wp-json\/wp\/v2\/product_brand?post=6060"},{"taxonomy":"product_cat","embeddable":true,"href":"https:\/\/www.francmobiliari.com\/es\/wp-json\/wp\/v2\/product_cat?post=6060"},{"taxonomy":"product_tag","embeddable":true,"href":"https:\/\/www.francmobiliari.com\/es\/wp-json\/wp\/v2\/product_tag?post=6060"}],"curies":[{"name":"wp","href":"https:\/\/api.w.org\/{rel}","templated":true}]}}